{"id":43740,"date":"2025-10-17T11:07:01","date_gmt":"2025-10-17T11:07:01","guid":{"rendered":"https:\/\/starlediluminacion.com\/?post_type=product&#038;p=43740"},"modified":"2025-10-17T11:09:23","modified_gmt":"2025-10-17T11:09:23","slug":"placa-led-circular-24w-22w-20w-18w-con-detector-de-movimiento-2700kcct-osram-chip-corte-205mm","status":"publish","type":"product","link":"https:\/\/starlediluminacion.com\/de\/product\/placa-led-circular-24w-22w-20w-18w-con-detector-de-movimiento-2700kcct-osram-chip-corte-205mm\/","title":{"rendered":"<p>24W - 22W- 20W -18W Rundes LED Panel mit Bewegungsmelder - 2700K+CCT - OSRAM CHIP - 205mm Ausschnitt<\/p>"},"content":{"rendered":"<h1>24W - 22W- 20W -18W Rundes LED Panel mit Bewegungsmelder - 2700K+CCT - OSRAM CHIP<p><strong>CCT-LED-Platte mit MOTION SENSOR<\/strong>&nbsp;LED aus Aluminium.  Mit wei\u00dfer Oberfl\u00e4che und w\u00e4hlbarer Wattzahl von&nbsp;<strong>24W - 22W - 20W - 18W - -<\/strong>&nbsp;ist ein speziell f\u00fcr Transitbereiche entwickeltes Produkt.<\/p><p>Sie hat eine Reihe von&nbsp;<strong>Reichweite von 6 Metern.<\/strong><\/p><p>Dank seiner 3 Optionen von&nbsp;<strong>Detektor<\/strong>&nbsp;von&nbsp;<strong>Leuchtkraft<\/strong>Der Melder kann so eingestellt werden, dass er nach Ihren Bed\u00fcrfnissen funktioniert. Der Melder erm\u00f6glicht auch 3 Zeiteinstellungen: 15 Sekunden - 45 Sekunden - 5 Minuten.<\/p><p>Der Innenraum enth\u00e4lt LEDs&nbsp;<strong>OSRAM Chip<\/strong>&nbsp;hohe Helligkeit, um eine qualitativ hochwertige Beleuchtung zu erreichen, dank seiner gro\u00dfen Widerstand der Strahler hat eine gr\u00f6\u00dfere Haltbarkeit erreicht 100.000 Zyklen der Z\u00fcndung zur gleichen Zeit, dass eine gro\u00dfe erreicht wird&nbsp;<strong>Energieeinsparung<\/strong>&nbsp;auf Ihre Stromrechnungen.<\/p><p>Dieses Produkt hat einen Schutz&nbsp;<strong>IP20<\/strong>Es handelt sich also um ein Produkt f\u00fcr die Verwendung in Innenr\u00e4umen. Mit seinem prim\u00e4ren Winkel von&nbsp;<strong>120\u00ba<\/strong>&nbsp;wird in jedem Raum ein gleichm\u00e4\u00dfiges Licht erzeugt, das ein einheitliches Ambiente schafft.<\/p><p>Auf dem LED-Treiber der Leuchte k\u00f6nnen Sie die Leistung -W- und die Farbe des Lichts, das die Leuchte abgeben soll, ausw\u00e4hlen.<\/p><p>&nbsp;<\/p><h2>Verwendungsm\u00f6glichkeiten des runden LED-Panels 24W - 22W - 20W - 18W mit Bewegungsmelder - CCT - OSRAM CHIP<\/h2><ul>\n<li>Beleuchtung im Haus: B\u00e4der, K\u00fcchen, Flure, Wohnr\u00e4ume.<\/li>\n<li>Gesch\u00e4ftsbeleuchtung: B\u00e4der, Flure, B\u00fcros.<\/li>\n<li>Gewerbliche Beleuchtung: Einkaufszentren und kleine Gesch\u00e4fte.<\/li>\n<\/ul><h3 class=\"h6\">Produktdatenblatt<\/h3><dl class=\"data-sheet\">\n<dt class=\"name\"><img loading=\"lazy\" decoding=\"async\" src=\"https:\/\/www.factorled.com\/modules\/oa_features\/img\/2-default.jpg\" width=\"32\" height=\"32\">&nbsp;REFERENZ<\/dt>\n<dd class=\"value\">90813-CCT<\/dd>\n<dt class=\"name\"><img loading=\"lazy\" decoding=\"async\" src=\"https:\/\/www.factorled.com\/modules\/oa_features\/img\/3-default.jpg\" width=\"32\" height=\"32\">&nbsp;Nennleistung<\/dt>\n<dd class=\"value\">24W-22W-20W-18W<\/dd>\n<dt class=\"name\"><img loading=\"lazy\" decoding=\"async\" src=\"https:\/\/www.factorled.com\/modules\/oa_features\/img\/4-default.jpg\" width=\"32\" height=\"32\">&nbsp;Nennspannung<\/dt>\n<dd class=\"value\">85V-265V<\/dd>\n<dt class=\"name\"><img loading=\"lazy\" decoding=\"async\" src=\"https:\/\/www.factorled.com\/modules\/oa_features\/img\/5-default.jpg\" width=\"32\" height=\"32\">&nbsp;Licht Temperatur<\/dt>\n<dd class=\"value\">W\u00c4HLBARE FARBE: 2700K -3000K-4000K-6000K<\/dd>\n<dt class=\"name\"><img loading=\"lazy\" decoding=\"async\" src=\"https:\/\/www.factorled.com\/modules\/oa_features\/img\/6-default.jpg\" width=\"32\" height=\"32\">&nbsp;CRI - Farbwiedergabe-Index<\/dt>\n<dd class=\"value\">85<\/dd>\n<dt class=\"name\"><img loading=\"lazy\" decoding=\"async\" src=\"https:\/\/www.factorled.com\/modules\/oa_features\/img\/25-default.jpg\" width=\"32\" height=\"32\">&nbsp;Baumaterial<\/dt>\n<dd class=\"value\">Aluminium +PC<\/dd>\n<dt class=\"name\"><img loading=\"lazy\" decoding=\"async\" src=\"https:\/\/www.factorled.com\/modules\/oa_features\/img\/8-default.jpg\" width=\"32\" height=\"32\">&nbsp;Leuchtkraft-Lm<\/dt>\n<dd class=\"value\">18W-2250Lm 20W -2500Lm 22W -2750Lm 24w-3000Lm<\/dd>\n<dt class=\"name\"><img loading=\"lazy\" decoding=\"async\" src=\"https:\/\/www.factorled.com\/modules\/oa_features\/img\/9-default.jpg\" width=\"32\" height=\"32\">&nbsp;Art der LEDs<\/dt>\n<dd class=\"value\">SMD 2835<\/dd>\n<dt class=\"name\"><img loading=\"lazy\" decoding=\"async\" src=\"https:\/\/www.factorled.com\/modules\/oa_features\/img\/10-default.jpg\" width=\"32\" height=\"32\">&nbsp;\u00d6ffnungswinkel (\u00ba)<\/dt>\n<dd class=\"value\">120\u00ba<\/dd>\n<dt class=\"name\"><img loading=\"lazy\" decoding=\"async\" src=\"https:\/\/www.factorled.com\/modules\/oa_features\/img\/12-default.jpg\" width=\"32\" height=\"32\">&nbsp;LED-Dioden-Wirkungsgrad (Lm\/W)<\/dt>\n<dd class=\"value\">160 Lm\/w<\/dd>\n<dt class=\"name\"><img loading=\"lazy\" decoding=\"async\" src=\"https:\/\/www.factorled.com\/modules\/oa_features\/img\/13-default.jpg\" width=\"32\" height=\"32\">&nbsp;Lichtausbeute (Lm\/W)<\/dt>\n<dd class=\"value\">125 Lm\/W<\/dd>\n<dt class=\"name\"><img loading=\"lazy\" decoding=\"async\" src=\"https:\/\/www.factorled.com\/modules\/oa_features\/img\/15-default.jpg\" width=\"32\" height=\"32\">&nbsp;Bescheinigungen<\/dt>\n<dd class=\"value\">CE - ROHS<\/dd>\n<dt class=\"name\"><img loading=\"lazy\" decoding=\"async\" src=\"https:\/\/www.factorled.com\/modules\/oa_features\/img\/17-default.jpg\" width=\"32\" height=\"32\">&nbsp;Gesch\u00e4tzte Lebensdauer LED-Diode (H)<\/dt>\n<dd class=\"value\">40.000<\/dd>\n<dt class=\"name\"><img loading=\"lazy\" decoding=\"async\" src=\"https:\/\/www.factorled.com\/modules\/oa_features\/img\/18-default.jpg\" width=\"32\" height=\"32\">&nbsp;Abmessungen (mm)<\/dt>\n<dd class=\"value\">\u00d8225mm H20mm<\/dd>\n<dt class=\"name\"><img loading=\"lazy\" decoding=\"async\" src=\"https:\/\/www.factorled.com\/modules\/oa_features\/img\/21-default.jpg\" width=\"32\" height=\"32\">&nbsp;Arbeitsfrequenz (Hz)<\/dt>\n<dd class=\"value\">50\/60Hz<\/dd>\n<dt class=\"name\"><img loading=\"lazy\" decoding=\"async\" src=\"https:\/\/www.factorled.com\/modules\/oa_features\/img\/22-default.jpg\" width=\"32\" height=\"32\">&nbsp;Temperaturbereich (\u00baC)<\/dt>\n<dd class=\"value\">-20\u00b0C ~ +55\u00b0C<\/dd>\n<dt class=\"name\"><img loading=\"lazy\" decoding=\"async\" src=\"https:\/\/www.factorled.com\/modules\/oa_features\/img\/23-default.jpg\" width=\"32\" height=\"32\">&nbsp;Z\u00fcndungszyklen<\/dt>\n<dd class=\"value\">100.000<\/dd>\n<dt class=\"name\"><img loading=\"lazy\" decoding=\"async\" src=\"https:\/\/www.factorled.com\/modules\/oa_features\/img\/24-default.jpg\" width=\"32\" height=\"32\">&nbsp;Anlaufzeit (s)<\/dt>\n<dd class=\"value\">0,2s<\/dd>\n<dt class=\"name\"><img loading=\"lazy\" decoding=\"async\" src=\"https:\/\/www.factorled.com\/modules\/oa_features\/img\/27-default.jpg\" width=\"32\" height=\"32\">&nbsp;Schnitt durch die Decke (mm)<\/dt>\n<dd class=\"value\">\u00d8205mm<\/dd>\n<dt class=\"name\"><img loading=\"lazy\" decoding=\"async\" src=\"https:\/\/www.factorled.com\/modules\/oa_features\/img\/37-default.jpg\" width=\"32\" height=\"32\">&nbsp;Kontrollmodi<\/dt>\n<dd class=\"value\">INFRARED<\/dd>\n<dt class=\"name\"><img loading=\"lazy\" decoding=\"async\" src=\"https:\/\/www.factorled.com\/modules\/oa_features\/img\/74-default.jpg\" width=\"32\" height=\"32\">&nbsp;Inklusive Treiber<\/dt>\n<dd class=\"value\">KEIN FLICK-TREIBER - KEIN FLIMMERN<\/dd>\n<dt class=\"name\"><img loading=\"lazy\" decoding=\"async\" src=\"https:\/\/www.factorled.com\/modules\/oa_features\/img\/7-default.jpg\" width=\"32\" height=\"32\">&nbsp;Energieklasse (2021-EU-2019\/2015)<\/dt>\n<dd class=\"value\">A+<\/dd>\n<dt class=\"name\"><img loading=\"lazy\" decoding=\"async\" src=\"https:\/\/www.factorled.com\/modules\/oa_features\/img\/101-default.jpg\" width=\"32\" height=\"32\">&nbsp;Energieklasse (2023 - EU-2019\/2015)<\/dt>\n<dd class=\"value\">E<\/dd>\n<dt class=\"name\"><img loading=\"lazy\" decoding=\"async\" src=\"https:\/\/www.factorled.com\/modules\/oa_features\/img\/75-default.jpg\" width=\"32\" height=\"32\">&nbsp;Gew\u00e4hrleistungsjahre<\/dt>\n<dd class=\"value\">3<\/dd>\n<dt class=\"name\"><img loading=\"lazy\" decoding=\"async\" src=\"https:\/\/www.factorled.com\/modules\/oa_features\/img\/77-default.jpg\" width=\"32\" height=\"32\">&nbsp;Reichweite (m)<\/dt>\n<dd class=\"value\">6 m.<\/dd>\n<dt class=\"name\"><img loading=\"lazy\" decoding=\"async\" src=\"https:\/\/www.factorled.com\/modules\/oa_features\/img\/78-default.jpg\" width=\"32\" height=\"32\">&nbsp;Zeit der Z\u00fcndung<\/dt>\n<dd class=\"value\">Programmierbar: 15 Sec - 45 Sec -5Min<\/dd>\n<dt class=\"name\"><img loading=\"lazy\" decoding=\"async\" src=\"https:\/\/www.factorled.com\/modules\/oa_features\/img\/103-default.jpg\" width=\"32\" height=\"32\">&nbsp;Farbe des K\u00f6rpers<\/dt>\n<dd class=\"value\">Wei\u00df<\/dd>\n<\/dl><\/h1>","protected":false},"excerpt":{"rendered":"<div class=\"product-reference\"><strong><label class=\"label\">Referenz:<\/label> SL90813-CCT-24W<\/strong>\n<div><\/div>\n<div class=\"product-description-short\">\n<div id=\"product-description-short-2646\">\n<p><strong>OSRAM CHIP LED-Platine&nbsp;<\/strong>DURIS E 2835 mit<strong>&nbsp;Bewegungssensor und Helligkeitssteuerung; w\u00e4hlbare Leistung: 18w-20w-22w-24w.&nbsp;<\/strong>Beinhaltet<strong>&nbsp;4 Farben W\u00e4hlbare Lichtfarbe (2700K-3000K-4000K-5700K).&nbsp;<\/strong>Er kann so eingestellt werden, dass er sich abh\u00e4ngig von der Au\u00dfenbeleuchtung einschaltet (ganzer Tag, D\u00e4mmerung oder v\u00f6llige Dunkelheit), und er kann auch so eingestellt werden, dass er sich zu jeder Tages- oder Nachtzeit einschaltet.&nbsp;<strong>Downlight<\/strong>&nbsp;kann die Anz\u00fcndzeit je nach Bedarf regulieren.  Das aus Aluminium gefertigte und wei\u00df lackierte Produkt wurde speziell zum Sparen entwickelt. Beginnen Sie jetzt zu sparen!<\/p>\n<\/div>\n<\/div><\/div>","protected":false},"featured_media":43750,"template":"","meta":{"site-sidebar-layout":"default","site-content-layout":"default","ast-global-header-display":"","ast-main-header-display":"","ast-hfb-above-header-display":"","ast-hfb-below-header-display":"","ast-hfb-mobile-header-display":"","site-post-title":"","ast-breadcrumbs-content":"","ast-featured-img":"","footer-sml-layout":"","theme-transparent-header-meta":"default","adv-header-id-meta":"","stick-header-meta":"","header-above-stick-meta":"","header-main-stick-meta":"","header-below-stick-meta":""},"product_cat":[68,27,24,44],"product_tag":[],"class_list":["post-43740","product","type-product","status-publish","has-post-thumbnail","hentry","product_cat-downlight-extraplano-slim-led","product_cat-downlight-plafones-y-placas-led","product_cat-novedades","product_cat-nuevos-productos"],"_links":{"self":[{"href":"https:\/\/starlediluminacion.com\/de\/wp-json\/wp\/v3\/product\/43740","targetHints":{"allow":["GET"]}}],"collection":[{"href":"https:\/\/starlediluminacion.com\/de\/wp-json\/wp\/v3\/product"}],"about":[{"href":"https:\/\/starlediluminacion.com\/de\/wp-json\/wp\/v2\/types\/product"}],"wp:featuredmedia":[{"embeddable":true,"href":"https:\/\/starlediluminacion.com\/de\/wp-json\/wp\/v2\/media\/43750"}],"wp:attachment":[{"href":"https:\/\/starlediluminacion.com\/de\/wp-json\/wp\/v2\/media?parent=43740"}],"wp:term":[{"taxonomy":"product_cat","embeddable":true,"href":"https:\/\/starlediluminacion.com\/de\/wp-json\/wp\/v2\/product_cat?post=43740"},{"taxonomy":"product_tag","embeddable":true,"href":"https:\/\/starlediluminacion.com\/de\/wp-json\/wp\/v2\/product_tag?post=43740"}],"curies":[{"name":"wp","href":"https:\/\/api.w.org\/{rel}","templated":true}]}}