{"id":43694,"date":"2025-10-17T10:51:37","date_gmt":"2025-10-17T10:51:37","guid":{"rendered":"https:\/\/starlediluminacion.com\/?post_type=product&#038;p=43694"},"modified":"2025-10-17T10:52:57","modified_gmt":"2025-10-17T10:52:57","slug":"lampara-led-decorativa-80w-oslo-cct-control-remoto","status":"publish","type":"product","link":"https:\/\/starlediluminacion.com\/de\/product\/lampara-led-decorativa-80w-oslo-cct-control-remoto\/","title":{"rendered":"<p>L&aacute;mpara LED decorativa 80W Oslo &ndash; CCT &ndash; Control Remoto<\/p>"},"content":{"rendered":"<h1>Dekorative LED-Lampe 80W - CCT - Ferngesteuert<p>Die&nbsp;<strong>80W dekorative LED-Leuchte mit CCT-Technologie und Fernbedienung<\/strong>&nbsp;ist die perfekte L\u00f6sung f\u00fcr alle, die Design, Funktionalit\u00e4t und Effizienz in einem einzigen Produkt vereinen m\u00f6chten. Ihre moderne und elegante Struktur passt sich problemlos an Innenr\u00e4ume wie Wohn- und Esszimmer, Schlafzimmer, B\u00fcros oder Gesch\u00e4ftsr\u00e4ume an und verleiht ihnen mit einer vollst\u00e4ndig anpassbaren Beleuchtung einen dekorativen Touch.<\/p><p>Dank seiner&nbsp;<strong>CCT-Technologie (Korrelierte Farbtemperatur)<\/strong>Bei dieser Lampe k\u00f6nnen Sie verschiedene Farbtemperaturen w\u00e4hlen, von warmem Licht (ideal f\u00fcr gem\u00fctliche Atmosph\u00e4ren) bis hin zu neutralem oder kaltwei\u00dfem Licht (perfekt f\u00fcr Lese-, Arbeits- oder Aktivit\u00e4tsbereiche). Dar\u00fcber hinaus k\u00f6nnen Sie mit der&nbsp;<strong>inklusive Fernbedienung<\/strong>Sie k\u00f6nnen nicht nur die Farbe des Lichts, sondern auch die Farbe des Lichts bequem einstellen.&nbsp;<strong>Intensit\u00e4t<\/strong>Die Helligkeit kann je nach Tageszeit oder gew\u00fcnschtem Ambiente eingestellt werden.<\/p><p>Einer der gro\u00dfen Vorteile ist die&nbsp;<strong>einfache Verkn\u00fcpfung zwischen Lampe und Steuerger\u00e4t<\/strong>. Um beide Ger\u00e4te korrekt zu koppeln, stellen Sie einfach sicher, dass die Lampe ausgeschaltet ist. Dann,&nbsp;<strong>Dr\u00fccken Sie die Taste \"SETUP\" auf der Fernbedienung und halten Sie sie gedr\u00fcckt.<\/strong>&nbsp;w\u00e4hrend Sie die Lampe einschalten. Nach ein paar Sekunden ist die Kopplung abgeschlossen und Sie k\u00f6nnen die Lampe mit nur einem Klick steuern.<\/p><hr><p>?&nbsp;<strong>Vorteile:<\/strong><\/p><p>&nbsp;<\/p><ol>\n<li><strong>Leistung und Effizienz<\/strong>80 W hochwertige LED-Beleuchtung, die Leistung und niedrigen Energieverbrauch kombiniert.<\/li>\n<li><strong>Einstellbare CCT<\/strong>Schalten Sie zwischen warmem, neutralem oder k\u00fchlem Licht um, um jedes Mal die perfekte Atmosph\u00e4re zu schaffen.<\/li>\n<li><strong>Kontrolle der Intensit\u00e4t<\/strong>Stellen Sie die Helligkeit bequem \u00fcber die Fernbedienung ein, um sie an jeden Raum anzupassen.<\/li>\n<li><strong>Einfache Synchronisation mit dem Controller<\/strong>Sie brauchen nur SETUP zu dr\u00fccken, w\u00e4hrend Sie die Lampe einschalten, um sie zu verbinden.<\/li>\n<li><strong>Dekoratives und modernes Design<\/strong>Perfekt f\u00fcr die Integration in jeden Einrichtungsstil.<\/li>\n<li><strong>Ideal f\u00fcr den privaten oder gewerblichen Gebrauch<\/strong>: Bietet visuellen Komfort und flexible Beleuchtung in Wohnr\u00e4umen, B\u00fcros, Gesch\u00e4ften usw.<\/li>\n<\/ol><h3 class=\"h6\">Produktdatenblatt<\/h3><dl class=\"data-sheet\">\n<dt class=\"name\"><img loading=\"lazy\" decoding=\"async\" src=\"https:\/\/www.factorled.com\/modules\/oa_features\/img\/2-default.jpg\" width=\"32\" height=\"32\">&nbsp;REFERENZ<\/dt>\n<dd class=\"value\">91412<\/dd>\n<dt class=\"name\"><img loading=\"lazy\" decoding=\"async\" src=\"https:\/\/www.factorled.com\/modules\/oa_features\/img\/3-default.jpg\" width=\"32\" height=\"32\">&nbsp;Nennleistung<\/dt>\n<dd class=\"value\">80W<\/dd>\n<dt class=\"name\"><img loading=\"lazy\" decoding=\"async\" src=\"https:\/\/www.factorled.com\/modules\/oa_features\/img\/4-default.jpg\" width=\"32\" height=\"32\">&nbsp;Nennspannung<\/dt>\n<dd class=\"value\">AC170-265V<\/dd>\n<dt class=\"name\"><img loading=\"lazy\" decoding=\"async\" src=\"https:\/\/www.factorled.com\/modules\/oa_features\/img\/5-default.jpg\" width=\"32\" height=\"32\">&nbsp;Licht Temperatur<\/dt>\n<dd class=\"value\">3CCT SELECT 3000K-4000K-5700K<\/dd>\n<dt class=\"name\"><img loading=\"lazy\" decoding=\"async\" src=\"https:\/\/www.factorled.com\/modules\/oa_features\/img\/18-default.jpg\" width=\"32\" height=\"32\">&nbsp;Abmessungen (mm)<\/dt>\n<dd class=\"value\">&Oslash;480 x 150mm<\/dd>\n<dt class=\"name\"><img loading=\"lazy\" decoding=\"async\" src=\"https:\/\/www.factorled.com\/modules\/oa_features\/img\/37-default.jpg\" width=\"32\" height=\"32\">&nbsp;Kontrollmodi<\/dt>\n<dd class=\"value\">FERNBEDIENUNG<\/dd>\n<\/dl><\/h1>","protected":false},"excerpt":{"rendered":"<div class=\"product-reference\"><strong><label class=\"label\">Referenz:<\/label> SL91412<\/strong>\n<div><\/div>\n<div class=\"product-description-short\">\n<div id=\"product-description-short-3954\">\n<p>Beleuchten Sie mit Stil und absoluter Kontrolle. Diese dekorative LED-Lampe von&nbsp;<strong>80W<\/strong>&nbsp;kombiniert modernes Design mit&nbsp;<strong>CCT-Technik<\/strong>die es Ihnen erm\u00f6glicht, die Farbtemperatur je nach gew\u00fcnschtem Ambiente einzustellen. Mit der mitgelieferten Fernbedienung k\u00f6nnen Sie mit einem einzigen Klick zwischen warmem, neutralem oder k\u00fchlem Licht wechseln - Eleganz, Leistung und Vielseitigkeit in einer einzigen Leuchte!<\/p>\n<\/div>\n<\/div><\/div>","protected":false},"featured_media":43698,"template":"","meta":{"site-sidebar-layout":"default","site-content-layout":"default","ast-global-header-display":"","ast-main-header-display":"","ast-hfb-above-header-display":"","ast-hfb-below-header-display":"","ast-hfb-mobile-header-display":"","site-post-title":"","ast-breadcrumbs-content":"","ast-featured-img":"","footer-sml-layout":"","theme-transparent-header-meta":"default","adv-header-id-meta":"","stick-header-meta":"","header-above-stick-meta":"","header-main-stick-meta":"","header-below-stick-meta":""},"product_cat":[36,65,24],"product_tag":[],"class_list":["post-43694","product","type-product","status-publish","has-post-thumbnail","hentry","product_cat-apliques-led-y-decoracion","product_cat-decoracion-led","product_cat-novedades"],"yoast_head":"<!-- This site is optimized with the Yoast SEO plugin v27.4 - https:\/\/yoast.com\/product\/yoast-seo-wordpress\/ -->\n<title>L\u00e1mpara LED decorativa 80W Oslo - CCT - Control Remoto - STARLED Iluminacion<\/title>\n<meta name=\"robots\" content=\"index, follow, max-snippet:-1, max-image-preview:large, max-video-preview:-1\" \/>\n<link rel=\"canonical\" href=\"https:\/\/starlediluminacion.com\/de\/product\/lampara-led-decorativa-80w-oslo-cct-control-remoto\/\" \/>\n<meta property=\"og:locale\" content=\"de_DE\" \/>\n<meta property=\"og:type\" content=\"article\" \/>\n<meta property=\"og:title\" content=\"L\u00e1mpara LED decorativa 80W Oslo - CCT - Control Remoto - STARLED Iluminacion\" \/>\n<meta property=\"og:description\" content=\"Referencia: SL91412      Ilumina con estilo y total control. Esta l\u00e1mpara LED decorativa de\u00a080W\u00a0combina un dise\u00f1o moderno con\u00a0tecnolog\u00eda CCT, que te permite ajustar la temperatura de color seg\u00fan el ambiente que desees crear. Con el mando a distancia incluido, cambia entre luz c\u00e1lida, neutra o fr\u00eda con un solo clic. \u00a1Elegancia, potencia y versatilidad en una sola luminaria!\" \/>\n<meta property=\"og:url\" content=\"https:\/\/starlediluminacion.com\/de\/product\/lampara-led-decorativa-80w-oslo-cct-control-remoto\/\" \/>\n<meta property=\"og:site_name\" content=\"STARLED Iluminacion\" \/>\n<meta property=\"article:modified_time\" content=\"2025-10-17T10:52:57+00:00\" \/>\n<meta property=\"og:image\" content=\"https:\/\/starlediluminacion.com\/wp-content\/uploads\/2025\/10\/lampara-led-decorativa-80w-oslo-cct-control-remoto.png\" \/>\n\t<meta property=\"og:image:width\" content=\"744\" \/>\n\t<meta property=\"og:image:height\" content=\"800\" \/>\n\t<meta property=\"og:image:type\" content=\"image\/png\" \/>\n<meta name=\"twitter:card\" content=\"summary_large_image\" \/>\n<meta name=\"twitter:label1\" content=\"Gesch\u00e4tzte Lesezeit\" \/>\n\t<meta name=\"twitter:data1\" content=\"2\u00a0Minuten\" \/>\n<script type=\"application\/ld+json\" class=\"yoast-schema-graph\">{\"@context\":\"https:\\\/\\\/schema.org\",\"@graph\":[{\"@type\":\"WebPage\",\"@id\":\"https:\\\/\\\/starlediluminacion.com\\\/pt\\\/product\\\/lampara-led-decorativa-80w-oslo-cct-control-remoto\\\/\",\"url\":\"https:\\\/\\\/starlediluminacion.com\\\/pt\\\/product\\\/lampara-led-decorativa-80w-oslo-cct-control-remoto\\\/\",\"name\":\"L\u00e1mpara LED decorativa 80W Oslo - CCT - Control Remoto - STARLED Iluminacion\",\"isPartOf\":{\"@id\":\"https:\\\/\\\/starlediluminacion.com\\\/#website\"},\"primaryImageOfPage\":{\"@id\":\"https:\\\/\\\/starlediluminacion.com\\\/pt\\\/product\\\/lampara-led-decorativa-80w-oslo-cct-control-remoto\\\/#primaryimage\"},\"image\":{\"@id\":\"https:\\\/\\\/starlediluminacion.com\\\/pt\\\/product\\\/lampara-led-decorativa-80w-oslo-cct-control-remoto\\\/#primaryimage\"},\"thumbnailUrl\":\"https:\\\/\\\/starlediluminacion.com\\\/wp-content\\\/uploads\\\/2025\\\/10\\\/lampara-led-decorativa-80w-oslo-cct-control-remoto.png\",\"datePublished\":\"2025-10-17T10:51:37+00:00\",\"dateModified\":\"2025-10-17T10:52:57+00:00\",\"breadcrumb\":{\"@id\":\"https:\\\/\\\/starlediluminacion.com\\\/pt\\\/product\\\/lampara-led-decorativa-80w-oslo-cct-control-remoto\\\/#breadcrumb\"},\"inLanguage\":\"de\",\"potentialAction\":[{\"@type\":\"ReadAction\",\"target\":[\"https:\\\/\\\/starlediluminacion.com\\\/pt\\\/product\\\/lampara-led-decorativa-80w-oslo-cct-control-remoto\\\/\"]}]},{\"@type\":\"ImageObject\",\"inLanguage\":\"de\",\"@id\":\"https:\\\/\\\/starlediluminacion.com\\\/pt\\\/product\\\/lampara-led-decorativa-80w-oslo-cct-control-remoto\\\/#primaryimage\",\"url\":\"https:\\\/\\\/starlediluminacion.com\\\/wp-content\\\/uploads\\\/2025\\\/10\\\/lampara-led-decorativa-80w-oslo-cct-control-remoto.png\",\"contentUrl\":\"https:\\\/\\\/starlediluminacion.com\\\/wp-content\\\/uploads\\\/2025\\\/10\\\/lampara-led-decorativa-80w-oslo-cct-control-remoto.png\",\"width\":744,\"height\":800},{\"@type\":\"BreadcrumbList\",\"@id\":\"https:\\\/\\\/starlediluminacion.com\\\/pt\\\/product\\\/lampara-led-decorativa-80w-oslo-cct-control-remoto\\\/#breadcrumb\",\"itemListElement\":[{\"@type\":\"ListItem\",\"position\":1,\"name\":\"Portada\",\"item\":\"https:\\\/\\\/starlediluminacion.com\\\/\"},{\"@type\":\"ListItem\",\"position\":2,\"name\":\"Shop\",\"item\":\"https:\\\/\\\/starlediluminacion.com\\\/shop-2\\\/\"},{\"@type\":\"ListItem\",\"position\":3,\"name\":\"L\u00e1mpara LED decorativa 80W Oslo &#8211; CCT &#8211; Control Remoto\"}]},{\"@type\":\"WebSite\",\"@id\":\"https:\\\/\\\/starlediluminacion.com\\\/#website\",\"url\":\"https:\\\/\\\/starlediluminacion.com\\\/\",\"name\":\"STARLED Iluminacion\",\"description\":\"\",\"potentialAction\":[{\"@type\":\"SearchAction\",\"target\":{\"@type\":\"EntryPoint\",\"urlTemplate\":\"https:\\\/\\\/starlediluminacion.com\\\/?s={search_term_string}\"},\"query-input\":{\"@type\":\"PropertyValueSpecification\",\"valueRequired\":true,\"valueName\":\"search_term_string\"}}],\"inLanguage\":\"de\"}]}<\/script>\n<!-- \/ Yoast SEO plugin. -->","yoast_head_json":{"title":"L\u00e1mpara LED decorativa 80W Oslo - CCT - Control Remoto - STARLED Iluminacion","robots":{"index":"index","follow":"follow","max-snippet":"max-snippet:-1","max-image-preview":"max-image-preview:large","max-video-preview":"max-video-preview:-1"},"canonical":"https:\/\/starlediluminacion.com\/de\/product\/lampara-led-decorativa-80w-oslo-cct-control-remoto\/","og_locale":"de_DE","og_type":"article","og_title":"L\u00e1mpara LED decorativa 80W Oslo - CCT - Control Remoto - STARLED Iluminacion","og_description":"Referencia: SL91412      Ilumina con estilo y total control. Esta l\u00e1mpara LED decorativa de\u00a080W\u00a0combina un dise\u00f1o moderno con\u00a0tecnolog\u00eda CCT, que te permite ajustar la temperatura de color seg\u00fan el ambiente que desees crear. Con el mando a distancia incluido, cambia entre luz c\u00e1lida, neutra o fr\u00eda con un solo clic. \u00a1Elegancia, potencia y versatilidad en una sola luminaria!","og_url":"https:\/\/starlediluminacion.com\/de\/product\/lampara-led-decorativa-80w-oslo-cct-control-remoto\/","og_site_name":"STARLED Iluminacion","article_modified_time":"2025-10-17T10:52:57+00:00","og_image":[{"width":744,"height":800,"url":"https:\/\/starlediluminacion.com\/wp-content\/uploads\/2025\/10\/lampara-led-decorativa-80w-oslo-cct-control-remoto.png","type":"image\/png"}],"twitter_card":"summary_large_image","twitter_misc":{"Gesch\u00e4tzte Lesezeit":"2\u00a0Minuten"},"schema":{"@context":"https:\/\/schema.org","@graph":[{"@type":"WebPage","@id":"https:\/\/starlediluminacion.com\/pt\/product\/lampara-led-decorativa-80w-oslo-cct-control-remoto\/","url":"https:\/\/starlediluminacion.com\/pt\/product\/lampara-led-decorativa-80w-oslo-cct-control-remoto\/","name":"L\u00e1mpara LED decorativa 80W Oslo - CCT - Control Remoto - STARLED Iluminacion","isPartOf":{"@id":"https:\/\/starlediluminacion.com\/#website"},"primaryImageOfPage":{"@id":"https:\/\/starlediluminacion.com\/pt\/product\/lampara-led-decorativa-80w-oslo-cct-control-remoto\/#primaryimage"},"image":{"@id":"https:\/\/starlediluminacion.com\/pt\/product\/lampara-led-decorativa-80w-oslo-cct-control-remoto\/#primaryimage"},"thumbnailUrl":"https:\/\/starlediluminacion.com\/wp-content\/uploads\/2025\/10\/lampara-led-decorativa-80w-oslo-cct-control-remoto.png","datePublished":"2025-10-17T10:51:37+00:00","dateModified":"2025-10-17T10:52:57+00:00","breadcrumb":{"@id":"https:\/\/starlediluminacion.com\/pt\/product\/lampara-led-decorativa-80w-oslo-cct-control-remoto\/#breadcrumb"},"inLanguage":"de","potentialAction":[{"@type":"ReadAction","target":["https:\/\/starlediluminacion.com\/pt\/product\/lampara-led-decorativa-80w-oslo-cct-control-remoto\/"]}]},{"@type":"ImageObject","inLanguage":"de","@id":"https:\/\/starlediluminacion.com\/pt\/product\/lampara-led-decorativa-80w-oslo-cct-control-remoto\/#primaryimage","url":"https:\/\/starlediluminacion.com\/wp-content\/uploads\/2025\/10\/lampara-led-decorativa-80w-oslo-cct-control-remoto.png","contentUrl":"https:\/\/starlediluminacion.com\/wp-content\/uploads\/2025\/10\/lampara-led-decorativa-80w-oslo-cct-control-remoto.png","width":744,"height":800},{"@type":"BreadcrumbList","@id":"https:\/\/starlediluminacion.com\/pt\/product\/lampara-led-decorativa-80w-oslo-cct-control-remoto\/#breadcrumb","itemListElement":[{"@type":"ListItem","position":1,"name":"Portada","item":"https:\/\/starlediluminacion.com\/"},{"@type":"ListItem","position":2,"name":"Shop","item":"https:\/\/starlediluminacion.com\/shop-2\/"},{"@type":"ListItem","position":3,"name":"L\u00e1mpara LED decorativa 80W Oslo &#8211; CCT &#8211; Control Remoto"}]},{"@type":"WebSite","@id":"https:\/\/starlediluminacion.com\/#website","url":"https:\/\/starlediluminacion.com\/","name":"STARLED Iluminacion","description":"","potentialAction":[{"@type":"SearchAction","target":{"@type":"EntryPoint","urlTemplate":"https:\/\/starlediluminacion.com\/?s={search_term_string}"},"query-input":{"@type":"PropertyValueSpecification","valueRequired":true,"valueName":"search_term_string"}}],"inLanguage":"de"}]}},"_links":{"self":[{"href":"https:\/\/starlediluminacion.com\/de\/wp-json\/wp\/v3\/product\/43694","targetHints":{"allow":["GET"]}}],"collection":[{"href":"https:\/\/starlediluminacion.com\/de\/wp-json\/wp\/v3\/product"}],"about":[{"href":"https:\/\/starlediluminacion.com\/de\/wp-json\/wp\/v2\/types\/product"}],"wp:featuredmedia":[{"embeddable":true,"href":"https:\/\/starlediluminacion.com\/de\/wp-json\/wp\/v2\/media\/43698"}],"wp:attachment":[{"href":"https:\/\/starlediluminacion.com\/de\/wp-json\/wp\/v2\/media?parent=43694"}],"wp:term":[{"taxonomy":"product_cat","embeddable":true,"href":"https:\/\/starlediluminacion.com\/de\/wp-json\/wp\/v2\/product_cat?post=43694"},{"taxonomy":"product_tag","embeddable":true,"href":"https:\/\/starlediluminacion.com\/de\/wp-json\/wp\/v2\/product_tag?post=43694"}],"curies":[{"name":"wp","href":"https:\/\/api.w.org\/{rel}","templated":true}]}}