{"id":4352,"date":"2022-08-10T18:12:22","date_gmt":"2022-08-10T18:12:22","guid":{"rendered":"https:\/\/starlediluminacion.com\/?post_type=product&#038;p=4352"},"modified":"2022-08-19T20:36:43","modified_gmt":"2022-08-19T20:36:43","slug":"barra-lineal-led-integrado-superficie-texas-plata-24v-05m-1m-15m-2m","status":"publish","type":"product","link":"https:\/\/starlediluminacion.com\/de\/product\/led-linear-bar-integrated-surface-texas-silver-24v-05m-1m-15m-2m\/","title":{"rendered":"<p>Integrierte LED-Leiste - Oberfl\u00e4che - TEXAS SILBER -24V- 0,5m - 1m - 1,5m - 2m<\/p>"},"content":{"rendered":"<div class=\"product-info-line\">\n<p id=\"product_reference\"><label>REFERENZ: SL<span style=\"font-size: 16px;\">05015-P<\/span><\/label><\/p>\n<p>Unser&nbsp;<strong>Professionelle Leuchte<\/strong>&nbsp;linear&nbsp;<strong>24V<\/strong>.<strong>&nbsp;<\/strong><strong>- TEXAS - SILBER ELOXIERT -<\/strong>&nbsp;ist f\u00fcr eine intensive, 24-st\u00fcndige, ununterbrochene Nutzung ausgelegt. Unser&nbsp;<strong>Oberfl\u00e4chenleiste<\/strong>&nbsp;ist&nbsp;<strong>hergestellt in Europa<\/strong>Die Lichtquelle ist ma\u00dfgeschneidert auf Ihre Bed\u00fcrfnisse. Stranggepresstes Aluminium der Reinheit 98%, professionelle Lichtquelle ist - -&nbsp;<strong>SMD2010 12W\/M -<\/strong>&nbsp;Lieferung<strong>&nbsp;1188 Lumen pro Meter<\/strong>&nbsp;-&nbsp;<strong>266 Leds\/Meter<\/strong>. Integrierte LED-Leuchte mit Befestigungsclips, ohne Netzteil. 2 Meter Kabel.<strong>&nbsp;3 Jahre Garantie.&nbsp;<\/strong><\/p>\n<p><strong>Die Produktionszeit betr\u00e4gt 5 bis 7 Arbeitstage.<\/strong><strong>&nbsp;<\/strong>(Montag bis Freitag).<\/p>\n<p>Unser Diffusor ist opalwei\u00df.<\/p>\n<h1>Integrierte LED-Linear-Leiste 24V TEXAS Silber - Oberfl\u00e4che<\/h1>\n<p>&nbsp;<\/p>\n<p>Unser&nbsp;<strong>integrierte LED-Leiste<\/strong>&nbsp;ist f\u00fcr den intensiven professionellen Einsatz konzipiert, bei dem eine hohe Lichtqualit\u00e4t erforderlich ist.&nbsp;<strong>- CHROMATISCHER LEISTUNGSINDEX +90<\/strong>-und gleichzeitig eine gute Lebensdauer.<\/p>\n<p>Unsere LED-Linear-Leuchten sind vielseitig und zeitlos. Sie k\u00f6nnen der Protagonist in der Inneneinrichtung eines Raumes sein oder sich an diesen anpassen. Dank der verschiedenen Gr\u00f6\u00dfen und Farben, die zur Verf\u00fcgung stehen, kann sie eine gro\u00dfe Vielfalt an visuellen Eindr\u00fccken bieten, die den Raum aus einer neuen Perspektive definieren werden.<\/p>\n<p>Erh\u00e4ltlich in verschiedenen L\u00e4ngen und als abgeh\u00e4ngte oder an der Decke montierte Version, um unterschiedlichen Bed\u00fcrfnissen und Installationsh\u00f6hen gerecht zu werden. Die bis zu 2 Meter langen Leuchten werden zu sch\u00f6nen Lichtspuren, die den Raum gestalten.<\/p>\n<p>Unser&nbsp;<strong>integriertes LED-Profil<\/strong>&nbsp;zeichnet homogene Lichtlinien, die sich mit minimaler visueller Beeintr\u00e4chtigung an eine Vielzahl von R\u00e4umen anpassen und sowohl den allgemeinen Beleuchtungsbedarf als auch die Flutung vertikaler und horizontaler Fl\u00e4chen l\u00f6sen.<\/p>\n<p>Sein Design kombiniert hochtransmittierende Diffusoren, die hohen visuellen Komfort und Energieeffizienz bieten.<\/p>\n<p>Unser<strong>&nbsp;professionelle lineare LED-Leuchte<\/strong>&nbsp;hat eine Leistung von&nbsp;<strong>12W\/Meter.<\/strong><\/p>\n<p>Die Lichtquelle unserer linearen LED-Leuchte enth\u00e4lt 266 Leds\/Meter an&nbsp;<strong>hohe Leuchtkraft<\/strong>&nbsp;SMD2010 mit1188Lm\/Meter; die LEDs sind f\u00fcr eine l\u00e4ngere Lebensdauer mit Golddraht verl\u00f6tet.<strong><br>\n<\/strong><\/p>\n<p>Die integrierte LED-Leuchte verf\u00fcgt \u00fcber 2 Meter Kabel f\u00fcr einen einfachen Anschluss. Der Verbrauch der Leuchte betr\u00e4gt 6W f\u00fcr 50cm; 12W f\u00fcr 100cm; 18W f\u00fcr 150cm; und 24W f\u00fcr 200cm. Die LED-Leuchte ist aus hochreinem 6063\/6060 Aluminium (98%) gefertigt, mit UNE EN 755 und UNE EN 12020-1 W\u00e4rmebehandlung.<\/p>\n<p>Die Beschichtung der Leuchte besteht aus&nbsp;<strong>hohe Widerstandsf\u00e4higkeit und Qualit\u00e4t<\/strong>Die Silberbeschichtung ist -Qualanod- 15 Mikrometer dick f\u00fcr eine lange Lebensdauer. Diffusor mit hoher Lichtdurchl\u00e4ssigkeit zur Minimierung des Lumenverlustes.<\/p>\n<p>Unser&nbsp;<strong>integrierte LED-Linearleiste<\/strong>&nbsp; Da es sich um eine Ma\u00dfanfertigung handelt, gibt es mehrere M\u00f6glichkeiten, zwischen einer w\u00e4rmeren, neutralen oder k\u00fchleren Beleuchtung zu w\u00e4hlen, sowie mehrere Farben zur Auswahl.<\/p>\n<p>Die Leuchte wird in Europa in der vom Kunden gew\u00fcnschten Gr\u00f6\u00dfe hergestellt, so dass dieses Produkt nicht zur\u00fcckgenommen werden kann, da es sich um eine Sonderanfertigung handelt.<\/p>\n<p><strong>Die Produktionszeit betr\u00e4gt 5 bis 7 Arbeitstage.<\/strong><\/p>\n<p>&nbsp;<\/p>\n<h2>Verwendungsm\u00f6glichkeiten der integrierten LED-Linearleiste - Oberfl\u00e4che - TEXAS SILVER<\/h2>\n<ul>\n<li>Gesch\u00e4fte<\/li>\n<li>Ausstellungen<\/li>\n<li>Branchen<\/li>\n<li>\u00c4mter<\/li>\n<li>Haushalte<\/li>\n<\/ul>\n<h3 class=\"page-product-heading\">TECHNISCHE DATEN<\/h3>\n<div class=\"col-xs-12 col-md-6\">\n<table class=\"table table-data-sheet 1\">\n<tbody>\n<tr class=\"odd\">\n<td valign=\"middle\" width=\"32\"><\/td>\n<td valign=\"middle\">REFERENZEN :<\/td>\n<td valign=\"middle\">SL05015-P<\/td>\n<\/tr>\n<tr class=\"even\">\n<td valign=\"middle\" width=\"32\"><\/td>\n<td valign=\"middle\">Nennleistung :<\/td>\n<td valign=\"middle\">6W 0,5m -12W 1m -18W 1,5m-24W 2m<\/td>\n<\/tr>\n<tr class=\"odd\">\n<td valign=\"middle\" width=\"32\"><\/td>\n<td valign=\"middle\">Nennspannung:<\/td>\n<td valign=\"middle\">24V DC<\/td>\n<\/tr>\n<tr class=\"even\">\n<td valign=\"middle\" width=\"32\"><\/td>\n<td valign=\"middle\">Lichttemperatur:<\/td>\n<td valign=\"middle\">3000K-4000K-6000K -RED-GREEN-BLUE<\/td>\n<\/tr>\n<tr class=\"odd\">\n<td valign=\"middle\" width=\"32\"><\/td>\n<td valign=\"middle\">CRI - Farbwiedergabeindex:<\/td>\n<td valign=\"middle\">90<\/td>\n<\/tr>\n<tr class=\"even\">\n<td valign=\"middle\" width=\"32\"><\/td>\n<td valign=\"middle\">Baumaterial:<\/td>\n<td valign=\"middle\">Aluminium +PC<\/td>\n<\/tr>\n<tr class=\"odd\">\n<td valign=\"middle\" width=\"32\"><\/td>\n<td valign=\"middle\">Leuchtkraft-Lm:<\/td>\n<td valign=\"middle\">1M:1188Lm\/2M: 2376Lm<\/td>\n<\/tr>\n<tr class=\"even\">\n<td valign=\"middle\" width=\"32\"><\/td>\n<td valign=\"middle\">Art der LEDs:<\/td>\n<td valign=\"middle\">SMD2010 - 266 Chips\/M<\/td>\n<\/tr>\n<tr class=\"odd\">\n<td valign=\"middle\" width=\"32\"><\/td>\n<td valign=\"middle\">\u00d6ffnungswinkel (\u00ba):<\/td>\n<td valign=\"middle\">120\u00ba<\/td>\n<\/tr>\n<tr class=\"even\">\n<td valign=\"middle\" width=\"32\"><\/td>\n<td valign=\"middle\">Effizienz der LED-Diode (Lm\/W):<\/td>\n<td valign=\"middle\">150Lm\/W<\/td>\n<\/tr>\n<tr class=\"odd\">\n<td valign=\"middle\" width=\"32\"><\/td>\n<td valign=\"middle\">Lichtausbeute (Lm\/W):<\/td>\n<td valign=\"middle\">100 Lm\/W<\/td>\n<\/tr>\n<tr class=\"even\">\n<td valign=\"middle\" width=\"32\"><\/td>\n<td valign=\"middle\">Bescheinigungen:<\/td>\n<td valign=\"middle\">CE - ROHS<\/td>\n<\/tr>\n<\/tbody>\n<\/table>\n<\/div>\n<div class=\"col-xs-12 col-md-6 2\">\n<table class=\"table table-data-sheet 2\">\n<tbody>\n<tr class=\"odd\">\n<td valign=\"middle\" width=\"32\"><\/td>\n<td valign=\"middle\">IP-Bewertung:<\/td>\n<td valign=\"middle\">IP54<\/td>\n<\/tr>\n<tr class=\"even\">\n<td valign=\"middle\" width=\"32\"><\/td>\n<td valign=\"middle\">Gesch\u00e4tzte Lebensdauer der LED-Diode (H):<\/td>\n<td valign=\"middle\">50.000<\/td>\n<\/tr>\n<tr class=\"odd\">\n<td valign=\"middle\" width=\"32\"><\/td>\n<td valign=\"middle\">Abmessungen (mm):<\/td>\n<td valign=\"middle\">L: 0,50m - 1m - 1,5m - 2m<\/td>\n<\/tr>\n<tr class=\"even\">\n<td valign=\"middle\" width=\"32\"><\/td>\n<td valign=\"middle\">Leistungsfaktor (PF):<\/td>\n<td valign=\"middle\">0.97<\/td>\n<\/tr>\n<tr class=\"odd\">\n<td valign=\"middle\" width=\"32\"><\/td>\n<td valign=\"middle\">Arbeitsfrequenz (Hz):<\/td>\n<td valign=\"middle\">50\/60Hz<\/td>\n<\/tr>\n<tr class=\"even\">\n<td valign=\"middle\" width=\"32\"><\/td>\n<td valign=\"middle\">Temperaturbereich (\u00baC):<\/td>\n<td valign=\"middle\">-20\u00b0C ~ +55\u00b0C<\/td>\n<\/tr>\n<tr class=\"odd\">\n<td valign=\"middle\" width=\"32\"><\/td>\n<td valign=\"middle\">Z\u00fcndungszyklen:<\/td>\n<td valign=\"middle\">100.000<\/td>\n<\/tr>\n<tr class=\"even\">\n<td valign=\"middle\" width=\"32\"><\/td>\n<td valign=\"middle\">Einschaltzeit (s):<\/td>\n<td valign=\"middle\">0,2s<\/td>\n<\/tr>\n<tr class=\"even\">\n<td valign=\"middle\" width=\"32\"><\/td>\n<td valign=\"middle\">Energieklasse (2021-EU-2019\/2015):<\/td>\n<td valign=\"middle\">A+<\/td>\n<\/tr>\n<tr class=\"odd\">\n<td valign=\"middle\" width=\"32\"><\/td>\n<td valign=\"middle\">Gew\u00e4hrleistungsjahre:<\/td>\n<td valign=\"middle\">3<\/td>\n<\/tr>\n<\/tbody>\n<\/table>\n<p>&nbsp;<\/p>\n<\/div>\n<\/div>","protected":false},"excerpt":{"rendered":"<div class=\"col-md-12\"><i class=\"fa fa-truck\"><\/i>&nbsp;<span class=\"text-muted textprop\">Lieferung innerhalb von 24\/48 Stunden<\/span><div class=\"col-md-12\"><i class=\"fa fa-exchange\"><\/i>&nbsp;<span class=\"text-muted textprop\">Versicherte Garantie<\/span><\/div><div class=\"col-md-12\"><i class=\"fa fa-box\"><\/i>&nbsp;<span class=\"text-muted textprop\">50 Einheit(en) pro Masterbox<\/span><\/div><div><strong>FARBTEMPERATUR: 3000K\/4000K\/6000K ( BLAU\/ROT\/GR\u00dcN )<\/strong><\/div><div><strong>L\u00c4NGE : 0.5M\/1M\/1.5\/2M<\/strong><\/div><\/div>","protected":false},"featured_media":4353,"template":"","meta":{"site-sidebar-layout":"default","site-content-layout":"default","ast-global-header-display":"","ast-main-header-display":"","ast-hfb-above-header-display":"","ast-hfb-below-header-display":"","ast-hfb-mobile-header-display":"","site-post-title":"","ast-breadcrumbs-content":"","ast-featured-img":"","footer-sml-layout":"","theme-transparent-header-meta":"default","adv-header-id-meta":"","stick-header-meta":"","header-above-stick-meta":"","header-main-stick-meta":"","header-below-stick-meta":""},"product_cat":[33,94,45],"product_tag":[],"class_list":["post-4352","product","type-product","status-publish","has-post-thumbnail","hentry","product_cat-barras-lineales-led","product_cat-perfiles-de-aluminio-led","product_cat-tiras-led-y-neon-flexible"],"yoast_head":"<!-- This site is optimized with the Yoast SEO plugin v27.4 - https:\/\/yoast.com\/product\/yoast-seo-wordpress\/ -->\n<title>Barra Lineal LED Integrado - Superficie - TEXAS PLATA -24V- 0,5m - 1m - 1,5m - 2m - STARLED Iluminacion<\/title>\n<meta name=\"robots\" content=\"index, follow, max-snippet:-1, max-image-preview:large, max-video-preview:-1\" \/>\n<link rel=\"canonical\" href=\"https:\/\/starlediluminacion.com\/de\/product\/led-linear-bar-integrated-surface-texas-silver-24v-05m-1m-15m-2m\/\" \/>\n<meta property=\"og:locale\" content=\"de_DE\" \/>\n<meta property=\"og:type\" content=\"article\" \/>\n<meta property=\"og:title\" content=\"Barra Lineal LED Integrado - Superficie - TEXAS PLATA -24V- 0,5m - 1m - 1,5m - 2m - STARLED Iluminacion\" \/>\n<meta property=\"og:description\" content=\"\u00a0Entrega en 24\/48 horas \u00a0Garant\u00eda asegurada \u00a050 unidad(es) por Masterbox TEMPERATURA DE COLOR: 3000K\/4000K\/6000K ( AZUL\/ROJO\/VERDE ) LARGO : 0.5M\/1M\/1.5\/2M\" \/>\n<meta property=\"og:url\" content=\"https:\/\/starlediluminacion.com\/de\/product\/led-linear-bar-integrated-surface-texas-silver-24v-05m-1m-15m-2m\/\" \/>\n<meta property=\"og:site_name\" content=\"STARLED Iluminacion\" \/>\n<meta property=\"article:modified_time\" content=\"2022-08-19T20:36:43+00:00\" \/>\n<meta property=\"og:image\" content=\"https:\/\/starlediluminacion.com\/wp-content\/uploads\/2022\/08\/barra-lineal-led-integrado-superficie-texas-plata-24v-factorled-1.jpg\" \/>\n\t<meta property=\"og:image:width\" content=\"1000\" \/>\n\t<meta property=\"og:image:height\" content=\"1000\" \/>\n\t<meta property=\"og:image:type\" content=\"image\/jpeg\" \/>\n<meta name=\"twitter:card\" content=\"summary_large_image\" \/>\n<meta name=\"twitter:label1\" content=\"Gesch\u00e4tzte Lesezeit\" \/>\n\t<meta name=\"twitter:data1\" content=\"3\u00a0Minuten\" \/>\n<script type=\"application\/ld+json\" class=\"yoast-schema-graph\">{\"@context\":\"https:\\\/\\\/schema.org\",\"@graph\":[{\"@type\":\"WebPage\",\"@id\":\"https:\\\/\\\/starlediluminacion.com\\\/producto\\\/barra-lineal-led-integrado-superficie-texas-plata-24v-05m-1m-15m-2m\\\/\",\"url\":\"https:\\\/\\\/starlediluminacion.com\\\/producto\\\/barra-lineal-led-integrado-superficie-texas-plata-24v-05m-1m-15m-2m\\\/\",\"name\":\"Barra Lineal LED Integrado - Superficie - TEXAS PLATA -24V- 0,5m - 1m - 1,5m - 2m - STARLED Iluminacion\",\"isPartOf\":{\"@id\":\"https:\\\/\\\/starlediluminacion.com\\\/#website\"},\"primaryImageOfPage\":{\"@id\":\"https:\\\/\\\/starlediluminacion.com\\\/producto\\\/barra-lineal-led-integrado-superficie-texas-plata-24v-05m-1m-15m-2m\\\/#primaryimage\"},\"image\":{\"@id\":\"https:\\\/\\\/starlediluminacion.com\\\/producto\\\/barra-lineal-led-integrado-superficie-texas-plata-24v-05m-1m-15m-2m\\\/#primaryimage\"},\"thumbnailUrl\":\"https:\\\/\\\/starlediluminacion.com\\\/wp-content\\\/uploads\\\/2022\\\/08\\\/barra-lineal-led-integrado-superficie-texas-plata-24v-factorled-1.jpg\",\"datePublished\":\"2022-08-10T18:12:22+00:00\",\"dateModified\":\"2022-08-19T20:36:43+00:00\",\"breadcrumb\":{\"@id\":\"https:\\\/\\\/starlediluminacion.com\\\/producto\\\/barra-lineal-led-integrado-superficie-texas-plata-24v-05m-1m-15m-2m\\\/#breadcrumb\"},\"inLanguage\":\"de\",\"potentialAction\":[{\"@type\":\"ReadAction\",\"target\":[\"https:\\\/\\\/starlediluminacion.com\\\/producto\\\/barra-lineal-led-integrado-superficie-texas-plata-24v-05m-1m-15m-2m\\\/\"]}]},{\"@type\":\"ImageObject\",\"inLanguage\":\"de\",\"@id\":\"https:\\\/\\\/starlediluminacion.com\\\/producto\\\/barra-lineal-led-integrado-superficie-texas-plata-24v-05m-1m-15m-2m\\\/#primaryimage\",\"url\":\"https:\\\/\\\/starlediluminacion.com\\\/wp-content\\\/uploads\\\/2022\\\/08\\\/barra-lineal-led-integrado-superficie-texas-plata-24v-factorled-1.jpg\",\"contentUrl\":\"https:\\\/\\\/starlediluminacion.com\\\/wp-content\\\/uploads\\\/2022\\\/08\\\/barra-lineal-led-integrado-superficie-texas-plata-24v-factorled-1.jpg\",\"width\":1000,\"height\":1000},{\"@type\":\"BreadcrumbList\",\"@id\":\"https:\\\/\\\/starlediluminacion.com\\\/producto\\\/barra-lineal-led-integrado-superficie-texas-plata-24v-05m-1m-15m-2m\\\/#breadcrumb\",\"itemListElement\":[{\"@type\":\"ListItem\",\"position\":1,\"name\":\"Portada\",\"item\":\"https:\\\/\\\/starlediluminacion.com\\\/\"},{\"@type\":\"ListItem\",\"position\":2,\"name\":\"Shop\",\"item\":\"https:\\\/\\\/starlediluminacion.com\\\/shop-2\\\/\"},{\"@type\":\"ListItem\",\"position\":3,\"name\":\"Barra Lineal LED Integrado &#8211; Superficie &#8211; TEXAS PLATA -24V- 0,5m &#8211; 1m &#8211; 1,5m &#8211; 2m\"}]},{\"@type\":\"WebSite\",\"@id\":\"https:\\\/\\\/starlediluminacion.com\\\/#website\",\"url\":\"https:\\\/\\\/starlediluminacion.com\\\/\",\"name\":\"STARLED Iluminacion\",\"description\":\"\",\"potentialAction\":[{\"@type\":\"SearchAction\",\"target\":{\"@type\":\"EntryPoint\",\"urlTemplate\":\"https:\\\/\\\/starlediluminacion.com\\\/?s={search_term_string}\"},\"query-input\":{\"@type\":\"PropertyValueSpecification\",\"valueRequired\":true,\"valueName\":\"search_term_string\"}}],\"inLanguage\":\"de\"}]}<\/script>\n<!-- \/ Yoast SEO plugin. -->","yoast_head_json":{"title":"Barra Lineal LED Integrado - Superficie - TEXAS PLATA -24V- 0,5m - 1m - 1,5m - 2m - STARLED Iluminacion","robots":{"index":"index","follow":"follow","max-snippet":"max-snippet:-1","max-image-preview":"max-image-preview:large","max-video-preview":"max-video-preview:-1"},"canonical":"https:\/\/starlediluminacion.com\/de\/product\/led-linear-bar-integrated-surface-texas-silver-24v-05m-1m-15m-2m\/","og_locale":"de_DE","og_type":"article","og_title":"Barra Lineal LED Integrado - Superficie - TEXAS PLATA -24V- 0,5m - 1m - 1,5m - 2m - STARLED Iluminacion","og_description":"\u00a0Entrega en 24\/48 horas \u00a0Garant\u00eda asegurada \u00a050 unidad(es) por Masterbox TEMPERATURA DE COLOR: 3000K\/4000K\/6000K ( AZUL\/ROJO\/VERDE ) LARGO : 0.5M\/1M\/1.5\/2M","og_url":"https:\/\/starlediluminacion.com\/de\/product\/led-linear-bar-integrated-surface-texas-silver-24v-05m-1m-15m-2m\/","og_site_name":"STARLED Iluminacion","article_modified_time":"2022-08-19T20:36:43+00:00","og_image":[{"width":1000,"height":1000,"url":"https:\/\/starlediluminacion.com\/wp-content\/uploads\/2022\/08\/barra-lineal-led-integrado-superficie-texas-plata-24v-factorled-1.jpg","type":"image\/jpeg"}],"twitter_card":"summary_large_image","twitter_misc":{"Gesch\u00e4tzte Lesezeit":"3\u00a0Minuten"},"schema":{"@context":"https:\/\/schema.org","@graph":[{"@type":"WebPage","@id":"https:\/\/starlediluminacion.com\/producto\/barra-lineal-led-integrado-superficie-texas-plata-24v-05m-1m-15m-2m\/","url":"https:\/\/starlediluminacion.com\/producto\/barra-lineal-led-integrado-superficie-texas-plata-24v-05m-1m-15m-2m\/","name":"Barra Lineal LED Integrado - Superficie - TEXAS PLATA -24V- 0,5m - 1m - 1,5m - 2m - STARLED Iluminacion","isPartOf":{"@id":"https:\/\/starlediluminacion.com\/#website"},"primaryImageOfPage":{"@id":"https:\/\/starlediluminacion.com\/producto\/barra-lineal-led-integrado-superficie-texas-plata-24v-05m-1m-15m-2m\/#primaryimage"},"image":{"@id":"https:\/\/starlediluminacion.com\/producto\/barra-lineal-led-integrado-superficie-texas-plata-24v-05m-1m-15m-2m\/#primaryimage"},"thumbnailUrl":"https:\/\/starlediluminacion.com\/wp-content\/uploads\/2022\/08\/barra-lineal-led-integrado-superficie-texas-plata-24v-factorled-1.jpg","datePublished":"2022-08-10T18:12:22+00:00","dateModified":"2022-08-19T20:36:43+00:00","breadcrumb":{"@id":"https:\/\/starlediluminacion.com\/producto\/barra-lineal-led-integrado-superficie-texas-plata-24v-05m-1m-15m-2m\/#breadcrumb"},"inLanguage":"de","potentialAction":[{"@type":"ReadAction","target":["https:\/\/starlediluminacion.com\/producto\/barra-lineal-led-integrado-superficie-texas-plata-24v-05m-1m-15m-2m\/"]}]},{"@type":"ImageObject","inLanguage":"de","@id":"https:\/\/starlediluminacion.com\/producto\/barra-lineal-led-integrado-superficie-texas-plata-24v-05m-1m-15m-2m\/#primaryimage","url":"https:\/\/starlediluminacion.com\/wp-content\/uploads\/2022\/08\/barra-lineal-led-integrado-superficie-texas-plata-24v-factorled-1.jpg","contentUrl":"https:\/\/starlediluminacion.com\/wp-content\/uploads\/2022\/08\/barra-lineal-led-integrado-superficie-texas-plata-24v-factorled-1.jpg","width":1000,"height":1000},{"@type":"BreadcrumbList","@id":"https:\/\/starlediluminacion.com\/producto\/barra-lineal-led-integrado-superficie-texas-plata-24v-05m-1m-15m-2m\/#breadcrumb","itemListElement":[{"@type":"ListItem","position":1,"name":"Portada","item":"https:\/\/starlediluminacion.com\/"},{"@type":"ListItem","position":2,"name":"Shop","item":"https:\/\/starlediluminacion.com\/shop-2\/"},{"@type":"ListItem","position":3,"name":"Barra Lineal LED Integrado &#8211; Superficie &#8211; TEXAS PLATA -24V- 0,5m &#8211; 1m &#8211; 1,5m &#8211; 2m"}]},{"@type":"WebSite","@id":"https:\/\/starlediluminacion.com\/#website","url":"https:\/\/starlediluminacion.com\/","name":"STARLED Iluminacion","description":"","potentialAction":[{"@type":"SearchAction","target":{"@type":"EntryPoint","urlTemplate":"https:\/\/starlediluminacion.com\/?s={search_term_string}"},"query-input":{"@type":"PropertyValueSpecification","valueRequired":true,"valueName":"search_term_string"}}],"inLanguage":"de"}]}},"_links":{"self":[{"href":"https:\/\/starlediluminacion.com\/de\/wp-json\/wp\/v3\/product\/4352","targetHints":{"allow":["GET"]}}],"collection":[{"href":"https:\/\/starlediluminacion.com\/de\/wp-json\/wp\/v3\/product"}],"about":[{"href":"https:\/\/starlediluminacion.com\/de\/wp-json\/wp\/v2\/types\/product"}],"wp:featuredmedia":[{"embeddable":true,"href":"https:\/\/starlediluminacion.com\/de\/wp-json\/wp\/v2\/media\/4353"}],"wp:attachment":[{"href":"https:\/\/starlediluminacion.com\/de\/wp-json\/wp\/v2\/media?parent=4352"}],"wp:term":[{"taxonomy":"product_cat","embeddable":true,"href":"https:\/\/starlediluminacion.com\/de\/wp-json\/wp\/v2\/product_cat?post=4352"},{"taxonomy":"product_tag","embeddable":true,"href":"https:\/\/starlediluminacion.com\/de\/wp-json\/wp\/v2\/product_tag?post=4352"}],"curies":[{"name":"wp","href":"https:\/\/api.w.org\/{rel}","templated":true}]}}