{"id":4049,"date":"2022-08-09T13:24:27","date_gmt":"2022-08-09T13:24:27","guid":{"rendered":"https:\/\/starlediluminacion.com\/?post_type=product&#038;p=4049"},"modified":"2022-08-15T11:20:25","modified_gmt":"2022-08-15T11:20:25","slug":"farola-led-100w-solar-profesional-ultra-slim-con-sensor-de-movimiento-150lm-w","status":"publish","type":"product","link":"https:\/\/starlediluminacion.com\/de\/product\/strasen-led-lampe-100w-solar-professionell-ultra-schlank-mit-bewegungssensor-150lm-w-2\/","title":{"rendered":"<p>100W Solar LED Stra\u00dfenleuchte PROFESSIONAL - ULTRA SLIM - mit Bewegungssensor 150lm\/W<\/p>"},"content":{"rendered":"<div class=\"product-info-line\">\n<p id=\"product_reference\"><label>REFERENZ: SL<span style=\"font-size: 16px;\">90455<\/span><\/label><\/p>\n<div class=\"hidden-xs parrafo\">\n<p>Die&nbsp;<strong>100W Bridgelux Chip High Power Aluminium Solar Laterne.&nbsp;<\/strong>Es hat einen Bewegungssensor<strong>&nbsp;<\/strong>eignet sich perfekt f\u00fcr die Stra\u00dfenbeleuchtung auf allen Arten von Stra\u00dfen, insbesondere dort, wo das Stromnetz nicht ausreicht. Sie muss nicht an das Stromnetz angeschlossen werden. MPPT-Controller.&nbsp;<strong>Betrieb des Radarsensors:<\/strong>&nbsp;100% bei Erkennung von 20 Sekunden, 20%, wenn keine Bewegung erkannt wird. Inklusive Bedienknopf. Farbe&nbsp;<strong>5000K.<br>\n<\/strong><\/p>\n<\/div>\n<div id=\"views_block-1\" class=\"clearfix\">\n<div id=\"thumbs_list\">\n<h1>100W LED-Stra\u00dfenleuchte PROFESSIONAL SOLAR CHIP - ULTRA SLIM - MPPT Technologie -<br>\nmit Bewegungssensor. Bedienknopf - ALUMINIUM<\/h1>\n<p>Wenn Sie ein pr\u00e4chtiges St\u00fcck kaufen m\u00fcssen&nbsp;<strong>SOLAR LED-Stra\u00dfenleuchte 100w Chip&nbsp;<\/strong>hohe Helligkeit mit&nbsp;<strong>Bewegungsmelder<\/strong>&nbsp;Wenn Sie einen gro\u00dfen Teil Ihres Gartens oder Ihres Hauseingangs beleuchten m\u00f6chten, ohne ihn an das Stromnetz anschlie\u00dfen zu m\u00fcssen, ist diese Stra\u00dfenlampe sehr praktisch.<\/p>\n<p>Die&nbsp;<strong>professionelle Solar-Stra\u00dfenlaterne<\/strong>&nbsp;hat ein Solarpanel&nbsp;<strong>Monokristallin<\/strong>&nbsp;und&nbsp;<strong>Batterie<\/strong>&nbsp;mit einer langen Lebensdauer und hoher&nbsp;<strong>Lithium-Ionen (Li Fepo4)&nbsp;<\/strong>mit Hochleistungszellen 32650 mit 6,4 Volt und 12Ah.<\/p>\n<p>Monokristalline Solarmodule sind die effizientesten auf dem Markt, sie erreichen 20% Kollektorleistung gegen\u00fcber 15% bei polykristallinen Modulen.<\/p>\n<p>Die Leuchte ist mit einem Management-Dimmsystem ausgestattet.&nbsp;<strong>MPPT<\/strong>&nbsp;<strong>Maximum Power Point Tracker,&nbsp;<\/strong>welches das effizienteste Batteriesystem ist, sowohl zum Schutz der Batterie, zur Verl\u00e4ngerung der Lebensdauer der Batterie, als auch f\u00fcr das effizienteste Leistungssystem, um mehr Lumen aus der Leuchte zu erhalten.<\/p>\n<p>EL&nbsp;<strong>MPPT-Regler<\/strong>&nbsp;ist in der Lage, die Betriebsspannung der Solarmodule von der Batteriespannung zu trennen. So k\u00f6nnen Sie die Spannung der Solarmodule auf den optimalen Punkt einstellen, um die maximale Leistung zu jedem Zeitpunkt der Nutzung der Solarleuchte zu erhalten.<\/p>\n<p><strong>Mit dem MPPT-Regler kann die Solar-LED-Leuchte auch an bew\u00f6lkten Tagen geladen werden.<\/strong><\/p>\n<p>Die Stra\u00dfenlaterne hat auch&nbsp;<strong>Fernsteuerung<\/strong>&nbsp;Das System ist funkgesteuert, so dass es je nach den Bed\u00fcrfnissen der Saison programmiert werden kann.<\/p>\n<p>Dar\u00fcber hinaus k\u00f6nnen Sie von den Vorteilen der&nbsp;<strong>Laterne Slim Professional,<\/strong>&nbsp;Einige seiner Vorteile sind, dass Sie dank der fortschrittlichen LED-Technologie eine gro\u00dfe Lichtleistung erzielen.<\/p>\n<ol>\n<li>Einsparungen bei den Wartungskosten.<\/li>\n<li>Ideal als Ersatz f\u00fcr alte Stra\u00dfenlaternen.<\/li>\n<li>Sie hat einen Schutz&nbsp;<strong>IP65.<\/strong><\/li>\n<li>Keine externe Stromversorgung erforderlich.<\/li>\n<li>Keine Installation von Kabeln erforderlich.<\/li>\n<\/ol>\n<p>Benutzen Sie eine&nbsp;<strong>Energie<\/strong>&nbsp;sauber und&nbsp;<strong>erneuerbar<\/strong>&nbsp;Denn dieses Panel f\u00e4ngt tags\u00fcber die von der Sonne erzeugte W\u00e4rme ein und wandelt sie in Energie um, wodurch die Batterie aufgeladen wird. Nachts leuchtet das LED-Modul mit der gespeicherten Energie.<\/p>\n<p>Die Installation ist sehr einfach.<\/p>\n<p>Einmal installiert, m\u00fcssen Sie nur noch warten, bis die Sonne ihre Batterien aufl\u00e4dt. Nachts schaltet sie sich automatisch ein, um Ihnen das Licht zu bieten, das Sie an dem Ort ben\u00f6tigen, an dem Sie sie installiert haben. Sie schaltet sich auch automatisch aus, wenn sie den Sonnenaufgang erkennt.<\/p>\n<h3><strong>Betrieb der Solarstra\u00dfenlampe:<\/strong><\/h3>\n<ul>\n<li>Normaler Betrieb bei 20% und bei Erkennung von Anwesenheit Betrieb bei 100% f\u00fcr etwa 20 Sekunden.<\/li>\n<li>Programmierbare PIR-Fernbedienung.<\/li>\n<\/ul>\n<h2>Verwendungszwecke des Produkts<\/h2>\n<ul>\n<li>G\u00e4rten<\/li>\n<li>\u00d6ffentliche Parks<\/li>\n<li>Stra\u00dfen<\/li>\n<li>Stra\u00dfen<\/li>\n<li>Orte?<\/li>\n<\/ul>\n<h3 class=\"page-product-heading\">TECHNISCHE DATEN<\/h3>\n<div class=\"col-xs-12 col-md-6\">\n<table class=\"table table-data-sheet 1\">\n<tbody>\n<tr class=\"odd\">\n<td valign=\"middle\" width=\"32\"><\/td>\n<td valign=\"middle\">REFERENZEN :<\/td>\n<td valign=\"middle\">SL90455<\/td>\n<\/tr>\n<tr class=\"even\">\n<td valign=\"middle\" width=\"32\"><\/td>\n<td valign=\"middle\">Nennleistung :<\/td>\n<td valign=\"middle\">100W Bridgelux-Chip<\/td>\n<\/tr>\n<tr class=\"odd\">\n<td valign=\"middle\" width=\"32\"><\/td>\n<td valign=\"middle\">Lichttemperatur:<\/td>\n<td valign=\"middle\">5000K<\/td>\n<\/tr>\n<tr class=\"even\">\n<td valign=\"middle\" width=\"32\"><\/td>\n<td valign=\"middle\">CRI - Farbwiedergabeindex:<\/td>\n<td valign=\"middle\">80<\/td>\n<\/tr>\n<tr class=\"odd\">\n<td valign=\"middle\" width=\"32\"><\/td>\n<td valign=\"middle\">Baumaterial:<\/td>\n<td valign=\"middle\">Aluminium +PMMA<\/td>\n<\/tr>\n<tr class=\"even\">\n<td valign=\"middle\" width=\"32\"><\/td>\n<td valign=\"middle\">Leuchtkraft-Lm:<\/td>\n<td valign=\"middle\">1600<\/td>\n<\/tr>\n<tr class=\"odd\">\n<td valign=\"middle\" width=\"32\"><\/td>\n<td valign=\"middle\">Art der LEDs:<\/td>\n<td valign=\"middle\">SMD 2835 Bridgelux Chip 2240 DS-C30<\/td>\n<\/tr>\n<tr class=\"even\">\n<td valign=\"middle\" width=\"32\"><\/td>\n<td valign=\"middle\">\u00d6ffnungswinkel (\u00ba):<\/td>\n<td valign=\"middle\">80\u00bax80\u00ba.<\/td>\n<\/tr>\n<tr class=\"odd\">\n<td valign=\"middle\" width=\"32\"><\/td>\n<td valign=\"middle\">Effizienz der LED-Diode (Lm\/W):<\/td>\n<td valign=\"middle\">160 Lm\/w<\/td>\n<\/tr>\n<tr class=\"even\">\n<td valign=\"middle\" width=\"32\"><\/td>\n<td valign=\"middle\">Lichtausbeute (Lm\/W):<\/td>\n<td valign=\"middle\">150 Lm\/W<\/td>\n<\/tr>\n<tr class=\"odd\">\n<td valign=\"middle\" width=\"32\"><\/td>\n<td valign=\"middle\">Dimmbar:<\/td>\n<td valign=\"middle\">YES<\/td>\n<\/tr>\n<tr class=\"even\">\n<td valign=\"middle\" width=\"32\"><\/td>\n<td valign=\"middle\">Bescheinigungen:<\/td>\n<td valign=\"middle\">CE - ROHS<\/td>\n<\/tr>\n<tr class=\"odd\">\n<td valign=\"middle\" width=\"32\"><\/td>\n<td valign=\"middle\">IP-Bewertung:<\/td>\n<td valign=\"middle\">IP65-Au\u00dfenbereich<\/td>\n<\/tr>\n<\/tbody>\n<\/table>\n<\/div>\n<div class=\"col-xs-12 col-md-6 2\">\n<table class=\"table table-data-sheet 2\">\n<tbody>\n<tr class=\"odd\">\n<td valign=\"middle\" width=\"32\"><\/td>\n<td valign=\"middle\">Gesch\u00e4tzte Lebensdauer der LED-Diode (H):<\/td>\n<td valign=\"middle\">100.000<\/td>\n<\/tr>\n<tr class=\"even\">\n<td valign=\"middle\" width=\"32\"><\/td>\n<td valign=\"middle\">Abmessungen (mm):<\/td>\n<td valign=\"middle\">658x234xH61<\/td>\n<\/tr>\n<tr class=\"odd\">\n<td valign=\"middle\" width=\"32\"><\/td>\n<td valign=\"middle\">Temperaturbereich (\u00baC):<\/td>\n<td valign=\"middle\">-10\u00baC - +60\u00baC<\/td>\n<\/tr>\n<tr class=\"even\">\n<td valign=\"middle\" width=\"32\"><\/td>\n<td valign=\"middle\">Einschaltzeit (s):<\/td>\n<td valign=\"middle\">0,2s<\/td>\n<\/tr>\n<tr class=\"odd\">\n<td valign=\"middle\" width=\"32\"><\/td>\n<td valign=\"middle\">Zus\u00e4tzliche Informationen:<\/td>\n<td valign=\"middle\">Solarmodul: 12V 20W monokristallines Silizium<\/td>\n<\/tr>\n<tr class=\"even\">\n<td valign=\"middle\" width=\"32\"><\/td>\n<td valign=\"middle\">Material der Batterie:<\/td>\n<td valign=\"middle\">6,4V - 12 Ah Lithium-Ionen Li Fepo4 (32650)<\/td>\n<\/tr>\n<tr class=\"odd\">\n<td valign=\"middle\" width=\"32\"><\/td>\n<td valign=\"middle\">Entladezeit (h):<\/td>\n<td valign=\"middle\">24 Std. (2 Tage)<\/td>\n<\/tr>\n<tr class=\"even\">\n<td valign=\"middle\" width=\"32\"><\/td>\n<td valign=\"middle\">Kontrollmodi:<\/td>\n<td valign=\"middle\">RADAR<\/td>\n<\/tr>\n<tr class=\"odd\">\n<td valign=\"middle\" width=\"32\"><\/td>\n<td valign=\"middle\">Energieklasse (2021-EU-2019\/2015):<\/td>\n<td valign=\"middle\">A++<\/td>\n<\/tr>\n<tr class=\"even\">\n<td valign=\"middle\" width=\"32\"><\/td>\n<td valign=\"middle\">Gew\u00e4hrleistungsjahre:<\/td>\n<td valign=\"middle\">Solarmodul: 15 Jahre - Wasserwerk: 2 Jahre<\/td>\n<\/tr>\n<tr class=\"odd\">\n<td valign=\"middle\" width=\"32\"><\/td>\n<td valign=\"middle\">Reichweite (m) :<\/td>\n<td valign=\"middle\">6 m.<\/td>\n<\/tr>\n<tr class=\"even\">\n<td valign=\"middle\" width=\"32\"><\/td>\n<td valign=\"middle\">Einschaltzeit :<\/td>\n<td valign=\"middle\">Detektor Normal : 20% - Mit Personen: 100% 20s.<\/td>\n<\/tr>\n<\/tbody>\n<\/table>\n<\/div>\n<\/div>\n<\/div>\n<\/div>","protected":false},"excerpt":{"rendered":"<div class=\"col-md-12\"><i class=\"fa fa-truck\"><\/i>&nbsp;<span class=\"text-muted textprop\">Lieferung innerhalb von 24\/48 Stunden<\/span><div class=\"col-md-12\"><i class=\"fa fa-exchange\"><\/i>&nbsp;<span class=\"text-muted textprop\">Versicherte Garantie<\/span><\/div><div class=\"col-md-12\"><i class=\"fa fa-box\"><\/i>&nbsp;<span class=\"text-muted textprop\">4 Einheit(en) pro Masterbox<\/span><\/div><\/div>","protected":false},"featured_media":4065,"template":"","meta":{"site-sidebar-layout":"default","site-content-layout":"default","ast-global-header-display":"","ast-main-header-display":"","ast-hfb-above-header-display":"","ast-hfb-below-header-display":"","ast-hfb-mobile-header-display":"","site-post-title":"","ast-breadcrumbs-content":"","ast-featured-img":"","footer-sml-layout":"","theme-transparent-header-meta":"default","adv-header-id-meta":"","stick-header-meta":"","header-above-stick-meta":"","header-main-stick-meta":"","header-below-stick-meta":""},"product_cat":[97,30,37],"product_tag":[],"class_list":["post-4049","product","type-product","status-publish","has-post-thumbnail","hentry","product_cat-farolas-led-solares","product_cat-iluminacion-publica-y-vial","product_cat-iluminacion-solar-led"],"_links":{"self":[{"href":"https:\/\/starlediluminacion.com\/de\/wp-json\/wp\/v3\/product\/4049","targetHints":{"allow":["GET"]}}],"collection":[{"href":"https:\/\/starlediluminacion.com\/de\/wp-json\/wp\/v3\/product"}],"about":[{"href":"https:\/\/starlediluminacion.com\/de\/wp-json\/wp\/v2\/types\/product"}],"wp:featuredmedia":[{"embeddable":true,"href":"https:\/\/starlediluminacion.com\/de\/wp-json\/wp\/v2\/media\/4065"}],"wp:attachment":[{"href":"https:\/\/starlediluminacion.com\/de\/wp-json\/wp\/v2\/media?parent=4049"}],"wp:term":[{"taxonomy":"product_cat","embeddable":true,"href":"https:\/\/starlediluminacion.com\/de\/wp-json\/wp\/v2\/product_cat?post=4049"},{"taxonomy":"product_tag","embeddable":true,"href":"https:\/\/starlediluminacion.com\/de\/wp-json\/wp\/v2\/product_tag?post=4049"}],"curies":[{"name":"wp","href":"https:\/\/api.w.org\/{rel}","templated":true}]}}