{"id":3870,"date":"2022-08-08T20:55:05","date_gmt":"2022-08-08T20:55:05","guid":{"rendered":"https:\/\/starlediluminacion.com\/?post_type=product&#038;p=3870"},"modified":"2022-08-08T20:55:05","modified_gmt":"2022-08-08T20:55:05","slug":"controlador-de-electrodomesticos-inteligente-smart-wifi","status":"publish","type":"product","link":"https:\/\/starlediluminacion.com\/de\/product\/smart-smart-wifi-home-appliance-controller\/","title":{"rendered":"<p>SMART Wifi Smart Home Ger\u00e4testeuerung<\/p>"},"content":{"rendered":"<div class=\"product-info-line\">\n<p id=\"product_reference\"><label>TEILENUMMER: SLIWIR90501<br>\n<\/label><\/p>\n<div class=\"hidden-xs parrafo\">\n<p><strong>SMART WIFI Infrarot-Ger\u00e4testeuerung<\/strong>&nbsp;per Sprache mit Google Home und\/oder Alexa. Verwalten Sie Ihren Fernseher, Ihre Klimaanlage, Ihren Ventilator, Ihre HIFI-Anlage usw., kurz gesagt, jedes Produkt, das eine Infrarot-Fernbedienung hat.<\/p>\n<\/div>\n<div id=\"views_block-1\" class=\"clearfix\">\n<div id=\"thumbs_list\">\n<p>Mit dem Infrarotsensor k\u00f6nnen Sie jedes Elektroger\u00e4t mit einer Fernbedienung steuern. Durch unsere mobile Anwendung TUYA, die Sie in unserem Apple Store und Google play finden k\u00f6nnen, kompatibel mit IOS und Android-Betriebssystemen.<\/p>\n<p>Stellen Sie die Ein- und\/oder Ausschaltzeiten Ihrer kompatiblen Elektroger\u00e4te ein und programmieren Sie sie, wo immer Sie sich befinden, um Energie zu sparen und Ihr Leben einfacher und bequemer zu machen!<\/p>\n<p>Volle Kompatibilit\u00e4t mit Amazon Alexa, Google Home und Smart life Produkten.<\/p>\n<p>Verwandeln Sie Ihr Zuhause in ein intelligentes Zuhause dank der Smart WiFi Produkte, die Sie in unserem Shop finden.<\/p>\n<p>Die Konfiguration und Bedienung, die sehr einfach und intuitiv ist, erfolgt \u00fcber die IWIIK-App, die f\u00fcr iOS- und Android-Betriebssysteme verf\u00fcgbar ist. Diese kann \u00fcber den App Store bzw. Google Play heruntergeladen werden.<\/p>\n<h3 class=\"page-product-heading\">TECHNISCHE DATEN<\/h3>\n<div class=\"col-xs-12 col-md-6\">\n<table class=\"table table-data-sheet 1\">\n<tbody>\n<tr class=\"odd\">\n<td valign=\"middle\" width=\"32\"><\/td>\n<td valign=\"middle\">Nennleistung :<\/td>\n<td valign=\"middle\">1W<\/td>\n<\/tr>\n<tr class=\"even\">\n<td valign=\"middle\" width=\"32\"><\/td>\n<td valign=\"middle\">Nennspannung:<\/td>\n<td valign=\"middle\">DC5V<\/td>\n<\/tr>\n<tr class=\"odd\">\n<td valign=\"middle\" width=\"32\"><\/td>\n<td valign=\"middle\">Baumaterial:<\/td>\n<td valign=\"middle\">ABS+PCB<\/td>\n<\/tr>\n<tr class=\"even\">\n<td valign=\"middle\" width=\"32\"><\/td>\n<td valign=\"middle\">Arbeitsfrequenz (Hz):<\/td>\n<td valign=\"middle\">Wifi 2,4 GHz \/\/\/ IR 38 KHz<\/td>\n<\/tr>\n<\/tbody>\n<\/table>\n<\/div>\n<div class=\"col-xs-12 col-md-6 2\">\n<table class=\"table table-data-sheet 2\">\n<tbody>\n<tr class=\"odd\">\n<td valign=\"middle\" width=\"32\"><\/td>\n<td valign=\"middle\">Kontrollmodi:<\/td>\n<td valign=\"middle\">INFRARED<\/td>\n<\/tr>\n<tr class=\"even\">\n<td valign=\"middle\" width=\"32\"><\/td>\n<td valign=\"middle\">Energieklasse (2021-EU-2019\/2015):<\/td>\n<td valign=\"middle\">A++<\/td>\n<\/tr>\n<tr class=\"odd\">\n<td valign=\"middle\" width=\"32\"><\/td>\n<td valign=\"middle\">Gew\u00e4hrleistungsjahre:<\/td>\n<td valign=\"middle\">2<\/td>\n<\/tr>\n<\/tbody>\n<\/table>\n<\/div>\n<\/div>\n<\/div>\n<\/div>","protected":false},"excerpt":{"rendered":"<div class=\"col-md-12\"><i class=\"fa fa-truck\"><\/i>&nbsp;<span class=\"text-muted textprop\">Lieferung innerhalb von 24\/48 Stunden<\/span><div class=\"col-md-12\"><i class=\"fa fa-exchange\"><\/i>&nbsp;<span class=\"text-muted textprop\">Versicherte Garantie<\/span><\/div><div class=\"col-md-12\"><i class=\"fa fa-box\"><\/i>&nbsp;<span class=\"text-muted textprop\">90 Einheit(en) pro Masterbox<\/span><\/div><\/div>","protected":false},"featured_media":3871,"template":"","meta":{"site-sidebar-layout":"default","site-content-layout":"default","ast-global-header-display":"","ast-main-header-display":"","ast-hfb-above-header-display":"","ast-hfb-below-header-display":"","ast-hfb-mobile-header-display":"","site-post-title":"","ast-breadcrumbs-content":"","ast-featured-img":"","footer-sml-layout":"","theme-transparent-header-meta":"default","adv-header-id-meta":"","stick-header-meta":"","header-above-stick-meta":"","header-main-stick-meta":"","header-below-stick-meta":""},"product_cat":[39],"product_tag":[],"class_list":["post-3870","product","type-product","status-publish","has-post-thumbnail","hentry","product_cat-smart-led-domotica"],"_links":{"self":[{"href":"https:\/\/starlediluminacion.com\/de\/wp-json\/wp\/v3\/product\/3870","targetHints":{"allow":["GET"]}}],"collection":[{"href":"https:\/\/starlediluminacion.com\/de\/wp-json\/wp\/v3\/product"}],"about":[{"href":"https:\/\/starlediluminacion.com\/de\/wp-json\/wp\/v2\/types\/product"}],"wp:featuredmedia":[{"embeddable":true,"href":"https:\/\/starlediluminacion.com\/de\/wp-json\/wp\/v2\/media\/3871"}],"wp:attachment":[{"href":"https:\/\/starlediluminacion.com\/de\/wp-json\/wp\/v2\/media?parent=3870"}],"wp:term":[{"taxonomy":"product_cat","embeddable":true,"href":"https:\/\/starlediluminacion.com\/de\/wp-json\/wp\/v2\/product_cat?post=3870"},{"taxonomy":"product_tag","embeddable":true,"href":"https:\/\/starlediluminacion.com\/de\/wp-json\/wp\/v2\/product_tag?post=3870"}],"curies":[{"name":"wp","href":"https:\/\/api.w.org\/{rel}","templated":true}]}}