{"id":3837,"date":"2022-08-08T19:39:26","date_gmt":"2022-08-08T19:39:26","guid":{"rendered":"https:\/\/starlediluminacion.com\/?post_type=product&#038;p=3837"},"modified":"2022-08-08T19:39:27","modified_gmt":"2022-08-08T19:39:27","slug":"regulador-led-inteligente-smart-wifi-sistema-triac","status":"publish","type":"product","link":"https:\/\/starlediluminacion.com\/de\/product\/dimmer-led-smart-smart-wifi-system-triac\/","title":{"rendered":"<p>Smart WiFi Smart LED Dimmer - TRIAC System<\/p>"},"content":{"rendered":"<div class=\"product-info-line\">\n<p id=\"product_reference\"><label>REFERENZ: SL<span style=\"font-size: 16px;\">IWDM90502<\/span><\/label><\/p>\n<div class=\"hidden-xs parrafo\">\n<p>Die&nbsp;<strong>TRIAC-Smart-Controller&nbsp;<\/strong>&nbsp;Tablette ist die einfache und ideale L\u00f6sung f\u00fcr&nbsp;<strong>Ihr Gesch\u00e4ft und Ihr Zuhause kontrollieren und automatisieren<\/strong>Die LED-Leuchten in Ihrer Wohnung k\u00f6nnen dank der App ganz einfach gesteuert werden.&nbsp;<strong>IWIIK<\/strong>&nbsp;und\/oder&nbsp;<strong>IHR SMART<\/strong>. Unser WiFi Smart Controller kann unterst\u00fctzen&nbsp;<strong>bis zu 150w LED.&nbsp;<\/strong>Kompatibel<strong>&nbsp;GOOGLE HOME und ALEXA.<br>\n<\/strong><\/p>\n<\/div>\n<div id=\"views_block-1\" class=\"clearfix\">\n<div id=\"thumbs_list\">\n<h1>Smart WiFi Smart LED Dimmer - TRIAC System<\/h1>\n<p>Die&nbsp;<strong>Intelligenter Controller<\/strong>&nbsp;Die Tablette ist die ideale L\u00f6sung f\u00fcr&nbsp;<strong>kontrollieren und automatisieren<\/strong>&nbsp;Er erm\u00f6glicht es Ihnen, Ihre LED-Gl\u00fchbirnen ein- und auszuschalten sowie deren Intensit\u00e4t aus der Ferne zu regulieren und so die Helligkeit der Umgebung an die jeweilige Situation anzupassen. Mit einem einzigen Dimmer k\u00f6nnen Sie bis zu 150 W Leistung steuern.<\/p>\n<p>Au\u00dferdem k\u00f6nnen Sie \u00fcber die Anwendung Routinen programmieren, um die Helligkeit zur angegebenen Zeit automatisch zu \u00e4ndern und das Licht ein- oder auszuschalten. Es ist eine&nbsp;<strong>Fernsteuerung<\/strong>&nbsp;\u00fcber die IWIIK-App und\/oder TUYA SMART von Ihrem Android- oder iOS-Smartphone f\u00fcr&nbsp;<strong>WiFi<\/strong>vollst\u00e4ndig kompatibel mit&nbsp;<strong>Google Home oder Alexa<\/strong>&nbsp;damit Sie es mit Ihrer Stimme steuern k\u00f6nnen.<\/p>\n<p>Der Smart Controller ist klein und sehr einfach zu installieren, er wird mit&nbsp;<strong>220V<\/strong>&nbsp;<strong>AC<\/strong>. Es hat eine Reichweite von &lt;200 Metern (ohne Hindernisse), so dass wir jeden Raum in Ihrem Haus innerhalb dieser Reichweite steuern k\u00f6nnen.<\/p>\n<p><strong>Machen Sie Ihr Gesch\u00e4ft oder Ihr Zuhause intelligent mit den Smart WiFi Produkten, die Sie auf unserer Website finden.<\/strong><\/p>\n<h3 class=\"page-product-heading\">TECHNISCHE DATEN<\/h3>\n<div class=\"col-xs-12 col-md-6\">\n<table class=\"table table-data-sheet 1\">\n<tbody>\n<tr class=\"odd\">\n<td valign=\"middle\" width=\"32\"><\/td>\n<td valign=\"middle\">REFERENZEN :<\/td>\n<td valign=\"middle\">SLIWDM90502<\/td>\n<\/tr>\n<tr class=\"even\">\n<td valign=\"middle\" width=\"32\"><\/td>\n<td valign=\"middle\">Nennleistung :<\/td>\n<td valign=\"middle\">Max: 150w (LED)<\/td>\n<\/tr>\n<tr class=\"odd\">\n<td valign=\"middle\" width=\"32\"><\/td>\n<td valign=\"middle\">Nennspannung:<\/td>\n<td valign=\"middle\">220-240V<\/td>\n<\/tr>\n<tr class=\"even\">\n<td valign=\"middle\" width=\"32\"><\/td>\n<td valign=\"middle\">Dimmbar:<\/td>\n<td valign=\"middle\">TRIAC<\/td>\n<\/tr>\n<\/tbody>\n<\/table>\n<\/div>\n<div class=\"col-xs-12 col-md-6 2\">\n<table class=\"table table-data-sheet 2\">\n<tbody>\n<tr class=\"odd\">\n<td valign=\"middle\" width=\"32\"><\/td>\n<td valign=\"middle\">Bescheinigungen:<\/td>\n<td valign=\"middle\">CE - ROHS<\/td>\n<\/tr>\n<tr class=\"even\">\n<td valign=\"middle\" width=\"32\"><\/td>\n<td valign=\"middle\">IP-Bewertung:<\/td>\n<td valign=\"middle\">IP20<\/td>\n<\/tr>\n<tr class=\"odd\">\n<td valign=\"middle\" width=\"32\"><\/td>\n<td valign=\"middle\">Abmessungen (mm):<\/td>\n<td valign=\"middle\">46x46x18mm<\/td>\n<\/tr>\n<tr class=\"even\">\n<td valign=\"middle\" width=\"32\"><\/td>\n<td valign=\"middle\">Temperaturbereich (\u00baC):<\/td>\n<td valign=\"middle\">-10\u00ba ~ 40\u00ba -10\u00ba ~ 40\u00ba -10\u00ba ~ 40\u00ba -10\u00ba ~ 40\u00ba -10\u00ba ~ 40\u00ba -10\u00ba ~ 40\u00ba<\/td>\n<\/tr>\n<\/tbody>\n<\/table>\n<\/div>\n<\/div>\n<\/div>\n<\/div>","protected":false},"excerpt":{"rendered":"<div class=\"col-md-12\"><i class=\"fa fa-truck\"><\/i>&nbsp;<span class=\"text-muted textprop\">Lieferung innerhalb von 24\/48 Stunden<\/span><div class=\"col-md-12\"><i class=\"fa fa-exchange\"><\/i>&nbsp;<span class=\"text-muted textprop\">Versicherte Garantie<\/span><\/div><div class=\"col-md-12\"><i class=\"fa fa-box\"><\/i>&nbsp;<span class=\"text-muted textprop\">50 Einheit(en) pro Masterbox<\/span><\/div><\/div>","protected":false},"featured_media":3838,"template":"","meta":{"site-sidebar-layout":"default","site-content-layout":"default","ast-global-header-display":"","ast-main-header-display":"","ast-hfb-above-header-display":"","ast-hfb-below-header-display":"","ast-hfb-mobile-header-display":"","site-post-title":"","ast-breadcrumbs-content":"","ast-featured-img":"","footer-sml-layout":"","theme-transparent-header-meta":"default","adv-header-id-meta":"","stick-header-meta":"","header-above-stick-meta":"","header-main-stick-meta":"","header-below-stick-meta":""},"product_cat":[39],"product_tag":[],"class_list":["post-3837","product","type-product","status-publish","has-post-thumbnail","hentry","product_cat-smart-led-domotica"],"yoast_head":"<!-- This site is optimized with the Yoast SEO plugin v27.4 - https:\/\/yoast.com\/product\/yoast-seo-wordpress\/ -->\n<title>Regulador LED Inteligente Smart WiFi - Sistema TRIAC - STARLED Iluminacion<\/title>\n<meta name=\"robots\" content=\"index, follow, max-snippet:-1, max-image-preview:large, max-video-preview:-1\" \/>\n<link rel=\"canonical\" href=\"https:\/\/starlediluminacion.com\/de\/product\/dimmer-led-smart-smart-wifi-system-triac\/\" \/>\n<meta property=\"og:locale\" content=\"de_DE\" \/>\n<meta property=\"og:type\" content=\"article\" \/>\n<meta property=\"og:title\" content=\"Regulador LED Inteligente Smart WiFi - Sistema TRIAC - STARLED Iluminacion\" \/>\n<meta property=\"og:description\" content=\"\u00a0Entrega en 24\/48 horas \u00a0Garant\u00eda asegurada \u00a050 unidad(es) por Masterbox\" \/>\n<meta property=\"og:url\" content=\"https:\/\/starlediluminacion.com\/de\/product\/dimmer-led-smart-smart-wifi-system-triac\/\" \/>\n<meta property=\"og:site_name\" content=\"STARLED Iluminacion\" \/>\n<meta property=\"article:modified_time\" content=\"2022-08-08T19:39:27+00:00\" \/>\n<meta property=\"og:image\" content=\"https:\/\/starlediluminacion.com\/wp-content\/uploads\/2022\/08\/kit-convertidor-a-empotrable-luminaria-superficie-factorled-1-2.jpg\" \/>\n\t<meta property=\"og:image:width\" content=\"1000\" \/>\n\t<meta property=\"og:image:height\" content=\"1000\" \/>\n\t<meta property=\"og:image:type\" content=\"image\/jpeg\" \/>\n<meta name=\"twitter:card\" content=\"summary_large_image\" \/>\n<meta name=\"twitter:label1\" content=\"Gesch\u00e4tzte Lesezeit\" \/>\n\t<meta name=\"twitter:data1\" content=\"1\u00a0Minute\" \/>\n<script type=\"application\/ld+json\" class=\"yoast-schema-graph\">{\"@context\":\"https:\\\/\\\/schema.org\",\"@graph\":[{\"@type\":\"WebPage\",\"@id\":\"https:\\\/\\\/starlediluminacion.com\\\/producto\\\/regulador-led-inteligente-smart-wifi-sistema-triac\\\/\",\"url\":\"https:\\\/\\\/starlediluminacion.com\\\/producto\\\/regulador-led-inteligente-smart-wifi-sistema-triac\\\/\",\"name\":\"Regulador LED Inteligente Smart WiFi - Sistema TRIAC - STARLED Iluminacion\",\"isPartOf\":{\"@id\":\"https:\\\/\\\/starlediluminacion.com\\\/#website\"},\"primaryImageOfPage\":{\"@id\":\"https:\\\/\\\/starlediluminacion.com\\\/producto\\\/regulador-led-inteligente-smart-wifi-sistema-triac\\\/#primaryimage\"},\"image\":{\"@id\":\"https:\\\/\\\/starlediluminacion.com\\\/producto\\\/regulador-led-inteligente-smart-wifi-sistema-triac\\\/#primaryimage\"},\"thumbnailUrl\":\"https:\\\/\\\/starlediluminacion.com\\\/wp-content\\\/uploads\\\/2022\\\/08\\\/kit-convertidor-a-empotrable-luminaria-superficie-factorled-1-2.jpg\",\"datePublished\":\"2022-08-08T19:39:26+00:00\",\"dateModified\":\"2022-08-08T19:39:27+00:00\",\"breadcrumb\":{\"@id\":\"https:\\\/\\\/starlediluminacion.com\\\/producto\\\/regulador-led-inteligente-smart-wifi-sistema-triac\\\/#breadcrumb\"},\"inLanguage\":\"de\",\"potentialAction\":[{\"@type\":\"ReadAction\",\"target\":[\"https:\\\/\\\/starlediluminacion.com\\\/producto\\\/regulador-led-inteligente-smart-wifi-sistema-triac\\\/\"]}]},{\"@type\":\"ImageObject\",\"inLanguage\":\"de\",\"@id\":\"https:\\\/\\\/starlediluminacion.com\\\/producto\\\/regulador-led-inteligente-smart-wifi-sistema-triac\\\/#primaryimage\",\"url\":\"https:\\\/\\\/starlediluminacion.com\\\/wp-content\\\/uploads\\\/2022\\\/08\\\/kit-convertidor-a-empotrable-luminaria-superficie-factorled-1-2.jpg\",\"contentUrl\":\"https:\\\/\\\/starlediluminacion.com\\\/wp-content\\\/uploads\\\/2022\\\/08\\\/kit-convertidor-a-empotrable-luminaria-superficie-factorled-1-2.jpg\",\"width\":1000,\"height\":1000},{\"@type\":\"BreadcrumbList\",\"@id\":\"https:\\\/\\\/starlediluminacion.com\\\/producto\\\/regulador-led-inteligente-smart-wifi-sistema-triac\\\/#breadcrumb\",\"itemListElement\":[{\"@type\":\"ListItem\",\"position\":1,\"name\":\"Portada\",\"item\":\"https:\\\/\\\/starlediluminacion.com\\\/\"},{\"@type\":\"ListItem\",\"position\":2,\"name\":\"Shop\",\"item\":\"https:\\\/\\\/starlediluminacion.com\\\/shop-2\\\/\"},{\"@type\":\"ListItem\",\"position\":3,\"name\":\"Regulador LED Inteligente Smart WiFi &#8211; Sistema TRIAC\"}]},{\"@type\":\"WebSite\",\"@id\":\"https:\\\/\\\/starlediluminacion.com\\\/#website\",\"url\":\"https:\\\/\\\/starlediluminacion.com\\\/\",\"name\":\"STARLED Iluminacion\",\"description\":\"\",\"potentialAction\":[{\"@type\":\"SearchAction\",\"target\":{\"@type\":\"EntryPoint\",\"urlTemplate\":\"https:\\\/\\\/starlediluminacion.com\\\/?s={search_term_string}\"},\"query-input\":{\"@type\":\"PropertyValueSpecification\",\"valueRequired\":true,\"valueName\":\"search_term_string\"}}],\"inLanguage\":\"de\"}]}<\/script>\n<!-- \/ Yoast SEO plugin. -->","yoast_head_json":{"title":"Regulador LED Inteligente Smart WiFi - Sistema TRIAC - STARLED Iluminacion","robots":{"index":"index","follow":"follow","max-snippet":"max-snippet:-1","max-image-preview":"max-image-preview:large","max-video-preview":"max-video-preview:-1"},"canonical":"https:\/\/starlediluminacion.com\/de\/product\/dimmer-led-smart-smart-wifi-system-triac\/","og_locale":"de_DE","og_type":"article","og_title":"Regulador LED Inteligente Smart WiFi - Sistema TRIAC - STARLED Iluminacion","og_description":"\u00a0Entrega en 24\/48 horas \u00a0Garant\u00eda asegurada \u00a050 unidad(es) por Masterbox","og_url":"https:\/\/starlediluminacion.com\/de\/product\/dimmer-led-smart-smart-wifi-system-triac\/","og_site_name":"STARLED Iluminacion","article_modified_time":"2022-08-08T19:39:27+00:00","og_image":[{"width":1000,"height":1000,"url":"https:\/\/starlediluminacion.com\/wp-content\/uploads\/2022\/08\/kit-convertidor-a-empotrable-luminaria-superficie-factorled-1-2.jpg","type":"image\/jpeg"}],"twitter_card":"summary_large_image","twitter_misc":{"Gesch\u00e4tzte Lesezeit":"1\u00a0Minute"},"schema":{"@context":"https:\/\/schema.org","@graph":[{"@type":"WebPage","@id":"https:\/\/starlediluminacion.com\/producto\/regulador-led-inteligente-smart-wifi-sistema-triac\/","url":"https:\/\/starlediluminacion.com\/producto\/regulador-led-inteligente-smart-wifi-sistema-triac\/","name":"Regulador LED Inteligente Smart WiFi - Sistema TRIAC - STARLED Iluminacion","isPartOf":{"@id":"https:\/\/starlediluminacion.com\/#website"},"primaryImageOfPage":{"@id":"https:\/\/starlediluminacion.com\/producto\/regulador-led-inteligente-smart-wifi-sistema-triac\/#primaryimage"},"image":{"@id":"https:\/\/starlediluminacion.com\/producto\/regulador-led-inteligente-smart-wifi-sistema-triac\/#primaryimage"},"thumbnailUrl":"https:\/\/starlediluminacion.com\/wp-content\/uploads\/2022\/08\/kit-convertidor-a-empotrable-luminaria-superficie-factorled-1-2.jpg","datePublished":"2022-08-08T19:39:26+00:00","dateModified":"2022-08-08T19:39:27+00:00","breadcrumb":{"@id":"https:\/\/starlediluminacion.com\/producto\/regulador-led-inteligente-smart-wifi-sistema-triac\/#breadcrumb"},"inLanguage":"de","potentialAction":[{"@type":"ReadAction","target":["https:\/\/starlediluminacion.com\/producto\/regulador-led-inteligente-smart-wifi-sistema-triac\/"]}]},{"@type":"ImageObject","inLanguage":"de","@id":"https:\/\/starlediluminacion.com\/producto\/regulador-led-inteligente-smart-wifi-sistema-triac\/#primaryimage","url":"https:\/\/starlediluminacion.com\/wp-content\/uploads\/2022\/08\/kit-convertidor-a-empotrable-luminaria-superficie-factorled-1-2.jpg","contentUrl":"https:\/\/starlediluminacion.com\/wp-content\/uploads\/2022\/08\/kit-convertidor-a-empotrable-luminaria-superficie-factorled-1-2.jpg","width":1000,"height":1000},{"@type":"BreadcrumbList","@id":"https:\/\/starlediluminacion.com\/producto\/regulador-led-inteligente-smart-wifi-sistema-triac\/#breadcrumb","itemListElement":[{"@type":"ListItem","position":1,"name":"Portada","item":"https:\/\/starlediluminacion.com\/"},{"@type":"ListItem","position":2,"name":"Shop","item":"https:\/\/starlediluminacion.com\/shop-2\/"},{"@type":"ListItem","position":3,"name":"Regulador LED Inteligente Smart WiFi &#8211; Sistema TRIAC"}]},{"@type":"WebSite","@id":"https:\/\/starlediluminacion.com\/#website","url":"https:\/\/starlediluminacion.com\/","name":"STARLED Iluminacion","description":"","potentialAction":[{"@type":"SearchAction","target":{"@type":"EntryPoint","urlTemplate":"https:\/\/starlediluminacion.com\/?s={search_term_string}"},"query-input":{"@type":"PropertyValueSpecification","valueRequired":true,"valueName":"search_term_string"}}],"inLanguage":"de"}]}},"_links":{"self":[{"href":"https:\/\/starlediluminacion.com\/de\/wp-json\/wp\/v3\/product\/3837","targetHints":{"allow":["GET"]}}],"collection":[{"href":"https:\/\/starlediluminacion.com\/de\/wp-json\/wp\/v3\/product"}],"about":[{"href":"https:\/\/starlediluminacion.com\/de\/wp-json\/wp\/v2\/types\/product"}],"wp:featuredmedia":[{"embeddable":true,"href":"https:\/\/starlediluminacion.com\/de\/wp-json\/wp\/v2\/media\/3838"}],"wp:attachment":[{"href":"https:\/\/starlediluminacion.com\/de\/wp-json\/wp\/v2\/media?parent=3837"}],"wp:term":[{"taxonomy":"product_cat","embeddable":true,"href":"https:\/\/starlediluminacion.com\/de\/wp-json\/wp\/v2\/product_cat?post=3837"},{"taxonomy":"product_tag","embeddable":true,"href":"https:\/\/starlediluminacion.com\/de\/wp-json\/wp\/v2\/product_tag?post=3837"}],"curies":[{"name":"wp","href":"https:\/\/api.w.org\/{rel}","templated":true}]}}