{"id":3752,"date":"2022-08-07T10:59:59","date_gmt":"2022-08-07T10:59:59","guid":{"rendered":"https:\/\/starlediluminacion.com\/?post_type=product&#038;p=3752"},"modified":"2022-08-23T15:46:55","modified_gmt":"2022-08-23T15:46:55","slug":"marco-para-empotrar-panel-led-de-30x120-cm","status":"publish","type":"product","link":"https:\/\/starlediluminacion.com\/de\/product\/30x120-cm-led-panel-recessed-frame-2\/","title":{"rendered":"<p>Rahmen f\u00fcr Einbau LED-Paneel 30\u00d7120 cm<\/p>"},"content":{"rendered":"<div class=\"product-info-line\">\n<p id=\"product_reference\"><label>REFERENZ: SL<span style=\"font-size: 16px;\">MARCO-30120<\/span><\/label><\/p>\n<p>Unterputzrahmen aus&nbsp;<strong>30\u00d7120<\/strong>&nbsp;in Wei\u00df, hergestellt aus&nbsp;<strong>Aluminium<\/strong>. Es wurde entwickelt, um die M\u00f6glichkeit zu bieten, LED-Panels 30x120cm an Orten zu installieren, wo die Decke nicht abnehmbar ist.<\/p>\n<p>Dank seines neuen Designs eignet sich dieser Rahmen f\u00fcr alle Arten von&nbsp;<strong>Led-Panel 30\u00d7120<\/strong>&nbsp;in unserem Katalog.<\/p>\n<h1>Rahmen f\u00fcr Einbaumontage LED-Panel 30\u00d7120<\/h1>\n<p>Unser Rahmen f\u00fcr&nbsp;<strong>einbetten<\/strong>&nbsp;wurde entwickelt, um die M\u00f6glichkeit zu bieten, die&nbsp;<strong>30\u00d7120 LED-Paneele<\/strong>&nbsp;in R\u00e4umen, die nicht \u00fcber eine abnehmbare Decke verf\u00fcgen, in der diese Art von LED-Beleuchtung normalerweise installiert wird.<\/p>\n<p>Dank seines neuen Designs eignet sich dieser Rahmen f\u00fcr alle Arten von<strong>&nbsp;Led-Panel 30\u00d7120<\/strong>&nbsp;in unserem Katalog.<\/p>\n<p>Holen Sie sich den Einbaurahmen und das Led-Panel in unserem Shop und genie\u00dfen Sie die beste Beleuchtung. Alle unsere Produkte bieten eine 3-Jahres-Garantie. Holen Sie sie sich jetzt auf einfache Weise in unserem Online-Shop.<\/p>\n<p>&nbsp;<\/p>\n<h2>Verwendungsm\u00f6glichkeiten des 30\u00d7120 LED-Panel-Einbaurahmens<\/h2>\n<ul>\n<li>\u00c4mter<\/li>\n<li>Superm\u00e4rkte<\/li>\n<li>Krankenh\u00e4user<\/li>\n<li>Zimmer<\/li>\n<li>Zimmer<\/li>\n<li>Gesch\u00e4fte<\/li>\n<\/ul>\n<h3 class=\"page-product-heading\">TECHNISCHE DATEN<\/h3>\n<div class=\"col-xs-12 col-md-6\">\n<table class=\"table table-data-sheet 1\">\n<tbody>\n<tr class=\"odd\">\n<td valign=\"middle\" width=\"32\"><\/td>\n<td valign=\"middle\">REFERENZEN :<\/td>\n<td valign=\"middle\">SLMARCO-30120<\/td>\n<\/tr>\n<tr class=\"even\">\n<td valign=\"middle\" width=\"32\"><\/td>\n<td valign=\"middle\">Baumaterial:<\/td>\n<td valign=\"middle\">Aluminium<\/td>\n<\/tr>\n<tr class=\"odd\">\n<td valign=\"middle\" width=\"32\"><\/td>\n<td valign=\"middle\">Bescheinigungen:<\/td>\n<td valign=\"middle\">CE - ROHS<\/td>\n<\/tr>\n<\/tbody>\n<\/table>\n<\/div>\n<div class=\"col-xs-12 col-md-6 2\">\n<table class=\"table table-data-sheet 2\">\n<tbody>\n<tr class=\"odd\">\n<td valign=\"middle\" width=\"32\"><\/td>\n<td valign=\"middle\">Abmessungen (mm):<\/td>\n<td valign=\"middle\">300 x 1200 mm<\/td>\n<\/tr>\n<tr class=\"even\">\n<td valign=\"middle\" width=\"32\"><\/td>\n<td valign=\"middle\">Gew\u00e4hrleistungsjahre:<\/td>\n<td valign=\"middle\">3<\/td>\n<\/tr>\n<tr class=\"odd\">\n<td valign=\"middle\" width=\"32\"><\/td>\n<td valign=\"middle\">Farbe des K\u00f6rpers:<\/td>\n<td valign=\"middle\">Wei\u00df<\/td>\n<\/tr>\n<\/tbody>\n<\/table>\n<\/div>\n<\/div>","protected":false},"excerpt":{"rendered":"<div class=\"col-md-12\"><i class=\"fa fa-truck\"><\/i>&nbsp;<span class=\"text-muted textprop\">Lieferung innerhalb von 24\/48 Stunden<\/span><div class=\"col-md-12\"><i class=\"fa fa-exchange\"><\/i>&nbsp;<span class=\"text-muted textprop\">Versicherte Garantie<\/span><\/div><div class=\"col-md-12\"><i class=\"fa fa-box\"><\/i>&nbsp;<span class=\"text-muted textprop\">25 Einheit(en) pro Masterbox<\/span><\/div><\/div>","protected":false},"featured_media":3754,"template":"","meta":{"site-sidebar-layout":"default","site-content-layout":"default","ast-global-header-display":"","ast-main-header-display":"","ast-hfb-above-header-display":"","ast-hfb-below-header-display":"","ast-hfb-mobile-header-display":"","site-post-title":"","ast-breadcrumbs-content":"","ast-featured-img":"","footer-sml-layout":"","theme-transparent-header-meta":"default","adv-header-id-meta":"","stick-header-meta":"","header-above-stick-meta":"","header-main-stick-meta":"","header-below-stick-meta":""},"product_cat":[105,31],"product_tag":[],"class_list":["post-3752","product","type-product","status-publish","has-post-thumbnail","hentry","product_cat-accesorios-paneles","product_cat-paneles-led"],"yoast_head":"<!-- This site is optimized with the Yoast SEO plugin v27.4 - https:\/\/yoast.com\/product\/yoast-seo-wordpress\/ -->\n<title>Marco para empotrar Panel LED de 30x120 cm - STARLED Iluminacion<\/title>\n<meta name=\"robots\" content=\"index, follow, max-snippet:-1, max-image-preview:large, max-video-preview:-1\" \/>\n<link rel=\"canonical\" href=\"https:\/\/starlediluminacion.com\/de\/product\/frame-for-mounting-led-panel-30x120-cm\/\" \/>\n<meta property=\"og:locale\" content=\"de_DE\" \/>\n<meta property=\"og:type\" content=\"article\" \/>\n<meta property=\"og:title\" content=\"Marco para empotrar Panel LED de 30x120 cm - STARLED Iluminacion\" \/>\n<meta property=\"og:description\" content=\"\u00a0Entrega en 24\/48 horas \u00a0Garant\u00eda asegurada \u00a025 unidad(es) por Masterbox\" \/>\n<meta property=\"og:url\" content=\"https:\/\/starlediluminacion.com\/de\/product\/frame-for-mounting-led-panel-30x120-cm\/\" \/>\n<meta property=\"og:site_name\" content=\"STARLED Iluminacion\" \/>\n<meta property=\"article:modified_time\" content=\"2022-08-23T15:46:55+00:00\" \/>\n<meta property=\"og:image\" content=\"https:\/\/starlediluminacion.com\/wp-content\/uploads\/2022\/08\/panel-led-120x60-80w-certa-driver-philips-factorled-1-1.jpg\" \/>\n\t<meta property=\"og:image:width\" content=\"1000\" \/>\n\t<meta property=\"og:image:height\" content=\"1000\" \/>\n\t<meta property=\"og:image:type\" content=\"image\/jpeg\" \/>\n<meta name=\"twitter:card\" content=\"summary_large_image\" \/>\n<meta name=\"twitter:label1\" content=\"Gesch\u00e4tzte Lesezeit\" \/>\n\t<meta name=\"twitter:data1\" content=\"1\u00a0Minute\" \/>\n<script type=\"application\/ld+json\" class=\"yoast-schema-graph\">{\"@context\":\"https:\\\/\\\/schema.org\",\"@graph\":[{\"@type\":\"WebPage\",\"@id\":\"https:\\\/\\\/starlediluminacion.com\\\/en\\\/product\\\/frame-for-mounting-led-panel-30x120-cm\\\/\",\"url\":\"https:\\\/\\\/starlediluminacion.com\\\/en\\\/product\\\/frame-for-mounting-led-panel-30x120-cm\\\/\",\"name\":\"Marco para empotrar Panel LED de 30x120 cm - STARLED Iluminacion\",\"isPartOf\":{\"@id\":\"https:\\\/\\\/starlediluminacion.com\\\/#website\"},\"primaryImageOfPage\":{\"@id\":\"https:\\\/\\\/starlediluminacion.com\\\/en\\\/product\\\/frame-for-mounting-led-panel-30x120-cm\\\/#primaryimage\"},\"image\":{\"@id\":\"https:\\\/\\\/starlediluminacion.com\\\/en\\\/product\\\/frame-for-mounting-led-panel-30x120-cm\\\/#primaryimage\"},\"thumbnailUrl\":\"https:\\\/\\\/starlediluminacion.com\\\/wp-content\\\/uploads\\\/2022\\\/08\\\/panel-led-120x60-80w-certa-driver-philips-factorled-1-1.jpg\",\"datePublished\":\"2022-08-07T10:59:59+00:00\",\"dateModified\":\"2022-08-23T15:46:55+00:00\",\"breadcrumb\":{\"@id\":\"https:\\\/\\\/starlediluminacion.com\\\/en\\\/product\\\/frame-for-mounting-led-panel-30x120-cm\\\/#breadcrumb\"},\"inLanguage\":\"de\",\"potentialAction\":[{\"@type\":\"ReadAction\",\"target\":[\"https:\\\/\\\/starlediluminacion.com\\\/en\\\/product\\\/frame-for-mounting-led-panel-30x120-cm\\\/\"]}]},{\"@type\":\"ImageObject\",\"inLanguage\":\"de\",\"@id\":\"https:\\\/\\\/starlediluminacion.com\\\/en\\\/product\\\/frame-for-mounting-led-panel-30x120-cm\\\/#primaryimage\",\"url\":\"https:\\\/\\\/starlediluminacion.com\\\/wp-content\\\/uploads\\\/2022\\\/08\\\/panel-led-120x60-80w-certa-driver-philips-factorled-1-1.jpg\",\"contentUrl\":\"https:\\\/\\\/starlediluminacion.com\\\/wp-content\\\/uploads\\\/2022\\\/08\\\/panel-led-120x60-80w-certa-driver-philips-factorled-1-1.jpg\",\"width\":1000,\"height\":1000},{\"@type\":\"BreadcrumbList\",\"@id\":\"https:\\\/\\\/starlediluminacion.com\\\/en\\\/product\\\/frame-for-mounting-led-panel-30x120-cm\\\/#breadcrumb\",\"itemListElement\":[{\"@type\":\"ListItem\",\"position\":1,\"name\":\"Portada\",\"item\":\"https:\\\/\\\/starlediluminacion.com\\\/\"},{\"@type\":\"ListItem\",\"position\":2,\"name\":\"Shop\",\"item\":\"https:\\\/\\\/starlediluminacion.com\\\/shop-2\\\/\"},{\"@type\":\"ListItem\",\"position\":3,\"name\":\"Marco para empotrar Panel LED de 30&#215;120 cm\"}]},{\"@type\":\"WebSite\",\"@id\":\"https:\\\/\\\/starlediluminacion.com\\\/#website\",\"url\":\"https:\\\/\\\/starlediluminacion.com\\\/\",\"name\":\"STARLED Iluminacion\",\"description\":\"\",\"potentialAction\":[{\"@type\":\"SearchAction\",\"target\":{\"@type\":\"EntryPoint\",\"urlTemplate\":\"https:\\\/\\\/starlediluminacion.com\\\/?s={search_term_string}\"},\"query-input\":{\"@type\":\"PropertyValueSpecification\",\"valueRequired\":true,\"valueName\":\"search_term_string\"}}],\"inLanguage\":\"de\"}]}<\/script>\n<!-- \/ Yoast SEO plugin. -->","yoast_head_json":{"title":"Marco para empotrar Panel LED de 30x120 cm - STARLED Iluminacion","robots":{"index":"index","follow":"follow","max-snippet":"max-snippet:-1","max-image-preview":"max-image-preview:large","max-video-preview":"max-video-preview:-1"},"canonical":"https:\/\/starlediluminacion.com\/de\/product\/frame-for-mounting-led-panel-30x120-cm\/","og_locale":"de_DE","og_type":"article","og_title":"Marco para empotrar Panel LED de 30x120 cm - STARLED Iluminacion","og_description":"\u00a0Entrega en 24\/48 horas \u00a0Garant\u00eda asegurada \u00a025 unidad(es) por Masterbox","og_url":"https:\/\/starlediluminacion.com\/de\/product\/frame-for-mounting-led-panel-30x120-cm\/","og_site_name":"STARLED Iluminacion","article_modified_time":"2022-08-23T15:46:55+00:00","og_image":[{"width":1000,"height":1000,"url":"https:\/\/starlediluminacion.com\/wp-content\/uploads\/2022\/08\/panel-led-120x60-80w-certa-driver-philips-factorled-1-1.jpg","type":"image\/jpeg"}],"twitter_card":"summary_large_image","twitter_misc":{"Gesch\u00e4tzte Lesezeit":"1\u00a0Minute"},"schema":{"@context":"https:\/\/schema.org","@graph":[{"@type":"WebPage","@id":"https:\/\/starlediluminacion.com\/en\/product\/frame-for-mounting-led-panel-30x120-cm\/","url":"https:\/\/starlediluminacion.com\/en\/product\/frame-for-mounting-led-panel-30x120-cm\/","name":"Marco para empotrar Panel LED de 30x120 cm - STARLED Iluminacion","isPartOf":{"@id":"https:\/\/starlediluminacion.com\/#website"},"primaryImageOfPage":{"@id":"https:\/\/starlediluminacion.com\/en\/product\/frame-for-mounting-led-panel-30x120-cm\/#primaryimage"},"image":{"@id":"https:\/\/starlediluminacion.com\/en\/product\/frame-for-mounting-led-panel-30x120-cm\/#primaryimage"},"thumbnailUrl":"https:\/\/starlediluminacion.com\/wp-content\/uploads\/2022\/08\/panel-led-120x60-80w-certa-driver-philips-factorled-1-1.jpg","datePublished":"2022-08-07T10:59:59+00:00","dateModified":"2022-08-23T15:46:55+00:00","breadcrumb":{"@id":"https:\/\/starlediluminacion.com\/en\/product\/frame-for-mounting-led-panel-30x120-cm\/#breadcrumb"},"inLanguage":"de","potentialAction":[{"@type":"ReadAction","target":["https:\/\/starlediluminacion.com\/en\/product\/frame-for-mounting-led-panel-30x120-cm\/"]}]},{"@type":"ImageObject","inLanguage":"de","@id":"https:\/\/starlediluminacion.com\/en\/product\/frame-for-mounting-led-panel-30x120-cm\/#primaryimage","url":"https:\/\/starlediluminacion.com\/wp-content\/uploads\/2022\/08\/panel-led-120x60-80w-certa-driver-philips-factorled-1-1.jpg","contentUrl":"https:\/\/starlediluminacion.com\/wp-content\/uploads\/2022\/08\/panel-led-120x60-80w-certa-driver-philips-factorled-1-1.jpg","width":1000,"height":1000},{"@type":"BreadcrumbList","@id":"https:\/\/starlediluminacion.com\/en\/product\/frame-for-mounting-led-panel-30x120-cm\/#breadcrumb","itemListElement":[{"@type":"ListItem","position":1,"name":"Portada","item":"https:\/\/starlediluminacion.com\/"},{"@type":"ListItem","position":2,"name":"Shop","item":"https:\/\/starlediluminacion.com\/shop-2\/"},{"@type":"ListItem","position":3,"name":"Marco para empotrar Panel LED de 30&#215;120 cm"}]},{"@type":"WebSite","@id":"https:\/\/starlediluminacion.com\/#website","url":"https:\/\/starlediluminacion.com\/","name":"STARLED Iluminacion","description":"","potentialAction":[{"@type":"SearchAction","target":{"@type":"EntryPoint","urlTemplate":"https:\/\/starlediluminacion.com\/?s={search_term_string}"},"query-input":{"@type":"PropertyValueSpecification","valueRequired":true,"valueName":"search_term_string"}}],"inLanguage":"de"}]}},"_links":{"self":[{"href":"https:\/\/starlediluminacion.com\/de\/wp-json\/wp\/v3\/product\/3752","targetHints":{"allow":["GET"]}}],"collection":[{"href":"https:\/\/starlediluminacion.com\/de\/wp-json\/wp\/v3\/product"}],"about":[{"href":"https:\/\/starlediluminacion.com\/de\/wp-json\/wp\/v2\/types\/product"}],"wp:featuredmedia":[{"embeddable":true,"href":"https:\/\/starlediluminacion.com\/de\/wp-json\/wp\/v2\/media\/3754"}],"wp:attachment":[{"href":"https:\/\/starlediluminacion.com\/de\/wp-json\/wp\/v2\/media?parent=3752"}],"wp:term":[{"taxonomy":"product_cat","embeddable":true,"href":"https:\/\/starlediluminacion.com\/de\/wp-json\/wp\/v2\/product_cat?post=3752"},{"taxonomy":"product_tag","embeddable":true,"href":"https:\/\/starlediluminacion.com\/de\/wp-json\/wp\/v2\/product_tag?post=3752"}],"curies":[{"name":"wp","href":"https:\/\/api.w.org\/{rel}","templated":true}]}}