{"id":3687,"date":"2022-08-07T10:27:51","date_gmt":"2022-08-07T10:27:51","guid":{"rendered":"https:\/\/starlediluminacion.com\/?post_type=product&#038;p=3687"},"modified":"2022-08-27T13:46:12","modified_gmt":"2022-08-27T13:46:12","slug":"panel-led-60x30-24w-marco-blanco-cct","status":"publish","type":"product","link":"https:\/\/starlediluminacion.com\/de\/product\/panel-led-60x30-24w-marco-blanco-cct\/","title":{"rendered":"<p>LED-Panel 60X30 24W Wei\u00dfer Rahmen - CCT<\/p>"},"content":{"rendered":"<div class=\"product-info-line\">\n<p id=\"product_reference\"><label>REFERENZ: SL<span style=\"font-size: 16px;\">PN24W60X30<\/span><\/label><\/p>\n<p><strong>KARTON MIT 2 EINHEITEN, UM TRANSPORTSCH\u00c4DEN ZU VERMEIDEN.<\/strong><\/p>\n<p><strong>Led-Panel 60\u00d730 24W CCT&nbsp;<\/strong>dass<strong>&nbsp;erm\u00f6glicht die Einstellung des Lichts&nbsp;<\/strong>und schaffen personalisierte Umgebungen in<strong>&nbsp;3000k-4000k-6000k.&nbsp;<\/strong>Ma\u00dfnahmen<strong>&nbsp;LED-Anzeige: 295mm x 595mm&nbsp;<\/strong>f\u00fcr Zwischendecken. Es kann auch b\u00fcndig mit dem Konverter installiert werden oder mit unserem<strong> Aufh\u00e4ngeset<\/strong>.<\/p>\n<h1><strong>LED-Panel 60X30 cm 24W Wei\u00dfer Rahmen - CCT<\/strong><\/h1>\n<p><strong>LED-Panel 60\u00d730 24W CCT WEISSER RAHMEN<\/strong>&nbsp;<strong>Schlank 295mm x 595mm&nbsp;<\/strong>hat eine elegante Oberfl\u00e4che und ein modernes Design.<\/p>\n<p>Seine effiziente Diode&nbsp;<strong>SMD 2835<\/strong>&nbsp;<strong>SANAN<\/strong>&nbsp;hohe Helligkeit und seine&nbsp;<strong>Leistungsfaktor von 0,96<\/strong>Zusammen mit dem hochreflektierenden optischen PC erm\u00f6glicht dies eine gleichm\u00e4\u00dfige Ausleuchtung des gesamten Panels, was zusammen mit dem hochreflektierenden optischen PC die von den LED-Dioden abgegebene Leuchtkraft maximiert; dies erm\u00f6glicht einen Vergleich mit herk\u00f6mmlichen Leuchtstoffpanels von bis zu 85 W, wodurch enorme Energieeinsparungen erzielt werden.<\/p>\n<p>Mit seinem sofortigen und flackerfreien Startsystem ist dieses&nbsp;<strong>LED-Panel<\/strong>&nbsp;ist ideal f\u00fcr Orte, an denen Sie den beleuchteten Raum maximieren m\u00f6chten, indem Sie das Licht gleichm\u00e4\u00dfig und ohne Blendung projizieren. Sein \u00d6ffnungswinkel von&nbsp;<strong>120\u00ba<\/strong>&nbsp;eignet sich hervorragend f\u00fcr den Einsatz in professionellen Innenr\u00e4umen sowie in K\u00fcchen und B\u00e4dern, da es ein&nbsp;<strong>IP40.<\/strong><\/p>\n<p>&nbsp;<\/p>\n<p>Die<strong>&nbsp;LED-Bildschirm 60\u00d730<\/strong>&nbsp;CCT von&nbsp;<strong>24W erm\u00f6glicht die Einstellung des Lichts&nbsp;<\/strong>und schaffen personalisierte Umgebungen in<strong>&nbsp;3000k-4000k-6000k<\/strong>kann auch aufgeh\u00e4ngt werden.  F\u00fcr die Montage an der Decke ben\u00f6tigt das Paneel die&nbsp;<strong>Aufbausatz oder Aufh\u00e4ngebausatz.<\/strong><\/p>\n<h2>Verwendung von LED-Panel 60X30 cm 24W Wei\u00dfer Rahmen - CCT<\/h2>\n<ul>\n<li>\u00c4mter<\/li>\n<li>Einkaufszentren<\/li>\n<li>Museen<\/li>\n<li>Krankenh\u00e4user<\/li>\n<li>Colleges oder Universit\u00e4ten<\/li>\n<li>Lagerh\u00e4user<\/li>\n<li>Restaurants<\/li>\n<\/ul>\n<h3 class=\"page-product-heading\">TECHNISCHE DATEN<\/h3>\n<div class=\"col-xs-12 col-md-6\">\n<table class=\"table table-data-sheet 1\">\n<tbody>\n<tr class=\"odd\">\n<td valign=\"middle\" width=\"32\"><\/td>\n<td valign=\"middle\">REFERENZEN :<\/td>\n<td valign=\"middle\">SLPN24W60X30<\/td>\n<\/tr>\n<tr class=\"even\">\n<td valign=\"middle\" width=\"32\"><\/td>\n<td valign=\"middle\">Nennleistung :<\/td>\n<td valign=\"middle\">24w<\/td>\n<\/tr>\n<tr class=\"odd\">\n<td valign=\"middle\" width=\"32\"><\/td>\n<td valign=\"middle\">Nennspannung:<\/td>\n<td valign=\"middle\">175-265V<\/td>\n<\/tr>\n<tr class=\"even\">\n<td valign=\"middle\" width=\"32\"><\/td>\n<td valign=\"middle\">Lichttemperatur:<\/td>\n<td valign=\"middle\">W\u00c4HLBARE FARBE: 3000K-4000K-6000K<\/td>\n<\/tr>\n<tr class=\"odd\">\n<td valign=\"middle\" width=\"32\"><\/td>\n<td valign=\"middle\">CRI - Farbwiedergabeindex:<\/td>\n<td valign=\"middle\">82<\/td>\n<\/tr>\n<tr class=\"even\">\n<td valign=\"middle\" width=\"32\"><\/td>\n<td valign=\"middle\">Baumaterial:<\/td>\n<td valign=\"middle\">Aluminium +PC<\/td>\n<\/tr>\n<tr class=\"odd\">\n<td valign=\"middle\" width=\"32\"><\/td>\n<td valign=\"middle\">Leuchtkraft-Lm:<\/td>\n<td valign=\"middle\">2760<\/td>\n<\/tr>\n<tr class=\"even\">\n<td valign=\"middle\" width=\"32\"><\/td>\n<td valign=\"middle\">Art der LEDs:<\/td>\n<td valign=\"middle\">SMD 2835<\/td>\n<\/tr>\n<tr class=\"odd\">\n<td valign=\"middle\" width=\"32\"><\/td>\n<td valign=\"middle\">\u00d6ffnungswinkel (\u00ba):<\/td>\n<td valign=\"middle\">120\u00ba<\/td>\n<\/tr>\n<tr class=\"even\">\n<td valign=\"middle\" width=\"32\"><\/td>\n<td valign=\"middle\">Effizienz der LED-Diode (Lm\/W):<\/td>\n<td valign=\"middle\">160 Lm\/w<\/td>\n<\/tr>\n<tr class=\"odd\">\n<td valign=\"middle\" width=\"32\"><\/td>\n<td valign=\"middle\">Lichtausbeute (Lm\/W):<\/td>\n<td valign=\"middle\">115 Lm\/W<\/td>\n<\/tr>\n<tr class=\"even\">\n<td valign=\"middle\" width=\"32\"><\/td>\n<td valign=\"middle\">Bescheinigungen:<\/td>\n<td valign=\"middle\">CE - ROHS<\/td>\n<\/tr>\n<\/tbody>\n<\/table>\n<\/div>\n<div class=\"col-xs-12 col-md-6 2\">\n<table class=\"table table-data-sheet 2\">\n<tbody>\n<tr class=\"odd\">\n<td valign=\"middle\" width=\"32\"><\/td>\n<td valign=\"middle\">IP-Bewertung:<\/td>\n<td valign=\"middle\">IP40<\/td>\n<\/tr>\n<tr class=\"even\">\n<td valign=\"middle\" width=\"32\"><\/td>\n<td valign=\"middle\">Gesch\u00e4tzte Lebensdauer der LED-Diode (H):<\/td>\n<td valign=\"middle\">50.000<\/td>\n<\/tr>\n<tr class=\"odd\">\n<td valign=\"middle\" width=\"32\"><\/td>\n<td valign=\"middle\">Abmessungen (mm):<\/td>\n<td valign=\"middle\">595x295x30<\/td>\n<\/tr>\n<tr class=\"even\">\n<td valign=\"middle\" width=\"32\"><\/td>\n<td valign=\"middle\">Leistungsfaktor (PF):<\/td>\n<td valign=\"middle\">0.96<\/td>\n<\/tr>\n<tr class=\"odd\">\n<td valign=\"middle\" width=\"32\"><\/td>\n<td valign=\"middle\">Arbeitsfrequenz (Hz):<\/td>\n<td valign=\"middle\">50\/60Hz<\/td>\n<\/tr>\n<tr class=\"even\">\n<td valign=\"middle\" width=\"32\"><\/td>\n<td valign=\"middle\">Temperaturbereich (\u00baC):<\/td>\n<td valign=\"middle\">-20\u00b0C ~ +55\u00b0C<\/td>\n<\/tr>\n<tr class=\"odd\">\n<td valign=\"middle\" width=\"32\"><\/td>\n<td valign=\"middle\">Z\u00fcndungszyklen:<\/td>\n<td valign=\"middle\">100.000<\/td>\n<\/tr>\n<tr class=\"even\">\n<td valign=\"middle\" width=\"32\"><\/td>\n<td valign=\"middle\">Einschaltzeit (s):<\/td>\n<td valign=\"middle\">0,2s<\/td>\n<\/tr>\n<tr class=\"odd\">\n<td valign=\"middle\" width=\"32\"><\/td>\n<td valign=\"middle\">Treiber enthalten:<\/td>\n<td valign=\"middle\">YES<\/td>\n<\/tr>\n<tr class=\"even\">\n<td valign=\"middle\" width=\"32\"><\/td>\n<td valign=\"middle\">Energieklasse (2021-EU-2019\/2015):<\/td>\n<td valign=\"middle\">A+<\/td>\n<\/tr>\n<tr class=\"odd\">\n<td valign=\"middle\" width=\"32\"><\/td>\n<td valign=\"middle\">Gew\u00e4hrleistungsjahre:<\/td>\n<td valign=\"middle\">3<\/td>\n<\/tr>\n<\/tbody>\n<\/table>\n<p>&nbsp;<\/p>\n<\/div>\n<\/div>","protected":false},"excerpt":{"rendered":"<div class=\"col-md-12\"><i class=\"fa fa-truck\"><\/i>&nbsp;<span class=\"text-muted textprop\">Lieferung innerhalb von 24\/48 Stunden<\/span><div class=\"col-md-12\"><i class=\"fa fa-exchange\"><\/i>&nbsp;<span class=\"text-muted textprop\">Versicherte Garantie<\/span><\/div><div class=\"col-md-12\"><i class=\"fa fa-box\"><\/i>&nbsp;<span class=\"text-muted textprop\">8 Einheit(en) pro Masterbox<\/span><\/div><\/div>","protected":false},"featured_media":3688,"template":"","meta":{"site-sidebar-layout":"default","site-content-layout":"default","ast-global-header-display":"","ast-main-header-display":"","ast-hfb-above-header-display":"","ast-hfb-below-header-display":"","ast-hfb-mobile-header-display":"","site-post-title":"","ast-breadcrumbs-content":"","ast-featured-img":"","footer-sml-layout":"","theme-transparent-header-meta":"default","adv-header-id-meta":"","stick-header-meta":"","header-above-stick-meta":"","header-main-stick-meta":"","header-below-stick-meta":""},"product_cat":[31,104],"product_tag":[],"class_list":["post-3687","product","type-product","status-publish","has-post-thumbnail","hentry","product_cat-paneles-led","product_cat-paneles-led-paneles-led"],"_links":{"self":[{"href":"https:\/\/starlediluminacion.com\/de\/wp-json\/wp\/v3\/product\/3687","targetHints":{"allow":["GET"]}}],"collection":[{"href":"https:\/\/starlediluminacion.com\/de\/wp-json\/wp\/v3\/product"}],"about":[{"href":"https:\/\/starlediluminacion.com\/de\/wp-json\/wp\/v2\/types\/product"}],"wp:featuredmedia":[{"embeddable":true,"href":"https:\/\/starlediluminacion.com\/de\/wp-json\/wp\/v2\/media\/3688"}],"wp:attachment":[{"href":"https:\/\/starlediluminacion.com\/de\/wp-json\/wp\/v2\/media?parent=3687"}],"wp:term":[{"taxonomy":"product_cat","embeddable":true,"href":"https:\/\/starlediluminacion.com\/de\/wp-json\/wp\/v2\/product_cat?post=3687"},{"taxonomy":"product_tag","embeddable":true,"href":"https:\/\/starlediluminacion.com\/de\/wp-json\/wp\/v2\/product_tag?post=3687"}],"curies":[{"name":"wp","href":"https:\/\/api.w.org\/{rel}","templated":true}]}}