{"id":3583,"date":"2022-08-07T09:35:39","date_gmt":"2022-08-07T09:35:39","guid":{"rendered":"https:\/\/starlediluminacion.com\/?post_type=product&#038;p=3583"},"modified":"2025-10-18T10:29:53","modified_gmt":"2025-10-18T10:29:53","slug":"panel-colgante-led-doble-luz-120x20-40w-philips-certadrive-cct","status":"publish","type":"product","link":"https:\/\/starlediluminacion.com\/de\/product\/paneel-pendel-led-pendel-doppel-licht-120x20-40w-philips-certadrive-cct-2\/","title":{"rendered":"<p>led-pendelpanel - doppeltes licht - 120\u00d720 - 40w - certadrive - cct<\/p>"},"content":{"rendered":"<div class=\"product-info-line\">\n<p id=\"product_reference\"><label>Hinweis: sl<span class=\"editable\" style=\"font-size: 16px;\">90494<\/span><\/label><\/p>\n<p>unser&nbsp;<strong>paneel - certadrive - led 40w<\/strong>&nbsp;von&nbsp;<strong>Aufh\u00e4ngung<\/strong>&nbsp;hat ein Ma\u00df von&nbsp;<strong>195 mm x 1195 mm.<\/strong>&nbsp;Sein klares, einfaches und elegantes Design eignet sich unter anderem f\u00fcr Flure, K\u00fcchen, B\u00fcros und\/oder Gesch\u00e4ftsr\u00e4ume.<\/p>\n<p>die&nbsp;<strong>Platten<\/strong>&nbsp;<strong>120\u00d720<\/strong>&nbsp;<strong>gef\u00fchrt<\/strong>&nbsp;haben ein ausgekl\u00fcgeltes Design, das eine wirksame Lichtstreuung bewirkt, da die Reflektoren und Diffusoren trotz ihres feinen Designs in der Lage sind, ein homogenes Licht zu erzeugen, wie es nie zuvor von einem<strong>&nbsp;Deckenlampe<\/strong>.&nbsp;<strong>cct<\/strong>Farbtemperatur: w\u00e4hlbare Farbtemperatur.&nbsp;<strong>5 Jahre Garantie.<\/strong><\/p>\n<h1 dir=\"ltr\">LED-H\u00c4NGETAFEL&nbsp;<strong>- certadrive -<\/strong>&nbsp;Doppelleuchte - 120\u00d720 - 40w - wei\u00dfer Rahmen - cct: w\u00e4hlbare Farbe<\/h1>\n<p dir=\"ltr\">Das schlichte, saubere und elegante Design eignet sich f\u00fcr den Einsatz in Fluren, K\u00fcchen, B\u00fcros und\/oder Gesch\u00e4ftsr\u00e4umen, um nur einige zu nennen.&nbsp;<strong>195mm x 1195mm<\/strong>. hat eine&nbsp;<strong>Certa-Treiber<\/strong>&nbsp;hochfest&nbsp;<strong><\/strong>was die Lebensdauer des Panels erh\u00f6ht.<\/p>\n<p dir=\"ltr\">auf&nbsp;<strong>led paneel 120\u00d720<\/strong>&nbsp;verf\u00fcgt \u00fcber einen Lichtfarbenw\u00e4hler (6000k - kaltes Wei\u00df, 4000k - neutrales Wei\u00df, 3000k - warmes Wei\u00df), mit dem Sie den Raum an die von Ihnen gew\u00fcnschte Lichtfarbe anpassen und eine individuelle Atmosph\u00e4re nach Ihrem Geschmack schaffen k\u00f6nnen.<\/p>\n<p dir=\"ltr\">Die effiziente Leuchtdiode mit hoher Leuchtkraft erm\u00f6glicht es, ein gleichm\u00e4\u00dfiges Licht \u00fcber das gesamte Paneel zu liefern, was zusammen mit dem hochwertigen optischen pmma (nicht vergilbendes Methacrylat) eine optimale Ausnutzung der von den LED-Dioden abgegebenen Leuchtkraft erm\u00f6glicht; dies erm\u00f6glicht einen Vergleich mit herk\u00f6mmlichen Leuchtstoffpaneelen von bis zu 90 W, wodurch enorme Energieeinsparungen erzielt werden.<\/p>\n<p>mit seinem sofortigen und flackerfreien startsystem ist dieses led-panel ideal f\u00fcr orte, an denen man den beleuchteten raum maximieren und das licht gleichm\u00e4\u00dfig und blendfrei projizieren m\u00f6chte. sein \u00f6ffnungswinkel von 120\u00ba macht es perfekt f\u00fcr eine effektive beleuchtung.<\/p>\n<p dir=\"ltr\">seinen sehr hohen Farbwiedergabeindex von 85, der lebendige und nat\u00fcrliche Farben bietet.<\/p>\n<h2>verwendung des led-pendelpanels&nbsp;<strong>- certadrive -<\/strong>&nbsp;Doppelleuchte - 120\u00d720 - 40w - wei\u00dfer Rahmen - cct<\/h2>\n<ul>\n<li>B\u00fcros<\/li>\n<li>Krankenh\u00e4user<\/li>\n<li>Einkaufszentren<\/li>\n<li>Restaurants<\/li>\n<li>Superm\u00e4rkte<\/li>\n<li>Hotels<\/li>\n<\/ul>\n<h3 class=\"page-product-heading\">technische Details<\/h3>\n<div class=\"col-xs-12 col-md-6\">\n<table class=\"table table-data-sheet 1\">\n<tbody>\n<tr class=\"odd\">\n<td valign=\"middle\" width=\"32\"><\/td>\n<td valign=\"middle\">Hinweis :<\/td>\n<td valign=\"middle\">sl90494<\/td>\n<\/tr>\n<tr class=\"even\">\n<td valign=\"middle\" width=\"32\"><\/td>\n<td valign=\"middle\">Nennleistung :<\/td>\n<td valign=\"middle\">40w<\/td>\n<\/tr>\n<tr class=\"odd\">\n<td valign=\"middle\" width=\"32\"><\/td>\n<td valign=\"middle\">Nennspannung:<\/td>\n<td valign=\"middle\">175-265v<\/td>\n<\/tr>\n<tr class=\"even\">\n<td valign=\"middle\" width=\"32\"><\/td>\n<td valign=\"middle\">Lichttemperatur:<\/td>\n<td valign=\"middle\">W\u00e4hlbare Farbe: 3000k-4000k-6000k<\/td>\n<\/tr>\n<tr class=\"odd\">\n<td valign=\"middle\" width=\"32\"><\/td>\n<td valign=\"middle\">cri -index chromatische Wiedergabe:<\/td>\n<td valign=\"middle\">85<\/td>\n<\/tr>\n<tr class=\"even\">\n<td valign=\"middle\" width=\"32\"><\/td>\n<td valign=\"middle\">Baumaterial:<\/td>\n<td valign=\"middle\">Aluminium +pc<\/td>\n<\/tr>\n<tr class=\"odd\">\n<td valign=\"middle\" width=\"32\"><\/td>\n<td valign=\"middle\">Leuchtkraft-lm:<\/td>\n<td valign=\"middle\">4000<\/td>\n<\/tr>\n<tr class=\"even\">\n<td valign=\"middle\" width=\"32\"><\/td>\n<td valign=\"middle\">Art der LEDs:<\/td>\n<td valign=\"middle\">smd 4014<\/td>\n<\/tr>\n<tr class=\"odd\">\n<td valign=\"middle\" width=\"32\"><\/td>\n<td valign=\"middle\">\u00d6ffnungswinkel (\u00ba):<\/td>\n<td valign=\"middle\">120\u00ba<\/td>\n<\/tr>\n<tr class=\"even\">\n<td valign=\"middle\" width=\"32\"><\/td>\n<td valign=\"middle\">Wirkungsgrad der LED-Diode (lm\/w):<\/td>\n<td valign=\"middle\">130lm\/w<\/td>\n<\/tr>\n<tr class=\"odd\">\n<td valign=\"middle\" width=\"32\"><\/td>\n<td valign=\"middle\">Lichtausbeute (lm\/w):<\/td>\n<td valign=\"middle\">100lm\/w<\/td>\n<\/tr>\n<tr class=\"even\">\n<td valign=\"middle\" width=\"32\"><\/td>\n<td valign=\"middle\">Zertifikate:<\/td>\n<td valign=\"middle\">ce - rohs<\/td>\n<\/tr>\n<\/tbody>\n<\/table>\n<\/div>\n<div class=\"col-xs-12 col-md-6 2\">\n<table class=\"table table-data-sheet 2\">\n<tbody>\n<tr class=\"odd\">\n<td valign=\"middle\" width=\"32\"><\/td>\n<td valign=\"middle\">Grad von ip:<\/td>\n<td valign=\"middle\">ip40<\/td>\n<\/tr>\n<tr class=\"even\">\n<td valign=\"middle\" width=\"32\"><\/td>\n<td valign=\"middle\">gesch\u00e4tzte Lebensdauer der LED-Diode (h):<\/td>\n<td valign=\"middle\">50.000<\/td>\n<\/tr>\n<tr class=\"odd\">\n<td valign=\"middle\" width=\"32\"><\/td>\n<td valign=\"middle\">Abmessungen (mm):<\/td>\n<td valign=\"middle\">195x1195mm<\/td>\n<\/tr>\n<tr class=\"even\">\n<td valign=\"middle\" width=\"32\"><\/td>\n<td valign=\"middle\">Leistungsfaktor (pf):<\/td>\n<td valign=\"middle\">0.95<\/td>\n<\/tr>\n<tr class=\"odd\">\n<td valign=\"middle\" width=\"32\"><\/td>\n<td valign=\"middle\">Arbeitsfrequenz (hz):<\/td>\n<td valign=\"middle\">50\/60hz<\/td>\n<\/tr>\n<tr class=\"even\">\n<td valign=\"middle\" width=\"32\"><\/td>\n<td valign=\"middle\">Temperaturbereich (\u00baC):<\/td>\n<td valign=\"middle\">-20\u00b0c ~ +55\u00b0c<\/td>\n<\/tr>\n<tr class=\"odd\">\n<td valign=\"middle\" width=\"32\"><\/td>\n<td valign=\"middle\">Z\u00fcndzyklen:<\/td>\n<td valign=\"middle\">100.000<\/td>\n<\/tr>\n<tr class=\"even\">\n<td valign=\"middle\" width=\"32\"><\/td>\n<td valign=\"middle\">Anlaufzeit (s):<\/td>\n<td valign=\"middle\">0,2s<\/td>\n<\/tr>\n<tr class=\"odd\">\n<td valign=\"middle\" width=\"32\"><\/td>\n<td valign=\"middle\">Treiber enthalten:<\/td>\n<td valign=\"middle\"> certadrive<\/td>\n<\/tr>\n<tr class=\"even\">\n<td valign=\"middle\" width=\"32\"><\/td>\n<td valign=\"middle\">Energieklasse (2021-EU-2019\/2015):<\/td>\n<td valign=\"middle\">a+<\/td>\n<\/tr>\n<tr class=\"odd\">\n<td valign=\"middle\" width=\"32\"><\/td>\n<td valign=\"middle\">Garantiejahre:<\/td>\n<td valign=\"middle\">5<\/td>\n<\/tr>\n<\/tbody>\n<\/table>\n<p>&nbsp;<\/p>\n<\/div>\n<\/div>","protected":false},"excerpt":{"rendered":"<div class=\"col-md-12\"><i class=\"fa fa-truck\"><\/i>&nbsp;<span class=\"text-muted textprop\">Lieferung innerhalb von 24\/48 Stunden<\/span><div class=\"col-md-12\"><i class=\"fa fa-exchange\"><\/i>&nbsp;<span class=\"text-muted textprop\">Versicherte Garantie<\/span><\/div><div class=\"col-md-12\"><i class=\"fa fa-box\"><\/i>&nbsp;<span class=\"text-muted textprop\">5 Einheit(en) pro Masterbox<\/span><\/div><\/div>","protected":false},"featured_media":0,"template":"","meta":{"site-sidebar-layout":"default","site-content-layout":"default","ast-global-header-display":"","ast-main-header-display":"","ast-hfb-above-header-display":"","ast-hfb-below-header-display":"","ast-hfb-mobile-header-display":"","site-post-title":"","ast-breadcrumbs-content":"","ast-featured-img":"","footer-sml-layout":"","theme-transparent-header-meta":"default","adv-header-id-meta":"","stick-header-meta":"","header-above-stick-meta":"","header-main-stick-meta":"","header-below-stick-meta":""},"product_cat":[31,104],"product_tag":[],"class_list":["post-3583","product","type-product","status-publish","hentry","product_cat-paneles-led","product_cat-paneles-led-paneles-led"],"yoast_head":"<!-- This site is optimized with the Yoast SEO plugin v27.4 - https:\/\/yoast.com\/product\/yoast-seo-wordpress\/ -->\n<title>panel colgante led - doble luz - 120x20 - 40w - certadrive - cct - STARLED Iluminacion<\/title>\n<meta name=\"robots\" content=\"index, follow, max-snippet:-1, max-image-preview:large, max-video-preview:-1\" \/>\n<link rel=\"canonical\" href=\"https:\/\/starlediluminacion.com\/de\/product\/panel-pendant-led-pendant-double-light-120x20-40w-philips-certadrive-cct\/\" \/>\n<meta property=\"og:locale\" content=\"de_DE\" \/>\n<meta property=\"og:type\" content=\"article\" \/>\n<meta property=\"og:title\" content=\"panel colgante led - doble luz - 120x20 - 40w - certadrive - cct - STARLED Iluminacion\" \/>\n<meta property=\"og:description\" content=\"\u00a0Entrega en 24\/48 horas \u00a0Garant\u00eda asegurada \u00a05 unidad(es) por Masterbox\" \/>\n<meta property=\"og:url\" content=\"https:\/\/starlediluminacion.com\/de\/product\/panel-pendant-led-pendant-double-light-120x20-40w-philips-certadrive-cct\/\" \/>\n<meta property=\"og:site_name\" content=\"STARLED Iluminacion\" \/>\n<meta property=\"article:modified_time\" content=\"2025-10-18T10:29:53+00:00\" \/>\n<meta name=\"twitter:card\" content=\"summary_large_image\" \/>\n<meta name=\"twitter:label1\" content=\"Gesch\u00e4tzte Lesezeit\" \/>\n\t<meta name=\"twitter:data1\" content=\"2\u00a0Minuten\" \/>\n<script type=\"application\/ld+json\" class=\"yoast-schema-graph\">{\"@context\":\"https:\\\/\\\/schema.org\",\"@graph\":[{\"@type\":\"WebPage\",\"@id\":\"https:\\\/\\\/starlediluminacion.com\\\/en\\\/product\\\/panel-pendant-led-pendant-double-light-120x20-40w-philips-certadrive-cct\\\/\",\"url\":\"https:\\\/\\\/starlediluminacion.com\\\/en\\\/product\\\/panel-pendant-led-pendant-double-light-120x20-40w-philips-certadrive-cct\\\/\",\"name\":\"panel colgante led - doble luz - 120x20 - 40w - certadrive - cct - STARLED Iluminacion\",\"isPartOf\":{\"@id\":\"https:\\\/\\\/starlediluminacion.com\\\/#website\"},\"datePublished\":\"2022-08-07T09:35:39+00:00\",\"dateModified\":\"2025-10-18T10:29:53+00:00\",\"breadcrumb\":{\"@id\":\"https:\\\/\\\/starlediluminacion.com\\\/en\\\/product\\\/panel-pendant-led-pendant-double-light-120x20-40w-philips-certadrive-cct\\\/#breadcrumb\"},\"inLanguage\":\"de\",\"potentialAction\":[{\"@type\":\"ReadAction\",\"target\":[\"https:\\\/\\\/starlediluminacion.com\\\/en\\\/product\\\/panel-pendant-led-pendant-double-light-120x20-40w-philips-certadrive-cct\\\/\"]}]},{\"@type\":\"BreadcrumbList\",\"@id\":\"https:\\\/\\\/starlediluminacion.com\\\/en\\\/product\\\/panel-pendant-led-pendant-double-light-120x20-40w-philips-certadrive-cct\\\/#breadcrumb\",\"itemListElement\":[{\"@type\":\"ListItem\",\"position\":1,\"name\":\"Portada\",\"item\":\"https:\\\/\\\/starlediluminacion.com\\\/\"},{\"@type\":\"ListItem\",\"position\":2,\"name\":\"Shop\",\"item\":\"https:\\\/\\\/starlediluminacion.com\\\/shop-2\\\/\"},{\"@type\":\"ListItem\",\"position\":3,\"name\":\"panel colgante led &#8211; doble luz &#8211; 120&#215;20 &#8211; 40w &#8211; certadrive &#8211; cct\"}]},{\"@type\":\"WebSite\",\"@id\":\"https:\\\/\\\/starlediluminacion.com\\\/#website\",\"url\":\"https:\\\/\\\/starlediluminacion.com\\\/\",\"name\":\"STARLED Iluminacion\",\"description\":\"\",\"potentialAction\":[{\"@type\":\"SearchAction\",\"target\":{\"@type\":\"EntryPoint\",\"urlTemplate\":\"https:\\\/\\\/starlediluminacion.com\\\/?s={search_term_string}\"},\"query-input\":{\"@type\":\"PropertyValueSpecification\",\"valueRequired\":true,\"valueName\":\"search_term_string\"}}],\"inLanguage\":\"de\"}]}<\/script>\n<!-- \/ Yoast SEO plugin. -->","yoast_head_json":{"title":"panel colgante led - doble luz - 120x20 - 40w - certadrive - cct - STARLED Iluminacion","robots":{"index":"index","follow":"follow","max-snippet":"max-snippet:-1","max-image-preview":"max-image-preview:large","max-video-preview":"max-video-preview:-1"},"canonical":"https:\/\/starlediluminacion.com\/de\/product\/panel-pendant-led-pendant-double-light-120x20-40w-philips-certadrive-cct\/","og_locale":"de_DE","og_type":"article","og_title":"panel colgante led - doble luz - 120x20 - 40w - certadrive - cct - STARLED Iluminacion","og_description":"\u00a0Entrega en 24\/48 horas \u00a0Garant\u00eda asegurada \u00a05 unidad(es) por Masterbox","og_url":"https:\/\/starlediluminacion.com\/de\/product\/panel-pendant-led-pendant-double-light-120x20-40w-philips-certadrive-cct\/","og_site_name":"STARLED Iluminacion","article_modified_time":"2025-10-18T10:29:53+00:00","twitter_card":"summary_large_image","twitter_misc":{"Gesch\u00e4tzte Lesezeit":"2\u00a0Minuten"},"schema":{"@context":"https:\/\/schema.org","@graph":[{"@type":"WebPage","@id":"https:\/\/starlediluminacion.com\/en\/product\/panel-pendant-led-pendant-double-light-120x20-40w-philips-certadrive-cct\/","url":"https:\/\/starlediluminacion.com\/en\/product\/panel-pendant-led-pendant-double-light-120x20-40w-philips-certadrive-cct\/","name":"panel colgante led - doble luz - 120x20 - 40w - certadrive - cct - STARLED Iluminacion","isPartOf":{"@id":"https:\/\/starlediluminacion.com\/#website"},"datePublished":"2022-08-07T09:35:39+00:00","dateModified":"2025-10-18T10:29:53+00:00","breadcrumb":{"@id":"https:\/\/starlediluminacion.com\/en\/product\/panel-pendant-led-pendant-double-light-120x20-40w-philips-certadrive-cct\/#breadcrumb"},"inLanguage":"de","potentialAction":[{"@type":"ReadAction","target":["https:\/\/starlediluminacion.com\/en\/product\/panel-pendant-led-pendant-double-light-120x20-40w-philips-certadrive-cct\/"]}]},{"@type":"BreadcrumbList","@id":"https:\/\/starlediluminacion.com\/en\/product\/panel-pendant-led-pendant-double-light-120x20-40w-philips-certadrive-cct\/#breadcrumb","itemListElement":[{"@type":"ListItem","position":1,"name":"Portada","item":"https:\/\/starlediluminacion.com\/"},{"@type":"ListItem","position":2,"name":"Shop","item":"https:\/\/starlediluminacion.com\/shop-2\/"},{"@type":"ListItem","position":3,"name":"panel colgante led &#8211; doble luz &#8211; 120&#215;20 &#8211; 40w &#8211; certadrive &#8211; cct"}]},{"@type":"WebSite","@id":"https:\/\/starlediluminacion.com\/#website","url":"https:\/\/starlediluminacion.com\/","name":"STARLED Iluminacion","description":"","potentialAction":[{"@type":"SearchAction","target":{"@type":"EntryPoint","urlTemplate":"https:\/\/starlediluminacion.com\/?s={search_term_string}"},"query-input":{"@type":"PropertyValueSpecification","valueRequired":true,"valueName":"search_term_string"}}],"inLanguage":"de"}]}},"_links":{"self":[{"href":"https:\/\/starlediluminacion.com\/de\/wp-json\/wp\/v3\/product\/3583","targetHints":{"allow":["GET"]}}],"collection":[{"href":"https:\/\/starlediluminacion.com\/de\/wp-json\/wp\/v3\/product"}],"about":[{"href":"https:\/\/starlediluminacion.com\/de\/wp-json\/wp\/v2\/types\/product"}],"wp:attachment":[{"href":"https:\/\/starlediluminacion.com\/de\/wp-json\/wp\/v2\/media?parent=3583"}],"wp:term":[{"taxonomy":"product_cat","embeddable":true,"href":"https:\/\/starlediluminacion.com\/de\/wp-json\/wp\/v2\/product_cat?post=3583"},{"taxonomy":"product_tag","embeddable":true,"href":"https:\/\/starlediluminacion.com\/de\/wp-json\/wp\/v2\/product_tag?post=3583"}],"curies":[{"name":"wp","href":"https:\/\/api.w.org\/{rel}","templated":true}]}}