{"id":3538,"date":"2022-08-06T19:55:51","date_gmt":"2022-08-06T19:55:51","guid":{"rendered":"https:\/\/starlediluminacion.com\/?post_type=product&#038;p=3538"},"modified":"2022-10-23T08:24:15","modified_gmt":"2022-10-23T08:24:15","slug":"aro-supletorio-cubre-hueco-para-downlight-205cm","status":"publish","type":"product","link":"https:\/\/starlediluminacion.com\/de\/product\/aro-supletorio-cubre-hueco-para-downlight-205cm\/","title":{"rendered":"<p>Aro Supletorio cubre hueco para Downlight &ndash; 20,5cm<\/p>"},"content":{"rendered":"<div class=\"product-info-line\">\n<p id=\"product_reference\"><label>REFERENZ:<span style=\"font-size: 16px;\"> SL<\/span><span class=\"editable\" style=\"font-size: 16px;\">IL003<\/span><\/label><\/p>\n<p>Die&nbsp;<strong>Zus\u00e4tzlicher Ring<\/strong>&nbsp;ist ideal&nbsp;<strong>Abdeckung<\/strong>&nbsp;die&nbsp;<strong>L\u00f6cher<\/strong>&nbsp;Deckenausschnitte, die mit einem gr\u00f6\u00dferen \u00f8 als der Schnitt des Strahlers belassen wurden, damit Sie das Design Ihres Raums nicht verlieren.  Au\u00dferdem k\u00f6nnen Sie Ihre Leuchten individuell gestalten und Ihr eigenes, auf Ihre Bed\u00fcrfnisse zugeschnittenes Design kreieren.<\/p>\n<h1>Zus\u00e4tzlicher Ring deckt Aussparung f\u00fcr Downlights ab<\/h1>\n<p><strong>Wei\u00dfer Reifen<\/strong>&nbsp;mit einem eleganten Design, es wird empfohlen f\u00fcr die Verwendung f\u00fcr Teller oder&nbsp;<strong>Downlight<\/strong>&nbsp;schlank,&nbsp;<strong>Abdeckung<\/strong>&nbsp;a&nbsp;<strong>hohl<\/strong>&nbsp;gr\u00f6\u00dfer als der Scheinwerfer abdecken kann. Seine Abmessungen sind:<\/p>\n<p>&ndash; Corte interior:&nbsp;&oslash;152mm<\/p>\n<p>&ndash; Corte exterior:&nbsp;&oslash;204mm<\/p>\n<p>&nbsp;<\/p>\n<p>Este producto te permite tapar los huecos que han quedado muy grandes para la placa o downlight, de este modo los cortes de techo de hasta &oslash;205mm quedan cubiertos con el aro.<\/p>\n<p>Es ist perfekt f\u00fcr eine neue Baustelle. Er hat die Schutzart IP20 und ist damit ideal f\u00fcr den Einsatz in Innenr\u00e4umen.<\/p>\n<h2>Verwendungszwecke f\u00fcr Wei\u00dfring-Zusatzlochabdeckung f\u00fcr Downlights<\/h2>\n<ul>\n<li>Inl\u00e4ndische<\/li>\n<li>Professionell<\/li>\n<\/ul>\n<h3 class=\"page-product-heading\">TECHNISCHE DATEN<\/h3>\n<div class=\"col-xs-12 col-md-6\">\n<table class=\"table table-data-sheet 1\">\n<tbody>\n<tr class=\"odd\">\n<td valign=\"middle\" width=\"32\"><\/td>\n<td valign=\"middle\">REFERENZEN :<\/td>\n<td valign=\"middle\">SLIL003<\/td>\n<\/tr>\n<tr class=\"even\">\n<td valign=\"middle\" width=\"32\"><\/td>\n<td valign=\"middle\">Baumaterial:<\/td>\n<td valign=\"middle\">PMMA<\/td>\n<\/tr>\n<tr class=\"odd\">\n<td valign=\"middle\" width=\"32\"><\/td>\n<td valign=\"middle\">IP-Bewertung:<\/td>\n<td valign=\"middle\">IP20<\/td>\n<\/tr>\n<\/tbody>\n<\/table>\n<\/div>\n<div class=\"col-xs-12 col-md-6 2\">\n<table class=\"table table-data-sheet 2\">\n<tbody>\n<tr class=\"odd\">\n<td valign=\"middle\" width=\"32\"><\/td>\n<td valign=\"middle\">Abmessungen (mm):<\/td>\n<td valign=\"middle\">inside: &oslash;152mm outside: &oslash;204mm<\/td>\n<\/tr>\n<tr class=\"even\">\n<td valign=\"middle\" width=\"32\"><\/td>\n<td valign=\"middle\">Gew\u00e4hrleistungsjahre:<\/td>\n<td valign=\"middle\">2<\/td>\n<\/tr>\n<\/tbody>\n<\/table>\n<\/div>\n<p>&nbsp;<\/p>\n<\/div>","protected":false},"excerpt":{"rendered":"<div class=\"col-md-12\"><i class=\"fa fa-truck\"><\/i>&nbsp;<span class=\"text-muted textprop\">Lieferung innerhalb von 24\/48 Stunden<\/span><div class=\"col-md-12\"><i class=\"fa fa-exchange\"><\/i>&nbsp;<span class=\"text-muted textprop\">Versicherte Garantie<\/span><\/div><div class=\"col-md-12\"><i class=\"fa fa-box\"><\/i>&nbsp;<span class=\"text-muted textprop\">50 Einheit(en) pro Masterbox<\/span><\/div><div class=\"col-md-12 certificados\"><\/div><\/div>","protected":false},"featured_media":3547,"template":"","meta":{"site-sidebar-layout":"default","site-content-layout":"default","ast-global-header-display":"","ast-main-header-display":"","ast-hfb-above-header-display":"","ast-hfb-below-header-display":"","ast-hfb-mobile-header-display":"","site-post-title":"","ast-breadcrumbs-content":"","ast-featured-img":"","footer-sml-layout":"","theme-transparent-header-meta":"default","adv-header-id-meta":"","stick-header-meta":"","header-above-stick-meta":"","header-main-stick-meta":"","header-below-stick-meta":""},"product_cat":[71,27],"product_tag":[],"class_list":["post-3538","product","type-product","status-publish","has-post-thumbnail","hentry","product_cat-accesorios-downlight-led","product_cat-downlight-plafones-y-placas-led"],"yoast_head":"<!-- This site is optimized with the Yoast SEO plugin v27.4 - https:\/\/yoast.com\/product\/yoast-seo-wordpress\/ -->\n<title>Aro Supletorio cubre hueco para Downlight - 20,5cm - STARLED Iluminacion<\/title>\n<meta name=\"robots\" content=\"index, follow, max-snippet:-1, max-image-preview:large, max-video-preview:-1\" \/>\n<link rel=\"canonical\" href=\"https:\/\/starlediluminacion.com\/de\/product\/aro-supletorio-cubre-hueco-para-downlight-205cm\/\" \/>\n<meta property=\"og:locale\" content=\"de_DE\" \/>\n<meta property=\"og:type\" content=\"article\" \/>\n<meta property=\"og:title\" content=\"Aro Supletorio cubre hueco para Downlight - 20,5cm - STARLED Iluminacion\" \/>\n<meta property=\"og:description\" content=\"\u00a0Entrega en 24\/48 horas \u00a0Garant\u00eda asegurada \u00a050 unidad(es) por Masterbox\" \/>\n<meta property=\"og:url\" content=\"https:\/\/starlediluminacion.com\/de\/product\/aro-supletorio-cubre-hueco-para-downlight-205cm\/\" \/>\n<meta property=\"og:site_name\" content=\"STARLED Iluminacion\" \/>\n<meta property=\"article:modified_time\" content=\"2022-10-23T08:24:15+00:00\" \/>\n<meta property=\"og:image\" content=\"https:\/\/starlediluminacion.com\/wp-content\/uploads\/2022\/08\/aro-supletorio-cubre-hueco-downlight-205mm-factorled-6.webp\" \/>\n\t<meta property=\"og:image:width\" content=\"250\" \/>\n\t<meta property=\"og:image:height\" content=\"250\" \/>\n\t<meta property=\"og:image:type\" content=\"image\/webp\" \/>\n<meta name=\"twitter:card\" content=\"summary_large_image\" \/>\n<meta name=\"twitter:label1\" content=\"Gesch\u00e4tzte Lesezeit\" \/>\n\t<meta name=\"twitter:data1\" content=\"1\u00a0Minute\" \/>\n<script type=\"application\/ld+json\" class=\"yoast-schema-graph\">{\"@context\":\"https:\\\/\\\/schema.org\",\"@graph\":[{\"@type\":\"WebPage\",\"@id\":\"https:\\\/\\\/starlediluminacion.com\\\/producto\\\/aro-supletorio-cubre-hueco-para-downlight-205cm\\\/\",\"url\":\"https:\\\/\\\/starlediluminacion.com\\\/producto\\\/aro-supletorio-cubre-hueco-para-downlight-205cm\\\/\",\"name\":\"Aro Supletorio cubre hueco para Downlight - 20,5cm - STARLED Iluminacion\",\"isPartOf\":{\"@id\":\"https:\\\/\\\/starlediluminacion.com\\\/#website\"},\"primaryImageOfPage\":{\"@id\":\"https:\\\/\\\/starlediluminacion.com\\\/producto\\\/aro-supletorio-cubre-hueco-para-downlight-205cm\\\/#primaryimage\"},\"image\":{\"@id\":\"https:\\\/\\\/starlediluminacion.com\\\/producto\\\/aro-supletorio-cubre-hueco-para-downlight-205cm\\\/#primaryimage\"},\"thumbnailUrl\":\"https:\\\/\\\/starlediluminacion.com\\\/wp-content\\\/uploads\\\/2022\\\/08\\\/aro-supletorio-cubre-hueco-downlight-205mm-factorled-6.webp\",\"datePublished\":\"2022-08-06T19:55:51+00:00\",\"dateModified\":\"2022-10-23T08:24:15+00:00\",\"breadcrumb\":{\"@id\":\"https:\\\/\\\/starlediluminacion.com\\\/producto\\\/aro-supletorio-cubre-hueco-para-downlight-205cm\\\/#breadcrumb\"},\"inLanguage\":\"de\",\"potentialAction\":[{\"@type\":\"ReadAction\",\"target\":[\"https:\\\/\\\/starlediluminacion.com\\\/producto\\\/aro-supletorio-cubre-hueco-para-downlight-205cm\\\/\"]}]},{\"@type\":\"ImageObject\",\"inLanguage\":\"de\",\"@id\":\"https:\\\/\\\/starlediluminacion.com\\\/producto\\\/aro-supletorio-cubre-hueco-para-downlight-205cm\\\/#primaryimage\",\"url\":\"https:\\\/\\\/starlediluminacion.com\\\/wp-content\\\/uploads\\\/2022\\\/08\\\/aro-supletorio-cubre-hueco-downlight-205mm-factorled-6.webp\",\"contentUrl\":\"https:\\\/\\\/starlediluminacion.com\\\/wp-content\\\/uploads\\\/2022\\\/08\\\/aro-supletorio-cubre-hueco-downlight-205mm-factorled-6.webp\",\"width\":250,\"height\":250},{\"@type\":\"BreadcrumbList\",\"@id\":\"https:\\\/\\\/starlediluminacion.com\\\/producto\\\/aro-supletorio-cubre-hueco-para-downlight-205cm\\\/#breadcrumb\",\"itemListElement\":[{\"@type\":\"ListItem\",\"position\":1,\"name\":\"Portada\",\"item\":\"https:\\\/\\\/starlediluminacion.com\\\/\"},{\"@type\":\"ListItem\",\"position\":2,\"name\":\"Shop\",\"item\":\"https:\\\/\\\/starlediluminacion.com\\\/shop-2\\\/\"},{\"@type\":\"ListItem\",\"position\":3,\"name\":\"Aro Supletorio cubre hueco para Downlight &#8211; 20,5cm\"}]},{\"@type\":\"WebSite\",\"@id\":\"https:\\\/\\\/starlediluminacion.com\\\/#website\",\"url\":\"https:\\\/\\\/starlediluminacion.com\\\/\",\"name\":\"STARLED Iluminacion\",\"description\":\"\",\"potentialAction\":[{\"@type\":\"SearchAction\",\"target\":{\"@type\":\"EntryPoint\",\"urlTemplate\":\"https:\\\/\\\/starlediluminacion.com\\\/?s={search_term_string}\"},\"query-input\":{\"@type\":\"PropertyValueSpecification\",\"valueRequired\":true,\"valueName\":\"search_term_string\"}}],\"inLanguage\":\"de\"}]}<\/script>\n<!-- \/ Yoast SEO plugin. -->","yoast_head_json":{"title":"Aro Supletorio cubre hueco para Downlight - 20,5cm - STARLED Iluminacion","robots":{"index":"index","follow":"follow","max-snippet":"max-snippet:-1","max-image-preview":"max-image-preview:large","max-video-preview":"max-video-preview:-1"},"canonical":"https:\/\/starlediluminacion.com\/de\/product\/aro-supletorio-cubre-hueco-para-downlight-205cm\/","og_locale":"de_DE","og_type":"article","og_title":"Aro Supletorio cubre hueco para Downlight - 20,5cm - STARLED Iluminacion","og_description":"\u00a0Entrega en 24\/48 horas \u00a0Garant\u00eda asegurada \u00a050 unidad(es) por Masterbox","og_url":"https:\/\/starlediluminacion.com\/de\/product\/aro-supletorio-cubre-hueco-para-downlight-205cm\/","og_site_name":"STARLED Iluminacion","article_modified_time":"2022-10-23T08:24:15+00:00","og_image":[{"width":250,"height":250,"url":"https:\/\/starlediluminacion.com\/wp-content\/uploads\/2022\/08\/aro-supletorio-cubre-hueco-downlight-205mm-factorled-6.webp","type":"image\/webp"}],"twitter_card":"summary_large_image","twitter_misc":{"Gesch\u00e4tzte Lesezeit":"1\u00a0Minute"},"schema":{"@context":"https:\/\/schema.org","@graph":[{"@type":"WebPage","@id":"https:\/\/starlediluminacion.com\/producto\/aro-supletorio-cubre-hueco-para-downlight-205cm\/","url":"https:\/\/starlediluminacion.com\/producto\/aro-supletorio-cubre-hueco-para-downlight-205cm\/","name":"Aro Supletorio cubre hueco para Downlight - 20,5cm - STARLED Iluminacion","isPartOf":{"@id":"https:\/\/starlediluminacion.com\/#website"},"primaryImageOfPage":{"@id":"https:\/\/starlediluminacion.com\/producto\/aro-supletorio-cubre-hueco-para-downlight-205cm\/#primaryimage"},"image":{"@id":"https:\/\/starlediluminacion.com\/producto\/aro-supletorio-cubre-hueco-para-downlight-205cm\/#primaryimage"},"thumbnailUrl":"https:\/\/starlediluminacion.com\/wp-content\/uploads\/2022\/08\/aro-supletorio-cubre-hueco-downlight-205mm-factorled-6.webp","datePublished":"2022-08-06T19:55:51+00:00","dateModified":"2022-10-23T08:24:15+00:00","breadcrumb":{"@id":"https:\/\/starlediluminacion.com\/producto\/aro-supletorio-cubre-hueco-para-downlight-205cm\/#breadcrumb"},"inLanguage":"de","potentialAction":[{"@type":"ReadAction","target":["https:\/\/starlediluminacion.com\/producto\/aro-supletorio-cubre-hueco-para-downlight-205cm\/"]}]},{"@type":"ImageObject","inLanguage":"de","@id":"https:\/\/starlediluminacion.com\/producto\/aro-supletorio-cubre-hueco-para-downlight-205cm\/#primaryimage","url":"https:\/\/starlediluminacion.com\/wp-content\/uploads\/2022\/08\/aro-supletorio-cubre-hueco-downlight-205mm-factorled-6.webp","contentUrl":"https:\/\/starlediluminacion.com\/wp-content\/uploads\/2022\/08\/aro-supletorio-cubre-hueco-downlight-205mm-factorled-6.webp","width":250,"height":250},{"@type":"BreadcrumbList","@id":"https:\/\/starlediluminacion.com\/producto\/aro-supletorio-cubre-hueco-para-downlight-205cm\/#breadcrumb","itemListElement":[{"@type":"ListItem","position":1,"name":"Portada","item":"https:\/\/starlediluminacion.com\/"},{"@type":"ListItem","position":2,"name":"Shop","item":"https:\/\/starlediluminacion.com\/shop-2\/"},{"@type":"ListItem","position":3,"name":"Aro Supletorio cubre hueco para Downlight &#8211; 20,5cm"}]},{"@type":"WebSite","@id":"https:\/\/starlediluminacion.com\/#website","url":"https:\/\/starlediluminacion.com\/","name":"STARLED Iluminacion","description":"","potentialAction":[{"@type":"SearchAction","target":{"@type":"EntryPoint","urlTemplate":"https:\/\/starlediluminacion.com\/?s={search_term_string}"},"query-input":{"@type":"PropertyValueSpecification","valueRequired":true,"valueName":"search_term_string"}}],"inLanguage":"de"}]}},"_links":{"self":[{"href":"https:\/\/starlediluminacion.com\/de\/wp-json\/wp\/v3\/product\/3538","targetHints":{"allow":["GET"]}}],"collection":[{"href":"https:\/\/starlediluminacion.com\/de\/wp-json\/wp\/v3\/product"}],"about":[{"href":"https:\/\/starlediluminacion.com\/de\/wp-json\/wp\/v2\/types\/product"}],"wp:featuredmedia":[{"embeddable":true,"href":"https:\/\/starlediluminacion.com\/de\/wp-json\/wp\/v2\/media\/3547"}],"wp:attachment":[{"href":"https:\/\/starlediluminacion.com\/de\/wp-json\/wp\/v2\/media?parent=3538"}],"wp:term":[{"taxonomy":"product_cat","embeddable":true,"href":"https:\/\/starlediluminacion.com\/de\/wp-json\/wp\/v2\/product_cat?post=3538"},{"taxonomy":"product_tag","embeddable":true,"href":"https:\/\/starlediluminacion.com\/de\/wp-json\/wp\/v2\/product_tag?post=3538"}],"curies":[{"name":"wp","href":"https:\/\/api.w.org\/{rel}","templated":true}]}}