{"id":3466,"date":"2022-08-06T19:22:57","date_gmt":"2022-08-06T19:22:57","guid":{"rendered":"https:\/\/starlediluminacion.com\/?post_type=product&#038;p=3466"},"modified":"2022-10-23T09:39:01","modified_gmt":"2022-10-23T09:39:01","slug":"foco-empotrable-orientable-led-50w-24o","status":"publish","type":"product","link":"https:\/\/starlediluminacion.com\/de\/product\/foco-empotrable-orientable-led-50w-24o\/","title":{"rendered":"<p>Einstellbarer Einbaustrahler LED 50W 24\u00ba<\/p>"},"content":{"rendered":"<div class=\"product-info-line\">\n<p id=\"product_reference\"><label>REFERENZ: SL<span style=\"font-size: 16px;\">4825C2<\/span><\/label><\/p>\n<div class=\"hidden-xs parrafo\">\n<p>Unser Modell<strong>&nbsp;runde Einbauleuchte<\/strong>&nbsp;<strong>LED de&nbsp; 50W<\/strong>&nbsp;posee un &aacute;ngulo de rotaci&oacute;n vertical de 60&ordm; horizontal de 320&ordm;, dando un margen amplio para fijar la luz en la direcci&oacute;n deseada en cada momento. El &aacute;ngulo de apertura de la lente de 24 &ordm; permite enfatizar y acentuar los objetos.<\/p>\n<\/div>\n<div id=\"views_block-1\" class=\"clearfix\">\n<div id=\"thumbs_list\">\n<h1>Einstellbarer Einbaustrahler LED 50W 24\u00ba<\/h1>\n<p>&nbsp;<\/p>\n<p>Die hocheffiziente Lichtquelle und Technologie&nbsp;<strong>COB<\/strong>&nbsp;Er bietet eine hohe Leuchtkraft und ist ein perfekter Ersatz f\u00fcr herk\u00f6mmliche Strahler, die eine&nbsp;<strong>Einsparungen besser als 80%.<\/strong><\/p>\n<p>Mit seiner funktionalen&nbsp;<strong>kippbare Ausf\u00fchrung<\/strong>Wir k\u00f6nnen die Richtung, in der das Licht fokussiert wird, bis zu 60\u00ba \u00e4ndern. Auf diese Weise k\u00f6nnen wir den Lichtstrahl des Raumes an die Bed\u00fcrfnisse des Augenblicks anpassen, die erforderlich sind, in der Lage, es jederzeit in einer sehr einfachen Weise zu \u00e4ndern.<\/p>\n<p>Su elevado &iacute;ndice de reproducci&oacute;n crom&aacute;tica mayor a 80 garantiza una reproducci&oacute;n de los colores de forma natural.<\/p>\n<p>&nbsp;<\/p>\n<h2><strong>Aplicaciones del Foco Proyector LED Circular de 50W<\/strong><\/h2>\n<ul>\n<li>&nbsp;Gesch\u00e4fte<\/li>\n<li>&nbsp;Restaurants<\/li>\n<li>&nbsp;Museen<\/li>\n<li>&nbsp;Einkaufspassagen<\/li>\n<\/ul>\n<h3 class=\"page-product-heading\">TECHNISCHE DATEN<\/h3>\n<div class=\"col-xs-12 col-md-6\">\n<table class=\"table table-data-sheet 1\">\n<tbody>\n<tr class=\"odd\">\n<td valign=\"middle\" width=\"32\"><\/td>\n<td valign=\"middle\">REFERENZEN :<\/td>\n<td valign=\"middle\">SL4825<\/td>\n<\/tr>\n<tr class=\"even\">\n<td valign=\"middle\" width=\"32\"><\/td>\n<td valign=\"middle\">Nennleistung :<\/td>\n<td valign=\"middle\">50w<\/td>\n<\/tr>\n<tr class=\"odd\">\n<td valign=\"middle\" width=\"32\"><\/td>\n<td valign=\"middle\">Nennspannung:<\/td>\n<td valign=\"middle\">85V-265V<\/td>\n<\/tr>\n<tr class=\"even\">\n<td valign=\"middle\" width=\"32\"><\/td>\n<td valign=\"middle\">Lichttemperatur:<\/td>\n<td valign=\"middle\">4000K-6000K<\/td>\n<\/tr>\n<tr class=\"odd\">\n<td valign=\"middle\" width=\"32\"><\/td>\n<td valign=\"middle\">CRI - Farbwiedergabeindex:<\/td>\n<td valign=\"middle\">80<\/td>\n<\/tr>\n<tr class=\"even\">\n<td valign=\"middle\" width=\"32\"><\/td>\n<td valign=\"middle\">Baumaterial:<\/td>\n<td valign=\"middle\">Aluminium + Glas<\/td>\n<\/tr>\n<tr class=\"odd\">\n<td valign=\"middle\" width=\"32\"><\/td>\n<td valign=\"middle\">Leuchtkraft-Lm:<\/td>\n<td valign=\"middle\">5000<\/td>\n<\/tr>\n<tr class=\"even\">\n<td valign=\"middle\" width=\"32\"><\/td>\n<td valign=\"middle\">Art der LEDs:<\/td>\n<td valign=\"middle\">COB<\/td>\n<\/tr>\n<tr class=\"odd\">\n<td valign=\"middle\" width=\"32\"><\/td>\n<td valign=\"middle\">\u00d6ffnungswinkel (\u00ba):<\/td>\n<td valign=\"middle\">24\u00ba<\/td>\n<\/tr>\n<tr class=\"even\">\n<td valign=\"middle\" width=\"32\"><\/td>\n<td valign=\"middle\">Effizienz der LED-Diode (Lm\/W):<\/td>\n<td valign=\"middle\">120 Lm\/W<\/td>\n<\/tr>\n<tr class=\"odd\">\n<td valign=\"middle\" width=\"32\"><\/td>\n<td valign=\"middle\">Lichtausbeute (Lm\/W):<\/td>\n<td valign=\"middle\">100 Lm\/W<\/td>\n<\/tr>\n<tr class=\"even\">\n<td valign=\"middle\" width=\"32\"><\/td>\n<td valign=\"middle\">Bescheinigungen:<\/td>\n<td valign=\"middle\">CE - ROHS-T\u00dcV<\/td>\n<\/tr>\n<\/tbody>\n<\/table>\n<\/div>\n<div class=\"col-xs-12 col-md-6 2\">\n<table class=\"table table-data-sheet 2\">\n<tbody>\n<tr class=\"odd\">\n<td valign=\"middle\" width=\"32\"><\/td>\n<td valign=\"middle\">IP-Bewertung:<\/td>\n<td valign=\"middle\">IP20<\/td>\n<\/tr>\n<tr class=\"even\">\n<td valign=\"middle\" width=\"32\"><\/td>\n<td valign=\"middle\">Gesch\u00e4tzte Lebensdauer der LED-Diode (H):<\/td>\n<td valign=\"middle\">50.000<\/td>\n<\/tr>\n<tr class=\"odd\">\n<td valign=\"middle\" width=\"32\"><\/td>\n<td valign=\"middle\">Abmessungen (mm):<\/td>\n<td valign=\"middle\">\u00d8190mm x H 160 mm<\/td>\n<\/tr>\n<tr class=\"even\">\n<td valign=\"middle\" width=\"32\"><\/td>\n<td valign=\"middle\">Leistungsfaktor (PF):<\/td>\n<td valign=\"middle\">0.95<\/td>\n<\/tr>\n<tr class=\"odd\">\n<td valign=\"middle\" width=\"32\"><\/td>\n<td valign=\"middle\">Arbeitsfrequenz (Hz):<\/td>\n<td valign=\"middle\">50\/60Hz<\/td>\n<\/tr>\n<tr class=\"even\">\n<td valign=\"middle\" width=\"32\"><\/td>\n<td valign=\"middle\">Temperaturbereich (\u00baC):<\/td>\n<td valign=\"middle\">-20\u00b0C ~ +55\u00b0C<\/td>\n<\/tr>\n<tr class=\"odd\">\n<td valign=\"middle\" width=\"32\"><\/td>\n<td valign=\"middle\">Z\u00fcndungszyklen:<\/td>\n<td valign=\"middle\">100.000<\/td>\n<\/tr>\n<tr class=\"even\">\n<td valign=\"middle\" width=\"32\"><\/td>\n<td valign=\"middle\">Einschaltzeit (s):<\/td>\n<td valign=\"middle\">0,2s<\/td>\n<\/tr>\n<tr class=\"odd\">\n<td valign=\"middle\" width=\"32\"><\/td>\n<td valign=\"middle\">Deckenausschnitt (mm):<\/td>\n<td valign=\"middle\">\u00d8165mm<\/td>\n<\/tr>\n<tr class=\"even\">\n<td valign=\"middle\" width=\"32\"><\/td>\n<td valign=\"middle\">Treiber enthalten:<\/td>\n<td valign=\"middle\">YES<\/td>\n<\/tr>\n<tr class=\"odd\">\n<td valign=\"middle\" width=\"32\"><\/td>\n<td valign=\"middle\">Energieklasse (2021-EU-2019\/2015):<\/td>\n<td valign=\"middle\">A+<\/td>\n<\/tr>\n<tr class=\"even\">\n<td valign=\"middle\" width=\"32\"><\/td>\n<td valign=\"middle\">Gew\u00e4hrleistungsjahre:<\/td>\n<td valign=\"middle\">3<\/td>\n<\/tr>\n<\/tbody>\n<\/table>\n<\/div>\n<\/div>\n<\/div>\n<\/div>","protected":false},"excerpt":{"rendered":"<div class=\"col-md-12\"><i class=\"fa fa-truck\"><\/i>&nbsp;<span class=\"text-muted textprop\">Lieferung innerhalb von 24\/48 Stunden<\/span><div class=\"col-md-12\"><i class=\"fa fa-exchange\"><\/i>&nbsp;<span class=\"text-muted textprop\">Versicherte Garantie<\/span><\/div><div class=\"col-md-12\"><i class=\"fa fa-box\"><\/i>&nbsp;<span class=\"text-muted textprop\">12 Einheit(en) pro Masterbox<\/span><\/div><div><strong>FARBTEMPERATUR: 4000K\/6000K<\/strong><\/div><\/div>","protected":false},"featured_media":3481,"template":"","meta":{"site-sidebar-layout":"default","site-content-layout":"default","ast-global-header-display":"","ast-main-header-display":"","ast-hfb-above-header-display":"","ast-hfb-below-header-display":"","ast-hfb-mobile-header-display":"","site-post-title":"","ast-breadcrumbs-content":"","ast-featured-img":"","footer-sml-layout":"","theme-transparent-header-meta":"default","adv-header-id-meta":"","stick-header-meta":"","header-above-stick-meta":"","header-main-stick-meta":"","header-below-stick-meta":""},"product_cat":[27,70,32,79],"product_tag":[],"class_list":["post-3466","product","type-product","status-publish","has-post-thumbnail","hentry","product_cat-downlight-plafones-y-placas-led","product_cat-focos-downlight-led","product_cat-iluminacion-comercial-para-tienda","product_cat-iluminacion-led-de-acentuacion"],"_links":{"self":[{"href":"https:\/\/starlediluminacion.com\/de\/wp-json\/wp\/v3\/product\/3466","targetHints":{"allow":["GET"]}}],"collection":[{"href":"https:\/\/starlediluminacion.com\/de\/wp-json\/wp\/v3\/product"}],"about":[{"href":"https:\/\/starlediluminacion.com\/de\/wp-json\/wp\/v2\/types\/product"}],"wp:featuredmedia":[{"embeddable":true,"href":"https:\/\/starlediluminacion.com\/de\/wp-json\/wp\/v2\/media\/3481"}],"wp:attachment":[{"href":"https:\/\/starlediluminacion.com\/de\/wp-json\/wp\/v2\/media?parent=3466"}],"wp:term":[{"taxonomy":"product_cat","embeddable":true,"href":"https:\/\/starlediluminacion.com\/de\/wp-json\/wp\/v2\/product_cat?post=3466"},{"taxonomy":"product_tag","embeddable":true,"href":"https:\/\/starlediluminacion.com\/de\/wp-json\/wp\/v2\/product_tag?post=3466"}],"curies":[{"name":"wp","href":"https:\/\/api.w.org\/{rel}","templated":true}]}}