{"id":3453,"date":"2022-08-06T19:16:31","date_gmt":"2022-08-06T19:16:31","guid":{"rendered":"https:\/\/starlediluminacion.com\/?post_type=product&#038;p=3453"},"modified":"2022-08-12T16:26:29","modified_gmt":"2022-08-12T16:26:29","slug":"foco-empotrable-orientable-led-25w-24o-cct-color-seleccionable","status":"publish","type":"product","link":"https:\/\/starlediluminacion.com\/de\/product\/spotlight-empotrable-orientable-led-25w-24o-cct-farbe-wahlbar\/","title":{"rendered":"<p>Einbaustrahler LED 25W 24\u00ba - CCT - Farbe w\u00e4hlbar<\/p>"},"content":{"rendered":"<div class=\"product-info-line\">\n<p id=\"product_reference\"><label>REFERENZ: SL<span style=\"font-size: 16px;\">4824<\/span><\/label><\/p>\n<div class=\"hidden-xs parrafo\">\n<p><strong>W\u00c4HLBARE FARBE:<\/strong>&nbsp;Unser Modell&nbsp;<strong>runde LED-Einbauleuchte<\/strong>&nbsp;von&nbsp;<strong>25W<\/strong>&nbsp;hat einen vertikalen Drehwinkel von 60\u00b0 und einen horizontalen Drehwinkel von 320\u00b0, was einen weiten Bereich ergibt, um das Licht zu jedem Zeitpunkt in die gew\u00fcnschte Richtung zu lenken. Die&nbsp;<strong>\u00d6ffnungswinkel&nbsp;<\/strong>der Linse von<strong>&nbsp;24\u00ba<\/strong>&nbsp;erm\u00f6glicht es Ihnen, Objekte zu betonen und hervorzuheben, ohne dass es zu Verzerrungen kommt, dank seines Reflektors.<\/p>\n<\/div>\n<div id=\"views_block-1\" class=\"clearfix\">\n<div id=\"thumbs_list\">\n<h1>Einbaustrahler LED 25W 24\u00ba 3000K-4000K-6000K<\/h1>\n<p>Die<strong>&nbsp;Orientierbarer Scheinwerfer<\/strong>&nbsp;mit der Kraft von&nbsp;<strong>25w<\/strong>&nbsp;zeichnet sich durch seine einfache Bedienung aus und erm\u00f6glicht eine pr\u00e4zise und individuelle Beleuchtung in jedem Innenraum. Sein System&nbsp;<strong>versenkt<\/strong>&nbsp;tr\u00e4gt dazu bei, dass die Installation \u00fcberhaupt nicht kompliziert ist. Mit dieser Art von<strong>&nbsp;LED-Leuchte<\/strong>&nbsp;k\u00f6nnen Sie eine ma\u00dfgeschneiderte Beleuchtung f\u00fcr jede Art von Unternehmen erhalten.<\/p>\n<p>Die hocheffiziente Lichtquelle mit&nbsp;<strong>COB<\/strong>&nbsp;Er bietet eine hohe Leuchtkraft und ist ein perfekter Ersatz f\u00fcr herk\u00f6mmliche Strahler, die eine&nbsp;<strong>Einsparungen besser als 80%.<\/strong><\/p>\n<p>Mit seiner funktionalen&nbsp;<strong>kippbare Ausf\u00fchrung<\/strong>Auf diese Weise k\u00f6nnen wir das Lichtb\u00fcndel des Raums an die aktuellen Bed\u00fcrfnisse anpassen und es jederzeit auf einfache Weise \u00e4ndern.<\/p>\n<p>Ihr&nbsp;<strong>hoher Farbwiedergabeindex<\/strong>&nbsp;von mehr als 80 gew\u00e4hrleistet eine nat\u00fcrliche Farbwiedergabe.<\/p>\n<p>Der gebogene Spiegelreflektor aus poliertem Aluminium gibt uns ein Grundlicht mit konzentrierteren Winkeln, um die ausgestellten Elemente zu betonen, ohne akzentuierte Schatten auf den Gegenst\u00e4nden zu verursachen. Auf diese Weise erhalten wir ein&nbsp;<strong>24\u00ba Prim\u00e4rwinkel<\/strong>&nbsp;Grad, ohne jedoch das von der Leuchte abgegebene Licht zu verzerren.<\/p>\n<p>&nbsp;<\/p>\n<h2><strong>Verwendungen des&nbsp;<\/strong>Einbaustrahler LED 25W COLOUR SELECCIONABLE<\/h2>\n<ul>\n<li>&nbsp;Gesch\u00e4fte<\/li>\n<li>&nbsp;Restaurants<\/li>\n<li>&nbsp;Museen<\/li>\n<li>&nbsp;Einkaufspassagen<\/li>\n<li>&nbsp;Einkaufszentren<\/li>\n<li>&nbsp;\u00c4mter<\/li>\n<li>&nbsp;Korridore<\/li>\n<li>&nbsp;Schaukasten<\/li>\n<\/ul>\n<h3 class=\"page-product-heading\">TECHNISCHE DATEN<\/h3>\n<div class=\"col-xs-12 col-md-6\">\n<table class=\"table table-data-sheet 1\">\n<tbody>\n<tr class=\"odd\">\n<td valign=\"middle\" width=\"32\"><\/td>\n<td valign=\"middle\">REFERENZEN :<\/td>\n<td valign=\"middle\">SL4824<\/td>\n<\/tr>\n<tr class=\"even\">\n<td valign=\"middle\" width=\"32\"><\/td>\n<td valign=\"middle\">Nennleistung :<\/td>\n<td valign=\"middle\">25w<\/td>\n<\/tr>\n<tr class=\"odd\">\n<td valign=\"middle\" width=\"32\"><\/td>\n<td valign=\"middle\">Nennspannung:<\/td>\n<td valign=\"middle\">85V-265V<\/td>\n<\/tr>\n<tr class=\"even\">\n<td valign=\"middle\" width=\"32\"><\/td>\n<td valign=\"middle\">Lichttemperatur:<\/td>\n<td valign=\"middle\">W\u00c4HLBARE FARBE: 3000K-4000K-6000K<\/td>\n<\/tr>\n<tr class=\"odd\">\n<td valign=\"middle\" width=\"32\"><\/td>\n<td valign=\"middle\">CRI - Farbwiedergabeindex:<\/td>\n<td valign=\"middle\">90<\/td>\n<\/tr>\n<tr class=\"even\">\n<td valign=\"middle\" width=\"32\"><\/td>\n<td valign=\"middle\">Baumaterial:<\/td>\n<td valign=\"middle\">Aluminium + Glas<\/td>\n<\/tr>\n<tr class=\"odd\">\n<td valign=\"middle\" width=\"32\"><\/td>\n<td valign=\"middle\">Leuchtkraft-Lm:<\/td>\n<td valign=\"middle\">2500 Lm<\/td>\n<\/tr>\n<tr class=\"even\">\n<td valign=\"middle\" width=\"32\"><\/td>\n<td valign=\"middle\">Art der LEDs:<\/td>\n<td valign=\"middle\">COB<\/td>\n<\/tr>\n<tr class=\"odd\">\n<td valign=\"middle\" width=\"32\"><\/td>\n<td valign=\"middle\">\u00d6ffnungswinkel (\u00ba):<\/td>\n<td valign=\"middle\">24\u00ba<\/td>\n<\/tr>\n<tr class=\"even\">\n<td valign=\"middle\" width=\"32\"><\/td>\n<td valign=\"middle\">Effizienz der LED-Diode (Lm\/W):<\/td>\n<td valign=\"middle\">120 Lm\/W<\/td>\n<\/tr>\n<tr class=\"odd\">\n<td valign=\"middle\" width=\"32\"><\/td>\n<td valign=\"middle\">Lichtausbeute (Lm\/W):<\/td>\n<td valign=\"middle\">100 Lm\/W<\/td>\n<\/tr>\n<tr class=\"even\">\n<td valign=\"middle\" width=\"32\"><\/td>\n<td valign=\"middle\">Bescheinigungen:<\/td>\n<td valign=\"middle\">CE - ROHS-T\u00dcV<\/td>\n<\/tr>\n<\/tbody>\n<\/table>\n<\/div>\n<div class=\"col-xs-12 col-md-6 2\">\n<table class=\"table table-data-sheet 2\">\n<tbody>\n<tr class=\"odd\">\n<td valign=\"middle\" width=\"32\"><\/td>\n<td valign=\"middle\">IP-Bewertung:<\/td>\n<td valign=\"middle\">IP20<\/td>\n<\/tr>\n<tr class=\"even\">\n<td valign=\"middle\" width=\"32\"><\/td>\n<td valign=\"middle\">Gesch\u00e4tzte Lebensdauer der LED-Diode (H):<\/td>\n<td valign=\"middle\">50.000<\/td>\n<\/tr>\n<tr class=\"odd\">\n<td valign=\"middle\" width=\"32\"><\/td>\n<td valign=\"middle\">Abmessungen (mm):<\/td>\n<td valign=\"middle\">\u00d8 140 mm x H 100mm<\/td>\n<\/tr>\n<tr class=\"even\">\n<td valign=\"middle\" width=\"32\"><\/td>\n<td valign=\"middle\">Leistungsfaktor (PF):<\/td>\n<td valign=\"middle\">0.95<\/td>\n<\/tr>\n<tr class=\"odd\">\n<td valign=\"middle\" width=\"32\"><\/td>\n<td valign=\"middle\">Arbeitsfrequenz (Hz):<\/td>\n<td valign=\"middle\">50\/60Hz<\/td>\n<\/tr>\n<tr class=\"even\">\n<td valign=\"middle\" width=\"32\"><\/td>\n<td valign=\"middle\">Temperaturbereich (\u00baC):<\/td>\n<td valign=\"middle\">-20\u00b0C ~ +55\u00b0C<\/td>\n<\/tr>\n<tr class=\"odd\">\n<td valign=\"middle\" width=\"32\"><\/td>\n<td valign=\"middle\">Z\u00fcndungszyklen:<\/td>\n<td valign=\"middle\">100.000<\/td>\n<\/tr>\n<tr class=\"even\">\n<td valign=\"middle\" width=\"32\"><\/td>\n<td valign=\"middle\">Einschaltzeit (s):<\/td>\n<td valign=\"middle\">0,2s<\/td>\n<\/tr>\n<tr class=\"odd\">\n<td valign=\"middle\" width=\"32\"><\/td>\n<td valign=\"middle\">Deckenausschnitt (mm):<\/td>\n<td valign=\"middle\">\u00d8 110 mm<\/td>\n<\/tr>\n<tr class=\"even\">\n<td valign=\"middle\" width=\"32\"><\/td>\n<td valign=\"middle\">Treiber enthalten:<\/td>\n<td valign=\"middle\">YES<\/td>\n<\/tr>\n<tr class=\"odd\">\n<td valign=\"middle\" width=\"32\"><\/td>\n<td valign=\"middle\">Energieklasse (2021-EU-2019\/2015):<\/td>\n<td valign=\"middle\">A+<\/td>\n<\/tr>\n<tr class=\"even\">\n<td valign=\"middle\" width=\"32\"><\/td>\n<td valign=\"middle\">Gew\u00e4hrleistungsjahre:<\/td>\n<td valign=\"middle\">3<\/td>\n<\/tr>\n<\/tbody>\n<\/table>\n<p>&nbsp;<\/p>\n<\/div>\n<\/div>\n<\/div>\n<\/div>","protected":false},"excerpt":{"rendered":"<div class=\"col-md-12\"><i class=\"fa fa-truck\"><\/i>&nbsp;<span class=\"text-muted textprop\">Lieferung innerhalb von 24\/48 Stunden<\/span><div class=\"col-md-12\"><i class=\"fa fa-exchange\"><\/i>&nbsp;<span class=\"text-muted textprop\">Versicherte Garantie<\/span><\/div><div class=\"col-md-12\"><i class=\"fa fa-box\"><\/i>&nbsp;<span class=\"text-muted textprop\">24 Einheit(en) pro Masterbox<\/span><\/div><div><\/div><\/div>","protected":false},"featured_media":3454,"template":"","meta":{"site-sidebar-layout":"default","site-content-layout":"default","ast-global-header-display":"","ast-main-header-display":"","ast-hfb-above-header-display":"","ast-hfb-below-header-display":"","ast-hfb-mobile-header-display":"","site-post-title":"","ast-breadcrumbs-content":"","ast-featured-img":"","footer-sml-layout":"","theme-transparent-header-meta":"default","adv-header-id-meta":"","stick-header-meta":"","header-above-stick-meta":"","header-main-stick-meta":"","header-below-stick-meta":""},"product_cat":[27,32,79],"product_tag":[],"class_list":["post-3453","product","type-product","status-publish","has-post-thumbnail","hentry","product_cat-downlight-plafones-y-placas-led","product_cat-iluminacion-comercial-para-tienda","product_cat-iluminacion-led-de-acentuacion"],"yoast_head":"<!-- This site is optimized with the Yoast SEO plugin v27.4 - https:\/\/yoast.com\/product\/yoast-seo-wordpress\/ -->\n<title>Foco Empotrable Orientable LED 25W 24\u00ba - CCT- Color Seleccionable - STARLED Iluminacion<\/title>\n<meta name=\"robots\" content=\"index, follow, max-snippet:-1, max-image-preview:large, max-video-preview:-1\" \/>\n<link rel=\"canonical\" href=\"https:\/\/starlediluminacion.com\/de\/product\/faretto-empotrable-orientable-led-25w-24o-cct-colore-selezionabile\/\" \/>\n<meta property=\"og:locale\" content=\"de_DE\" \/>\n<meta property=\"og:type\" content=\"article\" \/>\n<meta property=\"og:title\" content=\"Foco Empotrable Orientable LED 25W 24\u00ba - CCT- Color Seleccionable - STARLED Iluminacion\" \/>\n<meta property=\"og:description\" content=\"\u00a0Entrega en 24\/48 horas \u00a0Garant\u00eda asegurada \u00a024 unidad(es) por Masterbox\" \/>\n<meta property=\"og:url\" content=\"https:\/\/starlediluminacion.com\/de\/product\/faretto-empotrable-orientable-led-25w-24o-cct-colore-selezionabile\/\" \/>\n<meta property=\"og:site_name\" content=\"STARLED Iluminacion\" \/>\n<meta property=\"article:modified_time\" content=\"2022-08-12T16:26:29+00:00\" \/>\n<meta property=\"og:image\" content=\"https:\/\/starlediluminacion.com\/wp-content\/uploads\/2022\/08\/foco-empotrable-orientable-led-25w-factorled-1.jpg\" \/>\n\t<meta property=\"og:image:width\" content=\"1000\" \/>\n\t<meta property=\"og:image:height\" content=\"1000\" \/>\n\t<meta property=\"og:image:type\" content=\"image\/jpeg\" \/>\n<meta name=\"twitter:card\" content=\"summary_large_image\" \/>\n<meta name=\"twitter:label1\" content=\"Gesch\u00e4tzte Lesezeit\" \/>\n\t<meta name=\"twitter:data1\" content=\"2\u00a0Minuten\" \/>\n<script type=\"application\/ld+json\" class=\"yoast-schema-graph\">{\"@context\":\"https:\\\/\\\/schema.org\",\"@graph\":[{\"@type\":\"WebPage\",\"@id\":\"https:\\\/\\\/starlediluminacion.com\\\/it\\\/product\\\/faretto-empotrable-orientable-led-25w-24o-cct-colore-selezionabile\\\/\",\"url\":\"https:\\\/\\\/starlediluminacion.com\\\/it\\\/product\\\/faretto-empotrable-orientable-led-25w-24o-cct-colore-selezionabile\\\/\",\"name\":\"Foco Empotrable Orientable LED 25W 24\u00ba - CCT- Color Seleccionable - STARLED Iluminacion\",\"isPartOf\":{\"@id\":\"https:\\\/\\\/starlediluminacion.com\\\/#website\"},\"primaryImageOfPage\":{\"@id\":\"https:\\\/\\\/starlediluminacion.com\\\/it\\\/product\\\/faretto-empotrable-orientable-led-25w-24o-cct-colore-selezionabile\\\/#primaryimage\"},\"image\":{\"@id\":\"https:\\\/\\\/starlediluminacion.com\\\/it\\\/product\\\/faretto-empotrable-orientable-led-25w-24o-cct-colore-selezionabile\\\/#primaryimage\"},\"thumbnailUrl\":\"https:\\\/\\\/starlediluminacion.com\\\/wp-content\\\/uploads\\\/2022\\\/08\\\/foco-empotrable-orientable-led-25w-factorled-1.jpg\",\"datePublished\":\"2022-08-06T19:16:31+00:00\",\"dateModified\":\"2022-08-12T16:26:29+00:00\",\"breadcrumb\":{\"@id\":\"https:\\\/\\\/starlediluminacion.com\\\/it\\\/product\\\/faretto-empotrable-orientable-led-25w-24o-cct-colore-selezionabile\\\/#breadcrumb\"},\"inLanguage\":\"de\",\"potentialAction\":[{\"@type\":\"ReadAction\",\"target\":[\"https:\\\/\\\/starlediluminacion.com\\\/it\\\/product\\\/faretto-empotrable-orientable-led-25w-24o-cct-colore-selezionabile\\\/\"]}]},{\"@type\":\"ImageObject\",\"inLanguage\":\"de\",\"@id\":\"https:\\\/\\\/starlediluminacion.com\\\/it\\\/product\\\/faretto-empotrable-orientable-led-25w-24o-cct-colore-selezionabile\\\/#primaryimage\",\"url\":\"https:\\\/\\\/starlediluminacion.com\\\/wp-content\\\/uploads\\\/2022\\\/08\\\/foco-empotrable-orientable-led-25w-factorled-1.jpg\",\"contentUrl\":\"https:\\\/\\\/starlediluminacion.com\\\/wp-content\\\/uploads\\\/2022\\\/08\\\/foco-empotrable-orientable-led-25w-factorled-1.jpg\",\"width\":1000,\"height\":1000},{\"@type\":\"BreadcrumbList\",\"@id\":\"https:\\\/\\\/starlediluminacion.com\\\/it\\\/product\\\/faretto-empotrable-orientable-led-25w-24o-cct-colore-selezionabile\\\/#breadcrumb\",\"itemListElement\":[{\"@type\":\"ListItem\",\"position\":1,\"name\":\"Portada\",\"item\":\"https:\\\/\\\/starlediluminacion.com\\\/\"},{\"@type\":\"ListItem\",\"position\":2,\"name\":\"Shop\",\"item\":\"https:\\\/\\\/starlediluminacion.com\\\/shop-2\\\/\"},{\"@type\":\"ListItem\",\"position\":3,\"name\":\"Foco Empotrable Orientable LED 25W 24\u00ba &#8211; CCT- Color Seleccionable\"}]},{\"@type\":\"WebSite\",\"@id\":\"https:\\\/\\\/starlediluminacion.com\\\/#website\",\"url\":\"https:\\\/\\\/starlediluminacion.com\\\/\",\"name\":\"STARLED Iluminacion\",\"description\":\"\",\"potentialAction\":[{\"@type\":\"SearchAction\",\"target\":{\"@type\":\"EntryPoint\",\"urlTemplate\":\"https:\\\/\\\/starlediluminacion.com\\\/?s={search_term_string}\"},\"query-input\":{\"@type\":\"PropertyValueSpecification\",\"valueRequired\":true,\"valueName\":\"search_term_string\"}}],\"inLanguage\":\"de\"}]}<\/script>\n<!-- \/ Yoast SEO plugin. -->","yoast_head_json":{"title":"Foco Empotrable Orientable LED 25W 24\u00ba - CCT- Color Seleccionable - STARLED Iluminacion","robots":{"index":"index","follow":"follow","max-snippet":"max-snippet:-1","max-image-preview":"max-image-preview:large","max-video-preview":"max-video-preview:-1"},"canonical":"https:\/\/starlediluminacion.com\/de\/product\/faretto-empotrable-orientable-led-25w-24o-cct-colore-selezionabile\/","og_locale":"de_DE","og_type":"article","og_title":"Foco Empotrable Orientable LED 25W 24\u00ba - CCT- Color Seleccionable - STARLED Iluminacion","og_description":"\u00a0Entrega en 24\/48 horas \u00a0Garant\u00eda asegurada \u00a024 unidad(es) por Masterbox","og_url":"https:\/\/starlediluminacion.com\/de\/product\/faretto-empotrable-orientable-led-25w-24o-cct-colore-selezionabile\/","og_site_name":"STARLED Iluminacion","article_modified_time":"2022-08-12T16:26:29+00:00","og_image":[{"width":1000,"height":1000,"url":"https:\/\/starlediluminacion.com\/wp-content\/uploads\/2022\/08\/foco-empotrable-orientable-led-25w-factorled-1.jpg","type":"image\/jpeg"}],"twitter_card":"summary_large_image","twitter_misc":{"Gesch\u00e4tzte Lesezeit":"2\u00a0Minuten"},"schema":{"@context":"https:\/\/schema.org","@graph":[{"@type":"WebPage","@id":"https:\/\/starlediluminacion.com\/it\/product\/faretto-empotrable-orientable-led-25w-24o-cct-colore-selezionabile\/","url":"https:\/\/starlediluminacion.com\/it\/product\/faretto-empotrable-orientable-led-25w-24o-cct-colore-selezionabile\/","name":"Foco Empotrable Orientable LED 25W 24\u00ba - CCT- Color Seleccionable - STARLED Iluminacion","isPartOf":{"@id":"https:\/\/starlediluminacion.com\/#website"},"primaryImageOfPage":{"@id":"https:\/\/starlediluminacion.com\/it\/product\/faretto-empotrable-orientable-led-25w-24o-cct-colore-selezionabile\/#primaryimage"},"image":{"@id":"https:\/\/starlediluminacion.com\/it\/product\/faretto-empotrable-orientable-led-25w-24o-cct-colore-selezionabile\/#primaryimage"},"thumbnailUrl":"https:\/\/starlediluminacion.com\/wp-content\/uploads\/2022\/08\/foco-empotrable-orientable-led-25w-factorled-1.jpg","datePublished":"2022-08-06T19:16:31+00:00","dateModified":"2022-08-12T16:26:29+00:00","breadcrumb":{"@id":"https:\/\/starlediluminacion.com\/it\/product\/faretto-empotrable-orientable-led-25w-24o-cct-colore-selezionabile\/#breadcrumb"},"inLanguage":"de","potentialAction":[{"@type":"ReadAction","target":["https:\/\/starlediluminacion.com\/it\/product\/faretto-empotrable-orientable-led-25w-24o-cct-colore-selezionabile\/"]}]},{"@type":"ImageObject","inLanguage":"de","@id":"https:\/\/starlediluminacion.com\/it\/product\/faretto-empotrable-orientable-led-25w-24o-cct-colore-selezionabile\/#primaryimage","url":"https:\/\/starlediluminacion.com\/wp-content\/uploads\/2022\/08\/foco-empotrable-orientable-led-25w-factorled-1.jpg","contentUrl":"https:\/\/starlediluminacion.com\/wp-content\/uploads\/2022\/08\/foco-empotrable-orientable-led-25w-factorled-1.jpg","width":1000,"height":1000},{"@type":"BreadcrumbList","@id":"https:\/\/starlediluminacion.com\/it\/product\/faretto-empotrable-orientable-led-25w-24o-cct-colore-selezionabile\/#breadcrumb","itemListElement":[{"@type":"ListItem","position":1,"name":"Portada","item":"https:\/\/starlediluminacion.com\/"},{"@type":"ListItem","position":2,"name":"Shop","item":"https:\/\/starlediluminacion.com\/shop-2\/"},{"@type":"ListItem","position":3,"name":"Foco Empotrable Orientable LED 25W 24\u00ba &#8211; CCT- Color Seleccionable"}]},{"@type":"WebSite","@id":"https:\/\/starlediluminacion.com\/#website","url":"https:\/\/starlediluminacion.com\/","name":"STARLED Iluminacion","description":"","potentialAction":[{"@type":"SearchAction","target":{"@type":"EntryPoint","urlTemplate":"https:\/\/starlediluminacion.com\/?s={search_term_string}"},"query-input":{"@type":"PropertyValueSpecification","valueRequired":true,"valueName":"search_term_string"}}],"inLanguage":"de"}]}},"_links":{"self":[{"href":"https:\/\/starlediluminacion.com\/de\/wp-json\/wp\/v3\/product\/3453","targetHints":{"allow":["GET"]}}],"collection":[{"href":"https:\/\/starlediluminacion.com\/de\/wp-json\/wp\/v3\/product"}],"about":[{"href":"https:\/\/starlediluminacion.com\/de\/wp-json\/wp\/v2\/types\/product"}],"wp:featuredmedia":[{"embeddable":true,"href":"https:\/\/starlediluminacion.com\/de\/wp-json\/wp\/v2\/media\/3454"}],"wp:attachment":[{"href":"https:\/\/starlediluminacion.com\/de\/wp-json\/wp\/v2\/media?parent=3453"}],"wp:term":[{"taxonomy":"product_cat","embeddable":true,"href":"https:\/\/starlediluminacion.com\/de\/wp-json\/wp\/v2\/product_cat?post=3453"},{"taxonomy":"product_tag","embeddable":true,"href":"https:\/\/starlediluminacion.com\/de\/wp-json\/wp\/v2\/product_tag?post=3453"}],"curies":[{"name":"wp","href":"https:\/\/api.w.org\/{rel}","templated":true}]}}