{"id":3428,"date":"2022-08-06T19:03:01","date_gmt":"2022-08-06T19:03:01","guid":{"rendered":"https:\/\/starlediluminacion.com\/?post_type=product&#038;p=3428"},"modified":"2022-10-23T09:36:39","modified_gmt":"2022-10-23T09:36:39","slug":"empotrable-led-7w-circular-blanco-osram-chip-cct","status":"publish","type":"product","link":"https:\/\/starlediluminacion.com\/de\/product\/einbau-led-7w-kreis-rund-weis-osram-chip-cct\/","title":{"rendered":"<p>LED-Einbauleuchte 7W Circular Wei\u00df - OSRAM CHIP - CCT<\/p>"},"content":{"rendered":"<div class=\"product-info-line\">\n<p id=\"product_reference\"><label>REFERENZ: SL<span style=\"font-size: 16px;\">8080<\/span><\/label><\/p>\n<p><strong>Kreisf\u00f6rmiger LED-Einbaustrahler<\/strong>&nbsp;ansprechbar mit&nbsp;<strong>7W&nbsp;<\/strong>Leistung. Mit einem \u00d6ffnungswinkel von<strong>&nbsp;45\u00ba<\/strong>Die Beleuchtung ist direkter, um das Licht auf bestimmte Punkte zu konzentrieren.<\/p>\n<p>Technologie&nbsp;<strong>CCT<\/strong>die&nbsp;<strong>Licht<\/strong>&nbsp;Wei\u00df kann ausgew\u00e4hlt werden in&nbsp;<strong>3000K, 4000K und 6000K<\/strong>. Einfache Montage und Installation<\/p>\n<h1>LED-Einbauleuchte 7W kreisf\u00f6rmig wei\u00df - CCT<\/h1>\n<p>Unser neues<strong>&nbsp;eingelassene led 7w&nbsp;<\/strong>Rundschreiben<strong>&nbsp;CCT<\/strong>&nbsp;ist aus feuerfestem PC gefertigt, hat ein sehr modernes Design und eine hochwertige wei\u00dfe Oberfl\u00e4che. Es hat einen \u00d6ffnungswinkel von&nbsp;<strong>45\u00ba<\/strong>&nbsp;machen sie zu einer idealen Leuchte f\u00fcr die Fokussierung auf ganz bestimmte Bereiche.<\/p>\n<p>Ihr Thema der&nbsp;<strong>thermoplastisch<\/strong>&nbsp;hat gro\u00dfe Vorteile, denn es verhindert langfristig die Oxidation und ist sehr widerstandsf\u00e4hig gegen\u00fcber feuchten oder salzhaltigen Umgebungen. Es zeichnet sich auch dadurch aus, dass es ein leichtes, flexibles und ungiftiges Produkt ist, das einfach und leicht zu transportieren ist. Aus mehreren Gr\u00fcnden hilft es sogar, Energie zu sparen:<\/p>\n<p>- Leichterer Transport durch geringes Gewicht<\/p>\n<p>- Kann aufgrund seiner Isolierf\u00e4higkeit Heiz- und K\u00fchlenergie reduzieren<\/p>\n<p>- Aufgrund seiner Widerstandsf\u00e4higkeit und Vielseitigkeit ist es in der Lage, andere Materialien zu ersetzen und die Abholzung von W\u00e4ldern, die Umweltverschmutzung und das T\u00f6ten von Tieren zu vermeiden.<\/p>\n<p>Dekorieren Sie Ihre Innenr\u00e4ume und fangen Sie an, Stromkosten zu sparen, denn mit der LED-Technologie k\u00f6nnen Sie&nbsp;<strong>reduzieren.<\/strong>&nbsp;bis zu&nbsp;<strong>80%<\/strong>&nbsp;unter&nbsp;<strong>Energie<\/strong>. Au\u00dferdem tragen Sie zum Umweltschutz bei, da es sich um schadstofffreie Produkte handelt.<\/p>\n<p>&nbsp;<\/p>\n<h2>Verwendet Einbau-LED 7W Circular Wei\u00df - CCT<\/h2>\n<ul>\n<li>K\u00fcchen<\/li>\n<li>Toiletten<\/li>\n<li>Korridore<\/li>\n<li>Salons<\/li>\n<li>Pr\u00fcfer<\/li>\n<\/ul>\n<h3 class=\"page-product-heading\">TECHNISCHE DATEN<\/h3>\n<div class=\"col-xs-12 col-md-6\">\n<table class=\"table table-data-sheet 1\">\n<tbody>\n<tr class=\"odd\">\n<td valign=\"middle\" width=\"32\"><\/td>\n<td valign=\"middle\">REFERENZEN :<\/td>\n<td valign=\"middle\">SL8080<\/td>\n<\/tr>\n<tr class=\"even\">\n<td valign=\"middle\" width=\"32\"><\/td>\n<td valign=\"middle\">Nennleistung :<\/td>\n<td valign=\"middle\">7W<\/td>\n<\/tr>\n<tr class=\"odd\">\n<td valign=\"middle\" width=\"32\"><\/td>\n<td valign=\"middle\">Nennspannung:<\/td>\n<td valign=\"middle\">100\/240v<\/td>\n<\/tr>\n<tr class=\"even\">\n<td valign=\"middle\" width=\"32\"><\/td>\n<td valign=\"middle\">Lichttemperatur:<\/td>\n<td valign=\"middle\">W\u00c4HLBARE FARBE: 3000K-4000K-6000K<\/td>\n<\/tr>\n<tr class=\"odd\">\n<td valign=\"middle\" width=\"32\"><\/td>\n<td valign=\"middle\">CRI - Farbwiedergabeindex:<\/td>\n<td valign=\"middle\">80<\/td>\n<\/tr>\n<tr class=\"even\">\n<td valign=\"middle\" width=\"32\"><\/td>\n<td valign=\"middle\">Baumaterial:<\/td>\n<td valign=\"middle\">Thermoplastischer Kunststoff<\/td>\n<\/tr>\n<tr class=\"odd\">\n<td valign=\"middle\" width=\"32\"><\/td>\n<td valign=\"middle\">Leuchtkraft-Lm:<\/td>\n<td valign=\"middle\">500 Lm<\/td>\n<\/tr>\n<tr class=\"even\">\n<td valign=\"middle\" width=\"32\"><\/td>\n<td valign=\"middle\">Art der LEDs:<\/td>\n<td valign=\"middle\">SMD 2835 OSRAM CHIP<\/td>\n<\/tr>\n<tr class=\"odd\">\n<td valign=\"middle\" width=\"32\"><\/td>\n<td valign=\"middle\">\u00d6ffnungswinkel (\u00ba):<\/td>\n<td valign=\"middle\">45\u00ba<\/td>\n<\/tr>\n<tr class=\"even\">\n<td valign=\"middle\" width=\"32\"><\/td>\n<td valign=\"middle\">Dimmbar:<\/td>\n<td valign=\"middle\">Nein<\/td>\n<\/tr>\n<tr class=\"odd\">\n<td valign=\"middle\" width=\"32\"><\/td>\n<td valign=\"middle\">Bescheinigungen:<\/td>\n<td valign=\"middle\">CE - ROHS<\/td>\n<\/tr>\n<\/tbody>\n<\/table>\n<\/div>\n<div class=\"col-xs-12 col-md-6 2\">\n<table class=\"table table-data-sheet 2\">\n<tbody>\n<tr class=\"odd\">\n<td valign=\"middle\" width=\"32\"><\/td>\n<td valign=\"middle\">IP-Bewertung:<\/td>\n<td valign=\"middle\">IP20<\/td>\n<\/tr>\n<tr class=\"even\">\n<td valign=\"middle\" width=\"32\"><\/td>\n<td valign=\"middle\">Gesch\u00e4tzte Lebensdauer der LED-Diode (H):<\/td>\n<td valign=\"middle\">25000<\/td>\n<\/tr>\n<tr class=\"odd\">\n<td valign=\"middle\" width=\"32\"><\/td>\n<td valign=\"middle\">Abmessungen (mm):<\/td>\n<td valign=\"middle\">\u00d885xH40mm<\/td>\n<\/tr>\n<tr class=\"even\">\n<td valign=\"middle\" width=\"32\"><\/td>\n<td valign=\"middle\">Arbeitsfrequenz (Hz):<\/td>\n<td valign=\"middle\">50\/60Hz<\/td>\n<\/tr>\n<tr class=\"odd\">\n<td valign=\"middle\" width=\"32\"><\/td>\n<td valign=\"middle\">Temperaturbereich (\u00baC):<\/td>\n<td valign=\"middle\">25\u00baC ~ 45\u00baC<\/td>\n<\/tr>\n<tr class=\"even\">\n<td valign=\"middle\" width=\"32\"><\/td>\n<td valign=\"middle\">Z\u00fcndungszyklen:<\/td>\n<td valign=\"middle\">100.000<\/td>\n<\/tr>\n<tr class=\"odd\">\n<td valign=\"middle\" width=\"32\"><\/td>\n<td valign=\"middle\">Einschaltzeit (s):<\/td>\n<td valign=\"middle\">0,2s<\/td>\n<\/tr>\n<tr class=\"even\">\n<td valign=\"middle\" width=\"32\"><\/td>\n<td valign=\"middle\">Deckenausschnitt (mm):<\/td>\n<td valign=\"middle\">\u00d8 70 mm<\/td>\n<\/tr>\n<tr class=\"odd\">\n<td valign=\"middle\" width=\"32\"><\/td>\n<td valign=\"middle\">Treiber enthalten:<\/td>\n<td valign=\"middle\">YES<\/td>\n<\/tr>\n<tr class=\"even\">\n<td valign=\"middle\" width=\"32\"><\/td>\n<td valign=\"middle\">Energieklasse (2021-EU-2019\/2015):<\/td>\n<td valign=\"middle\">A+<\/td>\n<\/tr>\n<tr class=\"odd\">\n<td valign=\"middle\" width=\"32\"><\/td>\n<td valign=\"middle\">Gew\u00e4hrleistungsjahre:<\/td>\n<td valign=\"middle\">3<\/td>\n<\/tr>\n<\/tbody>\n<\/table>\n<\/div>\n<\/div>","protected":false},"excerpt":{"rendered":"<div class=\"col-md-12\"><i class=\"fa fa-truck\"><\/i>&nbsp;<span class=\"text-muted textprop\">Lieferung innerhalb von 24\/48 Stunden<\/span><div class=\"col-md-12\"><i class=\"fa fa-exchange\"><\/i>&nbsp;<span class=\"text-muted textprop\">Versicherte Garantie<\/span><\/div><div class=\"col-md-12\"><i class=\"fa fa-box\"><\/i>&nbsp;<span class=\"text-muted textprop\">50 Einheit(en) pro Masterbox<\/span><\/div><\/div>","protected":false},"featured_media":3433,"template":"","meta":{"site-sidebar-layout":"default","site-content-layout":"default","ast-global-header-display":"","ast-main-header-display":"","ast-hfb-above-header-display":"","ast-hfb-below-header-display":"","ast-hfb-mobile-header-display":"","site-post-title":"","ast-breadcrumbs-content":"","ast-featured-img":"","footer-sml-layout":"","theme-transparent-header-meta":"default","adv-header-id-meta":"","stick-header-meta":"","header-above-stick-meta":"","header-main-stick-meta":"","header-below-stick-meta":""},"product_cat":[27,70],"product_tag":[],"class_list":["post-3428","product","type-product","status-publish","has-post-thumbnail","hentry","product_cat-downlight-plafones-y-placas-led","product_cat-focos-downlight-led"],"_links":{"self":[{"href":"https:\/\/starlediluminacion.com\/de\/wp-json\/wp\/v3\/product\/3428","targetHints":{"allow":["GET"]}}],"collection":[{"href":"https:\/\/starlediluminacion.com\/de\/wp-json\/wp\/v3\/product"}],"about":[{"href":"https:\/\/starlediluminacion.com\/de\/wp-json\/wp\/v2\/types\/product"}],"wp:featuredmedia":[{"embeddable":true,"href":"https:\/\/starlediluminacion.com\/de\/wp-json\/wp\/v2\/media\/3433"}],"wp:attachment":[{"href":"https:\/\/starlediluminacion.com\/de\/wp-json\/wp\/v2\/media?parent=3428"}],"wp:term":[{"taxonomy":"product_cat","embeddable":true,"href":"https:\/\/starlediluminacion.com\/de\/wp-json\/wp\/v2\/product_cat?post=3428"},{"taxonomy":"product_tag","embeddable":true,"href":"https:\/\/starlediluminacion.com\/de\/wp-json\/wp\/v2\/product_tag?post=3428"}],"curies":[{"name":"wp","href":"https:\/\/api.w.org\/{rel}","templated":true}]}}