{"id":3396,"date":"2022-08-06T17:19:54","date_gmt":"2022-08-06T17:19:54","guid":{"rendered":"https:\/\/starlediluminacion.com\/?post_type=product&#038;p=3396"},"modified":"2022-10-23T09:31:56","modified_gmt":"2022-10-23T09:31:56","slug":"downlight-led-12w-frameless-quasar-osram-chip-duris-e-2835-cct","status":"publish","type":"product","link":"https:\/\/starlediluminacion.com\/de\/product\/downlight-led-12w-rahmenlos-quasar-osram-chip-duris-e-2835-cct\/","title":{"rendered":"<p>Downlight LED 12W Rahmenlos QUASAR - OSRAM CHIP DURIS E 2835 - CCT<\/p>"},"content":{"rendered":"<div class=\"product-info-line\">\n<p id=\"product_reference\"><label>REFERENZ: SL<span style=\"font-size: 16px;\">90801<\/span><\/label><\/p>\n<div class=\"hidden-xs parrafo\">\n<p><strong>W\u00c4HLBARE FARBE:<\/strong>&nbsp;Unser&nbsp;<strong>Downlight - Rahmenlos QUASAR - OSRAM&nbsp;<\/strong>DURIS E 2835 CHIP&nbsp;<strong>runde Einbauleuchte<\/strong>&nbsp;<strong>LED<\/strong>&nbsp;von&nbsp;<strong>12W<\/strong>&nbsp;verf\u00fcgt \u00fcber einen Farbtemperaturw\u00e4hler, der die Wahl zwischen Kaltwei\u00df, Neutralwei\u00df und Warmwei\u00df erm\u00f6glicht. Der \u00d6ffnungswinkel der Leuchte betr\u00e4gt 120\u00ba. Mit dem Downlight-Ring kann sie in eine Deckenanbauleuchte umgewandelt werden:<\/p>\n<h1>Downlight LED 12W Rahmenlos QUASAR - OSRAM CHIP DURIS E 2835 - CCT<\/h1>\n<p>Unser&nbsp;<strong>Downlight<\/strong>&nbsp;<strong>LED<\/strong>&nbsp;Rahmenlos mit einer Leistung von&nbsp;<strong>8W<\/strong>&nbsp;zeichnet sich durch ihre einfache Handhabung aus und erm\u00f6glicht eine pr\u00e4zise und individuelle Beleuchtung in jedem Innenraum. Mit dieser Art von LED-Leuchte k\u00f6nnen Sie ein ma\u00dfgeschneidertes Licht f\u00fcr jede Art von Gesch\u00e4ft erreichen.<\/p>\n<p>Sie sind bei<strong>&nbsp;vertiefte Beleuchtung<\/strong>&nbsp;Sie sind rahmenlos, so dass ihr modernes Design hervorsticht und ihnen einen avantgardistischen Stil verleiht.<\/p>\n<p>Dank seines Farbauswahlsystems k\u00f6nnen Sie es an die Bed\u00fcrfnisse Ihres Unternehmens oder Ihrer Wohnung anpassen und f\u00fcr jeden Raum oder Flur die gew\u00fcnschte Farbe w\u00e4hlen.<\/p>\n<p>Die hocheffiziente Lichtquelle mit&nbsp;<strong>SMD2835 OSRAM Chip<\/strong>&nbsp;liefert eine hohe Leuchtdichte und ist ein perfekter Ersatz f\u00fcr herk\u00f6mmliche Strahler mit einer h\u00f6heren Ersparnis als der 80%.<\/p>\n<p>Mit seinem funktionalen, schlanken Design ist die Installation viel einfacher.<\/p>\n<p>Sein hoher Farbwiedergabeindex von mehr als 85 gew\u00e4hrleistet eine nat\u00fcrliche Farbwiedergabe.<\/p>\n<h2>Einsatzm\u00f6glichkeiten des LED-Downlights 8W rahmenlos QUASAR - OSRAM CHIP DURIS E 2835 - CCT<\/h2>\n<ul>\n<li>&nbsp;Gesch\u00e4fte<\/li>\n<li>&nbsp;Restaurants<\/li>\n<li>&nbsp;Museen<\/li>\n<li>&nbsp;Einkaufspassagen<\/li>\n<li>&nbsp;Einkaufszentren<\/li>\n<li>&nbsp;\u00c4mter<\/li>\n<li>&nbsp;Korridore<\/li>\n<li>&nbsp;Schaukasten<\/li>\n<\/ul>\n<h3 class=\"page-product-heading\">TECHNISCHE DATEN<\/h3>\n<div class=\"col-xs-12 col-md-6\">\n<table class=\"table table-data-sheet 1\">\n<tbody>\n<tr class=\"odd\">\n<td valign=\"middle\" width=\"32\"><\/td>\n<td valign=\"middle\">REFERENZEN :<\/td>\n<td valign=\"middle\">SL90801<\/td>\n<\/tr>\n<tr class=\"even\">\n<td valign=\"middle\" width=\"32\"><\/td>\n<td valign=\"middle\">Nennleistung :<\/td>\n<td valign=\"middle\">12w<\/td>\n<\/tr>\n<tr class=\"odd\">\n<td valign=\"middle\" width=\"32\"><\/td>\n<td valign=\"middle\">Nennspannung:<\/td>\n<td valign=\"middle\">85V-265V<\/td>\n<\/tr>\n<tr class=\"even\">\n<td valign=\"middle\" width=\"32\"><\/td>\n<td valign=\"middle\">Lichttemperatur:<\/td>\n<td valign=\"middle\">W\u00c4HLBARE FARBE: 3000K-4000K-6000K<\/td>\n<\/tr>\n<tr class=\"odd\">\n<td valign=\"middle\" width=\"32\"><\/td>\n<td valign=\"middle\">CRI - Farbwiedergabeindex:<\/td>\n<td valign=\"middle\">85<\/td>\n<\/tr>\n<tr class=\"even\">\n<td valign=\"middle\" width=\"32\"><\/td>\n<td valign=\"middle\">Baumaterial:<\/td>\n<td valign=\"middle\">Aluminium +PC<\/td>\n<\/tr>\n<tr class=\"odd\">\n<td valign=\"middle\" width=\"32\"><\/td>\n<td valign=\"middle\">Leuchtkraft-Lm:<\/td>\n<td valign=\"middle\">1440Lm<\/td>\n<\/tr>\n<tr class=\"even\">\n<td valign=\"middle\" width=\"32\"><\/td>\n<td valign=\"middle\">Art der LEDs:<\/td>\n<td valign=\"middle\">SMD 2835 OSRAM CHIP<\/td>\n<\/tr>\n<tr class=\"odd\">\n<td valign=\"middle\" width=\"32\"><\/td>\n<td valign=\"middle\">\u00d6ffnungswinkel (\u00ba):<\/td>\n<td valign=\"middle\">120\u00ba<\/td>\n<\/tr>\n<tr class=\"even\">\n<td valign=\"middle\" width=\"32\"><\/td>\n<td valign=\"middle\">Effizienz der LED-Diode (Lm\/W):<\/td>\n<td valign=\"middle\">140 Lm\/W<\/td>\n<\/tr>\n<tr class=\"odd\">\n<td valign=\"middle\" width=\"32\"><\/td>\n<td valign=\"middle\">Lichtausbeute (Lm\/W):<\/td>\n<td valign=\"middle\">120 Lm\/W<\/td>\n<\/tr>\n<\/tbody>\n<\/table>\n<\/div>\n<div class=\"col-xs-12 col-md-6 2\">\n<table class=\"table table-data-sheet 2\">\n<tbody>\n<tr class=\"odd\">\n<td valign=\"middle\" width=\"32\"><\/td>\n<td valign=\"middle\">Bescheinigungen:<\/td>\n<td valign=\"middle\">CE - ROHS<\/td>\n<\/tr>\n<tr class=\"even\">\n<td valign=\"middle\" width=\"32\"><\/td>\n<td valign=\"middle\">IP-Bewertung:<\/td>\n<td valign=\"middle\">IP44<\/td>\n<\/tr>\n<tr class=\"odd\">\n<td valign=\"middle\" width=\"32\"><\/td>\n<td valign=\"middle\">Gesch\u00e4tzte Lebensdauer der LED-Diode (H):<\/td>\n<td valign=\"middle\">40.000<\/td>\n<\/tr>\n<tr class=\"even\">\n<td valign=\"middle\" width=\"32\"><\/td>\n<td valign=\"middle\">Abmessungen (mm):<\/td>\n<td valign=\"middle\">?145mm H15mm<\/td>\n<\/tr>\n<tr class=\"odd\">\n<td valign=\"middle\" width=\"32\"><\/td>\n<td valign=\"middle\">Arbeitsfrequenz (Hz):<\/td>\n<td valign=\"middle\">50\/60Hz<\/td>\n<\/tr>\n<tr class=\"even\">\n<td valign=\"middle\" width=\"32\"><\/td>\n<td valign=\"middle\">Temperaturbereich (\u00baC):<\/td>\n<td valign=\"middle\">-20\u00b0C ~ +55\u00b0C<\/td>\n<\/tr>\n<tr class=\"odd\">\n<td valign=\"middle\" width=\"32\"><\/td>\n<td valign=\"middle\">Z\u00fcndungszyklen:<\/td>\n<td valign=\"middle\">100.000<\/td>\n<\/tr>\n<tr class=\"even\">\n<td valign=\"middle\" width=\"32\"><\/td>\n<td valign=\"middle\">Einschaltzeit (s):<\/td>\n<td valign=\"middle\">0,2s<\/td>\n<\/tr>\n<tr class=\"odd\">\n<td valign=\"middle\" width=\"32\"><\/td>\n<td valign=\"middle\">Deckenausschnitt (mm):<\/td>\n<td valign=\"middle\">?135mm H15mm<\/td>\n<\/tr>\n<tr class=\"even\">\n<td valign=\"middle\" width=\"32\"><\/td>\n<td valign=\"middle\">Energieklasse (2021-EU-2019\/2015):<\/td>\n<td valign=\"middle\">A+<\/td>\n<\/tr>\n<tr class=\"odd\">\n<td valign=\"middle\" width=\"32\"><\/td>\n<td valign=\"middle\">Gew\u00e4hrleistungsjahre:<\/td>\n<td valign=\"middle\">3<\/td>\n<\/tr>\n<\/tbody>\n<\/table>\n<\/div>\n<\/div>\n<\/div>","protected":false},"excerpt":{"rendered":"<div class=\"col-md-12\"><i class=\"fa fa-truck\"><\/i>&nbsp;<span class=\"text-muted textprop\">Lieferung innerhalb von 24\/48 Stunden<\/span><div class=\"col-md-12\"><i class=\"fa fa-exchange\"><\/i>&nbsp;<span class=\"text-muted textprop\">Versicherte Garantie<\/span><\/div><div class=\"col-md-12\"><i class=\"fa fa-box\"><\/i>&nbsp;<span class=\"text-muted textprop\">20 Einheit(en) pro Masterbox<\/span><\/div><\/div>","protected":false},"featured_media":3398,"template":"","meta":{"site-sidebar-layout":"default","site-content-layout":"default","ast-global-header-display":"","ast-main-header-display":"","ast-hfb-above-header-display":"","ast-hfb-below-header-display":"","ast-hfb-mobile-header-display":"","site-post-title":"","ast-breadcrumbs-content":"","ast-featured-img":"","footer-sml-layout":"","theme-transparent-header-meta":"default","adv-header-id-meta":"","stick-header-meta":"","header-above-stick-meta":"","header-main-stick-meta":"","header-below-stick-meta":""},"product_cat":[27,70],"product_tag":[],"class_list":["post-3396","product","type-product","status-publish","has-post-thumbnail","hentry","product_cat-downlight-plafones-y-placas-led","product_cat-focos-downlight-led"],"_links":{"self":[{"href":"https:\/\/starlediluminacion.com\/de\/wp-json\/wp\/v3\/product\/3396","targetHints":{"allow":["GET"]}}],"collection":[{"href":"https:\/\/starlediluminacion.com\/de\/wp-json\/wp\/v3\/product"}],"about":[{"href":"https:\/\/starlediluminacion.com\/de\/wp-json\/wp\/v2\/types\/product"}],"wp:featuredmedia":[{"embeddable":true,"href":"https:\/\/starlediluminacion.com\/de\/wp-json\/wp\/v2\/media\/3398"}],"wp:attachment":[{"href":"https:\/\/starlediluminacion.com\/de\/wp-json\/wp\/v2\/media?parent=3396"}],"wp:term":[{"taxonomy":"product_cat","embeddable":true,"href":"https:\/\/starlediluminacion.com\/de\/wp-json\/wp\/v2\/product_cat?post=3396"},{"taxonomy":"product_tag","embeddable":true,"href":"https:\/\/starlediluminacion.com\/de\/wp-json\/wp\/v2\/product_tag?post=3396"}],"curies":[{"name":"wp","href":"https:\/\/api.w.org\/{rel}","templated":true}]}}