{"id":3170,"date":"2022-08-06T14:39:56","date_gmt":"2022-08-06T14:39:56","guid":{"rendered":"https:\/\/starlediluminacion.com\/?post_type=product&#038;p=3170"},"modified":"2022-10-23T09:07:01","modified_gmt":"2022-10-23T09:07:01","slug":"empotrable-led-5w-8w-12w-cuadrado-blanco-bridgelux-chip-ugr11-cct-cri-92","status":"publish","type":"product","link":"https:\/\/starlediluminacion.com\/de\/product\/empotrable-led-5w-8w-12w-cuadrado-blanco-bridgelux-chip-ugr11-cct-cri-92\/","title":{"rendered":"<p>Empotrable LED 5W &ndash; 8W -12W Cuadrado Blanco Bridgelux Chip &ndash; UGR11- CCT- CRI +92<\/p>"},"content":{"rendered":"<div class=\"product-info-line\">\n<p id=\"product_reference\"><label>REFERENZ: SL<span style=\"font-size: 16px;\">90610<\/span><\/label><\/p>\n<div class=\"hidden-xs parrafo\">\n<p><strong>LED-Einbaustrahler<\/strong>&nbsp;<strong>Platz<\/strong>&nbsp;<strong>WEISS&nbsp;<\/strong>Aluminium mit&nbsp;<strong>5W - 8W - 12W (w\u00e4hlbare Leistung am Treiber)<\/strong>. Mit einem \u00d6ffnungswinkel von&nbsp;<strong>40\u00ba<\/strong>Die Beleuchtung ist direkter, um das Licht auf bestimmte Punkte zu konzentrieren. Einfache Montage und Installation. Hoher Farbwiedergabeindex +92<strong>- Experte Farbe.&nbsp;<\/strong>. Geringe Blendung&nbsp;<strong>UGR&lt;11<\/strong>.&nbsp;<strong>CCT: W\u00c4HLBARE FARBE: 3000K-4000K-6000K<\/strong>.<\/p>\n<\/div>\n<div id=\"views_block-1\" class=\"clearfix\">\n<div id=\"thumbs_list\">\n<h1>LED-Einbauleuchte 5W - 8W - 12W Wei\u00dfer Bridgelux Chip - UGR11 - CCT - CRI +92<\/h1>\n<p>Unser neues<strong>&nbsp;Foco empotrable led 12w cuadrado 40<\/strong>\u00ba besteht aus<strong>&nbsp;Aluminium<\/strong>hat eine sehr&nbsp;<strong>modern<\/strong>&nbsp;mit einer Oberfl\u00e4che von&nbsp;<strong>hohe Qualit\u00e4t<\/strong>. Sie hat einen \u00d6ffnungswinkel von&nbsp;<strong>40\u00ba<\/strong>&nbsp;machen sie zu einer idealen Leuchte f\u00fcr die Fokussierung auf ganz bestimmte Bereiche der professionellen Beleuchtung. Das Material Aluminium hat gro\u00dfe Vorteile, da es&nbsp;<strong>verhindert Oxidation<\/strong>&nbsp;Langfristig gesehen, ist es sehr&nbsp;<strong>resistent<\/strong>&nbsp;in feuchten Gebieten oder salzhaltigen Umgebungen.<\/p>\n<p>Die LED-Leuchte ist mit einem&nbsp;<strong>COB mit Bridgelux-Chips 2630 DS-C30<\/strong>hohe Leuchtkraft, mit einem Index von&nbsp;<strong>Farbwiedergabe von +93,<\/strong>&nbsp;Dies f\u00fchrt zu einer hochwertigen Farbwiedergabe. Erw\u00e4hnenswert ist auch die&nbsp;<strong>sehr hohes Niveau des LRC<\/strong>&nbsp;(Farbwiedergabeindex) von mehr als 92, was zu einer Lichtqualit\u00e4t mit perfekter Farbwiedergabe f\u00fchrt.<\/p>\n<p>Der Diffusor und sein Design sorgen f\u00fcr eine gleichm\u00e4\u00dfige und blendfreie Ausleuchtung. Sie hat einen niedrigen Blendfaktor (UGR&lt;11) und eignet sich daher perfekt f\u00fcr Arbeitsbereiche in B\u00fcros, Konferenzr\u00e4umen, Klassenzimmern, Bibliotheken usw.<\/p>\n<p>Blendung durch die Beleuchtung kann sich negativ auf den Menschen auswirken, da eine angenehme Lichtumgebung notwendig ist, um uns bei unseren Aufgaben zu unterst\u00fctzen,&nbsp;<strong>ein gutes Beleuchtungsniveau in Verbindung mit einem niedrigen UGR-Niveau<\/strong>&nbsp;(Blendungsindex) steigert das Wohlbefinden der Arbeitnehmer, was sich unmittelbar auf die Produktivit\u00e4t auswirkt.<\/p>\n<p><strong><br>\n<\/strong>Niedrige Blendwerte sind in den Vorschriften f\u00fcr Arbeitsbereiche \u00fcberall dort vorgeschrieben, wo man l\u00e4ngere Zeit k\u00fcnstlichem Licht ausgesetzt ist, wie z. B. in B\u00fcros, Bildungszentren, Arbeitsbereichen usw.<\/p>\n<p>Die Installation ist sehr einfach und erfordert lediglich einen Zuschnitt auf die Gr\u00f6\u00dfe des Produkts auf der Oberfl\u00e4che, in die es eingebaut werden soll. Wenn wir uns f\u00fcr LED-Beleuchtung entscheiden, sparen wir nicht nur Strom, sondern entscheiden uns auch f\u00fcr eine umweltfreundlichere, qualitativ hochwertigere Technologie, die zehnmal l\u00e4nger h\u00e4lt als herk\u00f6mmliche Beleuchtungssysteme.<\/p>\n<p>Dekorieren Sie Ihre Innenr\u00e4ume und fangen Sie an, Ihre Stromrechnung zu senken, denn mit der LED-Technologie k\u00f6nnen Sie&nbsp;<strong>reduzieren.<\/strong>&nbsp;bis zu&nbsp;<strong>80%<\/strong>&nbsp;unter&nbsp;<strong>Energie<\/strong>. Sie sparen nicht nur Geld, sondern tragen auch zum Schutz des Planeten bei, da es sich um schadstofffreie Produkte handelt.<\/p>\n<p>&nbsp;<\/p>\n<h2>Anwendungen von LED Downlight 5W - 8W - 12W Wei\u00dfer Bridgelux Chip - UGR11- CCT- CRI +92<\/h2>\n<ul>\n<li>K\u00fcchen<\/li>\n<li>Toiletten<\/li>\n<li>Korridore<\/li>\n<li>Salons<\/li>\n<li>Gesch\u00e4fte<\/li>\n<li>Pr\u00fcfer<\/li>\n<\/ul>\n<h3 class=\"page-product-heading\">TECHNISCHE DATEN<\/h3>\n<div class=\"col-xs-12 col-md-6\">\n<table class=\"table table-data-sheet 1\">\n<tbody>\n<tr class=\"odd\">\n<td valign=\"middle\" width=\"32\"><\/td>\n<td valign=\"middle\">REFERENZEN :<\/td>\n<td valign=\"middle\">SL90610<\/td>\n<\/tr>\n<tr class=\"even\">\n<td valign=\"middle\" width=\"32\"><\/td>\n<td valign=\"middle\">Nennleistung :<\/td>\n<td valign=\"middle\">5W - 8W -12W<\/td>\n<\/tr>\n<tr class=\"odd\">\n<td valign=\"middle\" width=\"32\"><\/td>\n<td valign=\"middle\">Nennspannung:<\/td>\n<td valign=\"middle\">85V-265V<\/td>\n<\/tr>\n<tr class=\"even\">\n<td valign=\"middle\" width=\"32\"><\/td>\n<td valign=\"middle\">Lichttemperatur:<\/td>\n<td valign=\"middle\">W\u00c4HLBARE FARBE: 3000K-4000K-6000K<\/td>\n<\/tr>\n<tr class=\"odd\">\n<td valign=\"middle\" width=\"32\"><\/td>\n<td valign=\"middle\">CRI - Farbwiedergabeindex:<\/td>\n<td valign=\"middle\">92<\/td>\n<\/tr>\n<tr class=\"even\">\n<td valign=\"middle\" width=\"32\"><\/td>\n<td valign=\"middle\">Baumaterial:<\/td>\n<td valign=\"middle\">Aluminium +PC<\/td>\n<\/tr>\n<tr class=\"odd\">\n<td valign=\"middle\" width=\"32\"><\/td>\n<td valign=\"middle\">Leuchtkraft-Lm:<\/td>\n<td valign=\"middle\">1200Lm<\/td>\n<\/tr>\n<tr class=\"even\">\n<td valign=\"middle\" width=\"32\"><\/td>\n<td valign=\"middle\">Art der LEDs:<\/td>\n<td valign=\"middle\">COB-Bridgelux-Chip 2630 DS-C30<\/td>\n<\/tr>\n<tr class=\"odd\">\n<td valign=\"middle\" width=\"32\"><\/td>\n<td valign=\"middle\">\u00d6ffnungswinkel (\u00ba):<\/td>\n<td valign=\"middle\">40\u00ba<\/td>\n<\/tr>\n<tr class=\"even\">\n<td valign=\"middle\" width=\"32\"><\/td>\n<td valign=\"middle\">Effizienz der LED-Diode (Lm\/W):<\/td>\n<td valign=\"middle\">130Lm\/W<\/td>\n<\/tr>\n<tr class=\"odd\">\n<td valign=\"middle\" width=\"32\"><\/td>\n<td valign=\"middle\">Lichtausbeute (Lm\/W):<\/td>\n<td valign=\"middle\">100 Lm\/W<\/td>\n<\/tr>\n<tr class=\"even\">\n<td valign=\"middle\" width=\"32\"><\/td>\n<td valign=\"middle\">Bescheinigungen:<\/td>\n<td valign=\"middle\">CE - ROHS<\/td>\n<\/tr>\n<tr class=\"odd\">\n<td valign=\"middle\" width=\"32\"><\/td>\n<td valign=\"middle\">IP-Bewertung:<\/td>\n<td valign=\"middle\">IP20<\/td>\n<\/tr>\n<\/tbody>\n<\/table>\n<\/div>\n<div class=\"col-xs-12 col-md-6 2\">\n<table class=\"table table-data-sheet 2\">\n<tbody>\n<tr class=\"odd\">\n<td valign=\"middle\" width=\"32\"><\/td>\n<td valign=\"middle\">Gesch\u00e4tzte Lebensdauer der LED-Diode (H):<\/td>\n<td valign=\"middle\">35.000<\/td>\n<\/tr>\n<tr class=\"even\">\n<td valign=\"middle\" width=\"32\"><\/td>\n<td valign=\"middle\">Abmessungen (mm):<\/td>\n<td valign=\"middle\">90x84x66mm<\/td>\n<\/tr>\n<tr class=\"odd\">\n<td valign=\"middle\" width=\"32\"><\/td>\n<td valign=\"middle\">Arbeitsfrequenz (Hz):<\/td>\n<td valign=\"middle\">50\/60Hz<\/td>\n<\/tr>\n<tr class=\"even\">\n<td valign=\"middle\" width=\"32\"><\/td>\n<td valign=\"middle\">Temperaturbereich (\u00baC):<\/td>\n<td valign=\"middle\">-20\u00b0C ~ +55\u00b0C<\/td>\n<\/tr>\n<tr class=\"odd\">\n<td valign=\"middle\" width=\"32\"><\/td>\n<td valign=\"middle\">Z\u00fcndungszyklen:<\/td>\n<td valign=\"middle\">100.000<\/td>\n<\/tr>\n<tr class=\"even\">\n<td valign=\"middle\" width=\"32\"><\/td>\n<td valign=\"middle\">Einschaltzeit (s):<\/td>\n<td valign=\"middle\">0,2s<\/td>\n<\/tr>\n<tr class=\"odd\">\n<td valign=\"middle\" width=\"32\"><\/td>\n<td valign=\"middle\">Deckenausschnitt (mm):<\/td>\n<td valign=\"middle\">\u00d875mm<\/td>\n<\/tr>\n<tr class=\"even\">\n<td valign=\"middle\" width=\"32\"><\/td>\n<td valign=\"middle\">Blendungsindex (UGR):<\/td>\n<td valign=\"middle\">11<\/td>\n<\/tr>\n<tr class=\"odd\">\n<td valign=\"middle\" width=\"32\"><\/td>\n<td valign=\"middle\">Aufprallschutz (IK):<\/td>\n<td valign=\"middle\">IK10<\/td>\n<\/tr>\n<tr class=\"even\">\n<td valign=\"middle\" width=\"32\"><\/td>\n<td valign=\"middle\">Treiber enthalten:<\/td>\n<td valign=\"middle\">YES<\/td>\n<\/tr>\n<tr class=\"odd\">\n<td valign=\"middle\" width=\"32\"><\/td>\n<td valign=\"middle\">Energieklasse (2021-EU-2019\/2015):<\/td>\n<td valign=\"middle\">A+<\/td>\n<\/tr>\n<tr class=\"even\">\n<td valign=\"middle\" width=\"32\"><\/td>\n<td valign=\"middle\">Energieklasse (2023 - EU-2019\/2015):<\/td>\n<td valign=\"middle\">F<\/td>\n<\/tr>\n<tr class=\"odd\">\n<td valign=\"middle\" width=\"32\"><\/td>\n<td valign=\"middle\">Gew\u00e4hrleistungsjahre:<\/td>\n<td valign=\"middle\">3<\/td>\n<\/tr>\n<\/tbody>\n<\/table>\n<\/div>\n<\/div>\n<\/div>\n<\/div>","protected":false},"excerpt":{"rendered":"<div class=\"col-md-12\"><i class=\"fa fa-truck\"><\/i>&nbsp;<span class=\"text-muted textprop\">Lieferung innerhalb von 24\/48 Stunden<\/span><div class=\"col-md-12\"><i class=\"fa fa-exchange\"><\/i>&nbsp;<span class=\"text-muted textprop\">Versicherte Garantie<\/span><\/div><div class=\"col-md-12\"><i class=\"fa fa-box\"><\/i>&nbsp;<span class=\"text-muted textprop\">26 Einheit(en) pro Masterbox<\/span><\/div><div class=\"col-md-12 certificados\"><\/div><\/div>","protected":false},"featured_media":3171,"template":"","meta":{"site-sidebar-layout":"default","site-content-layout":"default","ast-global-header-display":"","ast-main-header-display":"","ast-hfb-above-header-display":"","ast-hfb-below-header-display":"","ast-hfb-mobile-header-display":"","site-post-title":"","ast-breadcrumbs-content":"","ast-featured-img":"","footer-sml-layout":"","theme-transparent-header-meta":"default","adv-header-id-meta":"","stick-header-meta":"","header-above-stick-meta":"","header-main-stick-meta":"","header-below-stick-meta":""},"product_cat":[27,70],"product_tag":[],"class_list":["post-3170","product","type-product","status-publish","has-post-thumbnail","hentry","product_cat-downlight-plafones-y-placas-led","product_cat-focos-downlight-led"],"_links":{"self":[{"href":"https:\/\/starlediluminacion.com\/de\/wp-json\/wp\/v3\/product\/3170","targetHints":{"allow":["GET"]}}],"collection":[{"href":"https:\/\/starlediluminacion.com\/de\/wp-json\/wp\/v3\/product"}],"about":[{"href":"https:\/\/starlediluminacion.com\/de\/wp-json\/wp\/v2\/types\/product"}],"wp:featuredmedia":[{"embeddable":true,"href":"https:\/\/starlediluminacion.com\/de\/wp-json\/wp\/v2\/media\/3171"}],"wp:attachment":[{"href":"https:\/\/starlediluminacion.com\/de\/wp-json\/wp\/v2\/media?parent=3170"}],"wp:term":[{"taxonomy":"product_cat","embeddable":true,"href":"https:\/\/starlediluminacion.com\/de\/wp-json\/wp\/v2\/product_cat?post=3170"},{"taxonomy":"product_tag","embeddable":true,"href":"https:\/\/starlediluminacion.com\/de\/wp-json\/wp\/v2\/product_tag?post=3170"}],"curies":[{"name":"wp","href":"https:\/\/api.w.org\/{rel}","templated":true}]}}