{"id":2969,"date":"2022-08-06T12:02:33","date_gmt":"2022-08-06T12:02:33","guid":{"rendered":"https:\/\/starlediluminacion.com\/?post_type=product&#038;p=2969"},"modified":"2022-10-23T08:57:05","modified_gmt":"2022-10-23T08:57:05","slug":"plafon-led-18w-wifi-smart-rgbcct-regulable","status":"publish","type":"product","link":"https:\/\/starlediluminacion.com\/de\/product\/plafon-led-18w-wifi-smart-rgbcct-regulable\/","title":{"rendered":"<p>18W WiFi SMART RGB+CCT LED-Deckenleuchte 18W WiFi RGB+CCT - dimmbar<\/p>"},"content":{"rendered":"<div class=\"product-info-line\">\n<p id=\"product_reference\"><label>REFERENZ: SL<span style=\"font-size: 16px;\">IWRML18RGB<\/span><\/label><\/p>\n<p>Die&nbsp;<strong>Kreisf\u00f6rmige LED-Deckenleuchte<\/strong>&nbsp;de 31cm de di&aacute;metro&nbsp;<strong>18W SMART&nbsp;WIFI<\/strong>&nbsp;&nbsp;hat eine Farbauswahlfunktion&nbsp;<strong>RGB<\/strong>&nbsp;+ Wei\u00df&nbsp;<strong>CCT<\/strong>, se programa&nbsp;f&aacute;cilmente&nbsp;a trav&eacute;s de nuestra app gratuita IWIIK&nbsp;y\/o vocalmente con&nbsp;<strong>Google Home<\/strong>&nbsp;y&nbsp;<strong>Alexa<\/strong>.<\/p>\n<h1>18W WiFi SMART RGB+CCT LED-Deckenleuchte 18W WiFi RGB+CCT - dimmbar<\/h1>\n<p>Die&nbsp;<strong>Plaf&oacute;n&nbsp;LED 18W WiFi&nbsp;SMART<\/strong>, esta lampara ofrece la posibilidad de ajustar tanto el color de cada diodo de la tira&nbsp;<strong>RGB<\/strong>&nbsp;Helligkeit und Farbtemperatur k\u00f6nnen von warmen Farben (2700K) bis zu k\u00fchleren Farben (6500K) eingestellt werden und passen sich so den Bed\u00fcrfnissen aller Nutzer an. Kombinieren Sie ihn mit anderen SMART-Ger\u00e4ten und schaffen Sie einzigartige Momente in Ihrem Zuhause.<\/p>\n<h2>Konfiguration LED-Deckenleuchte 24W WiFi SMART RGB+CCT:<\/h2>\n<ol>\n<li>Conectar el plaf&oacute;n a la corriente.<\/li>\n<li>1 Sekunde lang einschalten<\/li>\n<li>4 Sekunden lang ausschalten<\/li>\n<li>Wiederholen Sie diese Sequenz 3 Mal.<\/li>\n<li>Nachdem Sie die Sequenz 3 Mal wiederholt haben, sollte die Lampe anfangen zu blinken.<\/li>\n<li>Von nun an k\u00f6nnen Sie es mit der APP verkn\u00fcpfen.<\/li>\n<\/ol>\n<p>Tiene una total compatibilidad&nbsp; con&nbsp;<strong>Amazon Alexa, Google Home<\/strong>&nbsp;und Smart life sowie IOS- und Android-Betriebssysteme. Die Implementierung ist sehr einfach und intuitiv \u00fcber unsere kostenlose App IWIIK. Sie k\u00f6nnen es auf den Marktpl\u00e4tzen finden&nbsp;<strong>Apple Store und Google Play.<\/strong><\/p>\n<p>Verwandeln Sie Ihr Zuhause in ein smartes Zuhause dank der Smart WIFI IWIIK Produkte, die Sie in unserem Online-Shop finden.<\/p>\n<p>La configuraci&oacute;n y el manejo se realizar&aacute; mediante la aplicaci&oacute;n IWIIK&nbsp;o TUYA&nbsp; que se encuentra disponible para los sistemas operativos iOS y Android.<\/p>\n<h3 class=\"page-product-heading\">TECHNISCHE DATEN<\/h3>\n<div class=\"col-xs-12 col-md-6\">\n<table class=\"table table-data-sheet 1\">\n<tbody>\n<tr class=\"odd\">\n<td valign=\"middle\" width=\"32\"><\/td>\n<td valign=\"middle\">REFERENZEN :<\/td>\n<td valign=\"middle\">SLIWRML18RGB<\/td>\n<\/tr>\n<tr class=\"even\">\n<td valign=\"middle\" width=\"32\"><\/td>\n<td valign=\"middle\">Nennleistung :<\/td>\n<td valign=\"middle\">18w<\/td>\n<\/tr>\n<tr class=\"odd\">\n<td valign=\"middle\" width=\"32\"><\/td>\n<td valign=\"middle\">Nennspannung:<\/td>\n<td valign=\"middle\">220V-240V<\/td>\n<\/tr>\n<tr class=\"even\">\n<td valign=\"middle\" width=\"32\"><\/td>\n<td valign=\"middle\">Lichttemperatur:<\/td>\n<td valign=\"middle\">RGB+CCT<\/td>\n<\/tr>\n<tr class=\"odd\">\n<td valign=\"middle\" width=\"32\"><\/td>\n<td valign=\"middle\">CRI - Farbwiedergabeindex:<\/td>\n<td valign=\"middle\">85<\/td>\n<\/tr>\n<tr class=\"even\">\n<td valign=\"middle\" width=\"32\"><\/td>\n<td valign=\"middle\">Baumaterial:<\/td>\n<td valign=\"middle\">Stahl +PC<\/td>\n<\/tr>\n<tr class=\"odd\">\n<td valign=\"middle\" width=\"32\"><\/td>\n<td valign=\"middle\">Leuchtkraft-Lm:<\/td>\n<td valign=\"middle\">1350<\/td>\n<\/tr>\n<tr class=\"even\">\n<td valign=\"middle\" width=\"32\"><\/td>\n<td valign=\"middle\">Art der LEDs:<\/td>\n<td valign=\"middle\">SMD 2835<\/td>\n<\/tr>\n<tr class=\"odd\">\n<td valign=\"middle\" width=\"32\"><\/td>\n<td valign=\"middle\">\u00d6ffnungswinkel (\u00ba):<\/td>\n<td valign=\"middle\">160\u00ba<\/td>\n<\/tr>\n<tr class=\"even\">\n<td valign=\"middle\" width=\"32\"><\/td>\n<td valign=\"middle\">Effizienz der LED-Diode (Lm\/W):<\/td>\n<td valign=\"middle\">120Lm\/W<\/td>\n<\/tr>\n<tr class=\"odd\">\n<td valign=\"middle\" width=\"32\"><\/td>\n<td valign=\"middle\">Lichtausbeute (Lm\/W):<\/td>\n<td valign=\"middle\">75 Lm\/W<\/td>\n<\/tr>\n<\/tbody>\n<\/table>\n<\/div>\n<div class=\"col-xs-12 col-md-6 2\">\n<table class=\"table table-data-sheet 2\">\n<tbody>\n<tr class=\"odd\">\n<td valign=\"middle\" width=\"32\"><\/td>\n<td valign=\"middle\">Dimmbar:<\/td>\n<td valign=\"middle\">YES<\/td>\n<\/tr>\n<tr class=\"even\">\n<td valign=\"middle\" width=\"32\"><\/td>\n<td valign=\"middle\">Bescheinigungen:<\/td>\n<td valign=\"middle\">CE - ROHS<\/td>\n<\/tr>\n<tr class=\"odd\">\n<td valign=\"middle\" width=\"32\"><\/td>\n<td valign=\"middle\">IP-Bewertung:<\/td>\n<td valign=\"middle\">IP20<\/td>\n<\/tr>\n<tr class=\"even\">\n<td valign=\"middle\" width=\"32\"><\/td>\n<td valign=\"middle\">Gesch\u00e4tzte Lebensdauer der LED-Diode (H):<\/td>\n<td valign=\"middle\">30.000<\/td>\n<\/tr>\n<tr class=\"odd\">\n<td valign=\"middle\" width=\"32\"><\/td>\n<td valign=\"middle\">Abmessungen (mm):<\/td>\n<td valign=\"middle\">&Oslash;310x55mm<\/td>\n<\/tr>\n<tr class=\"even\">\n<td valign=\"middle\" width=\"32\"><\/td>\n<td valign=\"middle\">Arbeitsfrequenz (Hz):<\/td>\n<td valign=\"middle\">50\/60Hz<\/td>\n<\/tr>\n<tr class=\"odd\">\n<td valign=\"middle\" width=\"32\"><\/td>\n<td valign=\"middle\">Temperaturbereich (\u00baC):<\/td>\n<td valign=\"middle\">-20\u00b0C ~ +55\u00b0C<\/td>\n<\/tr>\n<tr class=\"even\">\n<td valign=\"middle\" width=\"32\"><\/td>\n<td valign=\"middle\">Einschaltzeit (s):<\/td>\n<td valign=\"middle\">0,2s<\/td>\n<\/tr>\n<tr class=\"odd\">\n<td valign=\"middle\" width=\"32\"><\/td>\n<td valign=\"middle\">Kontrollmodi:<\/td>\n<td valign=\"middle\">WIFI<\/td>\n<\/tr>\n<tr class=\"even\">\n<td valign=\"middle\" width=\"32\"><\/td>\n<td valign=\"middle\">Energieklasse (2021-EU-2019\/2015):<\/td>\n<td valign=\"middle\">A<\/td>\n<\/tr>\n<tr class=\"odd\">\n<td valign=\"middle\" width=\"32\"><\/td>\n<td valign=\"middle\">Gew\u00e4hrleistungsjahre:<\/td>\n<td valign=\"middle\">2<\/td>\n<\/tr>\n<\/tbody>\n<\/table>\n<p>&nbsp;<\/p>\n<\/div>\n<\/div>","protected":false},"excerpt":{"rendered":"<div class=\"col-md-12\"><i class=\"fa fa-truck\"><\/i>&nbsp;<span class=\"text-muted textprop\">Lieferung innerhalb von 24\/48 Stunden<\/span><div class=\"col-md-12\"><i class=\"fa fa-exchange\"><\/i>&nbsp;<span class=\"text-muted textprop\">Versicherte Garantie<\/span><\/div><div class=\"col-md-12\"><i class=\"fa fa-box\"><\/i>&nbsp;<span class=\"text-muted textprop\">21 unidad(es) por Masterbox<\/span><\/div><\/div>","protected":false},"featured_media":2970,"template":"","meta":{"site-sidebar-layout":"default","site-content-layout":"default","ast-global-header-display":"","ast-main-header-display":"","ast-hfb-above-header-display":"","ast-hfb-below-header-display":"","ast-hfb-mobile-header-display":"","site-post-title":"","ast-breadcrumbs-content":"","ast-featured-img":"","footer-sml-layout":"","theme-transparent-header-meta":"default","adv-header-id-meta":"","stick-header-meta":"","header-above-stick-meta":"","header-main-stick-meta":"","header-below-stick-meta":""},"product_cat":[27,69,39],"product_tag":[],"class_list":["post-2969","product","type-product","status-publish","has-post-thumbnail","hentry","product_cat-downlight-plafones-y-placas-led","product_cat-plafones-y-superficie-led","product_cat-smart-led-domotica"],"_links":{"self":[{"href":"https:\/\/starlediluminacion.com\/de\/wp-json\/wp\/v3\/product\/2969","targetHints":{"allow":["GET"]}}],"collection":[{"href":"https:\/\/starlediluminacion.com\/de\/wp-json\/wp\/v3\/product"}],"about":[{"href":"https:\/\/starlediluminacion.com\/de\/wp-json\/wp\/v2\/types\/product"}],"wp:featuredmedia":[{"embeddable":true,"href":"https:\/\/starlediluminacion.com\/de\/wp-json\/wp\/v2\/media\/2970"}],"wp:attachment":[{"href":"https:\/\/starlediluminacion.com\/de\/wp-json\/wp\/v2\/media?parent=2969"}],"wp:term":[{"taxonomy":"product_cat","embeddable":true,"href":"https:\/\/starlediluminacion.com\/de\/wp-json\/wp\/v2\/product_cat?post=2969"},{"taxonomy":"product_tag","embeddable":true,"href":"https:\/\/starlediluminacion.com\/de\/wp-json\/wp\/v2\/product_tag?post=2969"}],"curies":[{"name":"wp","href":"https:\/\/api.w.org\/{rel}","templated":true}]}}