{"id":2873,"date":"2022-08-06T11:02:38","date_gmt":"2022-08-06T11:02:38","guid":{"rendered":"https:\/\/starlediluminacion.com\/?post_type=product&#038;p=2873"},"modified":"2022-10-23T08:48:55","modified_gmt":"2022-10-23T08:48:55","slug":"plafon-led-36w-vantaa-dimable-cct-mando-control","status":"publish","type":"product","link":"https:\/\/starlediluminacion.com\/de\/product\/deckenleuchte-36w-vantaa-dimmbar-cct-steuergerat\/","title":{"rendered":"<p>VANTAA 36W LED-Deckenleuchte - Dimmbar - CCT + Fernbedienung<\/p>"},"content":{"rendered":"<div class=\"product-info-line\">\n<p id=\"product_reference\"><label>REFERENZ: SL<span style=\"font-size: 16px;\">90450<\/span><\/label><\/p>\n<p><strong>Decke<\/strong>&nbsp;<strong>36W VANTAA&nbsp;<\/strong>von&nbsp;<strong>LED-Oberfl\u00e4che<\/strong>&nbsp;<strong>einstellbar<\/strong>Das Licht breitet sich gleichm\u00e4\u00dfig im Raum aus. Die Leuchte hat alle Lichttemperaturen im gleichen Strahler (warmes, nat\u00fcrliches und kaltes Licht), so dass Sie sie nach Ihren Bed\u00fcrfnissen ausw\u00e4hlen k\u00f6nnen.<\/p>\n<p>Unser&nbsp;<strong>36w CCT Deckenleuchte<\/strong>&nbsp;kommt mit einem&nbsp;<strong>Fernsteuerung mit Fernsteuerung<\/strong>&nbsp;mit einer Frequenz von&nbsp;<strong>2.4G&nbsp;<\/strong>mit dem Sie die Farbe jederzeit \u00e4ndern k\u00f6nnen.<\/p>\n<h1>LED-Deckenaufbau - Dimmbar 36W VANTAA - CCT (Farbe w\u00e4hlbar) + Fernbedienung.<\/h1>\n<p>Unser&nbsp;<strong>Decke<\/strong>&nbsp;<strong>Rundschreiben VANTAA&nbsp;<\/strong><strong>dimmbar<\/strong>&nbsp;zeichnet sich durch sein elegantes und modernes Aussehen aus. Es hat eine Leistung von&nbsp;<strong>36W,&nbsp;<\/strong>ist ein Produkt, das dank seines eleganten Designs in jedem Raum auff\u00e4llt. Mit seiner Fernbedienung k\u00f6nnen Sie die Farbtemperatur Ihrer Wahl w\u00e4hlen.&nbsp;<strong>(3000k - 4000k - 6000k)<\/strong>&nbsp;zu dem von Ihnen gew\u00e4hlten Zeitpunkt.<\/p>\n<p>Sie reproduziert ein ideales Ambiente mit hoher Helligkeit, von k\u00fchl bis warm.<\/p>\n<p>Mit diesem&nbsp;<strong>Lampe<\/strong>&nbsp;<strong>Decke<\/strong>&nbsp;kann die Energieeinsparungen um bis zu 80% reduzieren. Es gilt als umweltfreundliches Produkt, da es eine Energieklasse von&nbsp;<strong>A+.<\/strong><\/p><p>Das Licht wird durch das Opalgeh\u00e4use und den Winkel des Lichtstrahls gleichm\u00e4\u00dfig \u00fcber die gesamte Fl\u00e4che verteilt.&nbsp;<strong>120\u00ba<\/strong>. Dank ihres avantgardistischen und erlesenen Designs kann sie anspruchsvolle Atmosph\u00e4ren und eine bemerkenswerte Beleuchtung schaffen.<\/p><h2>Spotlight-Installation und Fernbedienungskonfiguration:<\/h2><ol>\n<li>Trennen Sie das elektrische System<\/li>\n<li>\u00d6ffnen Sie das Panel mit einer Drehung des Deckels<\/li>\n<li>Verbinden Sie die Dr\u00e4hte des Scheinwerfers mit denen der elektrischen Anlage.<\/li>\n<li>Montieren Sie den Strahler mit dem erforderlichen Werkzeug an der Decke oder Wand.<\/li>\n<li>Anschlie\u00dfen der elektrischen Anlage<\/li>\n<li>3-maliges Ein- und Ausschalten am Schalter<\/li>\n<li>Halten Sie die Taste \"SETUP\" auf der Fernbedienung gedr\u00fcckt, um die Konfiguration vorzunehmen.<\/li>\n<\/ol><p><strong>Einfach zu installieren<\/strong>&nbsp;und mit garantierter Qualit\u00e4t. Jetzt ist die Installation und Handhabung des Produkts komfortabler, so dass es einfacher ist, das Produkt an die Bed\u00fcrfnisse des Kunden anzupassen.&nbsp;<strong>Oberfl\u00e4chen<\/strong>&nbsp;genauer und in k\u00fcrzerer Zeit.<\/p><p>&nbsp;<\/p><h2>Verwendungsm\u00f6glichkeiten der LED-Deckenaufbaumontage - 36W VANTAA - Dimmbar - CCT + Fernsteuerung<\/h2><p>Ihre Anwendungen k\u00f6nnen sehr vielf\u00e4ltig sein, aber um einige von ihnen hervorzuheben, w\u00e4re es die&nbsp;<strong>Beleuchtung<\/strong>&nbsp;f\u00fcr:<\/p><ul>\n<li>Unternehmen und B\u00fcros<\/li>\n<li>B\u00e4der und K\u00fcchen<\/li>\n<li>Korridore, Terrassen<\/li>\n<li>Veranden oder Kellerr\u00e4ume<\/li>\n<li>Abdeckungen<\/li>\n<\/ul><h3 class=\"page-product-heading\">TECHNISCHE DATEN<\/h3><div class=\"col-xs-12 col-md-6\">\n<table class=\"table table-data-sheet 1\">\n<tbody>\n<tr class=\"odd\">\n<td valign=\"middle\" width=\"32\"><\/td>\n<td valign=\"middle\">REFERENZEN :<\/td>\n<td valign=\"middle\">SL90450<\/td>\n<\/tr>\n<tr class=\"even\">\n<td valign=\"middle\" width=\"32\"><\/td>\n<td valign=\"middle\">Nennleistung :<\/td>\n<td valign=\"middle\">36w<\/td>\n<\/tr>\n<tr class=\"odd\">\n<td valign=\"middle\" width=\"32\"><\/td>\n<td valign=\"middle\">Nennspannung:<\/td>\n<td valign=\"middle\">175-265V<\/td>\n<\/tr>\n<tr class=\"even\">\n<td valign=\"middle\" width=\"32\"><\/td>\n<td valign=\"middle\">Lichttemperatur:<\/td>\n<td valign=\"middle\">W\u00c4HLBARE FARBE: 3000K-4000K-6000K<\/td>\n<\/tr>\n<tr class=\"odd\">\n<td valign=\"middle\" width=\"32\"><\/td>\n<td valign=\"middle\">CRI - Farbwiedergabeindex:<\/td>\n<td valign=\"middle\">80<\/td>\n<\/tr>\n<tr class=\"even\">\n<td valign=\"middle\" width=\"32\"><\/td>\n<td valign=\"middle\">Baumaterial:<\/td>\n<td valign=\"middle\">Aluminium +PC<\/td>\n<\/tr>\n<tr class=\"odd\">\n<td valign=\"middle\" width=\"32\"><\/td>\n<td valign=\"middle\">Leuchtkraft-Lm:<\/td>\n<td valign=\"middle\">5040Lm<\/td>\n<\/tr>\n<tr class=\"even\">\n<td valign=\"middle\" width=\"32\"><\/td>\n<td valign=\"middle\">\u00d6ffnungswinkel (\u00ba):<\/td>\n<td valign=\"middle\">120\u00ba<\/td>\n<\/tr>\n<tr class=\"odd\">\n<td valign=\"middle\" width=\"32\"><\/td>\n<td valign=\"middle\">Lichtausbeute (Lm\/W):<\/td>\n<td valign=\"middle\">140Lm\/W<\/td>\n<\/tr>\n<tr class=\"even\">\n<td valign=\"middle\" width=\"32\"><\/td>\n<td valign=\"middle\">Bescheinigungen:<\/td>\n<td valign=\"middle\">CE - ROHS<\/td>\n<\/tr>\n<tr class=\"odd\">\n<td valign=\"middle\" width=\"32\"><\/td>\n<td valign=\"middle\">IP-Bewertung:<\/td>\n<td valign=\"middle\">IP20<\/td>\n<\/tr>\n<\/tbody>\n<\/table>\n<\/div><div class=\"col-xs-12 col-md-6 2\">\n<table class=\"table table-data-sheet 2\">\n<tbody>\n<tr class=\"odd\">\n<td valign=\"middle\" width=\"32\"><\/td>\n<td valign=\"middle\">Gesch\u00e4tzte Lebensdauer der LED-Diode (H):<\/td>\n<td valign=\"middle\">50.000<\/td>\n<\/tr>\n<tr class=\"even\">\n<td valign=\"middle\" width=\"32\"><\/td>\n<td valign=\"middle\">Abmessungen (mm):<\/td>\n<td valign=\"middle\">\u00d8480mm H70mm<\/td>\n<\/tr>\n<tr class=\"odd\">\n<td valign=\"middle\" width=\"32\"><\/td>\n<td valign=\"middle\">Leistungsfaktor (PF):<\/td>\n<td valign=\"middle\">0.96<\/td>\n<\/tr>\n<tr class=\"even\">\n<td valign=\"middle\" width=\"32\"><\/td>\n<td valign=\"middle\">Arbeitsfrequenz (Hz):<\/td>\n<td valign=\"middle\">50\/60Hz<\/td>\n<\/tr>\n<tr class=\"odd\">\n<td valign=\"middle\" width=\"32\"><\/td>\n<td valign=\"middle\">Temperaturbereich (\u00baC):<\/td>\n<td valign=\"middle\">-20\u00b0C ~ +55\u00b0C<\/td>\n<\/tr>\n<tr class=\"even\">\n<td valign=\"middle\" width=\"32\"><\/td>\n<td valign=\"middle\">Z\u00fcndungszyklen:<\/td>\n<td valign=\"middle\">100.000<\/td>\n<\/tr>\n<tr class=\"odd\">\n<td valign=\"middle\" width=\"32\"><\/td>\n<td valign=\"middle\">Einschaltzeit (s):<\/td>\n<td valign=\"middle\">0,2s<\/td>\n<\/tr>\n<tr class=\"even\">\n<td valign=\"middle\" width=\"32\"><\/td>\n<td valign=\"middle\">Treiber enthalten:<\/td>\n<td valign=\"middle\">YES<\/td>\n<\/tr>\n<tr class=\"odd\">\n<td valign=\"middle\" width=\"32\"><\/td>\n<td valign=\"middle\">Energieklasse (2021-EU-2019\/2015):<\/td>\n<td valign=\"middle\">A+<\/td>\n<\/tr>\n<tr class=\"even\">\n<td valign=\"middle\" width=\"32\"><\/td>\n<td valign=\"middle\">Gew\u00e4hrleistungsjahre:<\/td>\n<td valign=\"middle\">2<\/td>\n<\/tr>\n<\/tbody>\n<\/table>\n<\/div><\/div>","protected":false},"excerpt":{"rendered":"<div class=\"col-md-12\"><i class=\"fa fa-truck\"><\/i>&nbsp;<span class=\"text-muted textprop\">Lieferung innerhalb von 24\/48 Stunden<\/span><div class=\"col-md-12\"><i class=\"fa fa-exchange\"><\/i>&nbsp;<span class=\"text-muted textprop\">Versicherte Garantie<\/span><\/div><div class=\"col-md-12\"><i class=\"fa fa-box\"><\/i>&nbsp;<span class=\"text-muted textprop\">1 Einheit(en) pro Masterbox<\/span><\/div><\/div>","protected":false},"featured_media":2874,"template":"","meta":{"site-sidebar-layout":"default","site-content-layout":"default","ast-global-header-display":"","ast-main-header-display":"","ast-hfb-above-header-display":"","ast-hfb-below-header-display":"","ast-hfb-mobile-header-display":"","site-post-title":"","ast-breadcrumbs-content":"","ast-featured-img":"","footer-sml-layout":"","theme-transparent-header-meta":"default","adv-header-id-meta":"","stick-header-meta":"","header-above-stick-meta":"","header-main-stick-meta":"","header-below-stick-meta":""},"product_cat":[27,69],"product_tag":[],"class_list":["post-2873","product","type-product","status-publish","has-post-thumbnail","hentry","product_cat-downlight-plafones-y-placas-led","product_cat-plafones-y-superficie-led"],"yoast_head":"<!-- This site is optimized with the Yoast SEO plugin v27.4 - https:\/\/yoast.com\/product\/yoast-seo-wordpress\/ -->\n<title>Plaf\u00f3n LED 36W VANTAA - Dimable - CCT + Mando Control - STARLED Iluminacion<\/title>\n<meta name=\"robots\" content=\"index, follow, max-snippet:-1, max-image-preview:large, max-video-preview:-1\" \/>\n<link rel=\"canonical\" href=\"https:\/\/starlediluminacion.com\/de\/product\/deckenleuchte-36w-vantaa-dimmbar-cct-steuergerat\/\" \/>\n<meta property=\"og:locale\" content=\"de_DE\" \/>\n<meta property=\"og:type\" content=\"article\" \/>\n<meta property=\"og:title\" content=\"Plaf\u00f3n LED 36W VANTAA - Dimable - CCT + Mando Control - STARLED Iluminacion\" \/>\n<meta property=\"og:description\" content=\"\u00a0Entrega en 24\/48 horas \u00a0Garant\u00eda asegurada \u00a01 unidad(es) por Masterbox\" \/>\n<meta property=\"og:url\" content=\"https:\/\/starlediluminacion.com\/de\/product\/deckenleuchte-36w-vantaa-dimmbar-cct-steuergerat\/\" \/>\n<meta property=\"og:site_name\" content=\"STARLED Iluminacion\" \/>\n<meta property=\"article:modified_time\" content=\"2022-10-23T08:48:55+00:00\" \/>\n<meta property=\"og:image\" content=\"https:\/\/starlediluminacion.com\/wp-content\/uploads\/2022\/08\/plafon-led-36w-dimable-cct-mando-control-factorled-1-4.jpg\" \/>\n\t<meta property=\"og:image:width\" content=\"1000\" \/>\n\t<meta property=\"og:image:height\" content=\"1000\" \/>\n\t<meta property=\"og:image:type\" content=\"image\/jpeg\" \/>\n<meta name=\"twitter:card\" content=\"summary_large_image\" \/>\n<meta name=\"twitter:label1\" content=\"Gesch\u00e4tzte Lesezeit\" \/>\n\t<meta name=\"twitter:data1\" content=\"3\u00a0Minuten\" \/>\n<script type=\"application\/ld+json\" class=\"yoast-schema-graph\">{\"@context\":\"https:\\\/\\\/schema.org\",\"@graph\":[{\"@type\":\"WebPage\",\"@id\":\"https:\\\/\\\/starlediluminacion.com\\\/producto\\\/plafon-led-36w-vantaa-dimable-cct-mando-control\\\/\",\"url\":\"https:\\\/\\\/starlediluminacion.com\\\/producto\\\/plafon-led-36w-vantaa-dimable-cct-mando-control\\\/\",\"name\":\"Plaf\u00f3n LED 36W VANTAA - Dimable - CCT + Mando Control - STARLED Iluminacion\",\"isPartOf\":{\"@id\":\"https:\\\/\\\/starlediluminacion.com\\\/#website\"},\"primaryImageOfPage\":{\"@id\":\"https:\\\/\\\/starlediluminacion.com\\\/producto\\\/plafon-led-36w-vantaa-dimable-cct-mando-control\\\/#primaryimage\"},\"image\":{\"@id\":\"https:\\\/\\\/starlediluminacion.com\\\/producto\\\/plafon-led-36w-vantaa-dimable-cct-mando-control\\\/#primaryimage\"},\"thumbnailUrl\":\"https:\\\/\\\/starlediluminacion.com\\\/wp-content\\\/uploads\\\/2022\\\/08\\\/plafon-led-36w-dimable-cct-mando-control-factorled-1-4.jpg\",\"datePublished\":\"2022-08-06T11:02:38+00:00\",\"dateModified\":\"2022-10-23T08:48:55+00:00\",\"breadcrumb\":{\"@id\":\"https:\\\/\\\/starlediluminacion.com\\\/producto\\\/plafon-led-36w-vantaa-dimable-cct-mando-control\\\/#breadcrumb\"},\"inLanguage\":\"de\",\"potentialAction\":[{\"@type\":\"ReadAction\",\"target\":[\"https:\\\/\\\/starlediluminacion.com\\\/producto\\\/plafon-led-36w-vantaa-dimable-cct-mando-control\\\/\"]}]},{\"@type\":\"ImageObject\",\"inLanguage\":\"de\",\"@id\":\"https:\\\/\\\/starlediluminacion.com\\\/producto\\\/plafon-led-36w-vantaa-dimable-cct-mando-control\\\/#primaryimage\",\"url\":\"https:\\\/\\\/starlediluminacion.com\\\/wp-content\\\/uploads\\\/2022\\\/08\\\/plafon-led-36w-dimable-cct-mando-control-factorled-1-4.jpg\",\"contentUrl\":\"https:\\\/\\\/starlediluminacion.com\\\/wp-content\\\/uploads\\\/2022\\\/08\\\/plafon-led-36w-dimable-cct-mando-control-factorled-1-4.jpg\",\"width\":1000,\"height\":1000},{\"@type\":\"BreadcrumbList\",\"@id\":\"https:\\\/\\\/starlediluminacion.com\\\/producto\\\/plafon-led-36w-vantaa-dimable-cct-mando-control\\\/#breadcrumb\",\"itemListElement\":[{\"@type\":\"ListItem\",\"position\":1,\"name\":\"Portada\",\"item\":\"https:\\\/\\\/starlediluminacion.com\\\/\"},{\"@type\":\"ListItem\",\"position\":2,\"name\":\"Shop\",\"item\":\"https:\\\/\\\/starlediluminacion.com\\\/shop-2\\\/\"},{\"@type\":\"ListItem\",\"position\":3,\"name\":\"Plaf\u00f3n LED 36W VANTAA &#8211; Dimable &#8211; CCT + Mando Control\"}]},{\"@type\":\"WebSite\",\"@id\":\"https:\\\/\\\/starlediluminacion.com\\\/#website\",\"url\":\"https:\\\/\\\/starlediluminacion.com\\\/\",\"name\":\"STARLED Iluminacion\",\"description\":\"\",\"potentialAction\":[{\"@type\":\"SearchAction\",\"target\":{\"@type\":\"EntryPoint\",\"urlTemplate\":\"https:\\\/\\\/starlediluminacion.com\\\/?s={search_term_string}\"},\"query-input\":{\"@type\":\"PropertyValueSpecification\",\"valueRequired\":true,\"valueName\":\"search_term_string\"}}],\"inLanguage\":\"de\"}]}<\/script>\n<!-- \/ Yoast SEO plugin. -->","yoast_head_json":{"title":"Plaf\u00f3n LED 36W VANTAA - Dimable - CCT + Mando Control - STARLED Iluminacion","robots":{"index":"index","follow":"follow","max-snippet":"max-snippet:-1","max-image-preview":"max-image-preview:large","max-video-preview":"max-video-preview:-1"},"canonical":"https:\/\/starlediluminacion.com\/de\/product\/deckenleuchte-36w-vantaa-dimmbar-cct-steuergerat\/","og_locale":"de_DE","og_type":"article","og_title":"Plaf\u00f3n LED 36W VANTAA - Dimable - CCT + Mando Control - STARLED Iluminacion","og_description":"\u00a0Entrega en 24\/48 horas \u00a0Garant\u00eda asegurada \u00a01 unidad(es) por Masterbox","og_url":"https:\/\/starlediluminacion.com\/de\/product\/deckenleuchte-36w-vantaa-dimmbar-cct-steuergerat\/","og_site_name":"STARLED Iluminacion","article_modified_time":"2022-10-23T08:48:55+00:00","og_image":[{"width":1000,"height":1000,"url":"https:\/\/starlediluminacion.com\/wp-content\/uploads\/2022\/08\/plafon-led-36w-dimable-cct-mando-control-factorled-1-4.jpg","type":"image\/jpeg"}],"twitter_card":"summary_large_image","twitter_misc":{"Gesch\u00e4tzte Lesezeit":"3\u00a0Minuten"},"schema":{"@context":"https:\/\/schema.org","@graph":[{"@type":"WebPage","@id":"https:\/\/starlediluminacion.com\/producto\/plafon-led-36w-vantaa-dimable-cct-mando-control\/","url":"https:\/\/starlediluminacion.com\/producto\/plafon-led-36w-vantaa-dimable-cct-mando-control\/","name":"Plaf\u00f3n LED 36W VANTAA - Dimable - CCT + Mando Control - STARLED Iluminacion","isPartOf":{"@id":"https:\/\/starlediluminacion.com\/#website"},"primaryImageOfPage":{"@id":"https:\/\/starlediluminacion.com\/producto\/plafon-led-36w-vantaa-dimable-cct-mando-control\/#primaryimage"},"image":{"@id":"https:\/\/starlediluminacion.com\/producto\/plafon-led-36w-vantaa-dimable-cct-mando-control\/#primaryimage"},"thumbnailUrl":"https:\/\/starlediluminacion.com\/wp-content\/uploads\/2022\/08\/plafon-led-36w-dimable-cct-mando-control-factorled-1-4.jpg","datePublished":"2022-08-06T11:02:38+00:00","dateModified":"2022-10-23T08:48:55+00:00","breadcrumb":{"@id":"https:\/\/starlediluminacion.com\/producto\/plafon-led-36w-vantaa-dimable-cct-mando-control\/#breadcrumb"},"inLanguage":"de","potentialAction":[{"@type":"ReadAction","target":["https:\/\/starlediluminacion.com\/producto\/plafon-led-36w-vantaa-dimable-cct-mando-control\/"]}]},{"@type":"ImageObject","inLanguage":"de","@id":"https:\/\/starlediluminacion.com\/producto\/plafon-led-36w-vantaa-dimable-cct-mando-control\/#primaryimage","url":"https:\/\/starlediluminacion.com\/wp-content\/uploads\/2022\/08\/plafon-led-36w-dimable-cct-mando-control-factorled-1-4.jpg","contentUrl":"https:\/\/starlediluminacion.com\/wp-content\/uploads\/2022\/08\/plafon-led-36w-dimable-cct-mando-control-factorled-1-4.jpg","width":1000,"height":1000},{"@type":"BreadcrumbList","@id":"https:\/\/starlediluminacion.com\/producto\/plafon-led-36w-vantaa-dimable-cct-mando-control\/#breadcrumb","itemListElement":[{"@type":"ListItem","position":1,"name":"Portada","item":"https:\/\/starlediluminacion.com\/"},{"@type":"ListItem","position":2,"name":"Shop","item":"https:\/\/starlediluminacion.com\/shop-2\/"},{"@type":"ListItem","position":3,"name":"Plaf\u00f3n LED 36W VANTAA &#8211; Dimable &#8211; CCT + Mando Control"}]},{"@type":"WebSite","@id":"https:\/\/starlediluminacion.com\/#website","url":"https:\/\/starlediluminacion.com\/","name":"STARLED Iluminacion","description":"","potentialAction":[{"@type":"SearchAction","target":{"@type":"EntryPoint","urlTemplate":"https:\/\/starlediluminacion.com\/?s={search_term_string}"},"query-input":{"@type":"PropertyValueSpecification","valueRequired":true,"valueName":"search_term_string"}}],"inLanguage":"de"}]}},"_links":{"self":[{"href":"https:\/\/starlediluminacion.com\/de\/wp-json\/wp\/v3\/product\/2873","targetHints":{"allow":["GET"]}}],"collection":[{"href":"https:\/\/starlediluminacion.com\/de\/wp-json\/wp\/v3\/product"}],"about":[{"href":"https:\/\/starlediluminacion.com\/de\/wp-json\/wp\/v2\/types\/product"}],"wp:featuredmedia":[{"embeddable":true,"href":"https:\/\/starlediluminacion.com\/de\/wp-json\/wp\/v2\/media\/2874"}],"wp:attachment":[{"href":"https:\/\/starlediluminacion.com\/de\/wp-json\/wp\/v2\/media?parent=2873"}],"wp:term":[{"taxonomy":"product_cat","embeddable":true,"href":"https:\/\/starlediluminacion.com\/de\/wp-json\/wp\/v2\/product_cat?post=2873"},{"taxonomy":"product_tag","embeddable":true,"href":"https:\/\/starlediluminacion.com\/de\/wp-json\/wp\/v2\/product_tag?post=2873"}],"curies":[{"name":"wp","href":"https:\/\/api.w.org\/{rel}","templated":true}]}}