{"id":2762,"date":"2022-08-06T09:58:57","date_gmt":"2022-08-06T09:58:57","guid":{"rendered":"https:\/\/starlediluminacion.com\/?post_type=product&#038;p=2762"},"modified":"2022-10-23T08:52:20","modified_gmt":"2022-10-23T08:52:20","slug":"plafon-led-36w-frankfurt-dimable-cct-mando-control","status":"publish","type":"product","link":"https:\/\/starlediluminacion.com\/de\/product\/deckenleuchte-36w-frankfurt-dimmbar-cct-control-controller\/","title":{"rendered":"<p>FRANKFURT 36W LED-Deckenleuchte - Dimmbar - CCT + Fernbedienung<\/p>"},"content":{"rendered":"<div class=\"product-info-line\">\n<p id=\"product_reference\"><label>REFERENZ: SL8<span style=\"font-size: 16px;\">024<\/span><\/label><\/p>\n<p><strong>Decke<\/strong>&nbsp;<strong>36W FRANKFURT&nbsp;<\/strong>von&nbsp;<strong>LED-Oberfl\u00e4che<\/strong>&nbsp;<strong>einstellbar<\/strong>Das Licht breitet sich gleichm\u00e4\u00dfig im Raum aus. Die Leuchte hat alle Lichttemperaturen im gleichen Strahler (warmes, nat\u00fcrliches und kaltes Licht), so dass Sie sie nach Ihren Bed\u00fcrfnissen ausw\u00e4hlen k\u00f6nnen.<\/p>\n<div class=\"hidden-xs parrafo\">\n<p>Unser&nbsp;<strong>36w CCT Deckenleuchte<\/strong>&nbsp;kommt mit einem&nbsp;<strong>Fernsteuerung mit Fernsteuerung<\/strong>&nbsp;mit einer Frequenz von&nbsp;<strong>2.4G&nbsp;<\/strong>mit dem Sie die Farbe jederzeit \u00e4ndern k\u00f6nnen.<\/p>\n<\/div>\n<div id=\"views_block-1\" class=\"clearfix\">\n<div id=\"thumbs_list\">\n<h4><span style=\"font-size: 2em; font-weight: bold;\">LED-Deckenanbauleuchte - Dimmbar 36W <\/span><strong style=\"font-size: 2em;\">FRANKFURT<\/strong><span style=\"font-size: 2em; font-weight: bold;\">&nbsp;- CCT (w\u00e4hlbare Farbe) + Steuerbefehl.<\/span><\/h4>\n<div class=\"rte\">\n<p>Unser&nbsp;<strong>Decke<\/strong>&nbsp;<strong>kreisf\u00f6rmig FRANKFURT<\/strong>&nbsp;<strong>dimmbar<\/strong>&nbsp;zeichnet sich durch sein elegantes und modernes Aussehen aus. Es hat eine Leistung von&nbsp;<strong>36W,&nbsp;<\/strong>ist ein Produkt, das dank seines eleganten Designs in jedem Raum auff\u00e4llt. Mit seiner Fernbedienung k\u00f6nnen Sie die Farbtemperatur Ihrer Wahl w\u00e4hlen.&nbsp;<strong>(3000k - 4000k - 6000k)<\/strong>&nbsp;zu dem von Ihnen gew\u00e4hlten Zeitpunkt.<\/p>\n<p>Sie reproduziert ein ideales Ambiente mit hoher Helligkeit, von k\u00fchl bis warm.<\/p>\n<div class=\"rte\">\n<p>Mit diesem&nbsp;<strong>Lampe<\/strong>&nbsp;<strong>Decke<\/strong>&nbsp;kann die Energieeinsparungen um bis zu 80% reduzieren. Es gilt als umweltfreundliches Produkt, da es eine Energieklasse von&nbsp;<strong>A+.<\/strong><\/p>\n<p>Das Licht wird durch das Opalgeh\u00e4use und den Winkel des Lichtstrahls gleichm\u00e4\u00dfig \u00fcber die gesamte Fl\u00e4che verteilt.&nbsp;<strong>120\u00ba<\/strong>. Dank ihres avantgardistischen und erlesenen Designs kann sie anspruchsvolle Atmosph\u00e4ren und eine bemerkenswerte Beleuchtung schaffen.<\/p>\n<h2>Spotlight-Installation und Fernbedienungskonfiguration:<\/h2>\n<ol>\n<li>Trennen Sie das elektrische System<\/li>\n<li>\u00d6ffnen Sie das Panel mit einer Drehung des Deckels<\/li>\n<li>Verbinden Sie die Dr\u00e4hte des Scheinwerfers mit denen der elektrischen Anlage.<\/li>\n<li>Montieren Sie den Strahler mit dem erforderlichen Werkzeug an der Decke oder Wand.<\/li>\n<li>Anschlie\u00dfen der elektrischen Anlage<\/li>\n<li>3-maliges Ein- und Ausschalten am Schalter<\/li>\n<li>Halten Sie die Taste \"SETUP\" auf der Fernbedienung gedr\u00fcckt, um die Konfiguration vorzunehmen.<\/li>\n<\/ol>\n<p><strong>Einfach zu installieren<\/strong>&nbsp;und mit garantierter Qualit\u00e4t. Jetzt ist die Installation und Handhabung des Produkts komfortabler, so dass es einfacher ist, das Produkt an die Bed\u00fcrfnisse des Kunden anzupassen.&nbsp;<strong>Oberfl\u00e4chen<\/strong>&nbsp;genauer und in k\u00fcrzerer Zeit.<\/p>\n<p>&nbsp;<\/p>\n<h2>Verwendungsm\u00f6glichkeiten der LED-Deckenleuchte f\u00fcr den Anbau - 36W&nbsp;<strong>FRANKFURT<\/strong>&nbsp;- Dimmbar - CCT + Steuerbefehl<\/h2>\n<p>Ihre Anwendungen k\u00f6nnen sehr vielf\u00e4ltig sein, aber um einige von ihnen hervorzuheben, w\u00e4re es die&nbsp;<strong>Beleuchtung<\/strong>&nbsp;f\u00fcr:<\/p>\n<ul>\n<li>Unternehmen und B\u00fcros<\/li>\n<li>B\u00e4der und K\u00fcchen<\/li>\n<li>Korridore, Terrassen<\/li>\n<li>Veranden oder Kellerr\u00e4ume<\/li>\n<li>Abdeckungen<\/li>\n<\/ul>\n<h3 class=\"page-product-heading\">TECHNISCHE DATEN<\/h3>\n<div class=\"col-xs-12 col-md-6\">\n<table class=\"table table-data-sheet 1\">\n<tbody>\n<tr class=\"odd\">\n<td valign=\"middle\" width=\"32\"><\/td>\n<td valign=\"middle\">REFERENZEN :<\/td>\n<td valign=\"middle\">SL8024<\/td>\n<\/tr>\n<tr class=\"even\">\n<td valign=\"middle\" width=\"32\"><\/td>\n<td valign=\"middle\">Nennleistung :<\/td>\n<td valign=\"middle\">36w<\/td>\n<\/tr>\n<tr class=\"odd\">\n<td valign=\"middle\" width=\"32\"><\/td>\n<td valign=\"middle\">Nennspannung:<\/td>\n<td valign=\"middle\">175-265V<\/td>\n<\/tr>\n<tr class=\"even\">\n<td valign=\"middle\" width=\"32\"><\/td>\n<td valign=\"middle\">Lichttemperatur:<\/td>\n<td valign=\"middle\">W\u00c4HLBARE FARBE: 3000K-4000K-6000K<\/td>\n<\/tr>\n<tr class=\"odd\">\n<td valign=\"middle\" width=\"32\"><\/td>\n<td valign=\"middle\">CRI - Farbwiedergabeindex:<\/td>\n<td valign=\"middle\">80<\/td>\n<\/tr>\n<tr class=\"even\">\n<td valign=\"middle\" width=\"32\"><\/td>\n<td valign=\"middle\">Baumaterial:<\/td>\n<td valign=\"middle\">Stahl +PC<\/td>\n<\/tr>\n<tr class=\"odd\">\n<td valign=\"middle\" width=\"32\"><\/td>\n<td valign=\"middle\">Leuchtkraft-Lm:<\/td>\n<td valign=\"middle\">5500<\/td>\n<\/tr>\n<tr class=\"even\">\n<td valign=\"middle\" width=\"32\"><\/td>\n<td valign=\"middle\">Art der LEDs:<\/td>\n<td valign=\"middle\">SMD<\/td>\n<\/tr>\n<tr class=\"odd\">\n<td valign=\"middle\" width=\"32\"><\/td>\n<td valign=\"middle\">\u00d6ffnungswinkel (\u00ba):<\/td>\n<td valign=\"middle\">120\u00b0<\/td>\n<\/tr>\n<tr class=\"even\">\n<td valign=\"middle\" width=\"32\"><\/td>\n<td valign=\"middle\">Effizienz der LED-Diode (Lm\/W):<\/td>\n<td valign=\"middle\">140 Lm\/W<\/td>\n<\/tr>\n<tr class=\"odd\">\n<td valign=\"middle\" width=\"32\"><\/td>\n<td valign=\"middle\">Dimmbar:<\/td>\n<td valign=\"middle\">YES<\/td>\n<\/tr>\n<tr class=\"even\">\n<td valign=\"middle\" width=\"32\"><\/td>\n<td valign=\"middle\">Bescheinigungen:<\/td>\n<td valign=\"middle\">CE - ROHS<\/td>\n<\/tr>\n<\/tbody>\n<\/table>\n<\/div>\n<div class=\"col-xs-12 col-md-6 2\">\n<table class=\"table table-data-sheet 2\">\n<tbody>\n<tr class=\"odd\">\n<td valign=\"middle\" width=\"32\"><\/td>\n<td valign=\"middle\">IP-Bewertung:<\/td>\n<td valign=\"middle\">IP20<\/td>\n<\/tr>\n<tr class=\"even\">\n<td valign=\"middle\" width=\"32\"><\/td>\n<td valign=\"middle\">Gesch\u00e4tzte Lebensdauer der LED-Diode (H):<\/td>\n<td valign=\"middle\">40.000<\/td>\n<\/tr>\n<tr class=\"odd\">\n<td valign=\"middle\" width=\"32\"><\/td>\n<td valign=\"middle\">Leistungsfaktor (PF):<\/td>\n<td valign=\"middle\">0,95<\/td>\n<\/tr>\n<tr class=\"even\">\n<td valign=\"middle\" width=\"32\"><\/td>\n<td valign=\"middle\">Arbeitsfrequenz (Hz):<\/td>\n<td valign=\"middle\">50\/60Hz<\/td>\n<\/tr>\n<tr class=\"odd\">\n<td valign=\"middle\" width=\"32\"><\/td>\n<td valign=\"middle\">Temperaturbereich (\u00baC):<\/td>\n<td valign=\"middle\">-20\u00b0C ~ +55\u00b0C<\/td>\n<\/tr>\n<tr class=\"even\">\n<td valign=\"middle\" width=\"32\"><\/td>\n<td valign=\"middle\">Z\u00fcndungszyklen:<\/td>\n<td valign=\"middle\">100.000<\/td>\n<\/tr>\n<tr class=\"odd\">\n<td valign=\"middle\" width=\"32\"><\/td>\n<td valign=\"middle\">Einschaltzeit (s):<\/td>\n<td valign=\"middle\">0,2s<\/td>\n<\/tr>\n<tr class=\"even\">\n<td valign=\"middle\" width=\"32\"><\/td>\n<td valign=\"middle\">Kontrollmodi:<\/td>\n<td valign=\"middle\">STEUERGER\u00c4T + INFRAROT<\/td>\n<\/tr>\n<tr class=\"odd\">\n<td valign=\"middle\" width=\"32\"><\/td>\n<td valign=\"middle\">Treiber enthalten:<\/td>\n<td valign=\"middle\">YES<\/td>\n<\/tr>\n<tr class=\"even\">\n<td valign=\"middle\" width=\"32\"><\/td>\n<td valign=\"middle\">Energieklasse (2021-EU-2019\/2015):<\/td>\n<td valign=\"middle\">A+<\/td>\n<\/tr>\n<tr class=\"odd\">\n<td valign=\"middle\" width=\"32\"><\/td>\n<td valign=\"middle\">Gew\u00e4hrleistungsjahre:<\/td>\n<td valign=\"middle\">2<\/td>\n<\/tr>\n<\/tbody>\n<\/table>\n<\/div>\n<\/div>\n<\/div>\n<\/div>\n<\/div>\n<\/div>","protected":false},"excerpt":{"rendered":"<div class=\"col-md-12\"><i class=\"fa fa-truck\"><\/i>&nbsp;<span class=\"text-muted textprop\">Lieferung innerhalb von 24\/48 Stunden<\/span><div class=\"col-md-12\"><i class=\"fa fa-exchange\"><\/i>&nbsp;<span class=\"text-muted textprop\">Versicherte Garantie<\/span><\/div><div class=\"col-md-12\"><i class=\"fa fa-box\"><\/i>&nbsp;<span class=\"text-muted textprop\">1 Einheit(en) pro Masterbox<\/span><\/div><\/div>","protected":false},"featured_media":2770,"template":"","meta":{"site-sidebar-layout":"default","site-content-layout":"default","ast-global-header-display":"","ast-main-header-display":"","ast-hfb-above-header-display":"","ast-hfb-below-header-display":"","ast-hfb-mobile-header-display":"","site-post-title":"","ast-breadcrumbs-content":"","ast-featured-img":"","footer-sml-layout":"","theme-transparent-header-meta":"default","adv-header-id-meta":"","stick-header-meta":"","header-above-stick-meta":"","header-main-stick-meta":"","header-below-stick-meta":""},"product_cat":[27,69],"product_tag":[],"class_list":["post-2762","product","type-product","status-publish","has-post-thumbnail","hentry","product_cat-downlight-plafones-y-placas-led","product_cat-plafones-y-superficie-led"],"_links":{"self":[{"href":"https:\/\/starlediluminacion.com\/de\/wp-json\/wp\/v3\/product\/2762","targetHints":{"allow":["GET"]}}],"collection":[{"href":"https:\/\/starlediluminacion.com\/de\/wp-json\/wp\/v3\/product"}],"about":[{"href":"https:\/\/starlediluminacion.com\/de\/wp-json\/wp\/v2\/types\/product"}],"wp:featuredmedia":[{"embeddable":true,"href":"https:\/\/starlediluminacion.com\/de\/wp-json\/wp\/v2\/media\/2770"}],"wp:attachment":[{"href":"https:\/\/starlediluminacion.com\/de\/wp-json\/wp\/v2\/media?parent=2762"}],"wp:term":[{"taxonomy":"product_cat","embeddable":true,"href":"https:\/\/starlediluminacion.com\/de\/wp-json\/wp\/v2\/product_cat?post=2762"},{"taxonomy":"product_tag","embeddable":true,"href":"https:\/\/starlediluminacion.com\/de\/wp-json\/wp\/v2\/product_tag?post=2762"}],"curies":[{"name":"wp","href":"https:\/\/api.w.org\/{rel}","templated":true}]}}