{"id":2726,"date":"2022-08-04T22:07:17","date_gmt":"2022-08-04T22:07:17","guid":{"rendered":"https:\/\/starlediluminacion.com\/?post_type=product&#038;p=2726"},"modified":"2022-10-23T08:38:27","modified_gmt":"2022-10-23T08:38:27","slug":"placa-slim-led-cuadrada-20w-osram-chip-duris-e-2835","status":"publish","type":"product","link":"https:\/\/starlediluminacion.com\/de\/product\/placa-slim-led-cuadrada-20w-osram-chip-duris-e-2835\/","title":{"rendered":"<p>Schlanke LED Quadrat 20W - OSRAM CHIP DURIS E 2835<\/p>"},"content":{"rendered":"<div class=\"product-info-line\">\n<p id=\"product_reference\"><label>REFERENZ: SLP<span style=\"font-size: 16px;\">LC20WOSR<\/span><\/label><\/p>\n<div class=\"hidden-xs parrafo\">\n<p>Die<strong>&nbsp;LED-Platine<\/strong>&nbsp;Schlank von&nbsp;<strong>20W&nbsp;<\/strong>enth\u00e4lt die Diode<strong>&nbsp;OSRAM&nbsp;<\/strong>DURIS E 2835, hohe Helligkeit, hat einen \u00d6ffnungswinkel von&nbsp;<strong>120\u00ba&nbsp;<\/strong>ideal f\u00fcr die gleichm\u00e4\u00dfige Beleuchtung aller Arten von gewerblichen Einrichtungen, sowohl privat als auch professionell. Dank ihres modernen und attraktiven Designs kann sie f\u00fcr verschiedene Arten von Dekoration verwendet werden.<\/p>\n<h1>Schlanke LED Quadrat 20W - OSRAM CHIP DURIS E 2835<\/h1>\n<p dir=\"ltr\">Diese&nbsp;<strong>OSRAM LED-Einbauplatine<\/strong>&nbsp;von&nbsp;<strong>20W<\/strong>&nbsp;Leistung, hat einen \u00d6ffnungswinkel von&nbsp;<strong>120\u00ba<\/strong>&nbsp;ideal f\u00fcr die Beleuchtung aller Arten von gewerblichen Einrichtungen, sowohl privat als auch professionell.<\/p>\n<p dir=\"ltr\">Sie ist aus Aluminium gefertigt, was zur Verbesserung der Langlebigkeit der Leuchte beitr\u00e4gt. Ihre hohe Lichtausbeute bietet einen warmen und einladenden Lichtton.<\/p>\n<p dir=\"ltr\">Dank seines modernen und attraktiven Designs k\u00f6nnen Sie aus verschiedenen Dekorationsarten w\u00e4hlen.<\/p>\n<p dir=\"ltr\">Hohe Farbwiedergabe, hoher CRI-Wert.<\/p>\n<p dir=\"ltr\">Die gesamte&nbsp;<strong>Schlanke LED-Downlights<\/strong>&nbsp;sind sofort einschaltbar, so dass Sie die Vorteile ihrer Beleuchtung von Anfang an nutzen k\u00f6nnen.<\/p>\n<p dir=\"ltr\">Das Design dieses Paneel-Typs erm\u00f6glicht die Installation auf flachen Oberfl\u00e4chen und verf\u00fcgt \u00fcber Befestigungslaschen auf der Platte, um Zeit bei der Installation zu sparen.<\/p>\n<\/div>\n<div id=\"views_block-1\" class=\"clearfix\">\n<p dir=\"ltr\">Freuen Sie sich auf eine langlebige, umweltfreundliche und qualitativ hochwertige Beleuchtung.<\/p>\n<p dir=\"ltr\">Wir haben 3 Arten von Temperaturen, die Ihnen verschiedene Lichtnuancen bieten. Warmes Wei\u00df, nat\u00fcrliches Wei\u00df, kaltes Wei\u00df. Holen Sie sie sich jetzt auf einfache Weise, durch unseren Shop.<\/p>\n<h2 dir=\"ltr\">Einsatzm\u00f6glichkeiten der 20W Slim Square LED-Platine - OSRAM CHIP DURIS E 2835<\/h2>\n<ul>\n<li>Freizeitzentren<\/li>\n<li>Gesch\u00e4fte<\/li>\n<li>Einkaufszentren<\/li>\n<li>Hotels<\/li>\n<li>Restaurants<\/li>\n<li>Startseite<\/li>\n<\/ul>\n<h3 class=\"page-product-heading\">TECHNISCHE DATEN<\/h3>\n<div class=\"col-xs-12 col-md-6\">\n<table class=\"table table-data-sheet 1\">\n<tbody>\n<tr class=\"odd\">\n<td valign=\"middle\" width=\"32\"><\/td>\n<td valign=\"middle\">REFERENZEN :<\/td>\n<td valign=\"middle\">SLPLC20WOSR<\/td>\n<\/tr>\n<tr class=\"even\">\n<td valign=\"middle\" width=\"32\"><\/td>\n<td valign=\"middle\">Nennleistung :<\/td>\n<td valign=\"middle\">20w<\/td>\n<\/tr>\n<tr class=\"odd\">\n<td valign=\"middle\" width=\"32\"><\/td>\n<td valign=\"middle\">Nennspannung:<\/td>\n<td valign=\"middle\">85V-265V<\/td>\n<\/tr>\n<tr class=\"even\">\n<td valign=\"middle\" width=\"32\"><\/td>\n<td valign=\"middle\">Lichttemperatur:<\/td>\n<td valign=\"middle\">3000K - 4000K - 6000K<\/td>\n<\/tr>\n<tr class=\"odd\">\n<td valign=\"middle\" width=\"32\"><\/td>\n<td valign=\"middle\">CRI - Farbwiedergabeindex:<\/td>\n<td valign=\"middle\">80<\/td>\n<\/tr>\n<tr class=\"even\">\n<td valign=\"middle\" width=\"32\"><\/td>\n<td valign=\"middle\">Baumaterial:<\/td>\n<td valign=\"middle\">Aluminium +PC<\/td>\n<\/tr>\n<tr class=\"odd\">\n<td valign=\"middle\" width=\"32\"><\/td>\n<td valign=\"middle\">Leuchtkraft-Lm:<\/td>\n<td valign=\"middle\">2200<\/td>\n<\/tr>\n<tr class=\"even\">\n<td valign=\"middle\" width=\"32\"><\/td>\n<td valign=\"middle\">Art der LEDs:<\/td>\n<td valign=\"middle\">SMD 2835<\/td>\n<\/tr>\n<tr class=\"odd\">\n<td valign=\"middle\" width=\"32\"><\/td>\n<td valign=\"middle\">\u00d6ffnungswinkel (\u00ba):<\/td>\n<td valign=\"middle\">120\u00ba<\/td>\n<\/tr>\n<tr class=\"even\">\n<td valign=\"middle\" width=\"32\"><\/td>\n<td valign=\"middle\">Effizienz der LED-Diode (Lm\/W):<\/td>\n<td valign=\"middle\">140 Lm\/W<\/td>\n<\/tr>\n<tr class=\"odd\">\n<td valign=\"middle\" width=\"32\"><\/td>\n<td valign=\"middle\">Lichtausbeute (Lm\/W):<\/td>\n<td valign=\"middle\">110 Lm\/W<\/td>\n<\/tr>\n<tr class=\"even\">\n<td valign=\"middle\" width=\"32\"><\/td>\n<td valign=\"middle\">Dimmbar:<\/td>\n<td valign=\"middle\">NO<\/td>\n<\/tr>\n<tr class=\"odd\">\n<td valign=\"middle\" width=\"32\"><\/td>\n<td valign=\"middle\">Bescheinigungen:<\/td>\n<td valign=\"middle\">CE - ROHS<\/td>\n<\/tr>\n<\/tbody>\n<\/table>\n<\/div>\n<div class=\"col-xs-12 col-md-6 2\">\n<table class=\"table table-data-sheet 2\">\n<tbody>\n<tr class=\"odd\">\n<td valign=\"middle\" width=\"32\"><\/td>\n<td valign=\"middle\">IP-Bewertung:<\/td>\n<td valign=\"middle\">IP40<\/td>\n<\/tr>\n<tr class=\"even\">\n<td valign=\"middle\" width=\"32\"><\/td>\n<td valign=\"middle\">Gesch\u00e4tzte Lebensdauer der LED-Diode (H):<\/td>\n<td valign=\"middle\">40.000<\/td>\n<\/tr>\n<tr class=\"odd\">\n<td valign=\"middle\" width=\"32\"><\/td>\n<td valign=\"middle\">Abmessungen (mm):<\/td>\n<td valign=\"middle\">225mm<\/td>\n<\/tr>\n<tr class=\"even\">\n<td valign=\"middle\" width=\"32\"><\/td>\n<td valign=\"middle\">Arbeitsfrequenz (Hz):<\/td>\n<td valign=\"middle\">50\/60Hz<\/td>\n<\/tr>\n<tr class=\"odd\">\n<td valign=\"middle\" width=\"32\"><\/td>\n<td valign=\"middle\">Temperaturbereich (\u00baC):<\/td>\n<td valign=\"middle\">-20\u00b0C ~ +55\u00b0C<\/td>\n<\/tr>\n<tr class=\"even\">\n<td valign=\"middle\" width=\"32\"><\/td>\n<td valign=\"middle\">Z\u00fcndungszyklen:<\/td>\n<td valign=\"middle\">100.000<\/td>\n<\/tr>\n<tr class=\"odd\">\n<td valign=\"middle\" width=\"32\"><\/td>\n<td valign=\"middle\">Einschaltzeit (s):<\/td>\n<td valign=\"middle\">0,2s<\/td>\n<\/tr>\n<tr class=\"even\">\n<td valign=\"middle\" width=\"32\"><\/td>\n<td valign=\"middle\">Zus\u00e4tzliche Informationen:<\/td>\n<td valign=\"middle\">Gewicht mit Box: 90g<\/td>\n<\/tr>\n<tr class=\"odd\">\n<td valign=\"middle\" width=\"32\"><\/td>\n<td valign=\"middle\">Deckenausschnitt (mm):<\/td>\n<td valign=\"middle\">205mm<\/td>\n<\/tr>\n<tr class=\"even\">\n<td valign=\"middle\" width=\"32\"><\/td>\n<td valign=\"middle\">Blendungsindex (UGR):<\/td>\n<td valign=\"middle\">19<\/td>\n<\/tr>\n<tr class=\"odd\">\n<td valign=\"middle\" width=\"32\"><\/td>\n<td valign=\"middle\">Treiber enthalten:<\/td>\n<td valign=\"middle\">YES<\/td>\n<\/tr>\n<tr class=\"even\">\n<td valign=\"middle\" width=\"32\"><\/td>\n<td valign=\"middle\">Energieklasse (2021-EU-2019\/2015):<\/td>\n<td valign=\"middle\">A+<\/td>\n<\/tr>\n<tr class=\"odd\">\n<td valign=\"middle\" width=\"32\"><\/td>\n<td valign=\"middle\">Gew\u00e4hrleistungsjahre:<\/td>\n<td valign=\"middle\">3<\/td>\n<\/tr>\n<\/tbody>\n<\/table>\n<p>&nbsp;<\/p>\n<\/div>\n<\/div>\n<\/div>","protected":false},"excerpt":{"rendered":"<div class=\"col-md-12\"><i class=\"fa fa-truck\"><\/i>&nbsp;<span class=\"text-muted textprop\">Lieferung innerhalb von 24\/48 Stunden<\/span><div class=\"col-md-12\"><i class=\"fa fa-exchange\"><\/i>&nbsp;<span class=\"text-muted textprop\">Versicherte Garantie<\/span><\/div><div class=\"col-md-12\"><i class=\"fa fa-box\"><\/i>&nbsp;<span class=\"text-muted textprop\">20 Einheit(en) pro Masterbox<\/span><\/div><div><strong>FARBTEMPERATUR: 3000K\/4000K\/6000K<\/strong><\/div><div><\/div><\/div>","protected":false},"featured_media":2730,"template":"","meta":{"site-sidebar-layout":"default","site-content-layout":"default","ast-global-header-display":"","ast-main-header-display":"","ast-hfb-above-header-display":"","ast-hfb-below-header-display":"","ast-hfb-mobile-header-display":"","site-post-title":"","ast-breadcrumbs-content":"","ast-featured-img":"","footer-sml-layout":"","theme-transparent-header-meta":"default","adv-header-id-meta":"","stick-header-meta":"","header-above-stick-meta":"","header-main-stick-meta":"","header-below-stick-meta":""},"product_cat":[68,27],"product_tag":[],"class_list":["post-2726","product","type-product","status-publish","has-post-thumbnail","hentry","product_cat-downlight-extraplano-slim-led","product_cat-downlight-plafones-y-placas-led"],"_links":{"self":[{"href":"https:\/\/starlediluminacion.com\/de\/wp-json\/wp\/v3\/product\/2726","targetHints":{"allow":["GET"]}}],"collection":[{"href":"https:\/\/starlediluminacion.com\/de\/wp-json\/wp\/v3\/product"}],"about":[{"href":"https:\/\/starlediluminacion.com\/de\/wp-json\/wp\/v2\/types\/product"}],"wp:featuredmedia":[{"embeddable":true,"href":"https:\/\/starlediluminacion.com\/de\/wp-json\/wp\/v2\/media\/2730"}],"wp:attachment":[{"href":"https:\/\/starlediluminacion.com\/de\/wp-json\/wp\/v2\/media?parent=2726"}],"wp:term":[{"taxonomy":"product_cat","embeddable":true,"href":"https:\/\/starlediluminacion.com\/de\/wp-json\/wp\/v2\/product_cat?post=2726"},{"taxonomy":"product_tag","embeddable":true,"href":"https:\/\/starlediluminacion.com\/de\/wp-json\/wp\/v2\/product_tag?post=2726"}],"curies":[{"name":"wp","href":"https:\/\/api.w.org\/{rel}","templated":true}]}}