{"id":2609,"date":"2022-08-04T20:49:06","date_gmt":"2022-08-04T20:49:06","guid":{"rendered":"https:\/\/starlediluminacion.com\/?post_type=product&#038;p=2609"},"modified":"2022-08-04T20:49:06","modified_gmt":"2022-08-04T20:49:06","slug":"placa-led-circular-20w-con-detector-de-movimiento-cct-osram-chip","status":"publish","type":"product","link":"https:\/\/starlediluminacion.com\/de\/product\/20w-kreisformige-led-platte-mit-bewegungsmelder-cct-osram-chip-2\/","title":{"rendered":"<p>Kreisf\u00f6rmiges 20W LED-Panel mit Bewegungsmelder - CCT - OSRAM CHIP<\/p>"},"content":{"rendered":"<div class=\"product-info-line\">\n<p id=\"product_reference\"><label>REFERENZ: SL<span style=\"font-size: 16px;\">90813-CCT<\/span><\/label><\/p>\n<p><strong>OSRAM CHIP LED-Platine&nbsp;<\/strong>DURIS E 2835 mit<strong>&nbsp;Bewegungssensor,&nbsp;<\/strong>kann so eingestellt werden, dass es sich in Abh\u00e4ngigkeit von der Au\u00dfenbeleuchtung einschaltet (ganzer Tag, D\u00e4mmerung oder v\u00f6llige Dunkelheit).&nbsp;<strong>Downlight<\/strong>&nbsp;kann die Z\u00fcndzeit nach Bedarf reguliert werden.<\/p>\n<p>Hergestellt aus Aluminium + PMMA, mit wei\u00dfer Oberfl\u00e4che und einer Leistung von&nbsp;<strong>20W<\/strong>&nbsp;ist ein speziell f\u00fcr den Transitbereich entwickeltes Produkt. Es hat eine Reihe von&nbsp;<strong>Reichweite von 6 Metern.&nbsp;<\/strong>&nbsp;Sie ist gekennzeichnet durch ihre&nbsp;<strong>Anwesenheitsdetektor<\/strong>&nbsp;und Luminosit\u00e4t.<\/p>\n<h1>Kreisf\u00f6rmiges 20W LED-Panel mit Bewegungsmelder - CCT - OSRAM CHIP<\/h1>\n<p><strong>CCT-LED-Platte mit MOTION SENSOR<\/strong>&nbsp;LED aus Aluminium + PMMA. Mit einer wei\u00dfen Oberfl\u00e4che und einer Leistung von&nbsp;<strong>20W<\/strong>&nbsp;ist ein Produkt, das speziell f\u00fcr das Aufsp\u00fcren von Durchg\u00e4ngen entwickelt wurde. Es hat eine Reichweite von&nbsp;<strong>Reichweite von 6 Metern<\/strong>&nbsp;und einer Betriebsdauer von&nbsp;<strong>30-45-300 Sekunden Erkennung<\/strong>. Der Sensor wird aktiviert, sobald eine Bewegung erkannt wird.<\/p>\n<p>Dank seiner 3 Optionen von&nbsp;<strong>Detektor<\/strong>&nbsp;von&nbsp;<strong>Leuchtkraft<\/strong>Der Melder kann so eingestellt werden, dass er nach Ihren Bed\u00fcrfnissen funktioniert. Der Melder erm\u00f6glicht auch 3 Zeiteinstellungen: 15 Sekunden - 45 Sekunden - 5 Minuten.<\/p>\n<p>Der Innenraum enth\u00e4lt LEDs&nbsp;<strong>OSRAM Chip<\/strong>&nbsp;hohe Helligkeit, um eine qualitativ hochwertige Beleuchtung zu erreichen, dank seiner gro\u00dfen Widerstand der Strahler hat eine gr\u00f6\u00dfere Haltbarkeit erreicht 100.000 Zyklen der Z\u00fcndung zur gleichen Zeit, dass eine gro\u00dfe erreicht wird&nbsp;<strong>Energieeinsparung<\/strong>&nbsp;auf Ihre Stromrechnungen.<\/p>\n<p>Dieses Produkt hat einen Schutz&nbsp;<strong>IP40<\/strong>Es handelt sich also um ein Produkt f\u00fcr die Verwendung in Innenr\u00e4umen. Mit seinem prim\u00e4ren Winkel von&nbsp;<strong>120\u00ba<\/strong>&nbsp;wird in jedem Raum ein gleichm\u00e4\u00dfiges Licht erzeugt, das ein einheitliches Ambiente schafft.<\/p>\n<p>&nbsp;<\/p>\n<h2>Einsatzm\u00f6glichkeiten des 20W Circular LED Panel mit Bewegungsmelder - CCT - OSRAM CHIP<\/h2>\n<ul>\n<li>Beleuchtung im Haus: B\u00e4der, K\u00fcchen, Flure, Wohnr\u00e4ume.<\/li>\n<li>Gesch\u00e4ftsbeleuchtung: B\u00e4der, Flure, B\u00fcros.<\/li>\n<li>Gewerbliche Beleuchtung: Einkaufszentren und kleine Gesch\u00e4fte.<\/li>\n<\/ul>\n<p>Downlight 20W runde Decke mit Bewegungsmelder<\/p>\n<h3 class=\"page-product-heading\">TECHNISCHE DATEN<\/h3>\n<div class=\"col-xs-12 col-md-6\">\n<table class=\"table table-data-sheet 1\">\n<tbody>\n<tr class=\"odd\">\n<td valign=\"middle\" width=\"32\"><\/td>\n<td valign=\"middle\">REFERENZEN :<\/td>\n<td valign=\"middle\">SL90813-CCT<\/td>\n<\/tr>\n<tr class=\"even\">\n<td valign=\"middle\" width=\"32\"><\/td>\n<td valign=\"middle\">Nennleistung :<\/td>\n<td valign=\"middle\">20w<\/td>\n<\/tr>\n<tr class=\"odd\">\n<td valign=\"middle\" width=\"32\"><\/td>\n<td valign=\"middle\">Nennspannung:<\/td>\n<td valign=\"middle\">85V-265V<\/td>\n<\/tr>\n<tr class=\"even\">\n<td valign=\"middle\" width=\"32\"><\/td>\n<td valign=\"middle\">Lichttemperatur:<\/td>\n<td valign=\"middle\">W\u00c4HLBARE FARBE: 3000K-4000K-6000K<\/td>\n<\/tr>\n<tr class=\"odd\">\n<td valign=\"middle\" width=\"32\"><\/td>\n<td valign=\"middle\">CRI - Farbwiedergabeindex:<\/td>\n<td valign=\"middle\">85<\/td>\n<\/tr>\n<tr class=\"even\">\n<td valign=\"middle\" width=\"32\"><\/td>\n<td valign=\"middle\">Baumaterial:<\/td>\n<td valign=\"middle\">Aluminium +PC<\/td>\n<\/tr>\n<tr class=\"odd\">\n<td valign=\"middle\" width=\"32\"><\/td>\n<td valign=\"middle\">Leuchtkraft-Lm:<\/td>\n<td valign=\"middle\">2200<\/td>\n<\/tr>\n<tr class=\"even\">\n<td valign=\"middle\" width=\"32\"><\/td>\n<td valign=\"middle\">Art der LEDs:<\/td>\n<td valign=\"middle\">SMD 2835<\/td>\n<\/tr>\n<tr class=\"odd\">\n<td valign=\"middle\" width=\"32\"><\/td>\n<td valign=\"middle\">\u00d6ffnungswinkel (\u00ba):<\/td>\n<td valign=\"middle\">120\u00ba<\/td>\n<\/tr>\n<tr class=\"even\">\n<td valign=\"middle\" width=\"32\"><\/td>\n<td valign=\"middle\">Effizienz der LED-Diode (Lm\/W):<\/td>\n<td valign=\"middle\">140 Lm\/W<\/td>\n<\/tr>\n<tr class=\"odd\">\n<td valign=\"middle\" width=\"32\"><\/td>\n<td valign=\"middle\">Lichtausbeute (Lm\/W):<\/td>\n<td valign=\"middle\">110 Lm\/W<\/td>\n<\/tr>\n<tr class=\"even\">\n<td valign=\"middle\" width=\"32\"><\/td>\n<td valign=\"middle\">Bescheinigungen:<\/td>\n<td valign=\"middle\">CE - ROHS<\/td>\n<\/tr>\n<tr class=\"odd\">\n<td valign=\"middle\" width=\"32\"><\/td>\n<td valign=\"middle\">Gesch\u00e4tzte Lebensdauer der LED-Diode (H):<\/td>\n<td valign=\"middle\">40.000<\/td>\n<\/tr>\n<\/tbody>\n<\/table>\n<\/div>\n<div class=\"col-xs-12 col-md-6 2\">\n<table class=\"table table-data-sheet 2\">\n<tbody>\n<tr class=\"odd\">\n<td valign=\"middle\" width=\"32\"><\/td>\n<td valign=\"middle\">Abmessungen (mm):<\/td>\n<td valign=\"middle\">\u00d8225mm H25mm<\/td>\n<\/tr>\n<tr class=\"even\">\n<td valign=\"middle\" width=\"32\"><\/td>\n<td valign=\"middle\">Arbeitsfrequenz (Hz):<\/td>\n<td valign=\"middle\">50\/60Hz<\/td>\n<\/tr>\n<tr class=\"odd\">\n<td valign=\"middle\" width=\"32\"><\/td>\n<td valign=\"middle\">Temperaturbereich (\u00baC):<\/td>\n<td valign=\"middle\">-20\u00b0C ~ +55\u00b0C<\/td>\n<\/tr>\n<tr class=\"even\">\n<td valign=\"middle\" width=\"32\"><\/td>\n<td valign=\"middle\">Z\u00fcndungszyklen:<\/td>\n<td valign=\"middle\">100.000<\/td>\n<\/tr>\n<tr class=\"odd\">\n<td valign=\"middle\" width=\"32\"><\/td>\n<td valign=\"middle\">Einschaltzeit (s):<\/td>\n<td valign=\"middle\">0,2s<\/td>\n<\/tr>\n<tr class=\"even\">\n<td valign=\"middle\" width=\"32\"><\/td>\n<td valign=\"middle\">Deckenausschnitt (mm):<\/td>\n<td valign=\"middle\">\u00d8210mm<\/td>\n<\/tr>\n<tr class=\"odd\">\n<td valign=\"middle\" width=\"32\"><\/td>\n<td valign=\"middle\">Kontrollmodi:<\/td>\n<td valign=\"middle\">INFRARED<\/td>\n<\/tr>\n<tr class=\"even\">\n<td valign=\"middle\" width=\"32\"><\/td>\n<td valign=\"middle\">Treiber enthalten:<\/td>\n<td valign=\"middle\">YES<\/td>\n<\/tr>\n<tr class=\"odd\">\n<td valign=\"middle\" width=\"32\"><\/td>\n<td valign=\"middle\">Energieklasse (2021-EU-2019\/2015):<\/td>\n<td valign=\"middle\">A+<\/td>\n<\/tr>\n<tr class=\"even\">\n<td valign=\"middle\" width=\"32\"><\/td>\n<td valign=\"middle\">Energieklasse (2023 - EU-2019\/2015):<\/td>\n<td valign=\"middle\">F<\/td>\n<\/tr>\n<tr class=\"odd\">\n<td valign=\"middle\" width=\"32\"><\/td>\n<td valign=\"middle\">Gew\u00e4hrleistungsjahre:<\/td>\n<td valign=\"middle\">3<\/td>\n<\/tr>\n<tr class=\"even\">\n<td valign=\"middle\" width=\"32\"><\/td>\n<td valign=\"middle\">Reichweite (m) :<\/td>\n<td valign=\"middle\">6 m.<\/td>\n<\/tr>\n<tr class=\"odd\">\n<td valign=\"middle\" width=\"32\"><\/td>\n<td valign=\"middle\">Einschaltzeit :<\/td>\n<td valign=\"middle\">Programmierbar: 15 Sec - 45 Sec -5Min<\/td>\n<\/tr>\n<\/tbody>\n<\/table>\n<\/div>\n<\/div>","protected":false},"excerpt":{"rendered":"<div class=\"col-md-12\"><i class=\"fa fa-truck\"><\/i>&nbsp;<span class=\"text-muted textprop\">Lieferung innerhalb von 24\/48 Stunden<\/span><div class=\"col-md-12\"><i class=\"fa fa-exchange\"><\/i>&nbsp;<span class=\"text-muted textprop\">Versicherte Garantie<\/span><\/div><div class=\"col-md-12\"><i class=\"fa fa-box\"><\/i>&nbsp;<span class=\"text-muted textprop\">20 Einheit(en) pro Masterbox<\/span><\/div><\/div>","protected":false},"featured_media":2620,"template":"","meta":{"site-sidebar-layout":"default","site-content-layout":"default","ast-global-header-display":"","ast-main-header-display":"","ast-hfb-above-header-display":"","ast-hfb-below-header-display":"","ast-hfb-mobile-header-display":"","site-post-title":"","ast-breadcrumbs-content":"","ast-featured-img":"","footer-sml-layout":"","theme-transparent-header-meta":"default","adv-header-id-meta":"","stick-header-meta":"","header-above-stick-meta":"","header-main-stick-meta":"","header-below-stick-meta":""},"product_cat":[27],"product_tag":[],"class_list":["post-2609","product","type-product","status-publish","has-post-thumbnail","hentry","product_cat-downlight-plafones-y-placas-led"],"yoast_head":"<!-- This site is optimized with the Yoast SEO plugin v27.4 - https:\/\/yoast.com\/product\/yoast-seo-wordpress\/ -->\n<title>Placa LED Circular 20W con Detector de Movimiento - CCT - OSRAM CHIP - STARLED Iluminacion<\/title>\n<meta name=\"robots\" content=\"index, follow, max-snippet:-1, max-image-preview:large, max-video-preview:-1\" \/>\n<link rel=\"canonical\" href=\"https:\/\/starlediluminacion.com\/de\/product\/20w-kreisformige-led-platte-mit-bewegungsmelder-cct-osram-chip-2\/\" \/>\n<meta property=\"og:locale\" content=\"de_DE\" \/>\n<meta property=\"og:type\" content=\"article\" \/>\n<meta property=\"og:title\" content=\"Placa LED Circular 20W con Detector de Movimiento - CCT - OSRAM CHIP - STARLED Iluminacion\" \/>\n<meta property=\"og:description\" content=\"\u00a0Entrega en 24\/48 horas \u00a0Garant\u00eda asegurada \u00a020 unidad(es) por Masterbox\" \/>\n<meta property=\"og:url\" content=\"https:\/\/starlediluminacion.com\/de\/product\/20w-kreisformige-led-platte-mit-bewegungsmelder-cct-osram-chip-2\/\" \/>\n<meta property=\"og:site_name\" content=\"STARLED Iluminacion\" \/>\n<meta property=\"og:image\" content=\"https:\/\/starlediluminacion.com\/wp-content\/uploads\/2022\/08\/placa-slim-led-circular-20w-osram-chip-factorled-9.jpg\" \/>\n\t<meta property=\"og:image:width\" content=\"1000\" \/>\n\t<meta property=\"og:image:height\" content=\"1000\" \/>\n\t<meta property=\"og:image:type\" content=\"image\/jpeg\" \/>\n<meta name=\"twitter:card\" content=\"summary_large_image\" \/>\n<meta name=\"twitter:label1\" content=\"Gesch\u00e4tzte Lesezeit\" \/>\n\t<meta name=\"twitter:data1\" content=\"2\u00a0Minuten\" \/>\n<script type=\"application\/ld+json\" class=\"yoast-schema-graph\">{\"@context\":\"https:\\\/\\\/schema.org\",\"@graph\":[{\"@type\":\"WebPage\",\"@id\":\"https:\\\/\\\/starlediluminacion.com\\\/producto\\\/placa-led-circular-20w-con-detector-de-movimiento-cct-osram-chip\\\/\",\"url\":\"https:\\\/\\\/starlediluminacion.com\\\/producto\\\/placa-led-circular-20w-con-detector-de-movimiento-cct-osram-chip\\\/\",\"name\":\"Placa LED Circular 20W con Detector de Movimiento - CCT - OSRAM CHIP - STARLED Iluminacion\",\"isPartOf\":{\"@id\":\"https:\\\/\\\/starlediluminacion.com\\\/#website\"},\"primaryImageOfPage\":{\"@id\":\"https:\\\/\\\/starlediluminacion.com\\\/producto\\\/placa-led-circular-20w-con-detector-de-movimiento-cct-osram-chip\\\/#primaryimage\"},\"image\":{\"@id\":\"https:\\\/\\\/starlediluminacion.com\\\/producto\\\/placa-led-circular-20w-con-detector-de-movimiento-cct-osram-chip\\\/#primaryimage\"},\"thumbnailUrl\":\"https:\\\/\\\/starlediluminacion.com\\\/wp-content\\\/uploads\\\/2022\\\/08\\\/placa-slim-led-circular-20w-osram-chip-factorled-9.jpg\",\"datePublished\":\"2022-08-04T20:49:06+00:00\",\"breadcrumb\":{\"@id\":\"https:\\\/\\\/starlediluminacion.com\\\/producto\\\/placa-led-circular-20w-con-detector-de-movimiento-cct-osram-chip\\\/#breadcrumb\"},\"inLanguage\":\"de\",\"potentialAction\":[{\"@type\":\"ReadAction\",\"target\":[\"https:\\\/\\\/starlediluminacion.com\\\/producto\\\/placa-led-circular-20w-con-detector-de-movimiento-cct-osram-chip\\\/\"]}]},{\"@type\":\"ImageObject\",\"inLanguage\":\"de\",\"@id\":\"https:\\\/\\\/starlediluminacion.com\\\/producto\\\/placa-led-circular-20w-con-detector-de-movimiento-cct-osram-chip\\\/#primaryimage\",\"url\":\"https:\\\/\\\/starlediluminacion.com\\\/wp-content\\\/uploads\\\/2022\\\/08\\\/placa-slim-led-circular-20w-osram-chip-factorled-9.jpg\",\"contentUrl\":\"https:\\\/\\\/starlediluminacion.com\\\/wp-content\\\/uploads\\\/2022\\\/08\\\/placa-slim-led-circular-20w-osram-chip-factorled-9.jpg\",\"width\":1000,\"height\":1000},{\"@type\":\"BreadcrumbList\",\"@id\":\"https:\\\/\\\/starlediluminacion.com\\\/producto\\\/placa-led-circular-20w-con-detector-de-movimiento-cct-osram-chip\\\/#breadcrumb\",\"itemListElement\":[{\"@type\":\"ListItem\",\"position\":1,\"name\":\"Portada\",\"item\":\"https:\\\/\\\/starlediluminacion.com\\\/\"},{\"@type\":\"ListItem\",\"position\":2,\"name\":\"Shop\",\"item\":\"https:\\\/\\\/starlediluminacion.com\\\/shop-2\\\/\"},{\"@type\":\"ListItem\",\"position\":3,\"name\":\"Placa LED Circular 20W con Detector de Movimiento &#8211; CCT &#8211; OSRAM CHIP\"}]},{\"@type\":\"WebSite\",\"@id\":\"https:\\\/\\\/starlediluminacion.com\\\/#website\",\"url\":\"https:\\\/\\\/starlediluminacion.com\\\/\",\"name\":\"STARLED Iluminacion\",\"description\":\"\",\"potentialAction\":[{\"@type\":\"SearchAction\",\"target\":{\"@type\":\"EntryPoint\",\"urlTemplate\":\"https:\\\/\\\/starlediluminacion.com\\\/?s={search_term_string}\"},\"query-input\":{\"@type\":\"PropertyValueSpecification\",\"valueRequired\":true,\"valueName\":\"search_term_string\"}}],\"inLanguage\":\"de\"}]}<\/script>\n<!-- \/ Yoast SEO plugin. -->","yoast_head_json":{"title":"Placa LED Circular 20W con Detector de Movimiento - CCT - OSRAM CHIP - STARLED Iluminacion","robots":{"index":"index","follow":"follow","max-snippet":"max-snippet:-1","max-image-preview":"max-image-preview:large","max-video-preview":"max-video-preview:-1"},"canonical":"https:\/\/starlediluminacion.com\/de\/product\/20w-kreisformige-led-platte-mit-bewegungsmelder-cct-osram-chip-2\/","og_locale":"de_DE","og_type":"article","og_title":"Placa LED Circular 20W con Detector de Movimiento - CCT - OSRAM CHIP - STARLED Iluminacion","og_description":"\u00a0Entrega en 24\/48 horas \u00a0Garant\u00eda asegurada \u00a020 unidad(es) por Masterbox","og_url":"https:\/\/starlediluminacion.com\/de\/product\/20w-kreisformige-led-platte-mit-bewegungsmelder-cct-osram-chip-2\/","og_site_name":"STARLED Iluminacion","og_image":[{"width":1000,"height":1000,"url":"https:\/\/starlediluminacion.com\/wp-content\/uploads\/2022\/08\/placa-slim-led-circular-20w-osram-chip-factorled-9.jpg","type":"image\/jpeg"}],"twitter_card":"summary_large_image","twitter_misc":{"Gesch\u00e4tzte Lesezeit":"2\u00a0Minuten"},"schema":{"@context":"https:\/\/schema.org","@graph":[{"@type":"WebPage","@id":"https:\/\/starlediluminacion.com\/producto\/placa-led-circular-20w-con-detector-de-movimiento-cct-osram-chip\/","url":"https:\/\/starlediluminacion.com\/producto\/placa-led-circular-20w-con-detector-de-movimiento-cct-osram-chip\/","name":"Placa LED Circular 20W con Detector de Movimiento - CCT - OSRAM CHIP - STARLED Iluminacion","isPartOf":{"@id":"https:\/\/starlediluminacion.com\/#website"},"primaryImageOfPage":{"@id":"https:\/\/starlediluminacion.com\/producto\/placa-led-circular-20w-con-detector-de-movimiento-cct-osram-chip\/#primaryimage"},"image":{"@id":"https:\/\/starlediluminacion.com\/producto\/placa-led-circular-20w-con-detector-de-movimiento-cct-osram-chip\/#primaryimage"},"thumbnailUrl":"https:\/\/starlediluminacion.com\/wp-content\/uploads\/2022\/08\/placa-slim-led-circular-20w-osram-chip-factorled-9.jpg","datePublished":"2022-08-04T20:49:06+00:00","breadcrumb":{"@id":"https:\/\/starlediluminacion.com\/producto\/placa-led-circular-20w-con-detector-de-movimiento-cct-osram-chip\/#breadcrumb"},"inLanguage":"de","potentialAction":[{"@type":"ReadAction","target":["https:\/\/starlediluminacion.com\/producto\/placa-led-circular-20w-con-detector-de-movimiento-cct-osram-chip\/"]}]},{"@type":"ImageObject","inLanguage":"de","@id":"https:\/\/starlediluminacion.com\/producto\/placa-led-circular-20w-con-detector-de-movimiento-cct-osram-chip\/#primaryimage","url":"https:\/\/starlediluminacion.com\/wp-content\/uploads\/2022\/08\/placa-slim-led-circular-20w-osram-chip-factorled-9.jpg","contentUrl":"https:\/\/starlediluminacion.com\/wp-content\/uploads\/2022\/08\/placa-slim-led-circular-20w-osram-chip-factorled-9.jpg","width":1000,"height":1000},{"@type":"BreadcrumbList","@id":"https:\/\/starlediluminacion.com\/producto\/placa-led-circular-20w-con-detector-de-movimiento-cct-osram-chip\/#breadcrumb","itemListElement":[{"@type":"ListItem","position":1,"name":"Portada","item":"https:\/\/starlediluminacion.com\/"},{"@type":"ListItem","position":2,"name":"Shop","item":"https:\/\/starlediluminacion.com\/shop-2\/"},{"@type":"ListItem","position":3,"name":"Placa LED Circular 20W con Detector de Movimiento &#8211; CCT &#8211; OSRAM CHIP"}]},{"@type":"WebSite","@id":"https:\/\/starlediluminacion.com\/#website","url":"https:\/\/starlediluminacion.com\/","name":"STARLED Iluminacion","description":"","potentialAction":[{"@type":"SearchAction","target":{"@type":"EntryPoint","urlTemplate":"https:\/\/starlediluminacion.com\/?s={search_term_string}"},"query-input":{"@type":"PropertyValueSpecification","valueRequired":true,"valueName":"search_term_string"}}],"inLanguage":"de"}]}},"_links":{"self":[{"href":"https:\/\/starlediluminacion.com\/de\/wp-json\/wp\/v3\/product\/2609","targetHints":{"allow":["GET"]}}],"collection":[{"href":"https:\/\/starlediluminacion.com\/de\/wp-json\/wp\/v3\/product"}],"about":[{"href":"https:\/\/starlediluminacion.com\/de\/wp-json\/wp\/v2\/types\/product"}],"wp:featuredmedia":[{"embeddable":true,"href":"https:\/\/starlediluminacion.com\/de\/wp-json\/wp\/v2\/media\/2620"}],"wp:attachment":[{"href":"https:\/\/starlediluminacion.com\/de\/wp-json\/wp\/v2\/media?parent=2609"}],"wp:term":[{"taxonomy":"product_cat","embeddable":true,"href":"https:\/\/starlediluminacion.com\/de\/wp-json\/wp\/v2\/product_cat?post=2609"},{"taxonomy":"product_tag","embeddable":true,"href":"https:\/\/starlediluminacion.com\/de\/wp-json\/wp\/v2\/product_tag?post=2609"}],"curies":[{"name":"wp","href":"https:\/\/api.w.org\/{rel}","templated":true}]}}