{"id":2457,"date":"2022-08-03T20:07:49","date_gmt":"2022-08-03T20:07:49","guid":{"rendered":"https:\/\/starlediluminacion.com\/?post_type=product&#038;p=2457"},"modified":"2025-10-18T10:25:29","modified_gmt":"2025-10-18T10:25:29","slug":"regleta-estanca-led-20w-philips-driver-coreplus-cct-60cm","status":"publish","type":"product","link":"https:\/\/starlediluminacion.com\/de\/product\/led-strip-hebel-strip-20w-philips-treiber-coreplus-cct-60cm\/","title":{"rendered":"<p>wasserdichte led streifen 20w treiber coreplus - cct - 60cm<\/p>"},"content":{"rendered":"<div class=\"product-info-line\">\n<p id=\"product_reference\"><label>Referenz: slc<span style=\"font-size: 16px;\">rt60-8022cct<\/span><\/label><\/p>\n<div class=\"hidden-xs parrafo\">\n<p><strong>w\u00e4hlbarer farbstreifen (cct 3000k-4000k-6000k) integrierte led mit isoliertem treiber<\/strong><strong>.&nbsp;<\/strong>Die Abdeckung der Leiste ist halbtransparent und besteht aus Polycarbonat und Abs.<\/p>\n<h1><strong>wasserdichte led streifen 20w treiber coreplus - cct - 60cm<\/strong><\/h1>\n<p><strong>der 60cm lange LED-Streifen<\/strong>&nbsp;in der L\u00e4nge und&nbsp;<strong>20w&nbsp;<\/strong>Das Netzteil wird an einem vormarkierten Ende angeschlossen. Es handelt sich um einen opalen Streifen aus PC. Seine Abdeckung verhindert Blendung.<\/p>\n<p>Winkel von&nbsp;<strong>120\u00b0<\/strong>&nbsp;mit Projektion f\u00fcr hochwertiges verteiltes Licht.<\/p>\n<p>das Bedachungsmaterial ist&nbsp;<strong>Makrolon\u00ae 2807<\/strong>. ist ein sehr hochwertiges Material, das extremen Temperaturen (280-320\u00bac) standh\u00e4lt und&nbsp;<strong>rohs und ul zertifikat<\/strong>.&nbsp;<strong>entspricht der Norm iso 7391-pc<\/strong><\/p>\n<p>Durch den direkten Anschluss an 170-265 V entfallen die Kosten f\u00fcr die Verwendung von Vorschaltger\u00e4ten und Z\u00fcndger\u00e4ten in herk\u00f6mmlichen Beleuchtungsk\u00f6rpern, was zu einer besseren Leistung und l\u00e4ngeren Lebensdauer f\u00fchrt.<\/p>\n<p>Die Klemmleiste besteht aus den<strong>&nbsp;smalite smd-2835 Diode mit hoher Leuchtkraft, Qualit\u00e4t und lm\/w Effizienz,<\/strong><strong>&nbsp;<\/strong>mit&nbsp;<strong>Fahrer isoliert<\/strong>ist ein technologischer Durchbruch in der&nbsp;<strong>hoher Wirkungsgrad<\/strong>Es ist eine sehr interessante Option f\u00fcr alle Arten von Innenanwendungen.<\/p>\n<p>mehr Einsparungen zu erzielen, ein Flackern des Lichts beim Einschalten der Leuchte zu vermeiden und somit ein sofortiges Einschalten mit dieser LED-Leiste zu erreichen.<\/p>\n<p>&nbsp;<\/p>\n<h2>usos de la&nbsp;regleta estanca led 20w  driver coreplus &ndash; cct &ndash; 60cm<\/h2>\n<ul>\n<li>Garagen<\/li>\n<li>Flure<\/li>\n<li>Einkaufszentren<\/li>\n<li>Krankenh\u00e4user<\/li>\n<li>Fabriken<\/li>\n<li>Lagerh\u00e4user<\/li>\n<\/ul>\n<h3 class=\"page-product-heading\">technische Details<\/h3>\n<div class=\"col-xs-12 col-md-6\">\n<table class=\"table table-data-sheet 1\">\n<tbody>\n<tr class=\"odd\">\n<td valign=\"middle\" width=\"32\"><\/td>\n<td valign=\"middle\">Hinweis :<\/td>\n<td valign=\"middle\">slcrt60-8022cct<\/td>\n<\/tr>\n<tr class=\"even\">\n<td valign=\"middle\" width=\"32\"><\/td>\n<td valign=\"middle\">Nennleistung :<\/td>\n<td valign=\"middle\">20w<\/td>\n<\/tr>\n<tr class=\"odd\">\n<td valign=\"middle\" width=\"32\"><\/td>\n<td valign=\"middle\">Nennspannung:<\/td>\n<td valign=\"middle\">170 - 265v<\/td>\n<\/tr>\n<tr class=\"even\">\n<td valign=\"middle\" width=\"32\"><\/td>\n<td valign=\"middle\">Lichttemperatur:<\/td>\n<td valign=\"middle\">W\u00e4hlbare Farbe: 3000k-4000k-6000k<\/td>\n<\/tr>\n<tr class=\"odd\">\n<td valign=\"middle\" width=\"32\"><\/td>\n<td valign=\"middle\">cri -index chromatische Wiedergabe:<\/td>\n<td valign=\"middle\">85<\/td>\n<\/tr>\n<tr class=\"even\">\n<td valign=\"middle\" width=\"32\"><\/td>\n<td valign=\"middle\">Baumaterial:<\/td>\n<td valign=\"middle\">abs + makrolon\u00ae 2807<\/td>\n<\/tr>\n<tr class=\"odd\">\n<td valign=\"middle\" width=\"32\"><\/td>\n<td valign=\"middle\">Leuchtkraft-lm:<\/td>\n<td valign=\"middle\">2800<\/td>\n<\/tr>\n<tr class=\"even\">\n<td valign=\"middle\" width=\"32\"><\/td>\n<td valign=\"middle\">Art der LEDs:<\/td>\n<td valign=\"middle\">smd 2835<\/td>\n<\/tr>\n<tr class=\"odd\">\n<td valign=\"middle\" width=\"32\"><\/td>\n<td valign=\"middle\">\u00d6ffnungswinkel (\u00ba):<\/td>\n<td valign=\"middle\">150\u00ba<\/td>\n<\/tr>\n<tr class=\"even\">\n<td valign=\"middle\" width=\"32\"><\/td>\n<td valign=\"middle\">Wirkungsgrad der LED-Diode (lm\/w):<\/td>\n<td valign=\"middle\">160 lm\/W<\/td>\n<\/tr>\n<tr class=\"odd\">\n<td valign=\"middle\" width=\"32\"><\/td>\n<td valign=\"middle\">Lichtausbeute (lm\/w):<\/td>\n<td valign=\"middle\">140lm\/w<\/td>\n<\/tr>\n<tr class=\"even\">\n<td valign=\"middle\" width=\"32\"><\/td>\n<td valign=\"middle\">Zertifikate:<\/td>\n<td valign=\"middle\">ce - rohs - emc - ul<\/td>\n<\/tr>\n<\/tbody>\n<\/table>\n<\/div>\n<div class=\"col-xs-12 col-md-6 2\">\n<table class=\"table table-data-sheet 2\">\n<tbody>\n<tr class=\"odd\">\n<td valign=\"middle\" width=\"32\"><\/td>\n<td valign=\"middle\">Grad von ip:<\/td>\n<td valign=\"middle\">ip65-au\u00dfen<\/td>\n<\/tr>\n<tr class=\"even\">\n<td valign=\"middle\" width=\"32\"><\/td>\n<td valign=\"middle\">gesch\u00e4tzte Lebensdauer der LED-Diode (h):<\/td>\n<td valign=\"middle\">100.000<\/td>\n<\/tr>\n<tr class=\"odd\">\n<td valign=\"middle\" width=\"32\"><\/td>\n<td valign=\"middle\">Abmessungen (mm):<\/td>\n<td valign=\"middle\">l:600 w:70 h:70 mm<\/td>\n<\/tr>\n<tr class=\"even\">\n<td valign=\"middle\" width=\"32\"><\/td>\n<td valign=\"middle\">Leistungsfaktor (pf):<\/td>\n<td valign=\"middle\">0.9<\/td>\n<\/tr>\n<tr class=\"odd\">\n<td valign=\"middle\" width=\"32\"><\/td>\n<td valign=\"middle\">Arbeitsfrequenz (hz):<\/td>\n<td valign=\"middle\">50\/60hz<\/td>\n<\/tr>\n<tr class=\"even\">\n<td valign=\"middle\" width=\"32\"><\/td>\n<td valign=\"middle\">Temperaturbereich (\u00baC):<\/td>\n<td valign=\"middle\">-20\u00b0c ~ +55\u00b0c<\/td>\n<\/tr>\n<tr class=\"odd\">\n<td valign=\"middle\" width=\"32\"><\/td>\n<td valign=\"middle\">Z\u00fcndzyklen:<\/td>\n<td valign=\"middle\">100.000<\/td>\n<\/tr>\n<tr class=\"even\">\n<td valign=\"middle\" width=\"32\"><\/td>\n<td valign=\"middle\">Anlaufzeit (s):<\/td>\n<td valign=\"middle\">0,2s<\/td>\n<\/tr>\n<tr class=\"odd\">\n<td valign=\"middle\" width=\"32\"><\/td>\n<td valign=\"middle\">zus\u00e4tzliche Informationen:<\/td>\n<td valign=\"middle\">certadrive lineare isolierte led-treiber<\/td>\n<\/tr>\n<tr class=\"even\">\n<td valign=\"middle\" width=\"32\"><\/td>\n<td valign=\"middle\">Aufprallschutz (IK):<\/td>\n<td valign=\"middle\">ik08<\/td>\n<\/tr>\n<tr class=\"odd\">\n<td valign=\"middle\" width=\"32\"><\/td>\n<td valign=\"middle\">Energieklasse (2021-EU-2019\/2015):<\/td>\n<td valign=\"middle\">a+<\/td>\n<\/tr>\n<tr class=\"even\">\n<td valign=\"middle\" width=\"32\"><\/td>\n<td valign=\"middle\">Garantiejahre:<\/td>\n<td valign=\"middle\">3<\/td>\n<\/tr>\n<\/tbody>\n<\/table>\n<\/div>\n<p>&nbsp;<\/p>\n<\/div>\n<div id=\"views_block-1\" class=\"clearfix\">\n<div id=\"thumbs_list\">\n<p>&nbsp;<\/p>\n<\/div>\n<\/div>\n<\/div>","protected":false},"excerpt":{"rendered":"<div class=\"col-md-12\"><i class=\"fa fa-truck\"><\/i>&nbsp;<span class=\"text-muted textprop\">Lieferung innerhalb von 24\/48 Stunden<\/span><div class=\"col-md-12\"><i class=\"fa fa-exchange\"><\/i>&nbsp;<span class=\"text-muted textprop\">Versicherte Garantie<\/span><\/div><div class=\"col-md-12\"><i class=\"fa fa-box\"><\/i>&nbsp;<span class=\"text-muted textprop\">9 Einheit(en) pro Masterbox<\/span><\/div><div><\/div><\/div>","protected":false},"featured_media":0,"template":"","meta":{"site-sidebar-layout":"default","site-content-layout":"default","ast-global-header-display":"","ast-main-header-display":"","ast-hfb-above-header-display":"","ast-hfb-below-header-display":"","ast-hfb-mobile-header-display":"","site-post-title":"","ast-breadcrumbs-content":"","ast-featured-img":"","footer-sml-layout":"","theme-transparent-header-meta":"default","adv-header-id-meta":"","stick-header-meta":"","header-above-stick-meta":"","header-main-stick-meta":"","header-below-stick-meta":""},"product_cat":[50,25],"product_tag":[],"class_list":["post-2457","product","type-product","status-publish","hentry","product_cat-pantallas-estancas-y-regletas","product_cat-tubos"],"_links":{"self":[{"href":"https:\/\/starlediluminacion.com\/de\/wp-json\/wp\/v3\/product\/2457","targetHints":{"allow":["GET"]}}],"collection":[{"href":"https:\/\/starlediluminacion.com\/de\/wp-json\/wp\/v3\/product"}],"about":[{"href":"https:\/\/starlediluminacion.com\/de\/wp-json\/wp\/v2\/types\/product"}],"wp:attachment":[{"href":"https:\/\/starlediluminacion.com\/de\/wp-json\/wp\/v2\/media?parent=2457"}],"wp:term":[{"taxonomy":"product_cat","embeddable":true,"href":"https:\/\/starlediluminacion.com\/de\/wp-json\/wp\/v2\/product_cat?post=2457"},{"taxonomy":"product_tag","embeddable":true,"href":"https:\/\/starlediluminacion.com\/de\/wp-json\/wp\/v2\/product_tag?post=2457"}],"curies":[{"name":"wp","href":"https:\/\/api.w.org\/{rel}","templated":true}]}}