{"id":2362,"date":"2022-08-03T18:27:24","date_gmt":"2022-08-03T18:27:24","guid":{"rendered":"https:\/\/starlediluminacion.com\/?post_type=product&#038;p=2362"},"modified":"2022-12-18T10:59:02","modified_gmt":"2022-12-18T10:59:02","slug":"tubo-led-18w-cristal-120cm-300o-alta-luminosidad-osram-chip","status":"publish","type":"product","link":"https:\/\/starlediluminacion.com\/de\/product\/tubo-led-18w-cristal-120cm-300o-alta-luminosidad-osram-chip\/","title":{"rendered":"<p>LED-Schlauch 18W Kristall 120cm 300\u00ba - HOHE LEUCHTKRAFT - OSRAM CHIP<\/p>"},"content":{"rendered":"<div class=\"product-info-line\">\n<p id=\"product_reference\"><label>REFERENZ: SL<span style=\"font-size: 16px;\">TBGOSR18W-90739<\/span><\/label><\/p>\n<p>Die<strong>&nbsp;LEUCHTSTARKE LED-R\u00d6HRE&nbsp;<\/strong>aus SMD 2835<strong>&nbsp;OSRAM&nbsp;<\/strong>CHIP 130 Lm\/W<strong>,<\/strong>&nbsp;mit&nbsp;<strong>Leistungsfaktor +0,90<\/strong>&nbsp;y&nbsp;<strong>18W Leistung&nbsp;<\/strong>ist eine ausgezeichnete und wirtschaftliche L\u00f6sung f\u00fcr den Ersatz von T8-Leuchtstoffr\u00f6hren. Inklusive Starterbr\u00fccke. Es ist nicht notwendig, den Schirm zu modifizieren, sondern den Starter durch die \"Sicherung\" zu ersetzen. Spart Zeit und Geld. Anschluss nur auf einer Seite.<\/p>\n<h1>LED-Schlauch 18W Kristall 120cm 300\u00ba - HOHE LEUCHTKRAFT - OSRAM CHIP<\/h1>\n<p>Die&nbsp;<strong>HIGH BRIGHTNESS LED T8 120cm LED TUBE<\/strong>&nbsp;SMD 2835<strong>&nbsp;OSRAM<\/strong>&nbsp;CHIP 130 Lm\/W und&nbsp;<strong>18W Leistung&nbsp;<\/strong>ist eine hervorragende und kosteng\u00fcnstige L\u00f6sung f\u00fcr den Ersatz von T8-Leuchtstoffr\u00f6hren. Durch den direkten Anschluss an das Stromnetz entf\u00e4llt der restliche Verbrauch von Vorschaltger\u00e4ten und Drosseln, was eine l\u00e4ngere Lebensdauer, einen geringeren Wartungsbedarf, eine schnelle Z\u00fcndung und einen flackerfreien Effekt erm\u00f6glicht.<strong>&nbsp;Inklusive LED-Starter.<\/strong><\/p>\n<p>Diese T8-R\u00f6hre hat&nbsp;<strong>unsymmetrischer Anschluss<\/strong>die mit einem Siebdruck versehen ist. Um den Energieverbrauch zu optimieren, sollte der Starter ausgetauscht und das Vorschaltger\u00e4t der alten Leuchtstoffr\u00f6hren entfernt werden. Es hat&nbsp;<strong>Diode&nbsp;<\/strong>SMD 2835 von<strong>&nbsp;OSRAM CHIP von 130Lm\/W&nbsp;&nbsp;<\/strong>und eine Glasbeschichtung mit hoher Lichtdurchl\u00e4ssigkeit f\u00fcr eine gleichm\u00e4\u00dfige Lichtverteilung.&nbsp;<strong>300\u00ba-Winkel<\/strong>.<\/p>\n<p>Sie hat eine&nbsp;<strong>Leistungsfaktor gr\u00f6\u00dfer als 0,90.&nbsp;<\/strong>Sie arbeitet mit 175-265 V und hat einen h\u00f6heren CRI als die 80%. Opal Beschichtung, die nicht produzieren Blendung. Es hat auch Schutz gegen Kurzschluss und \u00dcberhitzung.<\/p>\n<p>Erzielen Sie gr\u00f6\u00dfere Einsparungen, vermeiden Sie das Flackern des Lichts beim Einschalten der Leuchte und erreichen Sie so ein sofortiges Einschalten mit dieser LED-R\u00f6hre.<\/p>\n<h2>Verwendung der LED-R\u00f6hre 18W Crystal 120cm 300\u00ba - HIGH LUMINOSITY - OSRAM CHIP<\/h2>\n<ul>\n<li>K\u00fcchen<\/li>\n<li>Gesch\u00e4fte<\/li>\n<li>\u00c4mter<\/li>\n<li>Garagen<\/li>\n<\/ul>\n<h3 class=\"page-product-heading\">TECHNISCHE DATEN<\/h3>\n<div class=\"col-xs-12 col-md-6\">\n<table class=\"table table-data-sheet 1\">\n<tbody>\n<tr class=\"odd\">\n<td valign=\"middle\" width=\"32\"><\/td>\n<td valign=\"middle\">REFERENZEN :<\/td>\n<td valign=\"middle\">SLTBGOSR18W<\/td>\n<\/tr>\n<tr class=\"even\">\n<td valign=\"middle\" width=\"32\"><\/td>\n<td valign=\"middle\">Nennleistung :<\/td>\n<td valign=\"middle\">18W<\/td>\n<\/tr>\n<tr class=\"odd\">\n<td valign=\"middle\" width=\"32\"><\/td>\n<td valign=\"middle\">Nennspannung:<\/td>\n<td valign=\"middle\">175-265V<\/td>\n<\/tr>\n<tr class=\"even\">\n<td valign=\"middle\" width=\"32\"><\/td>\n<td valign=\"middle\">Lichttemperatur:<\/td>\n<td valign=\"middle\">4000K-6000K<\/td>\n<\/tr>\n<tr class=\"odd\">\n<td valign=\"middle\" width=\"32\"><\/td>\n<td valign=\"middle\">CRI - Farbwiedergabeindex:<\/td>\n<td valign=\"middle\">80<\/td>\n<\/tr>\n<tr class=\"even\">\n<td valign=\"middle\" width=\"32\"><\/td>\n<td valign=\"middle\">Baumaterial:<\/td>\n<td valign=\"middle\">Glas +PC<\/td>\n<\/tr>\n<tr class=\"odd\">\n<td valign=\"middle\" width=\"32\"><\/td>\n<td valign=\"middle\">Leuchtkraft-Lm:<\/td>\n<td valign=\"middle\">2080 Lm<\/td>\n<\/tr>\n<tr class=\"even\">\n<td valign=\"middle\" width=\"32\"><\/td>\n<td valign=\"middle\">Art der LEDs:<\/td>\n<td valign=\"middle\">SMD DURIS E 2835 OSRAM CHIPLED<\/td>\n<\/tr>\n<tr class=\"odd\">\n<td valign=\"middle\" width=\"32\"><\/td>\n<td valign=\"middle\">\u00d6ffnungswinkel (\u00ba):<\/td>\n<td valign=\"middle\">300\u00ba<\/td>\n<\/tr>\n<tr class=\"even\">\n<td valign=\"middle\" width=\"32\"><\/td>\n<td valign=\"middle\">Effizienz der LED-Diode (Lm\/W):<\/td>\n<td valign=\"middle\">150Lm\/W<\/td>\n<\/tr>\n<tr class=\"odd\">\n<td valign=\"middle\" width=\"32\"><\/td>\n<td valign=\"middle\">Lichtausbeute (Lm\/W):<\/td>\n<td valign=\"middle\">130 Lm\/W<\/td>\n<\/tr>\n<tr class=\"even\">\n<td valign=\"middle\" width=\"32\"><\/td>\n<td valign=\"middle\">Buchse:<\/td>\n<td valign=\"middle\">T8<\/td>\n<\/tr>\n<tr class=\"odd\">\n<td valign=\"middle\" width=\"32\"><\/td>\n<td valign=\"middle\">Bescheinigungen:<\/td>\n<td valign=\"middle\">CE - ROHS<\/td>\n<\/tr>\n<\/tbody>\n<\/table>\n<\/div>\n<div class=\"col-xs-12 col-md-6 2\">\n<table class=\"table table-data-sheet 2\">\n<tbody>\n<tr class=\"odd\">\n<td valign=\"middle\" width=\"32\"><\/td>\n<td valign=\"middle\">IP-Bewertung:<\/td>\n<td valign=\"middle\">IP20<\/td>\n<\/tr>\n<tr class=\"even\">\n<td valign=\"middle\" width=\"32\"><\/td>\n<td valign=\"middle\">Gesch\u00e4tzte Lebensdauer der LED-Diode (H):<\/td>\n<td valign=\"middle\">25000<\/td>\n<\/tr>\n<tr class=\"odd\">\n<td valign=\"middle\" width=\"32\"><\/td>\n<td valign=\"middle\">Abmessungen (mm):<\/td>\n<td valign=\"middle\">120Cm<\/td>\n<\/tr>\n<tr class=\"even\">\n<td valign=\"middle\" width=\"32\"><\/td>\n<td valign=\"middle\">Leistungsfaktor (PF):<\/td>\n<td valign=\"middle\">0.9<\/td>\n<\/tr>\n<tr class=\"odd\">\n<td valign=\"middle\" width=\"32\"><\/td>\n<td valign=\"middle\">Arbeitsfrequenz (Hz):<\/td>\n<td valign=\"middle\">50\/60Hz<\/td>\n<\/tr>\n<tr class=\"even\">\n<td valign=\"middle\" width=\"32\"><\/td>\n<td valign=\"middle\">Temperaturbereich (\u00baC):<\/td>\n<td valign=\"middle\">-20\u00b0C ~ +55\u00b0C<\/td>\n<\/tr>\n<tr class=\"odd\">\n<td valign=\"middle\" width=\"32\"><\/td>\n<td valign=\"middle\">Z\u00fcndungszyklen:<\/td>\n<td valign=\"middle\">100.000<\/td>\n<\/tr>\n<tr class=\"even\">\n<td valign=\"middle\" width=\"32\"><\/td>\n<td valign=\"middle\">Einschaltzeit (s):<\/td>\n<td valign=\"middle\">0,2s<\/td>\n<\/tr>\n<tr class=\"odd\">\n<td valign=\"middle\" width=\"32\"><\/td>\n<td valign=\"middle\">Zus\u00e4tzliche Informationen:<\/td>\n<td valign=\"middle\">Anschluss ein Ende<\/td>\n<\/tr>\n<tr class=\"even\">\n<td valign=\"middle\" width=\"32\"><\/td>\n<td valign=\"middle\">Energieklasse (2021-EU-2019\/2015):<\/td>\n<td valign=\"middle\">A++<\/td>\n<\/tr>\n<tr class=\"odd\">\n<td valign=\"middle\" width=\"32\"><\/td>\n<td valign=\"middle\">Gew\u00e4hrleistungsjahre:<\/td>\n<td valign=\"middle\">3<\/td>\n<\/tr>\n<tr class=\"even\">\n<td valign=\"middle\" width=\"32\"><\/td>\n<td valign=\"middle\">Farbe des K\u00f6rpers:<\/td>\n<td valign=\"middle\">Wei\u00df<\/td>\n<\/tr>\n<\/tbody>\n<\/table>\n<\/div>\n<\/div>","protected":false},"excerpt":{"rendered":"<div>\n<div class=\"col-md-12\"><i class=\"fa fa-truck\"><\/i>&nbsp;<span class=\"text-muted textprop\">Lieferung innerhalb von 24\/48 Stunden<\/span><\/div>\n<div class=\"col-md-12\"><i class=\"fa fa-exchange\"><\/i>&nbsp;<span class=\"text-muted textprop\">Versicherte Garantie<\/span><\/div>\n<div class=\"col-md-12\"><strong style=\"font-size: 16px;\">PRO PACK <span class=\"text-muted textprop\">10\/50\/100\/200\/500 Einheit(en) pro Masterbox<\/span><\/strong><br>\n<i class=\"fa fa-box\"><\/i><\/div>\n<div><strong>FARBTEMPERATUR: 4000K\/5700K<\/strong><\/div><\/div>","protected":false},"featured_media":2361,"template":"","meta":{"site-sidebar-layout":"default","site-content-layout":"default","ast-global-header-display":"","ast-main-header-display":"","ast-hfb-above-header-display":"","ast-hfb-below-header-display":"","ast-hfb-mobile-header-display":"","site-post-title":"","ast-breadcrumbs-content":"","ast-featured-img":"","footer-sml-layout":"","theme-transparent-header-meta":"default","adv-header-id-meta":"","stick-header-meta":"","header-above-stick-meta":"","header-main-stick-meta":"","header-below-stick-meta":""},"product_cat":[49,25],"product_tag":[],"class_list":["post-2362","product","type-product","status-publish","has-post-thumbnail","hentry","product_cat-tubos-led-cristal-t8","product_cat-tubos"],"_links":{"self":[{"href":"https:\/\/starlediluminacion.com\/de\/wp-json\/wp\/v3\/product\/2362","targetHints":{"allow":["GET"]}}],"collection":[{"href":"https:\/\/starlediluminacion.com\/de\/wp-json\/wp\/v3\/product"}],"about":[{"href":"https:\/\/starlediluminacion.com\/de\/wp-json\/wp\/v2\/types\/product"}],"wp:featuredmedia":[{"embeddable":true,"href":"https:\/\/starlediluminacion.com\/de\/wp-json\/wp\/v2\/media\/2361"}],"wp:attachment":[{"href":"https:\/\/starlediluminacion.com\/de\/wp-json\/wp\/v2\/media?parent=2362"}],"wp:term":[{"taxonomy":"product_cat","embeddable":true,"href":"https:\/\/starlediluminacion.com\/de\/wp-json\/wp\/v2\/product_cat?post=2362"},{"taxonomy":"product_tag","embeddable":true,"href":"https:\/\/starlediluminacion.com\/de\/wp-json\/wp\/v2\/product_tag?post=2362"}],"curies":[{"name":"wp","href":"https:\/\/api.w.org\/{rel}","templated":true}]}}