{"id":2235,"date":"2022-08-02T21:25:54","date_gmt":"2022-08-02T21:25:54","guid":{"rendered":"https:\/\/starlediluminacion.com\/?post_type=product&#038;p=2235"},"modified":"2022-09-03T12:59:38","modified_gmt":"2022-09-03T12:59:38","slug":"aro-cuadrado-orientable-para-dicroica-led-gu10-mr16-84mm-aluminio","status":"publish","type":"product","link":"https:\/\/starlediluminacion.com\/de\/product\/aro-cuadrado-orientable-para-dicroica-led-gu10-mr16-84mm-aluminio\/","title":{"rendered":"<p>Aro Cuadrado Orientable para dicroica LED GU10 MR16 &ndash; 84mm &ndash; Aluminio<\/p>"},"content":{"rendered":"<p><label>REFERENZ: SL<span style=\"font-size: 16px;\">90714-WHITE<\/span><\/label><p><strong>Reifen<\/strong>&nbsp;<strong>orientierbar<\/strong>&nbsp;cuadrado con acabado <strong>blanco y niquel satinado,<\/strong> elegantes und exklusives Design. Empfohlen f\u00fcr die Verwendung mit Lampen&nbsp;<strong>dichroitisch<\/strong>&nbsp;<strong>GU10<\/strong>&nbsp;o&nbsp;<strong>MR16<\/strong>. Es ist perfekt f\u00fcr eine neue Baustelle oder um die Scheinwerfer zu \u00e4ndern.<\/p><h1>Aro cuadrado orientable para dicroica LED GU10 &ndash; MR16 &ndash; Aluminio<\/h1><p><strong>Aro empotrable cuadrado<\/strong>&nbsp;f\u00fcr&nbsp;<strong>dichroitische LED<\/strong>beide&nbsp;<strong>MR16<\/strong>&nbsp;als&nbsp;<strong>GU10<\/strong>Es wurde entwickelt, um eine attraktive und raffinierte Dekoration zu erhalten, dank seiner verstellbaren Form ist es m\u00f6glich, sehr exklusive Atmosph\u00e4ren zu schaffen.<\/p><p>Todo su material esta fabricado con un acabado en color blanco y niquel satinado, lo que hace de este aro un producto muy resistente por lo que&nbsp;tiene una gran durabilidad, lo convierte en un&nbsp;<strong>Ring aus rostfreiem Stahl<\/strong>.<\/p><p>Es ist ideal f\u00fcr Wohnr\u00e4ume wie K\u00fcchen, B\u00e4der, Veranden, aber auch f\u00fcr B\u00fcros, Superm\u00e4rkte oder alle Veranstaltungsbereiche, in denen eine besondere Atmosph\u00e4re geschaffen werden soll.<\/p><h3 class=\"page-product-heading\">TECHNISCHE DATEN<\/h3><div class=\"col-xs-12 col-md-6\">\n<table class=\"table table-data-sheet 1\">\n<tbody>\n<tr class=\"odd\">\n<td valign=\"middle\" width=\"32\"><\/td>\n<td valign=\"middle\">REFERENZEN :<\/td>\n<td valign=\"middle\">SL90714-WHITE<\/td>\n<\/tr>\n<tr class=\"even\">\n<td valign=\"middle\" width=\"32\"><\/td>\n<td valign=\"middle\">Baumaterial:<\/td>\n<td valign=\"middle\">Aluminium<\/td>\n<\/tr>\n<tr class=\"odd\">\n<td valign=\"middle\" width=\"32\"><\/td>\n<td valign=\"middle\">Bescheinigungen:<\/td>\n<td valign=\"middle\">EC<\/td>\n<\/tr>\n<\/tbody>\n<\/table>\n<\/div><div class=\"col-xs-12 col-md-6 2\">\n<table class=\"table table-data-sheet 2\">\n<tbody>\n<tr class=\"odd\">\n<td valign=\"middle\" width=\"32\"><\/td>\n<td valign=\"middle\">IP-Bewertung:<\/td>\n<td valign=\"middle\">IP20<\/td>\n<\/tr>\n<tr class=\"even\">\n<td valign=\"middle\" width=\"32\"><\/td>\n<td valign=\"middle\">Abmessungen (mm):<\/td>\n<td valign=\"middle\">84x84mm<\/td>\n<\/tr>\n<tr class=\"odd\">\n<td valign=\"middle\" width=\"32\"><\/td>\n<td valign=\"middle\">Deckenausschnitt (mm):<\/td>\n<td valign=\"middle\">\u00d875mm<\/td>\n<\/tr>\n<\/tbody>\n<\/table>\n<\/div><\/p>","protected":false},"excerpt":{"rendered":"<div class=\"col-md-12\"><i class=\"fa fa-truck\"><\/i>&nbsp;<span class=\"text-muted textprop\">Lieferung innerhalb von 24\/48 Stunden<\/span><div class=\"col-md-12\"><i class=\"fa fa-exchange\"><\/i>&nbsp;<span class=\"text-muted textprop\">Versicherte Garantie<\/span><\/div><div class=\"col-md-12\"><i class=\"fa fa-box\"><\/i>&nbsp;<span class=\"text-muted textprop\">50 Einheit(en) pro Masterbox<\/span><\/div><\/div>","protected":false},"featured_media":2238,"template":"","meta":{"site-sidebar-layout":"default","site-content-layout":"default","ast-global-header-display":"","ast-main-header-display":"","ast-hfb-above-header-display":"","ast-hfb-below-header-display":"","ast-hfb-mobile-header-display":"","site-post-title":"","ast-breadcrumbs-content":"","ast-featured-img":"","footer-sml-layout":"","theme-transparent-header-meta":"default","adv-header-id-meta":"","stick-header-meta":"","header-above-stick-meta":"","header-main-stick-meta":"","header-below-stick-meta":""},"product_cat":[62,23],"product_tag":[],"class_list":["post-2235","product","type-product","status-publish","has-post-thumbnail","hentry","product_cat-accesorios-lamparas-led","product_cat-bombillas-y-lamparas-led"],"_links":{"self":[{"href":"https:\/\/starlediluminacion.com\/de\/wp-json\/wp\/v3\/product\/2235","targetHints":{"allow":["GET"]}}],"collection":[{"href":"https:\/\/starlediluminacion.com\/de\/wp-json\/wp\/v3\/product"}],"about":[{"href":"https:\/\/starlediluminacion.com\/de\/wp-json\/wp\/v2\/types\/product"}],"wp:featuredmedia":[{"embeddable":true,"href":"https:\/\/starlediluminacion.com\/de\/wp-json\/wp\/v2\/media\/2238"}],"wp:attachment":[{"href":"https:\/\/starlediluminacion.com\/de\/wp-json\/wp\/v2\/media?parent=2235"}],"wp:term":[{"taxonomy":"product_cat","embeddable":true,"href":"https:\/\/starlediluminacion.com\/de\/wp-json\/wp\/v2\/product_cat?post=2235"},{"taxonomy":"product_tag","embeddable":true,"href":"https:\/\/starlediluminacion.com\/de\/wp-json\/wp\/v2\/product_tag?post=2235"}],"curies":[{"name":"wp","href":"https:\/\/api.w.org\/{rel}","templated":true}]}}