{"id":2161,"date":"2022-08-02T20:33:26","date_gmt":"2022-08-02T20:33:26","guid":{"rendered":"https:\/\/starlediluminacion.com\/?post_type=product&#038;p=2161"},"modified":"2022-09-03T12:51:50","modified_gmt":"2022-09-03T12:51:50","slug":"aro-redondo-slim-orientable-para-dicroica-led-gu10-mr16","status":"publish","type":"product","link":"https:\/\/starlediluminacion.com\/de\/product\/runder-schlanker-ausrichtbarer-ring-fur-dicroica-led-gu10-mr16\/","title":{"rendered":"<p>Runder schlanker verstellbarer Ring f\u00fcr GU10 MR16 LED-Leuchten<\/p>"},"content":{"rendered":"<p><label>REFERENZ: <span style=\"font-size: 16px;\">SL<\/span><span class=\"editable\" style=\"font-size: 16px;\">90629-WEISS<\/span><\/label><p><strong>Reifen<\/strong>&nbsp;mit wei\u00dfer, schwarzer und satinierter Nickeloberfl\u00e4che, elegantes und exklusives Design. Empfohlen f\u00fcr die Verwendung mit Lampen&nbsp;<strong>dichroitisch<\/strong>&nbsp;<strong>GU10<\/strong>&nbsp;o&nbsp;<strong>MR16<\/strong>. Es ist perfekt f\u00fcr eine neue Baustelle oder um die Scheinwerfer zu \u00e4ndern.<\/p><h1>Runder Ring f\u00fcr GU10 MR16 LED-Gl\u00fchbirne - Aluminium<\/h1><p><strong>Versenkter Ring<\/strong>&nbsp;f\u00fcr&nbsp;<strong>dichroitische LED<\/strong>beide&nbsp;<strong>MR16<\/strong>&nbsp;als&nbsp;<strong>GU10<\/strong>Es wurde entwickelt, um eine attraktive und raffinierte Dekoration zu erhalten, dank seiner verstellbaren Form ist es m\u00f6glich, sehr exklusive Atmosph\u00e4ren zu schaffen.<\/p><p>Das gesamte Material besteht aus Aluminium mit Oberfl\u00e4chen in Wei\u00df, Schwarz und Nickel satiniert, was diesen Reifen zu einem sehr widerstandsf\u00e4higen Produkt macht, das eine lange Lebensdauer hat.&nbsp;<strong>Ring aus rostfreiem Stahl<\/strong>.<\/p><p>Es ist ideal f\u00fcr Wohnr\u00e4ume wie K\u00fcchen, B\u00e4der, Veranden, aber auch f\u00fcr B\u00fcros, Superm\u00e4rkte oder alle Veranstaltungsbereiche, in denen eine besondere Atmosph\u00e4re geschaffen werden soll.<\/p><h3 class=\"page-product-heading\">TECHNISCHE DATEN<\/h3><div class=\"col-xs-12 col-md-6\">\n<table class=\"table table-data-sheet 1\">\n<tbody>\n<tr class=\"odd\">\n<td valign=\"middle\" width=\"32\"><\/td>\n<td valign=\"middle\">REFERENZEN :<\/td>\n<td valign=\"middle\"><label><span style=\"font-size: 16px;\">SL<\/span><span class=\"editable\" style=\"font-size: 16px;\">90629-WEISS<\/span><\/label><\/td>\n<\/tr>\n<tr class=\"even\">\n<td valign=\"middle\" width=\"32\"><\/td>\n<td valign=\"middle\">Baumaterial:<\/td>\n<td valign=\"middle\">Stahl<\/td>\n<\/tr>\n<tr class=\"odd\">\n<td valign=\"middle\" width=\"32\"><\/td>\n<td valign=\"middle\">Bescheinigungen:<\/td>\n<td valign=\"middle\">CE - ROHS<\/td>\n<\/tr>\n<tr class=\"even\">\n<td valign=\"middle\" width=\"32\"><\/td>\n<td valign=\"middle\">IP-Bewertung:<\/td>\n<td valign=\"middle\">IP20<\/td>\n<\/tr>\n<\/tbody>\n<\/table>\n<\/div><div class=\"col-xs-12 col-md-6 2\">\n<table class=\"table table-data-sheet 2\">\n<tbody>\n<tr class=\"odd\">\n<td valign=\"middle\" width=\"32\"><\/td>\n<td valign=\"middle\">Abmessungen (mm):<\/td>\n<td valign=\"middle\">90xH28mm<\/td>\n<\/tr>\n<tr class=\"even\">\n<td valign=\"middle\" width=\"32\"><\/td>\n<td valign=\"middle\">Deckenausschnitt (mm):<\/td>\n<td valign=\"middle\">\u00d875mm<\/td>\n<\/tr>\n<tr class=\"odd\">\n<td valign=\"middle\" width=\"32\"><\/td>\n<td valign=\"middle\">Gew\u00e4hrleistungsjahre:<\/td>\n<td valign=\"middle\">2<\/td>\n<\/tr>\n<\/tbody>\n<\/table>\n<\/div><\/p>","protected":false},"excerpt":{"rendered":"<div class=\"col-md-12\"><i class=\"fa fa-truck\"><\/i>&nbsp;<span class=\"text-muted textprop\">Lieferung innerhalb von 24\/48 Stunden<\/span><div class=\"col-md-12\"><i class=\"fa fa-exchange\"><\/i>&nbsp;<span class=\"text-muted textprop\">Versicherte Garantie<\/span><\/div><div class=\"col-md-12\"><i class=\"fa fa-box\"><\/i>&nbsp;<span class=\"text-muted textprop\">200 Einheit(en) pro Masterbox<\/span><\/div><\/div>","protected":false},"featured_media":2166,"template":"","meta":{"site-sidebar-layout":"default","site-content-layout":"default","ast-global-header-display":"","ast-main-header-display":"","ast-hfb-above-header-display":"","ast-hfb-below-header-display":"","ast-hfb-mobile-header-display":"","site-post-title":"","ast-breadcrumbs-content":"","ast-featured-img":"","footer-sml-layout":"","theme-transparent-header-meta":"default","adv-header-id-meta":"","stick-header-meta":"","header-above-stick-meta":"","header-main-stick-meta":"","header-below-stick-meta":""},"product_cat":[62,23],"product_tag":[],"class_list":["post-2161","product","type-product","status-publish","has-post-thumbnail","hentry","product_cat-accesorios-lamparas-led","product_cat-bombillas-y-lamparas-led"],"_links":{"self":[{"href":"https:\/\/starlediluminacion.com\/de\/wp-json\/wp\/v3\/product\/2161","targetHints":{"allow":["GET"]}}],"collection":[{"href":"https:\/\/starlediluminacion.com\/de\/wp-json\/wp\/v3\/product"}],"about":[{"href":"https:\/\/starlediluminacion.com\/de\/wp-json\/wp\/v2\/types\/product"}],"wp:featuredmedia":[{"embeddable":true,"href":"https:\/\/starlediluminacion.com\/de\/wp-json\/wp\/v2\/media\/2166"}],"wp:attachment":[{"href":"https:\/\/starlediluminacion.com\/de\/wp-json\/wp\/v2\/media?parent=2161"}],"wp:term":[{"taxonomy":"product_cat","embeddable":true,"href":"https:\/\/starlediluminacion.com\/de\/wp-json\/wp\/v2\/product_cat?post=2161"},{"taxonomy":"product_tag","embeddable":true,"href":"https:\/\/starlediluminacion.com\/de\/wp-json\/wp\/v2\/product_tag?post=2161"}],"curies":[{"name":"wp","href":"https:\/\/api.w.org\/{rel}","templated":true}]}}