{"id":2132,"date":"2022-08-02T20:10:27","date_gmt":"2022-08-02T20:10:27","guid":{"rendered":"https:\/\/starlediluminacion.com\/?post_type=product&#038;p=2132"},"modified":"2022-09-03T12:47:42","modified_gmt":"2022-09-03T12:47:42","slug":"aro-fijo-para-dicroica-circular-gu10-mr16-cromado","status":"publish","type":"product","link":"https:\/\/starlediluminacion.com\/de\/product\/aro-fijo-para-dicroica-circular-gu10-mr16-cromado\/","title":{"rendered":"<p>Aro Fijo para Dicroica Circular GU10-MR16 &ndash; CROMADO<\/p>"},"content":{"rendered":"<p><label>REFERENZ: SL<span style=\"font-size: 16px;\">NC1860R<\/span><\/label><p><strong>Reifen<\/strong>&nbsp;<strong>Rundschreiben<\/strong>&nbsp;aus Aluminium mit einer fertigen&nbsp;<b>Chrom<\/b>elegantes und exklusives Design. Der Ring ist f\u00fcr die Verwendung mit dichroitischen LED-Lampen konzipiert.&nbsp;<strong>GU10<\/strong>&nbsp;o&nbsp;<strong>MR16<\/strong>. Es ist perfekt f\u00fcr eine neue Baustelle oder um die Strahler auszutauschen. Es ist f\u00fcr die Installation in Nassbereichen hergestellt, da es resistent gegen jede Au\u00dfenumgebung ist.<\/p><h1>Kreisf\u00f6rmiger Ring f\u00fcr GU10 MR16 LED-Gl\u00fchbirne MR16<\/h1><p><strong>Versenkter Ring<\/strong>&nbsp;f\u00fcr&nbsp;<strong>dichroitische LED<\/strong>beide&nbsp;<strong>MR16<\/strong>&nbsp;als&nbsp;<strong>GU10<\/strong>wurde entwickelt, um dank seiner Form eine attraktive und raffinierte Dekoration zu erhalten.&nbsp;<strong>Rundschreiben<\/strong>&nbsp;k\u00f6nnen sehr exklusive Atmosph\u00e4ren geschaffen werden.<\/p><p>Das gesamte Material besteht aus Aluminium mit einer farbigen Oberfl\u00e4che.&nbsp;<b>Chrom<\/b>Dies macht diesen Reifen zu einem sehr widerstandsf\u00e4higen Produkt, das eine lange Lebensdauer hat und somit zu einem&nbsp;<strong>Ring aus rostfreiem Stahl<\/strong>.<\/p><p>&nbsp;<\/p><h2>Anwendungen des festen Rings f\u00fcr die kreisf\u00f6rmige dichroitische Lampe GU10-MR16<\/h2><ul>\n<li>K\u00fcche<\/li>\n<li>Bad<\/li>\n<li>Veranden<\/li>\n<li>\u00c4mter<\/li>\n<li>Verbraucherm\u00e4rkte<\/li>\n<\/ul><p>Er ist ideal f\u00fcr jeden Veranstaltungsbereich, in dem Sie eine besondere Atmosph\u00e4re schaffen wollen. Dank seines Materials ist er auch f\u00fcr den Au\u00dfenbereich geeignet.<\/p><h3 class=\"page-product-heading\">TECHNISCHE DATEN<\/h3><div class=\"col-xs-12 col-md-6\">\n<table class=\"table table-data-sheet 1\">\n<tbody>\n<tr class=\"odd\">\n<td valign=\"middle\" width=\"32\"><\/td>\n<td valign=\"middle\">REFERENZEN :<\/td>\n<td valign=\"middle\">SLNC1860R<\/td>\n<\/tr>\n<tr class=\"even\">\n<td valign=\"middle\" width=\"32\"><\/td>\n<td valign=\"middle\">Baumaterial:<\/td>\n<td valign=\"middle\">Aluminium<\/td>\n<\/tr>\n<tr class=\"odd\">\n<td valign=\"middle\" width=\"32\"><\/td>\n<td valign=\"middle\">Bescheinigungen:<\/td>\n<td valign=\"middle\">CE - ROHS<\/td>\n<\/tr>\n<tr class=\"even\">\n<td valign=\"middle\" width=\"32\"><\/td>\n<td valign=\"middle\">Abmessungen (mm):<\/td>\n<td valign=\"middle\">&Oslash;98mm x H27mm<\/td>\n<\/tr>\n<\/tbody>\n<\/table>\n<\/div><div class=\"col-xs-12 col-md-6 2\">\n<table class=\"table table-data-sheet 2\">\n<tbody>\n<tr class=\"odd\">\n<td valign=\"middle\" width=\"32\"><\/td>\n<td valign=\"middle\">Deckenausschnitt (mm):<\/td>\n<td valign=\"middle\">\u00d875mm<\/td>\n<\/tr>\n<tr class=\"even\">\n<td valign=\"middle\" width=\"32\"><\/td>\n<td valign=\"middle\">Zubeh\u00f6r und Erg\u00e4nzungen:<\/td>\n<td valign=\"middle\">GU10 Lampenfassung<\/td>\n<\/tr>\n<tr class=\"odd\">\n<td valign=\"middle\" width=\"32\"><\/td>\n<td valign=\"middle\">Fertigstellung:<\/td>\n<td valign=\"middle\">Helligkeit<\/td>\n<\/tr>\n<tr class=\"even\">\n<td valign=\"middle\" width=\"32\"><\/td>\n<td valign=\"middle\">Inklusive Gl\u00fchbirne:<\/td>\n<td valign=\"middle\">Nein<\/td>\n<\/tr>\n<\/tbody>\n<\/table>\n<\/div><\/p>","protected":false},"excerpt":{"rendered":"<div class=\"col-md-12\"><i class=\"fa fa-truck\"><\/i>&nbsp;<span class=\"text-muted textprop\">Lieferung innerhalb von 24\/48 Stunden<\/span><div class=\"col-md-12\"><i class=\"fa fa-exchange\"><\/i>&nbsp;<span class=\"text-muted textprop\">Versicherte Garantie<\/span><\/div><div class=\"col-md-12\"><i class=\"fa fa-box\"><\/i>&nbsp;<span class=\"text-muted textprop\">1 Einheit(en) pro Masterbox<\/span><\/div><\/div>","protected":false},"featured_media":2137,"template":"","meta":{"site-sidebar-layout":"default","site-content-layout":"default","ast-global-header-display":"","ast-main-header-display":"","ast-hfb-above-header-display":"","ast-hfb-below-header-display":"","ast-hfb-mobile-header-display":"","site-post-title":"","ast-breadcrumbs-content":"","ast-featured-img":"","footer-sml-layout":"","theme-transparent-header-meta":"default","adv-header-id-meta":"","stick-header-meta":"","header-above-stick-meta":"","header-main-stick-meta":"","header-below-stick-meta":""},"product_cat":[62,23],"product_tag":[],"class_list":["post-2132","product","type-product","status-publish","has-post-thumbnail","hentry","product_cat-accesorios-lamparas-led","product_cat-bombillas-y-lamparas-led"],"_links":{"self":[{"href":"https:\/\/starlediluminacion.com\/de\/wp-json\/wp\/v3\/product\/2132","targetHints":{"allow":["GET"]}}],"collection":[{"href":"https:\/\/starlediluminacion.com\/de\/wp-json\/wp\/v3\/product"}],"about":[{"href":"https:\/\/starlediluminacion.com\/de\/wp-json\/wp\/v2\/types\/product"}],"wp:featuredmedia":[{"embeddable":true,"href":"https:\/\/starlediluminacion.com\/de\/wp-json\/wp\/v2\/media\/2137"}],"wp:attachment":[{"href":"https:\/\/starlediluminacion.com\/de\/wp-json\/wp\/v2\/media?parent=2132"}],"wp:term":[{"taxonomy":"product_cat","embeddable":true,"href":"https:\/\/starlediluminacion.com\/de\/wp-json\/wp\/v2\/product_cat?post=2132"},{"taxonomy":"product_tag","embeddable":true,"href":"https:\/\/starlediluminacion.com\/de\/wp-json\/wp\/v2\/product_tag?post=2132"}],"curies":[{"name":"wp","href":"https:\/\/api.w.org\/{rel}","templated":true}]}}