{"id":2099,"date":"2022-08-02T19:47:58","date_gmt":"2022-08-02T19:47:58","guid":{"rendered":"https:\/\/starlediluminacion.com\/?post_type=product&#038;p=2099"},"modified":"2022-09-03T12:41:43","modified_gmt":"2022-09-03T12:41:43","slug":"lampara-par-led-12w-smart-wifi-rgbcct-regulable-e27","status":"publish","type":"product","link":"https:\/\/starlediluminacion.com\/de\/product\/dimmbare-12w-smart-wifi-rgbcct-e27-par-led-lampe\/","title":{"rendered":"<p>LED PAR Lampe 12W SMART Wifi RGB+CCT - Dimmbar - E27<\/p>"},"content":{"rendered":"<p><label>REFERENZ:<span style=\"font-size: 16px;\"> SL<\/span><span class=\"editable\" style=\"font-size: 16px;\">IWLP12W<\/span><\/label><p><strong>12W SMART WIFI LED PAR Lampe E27<\/strong>&nbsp;hat eine Farbauswahlfunktion&nbsp;<strong>RGB + Wei\u00df<\/strong>. Er l\u00e4sst sich ganz einfach \u00fcber unsere kostenlose IWIIK-App und\/oder per Sprachsteuerung mit Google Home und Alexa programmieren. Mit verschiedenen Farb- und Helligkeitsschattierungen k\u00f6nnen Sie einzigartige Atmosph\u00e4ren schaffen.<\/p><h1>LED PAR Lampe 12W SMART Wifi RGB+CCT - Dimmbar - E27<\/h1><p>Die&nbsp;<strong>LED PAR Lampe 12W SMART Wifi RGB+CCT - Dimmbar - E27<\/strong>&nbsp;bietet die M\u00f6glichkeit, die Farbe, die Helligkeit und die Farbtemperatur einzustellen, wobei von warmen Farben (2700K) bis zu k\u00fchleren Farben (6500K) gew\u00e4hlt werden kann, und&nbsp;<strong>RGB<\/strong>&nbsp;und sich somit an die Bed\u00fcrfnisse aller Nutzer anpassen.<\/p><h2>Konfiguration der LED PAR Lampe 12W SMART Wifi RGB+CCT - Dimmbar - E27<\/h2><ol>\n<li>Anschluss der Leuchte an das Stromnetz<\/li>\n<li>1 Sekunde lang einschalten<\/li>\n<li>4 Sekunden lang ausschalten<\/li>\n<li>Wiederholen Sie diese Sequenz 3 Mal.<\/li>\n<li>Nachdem Sie die Sequenz 3 Mal wiederholt haben, sollte die Lampe anfangen zu blinken.<\/li>\n<li>Von nun an k\u00f6nnen Sie es mit der APP verkn\u00fcpfen.<\/li>\n<\/ol><p>Sie hat eine Gesamt&nbsp;<strong>Kompatibilit\u00e4t&nbsp;<\/strong>&nbsp;mit&nbsp;<strong>Amazon Alexa<\/strong>,&nbsp;<strong>Google Home<\/strong>&nbsp;y&nbsp;<strong>Kluges Leben<\/strong>&nbsp;sowie IOS- und Android-Betriebssysteme. Die Implementierung ist sehr einfach und intuitiv durch unsere kostenlose App IWIIK oder TUYA SMART. Sie finden sie auf dem Marktplatz&nbsp;<strong>Apple Store<\/strong>&nbsp;y&nbsp;<strong>Google Play<\/strong>.<\/p><h3 class=\"page-product-heading\">TECHNISCHE DATEN<\/h3><div class=\"col-xs-12 col-md-6\">\n<table class=\"table table-data-sheet 1\">\n<tbody>\n<tr class=\"odd\">\n<td valign=\"middle\" width=\"32\"><\/td>\n<td valign=\"middle\">REFERENZEN :<\/td>\n<td valign=\"middle\">SLIWLP12W<\/td>\n<\/tr>\n<tr class=\"even\">\n<td valign=\"middle\" width=\"32\"><\/td>\n<td valign=\"middle\">Nennleistung :<\/td>\n<td valign=\"middle\">12w<\/td>\n<\/tr>\n<tr class=\"odd\">\n<td valign=\"middle\" width=\"32\"><\/td>\n<td valign=\"middle\">Nennspannung:<\/td>\n<td valign=\"middle\">220-240V<\/td>\n<\/tr>\n<tr class=\"even\">\n<td valign=\"middle\" width=\"32\"><\/td>\n<td valign=\"middle\">Lichttemperatur:<\/td>\n<td valign=\"middle\">RGB + CCT<\/td>\n<\/tr>\n<tr class=\"odd\">\n<td valign=\"middle\" width=\"32\"><\/td>\n<td valign=\"middle\">CRI - Farbwiedergabeindex:<\/td>\n<td valign=\"middle\">80<\/td>\n<\/tr>\n<tr class=\"even\">\n<td valign=\"middle\" width=\"32\"><\/td>\n<td valign=\"middle\">Baumaterial:<\/td>\n<td valign=\"middle\">Glas<\/td>\n<\/tr>\n<tr class=\"odd\">\n<td valign=\"middle\" width=\"32\"><\/td>\n<td valign=\"middle\">Leuchtkraft-Lm:<\/td>\n<td valign=\"middle\">900Lm<\/td>\n<\/tr>\n<tr class=\"even\">\n<td valign=\"middle\" width=\"32\"><\/td>\n<td valign=\"middle\">Art der LEDs:<\/td>\n<td valign=\"middle\">SMD 2835<\/td>\n<\/tr>\n<tr class=\"odd\">\n<td valign=\"middle\" width=\"32\"><\/td>\n<td valign=\"middle\">\u00d6ffnungswinkel (\u00ba):<\/td>\n<td valign=\"middle\">120\u00b0<\/td>\n<\/tr>\n<tr class=\"even\">\n<td valign=\"middle\" width=\"32\"><\/td>\n<td valign=\"middle\">Buchse:<\/td>\n<td valign=\"middle\">E27<\/td>\n<\/tr>\n<\/tbody>\n<\/table>\n<\/div><div class=\"col-xs-12 col-md-6 2\">\n<table class=\"table table-data-sheet 2\">\n<tbody>\n<tr class=\"odd\">\n<td valign=\"middle\" width=\"32\"><\/td>\n<td valign=\"middle\">Bescheinigungen:<\/td>\n<td valign=\"middle\">CE - ROHS<\/td>\n<\/tr>\n<tr class=\"even\">\n<td valign=\"middle\" width=\"32\"><\/td>\n<td valign=\"middle\">IP-Bewertung:<\/td>\n<td valign=\"middle\">IP65-Au\u00dfenbereich<\/td>\n<\/tr>\n<tr class=\"odd\">\n<td valign=\"middle\" width=\"32\"><\/td>\n<td valign=\"middle\">Gesch\u00e4tzte Lebensdauer der LED-Diode (H):<\/td>\n<td valign=\"middle\">30.000<\/td>\n<\/tr>\n<tr class=\"even\">\n<td valign=\"middle\" width=\"32\"><\/td>\n<td valign=\"middle\">Abmessungen (mm):<\/td>\n<td valign=\"middle\">\u00d8122 x 135mm<\/td>\n<\/tr>\n<tr class=\"odd\">\n<td valign=\"middle\" width=\"32\"><\/td>\n<td valign=\"middle\">Arbeitsfrequenz (Hz):<\/td>\n<td valign=\"middle\">50\/60Hz<\/td>\n<\/tr>\n<tr class=\"even\">\n<td valign=\"middle\" width=\"32\"><\/td>\n<td valign=\"middle\">Temperaturbereich (\u00baC):<\/td>\n<td valign=\"middle\">-20\u00b0C ~ +55\u00b0C<\/td>\n<\/tr>\n<tr class=\"odd\">\n<td valign=\"middle\" width=\"32\"><\/td>\n<td valign=\"middle\">Einschaltzeit (s):<\/td>\n<td valign=\"middle\">0,2s<\/td>\n<\/tr>\n<tr class=\"even\">\n<td valign=\"middle\" width=\"32\"><\/td>\n<td valign=\"middle\">Kontrollmodi:<\/td>\n<td valign=\"middle\">WIFI<\/td>\n<\/tr>\n<tr class=\"odd\">\n<td valign=\"middle\" width=\"32\"><\/td>\n<td valign=\"middle\">Energieklasse (2021-EU-2019\/2015):<\/td>\n<td valign=\"middle\">A+<\/td>\n<\/tr>\n<tr class=\"even\">\n<td valign=\"middle\" width=\"32\"><\/td>\n<td valign=\"middle\">Gew\u00e4hrleistungsjahre:<\/td>\n<td valign=\"middle\">2<\/td>\n<\/tr>\n<\/tbody>\n<\/table>\n<\/div><\/p>","protected":false},"excerpt":{"rendered":"<div class=\"col-md-12\"><i class=\"fa fa-truck\"><\/i>&nbsp;<span class=\"text-muted textprop\">Lieferung innerhalb von 24\/48 Stunden<\/span><div class=\"col-md-12\"><i class=\"fa fa-exchange\"><\/i>&nbsp;<span class=\"text-muted textprop\">Versicherte Garantie<\/span><\/div><div class=\"col-md-12\"><i class=\"fa fa-box\"><\/i>&nbsp;<span class=\"text-muted textprop\">20 Einheit(en) pro Masterbox<\/span><\/div><div><\/div><\/div>","protected":false},"featured_media":2100,"template":"","meta":{"site-sidebar-layout":"default","site-content-layout":"default","ast-global-header-display":"","ast-main-header-display":"","ast-hfb-above-header-display":"","ast-hfb-below-header-display":"","ast-hfb-mobile-header-display":"","site-post-title":"","ast-breadcrumbs-content":"","ast-featured-img":"","footer-sml-layout":"","theme-transparent-header-meta":"default","adv-header-id-meta":"","stick-header-meta":"","header-above-stick-meta":"","header-main-stick-meta":"","header-below-stick-meta":""},"product_cat":[15,23,39],"product_tag":[],"class_list":["post-2099","product","type-product","status-publish","has-post-thumbnail","hentry","product_cat-bombillas-led-par","product_cat-bombillas-y-lamparas-led","product_cat-smart-led-domotica"],"_links":{"self":[{"href":"https:\/\/starlediluminacion.com\/de\/wp-json\/wp\/v3\/product\/2099","targetHints":{"allow":["GET"]}}],"collection":[{"href":"https:\/\/starlediluminacion.com\/de\/wp-json\/wp\/v3\/product"}],"about":[{"href":"https:\/\/starlediluminacion.com\/de\/wp-json\/wp\/v2\/types\/product"}],"wp:featuredmedia":[{"embeddable":true,"href":"https:\/\/starlediluminacion.com\/de\/wp-json\/wp\/v2\/media\/2100"}],"wp:attachment":[{"href":"https:\/\/starlediluminacion.com\/de\/wp-json\/wp\/v2\/media?parent=2099"}],"wp:term":[{"taxonomy":"product_cat","embeddable":true,"href":"https:\/\/starlediluminacion.com\/de\/wp-json\/wp\/v2\/product_cat?post=2099"},{"taxonomy":"product_tag","embeddable":true,"href":"https:\/\/starlediluminacion.com\/de\/wp-json\/wp\/v2\/product_tag?post=2099"}],"curies":[{"name":"wp","href":"https:\/\/api.w.org\/{rel}","templated":true}]}}