{"id":2088,"date":"2022-08-02T19:41:43","date_gmt":"2022-08-02T19:41:43","guid":{"rendered":"https:\/\/starlediluminacion.com\/?post_type=product&#038;p=2088"},"modified":"2022-09-03T12:39:42","modified_gmt":"2022-09-03T12:39:42","slug":"lampara-led-rgb-45w-par56-para-piscinas-g53","status":"publish","type":"product","link":"https:\/\/starlediluminacion.com\/de\/product\/lampara-led-rgb-45w-par56-para-piscinas-g53\/","title":{"rendered":"<p>LED RGB 45W PAR56 LED Lampe f\u00fcr Schwimmb\u00e4der - G53<\/p>"},"content":{"rendered":"<p><label>REFERENZ: SL<span style=\"font-size: 16px;\">8210<\/span><\/label><p><strong>LED-Lampe<\/strong>&nbsp;von&nbsp;<strong>45W RGB<\/strong>&nbsp;f\u00fcr&nbsp;<strong>Schwimmb\u00e4der PAR56<\/strong>&nbsp;soll die Funktion des&nbsp;<strong>Scheinwerfer<\/strong>&nbsp;Halogene in der&nbsp;<strong>Pools<\/strong>. Inklusive internem RGB-Controller und Fernbedienung zur Steuerung.<\/p><p>Der Scheinwerfer hat einen Schutzgrad gegen den Zugang von Partikeln, Staub oder Fl\u00fcssigkeiten von&nbsp;<strong>IP68<\/strong>In diesem Fall kann es w\u00e4hrend eines vollst\u00e4ndigen und kontinuierlichen Eintauchens funktionieren.<\/p><h1>LED RGB 45W PAR56 LED Lampe f\u00fcr Schwimmb\u00e4der - G53<\/h1><p><strong>PAR56 RGB-LED-Scheinwerfer<\/strong>&nbsp;tauchf\u00e4hig, f\u00fcr&nbsp;<strong>Pools<\/strong>. Mit Geh\u00e4use aus hochfestem, vorgespanntem und versiegeltem Glas.&nbsp;<strong>IP68<\/strong>&nbsp;CE- und ROHS-zertifiziert. Sie enth\u00e4lt 460 St\u00fcck SMD2835 LED-Chips. Die Leuchte hat einen Aluminiumreflektor, der die Leuchtkraft verst\u00e4rkt.<\/p><p>Ben\u00f6tigt F\u00fctterung&nbsp;<strong>AC12V<\/strong>&nbsp;nicht enthalten. Seine hohe LED-Technologie bietet eine hervorragende Beleuchtung und eine Einsparung von bis zu 90% im Stromverbrauch. Es ist aus hochfestem Glas hergestellt.<\/p><p>LED-PAR-Lampen f\u00fcr Schwimmbecken sind ideal f\u00fcr die Akzentbeleuchtung. Sie erzeugen keine UV-Strahlung. LED-PAR-Lampen sind ideal f\u00fcr den Ersatz von Halogenlampen in Schwimmb\u00e4dern.<\/p><p>Diese<strong>&nbsp;PAR-Lampe<\/strong>&nbsp;bietet eine au\u00dfergew\u00f6hnliche Lichtatmosph\u00e4re und kann das gew\u00fcnschte Ambiente schaffen. Sie ist die perfekte Wahl, um herk\u00f6mmliche Einbau-Gl\u00fchbirnen in einer Pool-Nische zu ersetzen.<\/p><ul>\n<li>Inklusive RF-Fernbedienung f\u00fcr Ein- und Ausschalten, Farbauswahl (wei\u00df, rot, orange, gelb, gr\u00fcn, blau, lila...), Effekte (\u00dcberg\u00e4nge, Farbspr\u00fcnge...).<\/li>\n<li>Die Energieeffizienz \u00fcbertrifft jede herk\u00f6mmliche Halogen-Gl\u00fchlampe.<\/li>\n<li>Lichtstrahl frei von UV- und IR-Strahlen.<\/li>\n<li>Niedrige Betriebstemperatur.<\/li>\n<\/ul><p>&nbsp;<\/p><h2>Anwendungen der LED RGB 45W PAR56 LED Lampe f\u00fcr Schwimmb\u00e4der - G53<\/h2><ul>\n<li>Schwimmb\u00e4der<\/li>\n<li>Sprudelbad<\/li>\n<li>Teiche<\/li>\n<li>Quellen<\/li>\n<li>Aquarien<\/li>\n<\/ul><h3 class=\"page-product-heading\">TECHNISCHE DATEN<\/h3><div class=\"col-xs-12 col-md-6\">\n<table class=\"table table-data-sheet 1\">\n<tbody>\n<tr class=\"odd\">\n<td valign=\"middle\" width=\"32\"><\/td>\n<td valign=\"middle\">REFERENZEN :<\/td>\n<td valign=\"middle\">SL8210<\/td>\n<\/tr>\n<tr class=\"even\">\n<td valign=\"middle\" width=\"32\"><\/td>\n<td valign=\"middle\">Nennleistung :<\/td>\n<td valign=\"middle\">45w<\/td>\n<\/tr>\n<tr class=\"odd\">\n<td valign=\"middle\" width=\"32\"><\/td>\n<td valign=\"middle\">Nennspannung:<\/td>\n<td valign=\"middle\">AC12V<\/td>\n<\/tr>\n<tr class=\"even\">\n<td valign=\"middle\" width=\"32\"><\/td>\n<td valign=\"middle\">Lichttemperatur:<\/td>\n<td valign=\"middle\">RGB<\/td>\n<\/tr>\n<tr class=\"odd\">\n<td valign=\"middle\" width=\"32\"><\/td>\n<td valign=\"middle\">CRI - Farbwiedergabeindex:<\/td>\n<td valign=\"middle\">75<\/td>\n<\/tr>\n<tr class=\"even\">\n<td valign=\"middle\" width=\"32\"><\/td>\n<td valign=\"middle\">Baumaterial:<\/td>\n<td valign=\"middle\">Glas<\/td>\n<\/tr>\n<tr class=\"odd\">\n<td valign=\"middle\" width=\"32\"><\/td>\n<td valign=\"middle\">Art der LEDs:<\/td>\n<td valign=\"middle\">SMD 2835 OSRAM CHIP<\/td>\n<\/tr>\n<\/tbody>\n<\/table>\n<\/div><div class=\"col-xs-12 col-md-6 2\">\n<table class=\"table table-data-sheet 2\">\n<tbody>\n<tr class=\"odd\">\n<td valign=\"middle\" width=\"32\"><\/td>\n<td valign=\"middle\">\u00d6ffnungswinkel (\u00ba):<\/td>\n<td valign=\"middle\">120\u00b0<\/td>\n<\/tr>\n<tr class=\"even\">\n<td valign=\"middle\" width=\"32\"><\/td>\n<td valign=\"middle\">Bescheinigungen:<\/td>\n<td valign=\"middle\">CE - ROHS<\/td>\n<\/tr>\n<tr class=\"odd\">\n<td valign=\"middle\" width=\"32\"><\/td>\n<td valign=\"middle\">IP-Bewertung:<\/td>\n<td valign=\"middle\">IP68-Au\u00dfenbereich<\/td>\n<\/tr>\n<tr class=\"even\">\n<td valign=\"middle\" width=\"32\"><\/td>\n<td valign=\"middle\">Abmessungen (mm):<\/td>\n<td valign=\"middle\">178x115mm<\/td>\n<\/tr>\n<tr class=\"odd\">\n<td valign=\"middle\" width=\"32\"><\/td>\n<td valign=\"middle\">Energieklasse (2021-EU-2019\/2015):<\/td>\n<td valign=\"middle\">A++<\/td>\n<\/tr>\n<tr class=\"even\">\n<td valign=\"middle\" width=\"32\"><\/td>\n<td valign=\"middle\">Gew\u00e4hrleistungsjahre:<\/td>\n<td valign=\"middle\">2<\/td>\n<\/tr>\n<tr class=\"odd\">\n<td valign=\"middle\" width=\"32\"><\/td>\n<td valign=\"middle\">Zubeh\u00f6r und Erg\u00e4nzungen:<\/td>\n<td valign=\"middle\">Fernsteuerung<\/td>\n<\/tr>\n<\/tbody>\n<\/table>\n<\/div><\/p>","protected":false},"excerpt":{"rendered":"<div class=\"col-md-12\"><i class=\"fa fa-truck\"><\/i>&nbsp;<span class=\"text-muted textprop\">Lieferung innerhalb von 24\/48 Stunden<\/span><div class=\"col-md-12\"><i class=\"fa fa-exchange\"><\/i>&nbsp;<span class=\"text-muted textprop\">Versicherte Garantie<\/span><\/div><div class=\"col-md-12\"><i class=\"fa fa-box\"><\/i>&nbsp;<span class=\"text-muted textprop\">18 Einheit(en) pro Masterbox<\/span><\/div><\/div>","protected":false},"featured_media":2098,"template":"","meta":{"site-sidebar-layout":"default","site-content-layout":"default","ast-global-header-display":"","ast-main-header-display":"","ast-hfb-above-header-display":"","ast-hfb-below-header-display":"","ast-hfb-mobile-header-display":"","site-post-title":"","ast-breadcrumbs-content":"","ast-featured-img":"","footer-sml-layout":"","theme-transparent-header-meta":"default","adv-header-id-meta":"","stick-header-meta":"","header-above-stick-meta":"","header-main-stick-meta":"","header-below-stick-meta":""},"product_cat":[15,23],"product_tag":[],"class_list":["post-2088","product","type-product","status-publish","has-post-thumbnail","hentry","product_cat-bombillas-led-par","product_cat-bombillas-y-lamparas-led"],"_links":{"self":[{"href":"https:\/\/starlediluminacion.com\/de\/wp-json\/wp\/v3\/product\/2088","targetHints":{"allow":["GET"]}}],"collection":[{"href":"https:\/\/starlediluminacion.com\/de\/wp-json\/wp\/v3\/product"}],"about":[{"href":"https:\/\/starlediluminacion.com\/de\/wp-json\/wp\/v2\/types\/product"}],"wp:featuredmedia":[{"embeddable":true,"href":"https:\/\/starlediluminacion.com\/de\/wp-json\/wp\/v2\/media\/2098"}],"wp:attachment":[{"href":"https:\/\/starlediluminacion.com\/de\/wp-json\/wp\/v2\/media?parent=2088"}],"wp:term":[{"taxonomy":"product_cat","embeddable":true,"href":"https:\/\/starlediluminacion.com\/de\/wp-json\/wp\/v2\/product_cat?post=2088"},{"taxonomy":"product_tag","embeddable":true,"href":"https:\/\/starlediluminacion.com\/de\/wp-json\/wp\/v2\/product_tag?post=2088"}],"curies":[{"name":"wp","href":"https:\/\/api.w.org\/{rel}","templated":true}]}}