{"id":2061,"date":"2022-08-02T19:25:24","date_gmt":"2022-08-02T19:25:24","guid":{"rendered":"https:\/\/starlediluminacion.com\/?post_type=product&#038;p=2061"},"modified":"2022-09-03T12:36:56","modified_gmt":"2022-09-03T12:36:56","slug":"lampara-led-sumergible-dc12v-12w-ip68","status":"publish","type":"product","link":"https:\/\/starlediluminacion.com\/de\/product\/lampara-led-sumergible-dc12v-12w-ip68\/","title":{"rendered":"<p>LED-Tauchlampe DC12V - 12W - IP68<\/p>"},"content":{"rendered":"<p><label>REFERENZ: SL<span style=\"font-size: 16px;\">8213<\/span><\/label><h1>LED-Tauchlampe DC12V - 12W - IP68<\/h1><p>Die&nbsp;<strong>Spotlight Pool<\/strong>&nbsp;von&nbsp;<strong>12w<\/strong>&nbsp;zeichnet sich durch ihre speziell f\u00fcr die Unterwasserbeleuchtung entwickelte, reibgeschwei\u00dfte Optik aus, die das Licht gleichm\u00e4\u00dfig und hervorragend im Becken verteilt, ohne die Badeg\u00e4ste zu blenden, was die Lampe zu einer zuverl\u00e4ssigen und effizienten Beleuchtung f\u00fcr Ihren Betrieb macht.<\/p><p>Con cuerpo fabricado en pl&aacute;stico de alta resistencia y sellado&nbsp;<strong>IP68<\/strong>&nbsp;certificado CE y ROHS. Incorpora 108pcs de chip led SMD2835 y cable de 1,5m de longitud.<\/p><p>Ben\u00f6tigt F\u00fctterung&nbsp;<strong>DC12V<\/strong>&nbsp;nicht enthalten.&nbsp;<strong>Hightech-LED-Technik<\/strong>&nbsp;die eine hervorragende Ausleuchtung und Stromeinsparungen von bis zu 90% bieten.<\/p><p>Sie bieten eine au\u00dfergew\u00f6hnliche Lichtatmosph\u00e4re und sind die perfekte Wahl, um herk\u00f6mmliche Gl\u00fchbirnen in Schwimmb\u00e4dern, Springbrunnen oder \u00e4hnlichem zu ersetzen. Sie k\u00f6nnen auch zur Beleuchtung von Aquarien und R\u00e4umen mit hoher Luftfeuchtigkeit verwendet werden.<\/p><ul>\n<li>Die Energieeffizienz \u00fcbertrifft jede herk\u00f6mmliche Halogen-Gl\u00fchlampe.<\/li>\n<li>Lichtstrahl frei von UV- und IR-Strahlen.<\/li>\n<li>Niedrige Betriebstemperatur.<\/li>\n<\/ul><h2>Aplicaciones de la&nbsp;L&aacute;mpara LED Sumergible DC12V &ndash; 12W &ndash; IP68<\/h2><ul>\n<li>Schwimmb\u00e4der<\/li>\n<li>Sprudelbad<\/li>\n<li>Teiche<\/li>\n<li>Quellen<\/li>\n<li>Aquarien<\/li>\n<\/ul><h3 class=\"page-product-heading\">TECHNISCHE DATEN<\/h3><div class=\"col-xs-12 col-md-6\">\n<table class=\"table table-data-sheet 1\">\n<tbody>\n<tr class=\"odd\">\n<td valign=\"middle\" width=\"32\"><\/td>\n<td valign=\"middle\">REFERENZEN :<\/td>\n<td valign=\"middle\">SL8213<\/td>\n<\/tr>\n<tr class=\"even\">\n<td valign=\"middle\" width=\"32\"><\/td>\n<td valign=\"middle\">Nennleistung :<\/td>\n<td valign=\"middle\">12w<\/td>\n<\/tr>\n<tr class=\"odd\">\n<td valign=\"middle\" width=\"32\"><\/td>\n<td valign=\"middle\">Nennspannung:<\/td>\n<td valign=\"middle\">12 V GLEICHSTROM<\/td>\n<\/tr>\n<tr class=\"even\">\n<td valign=\"middle\" width=\"32\"><\/td>\n<td valign=\"middle\">Lichttemperatur:<\/td>\n<td valign=\"middle\">4000K<\/td>\n<\/tr>\n<tr class=\"odd\">\n<td valign=\"middle\" width=\"32\"><\/td>\n<td valign=\"middle\">CRI - Farbwiedergabeindex:<\/td>\n<td valign=\"middle\">80<\/td>\n<\/tr>\n<tr class=\"even\">\n<td valign=\"middle\" width=\"32\"><\/td>\n<td valign=\"middle\">Baumaterial:<\/td>\n<td valign=\"middle\">PC Flammhemmend<\/td>\n<\/tr>\n<tr class=\"odd\">\n<td valign=\"middle\" width=\"32\"><\/td>\n<td valign=\"middle\">Leuchtkraft-Lm:<\/td>\n<td valign=\"middle\">1200<\/td>\n<\/tr>\n<tr class=\"even\">\n<td valign=\"middle\" width=\"32\"><\/td>\n<td valign=\"middle\">Art der LEDs:<\/td>\n<td valign=\"middle\">SMD2835 Epistar<\/td>\n<\/tr>\n<\/tbody>\n<\/table>\n<\/div><div class=\"col-xs-12 col-md-6 2\">\n<table class=\"table table-data-sheet 2\">\n<tbody>\n<tr class=\"odd\">\n<td valign=\"middle\" width=\"32\"><\/td>\n<td valign=\"middle\">\u00d6ffnungswinkel (\u00ba):<\/td>\n<td valign=\"middle\">120\u00b0<\/td>\n<\/tr>\n<tr class=\"even\">\n<td valign=\"middle\" width=\"32\"><\/td>\n<td valign=\"middle\">Effizienz der LED-Diode (Lm\/W):<\/td>\n<td valign=\"middle\">140 Lm\/W<\/td>\n<\/tr>\n<tr class=\"odd\">\n<td valign=\"middle\" width=\"32\"><\/td>\n<td valign=\"middle\">Lichtausbeute (Lm\/W):<\/td>\n<td valign=\"middle\">100 Lm\/W<\/td>\n<\/tr>\n<tr class=\"even\">\n<td valign=\"middle\" width=\"32\"><\/td>\n<td valign=\"middle\">Bescheinigungen:<\/td>\n<td valign=\"middle\">CE - ROHS<\/td>\n<\/tr>\n<tr class=\"odd\">\n<td valign=\"middle\" width=\"32\"><\/td>\n<td valign=\"middle\">IP-Bewertung:<\/td>\n<td valign=\"middle\">IP68-Au\u00dfenbereich<\/td>\n<\/tr>\n<tr class=\"even\">\n<td valign=\"middle\" width=\"32\"><\/td>\n<td valign=\"middle\">Abmessungen (mm):<\/td>\n<td valign=\"middle\">130x130x12mm<\/td>\n<\/tr>\n<tr class=\"odd\">\n<td valign=\"middle\" width=\"32\"><\/td>\n<td valign=\"middle\">Energieklasse (2021-EU-2019\/2015):<\/td>\n<td valign=\"middle\">A++<\/td>\n<\/tr>\n<\/tbody>\n<\/table>\n<\/div><\/p>","protected":false},"excerpt":{"rendered":"<div class=\"col-md-12\"><i class=\"fa fa-truck\"><\/i>&nbsp;<span class=\"text-muted textprop\">Lieferung innerhalb von 24\/48 Stunden<\/span><div class=\"col-md-12\"><i class=\"fa fa-exchange\"><\/i>&nbsp;<span class=\"text-muted textprop\">Versicherte Garantie<\/span><\/div><div class=\"col-md-12\"><i class=\"fa fa-box\"><\/i>&nbsp;1<span class=\"text-muted textprop\">&nbsp;Einheit(en) pro Masterbox<\/span><\/div><div><strong>TEMPERATURA DE COLOR: 4000K<\/strong><\/div><p>&nbsp;<\/p><\/div>","protected":false},"featured_media":2069,"template":"","meta":{"site-sidebar-layout":"default","site-content-layout":"default","ast-global-header-display":"","ast-main-header-display":"","ast-hfb-above-header-display":"","ast-hfb-below-header-display":"","ast-hfb-mobile-header-display":"","site-post-title":"","ast-breadcrumbs-content":"","ast-featured-img":"","footer-sml-layout":"","theme-transparent-header-meta":"default","adv-header-id-meta":"","stick-header-meta":"","header-above-stick-meta":"","header-main-stick-meta":"","header-below-stick-meta":""},"product_cat":[15,23],"product_tag":[],"class_list":["post-2061","product","type-product","status-publish","has-post-thumbnail","hentry","product_cat-bombillas-led-par","product_cat-bombillas-y-lamparas-led"],"_links":{"self":[{"href":"https:\/\/starlediluminacion.com\/de\/wp-json\/wp\/v3\/product\/2061","targetHints":{"allow":["GET"]}}],"collection":[{"href":"https:\/\/starlediluminacion.com\/de\/wp-json\/wp\/v3\/product"}],"about":[{"href":"https:\/\/starlediluminacion.com\/de\/wp-json\/wp\/v2\/types\/product"}],"wp:featuredmedia":[{"embeddable":true,"href":"https:\/\/starlediluminacion.com\/de\/wp-json\/wp\/v2\/media\/2069"}],"wp:attachment":[{"href":"https:\/\/starlediluminacion.com\/de\/wp-json\/wp\/v2\/media?parent=2061"}],"wp:term":[{"taxonomy":"product_cat","embeddable":true,"href":"https:\/\/starlediluminacion.com\/de\/wp-json\/wp\/v2\/product_cat?post=2061"},{"taxonomy":"product_tag","embeddable":true,"href":"https:\/\/starlediluminacion.com\/de\/wp-json\/wp\/v2\/product_tag?post=2061"}],"curies":[{"name":"wp","href":"https:\/\/api.w.org\/{rel}","templated":true}]}}