{"id":2037,"date":"2022-08-02T19:06:23","date_gmt":"2022-08-02T19:06:23","guid":{"rendered":"https:\/\/starlediluminacion.com\/?post_type=product&#038;p=2037"},"modified":"2022-09-03T12:35:33","modified_gmt":"2022-09-03T12:35:33","slug":"lampara-led-sumergible-18w-dc12v-ip68-acero-inoxidable-316","status":"publish","type":"product","link":"https:\/\/starlediluminacion.com\/de\/product\/lampara-led-sumergible-18w-dc12v-ip68-acero-inoxidable-316-2\/","title":{"rendered":"<p>LED-Tauchlampe 18W - DC12V - IP68 - Edelstahl 316<\/p>"},"content":{"rendered":"<p><label>REFERENZ: SL<span style=\"font-size: 16px;\">POOL6<\/span><\/label><p><strong>LED-Lampe 18W tauchf\u00e4hig<\/strong>&nbsp;entwickelt, um die&nbsp;<strong>Scheinwerfer<\/strong>&nbsp;Halogene in der&nbsp;<strong>Pools<\/strong>. Der Scheinwerfer hat einen Schutzgrad gegen den Zugang von Partikeln, Staub oder Fl\u00fcssigkeiten von&nbsp;<strong>IP68<\/strong>In diesem Fall kann es w\u00e4hrend eines vollst\u00e4ndigen und kontinuierlichen Eintauchens funktionieren. Edelstahl 316<strong>. - IK10- STOSSFEST.<\/strong><\/p><h1>LED-Unterwasserlampe DC12V - 18W - IP68- 316 Edelstahl<\/h1><p>Die&nbsp;<strong>Spotlight Pool<\/strong>&nbsp;von&nbsp;<strong>18w<\/strong>&nbsp;zeichnet sich durch ihre speziell f\u00fcr die Unterwasserbeleuchtung entwickelte, reibgeschwei\u00dfte Optik aus, die das Licht gleichm\u00e4\u00dfig und hervorragend im Becken verteilt, ohne die Badeg\u00e4ste zu blenden, was die Lampe zu einer zuverl\u00e4ssigen und effizienten Beleuchtung f\u00fcr Ihren Betrieb macht.<\/p><p>Mit Geh\u00e4use aus hochfestem Edelstahl 316 und Dichtung&nbsp;<strong>IP68<\/strong>&nbsp;.<\/p><p>Beinhaltet eine L\u00e4nge von 2 m.<\/p><p>Der rostfreie Stahl des Typs 316 ist ein austenitischer Chrom-Nickel-Stahl, der Molybd\u00e4n enth\u00e4lt. Dieser Zusatz erh\u00f6ht die Korrosionsbest\u00e4ndigkeit des Stahls.<\/p><p><strong>Eines der Probleme, das bei Anbauleuchten aus Kunststoff h\u00e4ufig auftritt, ist die Neigung, in Schwimmb\u00e4dern unter Wasser zu zerbrechen; als IK10-Produkt aus Stahl ist dieses Problem des Zerbrechens durch St\u00f6\u00dfe gel\u00f6st.<\/strong>.<\/p><p>Ben\u00f6tigt F\u00fctterung&nbsp;<strong>DC12V<\/strong>&nbsp;nicht enthalten.<\/p><p><strong>Hightech-LED-Technik<\/strong>&nbsp;die eine hervorragende Ausleuchtung und Stromeinsparungen von bis zu 90% bieten.<\/p><p>Sie bieten eine au\u00dfergew\u00f6hnliche Lichtatmosph\u00e4re und sind die perfekte Wahl, um herk\u00f6mmliche Gl\u00fchbirnen in Schwimmb\u00e4dern, Springbrunnen oder \u00e4hnlichem zu ersetzen. Sie k\u00f6nnen auch zur Beleuchtung von Aquarien und R\u00e4umen mit hoher Luftfeuchtigkeit verwendet werden.<\/p><ul>\n<li>Die Energieeffizienz \u00fcbertrifft jede herk\u00f6mmliche Halogen-Gl\u00fchlampe.<\/li>\n<li>Lichtstrahl frei von UV- und IR-Strahlen.<\/li>\n<li>Niedrige Betriebstemperatur.<\/li>\n<\/ul><h2>Anwendungen der LED-Unterwasserlampe DC12V - 18W - IP68<\/h2><ul>\n<li>Schwimmb\u00e4der<\/li>\n<li>Sprudelbad<\/li>\n<li>Teiche<\/li>\n<li>Quellen<\/li>\n<li>Aquarien<\/li>\n<\/ul><div class=\"product-information\">\n<div class=\"tab-content\">\n<div id=\"product-features-tab-content\" class=\"product-features-tab-content tab-pane active\">\n<h3 class=\"page-product-heading\">TECHNISCHE DATEN<\/h3>\n<div class=\"col-xs-12 col-md-6\">\n<table class=\"table table-data-sheet 1\">\n<tbody>\n<tr class=\"odd\">\n<td valign=\"middle\" width=\"32\"><\/td>\n<td valign=\"middle\">REFERENZEN :<\/td>\n<td valign=\"middle\">SLPOOL6<\/td>\n<\/tr>\n<tr class=\"even\">\n<td valign=\"middle\" width=\"32\"><\/td>\n<td valign=\"middle\">Nennleistung :<\/td>\n<td valign=\"middle\">18w<\/td>\n<\/tr>\n<tr class=\"odd\">\n<td valign=\"middle\" width=\"32\"><\/td>\n<td valign=\"middle\">Nennspannung:<\/td>\n<td valign=\"middle\">12 V GLEICHSTROM<\/td>\n<\/tr>\n<tr class=\"even\">\n<td valign=\"middle\" width=\"32\"><\/td>\n<td valign=\"middle\">Lichttemperatur:<\/td>\n<td valign=\"middle\">4000K<\/td>\n<\/tr>\n<tr class=\"odd\">\n<td valign=\"middle\" width=\"32\"><\/td>\n<td valign=\"middle\">CRI - Farbwiedergabeindex:<\/td>\n<td valign=\"middle\">80<\/td>\n<\/tr>\n<tr class=\"even\">\n<td valign=\"middle\" width=\"32\"><\/td>\n<td valign=\"middle\">Baumaterial:<\/td>\n<td valign=\"middle\">Stahl + PMMA<\/td>\n<\/tr>\n<tr class=\"odd\">\n<td valign=\"middle\" width=\"32\"><\/td>\n<td valign=\"middle\">Leuchtkraft-Lm:<\/td>\n<td valign=\"middle\">1800<\/td>\n<\/tr>\n<tr class=\"even\">\n<td valign=\"middle\" width=\"32\"><\/td>\n<td valign=\"middle\">Art der LEDs:<\/td>\n<td valign=\"middle\">SMD (6x3W)<\/td>\n<\/tr>\n<tr class=\"odd\">\n<td valign=\"middle\" width=\"32\"><\/td>\n<td valign=\"middle\">\u00d6ffnungswinkel (\u00ba):<\/td>\n<td valign=\"middle\">120\u00b0<\/td>\n<\/tr>\n<tr class=\"even\">\n<td valign=\"middle\" width=\"32\"><\/td>\n<td valign=\"middle\">Effizienz der LED-Diode (Lm\/W):<\/td>\n<td valign=\"middle\">140 Lm\/W<\/td>\n<\/tr>\n<\/tbody>\n<\/table>\n<\/div>\n<div class=\"col-xs-12 col-md-6 2\">\n<table class=\"table table-data-sheet 2\">\n<tbody>\n<tr class=\"odd\">\n<td valign=\"middle\" width=\"32\"><\/td>\n<td valign=\"middle\">Lichtausbeute (Lm\/W):<\/td>\n<td valign=\"middle\">100 Lm\/W<\/td>\n<\/tr>\n<tr class=\"even\">\n<td valign=\"middle\" width=\"32\"><\/td>\n<td valign=\"middle\">Bescheinigungen:<\/td>\n<td valign=\"middle\">CE - ROHS<\/td>\n<\/tr>\n<tr class=\"odd\">\n<td valign=\"middle\" width=\"32\"><\/td>\n<td valign=\"middle\">IP-Bewertung:<\/td>\n<td valign=\"middle\">IP68-Au\u00dfenbereich<\/td>\n<\/tr>\n<tr class=\"even\">\n<td valign=\"middle\" width=\"32\"><\/td>\n<td valign=\"middle\">Abmessungen (mm):<\/td>\n<td valign=\"middle\">\u00d8135x21mm<\/td>\n<\/tr>\n<tr class=\"odd\">\n<td valign=\"middle\" width=\"32\"><\/td>\n<td valign=\"middle\">Zus\u00e4tzliche Informationen:<\/td>\n<td valign=\"middle\">Inklusive 2m Kabel<\/td>\n<\/tr>\n<tr class=\"even\">\n<td valign=\"middle\" width=\"32\"><\/td>\n<td valign=\"middle\">Aufprallschutz (IK):<\/td>\n<td valign=\"middle\">IK10<\/td>\n<\/tr>\n<tr class=\"odd\">\n<td valign=\"middle\" width=\"32\"><\/td>\n<td valign=\"middle\">Energieklasse (2021-EU-2019\/2015):<\/td>\n<td valign=\"middle\">A+<\/td>\n<\/tr>\n<tr class=\"even\">\n<td valign=\"middle\" width=\"32\"><\/td>\n<td valign=\"middle\">Energieklasse (2023 - EU-2019\/2015):<\/td>\n<td valign=\"middle\">F<\/td>\n<\/tr>\n<tr class=\"odd\">\n<td valign=\"middle\" width=\"32\"><\/td>\n<td valign=\"middle\">Gew\u00e4hrleistungsjahre:<\/td>\n<td valign=\"middle\">3<\/td>\n<\/tr>\n<\/tbody>\n<\/table>\n<\/div>\n<\/div>\n<\/div>\n<\/div><div data-retailrocket-markup-block=\"5e2051b697a528049cb3f087\" data-product-id=\"14310,14340\" data-language=\"es\" data-currency=\"ESP_1\">\n<div class=\"rr-widget rr-widget-5e2051b697a528049cb3f087\" data-algorithm=\"related\" data-algorithm-argument=\"14310,14340\" data-template-param-number-of-items=\"18\" data-template-param-item-image-width=\"187\" data-template-param-item-image-height=\"187\" data-on-pre-render=\"retailrocket['factorled5e2051b697a528049cb3f087'].preRenderFn(this, data, renderFn)\" data-on-post-render=\"retailrocket['factorled5e2051b697a528049cb3f087'].postRenderFn(this)\" data-template-container-id=\"widget-template-5e2051b697a528049cb3f087\" data-s=\"5e2051b697a528049cb3f087\" data-language=\"es\" data-currency=\"ESP_1\" data-header-text-es=\"Productos relacionados\" data-header-text-pt=\"Produtos relacionados\" data-header-text-fr=\"Produits connexes\" data-header-text-en=\"Related products\" data-header-text-de=\"Verwandte Produkte\" data-header-text-it=\"Prodotti correlati\" data-header-text-da=\"Relaterede produkter\" data-header-text-no=\"Relaterte produkter\" data-header-text-se=\"Relaterade produkter\" data-header-text-fi=\"Liittyv&auml;t tuotteet\" data-widget-applied=\"true\"><\/div>\n<\/div><section id=\"accessories\" class=\"page-product-box\">\n<h3 class=\"page-product-heading\"><\/h3>\n<\/section><\/p>","protected":false},"excerpt":{"rendered":"<div class=\"col-md-12\"><i class=\"fa fa-truck\"><\/i>&nbsp;<span class=\"text-muted textprop\">Lieferung innerhalb von 24\/48 Stunden<\/span><div class=\"col-md-12\"><i class=\"fa fa-exchange\"><\/i>&nbsp;<span class=\"text-muted textprop\">Versicherte Garantie<\/span><\/div><div class=\"col-md-12\"><i class=\"fa fa-box\"><\/i>&nbsp;<span class=\"text-muted textprop\">36 Einheit(en) pro Masterbox<\/span><\/div><div><strong>FARBTEMPERATUR: 4000K\/6000K<\/strong><\/div><\/div>","protected":false},"featured_media":2049,"template":"","meta":{"site-sidebar-layout":"default","site-content-layout":"default","ast-global-header-display":"","ast-main-header-display":"","ast-hfb-above-header-display":"","ast-hfb-below-header-display":"","ast-hfb-mobile-header-display":"","site-post-title":"","ast-breadcrumbs-content":"","ast-featured-img":"","footer-sml-layout":"","theme-transparent-header-meta":"default","adv-header-id-meta":"","stick-header-meta":"","header-above-stick-meta":"","header-main-stick-meta":"","header-below-stick-meta":""},"product_cat":[15,23],"product_tag":[],"class_list":["post-2037","product","type-product","status-publish","has-post-thumbnail","hentry","product_cat-bombillas-led-par","product_cat-bombillas-y-lamparas-led"],"_links":{"self":[{"href":"https:\/\/starlediluminacion.com\/de\/wp-json\/wp\/v3\/product\/2037","targetHints":{"allow":["GET"]}}],"collection":[{"href":"https:\/\/starlediluminacion.com\/de\/wp-json\/wp\/v3\/product"}],"about":[{"href":"https:\/\/starlediluminacion.com\/de\/wp-json\/wp\/v2\/types\/product"}],"wp:featuredmedia":[{"embeddable":true,"href":"https:\/\/starlediluminacion.com\/de\/wp-json\/wp\/v2\/media\/2049"}],"wp:attachment":[{"href":"https:\/\/starlediluminacion.com\/de\/wp-json\/wp\/v2\/media?parent=2037"}],"wp:term":[{"taxonomy":"product_cat","embeddable":true,"href":"https:\/\/starlediluminacion.com\/de\/wp-json\/wp\/v2\/product_cat?post=2037"},{"taxonomy":"product_tag","embeddable":true,"href":"https:\/\/starlediluminacion.com\/de\/wp-json\/wp\/v2\/product_tag?post=2037"}],"curies":[{"name":"wp","href":"https:\/\/api.w.org\/{rel}","templated":true}]}}