{"id":1981,"date":"2022-08-01T21:46:05","date_gmt":"2022-08-01T21:46:05","guid":{"rendered":"https:\/\/starlediluminacion.com\/?post_type=product&#038;p=1981"},"modified":"2022-08-27T16:10:14","modified_gmt":"2022-08-27T16:10:14","slug":"lampara-led-ar111-14w-45o-g53","status":"publish","type":"product","link":"https:\/\/starlediluminacion.com\/de\/product\/lampara-led-ar111-14w-45o-g53\/","title":{"rendered":"<p>L&aacute;mpara LED AR111 14W 45&ordm; G53<\/p>"},"content":{"rendered":"<p><label>REFERENZ: SL<span style=\"font-size: 16px;\">4700<\/span><\/label><p>Die&nbsp;<strong>Bombilla LED AR111 12V 14W<\/strong>&nbsp;es la alternativa eficiente y de calidad para los hal&oacute;genos de 85W.&nbsp;Destaca por el ahorro energ&eacute;tico que proporciona y la&nbsp;<strong>excelente calidad<\/strong>&nbsp;de su luz. Al incorporar la tecnolog&iacute;a LED m&aacute;s avanzada, goza de una&nbsp;<strong>lange Nutzungsdauer<\/strong>&nbsp;y no requiere mantenimiento<\/p><h1>L&aacute;mpara LED AR111&nbsp; 14W 45&ordm; G53<\/h1><p>Unser&nbsp;<strong>LED-Lampe AR111<\/strong>&nbsp;von&nbsp;<strong>14w&nbsp;<\/strong>Die Energieeinsparungen von bis zu 80% machen ihn zu einem sehr umweltfreundlichen Produkt, das eine sofortige Inbetriebnahme und eine lange Lebensdauer bietet.<\/p><p>Su diodos SMD<strong>&nbsp;<\/strong>proporcionada equivalen a la luminosidad de una bombilla convencional de alrededor de 85W. De este modo se&nbsp;consigue un&nbsp;<strong>Energieeinsparungen<\/strong>&nbsp;des 80%. Das belichtete Licht wird in einem&nbsp;<strong>&aacute;ngulo de 45&ordm;<\/strong>&nbsp;und hat einen Index von&nbsp;<strong>Farbwiedergabe von +80<\/strong>, indicativo de la calidad de la luz que entrega nuestra&nbsp;<strong>LED-Lampe AR111<\/strong>&nbsp;von&nbsp;<strong>14w<\/strong>&nbsp;mit&nbsp;<strong>IP20<\/strong>.<\/p><p>Neben der Energieeffizienz zeichnet sich diese Art der Beleuchtung durch folgende Eigenschaften aus&nbsp;<strong>lange Lebensdauer<\/strong>&nbsp;auf 30.000 Stunden gesch\u00e4tzt.<\/p><p>Zu ihren Vorteilen z\u00e4hlen ihre hervorragende LED-Leistung und ihr hoher Farbwiedergabeindex, der eine originalgetreue Wiedergabe der Farben erm\u00f6glicht. Aus diesen Gr\u00fcnden ist sie die ideale Gl\u00fchbirne f\u00fcr den Einsatz in gewerblichen R\u00e4umen wie Gesch\u00e4ften, Restaurants oder Hotels.<\/p><h2>Usos&nbsp;de la&nbsp;L&aacute;mpara LED AR111&nbsp; 14W 45&ordm; G53<\/h2><ul>\n<li>Salons<\/li>\n<li>Pr\u00fcfer<\/li>\n<li>Restaurants<\/li>\n<li>Gesch\u00e4fte<\/li>\n<li>Hotels<\/li>\n<\/ul><h3 class=\"page-product-heading\">TECHNISCHE DATEN<\/h3><div class=\"col-xs-12 col-md-6\">\n<table class=\"table table-data-sheet 1\">\n<tbody>\n<tr class=\"odd\">\n<td valign=\"middle\" width=\"32\"><\/td>\n<td valign=\"middle\">REFERENZEN :<\/td>\n<td valign=\"middle\">SL4700<\/td>\n<\/tr>\n<tr class=\"even\">\n<td valign=\"middle\" width=\"32\"><\/td>\n<td valign=\"middle\">Nennleistung :<\/td>\n<td valign=\"middle\">14W<\/td>\n<\/tr>\n<tr class=\"odd\">\n<td valign=\"middle\" width=\"32\"><\/td>\n<td valign=\"middle\">Nennspannung:<\/td>\n<td valign=\"middle\">12 V GLEICHSTROM<\/td>\n<\/tr>\n<tr class=\"even\">\n<td valign=\"middle\" width=\"32\"><\/td>\n<td valign=\"middle\">Lichttemperatur:<\/td>\n<td valign=\"middle\">2800K-4000K<\/td>\n<\/tr>\n<tr class=\"odd\">\n<td valign=\"middle\" width=\"32\"><\/td>\n<td valign=\"middle\">CRI - Farbwiedergabeindex:<\/td>\n<td valign=\"middle\">80<\/td>\n<\/tr>\n<tr class=\"even\">\n<td valign=\"middle\" width=\"32\"><\/td>\n<td valign=\"middle\">Baumaterial:<\/td>\n<td valign=\"middle\">Polycarbonat<\/td>\n<\/tr>\n<tr class=\"odd\">\n<td valign=\"middle\" width=\"32\"><\/td>\n<td valign=\"middle\">Leuchtkraft-Lm:<\/td>\n<td valign=\"middle\">1022Lm<\/td>\n<\/tr>\n<tr class=\"even\">\n<td valign=\"middle\" width=\"32\"><\/td>\n<td valign=\"middle\">Art der LEDs:<\/td>\n<td valign=\"middle\">SMD<\/td>\n<\/tr>\n<tr class=\"odd\">\n<td valign=\"middle\" width=\"32\"><\/td>\n<td valign=\"middle\">\u00d6ffnungswinkel (\u00ba):<\/td>\n<td valign=\"middle\">45\u00ba<\/td>\n<\/tr>\n<tr class=\"even\">\n<td valign=\"middle\" width=\"32\"><\/td>\n<td valign=\"middle\">Effizienz der LED-Diode (Lm\/W):<\/td>\n<td valign=\"middle\">100LmW<\/td>\n<\/tr>\n<tr class=\"odd\">\n<td valign=\"middle\" width=\"32\"><\/td>\n<td valign=\"middle\">Lichtausbeute (Lm\/W):<\/td>\n<td valign=\"middle\">75Lm\/W<\/td>\n<\/tr>\n<tr class=\"even\">\n<td valign=\"middle\" width=\"32\"><\/td>\n<td valign=\"middle\">Buchse:<\/td>\n<td valign=\"middle\">AR111<\/td>\n<\/tr>\n<\/tbody>\n<\/table>\n<\/div><div class=\"col-xs-12 col-md-6 2\">\n<table class=\"table table-data-sheet 2\">\n<tbody>\n<tr class=\"odd\">\n<td valign=\"middle\" width=\"32\"><\/td>\n<td valign=\"middle\">Bescheinigungen:<\/td>\n<td valign=\"middle\">CE - ROHS<\/td>\n<\/tr>\n<tr class=\"even\">\n<td valign=\"middle\" width=\"32\"><\/td>\n<td valign=\"middle\">IP-Bewertung:<\/td>\n<td valign=\"middle\">IP20<\/td>\n<\/tr>\n<tr class=\"odd\">\n<td valign=\"middle\" width=\"32\"><\/td>\n<td valign=\"middle\">Gesch\u00e4tzte Lebensdauer der LED-Diode (H):<\/td>\n<td valign=\"middle\">35.000<\/td>\n<\/tr>\n<tr class=\"even\">\n<td valign=\"middle\" width=\"32\"><\/td>\n<td valign=\"middle\">Abmessungen (mm):<\/td>\n<td valign=\"middle\">&Oslash;110mm * 67mm<\/td>\n<\/tr>\n<tr class=\"odd\">\n<td valign=\"middle\" width=\"32\"><\/td>\n<td valign=\"middle\">Arbeitsfrequenz (Hz):<\/td>\n<td valign=\"middle\">50\/60Hz<\/td>\n<\/tr>\n<tr class=\"even\">\n<td valign=\"middle\" width=\"32\"><\/td>\n<td valign=\"middle\">Temperaturbereich (\u00baC):<\/td>\n<td valign=\"middle\">-20\u00b0C ~ +55\u00b0C<\/td>\n<\/tr>\n<tr class=\"odd\">\n<td valign=\"middle\" width=\"32\"><\/td>\n<td valign=\"middle\">Z\u00fcndungszyklen:<\/td>\n<td valign=\"middle\">100.000<\/td>\n<\/tr>\n<tr class=\"even\">\n<td valign=\"middle\" width=\"32\"><\/td>\n<td valign=\"middle\">Einschaltzeit (s):<\/td>\n<td valign=\"middle\">0,2s<\/td>\n<\/tr>\n<tr class=\"odd\">\n<td valign=\"middle\" width=\"32\"><\/td>\n<td valign=\"middle\">Treiber enthalten:<\/td>\n<td valign=\"middle\">YES<\/td>\n<\/tr>\n<tr class=\"even\">\n<td valign=\"middle\" width=\"32\"><\/td>\n<td valign=\"middle\">Energieklasse (2021-EU-2019\/2015):<\/td>\n<td valign=\"middle\">A+<\/td>\n<\/tr>\n<tr class=\"odd\">\n<td valign=\"middle\" width=\"32\"><\/td>\n<td valign=\"middle\">Gew\u00e4hrleistungsjahre:<\/td>\n<td valign=\"middle\">2<\/td>\n<\/tr>\n<\/tbody>\n<\/table>\n<\/div><\/p>","protected":false},"excerpt":{"rendered":"<div class=\"col-md-12\"><i class=\"fa fa-truck\"><\/i>&nbsp;<span class=\"text-muted textprop\">Lieferung innerhalb von 24\/48 Stunden<\/span><div class=\"col-md-12\"><i class=\"fa fa-exchange\"><\/i>&nbsp;<span class=\"text-muted textprop\">Versicherte Garantie<\/span><\/div><div class=\"col-md-12\"><i class=\"fa fa-box\"><\/i>&nbsp;<span class=\"text-muted textprop\">50 Einheit(en) pro Masterbox<\/span><\/div><div><strong>FARBTEMPERATUR: 2700K\/4000K<\/strong><\/div><\/div>","protected":false},"featured_media":1987,"template":"","meta":{"site-sidebar-layout":"default","site-content-layout":"default","ast-global-header-display":"","ast-main-header-display":"","ast-hfb-above-header-display":"","ast-hfb-below-header-display":"","ast-hfb-mobile-header-display":"","site-post-title":"","ast-breadcrumbs-content":"","ast-featured-img":"","footer-sml-layout":"","theme-transparent-header-meta":"default","adv-header-id-meta":"","stick-header-meta":"","header-above-stick-meta":"","header-main-stick-meta":"","header-below-stick-meta":""},"product_cat":[61,23],"product_tag":[],"class_list":["post-1981","product","type-product","status-publish","has-post-thumbnail","hentry","product_cat-bombillas-led-ar111","product_cat-bombillas-y-lamparas-led"],"_links":{"self":[{"href":"https:\/\/starlediluminacion.com\/de\/wp-json\/wp\/v3\/product\/1981","targetHints":{"allow":["GET"]}}],"collection":[{"href":"https:\/\/starlediluminacion.com\/de\/wp-json\/wp\/v3\/product"}],"about":[{"href":"https:\/\/starlediluminacion.com\/de\/wp-json\/wp\/v2\/types\/product"}],"wp:featuredmedia":[{"embeddable":true,"href":"https:\/\/starlediluminacion.com\/de\/wp-json\/wp\/v2\/media\/1987"}],"wp:attachment":[{"href":"https:\/\/starlediluminacion.com\/de\/wp-json\/wp\/v2\/media?parent=1981"}],"wp:term":[{"taxonomy":"product_cat","embeddable":true,"href":"https:\/\/starlediluminacion.com\/de\/wp-json\/wp\/v2\/product_cat?post=1981"},{"taxonomy":"product_tag","embeddable":true,"href":"https:\/\/starlediluminacion.com\/de\/wp-json\/wp\/v2\/product_tag?post=1981"}],"curies":[{"name":"wp","href":"https:\/\/api.w.org\/{rel}","templated":true}]}}