{"id":1939,"date":"2022-08-01T21:21:29","date_gmt":"2022-08-01T21:21:29","guid":{"rendered":"https:\/\/starlediluminacion.com\/?post_type=product&#038;p=1939"},"modified":"2022-08-27T16:06:48","modified_gmt":"2022-08-27T16:06:48","slug":"dicroica-led-6w-120-gu10-osram-chip-duris-e-2835","status":"publish","type":"product","link":"https:\/\/starlediluminacion.com\/de\/product\/dicroica-led-6w-120-gu10-osram-chip-duris-e-2835\/","title":{"rendered":"<p>6W 120\u00b0 GU10 LED dichroitische Gl\u00fchbirne - OSRAM CHIP DURIS E 2835<\/p>"},"content":{"rendered":"<p><label>REFERENZ: <span style=\"font-size: 16px;\">SL<\/span><span class=\"editable\" style=\"font-size: 16px;\">GU7503OSR,LED Dichroic 6W 120\u00b0 GU10 - OSRAM Chip,. Das Material, aus dem es gemacht ist, ist Aluminium,Verwendet die LED Dichroic 6W 120\u00b0 GU10 - OSRAM CHIP DURIS E 2835,SLGU7503OSR,dicroica-led-6w-120-gu10-osram-chip-duris-e-2835-factorled (3),dicroica-led-6w-120-gu10-osram-chip-duris-e-2835-factorled (1),dicroica-led-6w-120-gu10-osram-chip-duris-e-2835-factorled (2),dicroica-led-6w-120-gu10-osram-chip-duris-e-2835-factorled (6),dicroica-led-6w-120-gu10-osram-chip-duris-e-2835-factorled (4),dicroica-led-6w-120-gu10-osram-chip-duris-e-2835-factorled (5),LED Dichroic 6W 120\u00b0 GU10 - OSRAM CHIP DURIS E 2835 - STARLED Iluminacion,dicroica-led-6w-120-gu10-osram-chip-duris-e-2835<\/span><\/label><p>Neue Generation von&nbsp;<strong>Dichroitisch<\/strong><strong>&nbsp;LED 6W<\/strong>&nbsp;mit Diode&nbsp;<strong>SMD 2835<\/strong>&nbsp;mit&nbsp;<strong>Chip<\/strong><strong>&nbsp;OSRAM<\/strong><strong>&nbsp;150Lm\/W&nbsp;<\/strong>von<strong>&nbsp;Hohe Leuchtkraft<\/strong>&nbsp;und mit&nbsp;<strong>Treiber<\/strong><strong>&nbsp;ohne Flick<\/strong>. Die Dicroica hat&nbsp;<strong>3 Jahre Garantie<\/strong>. Einsparungen von bis zu 80% anstelle von traditionellen Halogenlampen, die einen gro\u00dfen Lichtstrahl mit ihren&nbsp;<strong>120\u00ba \u00d6ffnung<\/strong>&nbsp;und hohe Qualit\u00e4t. Seine Installation ist sehr einfach, entfernen Sie einfach die traditionelle Halogen und legen Sie die neue Lampe mit GU10-Fassung mit direktem Anschluss an das Stromnetz.<\/p><h1>Dicroica LED 6W 120\u00b0 GU10 \u2013 OSRAM Chip<\/h1><p>Unsere dichroitische LED 220v mit Diode&nbsp;<strong>SMD 2835 OSRAM Chip<\/strong>&nbsp;und 6W GU10 Fassung wurde speziell f\u00fcr Anwendungen entwickelt, bei denen die H\u00f6he der Decke es erforderlich macht, den Lichtstrahl zu b\u00fcndeln und das Licht in den gew\u00fcnschten Bereichen dank seiner&nbsp;<strong>120\u00ba \u00d6ffnung<\/strong>.\u00a0El material con el que est\u00e1 fabricado es\u00a0aluminio<\/p><p>Er liefert einen breiten und hellen Lichtstrahl<strong>&nbsp;hoch<\/strong>&nbsp;<strong>Qualit\u00e4t und Leuchtkraft<\/strong>. Sie hat eine Reihe von&nbsp;<strong>150 Lumen\/Watt<\/strong>. Sie hat einen hohen CRI-Wert von +82, der eine originalgetreue Wiedergabe der Farben erm\u00f6glicht.<\/p><p>Die Installation ist einfach: Die alte Gl\u00fchbirne wird entfernt und die neue Lampe mit GU10-Sockel wird mit direktem Anschluss an das 220-Volt-Netz installiert.<\/p><p>&nbsp;<\/p><h2>Usos de la\u00a0Dicroica LED 6W 120\u00b0 GU10 \u2013 OSRAM CHIP DURIS E 2835<\/h2><ul>\n<li>Toiletten<\/li>\n<li>Schr\u00e4nke<\/li>\n<li>Schlafr\u00e4ume<\/li>\n<li>Schauk\u00e4sten<\/li>\n<li>Schaufenster<\/li>\n<li>Korridore<\/li>\n<li>Gesch\u00e4fte<\/li>\n<li>Gewerbliche R\u00e4ume<\/li>\n<\/ul><h3 class=\"page-product-heading\">TECHNISCHE DATEN<\/h3><div class=\"col-xs-12 col-md-6\">\n<table class=\"table table-data-sheet 1\">\n<tbody>\n<tr class=\"odd\">\n<td valign=\"middle\" width=\"32\"><\/td>\n<td valign=\"middle\">REFERENZEN :<\/td>\n<td valign=\"middle\">SLGU7503OSR<\/td>\n<\/tr>\n<tr class=\"even\">\n<td valign=\"middle\" width=\"32\"><\/td>\n<td valign=\"middle\">Nennleistung :<\/td>\n<td valign=\"middle\">6w<\/td>\n<\/tr>\n<tr class=\"odd\">\n<td valign=\"middle\" width=\"32\"><\/td>\n<td valign=\"middle\">Nennspannung:<\/td>\n<td valign=\"middle\">175v - 265v<\/td>\n<\/tr>\n<tr class=\"even\">\n<td valign=\"middle\" width=\"32\"><\/td>\n<td valign=\"middle\">Lichttemperatur:<\/td>\n<td valign=\"middle\">3000K - 4000K - 6000K<\/td>\n<\/tr>\n<tr class=\"odd\">\n<td valign=\"middle\" width=\"32\"><\/td>\n<td valign=\"middle\">CRI - Farbwiedergabeindex:<\/td>\n<td valign=\"middle\">82<\/td>\n<\/tr>\n<tr class=\"even\">\n<td valign=\"middle\" width=\"32\"><\/td>\n<td valign=\"middle\">Baumaterial:<\/td>\n<td valign=\"middle\">Aluminium +PC<\/td>\n<\/tr>\n<tr class=\"odd\">\n<td valign=\"middle\" width=\"32\"><\/td>\n<td valign=\"middle\">Leuchtkraft-Lm:<\/td>\n<td valign=\"middle\">600<\/td>\n<\/tr>\n<tr class=\"even\">\n<td valign=\"middle\" width=\"32\"><\/td>\n<td valign=\"middle\">Art der LEDs:<\/td>\n<td valign=\"middle\">SMD 2835 OSRAM CHIP<\/td>\n<\/tr>\n<tr class=\"odd\">\n<td valign=\"middle\" width=\"32\"><\/td>\n<td valign=\"middle\">\u00d6ffnungswinkel (\u00ba):<\/td>\n<td valign=\"middle\">120\u00ba<\/td>\n<\/tr>\n<tr class=\"even\">\n<td valign=\"middle\" width=\"32\"><\/td>\n<td valign=\"middle\">Effizienz der LED-Diode (Lm\/W):<\/td>\n<td valign=\"middle\">150Lm\/W<\/td>\n<\/tr>\n<tr class=\"odd\">\n<td valign=\"middle\" width=\"32\"><\/td>\n<td valign=\"middle\">Lichtausbeute (Lm\/W):<\/td>\n<td valign=\"middle\">100 Lm\/W<\/td>\n<\/tr>\n<\/tbody>\n<\/table>\n<\/div><div class=\"col-xs-12 col-md-6 2\">\n<table class=\"table table-data-sheet 2\">\n<tbody>\n<tr class=\"odd\">\n<td valign=\"middle\" width=\"32\"><\/td>\n<td valign=\"middle\">Buchse:<\/td>\n<td valign=\"middle\">GU10<\/td>\n<\/tr>\n<tr class=\"even\">\n<td valign=\"middle\" width=\"32\"><\/td>\n<td valign=\"middle\">Bescheinigungen:<\/td>\n<td valign=\"middle\">CE - ROHS<\/td>\n<\/tr>\n<tr class=\"odd\">\n<td valign=\"middle\" width=\"32\"><\/td>\n<td valign=\"middle\">IP-Bewertung:<\/td>\n<td valign=\"middle\">IP20<\/td>\n<\/tr>\n<tr class=\"even\">\n<td valign=\"middle\" width=\"32\"><\/td>\n<td valign=\"middle\">Gesch\u00e4tzte Lebensdauer der LED-Diode (H):<\/td>\n<td valign=\"middle\">30.000<\/td>\n<\/tr>\n<tr class=\"odd\">\n<td valign=\"middle\" width=\"32\"><\/td>\n<td valign=\"middle\">Arbeitsfrequenz (Hz):<\/td>\n<td valign=\"middle\">50\/60Hz<\/td>\n<\/tr>\n<tr class=\"even\">\n<td valign=\"middle\" width=\"32\"><\/td>\n<td valign=\"middle\">Temperaturbereich (\u00baC):<\/td>\n<td valign=\"middle\">-20\u00b0C ~ +55\u00b0C<\/td>\n<\/tr>\n<tr class=\"odd\">\n<td valign=\"middle\" width=\"32\"><\/td>\n<td valign=\"middle\">Z\u00fcndungszyklen:<\/td>\n<td valign=\"middle\">100.000<\/td>\n<\/tr>\n<tr class=\"even\">\n<td valign=\"middle\" width=\"32\"><\/td>\n<td valign=\"middle\">Einschaltzeit (s):<\/td>\n<td valign=\"middle\">0,2s<\/td>\n<\/tr>\n<tr class=\"odd\">\n<td valign=\"middle\" width=\"32\"><\/td>\n<td valign=\"middle\">Energieklasse (2021-EU-2019\/2015):<\/td>\n<td valign=\"middle\">A+<\/td>\n<\/tr>\n<tr class=\"even\">\n<td valign=\"middle\" width=\"32\"><\/td>\n<td valign=\"middle\">Gew\u00e4hrleistungsjahre:<\/td>\n<td valign=\"middle\">3<\/td>\n<\/tr>\n<\/tbody>\n<\/table>\n<\/div><\/p>","protected":false},"excerpt":{"rendered":"<div class=\"col-md-12\"><i class=\"fa fa-truck\"><\/i>&nbsp;<span class=\"text-muted textprop\">Lieferung innerhalb von 24\/48 Stunden<\/span><div class=\"col-md-12\"><i class=\"fa fa-exchange\"><\/i>&nbsp;<span class=\"text-muted textprop\">Versicherte Garantie<\/span><\/div><div class=\"col-md-12\"><i class=\"fa fa-box\"><\/i>&nbsp;<span class=\"text-muted textprop\">1 Einheit(en) pro Masterbox<\/span><\/div><div><strong>FARBTEMPERATUR: 3000K\/4000K\/6000K<\/strong><\/div><\/div>","protected":false},"featured_media":1942,"template":"","meta":{"site-sidebar-layout":"default","site-content-layout":"default","ast-global-header-display":"","ast-main-header-display":"","ast-hfb-above-header-display":"","ast-hfb-below-header-display":"","ast-hfb-mobile-header-display":"","site-post-title":"","ast-breadcrumbs-content":"","ast-featured-img":"","footer-sml-layout":"","theme-transparent-header-meta":"default","adv-header-id-meta":"","stick-header-meta":"","header-above-stick-meta":"","header-main-stick-meta":"","header-below-stick-meta":""},"product_cat":[48,23],"product_tag":[],"class_list":["post-1939","product","type-product","status-publish","has-post-thumbnail","hentry","product_cat-bombillas-led-gu10-mr16-g4","product_cat-bombillas-y-lamparas-led"],"_links":{"self":[{"href":"https:\/\/starlediluminacion.com\/de\/wp-json\/wp\/v3\/product\/1939","targetHints":{"allow":["GET"]}}],"collection":[{"href":"https:\/\/starlediluminacion.com\/de\/wp-json\/wp\/v3\/product"}],"about":[{"href":"https:\/\/starlediluminacion.com\/de\/wp-json\/wp\/v2\/types\/product"}],"wp:featuredmedia":[{"embeddable":true,"href":"https:\/\/starlediluminacion.com\/de\/wp-json\/wp\/v2\/media\/1942"}],"wp:attachment":[{"href":"https:\/\/starlediluminacion.com\/de\/wp-json\/wp\/v2\/media?parent=1939"}],"wp:term":[{"taxonomy":"product_cat","embeddable":true,"href":"https:\/\/starlediluminacion.com\/de\/wp-json\/wp\/v2\/product_cat?post=1939"},{"taxonomy":"product_tag","embeddable":true,"href":"https:\/\/starlediluminacion.com\/de\/wp-json\/wp\/v2\/product_tag?post=1939"}],"curies":[{"name":"wp","href":"https:\/\/api.w.org\/{rel}","templated":true}]}}