{"id":1924,"date":"2022-08-01T21:11:51","date_gmt":"2022-08-01T21:11:51","guid":{"rendered":"https:\/\/starlediluminacion.com\/?post_type=product&#038;p=1924"},"modified":"2022-08-27T16:05:33","modified_gmt":"2022-08-27T16:05:33","slug":"dicroica-led-5w-gu10-rgbcct-smart-wifi-control-remoto-regulable","status":"publish","type":"product","link":"https:\/\/starlediluminacion.com\/de\/product\/dichroic-led-5w-gu10-rgbcct-smart-wifi-control-ferngesteuert-einstellbar\/","title":{"rendered":"<p>5W GU10 RGB+CCT + SMART Wifi + Fernbedienung + Dimmbar LED-Leuchte 5W GU10 RGB+CCT + SMART Wifi + Fernbedienung + Dimmbar<\/p>"},"content":{"rendered":"<p><label><label>REFERENZ: <span style=\"font-size: 16px;\">SL<\/span><span class=\"editable\" style=\"font-size: 16px;\">IWSMGU10<\/span><\/label><\/label><p><strong>WIFI SMART LED 5W dichroitisch + REMOTE CONTROL&nbsp;<\/strong>GU10 hat eine Farbauswahlfunktion&nbsp;<strong>RGB + Wei\u00df.<\/strong> Es l\u00e4sst sich ganz einfach \u00fcber unsere kostenlose IWIIK-App und\/oder per Sprachsteuerung mit Google Home und Alexa programmieren. Mit verschiedenen Farb- und Helligkeitsschattierungen k\u00f6nnen Sie einzigartige Atmosph\u00e4ren schaffen. Und wenn Sie ihn nur mit der Fernbedienung steuern m\u00f6chten, k\u00f6nnen Sie auch das tun.<strong>50xH56mm<\/strong><\/p><h1>5W GU10 RGB+CCT + SMART Wifi + Fernbedienung + Dimmbar LED-Leuchte 5W GU10 RGB+CCT + SMART Wifi + Fernbedienung + Dimmbar<\/h1><p>Unsere Dicroica 5W LED SMART WIFI+ REMOTE CONTROL bietet die M\u00f6glichkeit, die Farbe jeder Diode (RGB) sowie die Helligkeit und die Farbtemperatur einzustellen, wobei von warmen Farben (2700K) bis hin zu k\u00fchleren Farben (6500K) alles m\u00f6glich ist, um sich so den Bed\u00fcrfnissen aller Benutzer anzupassen. Kombinieren Sie ihn mit anderen SMART-Ger\u00e4ten und schaffen Sie einzigartige Momente in Ihrem Zuhause.<\/p><h2>LED Dichroic 5W GU10 RGB+CCT Konfiguration:<\/h2><ul>\n<li>Schlie\u00dfen Sie die Gl\u00fchbirne an das Stromnetz an.<\/li>\n<li>3-maliges Ein- und Ausschalten<\/li>\n<li>Die Gl\u00fchbirne sollte anfangen zu blinken.<\/li>\n<li>Wenn die Gl\u00fchbirne nicht blinkt, warten Sie 10 Sekunden und wiederholen Sie den Vorgang.<\/li>\n<li>Von nun an k\u00f6nnen Sie es mit der APP verkn\u00fcpfen.<\/li>\n<\/ul><p>Die Lampe mit GU10-Sockel kann auch mit der eingebauten Infrarot-Fernbedienung gesteuert werden, ohne dass sie mit dem WIFI-Netzwerk verbunden werden muss.<\/p><p>Sie hat eine Gesamt&nbsp;<strong>Kompatibilit\u00e4t<\/strong>&nbsp; mit&nbsp;<strong>Amazon Alexa, Google Home und intelligentes Leben<\/strong>&nbsp;sowie IOs und Android-Betriebssysteme. Die Implementierung ist sehr einfach und intuitiv \u00fcber unsere kostenlose App IWIIK oder TUYA.<\/p><p>Verwandeln Sie Ihr Zuhause in ein smartes Zuhause dank der Smart WIFI IWIIK Produkte, die Sie in unserem Online-Shop finden.<\/p><h3 class=\"page-product-heading\">TECHNISCHE DATEN<\/h3><div class=\"col-xs-12 col-md-6\">\n<table class=\"table table-data-sheet 1\">\n<tbody>\n<tr class=\"odd\">\n<td valign=\"middle\" width=\"32\"><\/td>\n<td valign=\"middle\">REFERENZEN :<\/td>\n<td valign=\"middle\">SLIWSMGU10<\/td>\n<\/tr>\n<tr class=\"even\">\n<td valign=\"middle\" width=\"32\"><\/td>\n<td valign=\"middle\">Nennleistung :<\/td>\n<td valign=\"middle\">5w<\/td>\n<\/tr>\n<tr class=\"odd\">\n<td valign=\"middle\" width=\"32\"><\/td>\n<td valign=\"middle\">Nennspannung:<\/td>\n<td valign=\"middle\">220-240V<\/td>\n<\/tr>\n<tr class=\"even\">\n<td valign=\"middle\" width=\"32\"><\/td>\n<td valign=\"middle\">Lichttemperatur:<\/td>\n<td valign=\"middle\">RGB + CCT<\/td>\n<\/tr>\n<tr class=\"odd\">\n<td valign=\"middle\" width=\"32\"><\/td>\n<td valign=\"middle\">CRI - Farbwiedergabeindex:<\/td>\n<td valign=\"middle\">80<\/td>\n<\/tr>\n<tr class=\"even\">\n<td valign=\"middle\" width=\"32\"><\/td>\n<td valign=\"middle\">Baumaterial:<\/td>\n<td valign=\"middle\">Aluminium +PC<\/td>\n<\/tr>\n<tr class=\"odd\">\n<td valign=\"middle\" width=\"32\"><\/td>\n<td valign=\"middle\">Leuchtkraft-Lm:<\/td>\n<td valign=\"middle\">400<\/td>\n<\/tr>\n<tr class=\"even\">\n<td valign=\"middle\" width=\"32\"><\/td>\n<td valign=\"middle\">Art der LEDs:<\/td>\n<td valign=\"middle\">SMD<\/td>\n<\/tr>\n<tr class=\"odd\">\n<td valign=\"middle\" width=\"32\"><\/td>\n<td valign=\"middle\">\u00d6ffnungswinkel (\u00ba):<\/td>\n<td valign=\"middle\">120\u00b0<\/td>\n<\/tr>\n<tr class=\"even\">\n<td valign=\"middle\" width=\"32\"><\/td>\n<td valign=\"middle\">Effizienz der LED-Diode (Lm\/W):<\/td>\n<td valign=\"middle\">120Lm\/W<\/td>\n<\/tr>\n<tr class=\"odd\">\n<td valign=\"middle\" width=\"32\"><\/td>\n<td valign=\"middle\">Lichtausbeute (Lm\/W):<\/td>\n<td valign=\"middle\">80 Lm\/W<\/td>\n<\/tr>\n<\/tbody>\n<\/table>\n<\/div><div class=\"col-xs-12 col-md-6 2\">\n<table class=\"table table-data-sheet 2\">\n<tbody>\n<tr class=\"odd\">\n<td valign=\"middle\" width=\"32\"><\/td>\n<td valign=\"middle\">Buchse:<\/td>\n<td valign=\"middle\">GU10<\/td>\n<\/tr>\n<tr class=\"even\">\n<td valign=\"middle\" width=\"32\"><\/td>\n<td valign=\"middle\">Bescheinigungen:<\/td>\n<td valign=\"middle\">CE - ROHS<\/td>\n<\/tr>\n<tr class=\"odd\">\n<td valign=\"middle\" width=\"32\"><\/td>\n<td valign=\"middle\">Gesch\u00e4tzte Lebensdauer der LED-Diode (H):<\/td>\n<td valign=\"middle\">30.000<\/td>\n<\/tr>\n<tr class=\"even\">\n<td valign=\"middle\" width=\"32\"><\/td>\n<td valign=\"middle\">Abmessungen (mm):<\/td>\n<td valign=\"middle\">\u00d850xH56mm<\/td>\n<\/tr>\n<tr class=\"odd\">\n<td valign=\"middle\" width=\"32\"><\/td>\n<td valign=\"middle\">Arbeitsfrequenz (Hz):<\/td>\n<td valign=\"middle\">50\/60Hz<\/td>\n<\/tr>\n<tr class=\"even\">\n<td valign=\"middle\" width=\"32\"><\/td>\n<td valign=\"middle\">Temperaturbereich (\u00baC):<\/td>\n<td valign=\"middle\">-20\u00b0C ~ +55\u00b0C<\/td>\n<\/tr>\n<tr class=\"odd\">\n<td valign=\"middle\" width=\"32\"><\/td>\n<td valign=\"middle\">Einschaltzeit (s):<\/td>\n<td valign=\"middle\">0,2s<\/td>\n<\/tr>\n<tr class=\"even\">\n<td valign=\"middle\" width=\"32\"><\/td>\n<td valign=\"middle\">Kontrollmodi:<\/td>\n<td valign=\"middle\">FERNSTEUERUNG + WIFI<\/td>\n<\/tr>\n<tr class=\"odd\">\n<td valign=\"middle\" width=\"32\"><\/td>\n<td valign=\"middle\">Energieklasse (2021-EU-2019\/2015):<\/td>\n<td valign=\"middle\">A+<\/td>\n<\/tr>\n<tr class=\"even\">\n<td valign=\"middle\" width=\"32\"><\/td>\n<td valign=\"middle\">Gew\u00e4hrleistungsjahre:<\/td>\n<td valign=\"middle\">2<\/td>\n<\/tr>\n<\/tbody>\n<\/table>\n<\/div><\/p>","protected":false},"excerpt":{"rendered":"<div class=\"col-md-12\">&nbsp;<span class=\"text-muted textprop\">Lieferung innerhalb von 24\/48 Stunden<\/span><div class=\"col-md-12\"><i class=\"fa fa-exchange\"><\/i>&nbsp;<span class=\"text-muted textprop\">Versicherte Garantie<\/span><\/div><div class=\"col-md-12\"><i class=\"fa fa-box\"><\/i>&nbsp;<span class=\"text-muted textprop\">200 Einheit(en) pro Masterbox<\/span><\/div><div class=\"col-md-12\"><\/div><\/div>","protected":false},"featured_media":1925,"template":"","meta":{"site-sidebar-layout":"default","site-content-layout":"default","ast-global-header-display":"","ast-main-header-display":"","ast-hfb-above-header-display":"","ast-hfb-below-header-display":"","ast-hfb-mobile-header-display":"","site-post-title":"","ast-breadcrumbs-content":"","ast-featured-img":"","footer-sml-layout":"","theme-transparent-header-meta":"default","adv-header-id-meta":"","stick-header-meta":"","header-above-stick-meta":"","header-main-stick-meta":"","header-below-stick-meta":""},"product_cat":[48,23,39],"product_tag":[],"class_list":["post-1924","product","type-product","status-publish","has-post-thumbnail","hentry","product_cat-bombillas-led-gu10-mr16-g4","product_cat-bombillas-y-lamparas-led","product_cat-smart-led-domotica"],"yoast_head":"<!-- This site is optimized with the Yoast SEO plugin v27.4 - https:\/\/yoast.com\/product\/yoast-seo-wordpress\/ -->\n<title>Dicroica LED 5W GU10 RGB+CCT + SMART Wifi + Control Remoto + Regulable - STARLED Iluminacion<\/title>\n<meta name=\"robots\" content=\"index, follow, max-snippet:-1, max-image-preview:large, max-video-preview:-1\" \/>\n<link rel=\"canonical\" href=\"https:\/\/starlediluminacion.com\/de\/product\/dicroica-led-5w-gu10-rgbcct-smart-wifi-control-remote-controlado-ajustavel\/\" \/>\n<meta property=\"og:locale\" content=\"de_DE\" \/>\n<meta property=\"og:type\" content=\"article\" \/>\n<meta property=\"og:title\" content=\"Dicroica LED 5W GU10 RGB+CCT + SMART Wifi + Control Remoto + Regulable - STARLED Iluminacion\" \/>\n<meta property=\"og:description\" content=\"\u00a0Entrega en 24\/48 horas \u00a0Garant\u00eda asegurada \u00a0200 unidad(es) por Masterbox\" \/>\n<meta property=\"og:url\" content=\"https:\/\/starlediluminacion.com\/de\/product\/dicroica-led-5w-gu10-rgbcct-smart-wifi-control-remote-controlado-ajustavel\/\" \/>\n<meta property=\"og:site_name\" content=\"STARLED Iluminacion\" \/>\n<meta property=\"article:modified_time\" content=\"2022-08-27T16:05:33+00:00\" \/>\n<meta property=\"og:image\" content=\"https:\/\/starlediluminacion.com\/wp-content\/uploads\/2022\/08\/dicroica-led-5w-gu10-rgbcct-smart-wifi-control-remoto-regulable-factorled-1.jpg\" \/>\n\t<meta property=\"og:image:width\" content=\"1000\" \/>\n\t<meta property=\"og:image:height\" content=\"1000\" \/>\n\t<meta property=\"og:image:type\" content=\"image\/jpeg\" \/>\n<meta name=\"twitter:card\" content=\"summary_large_image\" \/>\n<meta name=\"twitter:label1\" content=\"Gesch\u00e4tzte Lesezeit\" \/>\n\t<meta name=\"twitter:data1\" content=\"2\u00a0Minuten\" \/>\n<script type=\"application\/ld+json\" class=\"yoast-schema-graph\">{\"@context\":\"https:\\\/\\\/schema.org\",\"@graph\":[{\"@type\":\"WebPage\",\"@id\":\"https:\\\/\\\/starlediluminacion.com\\\/pt\\\/product\\\/dicroica-led-5w-gu10-rgbcct-smart-wifi-control-remote-controlado-ajustavel\\\/\",\"url\":\"https:\\\/\\\/starlediluminacion.com\\\/pt\\\/product\\\/dicroica-led-5w-gu10-rgbcct-smart-wifi-control-remote-controlado-ajustavel\\\/\",\"name\":\"Dicroica LED 5W GU10 RGB+CCT + SMART Wifi + Control Remoto + Regulable - STARLED Iluminacion\",\"isPartOf\":{\"@id\":\"https:\\\/\\\/starlediluminacion.com\\\/#website\"},\"primaryImageOfPage\":{\"@id\":\"https:\\\/\\\/starlediluminacion.com\\\/pt\\\/product\\\/dicroica-led-5w-gu10-rgbcct-smart-wifi-control-remote-controlado-ajustavel\\\/#primaryimage\"},\"image\":{\"@id\":\"https:\\\/\\\/starlediluminacion.com\\\/pt\\\/product\\\/dicroica-led-5w-gu10-rgbcct-smart-wifi-control-remote-controlado-ajustavel\\\/#primaryimage\"},\"thumbnailUrl\":\"https:\\\/\\\/starlediluminacion.com\\\/wp-content\\\/uploads\\\/2022\\\/08\\\/dicroica-led-5w-gu10-rgbcct-smart-wifi-control-remoto-regulable-factorled-1.jpg\",\"datePublished\":\"2022-08-01T21:11:51+00:00\",\"dateModified\":\"2022-08-27T16:05:33+00:00\",\"breadcrumb\":{\"@id\":\"https:\\\/\\\/starlediluminacion.com\\\/pt\\\/product\\\/dicroica-led-5w-gu10-rgbcct-smart-wifi-control-remote-controlado-ajustavel\\\/#breadcrumb\"},\"inLanguage\":\"de\",\"potentialAction\":[{\"@type\":\"ReadAction\",\"target\":[\"https:\\\/\\\/starlediluminacion.com\\\/pt\\\/product\\\/dicroica-led-5w-gu10-rgbcct-smart-wifi-control-remote-controlado-ajustavel\\\/\"]}]},{\"@type\":\"ImageObject\",\"inLanguage\":\"de\",\"@id\":\"https:\\\/\\\/starlediluminacion.com\\\/pt\\\/product\\\/dicroica-led-5w-gu10-rgbcct-smart-wifi-control-remote-controlado-ajustavel\\\/#primaryimage\",\"url\":\"https:\\\/\\\/starlediluminacion.com\\\/wp-content\\\/uploads\\\/2022\\\/08\\\/dicroica-led-5w-gu10-rgbcct-smart-wifi-control-remoto-regulable-factorled-1.jpg\",\"contentUrl\":\"https:\\\/\\\/starlediluminacion.com\\\/wp-content\\\/uploads\\\/2022\\\/08\\\/dicroica-led-5w-gu10-rgbcct-smart-wifi-control-remoto-regulable-factorled-1.jpg\",\"width\":1000,\"height\":1000},{\"@type\":\"BreadcrumbList\",\"@id\":\"https:\\\/\\\/starlediluminacion.com\\\/pt\\\/product\\\/dicroica-led-5w-gu10-rgbcct-smart-wifi-control-remote-controlado-ajustavel\\\/#breadcrumb\",\"itemListElement\":[{\"@type\":\"ListItem\",\"position\":1,\"name\":\"Portada\",\"item\":\"https:\\\/\\\/starlediluminacion.com\\\/\"},{\"@type\":\"ListItem\",\"position\":2,\"name\":\"Shop\",\"item\":\"https:\\\/\\\/starlediluminacion.com\\\/shop-2\\\/\"},{\"@type\":\"ListItem\",\"position\":3,\"name\":\"Dicroica LED 5W GU10 RGB+CCT + SMART Wifi + Control Remoto + Regulable\"}]},{\"@type\":\"WebSite\",\"@id\":\"https:\\\/\\\/starlediluminacion.com\\\/#website\",\"url\":\"https:\\\/\\\/starlediluminacion.com\\\/\",\"name\":\"STARLED Iluminacion\",\"description\":\"\",\"potentialAction\":[{\"@type\":\"SearchAction\",\"target\":{\"@type\":\"EntryPoint\",\"urlTemplate\":\"https:\\\/\\\/starlediluminacion.com\\\/?s={search_term_string}\"},\"query-input\":{\"@type\":\"PropertyValueSpecification\",\"valueRequired\":true,\"valueName\":\"search_term_string\"}}],\"inLanguage\":\"de\"}]}<\/script>\n<!-- \/ Yoast SEO plugin. -->","yoast_head_json":{"title":"Dicroica LED 5W GU10 RGB+CCT + SMART Wifi + Control Remoto + Regulable - STARLED Iluminacion","robots":{"index":"index","follow":"follow","max-snippet":"max-snippet:-1","max-image-preview":"max-image-preview:large","max-video-preview":"max-video-preview:-1"},"canonical":"https:\/\/starlediluminacion.com\/de\/product\/dicroica-led-5w-gu10-rgbcct-smart-wifi-control-remote-controlado-ajustavel\/","og_locale":"de_DE","og_type":"article","og_title":"Dicroica LED 5W GU10 RGB+CCT + SMART Wifi + Control Remoto + Regulable - STARLED Iluminacion","og_description":"\u00a0Entrega en 24\/48 horas \u00a0Garant\u00eda asegurada \u00a0200 unidad(es) por Masterbox","og_url":"https:\/\/starlediluminacion.com\/de\/product\/dicroica-led-5w-gu10-rgbcct-smart-wifi-control-remote-controlado-ajustavel\/","og_site_name":"STARLED Iluminacion","article_modified_time":"2022-08-27T16:05:33+00:00","og_image":[{"width":1000,"height":1000,"url":"https:\/\/starlediluminacion.com\/wp-content\/uploads\/2022\/08\/dicroica-led-5w-gu10-rgbcct-smart-wifi-control-remoto-regulable-factorled-1.jpg","type":"image\/jpeg"}],"twitter_card":"summary_large_image","twitter_misc":{"Gesch\u00e4tzte Lesezeit":"2\u00a0Minuten"},"schema":{"@context":"https:\/\/schema.org","@graph":[{"@type":"WebPage","@id":"https:\/\/starlediluminacion.com\/pt\/product\/dicroica-led-5w-gu10-rgbcct-smart-wifi-control-remote-controlado-ajustavel\/","url":"https:\/\/starlediluminacion.com\/pt\/product\/dicroica-led-5w-gu10-rgbcct-smart-wifi-control-remote-controlado-ajustavel\/","name":"Dicroica LED 5W GU10 RGB+CCT + SMART Wifi + Control Remoto + Regulable - STARLED Iluminacion","isPartOf":{"@id":"https:\/\/starlediluminacion.com\/#website"},"primaryImageOfPage":{"@id":"https:\/\/starlediluminacion.com\/pt\/product\/dicroica-led-5w-gu10-rgbcct-smart-wifi-control-remote-controlado-ajustavel\/#primaryimage"},"image":{"@id":"https:\/\/starlediluminacion.com\/pt\/product\/dicroica-led-5w-gu10-rgbcct-smart-wifi-control-remote-controlado-ajustavel\/#primaryimage"},"thumbnailUrl":"https:\/\/starlediluminacion.com\/wp-content\/uploads\/2022\/08\/dicroica-led-5w-gu10-rgbcct-smart-wifi-control-remoto-regulable-factorled-1.jpg","datePublished":"2022-08-01T21:11:51+00:00","dateModified":"2022-08-27T16:05:33+00:00","breadcrumb":{"@id":"https:\/\/starlediluminacion.com\/pt\/product\/dicroica-led-5w-gu10-rgbcct-smart-wifi-control-remote-controlado-ajustavel\/#breadcrumb"},"inLanguage":"de","potentialAction":[{"@type":"ReadAction","target":["https:\/\/starlediluminacion.com\/pt\/product\/dicroica-led-5w-gu10-rgbcct-smart-wifi-control-remote-controlado-ajustavel\/"]}]},{"@type":"ImageObject","inLanguage":"de","@id":"https:\/\/starlediluminacion.com\/pt\/product\/dicroica-led-5w-gu10-rgbcct-smart-wifi-control-remote-controlado-ajustavel\/#primaryimage","url":"https:\/\/starlediluminacion.com\/wp-content\/uploads\/2022\/08\/dicroica-led-5w-gu10-rgbcct-smart-wifi-control-remoto-regulable-factorled-1.jpg","contentUrl":"https:\/\/starlediluminacion.com\/wp-content\/uploads\/2022\/08\/dicroica-led-5w-gu10-rgbcct-smart-wifi-control-remoto-regulable-factorled-1.jpg","width":1000,"height":1000},{"@type":"BreadcrumbList","@id":"https:\/\/starlediluminacion.com\/pt\/product\/dicroica-led-5w-gu10-rgbcct-smart-wifi-control-remote-controlado-ajustavel\/#breadcrumb","itemListElement":[{"@type":"ListItem","position":1,"name":"Portada","item":"https:\/\/starlediluminacion.com\/"},{"@type":"ListItem","position":2,"name":"Shop","item":"https:\/\/starlediluminacion.com\/shop-2\/"},{"@type":"ListItem","position":3,"name":"Dicroica LED 5W GU10 RGB+CCT + SMART Wifi + Control Remoto + Regulable"}]},{"@type":"WebSite","@id":"https:\/\/starlediluminacion.com\/#website","url":"https:\/\/starlediluminacion.com\/","name":"STARLED Iluminacion","description":"","potentialAction":[{"@type":"SearchAction","target":{"@type":"EntryPoint","urlTemplate":"https:\/\/starlediluminacion.com\/?s={search_term_string}"},"query-input":{"@type":"PropertyValueSpecification","valueRequired":true,"valueName":"search_term_string"}}],"inLanguage":"de"}]}},"_links":{"self":[{"href":"https:\/\/starlediluminacion.com\/de\/wp-json\/wp\/v3\/product\/1924","targetHints":{"allow":["GET"]}}],"collection":[{"href":"https:\/\/starlediluminacion.com\/de\/wp-json\/wp\/v3\/product"}],"about":[{"href":"https:\/\/starlediluminacion.com\/de\/wp-json\/wp\/v2\/types\/product"}],"wp:featuredmedia":[{"embeddable":true,"href":"https:\/\/starlediluminacion.com\/de\/wp-json\/wp\/v2\/media\/1925"}],"wp:attachment":[{"href":"https:\/\/starlediluminacion.com\/de\/wp-json\/wp\/v2\/media?parent=1924"}],"wp:term":[{"taxonomy":"product_cat","embeddable":true,"href":"https:\/\/starlediluminacion.com\/de\/wp-json\/wp\/v2\/product_cat?post=1924"},{"taxonomy":"product_tag","embeddable":true,"href":"https:\/\/starlediluminacion.com\/de\/wp-json\/wp\/v2\/product_tag?post=1924"}],"curies":[{"name":"wp","href":"https:\/\/api.w.org\/{rel}","templated":true}]}}