{"id":1901,"date":"2022-08-01T20:43:00","date_gmt":"2022-08-01T20:43:00","guid":{"rendered":"https:\/\/starlediluminacion.com\/?post_type=product&#038;p=1901"},"modified":"2022-08-27T15:57:38","modified_gmt":"2022-08-27T15:57:38","slug":"bombilla-led-vela-6w-e14-c37-180o-osram-chip-duris-e-2835","status":"publish","type":"product","link":"https:\/\/starlediluminacion.com\/de\/product\/bombilla-led-vela-6w-e14-c37-180o-osram-chip-duris-e-2835\/","title":{"rendered":"<p>Bombilla LED Vela 6W E14 C37 180&ordm; &ndash; OSRAM CHIP DURIS E 2835<\/p>"},"content":{"rendered":"<p><label>REFERENZ:<span style=\"font-size: 16px;\"> SL<\/span><span class=\"editable\" style=\"font-size: 16px;\">B7500OSR<\/span><\/label><p>Neue Generation von&nbsp;<strong>LED-Kerzengl\u00fchbirnen 6W<\/strong>&nbsp;<strong>E14<\/strong>&nbsp;mit SMD 2835 Diode mit&nbsp;<strong>Chip<\/strong><strong>&nbsp;OSRAM<\/strong><strong>&nbsp;150Lm\/W&nbsp;<\/strong>von<strong>&nbsp;Hohe Leuchtkraft<\/strong>&nbsp;und mit&nbsp;<strong>Treiber<\/strong><strong>&nbsp;ohne Flick<\/strong>. Die&nbsp;<strong>Lampe<\/strong>&nbsp;hat eine 3-Jahres-Garantie. Sparen Sie bis zu 80% ersetzen traditionelle Halogene, bietet einen gro\u00dfen Lichtstrahl mit seinem&nbsp;<strong>180\u00ba \u00d6ffnung<\/strong>&nbsp;und hohe Qualit\u00e4t.<\/p><h1>Bombilla LED Vela 6W E14 C37 180&ordm; &ndash; OSRAM CHIP DURIS E 2835<\/h1><p>Unser&nbsp;<strong>Bombilla vela LED E14 de 6W<\/strong>&nbsp;Die Energieeinsparungen von bis zu 80% machen ihn zu einem sehr umweltfreundlichen Produkt, das eine sofortige Inbetriebnahme und eine lange Lebensdauer bietet.<\/p><p>Su diodos SMD 2835<strong>&nbsp;High Lumens OSRAM Chip<\/strong>&nbsp;Die Lichtleistung entspricht der Helligkeit einer herk\u00f6mmlichen Gl\u00fchbirne von etwa 50 W. Dies f\u00fchrt zu einer Energieeinsparung von 80%. Das belichtete Licht wird \u00fcber einen&nbsp;<strong>Winkel&nbsp;<\/strong>von&nbsp;<strong>180\u00ba<\/strong>&nbsp;und hat einen Farbwiedergabeindex von +80, was f\u00fcr die Qualit\u00e4t des Lichts spricht, das von unserem&nbsp;<strong>l&aacute;mpara&nbsp;LED E14 C37 de 6W<\/strong>.<\/p><p>Neben der Energieeffizienz zeichnet sich diese Art von Beleuchtung durch ihre lange Lebensdauer aus, die auf 25.000 Stunden gesch\u00e4tzt wird. Dies ist auf die Qualit\u00e4t der verwendeten Materialien wie Aluminium und Polycarbonat zur\u00fcckzuf\u00fchren.<\/p><p>Frischen Sie die Beleuchtung in jedem Raum auf mit dem&nbsp;<strong>LED-Gl\u00fchbirne E14 C37 6W<\/strong>&nbsp;aus unserem Online-Lichtshop.<\/p><p>&nbsp;<\/p><h2>Usos de la&nbsp;Bombilla LED Vela 6W E14 C37 180&ordm; &ndash; OSRAM CHIP DURIS E 2835<\/h2><ul>\n<li>Fotogesch\u00e4fte<\/li>\n<li>Fotokabinen<\/li>\n<li>Haus<\/li>\n<li>Design-Galerien<\/li>\n<li>Schreibtischlampen, Tischlampen, Pendelleuchten oder Stehlampen<\/li>\n<\/ul><h3 class=\"page-product-heading\">TECHNISCHE DATEN<\/h3><div class=\"col-xs-12 col-md-6\">\n<table class=\"table table-data-sheet 1\">\n<tbody>\n<tr class=\"odd\">\n<td valign=\"middle\" width=\"32\"><\/td>\n<td valign=\"middle\">REFERENZEN :<\/td>\n<td valign=\"middle\">SLB7500OSR<\/td>\n<\/tr>\n<tr class=\"even\">\n<td valign=\"middle\" width=\"32\"><\/td>\n<td valign=\"middle\">Nennleistung :<\/td>\n<td valign=\"middle\">6W<\/td>\n<\/tr>\n<tr class=\"odd\">\n<td valign=\"middle\" width=\"32\"><\/td>\n<td valign=\"middle\">Nennspannung:<\/td>\n<td valign=\"middle\">220-240V<\/td>\n<\/tr>\n<tr class=\"even\">\n<td valign=\"middle\" width=\"32\"><\/td>\n<td valign=\"middle\">Lichttemperatur:<\/td>\n<td valign=\"middle\">3000K - 4000K - 6000K<\/td>\n<\/tr>\n<tr class=\"odd\">\n<td valign=\"middle\" width=\"32\"><\/td>\n<td valign=\"middle\">CRI - Farbwiedergabeindex:<\/td>\n<td valign=\"middle\">80<\/td>\n<\/tr>\n<tr class=\"even\">\n<td valign=\"middle\" width=\"32\"><\/td>\n<td valign=\"middle\">Baumaterial:<\/td>\n<td valign=\"middle\">Aluminium +PC<\/td>\n<\/tr>\n<tr class=\"odd\">\n<td valign=\"middle\" width=\"32\"><\/td>\n<td valign=\"middle\">Leuchtkraft-Lm:<\/td>\n<td valign=\"middle\">500<\/td>\n<\/tr>\n<tr class=\"even\">\n<td valign=\"middle\" width=\"32\"><\/td>\n<td valign=\"middle\">Art der LEDs:<\/td>\n<td valign=\"middle\">SMD 2835 OSRAM CHIP<\/td>\n<\/tr>\n<tr class=\"odd\">\n<td valign=\"middle\" width=\"32\"><\/td>\n<td valign=\"middle\">\u00d6ffnungswinkel (\u00ba):<\/td>\n<td valign=\"middle\">180\u00ba<\/td>\n<\/tr>\n<tr class=\"even\">\n<td valign=\"middle\" width=\"32\"><\/td>\n<td valign=\"middle\">Effizienz der LED-Diode (Lm\/W):<\/td>\n<td valign=\"middle\">150Lm\/W<\/td>\n<\/tr>\n<tr class=\"odd\">\n<td valign=\"middle\" width=\"32\"><\/td>\n<td valign=\"middle\">Lichtausbeute (Lm\/W):<\/td>\n<td valign=\"middle\">100 Lm\/W<\/td>\n<\/tr>\n<\/tbody>\n<\/table>\n<\/div><div class=\"col-xs-12 col-md-6 2\">\n<table class=\"table table-data-sheet 2\">\n<tbody>\n<tr class=\"odd\">\n<td valign=\"middle\" width=\"32\"><\/td>\n<td valign=\"middle\">Buchse:<\/td>\n<td valign=\"middle\">E14<\/td>\n<\/tr>\n<tr class=\"even\">\n<td valign=\"middle\" width=\"32\"><\/td>\n<td valign=\"middle\">Bescheinigungen:<\/td>\n<td valign=\"middle\">CE - ROHS<\/td>\n<\/tr>\n<tr class=\"odd\">\n<td valign=\"middle\" width=\"32\"><\/td>\n<td valign=\"middle\">IP-Bewertung:<\/td>\n<td valign=\"middle\">IP20<\/td>\n<\/tr>\n<tr class=\"even\">\n<td valign=\"middle\" width=\"32\"><\/td>\n<td valign=\"middle\">Gesch\u00e4tzte Lebensdauer der LED-Diode (H):<\/td>\n<td valign=\"middle\">25.000<\/td>\n<\/tr>\n<tr class=\"odd\">\n<td valign=\"middle\" width=\"32\"><\/td>\n<td valign=\"middle\">Abmessungen (mm):<\/td>\n<td valign=\"middle\">?37*H110mm<\/td>\n<\/tr>\n<tr class=\"even\">\n<td valign=\"middle\" width=\"32\"><\/td>\n<td valign=\"middle\">Arbeitsfrequenz (Hz):<\/td>\n<td valign=\"middle\">50\/60Hz<\/td>\n<\/tr>\n<tr class=\"odd\">\n<td valign=\"middle\" width=\"32\"><\/td>\n<td valign=\"middle\">Temperaturbereich (\u00baC):<\/td>\n<td valign=\"middle\">-10\u00ba + 45\u00ba -10\u00ba + 45\u00ba -10\u00ba + 45\u00ba -10\u00ba + 45\u00ba -10\u00ba + 45\u00ba -10\u00ba + 45\u00ba<\/td>\n<\/tr>\n<tr class=\"even\">\n<td valign=\"middle\" width=\"32\"><\/td>\n<td valign=\"middle\">Z\u00fcndungszyklen:<\/td>\n<td valign=\"middle\">100.000<\/td>\n<\/tr>\n<tr class=\"odd\">\n<td valign=\"middle\" width=\"32\"><\/td>\n<td valign=\"middle\">Einschaltzeit (s):<\/td>\n<td valign=\"middle\">0,2s<\/td>\n<\/tr>\n<tr class=\"even\">\n<td valign=\"middle\" width=\"32\"><\/td>\n<td valign=\"middle\">Energieklasse (2021-EU-2019\/2015):<\/td>\n<td valign=\"middle\">A+<\/td>\n<\/tr>\n<tr class=\"odd\">\n<td valign=\"middle\" width=\"32\"><\/td>\n<td valign=\"middle\">Gew\u00e4hrleistungsjahre:<\/td>\n<td valign=\"middle\">3<\/td>\n<\/tr>\n<\/tbody>\n<\/table>\n<\/div><\/p>","protected":false},"excerpt":{"rendered":"<div class=\"col-md-12\"><i class=\"fa fa-truck\"><\/i>&nbsp;<span class=\"text-muted textprop\">Lieferung innerhalb von 24\/48 Stunden<\/span><div class=\"col-md-12\"><i class=\"fa fa-exchange\"><\/i>&nbsp;<span class=\"text-muted textprop\">Versicherte Garantie<\/span><\/div><div class=\"col-md-12\"><i class=\"fa fa-box\"><\/i>&nbsp;<span class=\"text-muted textprop\">100 Einheit(en) pro Masterbox<\/span><\/div><div><strong>FARBTEMPERATUR: 3000K\/4000K\/6000K<\/strong><\/div><\/div>","protected":false},"featured_media":1903,"template":"","meta":{"site-sidebar-layout":"default","site-content-layout":"default","ast-global-header-display":"","ast-main-header-display":"","ast-hfb-above-header-display":"","ast-hfb-below-header-display":"","ast-hfb-mobile-header-display":"","site-post-title":"","ast-breadcrumbs-content":"","ast-featured-img":"","footer-sml-layout":"","theme-transparent-header-meta":"default","adv-header-id-meta":"","stick-header-meta":"","header-above-stick-meta":"","header-main-stick-meta":"","header-below-stick-meta":""},"product_cat":[47,23],"product_tag":[],"class_list":["post-1901","product","type-product","status-publish","has-post-thumbnail","hentry","product_cat-bombillas-led-e14","product_cat-bombillas-y-lamparas-led"],"yoast_head":"<!-- This site is optimized with the Yoast SEO plugin v27.4 - https:\/\/yoast.com\/product\/yoast-seo-wordpress\/ -->\n<title>Bombilla LED Vela 6W E14 C37 180\u00ba - OSRAM CHIP DURIS E 2835 - STARLED Iluminacion<\/title>\n<meta name=\"robots\" content=\"index, follow, max-snippet:-1, max-image-preview:large, max-video-preview:-1\" \/>\n<link rel=\"canonical\" href=\"https:\/\/starlediluminacion.com\/de\/product\/bombilla-led-vela-6w-e14-c37-180o-osram-chip-duris-e-2835\/\" \/>\n<meta property=\"og:locale\" content=\"de_DE\" \/>\n<meta property=\"og:type\" content=\"article\" \/>\n<meta property=\"og:title\" content=\"Bombilla LED Vela 6W E14 C37 180\u00ba - OSRAM CHIP DURIS E 2835 - STARLED Iluminacion\" \/>\n<meta property=\"og:description\" content=\"\u00a0Entrega en 24\/48 horas \u00a0Garant\u00eda asegurada \u00a0100 unidad(es) por Masterbox TEMPERATURA DE COLOR: 3000K\/4000K\/6000K\" \/>\n<meta property=\"og:url\" content=\"https:\/\/starlediluminacion.com\/de\/product\/bombilla-led-vela-6w-e14-c37-180o-osram-chip-duris-e-2835\/\" \/>\n<meta property=\"og:site_name\" content=\"STARLED Iluminacion\" \/>\n<meta property=\"article:modified_time\" content=\"2022-08-27T15:57:38+00:00\" \/>\n<meta property=\"og:image\" content=\"https:\/\/starlediluminacion.com\/wp-content\/uploads\/2022\/08\/bombilla-led-vela-6w-e14-c37-osram-chip-factorled-2.jpg\" \/>\n\t<meta property=\"og:image:width\" content=\"1000\" \/>\n\t<meta property=\"og:image:height\" content=\"1000\" \/>\n\t<meta property=\"og:image:type\" content=\"image\/jpeg\" \/>\n<meta name=\"twitter:card\" content=\"summary_large_image\" \/>\n<meta name=\"twitter:label1\" content=\"Gesch\u00e4tzte Lesezeit\" \/>\n\t<meta name=\"twitter:data1\" content=\"2\u00a0Minuten\" \/>\n<script type=\"application\/ld+json\" class=\"yoast-schema-graph\">{\"@context\":\"https:\\\/\\\/schema.org\",\"@graph\":[{\"@type\":\"WebPage\",\"@id\":\"https:\\\/\\\/starlediluminacion.com\\\/producto\\\/bombilla-led-vela-6w-e14-c37-180o-osram-chip-duris-e-2835\\\/\",\"url\":\"https:\\\/\\\/starlediluminacion.com\\\/producto\\\/bombilla-led-vela-6w-e14-c37-180o-osram-chip-duris-e-2835\\\/\",\"name\":\"Bombilla LED Vela 6W E14 C37 180\u00ba - OSRAM CHIP DURIS E 2835 - STARLED Iluminacion\",\"isPartOf\":{\"@id\":\"https:\\\/\\\/starlediluminacion.com\\\/#website\"},\"primaryImageOfPage\":{\"@id\":\"https:\\\/\\\/starlediluminacion.com\\\/producto\\\/bombilla-led-vela-6w-e14-c37-180o-osram-chip-duris-e-2835\\\/#primaryimage\"},\"image\":{\"@id\":\"https:\\\/\\\/starlediluminacion.com\\\/producto\\\/bombilla-led-vela-6w-e14-c37-180o-osram-chip-duris-e-2835\\\/#primaryimage\"},\"thumbnailUrl\":\"https:\\\/\\\/starlediluminacion.com\\\/wp-content\\\/uploads\\\/2022\\\/08\\\/bombilla-led-vela-6w-e14-c37-osram-chip-factorled-2.jpg\",\"datePublished\":\"2022-08-01T20:43:00+00:00\",\"dateModified\":\"2022-08-27T15:57:38+00:00\",\"breadcrumb\":{\"@id\":\"https:\\\/\\\/starlediluminacion.com\\\/producto\\\/bombilla-led-vela-6w-e14-c37-180o-osram-chip-duris-e-2835\\\/#breadcrumb\"},\"inLanguage\":\"de\",\"potentialAction\":[{\"@type\":\"ReadAction\",\"target\":[\"https:\\\/\\\/starlediluminacion.com\\\/producto\\\/bombilla-led-vela-6w-e14-c37-180o-osram-chip-duris-e-2835\\\/\"]}]},{\"@type\":\"ImageObject\",\"inLanguage\":\"de\",\"@id\":\"https:\\\/\\\/starlediluminacion.com\\\/producto\\\/bombilla-led-vela-6w-e14-c37-180o-osram-chip-duris-e-2835\\\/#primaryimage\",\"url\":\"https:\\\/\\\/starlediluminacion.com\\\/wp-content\\\/uploads\\\/2022\\\/08\\\/bombilla-led-vela-6w-e14-c37-osram-chip-factorled-2.jpg\",\"contentUrl\":\"https:\\\/\\\/starlediluminacion.com\\\/wp-content\\\/uploads\\\/2022\\\/08\\\/bombilla-led-vela-6w-e14-c37-osram-chip-factorled-2.jpg\",\"width\":1000,\"height\":1000},{\"@type\":\"BreadcrumbList\",\"@id\":\"https:\\\/\\\/starlediluminacion.com\\\/producto\\\/bombilla-led-vela-6w-e14-c37-180o-osram-chip-duris-e-2835\\\/#breadcrumb\",\"itemListElement\":[{\"@type\":\"ListItem\",\"position\":1,\"name\":\"Portada\",\"item\":\"https:\\\/\\\/starlediluminacion.com\\\/\"},{\"@type\":\"ListItem\",\"position\":2,\"name\":\"Shop\",\"item\":\"https:\\\/\\\/starlediluminacion.com\\\/shop-2\\\/\"},{\"@type\":\"ListItem\",\"position\":3,\"name\":\"Bombilla LED Vela 6W E14 C37 180\u00ba &#8211; OSRAM CHIP DURIS E 2835\"}]},{\"@type\":\"WebSite\",\"@id\":\"https:\\\/\\\/starlediluminacion.com\\\/#website\",\"url\":\"https:\\\/\\\/starlediluminacion.com\\\/\",\"name\":\"STARLED Iluminacion\",\"description\":\"\",\"potentialAction\":[{\"@type\":\"SearchAction\",\"target\":{\"@type\":\"EntryPoint\",\"urlTemplate\":\"https:\\\/\\\/starlediluminacion.com\\\/?s={search_term_string}\"},\"query-input\":{\"@type\":\"PropertyValueSpecification\",\"valueRequired\":true,\"valueName\":\"search_term_string\"}}],\"inLanguage\":\"de\"}]}<\/script>\n<!-- \/ Yoast SEO plugin. -->","yoast_head_json":{"title":"Bombilla LED Vela 6W E14 C37 180\u00ba - OSRAM CHIP DURIS E 2835 - STARLED Iluminacion","robots":{"index":"index","follow":"follow","max-snippet":"max-snippet:-1","max-image-preview":"max-image-preview:large","max-video-preview":"max-video-preview:-1"},"canonical":"https:\/\/starlediluminacion.com\/de\/product\/bombilla-led-vela-6w-e14-c37-180o-osram-chip-duris-e-2835\/","og_locale":"de_DE","og_type":"article","og_title":"Bombilla LED Vela 6W E14 C37 180\u00ba - OSRAM CHIP DURIS E 2835 - STARLED Iluminacion","og_description":"\u00a0Entrega en 24\/48 horas \u00a0Garant\u00eda asegurada \u00a0100 unidad(es) por Masterbox TEMPERATURA DE COLOR: 3000K\/4000K\/6000K","og_url":"https:\/\/starlediluminacion.com\/de\/product\/bombilla-led-vela-6w-e14-c37-180o-osram-chip-duris-e-2835\/","og_site_name":"STARLED Iluminacion","article_modified_time":"2022-08-27T15:57:38+00:00","og_image":[{"width":1000,"height":1000,"url":"https:\/\/starlediluminacion.com\/wp-content\/uploads\/2022\/08\/bombilla-led-vela-6w-e14-c37-osram-chip-factorled-2.jpg","type":"image\/jpeg"}],"twitter_card":"summary_large_image","twitter_misc":{"Gesch\u00e4tzte Lesezeit":"2\u00a0Minuten"},"schema":{"@context":"https:\/\/schema.org","@graph":[{"@type":"WebPage","@id":"https:\/\/starlediluminacion.com\/producto\/bombilla-led-vela-6w-e14-c37-180o-osram-chip-duris-e-2835\/","url":"https:\/\/starlediluminacion.com\/producto\/bombilla-led-vela-6w-e14-c37-180o-osram-chip-duris-e-2835\/","name":"Bombilla LED Vela 6W E14 C37 180\u00ba - OSRAM CHIP DURIS E 2835 - STARLED Iluminacion","isPartOf":{"@id":"https:\/\/starlediluminacion.com\/#website"},"primaryImageOfPage":{"@id":"https:\/\/starlediluminacion.com\/producto\/bombilla-led-vela-6w-e14-c37-180o-osram-chip-duris-e-2835\/#primaryimage"},"image":{"@id":"https:\/\/starlediluminacion.com\/producto\/bombilla-led-vela-6w-e14-c37-180o-osram-chip-duris-e-2835\/#primaryimage"},"thumbnailUrl":"https:\/\/starlediluminacion.com\/wp-content\/uploads\/2022\/08\/bombilla-led-vela-6w-e14-c37-osram-chip-factorled-2.jpg","datePublished":"2022-08-01T20:43:00+00:00","dateModified":"2022-08-27T15:57:38+00:00","breadcrumb":{"@id":"https:\/\/starlediluminacion.com\/producto\/bombilla-led-vela-6w-e14-c37-180o-osram-chip-duris-e-2835\/#breadcrumb"},"inLanguage":"de","potentialAction":[{"@type":"ReadAction","target":["https:\/\/starlediluminacion.com\/producto\/bombilla-led-vela-6w-e14-c37-180o-osram-chip-duris-e-2835\/"]}]},{"@type":"ImageObject","inLanguage":"de","@id":"https:\/\/starlediluminacion.com\/producto\/bombilla-led-vela-6w-e14-c37-180o-osram-chip-duris-e-2835\/#primaryimage","url":"https:\/\/starlediluminacion.com\/wp-content\/uploads\/2022\/08\/bombilla-led-vela-6w-e14-c37-osram-chip-factorled-2.jpg","contentUrl":"https:\/\/starlediluminacion.com\/wp-content\/uploads\/2022\/08\/bombilla-led-vela-6w-e14-c37-osram-chip-factorled-2.jpg","width":1000,"height":1000},{"@type":"BreadcrumbList","@id":"https:\/\/starlediluminacion.com\/producto\/bombilla-led-vela-6w-e14-c37-180o-osram-chip-duris-e-2835\/#breadcrumb","itemListElement":[{"@type":"ListItem","position":1,"name":"Portada","item":"https:\/\/starlediluminacion.com\/"},{"@type":"ListItem","position":2,"name":"Shop","item":"https:\/\/starlediluminacion.com\/shop-2\/"},{"@type":"ListItem","position":3,"name":"Bombilla LED Vela 6W E14 C37 180\u00ba &#8211; OSRAM CHIP DURIS E 2835"}]},{"@type":"WebSite","@id":"https:\/\/starlediluminacion.com\/#website","url":"https:\/\/starlediluminacion.com\/","name":"STARLED Iluminacion","description":"","potentialAction":[{"@type":"SearchAction","target":{"@type":"EntryPoint","urlTemplate":"https:\/\/starlediluminacion.com\/?s={search_term_string}"},"query-input":{"@type":"PropertyValueSpecification","valueRequired":true,"valueName":"search_term_string"}}],"inLanguage":"de"}]}},"_links":{"self":[{"href":"https:\/\/starlediluminacion.com\/de\/wp-json\/wp\/v3\/product\/1901","targetHints":{"allow":["GET"]}}],"collection":[{"href":"https:\/\/starlediluminacion.com\/de\/wp-json\/wp\/v3\/product"}],"about":[{"href":"https:\/\/starlediluminacion.com\/de\/wp-json\/wp\/v2\/types\/product"}],"wp:featuredmedia":[{"embeddable":true,"href":"https:\/\/starlediluminacion.com\/de\/wp-json\/wp\/v2\/media\/1903"}],"wp:attachment":[{"href":"https:\/\/starlediluminacion.com\/de\/wp-json\/wp\/v2\/media?parent=1901"}],"wp:term":[{"taxonomy":"product_cat","embeddable":true,"href":"https:\/\/starlediluminacion.com\/de\/wp-json\/wp\/v2\/product_cat?post=1901"},{"taxonomy":"product_tag","embeddable":true,"href":"https:\/\/starlediluminacion.com\/de\/wp-json\/wp\/v2\/product_tag?post=1901"}],"curies":[{"name":"wp","href":"https:\/\/api.w.org\/{rel}","templated":true}]}}