{"id":1871,"date":"2022-08-01T20:11:25","date_gmt":"2022-08-01T20:11:25","guid":{"rendered":"https:\/\/starlediluminacion.com\/?post_type=product&#038;p=1871"},"modified":"2022-08-27T15:47:22","modified_gmt":"2022-08-27T15:47:22","slug":"bombilla-led-filamento-6w-e27-t30l","status":"publish","type":"product","link":"https:\/\/starlediluminacion.com\/de\/product\/bombilla-led-filamento-6w-e27-t30l\/","title":{"rendered":"<p>LED-Gl\u00fchbirne 6W E27 T30L<\/p>"},"content":{"rendered":"<p><label>REFERENZ:<span style=\"font-size: 16px;\"> SL<\/span><span class=\"editable\" style=\"font-size: 16px;\">B4556<\/span><\/label><p>Die&nbsp;<strong>LED-Gl\u00fchbirne<\/strong>&nbsp;<strong>E27<\/strong>&nbsp;Gl\u00fchlampen \u00e4hneln den alten Kohlefaden-Gl\u00fchbirnen. Sie \u00e4hneln den traditionellen Gl\u00fchbirnen, bieten aber alle Vorteile der LED-Technologie.<\/p><p>Sie haben&nbsp;<strong>6W<\/strong>&nbsp;Macht und&nbsp;<strong>2700K<\/strong>&nbsp;Temperatur, ideal f\u00fcr die Schaffung eleganter und gem\u00fctlicher Atmosph\u00e4ren.<\/p><p>Die&nbsp;<strong>LED-Gl\u00fchbirne<\/strong>&nbsp;von&nbsp;<strong>Filamente<\/strong>&nbsp;hat eine klassische \u00c4sthetik mit den Vorteilen einer LED-Lampe.<\/p><p>Sie haben eine l\u00e4ngere Lebensdauer und eine hohe Effizienz. Sie \u00fcbertragen das Licht in alle Richtungen und geben es konstant ab, ohne zu flackern, wodurch sie ideal f\u00fcr die Beleuchtung jedes Raumes sind.<\/p><p>Sie stehen f\u00fcr sich allein und sind ein perfektes Dekorationselement.  Sie sind in der Lage, zu dekorieren und sich von anderen abzuheben. Sie haben&nbsp;<strong>6W<\/strong>&nbsp;und eine Buchse Typ&nbsp;<strong>E27<\/strong>.<\/p><p>Seine Temperatur betr\u00e4gt&nbsp;<strong>2700K<\/strong>So k\u00f6nnen Sie warme und gem\u00fctliche Atmosph\u00e4ren schaffen.<\/p><p>Wir von FactorLED verpflichten uns, die QUALIT\u00c4T unserer Produkte zu gew\u00e4hrleisten und bieten die notwendigen Elemente f\u00fcr den VERTRIEB, den IMPORT oder den GESCH\u00c4FTSVERKEHR, einschlie\u00dflich des technischen Datenblatts f\u00fcr jedes LED-Produkt.<\/p><div id=\"page\">\n<p>&nbsp;<\/p>\n<div class=\"row\">\n<div id=\"center_column\" class=\"center_column col-xs-12 col-md-12 accordionBox\">\n<div class=\"product-information\">\n<div class=\"tab-content\">\n<div id=\"product-features-tab-content\" class=\"product-features-tab-content tab-pane active\">\n<h3 class=\"page-product-heading\">TECHNISCHE DATEN<\/h3>\n<div class=\"col-xs-12 col-md-6\">\n<table class=\"table table-data-sheet 1\">\n<tbody>\n<tr class=\"odd\">\n<td valign=\"middle\" width=\"32\"><\/td>\n<td valign=\"middle\">REFERENZEN :<\/td>\n<td valign=\"middle\">SLB4556<\/td>\n<\/tr>\n<tr class=\"even\">\n<td valign=\"middle\" width=\"32\"><\/td>\n<td valign=\"middle\">Nennleistung :<\/td>\n<td valign=\"middle\">6w<\/td>\n<\/tr>\n<tr class=\"odd\">\n<td valign=\"middle\" width=\"32\"><\/td>\n<td valign=\"middle\">Nennspannung:<\/td>\n<td valign=\"middle\">220-265v<\/td>\n<\/tr>\n<tr class=\"even\">\n<td valign=\"middle\" width=\"32\"><\/td>\n<td valign=\"middle\">Lichttemperatur:<\/td>\n<td valign=\"middle\">2700K<\/td>\n<\/tr>\n<tr class=\"odd\">\n<td valign=\"middle\" width=\"32\"><\/td>\n<td valign=\"middle\">CRI - Farbwiedergabeindex:<\/td>\n<td valign=\"middle\">80<\/td>\n<\/tr>\n<tr class=\"even\">\n<td valign=\"middle\" width=\"32\"><\/td>\n<td valign=\"middle\">Baumaterial:<\/td>\n<td valign=\"middle\">Glas<\/td>\n<\/tr>\n<tr class=\"odd\">\n<td valign=\"middle\" width=\"32\"><\/td>\n<td valign=\"middle\">Leuchtkraft-Lm:<\/td>\n<td valign=\"middle\">600<\/td>\n<\/tr>\n<tr class=\"even\">\n<td valign=\"middle\" width=\"32\"><\/td>\n<td valign=\"middle\">\u00d6ffnungswinkel (\u00ba):<\/td>\n<td valign=\"middle\">360\u00ba<\/td>\n<\/tr>\n<tr class=\"odd\">\n<td valign=\"middle\" width=\"32\"><\/td>\n<td valign=\"middle\">Effizienz der LED-Diode (Lm\/W):<\/td>\n<td valign=\"middle\">100Lm\/W<\/td>\n<\/tr>\n<tr class=\"even\">\n<td valign=\"middle\" width=\"32\"><\/td>\n<td valign=\"middle\">Lichtausbeute (Lm\/W):<\/td>\n<td valign=\"middle\">100Lm\/W<\/td>\n<\/tr>\n<\/tbody>\n<\/table>\n<\/div>\n<div class=\"col-xs-12 col-md-6 2\">\n<table class=\"table table-data-sheet 2\">\n<tbody>\n<tr class=\"odd\">\n<td valign=\"middle\" width=\"32\"><\/td>\n<td valign=\"middle\">Buchse:<\/td>\n<td valign=\"middle\">E27<\/td>\n<\/tr>\n<tr class=\"even\">\n<td valign=\"middle\" width=\"32\"><\/td>\n<td valign=\"middle\">Bescheinigungen:<\/td>\n<td valign=\"middle\">CE - ROHS<\/td>\n<\/tr>\n<tr class=\"odd\">\n<td valign=\"middle\" width=\"32\"><\/td>\n<td valign=\"middle\">IP-Bewertung:<\/td>\n<td valign=\"middle\">IP20<\/td>\n<\/tr>\n<tr class=\"even\">\n<td valign=\"middle\" width=\"32\"><\/td>\n<td valign=\"middle\">Abmessungen (mm):<\/td>\n<td valign=\"middle\">\u00d830\u00d7300 mm<\/td>\n<\/tr>\n<tr class=\"odd\">\n<td valign=\"middle\" width=\"32\"><\/td>\n<td valign=\"middle\">Arbeitsfrequenz (Hz):<\/td>\n<td valign=\"middle\">50\/60Hz<\/td>\n<\/tr>\n<tr class=\"even\">\n<td valign=\"middle\" width=\"32\"><\/td>\n<td valign=\"middle\">Temperaturbereich (\u00baC):<\/td>\n<td valign=\"middle\">-20\u00b0C ~ +55\u00b0C<\/td>\n<\/tr>\n<tr class=\"odd\">\n<td valign=\"middle\" width=\"32\"><\/td>\n<td valign=\"middle\">Z\u00fcndungszyklen:<\/td>\n<td valign=\"middle\">100.000<\/td>\n<\/tr>\n<tr class=\"even\">\n<td valign=\"middle\" width=\"32\"><\/td>\n<td valign=\"middle\">Einschaltzeit (s):<\/td>\n<td valign=\"middle\">0,2s<\/td>\n<\/tr>\n<tr class=\"odd\">\n<td valign=\"middle\" width=\"32\"><\/td>\n<td valign=\"middle\">Energieklasse (2021-EU-2019\/2015):<\/td>\n<td valign=\"middle\">A+<\/td>\n<\/tr>\n<tr class=\"even\">\n<td valign=\"middle\" width=\"32\"><\/td>\n<td valign=\"middle\">Gew\u00e4hrleistungsjahre:<\/td>\n<td valign=\"middle\">2<\/td>\n<\/tr>\n<\/tbody>\n<\/table>\n<\/div>\n<\/div>\n<\/div>\n<\/div>\n<\/div>\n<\/div>\n<p>&nbsp;<\/p>\n<\/div><\/p>","protected":false},"excerpt":{"rendered":"<div class=\"col-md-12\"><i class=\"fa fa-truck\"><\/i>&nbsp;<span class=\"text-muted textprop\">Lieferung innerhalb von 24\/48 Stunden<\/span><div class=\"col-md-12\"><i class=\"fa fa-exchange\"><\/i>&nbsp;<span class=\"text-muted textprop\">Versicherte Garantie<\/span><\/div><div class=\"col-md-12\"><i class=\"fa fa-box\"><\/i>&nbsp;<span class=\"text-muted textprop\">1 Einheit(en) pro Masterbox<\/span><\/div><div><strong>FARBTEMPERATUR: 2700K<\/strong><\/div><\/div>","protected":false},"featured_media":1872,"template":"","meta":{"site-sidebar-layout":"default","site-content-layout":"default","ast-global-header-display":"","ast-main-header-display":"","ast-hfb-above-header-display":"","ast-hfb-below-header-display":"","ast-hfb-mobile-header-display":"","site-post-title":"","ast-breadcrumbs-content":"","ast-featured-img":"","footer-sml-layout":"","theme-transparent-header-meta":"default","adv-header-id-meta":"","stick-header-meta":"","header-above-stick-meta":"","header-main-stick-meta":"","header-below-stick-meta":""},"product_cat":[46,23],"product_tag":[],"class_list":["post-1871","product","type-product","status-publish","has-post-thumbnail","hentry","product_cat-bombillas-led-e27","product_cat-bombillas-y-lamparas-led"],"yoast_head":"<!-- This site is optimized with the Yoast SEO plugin v27.4 - https:\/\/yoast.com\/product\/yoast-seo-wordpress\/ -->\n<title>Bombilla LED Filamento 6W E27 T30L - STARLED Iluminacion<\/title>\n<meta name=\"robots\" content=\"index, follow, max-snippet:-1, max-image-preview:large, max-video-preview:-1\" \/>\n<link rel=\"canonical\" href=\"https:\/\/starlediluminacion.com\/de\/product\/bombilla-led-filamento-6w-e27-t30l\/\" \/>\n<meta property=\"og:locale\" content=\"de_DE\" \/>\n<meta property=\"og:type\" content=\"article\" \/>\n<meta property=\"og:title\" content=\"Bombilla LED Filamento 6W E27 T30L - STARLED Iluminacion\" \/>\n<meta property=\"og:description\" content=\"\u00a0Entrega en 24\/48 horas \u00a0Garant\u00eda asegurada \u00a01 unidad(es) por Masterbox TEMPERATURA DE COLOR: 2700K\" \/>\n<meta property=\"og:url\" content=\"https:\/\/starlediluminacion.com\/de\/product\/bombilla-led-filamento-6w-e27-t30l\/\" \/>\n<meta property=\"og:site_name\" content=\"STARLED Iluminacion\" \/>\n<meta property=\"article:modified_time\" content=\"2022-08-27T15:47:22+00:00\" \/>\n<meta property=\"og:image\" content=\"https:\/\/starlediluminacion.com\/wp-content\/uploads\/2022\/08\/comprar-bombilla-led-filamento-6w-e27-factorled-1.jpg\" \/>\n\t<meta property=\"og:image:width\" content=\"1000\" \/>\n\t<meta property=\"og:image:height\" content=\"1000\" \/>\n\t<meta property=\"og:image:type\" content=\"image\/jpeg\" \/>\n<meta name=\"twitter:card\" content=\"summary_large_image\" \/>\n<meta name=\"twitter:label1\" content=\"Gesch\u00e4tzte Lesezeit\" \/>\n\t<meta name=\"twitter:data1\" content=\"1\u00a0Minute\" \/>\n<script type=\"application\/ld+json\" class=\"yoast-schema-graph\">{\"@context\":\"https:\\\/\\\/schema.org\",\"@graph\":[{\"@type\":\"WebPage\",\"@id\":\"https:\\\/\\\/starlediluminacion.com\\\/producto\\\/bombilla-led-filamento-6w-e27-t30l\\\/\",\"url\":\"https:\\\/\\\/starlediluminacion.com\\\/producto\\\/bombilla-led-filamento-6w-e27-t30l\\\/\",\"name\":\"Bombilla LED Filamento 6W E27 T30L - STARLED Iluminacion\",\"isPartOf\":{\"@id\":\"https:\\\/\\\/starlediluminacion.com\\\/#website\"},\"primaryImageOfPage\":{\"@id\":\"https:\\\/\\\/starlediluminacion.com\\\/producto\\\/bombilla-led-filamento-6w-e27-t30l\\\/#primaryimage\"},\"image\":{\"@id\":\"https:\\\/\\\/starlediluminacion.com\\\/producto\\\/bombilla-led-filamento-6w-e27-t30l\\\/#primaryimage\"},\"thumbnailUrl\":\"https:\\\/\\\/starlediluminacion.com\\\/wp-content\\\/uploads\\\/2022\\\/08\\\/comprar-bombilla-led-filamento-6w-e27-factorled-1.jpg\",\"datePublished\":\"2022-08-01T20:11:25+00:00\",\"dateModified\":\"2022-08-27T15:47:22+00:00\",\"breadcrumb\":{\"@id\":\"https:\\\/\\\/starlediluminacion.com\\\/producto\\\/bombilla-led-filamento-6w-e27-t30l\\\/#breadcrumb\"},\"inLanguage\":\"de\",\"potentialAction\":[{\"@type\":\"ReadAction\",\"target\":[\"https:\\\/\\\/starlediluminacion.com\\\/producto\\\/bombilla-led-filamento-6w-e27-t30l\\\/\"]}]},{\"@type\":\"ImageObject\",\"inLanguage\":\"de\",\"@id\":\"https:\\\/\\\/starlediluminacion.com\\\/producto\\\/bombilla-led-filamento-6w-e27-t30l\\\/#primaryimage\",\"url\":\"https:\\\/\\\/starlediluminacion.com\\\/wp-content\\\/uploads\\\/2022\\\/08\\\/comprar-bombilla-led-filamento-6w-e27-factorled-1.jpg\",\"contentUrl\":\"https:\\\/\\\/starlediluminacion.com\\\/wp-content\\\/uploads\\\/2022\\\/08\\\/comprar-bombilla-led-filamento-6w-e27-factorled-1.jpg\",\"width\":1000,\"height\":1000},{\"@type\":\"BreadcrumbList\",\"@id\":\"https:\\\/\\\/starlediluminacion.com\\\/producto\\\/bombilla-led-filamento-6w-e27-t30l\\\/#breadcrumb\",\"itemListElement\":[{\"@type\":\"ListItem\",\"position\":1,\"name\":\"Portada\",\"item\":\"https:\\\/\\\/starlediluminacion.com\\\/\"},{\"@type\":\"ListItem\",\"position\":2,\"name\":\"Shop\",\"item\":\"https:\\\/\\\/starlediluminacion.com\\\/shop-2\\\/\"},{\"@type\":\"ListItem\",\"position\":3,\"name\":\"Bombilla LED Filamento 6W E27 T30L\"}]},{\"@type\":\"WebSite\",\"@id\":\"https:\\\/\\\/starlediluminacion.com\\\/#website\",\"url\":\"https:\\\/\\\/starlediluminacion.com\\\/\",\"name\":\"STARLED Iluminacion\",\"description\":\"\",\"potentialAction\":[{\"@type\":\"SearchAction\",\"target\":{\"@type\":\"EntryPoint\",\"urlTemplate\":\"https:\\\/\\\/starlediluminacion.com\\\/?s={search_term_string}\"},\"query-input\":{\"@type\":\"PropertyValueSpecification\",\"valueRequired\":true,\"valueName\":\"search_term_string\"}}],\"inLanguage\":\"de\"}]}<\/script>\n<!-- \/ Yoast SEO plugin. -->","yoast_head_json":{"title":"Bombilla LED Filamento 6W E27 T30L - STARLED Iluminacion","robots":{"index":"index","follow":"follow","max-snippet":"max-snippet:-1","max-image-preview":"max-image-preview:large","max-video-preview":"max-video-preview:-1"},"canonical":"https:\/\/starlediluminacion.com\/de\/product\/bombilla-led-filamento-6w-e27-t30l\/","og_locale":"de_DE","og_type":"article","og_title":"Bombilla LED Filamento 6W E27 T30L - STARLED Iluminacion","og_description":"\u00a0Entrega en 24\/48 horas \u00a0Garant\u00eda asegurada \u00a01 unidad(es) por Masterbox TEMPERATURA DE COLOR: 2700K","og_url":"https:\/\/starlediluminacion.com\/de\/product\/bombilla-led-filamento-6w-e27-t30l\/","og_site_name":"STARLED Iluminacion","article_modified_time":"2022-08-27T15:47:22+00:00","og_image":[{"width":1000,"height":1000,"url":"https:\/\/starlediluminacion.com\/wp-content\/uploads\/2022\/08\/comprar-bombilla-led-filamento-6w-e27-factorled-1.jpg","type":"image\/jpeg"}],"twitter_card":"summary_large_image","twitter_misc":{"Gesch\u00e4tzte Lesezeit":"1\u00a0Minute"},"schema":{"@context":"https:\/\/schema.org","@graph":[{"@type":"WebPage","@id":"https:\/\/starlediluminacion.com\/producto\/bombilla-led-filamento-6w-e27-t30l\/","url":"https:\/\/starlediluminacion.com\/producto\/bombilla-led-filamento-6w-e27-t30l\/","name":"Bombilla LED Filamento 6W E27 T30L - STARLED Iluminacion","isPartOf":{"@id":"https:\/\/starlediluminacion.com\/#website"},"primaryImageOfPage":{"@id":"https:\/\/starlediluminacion.com\/producto\/bombilla-led-filamento-6w-e27-t30l\/#primaryimage"},"image":{"@id":"https:\/\/starlediluminacion.com\/producto\/bombilla-led-filamento-6w-e27-t30l\/#primaryimage"},"thumbnailUrl":"https:\/\/starlediluminacion.com\/wp-content\/uploads\/2022\/08\/comprar-bombilla-led-filamento-6w-e27-factorled-1.jpg","datePublished":"2022-08-01T20:11:25+00:00","dateModified":"2022-08-27T15:47:22+00:00","breadcrumb":{"@id":"https:\/\/starlediluminacion.com\/producto\/bombilla-led-filamento-6w-e27-t30l\/#breadcrumb"},"inLanguage":"de","potentialAction":[{"@type":"ReadAction","target":["https:\/\/starlediluminacion.com\/producto\/bombilla-led-filamento-6w-e27-t30l\/"]}]},{"@type":"ImageObject","inLanguage":"de","@id":"https:\/\/starlediluminacion.com\/producto\/bombilla-led-filamento-6w-e27-t30l\/#primaryimage","url":"https:\/\/starlediluminacion.com\/wp-content\/uploads\/2022\/08\/comprar-bombilla-led-filamento-6w-e27-factorled-1.jpg","contentUrl":"https:\/\/starlediluminacion.com\/wp-content\/uploads\/2022\/08\/comprar-bombilla-led-filamento-6w-e27-factorled-1.jpg","width":1000,"height":1000},{"@type":"BreadcrumbList","@id":"https:\/\/starlediluminacion.com\/producto\/bombilla-led-filamento-6w-e27-t30l\/#breadcrumb","itemListElement":[{"@type":"ListItem","position":1,"name":"Portada","item":"https:\/\/starlediluminacion.com\/"},{"@type":"ListItem","position":2,"name":"Shop","item":"https:\/\/starlediluminacion.com\/shop-2\/"},{"@type":"ListItem","position":3,"name":"Bombilla LED Filamento 6W E27 T30L"}]},{"@type":"WebSite","@id":"https:\/\/starlediluminacion.com\/#website","url":"https:\/\/starlediluminacion.com\/","name":"STARLED Iluminacion","description":"","potentialAction":[{"@type":"SearchAction","target":{"@type":"EntryPoint","urlTemplate":"https:\/\/starlediluminacion.com\/?s={search_term_string}"},"query-input":{"@type":"PropertyValueSpecification","valueRequired":true,"valueName":"search_term_string"}}],"inLanguage":"de"}]}},"_links":{"self":[{"href":"https:\/\/starlediluminacion.com\/de\/wp-json\/wp\/v3\/product\/1871","targetHints":{"allow":["GET"]}}],"collection":[{"href":"https:\/\/starlediluminacion.com\/de\/wp-json\/wp\/v3\/product"}],"about":[{"href":"https:\/\/starlediluminacion.com\/de\/wp-json\/wp\/v2\/types\/product"}],"wp:featuredmedia":[{"embeddable":true,"href":"https:\/\/starlediluminacion.com\/de\/wp-json\/wp\/v2\/media\/1872"}],"wp:attachment":[{"href":"https:\/\/starlediluminacion.com\/de\/wp-json\/wp\/v2\/media?parent=1871"}],"wp:term":[{"taxonomy":"product_cat","embeddable":true,"href":"https:\/\/starlediluminacion.com\/de\/wp-json\/wp\/v2\/product_cat?post=1871"},{"taxonomy":"product_tag","embeddable":true,"href":"https:\/\/starlediluminacion.com\/de\/wp-json\/wp\/v2\/product_tag?post=1871"}],"curies":[{"name":"wp","href":"https:\/\/api.w.org\/{rel}","templated":true}]}}