{"id":1758,"date":"2022-08-01T18:24:15","date_gmt":"2022-08-01T18:24:15","guid":{"rendered":"https:\/\/starlediluminacion.com\/?post_type=product&#038;p=1758"},"modified":"2022-08-27T15:40:26","modified_gmt":"2022-08-27T15:40:26","slug":"bombilla-led-12w-e27-a60-180o-osram-chip-duris-e-2835","status":"publish","type":"product","link":"https:\/\/starlediluminacion.com\/de\/product\/bombilla-led-12w-e27-a60-180o-osram-chip-duris-e-2835\/","title":{"rendered":"<p>LED-Lampe 12W E27 A60 180\u00ba - OSRAM CHIP DURIS E 2835<\/p>"},"content":{"rendered":"<p><label>REFERENZ: SL<span style=\"font-size: 16px;\">B7506OSR<\/span><\/label><p>Neue Generation von&nbsp;<strong>LED-Gl\u00fchbirnen 12W<\/strong>&nbsp;<strong>E27<\/strong>&nbsp;mit SMD 2835 Diode mit&nbsp;<strong>Chip<\/strong><strong>&nbsp;OSRAM<\/strong><strong>&nbsp;150Lm\/W&nbsp;<\/strong>von<strong>&nbsp;Hohe Leuchtkraft<\/strong>&nbsp;und mit&nbsp;<strong>Treiber<\/strong><strong>&nbsp;ohne Flick<\/strong>. Die Gl\u00fchbirne hat&nbsp;<strong>3 Jahre Garantie<\/strong>. Einsparungen von bis zu 80% anstelle von traditionellen Halogenlampen, die einen gro\u00dfen Lichtstrahl mit ihren&nbsp;<strong>180\u00ba \u00d6ffnung<\/strong>&nbsp;und hohe Qualit\u00e4t.<\/p><h1>LED-Lampe 12W E27 A60 180\u00ba - OSRAM CHIP DURIS E 2835<\/h1><p>Unser&nbsp;<strong>12W E27 LED-Gl\u00fchbirne<\/strong>&nbsp;Die Energieeinsparungen von bis zu 80% machen ihn zu einem sehr umweltfreundlichen Produkt, das eine sofortige Inbetriebnahme und eine lange Lebensdauer bietet.<\/p><p>Seine SMD 2835 Dioden von<strong>&nbsp;OSRAM Chip mit hoher Leuchtkraft<\/strong>&nbsp;Die Lampen entsprechen der Helligkeit einer herk\u00f6mmlichen Gl\u00fchbirne von etwa 105 W. Dies f\u00fchrt zu einer Energieeinsparung von 80%. Das belichtete Licht wird \u00fcber einen&nbsp;<strong>180\u00ba-Winkel<\/strong>&nbsp;und hat einen Farbwiedergabeindex von +80, was f\u00fcr die Qualit\u00e4t des Lichts spricht, das von unserem&nbsp;<strong>LED-Gl\u00fchbirne E27 A60&nbsp;<\/strong>von<strong>&nbsp;12W.<\/strong><\/p><p>Neben der Energieeffizienz zeichnet sich diese Art der Beleuchtung durch folgende Eigenschaften aus&nbsp;<strong>lange Lebensdauer<\/strong>&nbsp;eine gesch\u00e4tzte Lebensdauer von 25.000 Stunden. Dies ist auf die Qualit\u00e4t der verwendeten Materialien wie Aluminium und Polycarbonat zur\u00fcckzuf\u00fchren.<\/p><p>Frischen Sie die Beleuchtung in jedem Raum auf mit dem&nbsp;<strong>LED-Lampe E27 A60 12W<\/strong>&nbsp;aus unserem Online-Lichtshop.<\/p><p>&nbsp;<\/p><h2>Verwendungsm\u00f6glichkeiten der LED-Gl\u00fchbirne 12W E27 A60 180\u00ba - OSRAM CHIP DURIS E 2835<\/h2><ul>\n<li>Fotogesch\u00e4fte<\/li>\n<li>Fotokabinen<\/li>\n<li>Haus<\/li>\n<li>Design-Galerien<\/li>\n<li>Schreibtischlampen, Tischlampen, Pendelleuchten oder Stehlampen<\/li>\n<\/ul><h3 class=\"page-product-heading\">TECHNISCHE DATEN<\/h3><div class=\"col-xs-12 col-md-6\">\n<table class=\"table table-data-sheet 1\">\n<tbody>\n<tr class=\"odd\">\n<td valign=\"middle\" width=\"32\"><\/td>\n<td valign=\"middle\">REFERENZEN :<\/td>\n<td valign=\"middle\"><label>SL<span style=\"font-size: 16px;\">B7506OSR<\/span><\/label><\/td>\n<\/tr>\n<tr class=\"even\">\n<td valign=\"middle\" width=\"32\"><\/td>\n<td valign=\"middle\">Nennleistung :<\/td>\n<td valign=\"middle\">12w<\/td>\n<\/tr>\n<tr class=\"odd\">\n<td valign=\"middle\" width=\"32\"><\/td>\n<td valign=\"middle\">Nennspannung:<\/td>\n<td valign=\"middle\">220-240V<\/td>\n<\/tr>\n<tr class=\"even\">\n<td valign=\"middle\" width=\"32\"><\/td>\n<td valign=\"middle\">Lichttemperatur:<\/td>\n<td valign=\"middle\">3000K - 4000K - 6000K<\/td>\n<\/tr>\n<tr class=\"odd\">\n<td valign=\"middle\" width=\"32\"><\/td>\n<td valign=\"middle\">CRI - Farbwiedergabeindex:<\/td>\n<td valign=\"middle\">80<\/td>\n<\/tr>\n<tr class=\"even\">\n<td valign=\"middle\" width=\"32\"><\/td>\n<td valign=\"middle\">Baumaterial:<\/td>\n<td valign=\"middle\">Aluminium +PC<\/td>\n<\/tr>\n<tr class=\"odd\">\n<td valign=\"middle\" width=\"32\"><\/td>\n<td valign=\"middle\">Leuchtkraft-Lm:<\/td>\n<td valign=\"middle\">1200<\/td>\n<\/tr>\n<tr class=\"even\">\n<td valign=\"middle\" width=\"32\"><\/td>\n<td valign=\"middle\">Art der LEDs:<\/td>\n<td valign=\"middle\">SMD 2835 OSRAM CHIP<\/td>\n<\/tr>\n<tr class=\"odd\">\n<td valign=\"middle\" width=\"32\"><\/td>\n<td valign=\"middle\">\u00d6ffnungswinkel (\u00ba):<\/td>\n<td valign=\"middle\">180\u00ba<\/td>\n<\/tr>\n<tr class=\"even\">\n<td valign=\"middle\" width=\"32\"><\/td>\n<td valign=\"middle\">Effizienz der LED-Diode (Lm\/W):<\/td>\n<td valign=\"middle\">150Lm\/W<\/td>\n<\/tr>\n<tr class=\"odd\">\n<td valign=\"middle\" width=\"32\"><\/td>\n<td valign=\"middle\">Lichtausbeute (Lm\/W):<\/td>\n<td valign=\"middle\">100 Lm\/W<\/td>\n<\/tr>\n<\/tbody>\n<\/table>\n<\/div><div class=\"col-xs-12 col-md-6 2\">\n<table class=\"table table-data-sheet 2\">\n<tbody>\n<tr class=\"odd\">\n<td valign=\"middle\" width=\"32\"><\/td>\n<td valign=\"middle\">Buchse:<\/td>\n<td valign=\"middle\">E27<\/td>\n<\/tr>\n<tr class=\"even\">\n<td valign=\"middle\" width=\"32\"><\/td>\n<td valign=\"middle\">Bescheinigungen:<\/td>\n<td valign=\"middle\">CE - ROHS<\/td>\n<\/tr>\n<tr class=\"odd\">\n<td valign=\"middle\" width=\"32\"><\/td>\n<td valign=\"middle\">IP-Bewertung:<\/td>\n<td valign=\"middle\">IP20<\/td>\n<\/tr>\n<tr class=\"even\">\n<td valign=\"middle\" width=\"32\"><\/td>\n<td valign=\"middle\">Gesch\u00e4tzte Lebensdauer der LED-Diode (H):<\/td>\n<td valign=\"middle\">25.000<\/td>\n<\/tr>\n<tr class=\"odd\">\n<td valign=\"middle\" width=\"32\"><\/td>\n<td valign=\"middle\">Arbeitsfrequenz (Hz):<\/td>\n<td valign=\"middle\">50\/60Hz<\/td>\n<\/tr>\n<tr class=\"even\">\n<td valign=\"middle\" width=\"32\"><\/td>\n<td valign=\"middle\">Temperaturbereich (\u00baC):<\/td>\n<td valign=\"middle\">-10\u00ba + 45\u00ba -10\u00ba + 45\u00ba -10\u00ba + 45\u00ba -10\u00ba + 45\u00ba -10\u00ba + 45\u00ba -10\u00ba + 45\u00ba<\/td>\n<\/tr>\n<tr class=\"odd\">\n<td valign=\"middle\" width=\"32\"><\/td>\n<td valign=\"middle\">Z\u00fcndungszyklen:<\/td>\n<td valign=\"middle\">100.000<\/td>\n<\/tr>\n<tr class=\"even\">\n<td valign=\"middle\" width=\"32\"><\/td>\n<td valign=\"middle\">Einschaltzeit (s):<\/td>\n<td valign=\"middle\">0,2s<\/td>\n<\/tr>\n<tr class=\"odd\">\n<td valign=\"middle\" width=\"32\"><\/td>\n<td valign=\"middle\">Zus\u00e4tzliche Informationen:<\/td>\n<td valign=\"middle\">Kein Flick<\/td>\n<\/tr>\n<tr class=\"even\">\n<td valign=\"middle\" width=\"32\"><\/td>\n<td valign=\"middle\">Energieklasse (2021-EU-2019\/2015):<\/td>\n<td valign=\"middle\">A+<\/td>\n<\/tr>\n<tr class=\"odd\">\n<td valign=\"middle\" width=\"32\"><\/td>\n<td valign=\"middle\">Gew\u00e4hrleistungsjahre:<\/td>\n<td valign=\"middle\">3<\/td>\n<\/tr>\n<\/tbody>\n<\/table>\n<\/div><\/p>","protected":false},"excerpt":{"rendered":"<div class=\"col-md-12\"><span class=\"text-muted textprop\">Lieferung innerhalb von 24\/48 Stunden<\/span><div class=\"col-md-12\"><i class=\"fa fa-exchange\"><\/i>&nbsp;<span class=\"text-muted textprop\">Versicherte Garantie<\/span><\/div><div class=\"col-md-12\"><i class=\"fa fa-box\"><\/i>&nbsp;<span class=\"text-muted textprop\">100 Einheit(en) pro Masterbox<\/span><\/div><div><strong>FARBTEMPERATUR: 3000K\/4000K\/6000K<\/strong><\/div><\/div>","protected":false},"featured_media":1760,"template":"","meta":{"site-sidebar-layout":"default","site-content-layout":"default","ast-global-header-display":"","ast-main-header-display":"","ast-hfb-above-header-display":"","ast-hfb-below-header-display":"","ast-hfb-mobile-header-display":"","site-post-title":"","ast-breadcrumbs-content":"","ast-featured-img":"","footer-sml-layout":"","theme-transparent-header-meta":"default","adv-header-id-meta":"","stick-header-meta":"","header-above-stick-meta":"","header-main-stick-meta":"","header-below-stick-meta":""},"product_cat":[46,23],"product_tag":[],"class_list":["post-1758","product","type-product","status-publish","has-post-thumbnail","hentry","product_cat-bombillas-led-e27","product_cat-bombillas-y-lamparas-led"],"_links":{"self":[{"href":"https:\/\/starlediluminacion.com\/de\/wp-json\/wp\/v3\/product\/1758","targetHints":{"allow":["GET"]}}],"collection":[{"href":"https:\/\/starlediluminacion.com\/de\/wp-json\/wp\/v3\/product"}],"about":[{"href":"https:\/\/starlediluminacion.com\/de\/wp-json\/wp\/v2\/types\/product"}],"wp:featuredmedia":[{"embeddable":true,"href":"https:\/\/starlediluminacion.com\/de\/wp-json\/wp\/v2\/media\/1760"}],"wp:attachment":[{"href":"https:\/\/starlediluminacion.com\/de\/wp-json\/wp\/v2\/media?parent=1758"}],"wp:term":[{"taxonomy":"product_cat","embeddable":true,"href":"https:\/\/starlediluminacion.com\/de\/wp-json\/wp\/v2\/product_cat?post=1758"},{"taxonomy":"product_tag","embeddable":true,"href":"https:\/\/starlediluminacion.com\/de\/wp-json\/wp\/v2\/product_tag?post=1758"}],"curies":[{"name":"wp","href":"https:\/\/api.w.org\/{rel}","templated":true}]}}