{"id":1587,"date":"2022-07-31T19:03:37","date_gmt":"2022-07-31T19:03:37","guid":{"rendered":"https:\/\/starlediluminacion.com\/?post_type=product&#038;p=1587"},"modified":"2022-08-23T15:31:55","modified_gmt":"2022-08-23T15:31:55","slug":"paneles-led","status":"publish","type":"product","link":"https:\/\/starlediluminacion.com\/de\/product\/led-paneele\/","title":{"rendered":"<p>Runder verstellbarer Ring f\u00fcr LED GU10 MR16 - \u00d885mm - Aluminium<\/p>"},"content":{"rendered":"<div class=\"pb-left-column col-xs-12 col-md-5\">\n<div class=\"hidden-xs parrafo\">\n<p><strong>AKTENZEICHEN: SL90720<\/strong><\/p>\n<p><strong>Reifen<\/strong>&nbsp;<strong>rund - \u00d885mm&nbsp;<\/strong>aus Aluminium mit einer fertigen&nbsp;<strong>wei\u00df<\/strong>elegantes und exklusives Design. Der Ring ist f\u00fcr die Verwendung mit dichroitischen LED-Lampen konzipiert.&nbsp;<strong>GU10<\/strong>&nbsp;o&nbsp;<strong>MR16<\/strong>. Es ist perfekt f\u00fcr eine neue Baustelle oder um die Strahler auszutauschen. Es ist f\u00fcr die Installation in Nassbereichen hergestellt, da es resistent gegen jede Au\u00dfenumgebung ist.<\/p>\n<\/div>\n<div id=\"views_block-1\" class=\"clearfix\">\n<div id=\"thumbs_list\">\n<p>&nbsp;<\/p>\n<\/div>\n<\/div>\n<div class=\"pb-right-column col-xs-12 col-md-7\">\n<div class=\"product-info-line\">\n<h1>Fester Ring f\u00fcr kreisf\u00f6rmige dichroitische Lampe Wei\u00df GU10-MR16 - \u00d885mm - Aluminium<\/h1>\n<p><strong>Versenkter Ring&nbsp;<\/strong>farbig<strong>&nbsp;wei\u00df<\/strong>&nbsp;f\u00fcr&nbsp;<strong>dichroitische LED<\/strong>beide&nbsp;<strong>MR16<\/strong>&nbsp;als&nbsp;<strong>GU10<\/strong>wurde entwickelt, um dank seiner Form eine attraktive und raffinierte Dekoration zu erhalten.&nbsp;<strong>Rundschreiben<\/strong>&nbsp;k\u00f6nnen sehr exklusive Atmosph\u00e4ren geschaffen werden.<\/p>\n<p>Das gesamte Material besteht aus Aluminium mit wei\u00dfer Oberfl\u00e4che, was diesen Reifen zu einem sehr widerstandsf\u00e4higen Produkt macht, das eine lange Lebensdauer aufweist und somit eine ausgezeichnete Wahl f\u00fcr die anspruchsvollsten Kunden darstellt.&nbsp;<strong>Ring aus rostfreiem Stahl<\/strong>.<\/p>\n<p>&nbsp;<\/p>\n<h2>Anwendungen von Fixed Ring f\u00fcr kreisf\u00f6rmige dichroitische Lampe Wei\u00df GU10-MR16 - \u00d885mm - Aluminium<\/h2>\n<ul>\n<li>K\u00fcche<\/li>\n<li>Bad<\/li>\n<li>Veranden<\/li>\n<li>\u00c4mter<\/li>\n<li>Verbraucherm\u00e4rkte<\/li>\n<\/ul>\n<p>Er ist ideal f\u00fcr jeden Veranstaltungsbereich, in dem Sie eine besondere Atmosph\u00e4re schaffen wollen. Dank seines Materials ist er auch f\u00fcr den Au\u00dfenbereich geeignet.<\/p>\n<p>FactorLED garantiert die QUALIT\u00c4TSGARANTIE seiner Produkte und bietet alle notwendigen Elemente f\u00fcr den VERTRIEB, den IMPORT oder den GESCH\u00c4FTSVERKEHR, einschlie\u00dflich des technischen Datenblatts f\u00fcr jedes LED-Produkt.<\/p>\n<p><strong>TECHNISCHE DATEN<\/strong><\/p>\n<\/div>\n<div class=\"col-xs-12 col-md-6\">\n<table class=\"table table-data-sheet 1\">\n<tbody>\n<tr class=\"odd\">\n<td valign=\"middle\" width=\"32\"><\/td>\n<td valign=\"middle\">REFERENZEN :<\/td>\n<td valign=\"middle\">SL90720<\/td>\n<\/tr>\n<tr class=\"even\">\n<td valign=\"middle\" width=\"32\"><\/td>\n<td valign=\"middle\">Baumaterial:<\/td>\n<td valign=\"middle\">Aluminium<\/td>\n<\/tr>\n<tr class=\"odd\">\n<td valign=\"middle\" width=\"32\"><\/td>\n<td valign=\"middle\">Bescheinigungen:<\/td>\n<td valign=\"middle\">EC<\/td>\n<\/tr>\n<\/tbody>\n<\/table>\n<\/div>\n<div class=\"col-xs-12 col-md-6 2\">\n<table class=\"table table-data-sheet 2\">\n<tbody>\n<tr class=\"odd\">\n<td valign=\"middle\" width=\"32\"><\/td>\n<td valign=\"middle\">IP-Bewertung:<\/td>\n<td valign=\"middle\">IP20<\/td>\n<\/tr>\n<tr class=\"even\">\n<td valign=\"middle\" width=\"32\"><\/td>\n<td valign=\"middle\">Abmessungen (mm):<\/td>\n<td valign=\"middle\">\u00d885mm x H40mm<\/td>\n<\/tr>\n<tr class=\"odd\">\n<td valign=\"middle\" width=\"32\"><\/td>\n<td valign=\"middle\">Deckenausschnitt (mm):<\/td>\n<td valign=\"middle\">\u00d877mm<\/td>\n<\/tr>\n<\/tbody>\n<\/table>\n<\/div>\n<div class=\"col-md-6\">\n<div class=\"extra-right\">\n<div class=\"product-oa-features oa-features clearfix\"><\/div>\n<\/div>\n<\/div>\n<\/div><\/div>","protected":false},"excerpt":{"rendered":"<div class=\"col-md-12\">\n<div class=\"col-md-12\"><i class=\"fa fa-truck\"><\/i>&nbsp;<span class=\"text-muted textprop\">Lieferung innerhalb von 24\/48 Stunden<\/span><\/div>\n<div class=\"col-md-12\"><i class=\"fa fa-exchange\"><\/i>&nbsp;<span class=\"text-muted textprop\">15 Tage f\u00fcr R\u00fccksendungen<\/span><\/div>\n<div class=\"col-md-12\"><i class=\"fa fa-box\"><\/i>&nbsp;<span class=\"text-muted textprop\">100 Einheit(en) pro Masterbox<\/span><\/div>\n<\/div>","protected":false},"featured_media":1589,"template":"","meta":{"site-sidebar-layout":"default","site-content-layout":"default","ast-global-header-display":"","ast-main-header-display":"","ast-hfb-above-header-display":"","ast-hfb-below-header-display":"","ast-hfb-mobile-header-display":"","site-post-title":"","ast-breadcrumbs-content":"","ast-featured-img":"","footer-sml-layout":"","theme-transparent-header-meta":"default","adv-header-id-meta":"","stick-header-meta":"","header-above-stick-meta":"","header-main-stick-meta":"","header-below-stick-meta":""},"product_cat":[62,23],"product_tag":[],"class_list":["post-1587","product","type-product","status-publish","has-post-thumbnail","hentry","product_cat-accesorios-lamparas-led","product_cat-bombillas-y-lamparas-led"],"_links":{"self":[{"href":"https:\/\/starlediluminacion.com\/de\/wp-json\/wp\/v3\/product\/1587","targetHints":{"allow":["GET"]}}],"collection":[{"href":"https:\/\/starlediluminacion.com\/de\/wp-json\/wp\/v3\/product"}],"about":[{"href":"https:\/\/starlediluminacion.com\/de\/wp-json\/wp\/v2\/types\/product"}],"wp:featuredmedia":[{"embeddable":true,"href":"https:\/\/starlediluminacion.com\/de\/wp-json\/wp\/v2\/media\/1589"}],"wp:attachment":[{"href":"https:\/\/starlediluminacion.com\/de\/wp-json\/wp\/v2\/media?parent=1587"}],"wp:term":[{"taxonomy":"product_cat","embeddable":true,"href":"https:\/\/starlediluminacion.com\/de\/wp-json\/wp\/v2\/product_cat?post=1587"},{"taxonomy":"product_tag","embeddable":true,"href":"https:\/\/starlediluminacion.com\/de\/wp-json\/wp\/v2\/product_tag?post=1587"}],"curies":[{"name":"wp","href":"https:\/\/api.w.org\/{rel}","templated":true}]}}