{"id":15865,"date":"2025-06-01T09:07:59","date_gmt":"2025-06-01T09:07:59","guid":{"rendered":"https:\/\/starlediluminacion.com\/?post_type=product&#038;p=15865"},"modified":"2025-08-24T16:38:43","modified_gmt":"2025-08-24T16:38:43","slug":"empotrable-led-6w-9w-12w-luxury-bridgelux-chip-ugr11-3cct-cri-92","status":"publish","type":"product","link":"https:\/\/starlediluminacion.com\/de\/product\/empotrable-led-6w-9w-12w-luxury-bridgelux-chip-ugr11-3cct-cri-92\/","title":{"rendered":"<p>LED-Einbauleuchten 6W - 9W - 12W - LUXURY - Bridgelux Chip - UGR11 - 3CCT - CRI +92<\/p>"},"content":{"rendered":"<h1>LED-Downlight 6W - 9W - 12W Luxury White - Bridgelux Chip - UGR11 - 3CCT - CRI +92<p>Entdecken Sie die&nbsp;<strong>hervorragende Beleuchtung<\/strong>&nbsp;mit dem&nbsp;<strong>Downlight LED Luxury Wei\u00df<\/strong>eine vielseitige und effiziente L\u00f6sung, die Folgendes bietet&nbsp;<strong>maximale Leistung und visueller Komfort<\/strong>&nbsp;in jedem Raum. Dank seiner fortschrittlichen Technologie und seiner hochwertigen Funktionen passt sich dieses Downlight an verschiedene Anwendungen an und bietet eine hervorragende Beleuchtungsqualit\u00e4t.<\/p><p>Die&nbsp;<strong>Downlight LED Luxury Wei\u00df<\/strong>&nbsp;ist konzipiert f\u00fcr&nbsp;<strong>Anpassung an die Bed\u00fcrfnisse des jeweiligen Raums<\/strong>. Ihre Auswahl an&nbsp;<strong>einstellbare Leistung<\/strong>&nbsp;optimiert den Energieverbrauch ohne Einbu\u00dfen bei der Helligkeit. Dar\u00fcber hinaus ist die&nbsp;<strong>3CCT-Technologie<\/strong>&nbsp;erleichtert die Auswahl der f\u00fcr die jeweilige Umgebung am besten geeigneten Farbtemperatur.<\/p><p>Dar\u00fcber hinaus ist die&nbsp;<strong>austauschbarer Frontring<\/strong>&nbsp;erm\u00f6glicht es, das Design des Downlights an verschiedene Dekorationsstile anzupassen. Standardm\u00e4\u00dfig ist der wei\u00dfe Ring enthalten, aber durch Auswahl der Option&nbsp;<strong>Vorderseite Schwarz<\/strong>Au\u00dferdem wird ein schwarzer Ring aus&nbsp;<strong>einfache Installation<\/strong>&nbsp;f\u00fcr weitere Anpassungen.<\/p><p>Mit einem&nbsp;<strong>Schneidedurchmesser 75 mm<\/strong>Dieses Downlight passt sich leicht an die meisten Einbauten an. Sein Befestigungssystem erm\u00f6glicht eine einfache Montage.&nbsp;<strong>schnell, sicher und unkompliziert<\/strong>Die Deckenhalterung sorgt f\u00fcr eine feste Fixierung an der Decke.<\/p><h2><strong>Merkmale der&nbsp;<\/strong>LED-Einbauleuchte LUXURY 12W mit w\u00e4hlbarem Licht 3CCT und Bridgelux-Chip<\/h2><ul>\n<li><strong>W\u00e4hlbare Leistung<\/strong>6W - 9W - 12W, so dass die Intensit\u00e4t je nach den Bed\u00fcrfnissen der Umgebung angepasst werden kann.<\/li>\n<li><strong>Bridgelux 130Lm\/W Chip<\/strong>Das neue Beleuchtungssystem garantiert eine leistungsstarke Beleuchtung mit hoher Energieeffizienz.<\/li>\n<li><strong>3CCT (3000K - 4000K - 5700K)<\/strong>&nbsp;je nach gew\u00fcnschtem Ambiente zwischen warmem, neutralem oder k\u00fchlem Licht zu w\u00e4hlen.<\/li>\n<li><strong>24\u00b0 \u00d6ffnungswinkel<\/strong>ideal f\u00fcr die gezielte Ausleuchtung bestimmter Bereiche.<\/li>\n<li><strong>Geringe Blendwirkung (UGR11)<\/strong>&nbsp;f\u00fcr mehr Sehkomfort und weniger Erm\u00fcdung der Augen.<\/li>\n<li><strong>Hohe Farbwiedergabe (CRI+92)<\/strong>&nbsp;f\u00fcr leuchtende und realistische Farben.<\/li>\n<li><strong>Hergestellt aus hochwertigem Aluminium<\/strong>um St\u00e4rke und Haltbarkeit zu gew\u00e4hrleisten.<\/li>\n<li><strong>Auswechselbarer Frontring:<\/strong><\/li>\n<\/ul><p>- Es umfasst standardm\u00e4\u00dfig die&nbsp;<strong>wei\u00dfer Ring<\/strong>.<br>\n- Option zum Erhalt einer&nbsp;<strong>zus\u00e4tzlicher schwarzer Ring<\/strong>&nbsp;durch Auswahl der Option&nbsp;<strong>Vorderseite Schwarz<\/strong>.<br>\n- Schneller und einfacher Wechsel ohne Werkzeug.<\/p><p><strong>Schneidedurchmesser 75 mm<\/strong>kompatibel mit Standardinstallationen.<br>\n<strong>Modernes und elegantes Design<\/strong>Er f\u00fcgt sich perfekt in jeden Raum ein.<\/p><p>Dar\u00fcber hinaus erleichtern das optimierte Design und das hochwertige Aluminium die&nbsp;<strong>W\u00e4rmeabfuhr<\/strong>Die LEDs haben eine lange Lebensdauer, wodurch die Lebensdauer der LED verl\u00e4ngert wird und die Leistung \u00fcber die Zeit stabil bleibt.<\/p><h3><strong>Empfohlene Anwendungen des Spotlights&nbsp;<\/strong>LED-Einbauleuchte LUXURY 12W mit w\u00e4hlbarem Licht und Bridgelux-Chip<\/h3><p>Dank seines schlanken Designs und seiner professionellen Beleuchtung ist der&nbsp;<strong>Downlight LED Luxury Wei\u00df<\/strong>&nbsp;ist perfekt f\u00fcr:<\/p><p>?&nbsp;<strong>Haushalte<\/strong>&nbsp;? Wohnzimmer, K\u00fcchen, Flure, Schlafzimmer und B\u00e4der.<br>\n?&nbsp;<strong>Gesch\u00e4fte und L\u00e4den<\/strong>&nbsp;? Beleuchtung von Schaufenstern, Vitrinen und Ausstellungsfl\u00e4chen.<br>\n?&nbsp;<strong>B\u00fcror\u00e4ume und Arbeitsbereiche<\/strong>&nbsp;? Effiziente und komfortable Beleuchtung f\u00fcr lange Tage.<br>\n?&nbsp;<strong>Hotels und Gastst\u00e4tten<\/strong>&nbsp;? Schaffung von gem\u00fctlichen und anspruchsvollen Atmosph\u00e4ren.<br>\n?&nbsp;<strong>Krankenh\u00e4user und Kliniken<\/strong>&nbsp;? Pr\u00e4zises, blendfreies Licht f\u00fcr Sanit\u00e4rr\u00e4ume.<\/p><p><strong>Inhalt der Verpackung<\/strong><\/p><p>? 1 Luxury White LED-Downlight mit wei\u00dfem Ring.<br>\n? M\u00f6glichkeit, einen zus\u00e4tzlichen schwarzen Ring zu erhalten, indem Sie \"Front Black\" ausw\u00e4hlen.<\/p><p>? Montageanleitung f\u00fcr eine schnelle und sichere Montage.<\/p><h3 class=\"h6\">Produktdatenblatt<\/h3><dl class=\"data-sheet\">\n<dt class=\"name\"><img loading=\"lazy\" decoding=\"async\" src=\"https:\/\/www.factorled.com\/modules\/oa_features\/img\/2-default.jpg\" width=\"32\" height=\"32\">&nbsp;REFERENZ<\/dt>\n<dd class=\"value\">SP12W-CCT<\/dd>\n<dt class=\"name\"><img loading=\"lazy\" decoding=\"async\" src=\"https:\/\/www.factorled.com\/modules\/oa_features\/img\/3-default.jpg\" width=\"32\" height=\"32\">&nbsp;Nennleistung<\/dt>\n<dd class=\"value\">12w<\/dd>\n<dt class=\"name\"><img loading=\"lazy\" decoding=\"async\" src=\"https:\/\/www.factorled.com\/modules\/oa_features\/img\/4-default.jpg\" width=\"32\" height=\"32\">&nbsp;Nennspannung<\/dt>\n<dd class=\"value\">85V-265V<\/dd>\n<dt class=\"name\"><img loading=\"lazy\" decoding=\"async\" src=\"https:\/\/www.factorled.com\/modules\/oa_features\/img\/5-default.jpg\" width=\"32\" height=\"32\">&nbsp;Licht Temperatur<\/dt>\n<dd class=\"value\">3CCT SELECT 3000K-4000K-5700K<\/dd>\n<dt class=\"name\"><img loading=\"lazy\" decoding=\"async\" src=\"https:\/\/www.factorled.com\/modules\/oa_features\/img\/6-default.jpg\" width=\"32\" height=\"32\">&nbsp;CRI - Farbwiedergabe-Index<\/dt>\n<dd class=\"value\">92<\/dd>\n<dt class=\"name\"><img loading=\"lazy\" decoding=\"async\" src=\"https:\/\/www.factorled.com\/modules\/oa_features\/img\/25-default.jpg\" width=\"32\" height=\"32\">&nbsp;Baumaterial<\/dt>\n<dd class=\"value\">Aluminium<\/dd>\n<dt class=\"name\"><img loading=\"lazy\" decoding=\"async\" src=\"https:\/\/www.factorled.com\/modules\/oa_features\/img\/8-default.jpg\" width=\"32\" height=\"32\">&nbsp;Leuchtkraft-Lm<\/dt>\n<dd class=\"value\">1320 Lm<\/dd>\n<dt class=\"name\"><img loading=\"lazy\" decoding=\"async\" src=\"https:\/\/www.factorled.com\/modules\/oa_features\/img\/9-default.jpg\" width=\"32\" height=\"32\">&nbsp;Art der LEDs<\/dt>\n<dd class=\"value\">Bridgelux Chip im Inneren des 2235DS-C30<\/dd>\n<dt class=\"name\"><img loading=\"lazy\" decoding=\"async\" src=\"https:\/\/www.factorled.com\/modules\/oa_features\/img\/10-default.jpg\" width=\"32\" height=\"32\">&nbsp;\u00d6ffnungswinkel (\u00ba)<\/dt>\n<dd class=\"value\">24\u00ba<\/dd>\n<dt class=\"name\"><img loading=\"lazy\" decoding=\"async\" src=\"https:\/\/www.factorled.com\/modules\/oa_features\/img\/12-default.jpg\" width=\"32\" height=\"32\">&nbsp;LED-Dioden-Wirkungsgrad (Lm\/W)<\/dt>\n<dd class=\"value\">130Lm\/W<\/dd>\n<dt class=\"name\"><img loading=\"lazy\" decoding=\"async\" src=\"https:\/\/www.factorled.com\/modules\/oa_features\/img\/13-default.jpg\" width=\"32\" height=\"32\">&nbsp;Lichtausbeute (Lm\/W)<\/dt>\n<dd class=\"value\">110 Lm\/W<\/dd>\n<dt class=\"name\"><img loading=\"lazy\" decoding=\"async\" src=\"https:\/\/www.factorled.com\/modules\/oa_features\/img\/15-default.jpg\" width=\"32\" height=\"32\">&nbsp;Bescheinigungen<\/dt>\n<dd class=\"value\">CE, CMIM, RoHS<\/dd>\n<dt class=\"name\"><img loading=\"lazy\" decoding=\"async\" src=\"https:\/\/www.factorled.com\/modules\/oa_features\/img\/16-default.jpg\" width=\"32\" height=\"32\">&nbsp;IP-Einstufung<\/dt>\n<dd class=\"value\">IP20<\/dd>\n<dt class=\"name\"><img loading=\"lazy\" decoding=\"async\" src=\"https:\/\/www.factorled.com\/modules\/oa_features\/img\/17-default.jpg\" width=\"32\" height=\"32\">&nbsp;Gesch\u00e4tzte Lebensdauer LED-Diode (H)<\/dt>\n<dd class=\"value\">20.000<\/dd>\n<dt class=\"name\"><img loading=\"lazy\" decoding=\"async\" src=\"https:\/\/www.factorled.com\/modules\/oa_features\/img\/18-default.jpg\" width=\"32\" height=\"32\">&nbsp;Abmessungen (mm)<\/dt>\n<dd class=\"value\">\u00d885xH52mm<\/dd>\n<dt class=\"name\"><img loading=\"lazy\" decoding=\"async\" src=\"https:\/\/www.factorled.com\/modules\/oa_features\/img\/21-default.jpg\" width=\"32\" height=\"32\">&nbsp;Arbeitsfrequenz (Hz)<\/dt>\n<dd class=\"value\">50\/60Hz<\/dd>\n<dt class=\"name\"><img loading=\"lazy\" decoding=\"async\" src=\"https:\/\/www.factorled.com\/modules\/oa_features\/img\/22-default.jpg\" width=\"32\" height=\"32\">&nbsp;Temperaturbereich (\u00baC)<\/dt>\n<dd class=\"value\">-20\u00b0C ~ +55\u00b0C<\/dd>\n<dt class=\"name\"><img loading=\"lazy\" decoding=\"async\" src=\"https:\/\/www.factorled.com\/modules\/oa_features\/img\/23-default.jpg\" width=\"32\" height=\"32\">&nbsp;Z\u00fcndungszyklen<\/dt>\n<dd class=\"value\">100.000<\/dd>\n<dt class=\"name\"><img loading=\"lazy\" decoding=\"async\" src=\"https:\/\/www.factorled.com\/modules\/oa_features\/img\/24-default.jpg\" width=\"32\" height=\"32\">&nbsp;Anlaufzeit (s)<\/dt>\n<dd class=\"value\">0,2s<\/dd>\n<dt class=\"name\"><img loading=\"lazy\" decoding=\"async\" src=\"https:\/\/www.factorled.com\/modules\/oa_features\/img\/27-default.jpg\" width=\"32\" height=\"32\">&nbsp;Schnitt durch die Decke (mm)<\/dt>\n<dd class=\"value\">\u00d8 75 mm<\/dd>\n<dt class=\"name\"><img loading=\"lazy\" decoding=\"async\" src=\"https:\/\/www.factorled.com\/modules\/oa_features\/img\/72-default.jpg\" width=\"32\" height=\"32\">&nbsp;Blendungsindex (UGR)<\/dt>\n<dd class=\"value\">11<\/dd>\n<dt class=\"name\"><img loading=\"lazy\" decoding=\"async\" src=\"https:\/\/www.factorled.com\/modules\/oa_features\/img\/74-default.jpg\" width=\"32\" height=\"32\">&nbsp;Inklusive Treiber<\/dt>\n<dd class=\"value\">YES<\/dd>\n<dt class=\"name\"><img loading=\"lazy\" decoding=\"async\" src=\"https:\/\/www.factorled.com\/modules\/oa_features\/img\/7-default.jpg\" width=\"32\" height=\"32\">&nbsp;Energieklasse (2021-EU-2019\/2015)<\/dt>\n<dd class=\"value\">A+<\/dd>\n<dt class=\"name\"><img loading=\"lazy\" decoding=\"async\" src=\"https:\/\/www.factorled.com\/modules\/oa_features\/img\/101-default.jpg\" width=\"32\" height=\"32\">&nbsp;Energieklasse (2023 - EU-2019\/2015)<\/dt>\n<dd class=\"value\">F<\/dd>\n<dt class=\"name\"><img loading=\"lazy\" decoding=\"async\" src=\"https:\/\/www.factorled.com\/modules\/oa_features\/img\/75-default.jpg\" width=\"32\" height=\"32\">&nbsp;Gew\u00e4hrleistungsjahre<\/dt>\n<dd class=\"value\">3<\/dd>\n<dt class=\"name\"><img loading=\"lazy\" decoding=\"async\" src=\"https:\/\/www.factorled.com\/modules\/oa_features\/img\/133-default.jpg\" width=\"32\" height=\"32\">&nbsp;Einheiten pro Masterbox<\/dt>\n<dd class=\"value\">20<\/dd>\n<\/dl><\/h1>","protected":false},"excerpt":{"rendered":"<div class=\"product-reference\"><strong><label class=\"label\">Referenz:<\/label> SLSP12W-CCT-91360<\/strong>\n<div><\/div>\n<div class=\"product-description-short\">\n<div id=\"product-description-short-3863\">\n<p><strong>Downlight LED Luxury Wei\u00df<\/strong>&nbsp;Angebote&nbsp;<strong>w\u00e4hlbare Leistung von 6W, 9W und 12W<\/strong>mit&nbsp;<strong>130Lm\/W Bridgelux-Chip<\/strong>&nbsp;f\u00fcr au\u00dfergew\u00f6hnliche Effizienz. Seine Technologie&nbsp;<strong>3CCT (3000K - 4000K - 5700K)<\/strong>&nbsp;erm\u00f6glicht die Anpassung der Farbtemperatur an das gew\u00fcnschte Ambiente. Mit UGR11 zur Minimierung der Blendung und CRI+92 f\u00fcr eine tadellose Farbwiedergabe sorgt sie f\u00fcr eine pr\u00e4zise und angenehme Beleuchtung.<\/p>\n<p>Sein \u00d6ffnungswinkel von 24\u00b0 lenkt das Licht pr\u00e4zise, w\u00e4hrend sein&nbsp;<strong>Frontring W\u00e4hlbar (schwarz oder wei\u00df)<\/strong>&nbsp;Die ideale Wahl f\u00fcr elegante und funktionale R\u00e4ume!<\/p>\n<\/div>\n<\/div><\/div>","protected":false},"featured_media":15878,"template":"","meta":{"site-sidebar-layout":"default","site-content-layout":"default","ast-global-header-display":"","ast-main-header-display":"","ast-hfb-above-header-display":"","ast-hfb-below-header-display":"","ast-hfb-mobile-header-display":"","site-post-title":"","ast-breadcrumbs-content":"","ast-featured-img":"","footer-sml-layout":"","theme-transparent-header-meta":"default","adv-header-id-meta":"","stick-header-meta":"","header-above-stick-meta":"","header-main-stick-meta":"","header-below-stick-meta":""},"product_cat":[27,70],"product_tag":[],"class_list":["post-15865","product","type-product","status-publish","has-post-thumbnail","hentry","product_cat-downlight-plafones-y-placas-led","product_cat-focos-downlight-led"],"yoast_head":"<!-- This site is optimized with the Yoast SEO plugin v27.4 - https:\/\/yoast.com\/product\/yoast-seo-wordpress\/ -->\n<title>Empotrable LED 6W - 9W - 12W - LUXURY - Bridgelux Chip - UGR11 - 3CCT - CRI +92 - STARLED Iluminacion<\/title>\n<meta name=\"robots\" content=\"index, follow, max-snippet:-1, max-image-preview:large, max-video-preview:-1\" \/>\n<link rel=\"canonical\" href=\"https:\/\/starlediluminacion.com\/de\/product\/empotrable-led-6w-9w-12w-luxury-bridgelux-chip-ugr11-3cct-cri-92\/\" \/>\n<meta property=\"og:locale\" content=\"de_DE\" \/>\n<meta property=\"og:type\" content=\"article\" \/>\n<meta property=\"og:title\" content=\"Empotrable LED 6W - 9W - 12W - LUXURY - Bridgelux Chip - UGR11 - 3CCT - CRI +92 - STARLED Iluminacion\" \/>\n<meta property=\"og:description\" content=\"Referencia: SLSP12W-CCT-91360      Downlight LED Luxury Blanco\u00a0ofrece\u00a0potencia seleccionable de 6W, 9W y 12W, con\u00a0Chip Bridgelux de 130Lm\/W\u00a0para una eficiencia excepcional. Su tecnolog\u00eda\u00a03CCT (3000K - 4000K - 5700K)\u00a0permite ajustar la temperatura de color seg\u00fan el ambiente deseado. Con UGR11 para minimizar el deslumbramiento y CRI+92 para una reproducci\u00f3n crom\u00e1tica impecable, garantiza una iluminaci\u00f3n precisa y c\u00f3moda.  Su \u00e1ngulo de apertura de 24\u00ba dirige la luz con precisi\u00f3n, mientras que su\u00a0anillo frontal Seleccionable\u00a0(blanco o negro)\u00a0se adapta a cualquier estilo decorativo. \u00a1La opci\u00f3n ideal para espacios elegantes y funcionales!\" \/>\n<meta property=\"og:url\" content=\"https:\/\/starlediluminacion.com\/de\/product\/empotrable-led-6w-9w-12w-luxury-bridgelux-chip-ugr11-3cct-cri-92\/\" \/>\n<meta property=\"og:site_name\" content=\"STARLED Iluminacion\" \/>\n<meta property=\"article:modified_time\" content=\"2025-08-24T16:38:43+00:00\" \/>\n<meta property=\"og:image\" content=\"https:\/\/starlediluminacion.com\/wp-content\/uploads\/2025\/06\/empotrable-led-6w-9w-12w-luxury-bridgelux-chip-ugr11-3cct-cri-92-1.jpg\" \/>\n\t<meta property=\"og:image:width\" content=\"744\" \/>\n\t<meta property=\"og:image:height\" content=\"800\" \/>\n\t<meta property=\"og:image:type\" content=\"image\/jpeg\" \/>\n<meta name=\"twitter:card\" content=\"summary_large_image\" \/>\n<meta name=\"twitter:label1\" content=\"Gesch\u00e4tzte Lesezeit\" \/>\n\t<meta name=\"twitter:data1\" content=\"3\u00a0Minuten\" \/>\n<script type=\"application\/ld+json\" class=\"yoast-schema-graph\">{\"@context\":\"https:\\\/\\\/schema.org\",\"@graph\":[{\"@type\":\"WebPage\",\"@id\":\"https:\\\/\\\/starlediluminacion.com\\\/en\\\/product\\\/empotrable-led-6w-9w-12w-luxury-bridgelux-chip-ugr11-3cct-cri-92\\\/\",\"url\":\"https:\\\/\\\/starlediluminacion.com\\\/en\\\/product\\\/empotrable-led-6w-9w-12w-luxury-bridgelux-chip-ugr11-3cct-cri-92\\\/\",\"name\":\"Empotrable LED 6W - 9W - 12W - LUXURY - Bridgelux Chip - UGR11 - 3CCT - CRI +92 - STARLED Iluminacion\",\"isPartOf\":{\"@id\":\"https:\\\/\\\/starlediluminacion.com\\\/#website\"},\"primaryImageOfPage\":{\"@id\":\"https:\\\/\\\/starlediluminacion.com\\\/en\\\/product\\\/empotrable-led-6w-9w-12w-luxury-bridgelux-chip-ugr11-3cct-cri-92\\\/#primaryimage\"},\"image\":{\"@id\":\"https:\\\/\\\/starlediluminacion.com\\\/en\\\/product\\\/empotrable-led-6w-9w-12w-luxury-bridgelux-chip-ugr11-3cct-cri-92\\\/#primaryimage\"},\"thumbnailUrl\":\"https:\\\/\\\/starlediluminacion.com\\\/wp-content\\\/uploads\\\/2025\\\/06\\\/empotrable-led-6w-9w-12w-luxury-bridgelux-chip-ugr11-3cct-cri-92-1.jpg\",\"datePublished\":\"2025-06-01T09:07:59+00:00\",\"dateModified\":\"2025-08-24T16:38:43+00:00\",\"breadcrumb\":{\"@id\":\"https:\\\/\\\/starlediluminacion.com\\\/en\\\/product\\\/empotrable-led-6w-9w-12w-luxury-bridgelux-chip-ugr11-3cct-cri-92\\\/#breadcrumb\"},\"inLanguage\":\"de\",\"potentialAction\":[{\"@type\":\"ReadAction\",\"target\":[\"https:\\\/\\\/starlediluminacion.com\\\/en\\\/product\\\/empotrable-led-6w-9w-12w-luxury-bridgelux-chip-ugr11-3cct-cri-92\\\/\"]}]},{\"@type\":\"ImageObject\",\"inLanguage\":\"de\",\"@id\":\"https:\\\/\\\/starlediluminacion.com\\\/en\\\/product\\\/empotrable-led-6w-9w-12w-luxury-bridgelux-chip-ugr11-3cct-cri-92\\\/#primaryimage\",\"url\":\"https:\\\/\\\/starlediluminacion.com\\\/wp-content\\\/uploads\\\/2025\\\/06\\\/empotrable-led-6w-9w-12w-luxury-bridgelux-chip-ugr11-3cct-cri-92-1.jpg\",\"contentUrl\":\"https:\\\/\\\/starlediluminacion.com\\\/wp-content\\\/uploads\\\/2025\\\/06\\\/empotrable-led-6w-9w-12w-luxury-bridgelux-chip-ugr11-3cct-cri-92-1.jpg\",\"width\":744,\"height\":800},{\"@type\":\"BreadcrumbList\",\"@id\":\"https:\\\/\\\/starlediluminacion.com\\\/en\\\/product\\\/empotrable-led-6w-9w-12w-luxury-bridgelux-chip-ugr11-3cct-cri-92\\\/#breadcrumb\",\"itemListElement\":[{\"@type\":\"ListItem\",\"position\":1,\"name\":\"Portada\",\"item\":\"https:\\\/\\\/starlediluminacion.com\\\/\"},{\"@type\":\"ListItem\",\"position\":2,\"name\":\"Shop\",\"item\":\"https:\\\/\\\/starlediluminacion.com\\\/shop-2\\\/\"},{\"@type\":\"ListItem\",\"position\":3,\"name\":\"Empotrable LED 6W &#8211; 9W &#8211; 12W &#8211; LUXURY &#8211; Bridgelux Chip &#8211; UGR11 &#8211; 3CCT &#8211; CRI +92\"}]},{\"@type\":\"WebSite\",\"@id\":\"https:\\\/\\\/starlediluminacion.com\\\/#website\",\"url\":\"https:\\\/\\\/starlediluminacion.com\\\/\",\"name\":\"STARLED Iluminacion\",\"description\":\"\",\"potentialAction\":[{\"@type\":\"SearchAction\",\"target\":{\"@type\":\"EntryPoint\",\"urlTemplate\":\"https:\\\/\\\/starlediluminacion.com\\\/?s={search_term_string}\"},\"query-input\":{\"@type\":\"PropertyValueSpecification\",\"valueRequired\":true,\"valueName\":\"search_term_string\"}}],\"inLanguage\":\"de\"}]}<\/script>\n<!-- \/ Yoast SEO plugin. -->","yoast_head_json":{"title":"Empotrable LED 6W - 9W - 12W - LUXURY - Bridgelux Chip - UGR11 - 3CCT - CRI +92 - STARLED Iluminacion","robots":{"index":"index","follow":"follow","max-snippet":"max-snippet:-1","max-image-preview":"max-image-preview:large","max-video-preview":"max-video-preview:-1"},"canonical":"https:\/\/starlediluminacion.com\/de\/product\/empotrable-led-6w-9w-12w-luxury-bridgelux-chip-ugr11-3cct-cri-92\/","og_locale":"de_DE","og_type":"article","og_title":"Empotrable LED 6W - 9W - 12W - LUXURY - Bridgelux Chip - UGR11 - 3CCT - CRI +92 - STARLED Iluminacion","og_description":"Referencia: SLSP12W-CCT-91360      Downlight LED Luxury Blanco\u00a0ofrece\u00a0potencia seleccionable de 6W, 9W y 12W, con\u00a0Chip Bridgelux de 130Lm\/W\u00a0para una eficiencia excepcional. Su tecnolog\u00eda\u00a03CCT (3000K - 4000K - 5700K)\u00a0permite ajustar la temperatura de color seg\u00fan el ambiente deseado. Con UGR11 para minimizar el deslumbramiento y CRI+92 para una reproducci\u00f3n crom\u00e1tica impecable, garantiza una iluminaci\u00f3n precisa y c\u00f3moda.  Su \u00e1ngulo de apertura de 24\u00ba dirige la luz con precisi\u00f3n, mientras que su\u00a0anillo frontal Seleccionable\u00a0(blanco o negro)\u00a0se adapta a cualquier estilo decorativo. \u00a1La opci\u00f3n ideal para espacios elegantes y funcionales!","og_url":"https:\/\/starlediluminacion.com\/de\/product\/empotrable-led-6w-9w-12w-luxury-bridgelux-chip-ugr11-3cct-cri-92\/","og_site_name":"STARLED Iluminacion","article_modified_time":"2025-08-24T16:38:43+00:00","og_image":[{"width":744,"height":800,"url":"https:\/\/starlediluminacion.com\/wp-content\/uploads\/2025\/06\/empotrable-led-6w-9w-12w-luxury-bridgelux-chip-ugr11-3cct-cri-92-1.jpg","type":"image\/jpeg"}],"twitter_card":"summary_large_image","twitter_misc":{"Gesch\u00e4tzte Lesezeit":"3\u00a0Minuten"},"schema":{"@context":"https:\/\/schema.org","@graph":[{"@type":"WebPage","@id":"https:\/\/starlediluminacion.com\/en\/product\/empotrable-led-6w-9w-12w-luxury-bridgelux-chip-ugr11-3cct-cri-92\/","url":"https:\/\/starlediluminacion.com\/en\/product\/empotrable-led-6w-9w-12w-luxury-bridgelux-chip-ugr11-3cct-cri-92\/","name":"Empotrable LED 6W - 9W - 12W - LUXURY - Bridgelux Chip - UGR11 - 3CCT - CRI +92 - STARLED Iluminacion","isPartOf":{"@id":"https:\/\/starlediluminacion.com\/#website"},"primaryImageOfPage":{"@id":"https:\/\/starlediluminacion.com\/en\/product\/empotrable-led-6w-9w-12w-luxury-bridgelux-chip-ugr11-3cct-cri-92\/#primaryimage"},"image":{"@id":"https:\/\/starlediluminacion.com\/en\/product\/empotrable-led-6w-9w-12w-luxury-bridgelux-chip-ugr11-3cct-cri-92\/#primaryimage"},"thumbnailUrl":"https:\/\/starlediluminacion.com\/wp-content\/uploads\/2025\/06\/empotrable-led-6w-9w-12w-luxury-bridgelux-chip-ugr11-3cct-cri-92-1.jpg","datePublished":"2025-06-01T09:07:59+00:00","dateModified":"2025-08-24T16:38:43+00:00","breadcrumb":{"@id":"https:\/\/starlediluminacion.com\/en\/product\/empotrable-led-6w-9w-12w-luxury-bridgelux-chip-ugr11-3cct-cri-92\/#breadcrumb"},"inLanguage":"de","potentialAction":[{"@type":"ReadAction","target":["https:\/\/starlediluminacion.com\/en\/product\/empotrable-led-6w-9w-12w-luxury-bridgelux-chip-ugr11-3cct-cri-92\/"]}]},{"@type":"ImageObject","inLanguage":"de","@id":"https:\/\/starlediluminacion.com\/en\/product\/empotrable-led-6w-9w-12w-luxury-bridgelux-chip-ugr11-3cct-cri-92\/#primaryimage","url":"https:\/\/starlediluminacion.com\/wp-content\/uploads\/2025\/06\/empotrable-led-6w-9w-12w-luxury-bridgelux-chip-ugr11-3cct-cri-92-1.jpg","contentUrl":"https:\/\/starlediluminacion.com\/wp-content\/uploads\/2025\/06\/empotrable-led-6w-9w-12w-luxury-bridgelux-chip-ugr11-3cct-cri-92-1.jpg","width":744,"height":800},{"@type":"BreadcrumbList","@id":"https:\/\/starlediluminacion.com\/en\/product\/empotrable-led-6w-9w-12w-luxury-bridgelux-chip-ugr11-3cct-cri-92\/#breadcrumb","itemListElement":[{"@type":"ListItem","position":1,"name":"Portada","item":"https:\/\/starlediluminacion.com\/"},{"@type":"ListItem","position":2,"name":"Shop","item":"https:\/\/starlediluminacion.com\/shop-2\/"},{"@type":"ListItem","position":3,"name":"Empotrable LED 6W &#8211; 9W &#8211; 12W &#8211; LUXURY &#8211; Bridgelux Chip &#8211; UGR11 &#8211; 3CCT &#8211; CRI +92"}]},{"@type":"WebSite","@id":"https:\/\/starlediluminacion.com\/#website","url":"https:\/\/starlediluminacion.com\/","name":"STARLED Iluminacion","description":"","potentialAction":[{"@type":"SearchAction","target":{"@type":"EntryPoint","urlTemplate":"https:\/\/starlediluminacion.com\/?s={search_term_string}"},"query-input":{"@type":"PropertyValueSpecification","valueRequired":true,"valueName":"search_term_string"}}],"inLanguage":"de"}]}},"_links":{"self":[{"href":"https:\/\/starlediluminacion.com\/de\/wp-json\/wp\/v3\/product\/15865","targetHints":{"allow":["GET"]}}],"collection":[{"href":"https:\/\/starlediluminacion.com\/de\/wp-json\/wp\/v3\/product"}],"about":[{"href":"https:\/\/starlediluminacion.com\/de\/wp-json\/wp\/v2\/types\/product"}],"wp:featuredmedia":[{"embeddable":true,"href":"https:\/\/starlediluminacion.com\/de\/wp-json\/wp\/v2\/media\/15878"}],"wp:attachment":[{"href":"https:\/\/starlediluminacion.com\/de\/wp-json\/wp\/v2\/media?parent=15865"}],"wp:term":[{"taxonomy":"product_cat","embeddable":true,"href":"https:\/\/starlediluminacion.com\/de\/wp-json\/wp\/v2\/product_cat?post=15865"},{"taxonomy":"product_tag","embeddable":true,"href":"https:\/\/starlediluminacion.com\/de\/wp-json\/wp\/v2\/product_tag?post=15865"}],"curies":[{"name":"wp","href":"https:\/\/api.w.org\/{rel}","templated":true}]}}