{"id":15804,"date":"2025-06-01T08:46:46","date_gmt":"2025-06-01T08:46:46","guid":{"rendered":"https:\/\/starlediluminacion.com\/?post_type=product&#038;p=15804"},"modified":"2025-08-24T16:39:19","modified_gmt":"2025-08-24T16:39:19","slug":"empotrable-led-6w-9w-12w-omnia-bridgelux-chip-ugr11-3cct-cri-92-front-intercambiable","status":"publish","type":"product","link":"https:\/\/starlediluminacion.com\/de\/product\/recessed-led-6w-9w-12w-12w-omnia-bridgelux-chip-ugr11-3cct-cri-92-front-interchangeable-2\/","title":{"rendered":"<p>LED-Einbauleuchten 6W - 9W - 12W - OMNIA - Bridgelux Chip - UGR11 - 3CCT - CRI +92 - Front austauschbar<\/p>"},"content":{"rendered":"<h1>LED-Einbauleuchten 6W - 9W - 12W - OMNIA - Bridgelux Chip - UGR11 - 3CCT - CRI +92 - Front austauschbar<p>&nbsp;<\/p><p>Die&nbsp;<strong>Omnia LED-Downlight&nbsp;<\/strong>ist eine innovative und effiziente Beleuchtungsl\u00f6sung, die f\u00fcr die&nbsp;<strong>Vielseitigkeit, Leistung und Eleganz<\/strong>&nbsp;in jeder Art von Raum. Ihr modernes und funktionales Design macht sie zur idealen Wahl f\u00fcr Wohn-, Gesch\u00e4fts- und B\u00fcroanwendungen und bietet hochwertige Beleuchtung bei reduziertem Energieverbrauch.<\/p><p>Dieses Downlight hat eine&nbsp;<strong>w\u00e4hlbare Leistung von 6W, 9W und 12W<\/strong>Das Beleuchtungsniveau kann je nach den spezifischen Bed\u00fcrfnissen des Raums eingestellt werden. Sie enth\u00e4lt eine&nbsp;<strong>130 Lm\/W Bridgelux-Chip<\/strong>die eine au\u00dfergew\u00f6hnliche Lichtausbeute garantiert und eine intensive und gleichm\u00e4\u00dfige Beleuchtung bei geringem Energieverbrauch erm\u00f6glicht. Dank dieser Technologie bietet sie eine Leistung, die der von herk\u00f6mmlichen Leuchten mit h\u00f6herer Leistung entspricht, was sich wie folgt auswirkt&nbsp;<strong>erhebliche Einsparungen bei den Stromrechnungen und geringere W\u00e4rmeemissionen<\/strong>.<\/p><p>F\u00fcr eine perfekte Anpassung an unterschiedliche Umgebungen ist die&nbsp;<strong>Omnia LED-Downlight&nbsp;<\/strong>integriert die Technologie&nbsp;<strong>3CCT<\/strong>So k\u00f6nnen Sie zwischen drei Farbtemperaturen w\u00e4hlen.<\/p><p>Einer der H\u00f6hepunkte der&nbsp;<strong>LED-Downlight&nbsp;<\/strong><strong>Omnia&nbsp;<\/strong>ist seine F\u00e4higkeit, die&nbsp;<strong>komfortable und blendfreie Beleuchtung<\/strong>. Dank seiner&nbsp;<strong>niedriger Blendungsindex (UGR &lt; 11)<\/strong>Diese Leuchte reduziert die visuelle Erm\u00fcdung und verbessert das Beleuchtungserlebnis. Sie eignet sich ideal f\u00fcr R\u00e4ume, in denen Konzentration und Sehkomfort wichtig sind.<\/p><p>Dar\u00fcber hinaus ist seine&nbsp;<strong>hoher Farbwiedergabeindex (CRI &gt; 92)<\/strong>&nbsp;sorgt f\u00fcr eine pr\u00e4zise und nat\u00fcrliche Farbwiedergabe und ist damit eine ausgezeichnete Wahl f\u00fcr Gesch\u00e4fte, Kunstgalerien, B\u00fcros und alle Umgebungen, in denen Farbtreue wichtig ist.<\/p><h3><strong>Elegantes und anpassungsf\u00e4higes Design<\/strong><\/h3><p>Um eine perfekte Integration in jeden Einrichtungsstil zu gew\u00e4hrleisten, verf\u00fcgt dieses Modell \u00fcber eine&nbsp;<strong>austauschbarer Frontring<\/strong>Die folgenden Optionen k\u00f6nnen ausgew\u00e4hlt werden:<\/p><ul>\n<li><strong>Vorderseite Gekr\u00fcmmt Wei\u00df (ARC-SHAPED RING):<\/strong>&nbsp;Ringdesign mit einer glatten und eleganten W\u00f6lbung an der wei\u00df lackierten Kante, ideal f\u00fcr moderne und minimalistische Umgebungen.<\/li>\n<li><strong>Vorderseite Gekr\u00fcmmt Schwarz (ARC-SHAPED RING):<\/strong>&nbsp;Schwarze Variante, perfekt f\u00fcr raffinierte Kontraste oder Kombinationen mit dunklen T\u00f6nen.<\/li>\n<li><strong>Wei\u00dfe konische Front (ANGLED EDGE RING):<\/strong>&nbsp;Diese Variante hat eine&nbsp;<strong>schr\u00e4ge Fase<\/strong>&nbsp;an der Au\u00dfenkante des Rings, was einen definierteren und dynamischeren visuellen Effekt erzeugt.<\/li>\n<li><strong>Schwarze konische Front (ANGLED EDGE RING):<\/strong>&nbsp;Schwarze Variante mit demselben kantigen Design, ideal f\u00fcr moderne R\u00e4ume.<\/li>\n<li><strong>Vorderseite Mini-Hole White (SMALL HOLE SURFACE RING):<\/strong>&nbsp;Das Design mit kleiner Blende optimiert die Lichtverteilung und reduziert die Blendung.<\/li>\n<\/ul><p>&nbsp;<\/p><p><strong>Standardm\u00e4\u00dfig inbegriffen<\/strong>&nbsp;auf&nbsp;<strong>Vorderseite gekr\u00fcmmt wei\u00df (ARC-SHAPED RING)<\/strong>&nbsp;und die&nbsp;<strong>Wei\u00dfe konische Front (ANGLED EDGE RING)<\/strong>bietet von Anfang an Vielseitigkeit.<\/p><h3><strong>Welche soll ich w\u00e4hlen?<\/strong><\/h3><p>&nbsp;<\/p><ul>\n<li>Wenn Sie ein klares und elegantes Design suchen ? Gebogene Front.<\/li>\n<li>Wenn Sie eine Oberfl\u00e4che mit mehr Pr\u00e4senz und Tiefe bevorzugen ? Konische Front.<\/li>\n<li>Wenn Sie ein dekoratives Detail oder eine bessere Bel\u00fcftung w\u00fcnschen ? Front Mini-Loch.<\/li>\n<\/ul><p>Dieses System&nbsp;<strong>modular und individuell anpassbar<\/strong>&nbsp;erm\u00f6glicht die Anpassung des Downlights an verschiedene dekorative Stile, ohne dass die gesamte Leuchte ausgetauscht werden muss.<\/p><h3><strong>Hochwertige und langlebige Materialien<\/strong><\/h3><p>Der aus hochwertigem Aluminium gefertigte&nbsp;<strong>LED-Downlight&nbsp;<\/strong><strong>Omnia&nbsp;<\/strong>garantiert eine hervorragende W\u00e4rmeableitung, wodurch sich die Lebensdauer verl\u00e4ngert und die optimale Leistung auf Dauer erhalten bleibt. Seine robuste Struktur und sein effizientes Design sorgen f\u00fcr eine einfache Installation und eine lange Lebensdauer, was die Wartungskosten reduziert.<\/p><h3><strong>Empfohlene Anwendungen und Einsatzbereiche<\/strong><\/h3><p>Dank seiner fortschrittlichen Funktionen ist das&nbsp;<strong>Downlight LED Lumis<\/strong>&nbsp;ist ideal f\u00fcr eine Vielzahl von R\u00e4umen, darunter:<\/p><ul>\n<li><strong>Haushalte:<\/strong>&nbsp;Wohnzimmer, Schlafzimmer, K\u00fcchen und Flure.<\/li>\n<li><strong>B\u00fcror\u00e4ume und Arbeitsr\u00e4ume:<\/strong>&nbsp;Empfangsbereiche, Besprechungsr\u00e4ume und Arbeitspl\u00e4tze.<\/li>\n<li><strong>Gesch\u00e4fte und Unternehmen:<\/strong>&nbsp;Boutiquen, Superm\u00e4rkte und Einkaufszentren.<\/li>\n<li><strong>Krankenh\u00e4user und Kliniken:<\/strong>&nbsp;Konsultationsbereiche, Flure und Wartebereiche.<\/li>\n<li><strong>Restaurants und Hotels:<\/strong>&nbsp;Speiser\u00e4ume, Bars und Lobbys.<\/li>\n<li><strong>Galerien und Museen:<\/strong>&nbsp;Kunstausstellungen und Kulturr\u00e4ume.<\/li>\n<\/ul><h3 class=\"h6\">Produktdatenblatt<\/h3><dl class=\"data-sheet\">\n<dt class=\"name\"><img loading=\"lazy\" decoding=\"async\" src=\"https:\/\/www.factorled.com\/modules\/oa_features\/img\/2-default.jpg\" width=\"32\" height=\"32\">&nbsp;REFERENZ<\/dt>\n<dd class=\"value\">SP12WOM<\/dd>\n<dt class=\"name\"><img loading=\"lazy\" decoding=\"async\" src=\"https:\/\/www.factorled.com\/modules\/oa_features\/img\/3-default.jpg\" width=\"32\" height=\"32\">&nbsp;Nennleistung<\/dt>\n<dd class=\"value\">12w<\/dd>\n<dt class=\"name\"><img loading=\"lazy\" decoding=\"async\" src=\"https:\/\/www.factorled.com\/modules\/oa_features\/img\/4-default.jpg\" width=\"32\" height=\"32\">&nbsp;Nennspannung<\/dt>\n<dd class=\"value\">85V-265V<\/dd>\n<dt class=\"name\"><img loading=\"lazy\" decoding=\"async\" src=\"https:\/\/www.factorled.com\/modules\/oa_features\/img\/5-default.jpg\" width=\"32\" height=\"32\">&nbsp;Licht Temperatur<\/dt>\n<dd class=\"value\">3CCT SELECT 3000K-4000K-5700K<\/dd>\n<dt class=\"name\"><img loading=\"lazy\" decoding=\"async\" src=\"https:\/\/www.factorled.com\/modules\/oa_features\/img\/6-default.jpg\" width=\"32\" height=\"32\">&nbsp;CRI - Farbwiedergabe-Index<\/dt>\n<dd class=\"value\">92<\/dd>\n<dt class=\"name\"><img loading=\"lazy\" decoding=\"async\" src=\"https:\/\/www.factorled.com\/modules\/oa_features\/img\/25-default.jpg\" width=\"32\" height=\"32\">&nbsp;Baumaterial<\/dt>\n<dd class=\"value\">Aluminium<\/dd>\n<dt class=\"name\"><img loading=\"lazy\" decoding=\"async\" src=\"https:\/\/www.factorled.com\/modules\/oa_features\/img\/8-default.jpg\" width=\"32\" height=\"32\">&nbsp;Leuchtkraft-Lm<\/dt>\n<dd class=\"value\">1320 Lm<\/dd>\n<dt class=\"name\"><img loading=\"lazy\" decoding=\"async\" src=\"https:\/\/www.factorled.com\/modules\/oa_features\/img\/9-default.jpg\" width=\"32\" height=\"32\">&nbsp;Art der LEDs<\/dt>\n<dd class=\"value\">Bridgelux Chip im Inneren des 2235DS-C30<\/dd>\n<dt class=\"name\"><img loading=\"lazy\" decoding=\"async\" src=\"https:\/\/www.factorled.com\/modules\/oa_features\/img\/10-default.jpg\" width=\"32\" height=\"32\">&nbsp;\u00d6ffnungswinkel (\u00ba)<\/dt>\n<dd class=\"value\">24\u00ba<\/dd>\n<dt class=\"name\"><img loading=\"lazy\" decoding=\"async\" src=\"https:\/\/www.factorled.com\/modules\/oa_features\/img\/12-default.jpg\" width=\"32\" height=\"32\">&nbsp;LED-Dioden-Wirkungsgrad (Lm\/W)<\/dt>\n<dd class=\"value\">130Lm\/W<\/dd>\n<dt class=\"name\"><img loading=\"lazy\" decoding=\"async\" src=\"https:\/\/www.factorled.com\/modules\/oa_features\/img\/13-default.jpg\" width=\"32\" height=\"32\">&nbsp;Lichtausbeute (Lm\/W)<\/dt>\n<dd class=\"value\">110 Lm\/W<\/dd>\n<dt class=\"name\"><img loading=\"lazy\" decoding=\"async\" src=\"https:\/\/www.factorled.com\/modules\/oa_features\/img\/15-default.jpg\" width=\"32\" height=\"32\">&nbsp;Bescheinigungen<\/dt>\n<dd class=\"value\">CE, CMIM, RoHS<\/dd>\n<dt class=\"name\"><img loading=\"lazy\" decoding=\"async\" src=\"https:\/\/www.factorled.com\/modules\/oa_features\/img\/16-default.jpg\" width=\"32\" height=\"32\">&nbsp;IP-Einstufung<\/dt>\n<dd class=\"value\">IP20<\/dd>\n<dt class=\"name\"><img loading=\"lazy\" decoding=\"async\" src=\"https:\/\/www.factorled.com\/modules\/oa_features\/img\/17-default.jpg\" width=\"32\" height=\"32\">&nbsp;Gesch\u00e4tzte Lebensdauer LED-Diode (H)<\/dt>\n<dd class=\"value\">20.000<\/dd>\n<dt class=\"name\"><img loading=\"lazy\" decoding=\"async\" src=\"https:\/\/www.factorled.com\/modules\/oa_features\/img\/18-default.jpg\" width=\"32\" height=\"32\">&nbsp;Abmessungen (mm)<\/dt>\n<dd class=\"value\">\u00d884x78mm<\/dd>\n<dt class=\"name\"><img loading=\"lazy\" decoding=\"async\" src=\"https:\/\/www.factorled.com\/modules\/oa_features\/img\/21-default.jpg\" width=\"32\" height=\"32\">&nbsp;Arbeitsfrequenz (Hz)<\/dt>\n<dd class=\"value\">50\/60Hz<\/dd>\n<dt class=\"name\"><img loading=\"lazy\" decoding=\"async\" src=\"https:\/\/www.factorled.com\/modules\/oa_features\/img\/22-default.jpg\" width=\"32\" height=\"32\">&nbsp;Temperaturbereich (\u00baC)<\/dt>\n<dd class=\"value\">-20\u00b0C ~ +55\u00b0C<\/dd>\n<dt class=\"name\"><img loading=\"lazy\" decoding=\"async\" src=\"https:\/\/www.factorled.com\/modules\/oa_features\/img\/23-default.jpg\" width=\"32\" height=\"32\">&nbsp;Z\u00fcndungszyklen<\/dt>\n<dd class=\"value\">100.000<\/dd>\n<dt class=\"name\"><img loading=\"lazy\" decoding=\"async\" src=\"https:\/\/www.factorled.com\/modules\/oa_features\/img\/24-default.jpg\" width=\"32\" height=\"32\">&nbsp;Anlaufzeit (s)<\/dt>\n<dd class=\"value\">0,2s<\/dd>\n<dt class=\"name\"><img loading=\"lazy\" decoding=\"async\" src=\"https:\/\/www.factorled.com\/modules\/oa_features\/img\/27-default.jpg\" width=\"32\" height=\"32\">&nbsp;Schnitt durch die Decke (mm)<\/dt>\n<dd class=\"value\">\u00d8 75 mm<\/dd>\n<dt class=\"name\"><img loading=\"lazy\" decoding=\"async\" src=\"https:\/\/www.factorled.com\/modules\/oa_features\/img\/72-default.jpg\" width=\"32\" height=\"32\">&nbsp;Blendungsindex (UGR)<\/dt>\n<dd class=\"value\">11<\/dd>\n<dt class=\"name\"><img loading=\"lazy\" decoding=\"async\" src=\"https:\/\/www.factorled.com\/modules\/oa_features\/img\/74-default.jpg\" width=\"32\" height=\"32\">&nbsp;Inklusive Treiber<\/dt>\n<dd class=\"value\">YES<\/dd>\n<dt class=\"name\"><img loading=\"lazy\" decoding=\"async\" src=\"https:\/\/www.factorled.com\/modules\/oa_features\/img\/7-default.jpg\" width=\"32\" height=\"32\">&nbsp;Energieklasse (2021-EU-2019\/2015)<\/dt>\n<dd class=\"value\">A+<\/dd>\n<dt class=\"name\"><img loading=\"lazy\" decoding=\"async\" src=\"https:\/\/www.factorled.com\/modules\/oa_features\/img\/101-default.jpg\" width=\"32\" height=\"32\">&nbsp;Energieklasse (2023 - EU-2019\/2015)<\/dt>\n<dd class=\"value\">F<\/dd>\n<dt class=\"name\"><img loading=\"lazy\" decoding=\"async\" src=\"https:\/\/www.factorled.com\/modules\/oa_features\/img\/75-default.jpg\" width=\"32\" height=\"32\">&nbsp;Gew\u00e4hrleistungsjahre<\/dt>\n<dd class=\"value\">3<\/dd>\n<\/dl><\/h1>","protected":false},"excerpt":{"rendered":"<div class=\"product-reference\"><strong><label class=\"label\">Referenz:<\/label> SLSP12WOM-CCT-91356<\/strong>\n<div><\/div>\n<div class=\"product-description-short\">\n<div id=\"product-description-short-3871\">\n<p><b>OMNIA LED-Downlight<\/b>&nbsp;Angebote&nbsp;<strong>w\u00e4hlbare Leistung von 6W, 9W und 12W<\/strong>mit&nbsp;<strong>130Lm\/W Bridgelux-Chip<\/strong>&nbsp;f\u00fcr au\u00dfergew\u00f6hnliche Effizienz. Seine Technologie&nbsp;<strong>3CCT (3000K - 4000K - 5700K)<\/strong>&nbsp;erm\u00f6glicht die Anpassung der Farbtemperatur an das gew\u00fcnschte Ambiente. Mit UGR11 zur Minimierung der Blendung und CRI+92 f\u00fcr eine tadellose Farbwiedergabe sorgt sie f\u00fcr eine pr\u00e4zise und angenehme Beleuchtung. Ihr \u00d6ffnungswinkel von 24\u00b0 lenkt das Licht pr\u00e4zise, w\u00e4hrend die&nbsp;<strong>Frontring w\u00e4hlbar (Front Curved White)<\/strong><strong>, Front Curved Schwarz,&nbsp;<\/strong><strong>Wei\u00dfe konische Front,&nbsp;<\/strong><strong>Vorderseite Konisch Schwarz,<\/strong><strong>&nbsp;Front Mini-Loch wei\u00df<\/strong><strong>)<\/strong>&nbsp;Die ideale Wahl f\u00fcr elegante und funktionale R\u00e4ume!<\/p>\n<\/div>\n<\/div><\/div>","protected":false},"featured_media":15818,"template":"","meta":{"site-sidebar-layout":"default","site-content-layout":"default","ast-global-header-display":"","ast-main-header-display":"","ast-hfb-above-header-display":"","ast-hfb-below-header-display":"","ast-hfb-mobile-header-display":"","site-post-title":"","ast-breadcrumbs-content":"","ast-featured-img":"","footer-sml-layout":"","theme-transparent-header-meta":"default","adv-header-id-meta":"","stick-header-meta":"","header-above-stick-meta":"","header-main-stick-meta":"","header-below-stick-meta":""},"product_cat":[27,70],"product_tag":[],"class_list":["post-15804","product","type-product","status-publish","has-post-thumbnail","hentry","product_cat-downlight-plafones-y-placas-led","product_cat-focos-downlight-led"],"yoast_head":"<!-- This site is optimized with the Yoast SEO plugin v27.4 - https:\/\/yoast.com\/product\/yoast-seo-wordpress\/ -->\n<title>Empotrable LED 6W - 9W - 12W - OMNIA - Bridgelux Chip - UGR11 - 3CCT - CRI +92 - Front Intercambiable - STARLED Iluminacion<\/title>\n<meta name=\"robots\" content=\"index, follow, max-snippet:-1, max-image-preview:large, max-video-preview:-1\" \/>\n<link rel=\"canonical\" href=\"https:\/\/starlediluminacion.com\/de\/product\/recessed-led-6w-9w-12w-omnia-bridgelux-chip-ugr11-3cct-cri-92-front-interchangeable-2\/\" \/>\n<meta property=\"og:locale\" content=\"de_DE\" \/>\n<meta property=\"og:type\" content=\"article\" \/>\n<meta property=\"og:title\" content=\"Empotrable LED 6W - 9W - 12W - OMNIA - Bridgelux Chip - UGR11 - 3CCT - CRI +92 - Front Intercambiable - STARLED Iluminacion\" \/>\n<meta property=\"og:description\" content=\"Referencia: SLSP12WOM-CCT-91356      Downlight LED OMNIA\u00a0ofrece\u00a0potencia seleccionable de 6W, 9W y 12W, con\u00a0Chip Bridgelux de 130Lm\/W\u00a0para una eficiencia excepcional. Su tecnolog\u00eda\u00a03CCT (3000K - 4000K - 5700K)\u00a0permite ajustar la temperatura de color seg\u00fan el ambiente deseado. Con UGR11 para minimizar el deslumbramiento y CRI+92 para una reproducci\u00f3n crom\u00e1tica impecable, garantiza una iluminaci\u00f3n precisa y c\u00f3moda. Su \u00e1ngulo de apertura de 24\u00ba dirige la luz con precisi\u00f3n, mientras que su\u00a0anillo frontal Seleccionable\u00a0(Front Curvo Blanco,\u00a0Front Curvo Negro,\u00a0Front C\u00f3nico\u00a0Blanco,\u00a0Front C\u00f3nico Negro,\u00a0Front Mini-Hole blanco)\u00a0se adapta a cualquier estilo decorativo. \u00a1La opci\u00f3n ideal para espacios elegantes y funcionales!\" \/>\n<meta property=\"og:url\" content=\"https:\/\/starlediluminacion.com\/de\/product\/recessed-led-6w-9w-12w-omnia-bridgelux-chip-ugr11-3cct-cri-92-front-interchangeable-2\/\" \/>\n<meta property=\"og:site_name\" content=\"STARLED Iluminacion\" \/>\n<meta property=\"article:modified_time\" content=\"2025-08-24T16:39:19+00:00\" \/>\n<meta property=\"og:image\" content=\"https:\/\/starlediluminacion.com\/wp-content\/uploads\/2025\/06\/empotrable-led-6w-9w-12w-omnia-bridgelux-chip-ugr11-3cct-cri-92-front-intercambiable.jpg\" \/>\n\t<meta property=\"og:image:width\" content=\"744\" \/>\n\t<meta property=\"og:image:height\" content=\"800\" \/>\n\t<meta property=\"og:image:type\" content=\"image\/jpeg\" \/>\n<meta name=\"twitter:card\" content=\"summary_large_image\" \/>\n<meta name=\"twitter:label1\" content=\"Gesch\u00e4tzte Lesezeit\" \/>\n\t<meta name=\"twitter:data1\" content=\"4\u00a0Minuten\" \/>\n<script type=\"application\/ld+json\" class=\"yoast-schema-graph\">{\"@context\":\"https:\\\/\\\/schema.org\",\"@graph\":[{\"@type\":\"WebPage\",\"@id\":\"https:\\\/\\\/starlediluminacion.com\\\/en\\\/product\\\/recessed-led-6w-9w-12w-omnia-bridgelux-chip-ugr11-3cct-cri-92-front-interchangeable-2\\\/\",\"url\":\"https:\\\/\\\/starlediluminacion.com\\\/en\\\/product\\\/recessed-led-6w-9w-12w-omnia-bridgelux-chip-ugr11-3cct-cri-92-front-interchangeable-2\\\/\",\"name\":\"Empotrable LED 6W - 9W - 12W - OMNIA - Bridgelux Chip - UGR11 - 3CCT - CRI +92 - Front Intercambiable - STARLED Iluminacion\",\"isPartOf\":{\"@id\":\"https:\\\/\\\/starlediluminacion.com\\\/#website\"},\"primaryImageOfPage\":{\"@id\":\"https:\\\/\\\/starlediluminacion.com\\\/en\\\/product\\\/recessed-led-6w-9w-12w-omnia-bridgelux-chip-ugr11-3cct-cri-92-front-interchangeable-2\\\/#primaryimage\"},\"image\":{\"@id\":\"https:\\\/\\\/starlediluminacion.com\\\/en\\\/product\\\/recessed-led-6w-9w-12w-omnia-bridgelux-chip-ugr11-3cct-cri-92-front-interchangeable-2\\\/#primaryimage\"},\"thumbnailUrl\":\"https:\\\/\\\/starlediluminacion.com\\\/wp-content\\\/uploads\\\/2025\\\/06\\\/empotrable-led-6w-9w-12w-omnia-bridgelux-chip-ugr11-3cct-cri-92-front-intercambiable.jpg\",\"datePublished\":\"2025-06-01T08:46:46+00:00\",\"dateModified\":\"2025-08-24T16:39:19+00:00\",\"breadcrumb\":{\"@id\":\"https:\\\/\\\/starlediluminacion.com\\\/en\\\/product\\\/recessed-led-6w-9w-12w-omnia-bridgelux-chip-ugr11-3cct-cri-92-front-interchangeable-2\\\/#breadcrumb\"},\"inLanguage\":\"de\",\"potentialAction\":[{\"@type\":\"ReadAction\",\"target\":[\"https:\\\/\\\/starlediluminacion.com\\\/en\\\/product\\\/recessed-led-6w-9w-12w-omnia-bridgelux-chip-ugr11-3cct-cri-92-front-interchangeable-2\\\/\"]}]},{\"@type\":\"ImageObject\",\"inLanguage\":\"de\",\"@id\":\"https:\\\/\\\/starlediluminacion.com\\\/en\\\/product\\\/recessed-led-6w-9w-12w-omnia-bridgelux-chip-ugr11-3cct-cri-92-front-interchangeable-2\\\/#primaryimage\",\"url\":\"https:\\\/\\\/starlediluminacion.com\\\/wp-content\\\/uploads\\\/2025\\\/06\\\/empotrable-led-6w-9w-12w-omnia-bridgelux-chip-ugr11-3cct-cri-92-front-intercambiable.jpg\",\"contentUrl\":\"https:\\\/\\\/starlediluminacion.com\\\/wp-content\\\/uploads\\\/2025\\\/06\\\/empotrable-led-6w-9w-12w-omnia-bridgelux-chip-ugr11-3cct-cri-92-front-intercambiable.jpg\",\"width\":744,\"height\":800},{\"@type\":\"BreadcrumbList\",\"@id\":\"https:\\\/\\\/starlediluminacion.com\\\/en\\\/product\\\/recessed-led-6w-9w-12w-omnia-bridgelux-chip-ugr11-3cct-cri-92-front-interchangeable-2\\\/#breadcrumb\",\"itemListElement\":[{\"@type\":\"ListItem\",\"position\":1,\"name\":\"Portada\",\"item\":\"https:\\\/\\\/starlediluminacion.com\\\/\"},{\"@type\":\"ListItem\",\"position\":2,\"name\":\"Shop\",\"item\":\"https:\\\/\\\/starlediluminacion.com\\\/shop-2\\\/\"},{\"@type\":\"ListItem\",\"position\":3,\"name\":\"Empotrable LED 6W &#8211; 9W &#8211; 12W &#8211; OMNIA &#8211; Bridgelux Chip &#8211; UGR11 &#8211; 3CCT &#8211; CRI +92 &#8211; Front Intercambiable\"}]},{\"@type\":\"WebSite\",\"@id\":\"https:\\\/\\\/starlediluminacion.com\\\/#website\",\"url\":\"https:\\\/\\\/starlediluminacion.com\\\/\",\"name\":\"STARLED Iluminacion\",\"description\":\"\",\"potentialAction\":[{\"@type\":\"SearchAction\",\"target\":{\"@type\":\"EntryPoint\",\"urlTemplate\":\"https:\\\/\\\/starlediluminacion.com\\\/?s={search_term_string}\"},\"query-input\":{\"@type\":\"PropertyValueSpecification\",\"valueRequired\":true,\"valueName\":\"search_term_string\"}}],\"inLanguage\":\"de\"}]}<\/script>\n<!-- \/ Yoast SEO plugin. -->","yoast_head_json":{"title":"Empotrable LED 6W - 9W - 12W - OMNIA - Bridgelux Chip - UGR11 - 3CCT - CRI +92 - Front Intercambiable - STARLED Iluminacion","robots":{"index":"index","follow":"follow","max-snippet":"max-snippet:-1","max-image-preview":"max-image-preview:large","max-video-preview":"max-video-preview:-1"},"canonical":"https:\/\/starlediluminacion.com\/de\/product\/recessed-led-6w-9w-12w-omnia-bridgelux-chip-ugr11-3cct-cri-92-front-interchangeable-2\/","og_locale":"de_DE","og_type":"article","og_title":"Empotrable LED 6W - 9W - 12W - OMNIA - Bridgelux Chip - UGR11 - 3CCT - CRI +92 - Front Intercambiable - STARLED Iluminacion","og_description":"Referencia: SLSP12WOM-CCT-91356      Downlight LED OMNIA\u00a0ofrece\u00a0potencia seleccionable de 6W, 9W y 12W, con\u00a0Chip Bridgelux de 130Lm\/W\u00a0para una eficiencia excepcional. Su tecnolog\u00eda\u00a03CCT (3000K - 4000K - 5700K)\u00a0permite ajustar la temperatura de color seg\u00fan el ambiente deseado. Con UGR11 para minimizar el deslumbramiento y CRI+92 para una reproducci\u00f3n crom\u00e1tica impecable, garantiza una iluminaci\u00f3n precisa y c\u00f3moda. Su \u00e1ngulo de apertura de 24\u00ba dirige la luz con precisi\u00f3n, mientras que su\u00a0anillo frontal Seleccionable\u00a0(Front Curvo Blanco,\u00a0Front Curvo Negro,\u00a0Front C\u00f3nico\u00a0Blanco,\u00a0Front C\u00f3nico Negro,\u00a0Front Mini-Hole blanco)\u00a0se adapta a cualquier estilo decorativo. \u00a1La opci\u00f3n ideal para espacios elegantes y funcionales!","og_url":"https:\/\/starlediluminacion.com\/de\/product\/recessed-led-6w-9w-12w-omnia-bridgelux-chip-ugr11-3cct-cri-92-front-interchangeable-2\/","og_site_name":"STARLED Iluminacion","article_modified_time":"2025-08-24T16:39:19+00:00","og_image":[{"width":744,"height":800,"url":"https:\/\/starlediluminacion.com\/wp-content\/uploads\/2025\/06\/empotrable-led-6w-9w-12w-omnia-bridgelux-chip-ugr11-3cct-cri-92-front-intercambiable.jpg","type":"image\/jpeg"}],"twitter_card":"summary_large_image","twitter_misc":{"Gesch\u00e4tzte Lesezeit":"4\u00a0Minuten"},"schema":{"@context":"https:\/\/schema.org","@graph":[{"@type":"WebPage","@id":"https:\/\/starlediluminacion.com\/en\/product\/recessed-led-6w-9w-12w-omnia-bridgelux-chip-ugr11-3cct-cri-92-front-interchangeable-2\/","url":"https:\/\/starlediluminacion.com\/en\/product\/recessed-led-6w-9w-12w-omnia-bridgelux-chip-ugr11-3cct-cri-92-front-interchangeable-2\/","name":"Empotrable LED 6W - 9W - 12W - OMNIA - Bridgelux Chip - UGR11 - 3CCT - CRI +92 - Front Intercambiable - STARLED Iluminacion","isPartOf":{"@id":"https:\/\/starlediluminacion.com\/#website"},"primaryImageOfPage":{"@id":"https:\/\/starlediluminacion.com\/en\/product\/recessed-led-6w-9w-12w-omnia-bridgelux-chip-ugr11-3cct-cri-92-front-interchangeable-2\/#primaryimage"},"image":{"@id":"https:\/\/starlediluminacion.com\/en\/product\/recessed-led-6w-9w-12w-omnia-bridgelux-chip-ugr11-3cct-cri-92-front-interchangeable-2\/#primaryimage"},"thumbnailUrl":"https:\/\/starlediluminacion.com\/wp-content\/uploads\/2025\/06\/empotrable-led-6w-9w-12w-omnia-bridgelux-chip-ugr11-3cct-cri-92-front-intercambiable.jpg","datePublished":"2025-06-01T08:46:46+00:00","dateModified":"2025-08-24T16:39:19+00:00","breadcrumb":{"@id":"https:\/\/starlediluminacion.com\/en\/product\/recessed-led-6w-9w-12w-omnia-bridgelux-chip-ugr11-3cct-cri-92-front-interchangeable-2\/#breadcrumb"},"inLanguage":"de","potentialAction":[{"@type":"ReadAction","target":["https:\/\/starlediluminacion.com\/en\/product\/recessed-led-6w-9w-12w-omnia-bridgelux-chip-ugr11-3cct-cri-92-front-interchangeable-2\/"]}]},{"@type":"ImageObject","inLanguage":"de","@id":"https:\/\/starlediluminacion.com\/en\/product\/recessed-led-6w-9w-12w-omnia-bridgelux-chip-ugr11-3cct-cri-92-front-interchangeable-2\/#primaryimage","url":"https:\/\/starlediluminacion.com\/wp-content\/uploads\/2025\/06\/empotrable-led-6w-9w-12w-omnia-bridgelux-chip-ugr11-3cct-cri-92-front-intercambiable.jpg","contentUrl":"https:\/\/starlediluminacion.com\/wp-content\/uploads\/2025\/06\/empotrable-led-6w-9w-12w-omnia-bridgelux-chip-ugr11-3cct-cri-92-front-intercambiable.jpg","width":744,"height":800},{"@type":"BreadcrumbList","@id":"https:\/\/starlediluminacion.com\/en\/product\/recessed-led-6w-9w-12w-omnia-bridgelux-chip-ugr11-3cct-cri-92-front-interchangeable-2\/#breadcrumb","itemListElement":[{"@type":"ListItem","position":1,"name":"Portada","item":"https:\/\/starlediluminacion.com\/"},{"@type":"ListItem","position":2,"name":"Shop","item":"https:\/\/starlediluminacion.com\/shop-2\/"},{"@type":"ListItem","position":3,"name":"Empotrable LED 6W &#8211; 9W &#8211; 12W &#8211; OMNIA &#8211; Bridgelux Chip &#8211; UGR11 &#8211; 3CCT &#8211; CRI +92 &#8211; Front Intercambiable"}]},{"@type":"WebSite","@id":"https:\/\/starlediluminacion.com\/#website","url":"https:\/\/starlediluminacion.com\/","name":"STARLED Iluminacion","description":"","potentialAction":[{"@type":"SearchAction","target":{"@type":"EntryPoint","urlTemplate":"https:\/\/starlediluminacion.com\/?s={search_term_string}"},"query-input":{"@type":"PropertyValueSpecification","valueRequired":true,"valueName":"search_term_string"}}],"inLanguage":"de"}]}},"_links":{"self":[{"href":"https:\/\/starlediluminacion.com\/de\/wp-json\/wp\/v3\/product\/15804","targetHints":{"allow":["GET"]}}],"collection":[{"href":"https:\/\/starlediluminacion.com\/de\/wp-json\/wp\/v3\/product"}],"about":[{"href":"https:\/\/starlediluminacion.com\/de\/wp-json\/wp\/v2\/types\/product"}],"wp:featuredmedia":[{"embeddable":true,"href":"https:\/\/starlediluminacion.com\/de\/wp-json\/wp\/v2\/media\/15818"}],"wp:attachment":[{"href":"https:\/\/starlediluminacion.com\/de\/wp-json\/wp\/v2\/media?parent=15804"}],"wp:term":[{"taxonomy":"product_cat","embeddable":true,"href":"https:\/\/starlediluminacion.com\/de\/wp-json\/wp\/v2\/product_cat?post=15804"},{"taxonomy":"product_tag","embeddable":true,"href":"https:\/\/starlediluminacion.com\/de\/wp-json\/wp\/v2\/product_tag?post=15804"}],"curies":[{"name":"wp","href":"https:\/\/api.w.org\/{rel}","templated":true}]}}