{"id":15712,"date":"2025-03-16T21:33:18","date_gmt":"2025-03-16T21:33:18","guid":{"rendered":"https:\/\/starlediluminacion.com\/?post_type=product&#038;p=15712"},"modified":"2025-06-01T08:23:43","modified_gmt":"2025-06-01T08:23:43","slug":"foco-de-carril-led-10w-monofasico-emmen-blanco-osram-chip-duris-e-2835","status":"publish","type":"product","link":"https:\/\/starlediluminacion.com\/de\/product\/led-schienenleuchte-10w-monophase-emmen-weis-osram-chip-duris-e-2835-2\/","title":{"rendered":"<p>LED-Schienenstrahler 10W Einphasig - EMMEN WEISS - OSRAM CHIP DURIS E 2835<\/p>"},"content":{"rendered":"<h1>Einphasen-Stromschienenstrahler EMMEN WHITE 10W mit GU10-Leuchtmittel<p>l&nbsp;<strong>Einphasen-Schienenstrahler f\u00fcr GU10-Lampen<\/strong>&nbsp;ist eine elegante und funktionelle Beleuchtungsl\u00f6sung, die f\u00fcr eine Vielzahl von Bed\u00fcrfnissen in kommerziellen, kulturellen und professionellen Umgebungen entwickelt wurde. Dieser aus hochwertigem Eisen gefertigte Strahler verbindet St\u00e4rke und Leichtigkeit mit einem minimalistischen Design, das sich perfekt in jeden Raum einf\u00fcgt.<\/p><p><strong>Hauptmerkmale<\/strong><\/p><ul>\n<li><strong>Inklusive GU10-Gl\u00fchbirne:<\/strong>&nbsp;Es bietet die Flexibilit\u00e4t, die am besten geeignete Temperatur je nach den Bed\u00fcrfnissen des Benutzers zu w\u00e4hlen. Sie k\u00f6nnen warmes, neutrales oder kaltes Licht w\u00e4hlen, um die Atmosph\u00e4re zu personalisieren.<\/li>\n<li><strong>Variabler Lichtwinkel:<\/strong>&nbsp;Erh\u00e4ltlich in Modellen mit verschiedenen \u00d6ffnungswinkeln f\u00fcr unterschiedliche Beleuchtungsanwendungen. Von engen Winkeln zur Hervorhebung bestimmter Details bis hin zu gr\u00f6\u00dferen Winkeln f\u00fcr eine gleichm\u00e4\u00dfige Allgemeinbeleuchtung.<\/li>\n<li><strong>Einstellbare Ausrichtung:<\/strong>&nbsp;Dieser Strahler ist vollst\u00e4ndig verstellbar, so dass das Licht in jede Richtung gelenkt werden kann. Dies ist besonders n\u00fctzlich, um die Beleuchtung je nach den Bed\u00fcrfnissen des Raumes oder der ausgestellten Produkte zu \u00e4ndern.<\/li>\n<li><strong>Einfache Installation:<\/strong>&nbsp;Ihr einphasiges Design und ihr geringes Gewicht erleichtern die Installation und Wartung und machen sie ideal f\u00fcr moderne und funktionale Beleuchtungsprojekte.<\/li>\n<\/ul><h2>Einsatzm\u00f6glichkeiten des EMMEN Stromschienenstrahlers BLACK - Einphasig | 10W<\/h2><p>Dieser LED-Schienenstrahler ist die ideale Wahl f\u00fcr eine Vielzahl von R\u00e4umen und Anwendungen:<\/p><ul>\n<li><strong>Gesch\u00e4fte und Schaufenster<\/strong>Heben Sie Produkte und Displays mit klarem, gut verteiltem Licht hervor.<\/li>\n<li><strong>Kunstgalerien und Museen<\/strong>Sein hoher CRI-Wert erm\u00f6glicht eine originalgetreue Wiedergabe von Farben in Gem\u00e4lden und Ausstellungsst\u00fccken.<\/li>\n<li><strong>Restaurants und Caf\u00e9s<\/strong>: Schaffen Sie gem\u00fctliche und elegante Atmosph\u00e4ren mit gezielter Beleuchtung.<\/li>\n<li><strong>Haushalte und B\u00fcros<\/strong>Perfekt f\u00fcr Wohnr\u00e4ume, K\u00fcchen oder Arbeitsbereiche, in denen eine effiziente und moderne Beleuchtung ben\u00f6tigt wird.<\/li>\n<li><strong>Hotels und Gesch\u00e4ftsr\u00e4ume<\/strong>\u00c4sthetische und funktionale Verbesserung von Fluren, Rezeptionen und Sitzungsr\u00e4umen.<\/li>\n<\/ul><h3><strong>Zus\u00e4tzliche Leistungen<\/strong><\/h3><ul>\n<li><strong>Moderner Stil:<\/strong>&nbsp;Sein diskretes und elegantes Design macht ihn zu einer idealen Erg\u00e4nzung f\u00fcr jedes architektonische Projekt.<\/li>\n<li><strong>Langlebigkeit:<\/strong>&nbsp;Er ist aus Aluminium gefertigt und gew\u00e4hrleistet Verschlei\u00dffestigkeit und eine lange Lebensdauer.<\/li>\n<li><strong>Flexibilit\u00e4t bei Beleuchtungsprojekten:<\/strong>&nbsp;Sie kann sowohl f\u00fcr gem\u00fctliche Atmosph\u00e4ren als auch f\u00fcr leistungsstarke technische Beleuchtung eingesetzt werden.<\/li>\n<\/ul><h3 class=\"h6\">Produktdatenblatt<\/h3><dl class=\"data-sheet\">\n<dt class=\"name\"><img loading=\"lazy\" decoding=\"async\" src=\"https:\/\/www.factorled.com\/modules\/oa_features\/img\/2-default.jpg\" width=\"32\" height=\"32\">&nbsp;REFERENZ<\/dt>\n<dd class=\"value\">TKMW10W<\/dd>\n<dt class=\"name\"><img loading=\"lazy\" decoding=\"async\" src=\"https:\/\/www.factorled.com\/modules\/oa_features\/img\/3-default.jpg\" width=\"32\" height=\"32\">&nbsp;Nennleistung<\/dt>\n<dd class=\"value\">10W<\/dd>\n<dt class=\"name\"><img loading=\"lazy\" decoding=\"async\" src=\"https:\/\/www.factorled.com\/modules\/oa_features\/img\/4-default.jpg\" width=\"32\" height=\"32\">&nbsp;Nennspannung<\/dt>\n<dd class=\"value\">220-240V<\/dd>\n<dt class=\"name\"><img loading=\"lazy\" decoding=\"async\" src=\"https:\/\/www.factorled.com\/modules\/oa_features\/img\/5-default.jpg\" width=\"32\" height=\"32\">&nbsp;Licht Temperatur<\/dt>\n<dd class=\"value\">2700K - 4000K - 5700K<\/dd>\n<dt class=\"name\"><img loading=\"lazy\" decoding=\"async\" src=\"https:\/\/www.factorled.com\/modules\/oa_features\/img\/6-default.jpg\" width=\"32\" height=\"32\">&nbsp;CRI - Farbwiedergabe-Index<\/dt>\n<dd class=\"value\">80<\/dd>\n<dt class=\"name\"><img loading=\"lazy\" decoding=\"async\" src=\"https:\/\/www.factorled.com\/modules\/oa_features\/img\/25-default.jpg\" width=\"32\" height=\"32\">&nbsp;Baumaterial<\/dt>\n<dd class=\"value\">Hieroo + PC + Kristall<\/dd>\n<dt class=\"name\"><img loading=\"lazy\" decoding=\"async\" src=\"https:\/\/www.factorled.com\/modules\/oa_features\/img\/8-default.jpg\" width=\"32\" height=\"32\">&nbsp;Leuchtkraft-Lm<\/dt>\n<dd class=\"value\">1100<\/dd>\n<dt class=\"name\"><img loading=\"lazy\" decoding=\"async\" src=\"https:\/\/www.factorled.com\/modules\/oa_features\/img\/9-default.jpg\" width=\"32\" height=\"32\">&nbsp;Art der LEDs<\/dt>\n<dd class=\"value\">SMD 2835 OSRAM CHIP<\/dd>\n<dt class=\"name\"><img loading=\"lazy\" decoding=\"async\" src=\"https:\/\/www.factorled.com\/modules\/oa_features\/img\/10-default.jpg\" width=\"32\" height=\"32\">&nbsp;\u00d6ffnungswinkel (\u00ba)<\/dt>\n<dd class=\"value\">24\u00ba<\/dd>\n<dt class=\"name\"><img loading=\"lazy\" decoding=\"async\" src=\"https:\/\/www.factorled.com\/modules\/oa_features\/img\/12-default.jpg\" width=\"32\" height=\"32\">&nbsp;LED-Dioden-Wirkungsgrad (Lm\/W)<\/dt>\n<dd class=\"value\">120Lm\/W<\/dd>\n<dt class=\"name\"><img loading=\"lazy\" decoding=\"async\" src=\"https:\/\/www.factorled.com\/modules\/oa_features\/img\/13-default.jpg\" width=\"32\" height=\"32\">&nbsp;Lichtausbeute (Lm\/W)<\/dt>\n<dd class=\"value\">110 Lm\/W<\/dd>\n<dt class=\"name\"><img loading=\"lazy\" decoding=\"async\" src=\"https:\/\/www.factorled.com\/modules\/oa_features\/img\/15-default.jpg\" width=\"32\" height=\"32\">&nbsp;Bescheinigungen<\/dt>\n<dd class=\"value\">CE, CMIM, RoHS<\/dd>\n<dt class=\"name\"><img loading=\"lazy\" decoding=\"async\" src=\"https:\/\/www.factorled.com\/modules\/oa_features\/img\/16-default.jpg\" width=\"32\" height=\"32\">&nbsp;IP-Einstufung<\/dt>\n<dd class=\"value\">IP20<\/dd>\n<dt class=\"name\"><img loading=\"lazy\" decoding=\"async\" src=\"https:\/\/www.factorled.com\/modules\/oa_features\/img\/17-default.jpg\" width=\"32\" height=\"32\">&nbsp;Gesch\u00e4tzte Lebensdauer LED-Diode (H)<\/dt>\n<dd class=\"value\">30.000<\/dd>\n<dt class=\"name\"><img loading=\"lazy\" decoding=\"async\" src=\"https:\/\/www.factorled.com\/modules\/oa_features\/img\/21-default.jpg\" width=\"32\" height=\"32\">&nbsp;Arbeitsfrequenz (Hz)<\/dt>\n<dd class=\"value\">50\/60Hz<\/dd>\n<dt class=\"name\"><img loading=\"lazy\" decoding=\"async\" src=\"https:\/\/www.factorled.com\/modules\/oa_features\/img\/22-default.jpg\" width=\"32\" height=\"32\">&nbsp;Temperaturbereich (\u00baC)<\/dt>\n<dd class=\"value\">-20\u00ba ~ +40\u00ba.<\/dd>\n<dt class=\"name\"><img loading=\"lazy\" decoding=\"async\" src=\"https:\/\/www.factorled.com\/modules\/oa_features\/img\/23-default.jpg\" width=\"32\" height=\"32\">&nbsp;Z\u00fcndungszyklen<\/dt>\n<dd class=\"value\">12500<\/dd>\n<dt class=\"name\"><img loading=\"lazy\" decoding=\"async\" src=\"https:\/\/www.factorled.com\/modules\/oa_features\/img\/24-default.jpg\" width=\"32\" height=\"32\">&nbsp;Anlaufzeit (s)<\/dt>\n<dd class=\"value\">0,2s<\/dd>\n<dt class=\"name\"><img loading=\"lazy\" decoding=\"async\" src=\"https:\/\/www.factorled.com\/modules\/oa_features\/img\/7-default.jpg\" width=\"32\" height=\"32\">&nbsp;Energieklasse (2021-EU-2019\/2015)<\/dt>\n<dd class=\"value\">A+<\/dd>\n<dt class=\"name\"><img loading=\"lazy\" decoding=\"async\" src=\"https:\/\/www.factorled.com\/modules\/oa_features\/img\/75-default.jpg\" width=\"32\" height=\"32\">&nbsp;Gew\u00e4hrleistungsjahre<\/dt>\n<dd class=\"value\">3<\/dd>\n<dt class=\"name\"><img loading=\"lazy\" decoding=\"async\" src=\"https:\/\/www.factorled.com\/modules\/oa_features\/img\/103-default.jpg\" width=\"32\" height=\"32\">&nbsp;Farbe des K\u00f6rpers<\/dt>\n<dd class=\"value\">Wei\u00df<\/dd>\n<dt class=\"name\"><img loading=\"lazy\" decoding=\"async\" src=\"https:\/\/www.factorled.com\/modules\/oa_features\/img\/104-default.jpg\" width=\"32\" height=\"32\">&nbsp;Fertigstellung<\/dt>\n<dd class=\"value\">Mate<\/dd>\n<\/dl><\/h1>","protected":false},"excerpt":{"rendered":"<div class=\"product-reference\"><strong><label class=\"label\">Referenz:<\/label> SLTKMW10W-91138<\/strong>\n<div><\/div>\n<div class=\"product-description-short\">\n<div id=\"product-description-short-3853\">\n<p><strong>Einphasiger Stromschienenstrahler mit GU10-Gl\u00fchbirne, aus Eisen,<\/strong>&nbsp;vereint Vielseitigkeit und funktionelles Design. Dank der einfachen Installation und der verstellbaren Leistung kann das Licht in jede beliebige Richtung gelenkt werden, ideal f\u00fcr die Anpassung der Beleuchtung an Ihre Bed\u00fcrfnisse. Ideal f\u00fcr Leseecken, Schaufenster oder Produktpr\u00e4sentationen.<\/p>\n<p><strong>Eine praktische und elegante L\u00f6sung, um Ihre R\u00e4ume hervorzuheben!<\/strong><\/p>\n<p><strong>Farbtemperatur: 2700K\/4000K\/5700K<\/strong><\/p>\n<\/div>\n<\/div><\/div>","protected":false},"featured_media":15718,"template":"","meta":{"site-sidebar-layout":"default","site-content-layout":"default","ast-global-header-display":"","ast-main-header-display":"","ast-hfb-above-header-display":"","ast-hfb-below-header-display":"","ast-hfb-mobile-header-display":"","site-post-title":"","ast-breadcrumbs-content":"","ast-featured-img":"","footer-sml-layout":"","theme-transparent-header-meta":"default","adv-header-id-meta":"","stick-header-meta":"","header-above-stick-meta":"","header-main-stick-meta":"","header-below-stick-meta":""},"product_cat":[32,76],"product_tag":[],"class_list":["post-15712","product","type-product","status-publish","has-post-thumbnail","hentry","product_cat-iluminacion-comercial-para-tienda","product_cat-iluminacion-led-carril"],"_links":{"self":[{"href":"https:\/\/starlediluminacion.com\/de\/wp-json\/wp\/v3\/product\/15712","targetHints":{"allow":["GET"]}}],"collection":[{"href":"https:\/\/starlediluminacion.com\/de\/wp-json\/wp\/v3\/product"}],"about":[{"href":"https:\/\/starlediluminacion.com\/de\/wp-json\/wp\/v2\/types\/product"}],"wp:featuredmedia":[{"embeddable":true,"href":"https:\/\/starlediluminacion.com\/de\/wp-json\/wp\/v2\/media\/15718"}],"wp:attachment":[{"href":"https:\/\/starlediluminacion.com\/de\/wp-json\/wp\/v2\/media?parent=15712"}],"wp:term":[{"taxonomy":"product_cat","embeddable":true,"href":"https:\/\/starlediluminacion.com\/de\/wp-json\/wp\/v2\/product_cat?post=15712"},{"taxonomy":"product_tag","embeddable":true,"href":"https:\/\/starlediluminacion.com\/de\/wp-json\/wp\/v2\/product_tag?post=15712"}],"curies":[{"name":"wp","href":"https:\/\/api.w.org\/{rel}","templated":true}]}}