{"id":15661,"date":"2025-03-16T20:43:26","date_gmt":"2025-03-16T20:43:26","guid":{"rendered":"https:\/\/starlediluminacion.com\/?post_type=product&#038;p=15661"},"modified":"2025-06-01T08:23:03","modified_gmt":"2025-06-01T08:23:03","slug":"modulo-optico-led-40w-smd3030-bridgelux-para-farola-driver-gxtronic-40w","status":"publish","type":"product","link":"https:\/\/starlediluminacion.com\/de\/product\/optisches-optisches-modul-led-40w-smd3030-bridgelux-fur-treiber-gxtronic-40w-2\/","title":{"rendered":"<p>Bridgelux LED Optisches Modul 40W - SMD3030 f\u00fcr Stra\u00dfenbeleuchtung - Treiber GXTronic 40W<\/p>"},"content":{"rendered":"<h1>Bridgelux 40W LED Optisches Modul f\u00fcr Stra\u00dfenbeleuchtung<p>Die&nbsp;<b>LED-Retrofit-Lichtblockmodul 40w<\/b>&nbsp;Die Gl\u00fchbirnen, die sehr umweltsch\u00e4dlich waren, werden als Ersatz f\u00fcr die alten Gl\u00fchbirnen verwendet, und dank ihrer Leistung sorgen sie f\u00fcr eine gro\u00dfartige Beleuchtung in den Stra\u00dfen.&nbsp;<b>Stra\u00dfenlaternen<\/b>&nbsp;und erreicht bis zu 5400 Lumen.<\/p><p>Die Qualit\u00e4t seiner Materialien macht ihn zu einem unverzichtbaren Produkt f\u00fcr die Erzeugung sauberer und langlebiger Energie.<\/p><p>Der Vorteil unseres LED-Optikfachs ist neben seiner&nbsp;<strong>hohe Leuchtkraft<\/strong>seine sofortige Z\u00fcndung.<\/p><p>Der Block integriert den hochwertigen Treiber von&nbsp;<strong>GXTronic<\/strong>&nbsp;Lebensdauer von mehr als 50.000 Betriebsstunden.<\/p><p>Das Retrofit-Design dieser Leuchte l\u00e4sst sich sehr gut in bestehende Leuchten integrieren.<\/p><p>Hergestellt aus hochreinem Aluminium f\u00fcr verbesserte W\u00e4rmeableitung.<\/p><p>Unsere LED-basierten optischen F\u00e4cher sind 100%-nachr\u00fcstbar und gem\u00e4\u00df der Richtlinie 2004\/108\/EG \u00fcber elektromagnetische Vertr\u00e4glichkeit, der Richtlinie 2006\/95\/EG \u00fcber Niederspannung und der Richtlinie 2009\/125\/EG \u00fcber \u00d6kodesign-Anforderungen zugelassen.<\/p><p>Die optische LED-Baugruppe ist mit einer&nbsp;<strong>hohes Ma\u00df an Schutz<\/strong>&nbsp;Der IP65-Schutz gegen das Eindringen von festen und fl\u00fcssigen Partikeln besteht aus einem thermisch geh\u00e4rteten PMMA-Refraktor, der gegen pl\u00f6tzliche Temperaturschwankungen resistent ist, mit einer Silikondichtung abgedichtet wird und ein Verschlusssystem mit Edelstahlschrauben besitzt.<br>\nDie LED-Retrofit-Optik begrenzt den Lichtstrom, der in die obere Hemisph\u00e4re der Leuchte abgestrahlt wird, so weit wie m\u00f6glich.<\/p><p><strong>5 Jahre Garantie.<\/strong><\/p><h2>Einsatzm\u00f6glichkeiten des Bridgelux 40W LED Optikmoduls f\u00fcr Stra\u00dfenleuchten<\/h2><ul>\n<li>Stra\u00dfen<\/li>\n<li>Parks<\/li>\n<li>Orte<\/li>\n<li>G\u00e4rten<\/li>\n<li>Wege<\/li>\n<li>H\u00f6fe<\/li>\n<\/ul><h3 class=\"h6\">Produktdatenblatt<\/h3><dl class=\"data-sheet\">\n<dt class=\"name\"><img loading=\"lazy\" decoding=\"async\" src=\"https:\/\/www.factorled.com\/modules\/oa_features\/img\/2-default.jpg\" width=\"32\" height=\"32\">&nbsp;REFERENZ<\/dt>\n<dd class=\"value\">LM40W<\/dd>\n<dt class=\"name\"><img loading=\"lazy\" decoding=\"async\" src=\"https:\/\/www.factorled.com\/modules\/oa_features\/img\/3-default.jpg\" width=\"32\" height=\"32\">&nbsp;Nennleistung<\/dt>\n<dd class=\"value\">40w<\/dd>\n<dt class=\"name\"><img loading=\"lazy\" decoding=\"async\" src=\"https:\/\/www.factorled.com\/modules\/oa_features\/img\/4-default.jpg\" width=\"32\" height=\"32\">&nbsp;Nennspannung<\/dt>\n<dd class=\"value\">85V-265V<\/dd>\n<dt class=\"name\"><img loading=\"lazy\" decoding=\"async\" src=\"https:\/\/www.factorled.com\/modules\/oa_features\/img\/5-default.jpg\" width=\"32\" height=\"32\">&nbsp;Licht Temperatur<\/dt>\n<dd class=\"value\">3000K - 4000K - 6000K<\/dd>\n<dt class=\"name\"><img loading=\"lazy\" decoding=\"async\" src=\"https:\/\/www.factorled.com\/modules\/oa_features\/img\/6-default.jpg\" width=\"32\" height=\"32\">&nbsp;CRI - Farbwiedergabe-Index<\/dt>\n<dd class=\"value\">70<\/dd>\n<dt class=\"name\"><img loading=\"lazy\" decoding=\"async\" src=\"https:\/\/www.factorled.com\/modules\/oa_features\/img\/25-default.jpg\" width=\"32\" height=\"32\">&nbsp;Baumaterial<\/dt>\n<dd class=\"value\">Aluminium +PMMA<\/dd>\n<dt class=\"name\"><img loading=\"lazy\" decoding=\"async\" src=\"https:\/\/www.factorled.com\/modules\/oa_features\/img\/8-default.jpg\" width=\"32\" height=\"32\">&nbsp;Leuchtkraft-Lm<\/dt>\n<dd class=\"value\">5400<\/dd>\n<dt class=\"name\"><img loading=\"lazy\" decoding=\"async\" src=\"https:\/\/www.factorled.com\/modules\/oa_features\/img\/9-default.jpg\" width=\"32\" height=\"32\">&nbsp;Art der LEDs<\/dt>\n<dd class=\"value\">SMD 3030 4 Kerne Bridgelux Chip 2240 DS-C30<\/dd>\n<dt class=\"name\"><img loading=\"lazy\" decoding=\"async\" src=\"https:\/\/www.factorled.com\/modules\/oa_features\/img\/10-default.jpg\" width=\"32\" height=\"32\">&nbsp;\u00d6ffnungswinkel (\u00ba)<\/dt>\n<dd class=\"value\">80\u00ba - 150\u00ba.<\/dd>\n<dt class=\"name\"><img loading=\"lazy\" decoding=\"async\" src=\"https:\/\/www.factorled.com\/modules\/oa_features\/img\/12-default.jpg\" width=\"32\" height=\"32\">&nbsp;LED-Dioden-Wirkungsgrad (Lm\/W)<\/dt>\n<dd class=\"value\">160 Lm\/w<\/dd>\n<dt class=\"name\"><img loading=\"lazy\" decoding=\"async\" src=\"https:\/\/www.factorled.com\/modules\/oa_features\/img\/13-default.jpg\" width=\"32\" height=\"32\">&nbsp;Lichtausbeute (Lm\/W)<\/dt>\n<dd class=\"value\">135Lm\/W<\/dd>\n<dt class=\"name\"><img loading=\"lazy\" decoding=\"async\" src=\"https:\/\/www.factorled.com\/modules\/oa_features\/img\/15-default.jpg\" width=\"32\" height=\"32\">&nbsp;Bescheinigungen<\/dt>\n<dd class=\"value\">CE - ROHS<\/dd>\n<dt class=\"name\"><img loading=\"lazy\" decoding=\"async\" src=\"https:\/\/www.factorled.com\/modules\/oa_features\/img\/16-default.jpg\" width=\"32\" height=\"32\">&nbsp;IP-Einstufung<\/dt>\n<dd class=\"value\">IP67-Au\u00dfenbereich<\/dd>\n<dt class=\"name\"><img loading=\"lazy\" decoding=\"async\" src=\"https:\/\/www.factorled.com\/modules\/oa_features\/img\/17-default.jpg\" width=\"32\" height=\"32\">&nbsp;Gesch\u00e4tzte Lebensdauer LED-Diode (H)<\/dt>\n<dd class=\"value\">40.000<\/dd>\n<dt class=\"name\"><img loading=\"lazy\" decoding=\"async\" src=\"https:\/\/www.factorled.com\/modules\/oa_features\/img\/18-default.jpg\" width=\"32\" height=\"32\">&nbsp;Abmessungen (mm)<\/dt>\n<dd class=\"value\">125x95x30mm<\/dd>\n<dt class=\"name\"><img loading=\"lazy\" decoding=\"async\" src=\"https:\/\/www.factorled.com\/modules\/oa_features\/img\/20-default.jpg\" width=\"32\" height=\"32\">&nbsp;Leistungsfaktor (PF)<\/dt>\n<dd class=\"value\">0.96<\/dd>\n<dt class=\"name\"><img loading=\"lazy\" decoding=\"async\" src=\"https:\/\/www.factorled.com\/modules\/oa_features\/img\/21-default.jpg\" width=\"32\" height=\"32\">&nbsp;Arbeitsfrequenz (Hz)<\/dt>\n<dd class=\"value\">50\/60Hz<\/dd>\n<dt class=\"name\"><img loading=\"lazy\" decoding=\"async\" src=\"https:\/\/www.factorled.com\/modules\/oa_features\/img\/22-default.jpg\" width=\"32\" height=\"32\">&nbsp;Temperaturbereich (\u00baC)<\/dt>\n<dd class=\"value\">-15\u00baC ~ +70\u00baC<\/dd>\n<dt class=\"name\"><img loading=\"lazy\" decoding=\"async\" src=\"https:\/\/www.factorled.com\/modules\/oa_features\/img\/23-default.jpg\" width=\"32\" height=\"32\">&nbsp;Z\u00fcndungszyklen<\/dt>\n<dd class=\"value\">100.000<\/dd>\n<dt class=\"name\"><img loading=\"lazy\" decoding=\"async\" src=\"https:\/\/www.factorled.com\/modules\/oa_features\/img\/24-default.jpg\" width=\"32\" height=\"32\">&nbsp;Anlaufzeit (s)<\/dt>\n<dd class=\"value\">0,2s<\/dd>\n<dt class=\"name\"><img loading=\"lazy\" decoding=\"async\" src=\"https:\/\/www.factorled.com\/modules\/oa_features\/img\/26-default.jpg\" width=\"32\" height=\"32\">&nbsp;Zus\u00e4tzliche Informationen<\/dt>\n<dd class=\"value\">Treiber: 23-42VDC- 1000mA<\/dd>\n<dt class=\"name\"><img loading=\"lazy\" decoding=\"async\" src=\"https:\/\/www.factorled.com\/modules\/oa_features\/img\/73-default.jpg\" width=\"32\" height=\"32\">&nbsp;Aufprallschutz (IK)<\/dt>\n<dd class=\"value\">IK10<\/dd>\n<dt class=\"name\"><img loading=\"lazy\" decoding=\"async\" src=\"https:\/\/www.factorled.com\/modules\/oa_features\/img\/74-default.jpg\" width=\"32\" height=\"32\">&nbsp;Inklusive Treiber<\/dt>\n<dd class=\"value\">YES<\/dd>\n<dt class=\"name\"><img loading=\"lazy\" decoding=\"async\" src=\"https:\/\/www.factorled.com\/modules\/oa_features\/img\/7-default.jpg\" width=\"32\" height=\"32\">&nbsp;Energieklasse (2021-EU-2019\/2015)<\/dt>\n<dd class=\"value\">A+<\/dd>\n<dt class=\"name\"><img loading=\"lazy\" decoding=\"async\" src=\"https:\/\/www.factorled.com\/modules\/oa_features\/img\/101-default.jpg\" width=\"32\" height=\"32\">&nbsp;Energieklasse (2023 - EU-2019\/2015)<\/dt>\n<dd class=\"value\">C<\/dd>\n<dt class=\"name\"><img loading=\"lazy\" decoding=\"async\" src=\"https:\/\/www.factorled.com\/modules\/oa_features\/img\/75-default.jpg\" width=\"32\" height=\"32\">&nbsp;Gew\u00e4hrleistungsjahre<\/dt>\n<dd class=\"value\">5<\/dd>\n<dt class=\"name\"><img loading=\"lazy\" decoding=\"async\" src=\"https:\/\/www.factorled.com\/modules\/oa_features\/img\/133-default.jpg\" width=\"32\" height=\"32\">&nbsp;Einheiten pro Masterbox<\/dt>\n<dd class=\"value\">20<\/dd>\n<\/dl><\/h1>","protected":false},"excerpt":{"rendered":"<div class=\"product-reference\"><strong><label class=\"label\">Referenz:<\/label> SLLM40W<\/strong>\n<div><\/div>\n<div class=\"product-description-short\">\n<div id=\"product-description-short-3847\">\n<p>Optischer Block von&nbsp;<strong>LED<\/strong>&nbsp;mit der Kraft von&nbsp;<strong>40W<\/strong>&nbsp;und wird mit einem Team von 54 Dioden hergestellt.&nbsp;<strong>LEDs<\/strong>&nbsp;<strong>SMD 3030 4-Kern Bridgelux 2240 DS-C30.<\/strong>&nbsp;Dieses IP65-Modul ist f\u00fcr den Einbau in Stra\u00dfenlaternen vorgesehen. Hervorragende W\u00e4rmeableitung, die sich in einer wesentlich l\u00e4ngeren Nutzungsdauer und gro\u00dfen Energieeinsparungen niederschl\u00e4gt, was es zu einem hocheffizienten Produkt macht.<\/p>\n<p><strong>Farbtemperatur: 2200K\/3000K\/4000K\/6000K<\/strong><\/p>\n<\/div>\n<\/div><\/div>","protected":false},"featured_media":15674,"template":"","meta":{"site-sidebar-layout":"default","site-content-layout":"default","ast-global-header-display":"","ast-main-header-display":"","ast-hfb-above-header-display":"","ast-hfb-below-header-display":"","ast-hfb-mobile-header-display":"","site-post-title":"","ast-breadcrumbs-content":"","ast-featured-img":"","footer-sml-layout":"","theme-transparent-header-meta":"default","adv-header-id-meta":"","stick-header-meta":"","header-above-stick-meta":"","header-main-stick-meta":"","header-below-stick-meta":""},"product_cat":[30,98],"product_tag":[],"class_list":["post-15661","product","type-product","status-publish","has-post-thumbnail","hentry","product_cat-iluminacion-publica-y-vial","product_cat-lamparas-y-modulos-para-farolas-led"],"_links":{"self":[{"href":"https:\/\/starlediluminacion.com\/de\/wp-json\/wp\/v3\/product\/15661","targetHints":{"allow":["GET"]}}],"collection":[{"href":"https:\/\/starlediluminacion.com\/de\/wp-json\/wp\/v3\/product"}],"about":[{"href":"https:\/\/starlediluminacion.com\/de\/wp-json\/wp\/v2\/types\/product"}],"wp:featuredmedia":[{"embeddable":true,"href":"https:\/\/starlediluminacion.com\/de\/wp-json\/wp\/v2\/media\/15674"}],"wp:attachment":[{"href":"https:\/\/starlediluminacion.com\/de\/wp-json\/wp\/v2\/media?parent=15661"}],"wp:term":[{"taxonomy":"product_cat","embeddable":true,"href":"https:\/\/starlediluminacion.com\/de\/wp-json\/wp\/v2\/product_cat?post=15661"},{"taxonomy":"product_tag","embeddable":true,"href":"https:\/\/starlediluminacion.com\/de\/wp-json\/wp\/v2\/product_tag?post=15661"}],"curies":[{"name":"wp","href":"https:\/\/api.w.org\/{rel}","templated":true}]}}