{"id":1563,"date":"2022-07-31T18:31:49","date_gmt":"2022-07-31T18:31:49","guid":{"rendered":"https:\/\/starlediluminacion.com\/?post_type=product&#038;p=1563"},"modified":"2022-08-27T15:38:43","modified_gmt":"2022-08-27T15:38:43","slug":"tubos-led","status":"publish","type":"product","link":"https:\/\/starlediluminacion.com\/de\/product\/led-rohren\/","title":{"rendered":"<p>LED-Gl\u00fchbirne 10W SMART Wifi RGB+CCT + Fernbedienung - A60 Dimmbar - E27<\/p>"},"content":{"rendered":"<p><strong><label>REFERENZ: SL-<span style=\"font-size: 16px;\">IWSMA60-REMOTE<\/span><\/label><\/strong><p>Die&nbsp;<strong>10W SMART Wifi LED-Gl\u00fchbirne&nbsp;<\/strong>+ Fernbedienung A60 f\u00fcr Buchse&nbsp;<strong>E27<\/strong>Die Farbauswahlfunktion ist verf\u00fcgbar&nbsp;<strong>RGB + Wei\u00df<\/strong>Die Steuerung erfolgt \u00fcber eine mobile App via WIFI-Verbindung oder \u00fcber Google Home und Alexa.<\/p><h1>LED-Gl\u00fchbirne E27 10W SMART Wifi RGB+CCT + Fernbedienung<\/h1><p>Die&nbsp;<strong>Gl\u00fchbirne E27 10W LED SMART WIFI + Fernbedienung<\/strong>Dieses Ger\u00e4t bietet die M\u00f6glichkeit, sowohl die Farbe der einzelnen Dioden (<strong>RGB<\/strong>) sowie seine Helligkeit und Farbtemperatur, die von warmen Farben (2700K) bis zu k\u00fchleren Farben (6500K) eingestellt werden kann, um sie an die Bed\u00fcrfnisse aller Benutzer anzupassen. Kombinieren Sie ihn mit anderen SMART-Ger\u00e4ten und schaffen Sie einzigartige Momente in Ihrem Zuhause.<\/p><p>&nbsp;<\/p><h2>Konfiguration LED-Gl\u00fchbirne E27 10W SMART Wifi RGB+CCT + Fernbedienung:<\/h2><ul>\n<li>Schlie\u00dfen Sie die Gl\u00fchbirne an das Stromnetz an.<\/li>\n<li>3-maliges Ein- und Ausschalten<\/li>\n<li>Die Gl\u00fchbirne sollte anfangen zu blinken.<\/li>\n<li>Wenn die Gl\u00fchbirne nicht blinkt, warten Sie 10 Sekunden und wiederholen Sie den Vorgang.<\/li>\n<li>Von nun an k\u00f6nnen Sie es mit der APP verkn\u00fcpfen.<\/li>\n<\/ul><p>Sie hat eine Gesamt&nbsp;<strong>Kompatibilit\u00e4t<\/strong>&nbsp; mit&nbsp;<strong>Amazon Alexa, Google Home und intelligentes Leben<\/strong>&nbsp;sowie IOs und Android-Betriebssysteme. Die Implementierung ist sehr einfach und intuitiv \u00fcber unsere kostenlose App IWIIK oder TUYA.<\/p><p>Verwandeln Sie Ihr Zuhause in ein smartes Zuhause dank der Smart WIFI IWIIK Produkte, die Sie in unserem Online-Shop finden.<\/p><p><strong>TECHNISCHE DATEN<\/strong><\/p><div class=\"col-xs-12 col-md-6\">\n<table class=\"table table-data-sheet 1\">\n<tbody>\n<tr class=\"odd\">\n<td valign=\"middle\" width=\"32\"><\/td>\n<td valign=\"middle\">REFERENZEN :<\/td>\n<td valign=\"middle\">SL-IWSMA60-FERNBEDIENUNG<\/td>\n<\/tr>\n<tr class=\"even\">\n<td valign=\"middle\" width=\"32\"><\/td>\n<td valign=\"middle\">Nennleistung :<\/td>\n<td valign=\"middle\">10W<\/td>\n<\/tr>\n<tr class=\"odd\">\n<td valign=\"middle\" width=\"32\"><\/td>\n<td valign=\"middle\">Nennspannung:<\/td>\n<td valign=\"middle\">220V-240V<\/td>\n<\/tr>\n<tr class=\"even\">\n<td valign=\"middle\" width=\"32\"><\/td>\n<td valign=\"middle\">Lichttemperatur:<\/td>\n<td valign=\"middle\">RGB+CCT<\/td>\n<\/tr>\n<tr class=\"odd\">\n<td valign=\"middle\" width=\"32\"><\/td>\n<td valign=\"middle\">CRI - Farbwiedergabeindex:<\/td>\n<td valign=\"middle\">85<\/td>\n<\/tr>\n<tr class=\"even\">\n<td valign=\"middle\" width=\"32\"><\/td>\n<td valign=\"middle\">Baumaterial:<\/td>\n<td valign=\"middle\">Aluminium +PC<\/td>\n<\/tr>\n<tr class=\"odd\">\n<td valign=\"middle\" width=\"32\"><\/td>\n<td valign=\"middle\">Leuchtkraft-Lm:<\/td>\n<td valign=\"middle\">806<\/td>\n<\/tr>\n<tr class=\"even\">\n<td valign=\"middle\" width=\"32\"><\/td>\n<td valign=\"middle\">Art der LEDs:<\/td>\n<td valign=\"middle\">SMD<\/td>\n<\/tr>\n<tr class=\"odd\">\n<td valign=\"middle\" width=\"32\"><\/td>\n<td valign=\"middle\">\u00d6ffnungswinkel (\u00ba):<\/td>\n<td valign=\"middle\">300\u00ba<\/td>\n<\/tr>\n<tr class=\"even\">\n<td valign=\"middle\" width=\"32\"><\/td>\n<td valign=\"middle\">Effizienz der LED-Diode (Lm\/W):<\/td>\n<td valign=\"middle\">120Lm\/W<\/td>\n<\/tr>\n<tr class=\"odd\">\n<td valign=\"middle\" width=\"32\"><\/td>\n<td valign=\"middle\">Lichtausbeute (Lm\/W):<\/td>\n<td valign=\"middle\">80 Lm\/W<\/td>\n<\/tr>\n<tr class=\"even\">\n<td valign=\"middle\" width=\"32\"><\/td>\n<td valign=\"middle\">Dimmbar:<\/td>\n<td valign=\"middle\">YES<\/td>\n<\/tr>\n<\/tbody>\n<\/table>\n<\/div><div class=\"col-xs-12 col-md-6 2\">\n<table class=\"table table-data-sheet 2\">\n<tbody>\n<tr class=\"odd\">\n<td valign=\"middle\" width=\"32\"><\/td>\n<td valign=\"middle\">Buchse:<\/td>\n<td valign=\"middle\">E27<\/td>\n<\/tr>\n<tr class=\"even\">\n<td valign=\"middle\" width=\"32\"><\/td>\n<td valign=\"middle\">Bescheinigungen:<\/td>\n<td valign=\"middle\">CE - ROHS<\/td>\n<\/tr>\n<tr class=\"odd\">\n<td valign=\"middle\" width=\"32\"><\/td>\n<td valign=\"middle\">IP-Bewertung:<\/td>\n<td valign=\"middle\">IP20<\/td>\n<\/tr>\n<tr class=\"even\">\n<td valign=\"middle\" width=\"32\"><\/td>\n<td valign=\"middle\">Gesch\u00e4tzte Lebensdauer der LED-Diode (H):<\/td>\n<td valign=\"middle\">30.000<\/td>\n<\/tr>\n<tr class=\"odd\">\n<td valign=\"middle\" width=\"32\"><\/td>\n<td valign=\"middle\">Abmessungen (mm):<\/td>\n<td valign=\"middle\">\u00d860\u00d7120 mm<\/td>\n<\/tr>\n<tr class=\"even\">\n<td valign=\"middle\" width=\"32\"><\/td>\n<td valign=\"middle\">Arbeitsfrequenz (Hz):<\/td>\n<td valign=\"middle\">50\/60Hz<\/td>\n<\/tr>\n<tr class=\"odd\">\n<td valign=\"middle\" width=\"32\"><\/td>\n<td valign=\"middle\">Temperaturbereich (\u00baC):<\/td>\n<td valign=\"middle\">-20\u00b0C ~ +55\u00b0C<\/td>\n<\/tr>\n<tr class=\"even\">\n<td valign=\"middle\" width=\"32\"><\/td>\n<td valign=\"middle\">Einschaltzeit (s):<\/td>\n<td valign=\"middle\">0,2s<\/td>\n<\/tr>\n<tr class=\"odd\">\n<td valign=\"middle\" width=\"32\"><\/td>\n<td valign=\"middle\">Kontrollmodi:<\/td>\n<td valign=\"middle\">Wifi + Fernsteuerung IR<\/td>\n<\/tr>\n<tr class=\"even\">\n<td valign=\"middle\" width=\"32\"><\/td>\n<td valign=\"middle\">Energieklasse (2021-EU-2019\/2015):<\/td>\n<td valign=\"middle\">A+<\/td>\n<\/tr>\n<tr class=\"odd\">\n<td valign=\"middle\" width=\"32\"><\/td>\n<td valign=\"middle\">Energieklasse (2023 - EU-2019\/2015):<\/td>\n<td valign=\"middle\">A<\/td>\n<\/tr>\n<tr class=\"even\">\n<td valign=\"middle\" width=\"32\"><\/td>\n<td valign=\"middle\">Gew\u00e4hrleistungsjahre:<\/td>\n<td valign=\"middle\">2<\/td>\n<\/tr>\n<\/tbody>\n<\/table>\n<\/div><\/p>","protected":false},"excerpt":{"rendered":"<div class=\"col-md-12\"><span class=\"text-muted textprop\">Lieferung innerhalb von 24\/48 Stunden<\/span><div class=\"col-md-12\"><i class=\"fa fa-exchange\"><\/i>&nbsp;<span class=\"text-muted textprop\">15 Tage f\u00fcr R\u00fccksendungen<\/span><\/div><div class=\"col-md-12\"><i class=\"fa fa-box\"><\/i>&nbsp;<span class=\"text-muted textprop\">100 Einheit(en) pro Masterbox<\/span><\/div><div class=\"col-md-12 certificados\"><\/div><\/div>","protected":false},"featured_media":1651,"template":"","meta":{"site-sidebar-layout":"default","site-content-layout":"default","ast-global-header-display":"","ast-main-header-display":"","ast-hfb-above-header-display":"","ast-hfb-below-header-display":"","ast-hfb-mobile-header-display":"","site-post-title":"","ast-breadcrumbs-content":"","ast-featured-img":"","footer-sml-layout":"","theme-transparent-header-meta":"default","adv-header-id-meta":"","stick-header-meta":"","header-above-stick-meta":"","header-main-stick-meta":"","header-below-stick-meta":""},"product_cat":[46,23,39],"product_tag":[],"class_list":["post-1563","product","type-product","status-publish","has-post-thumbnail","hentry","product_cat-bombillas-led-e27","product_cat-bombillas-y-lamparas-led","product_cat-smart-led-domotica"],"_links":{"self":[{"href":"https:\/\/starlediluminacion.com\/de\/wp-json\/wp\/v3\/product\/1563","targetHints":{"allow":["GET"]}}],"collection":[{"href":"https:\/\/starlediluminacion.com\/de\/wp-json\/wp\/v3\/product"}],"about":[{"href":"https:\/\/starlediluminacion.com\/de\/wp-json\/wp\/v2\/types\/product"}],"wp:featuredmedia":[{"embeddable":true,"href":"https:\/\/starlediluminacion.com\/de\/wp-json\/wp\/v2\/media\/1651"}],"wp:attachment":[{"href":"https:\/\/starlediluminacion.com\/de\/wp-json\/wp\/v2\/media?parent=1563"}],"wp:term":[{"taxonomy":"product_cat","embeddable":true,"href":"https:\/\/starlediluminacion.com\/de\/wp-json\/wp\/v2\/product_cat?post=1563"},{"taxonomy":"product_tag","embeddable":true,"href":"https:\/\/starlediluminacion.com\/de\/wp-json\/wp\/v2\/product_tag?post=1563"}],"curies":[{"name":"wp","href":"https:\/\/api.w.org\/{rel}","templated":true}]}}