{"id":15614,"date":"2025-03-16T19:37:47","date_gmt":"2025-03-16T19:37:47","guid":{"rendered":"https:\/\/starlediluminacion.com\/?post_type=product&#038;p=15614"},"modified":"2025-06-01T08:22:34","modified_gmt":"2025-06-01T08:22:34","slug":"farola-led-40w-halley-smd3030-high-lumen-160lm-w","status":"publish","type":"product","link":"https:\/\/starlediluminacion.com\/de\/product\/farola-led-40w-halley-smd3030-high-lumen-160lm-w\/","title":{"rendered":"<p>Farola LED 40W HALLEY SMD3030 &ndash; HIGH LUMEN 160lm\/W<\/p>"},"content":{"rendered":"<h1>Farola LED 40W HALLEY SMD3030 &ndash; HIGH LUMEN 160lm\/W<p>&nbsp;<\/p><p>Um eine bessere Stra\u00dfenbeleuchtung zu erreichen, ist die ideale L\u00f6sung das neue&nbsp;<strong>Farola LED HALLEY<\/strong>&nbsp;das sich durch seine besonderen Merkmale von anderen unterscheidet<strong>&nbsp;40W<\/strong>&nbsp;SMD3030, wodurch eine hochwertige Leuchte entsteht. Es ist aus Aluminium und PMMA von hoher Qualit\u00e4t und Transparenz, so dass es mit einem hohen Widerstand Schutz gew\u00e4hrleistet ist.<\/p><p>Dank seiner besonders flachen Bauweise verhindert er, dass sich Laub oder Schmutz auf ihm ablagern, und minimiert gleichzeitig seine optische Wirkung.<\/p><p>&nbsp;<\/p><p>Der Laternenpfahl&nbsp;<strong>LED HALLEY<\/strong>&nbsp;Die l\u00e4stigen Wartezeiten, die bei Stromausf\u00e4llen ganze Stadtteile im Dunkeln lassen und Passanten verunsichern, entfallen.<\/p><p>Desataca su gran resistencia a los golpes teniendo un grado IK10.<\/p><p>Dar\u00fcber hinaus ist dank des Schutzes&nbsp;<strong>IP65&nbsp;<\/strong>ist gegen Witterungseinfl\u00fcsse gesch\u00fctzt, ohne dass seine Beleuchtungsfunktion beeintr\u00e4chtigt wird.<\/p><p>&nbsp;<\/p><p>Die Leuchte<strong>&nbsp;LED HALLEY&nbsp;<\/strong>&nbsp;Stra\u00dfenbeleuchtung k\u00f6nnen Sie eine gute Beleuchtung mit geringem Verbrauch aufrechterhalten. Die Betriebskosten sind niedriger, da keine Starter oder Elektronik ersetzt werden m\u00fcssen.<\/p><p>Die f\u00fcr eine lange Lebensdauer von mehr als 50.000 Stunden ausgelegte&nbsp;<strong>HALLEY 40W LED-Stra\u00dfenleuchte<\/strong>&nbsp;hat&nbsp;<strong>5 Jahre Garantie<\/strong>&nbsp;f\u00fcr sein hochwertiges Futtermittel, seine Haltbarkeit und sein Design.<\/p><p>Er hat einen runden Drehanschluss mit 60 mm Durchmesser und 2 Druckschrauben zur Befestigung an der S\u00e4ule.<\/p><h2><\/h2><h2>Usos de la Farola LED 40W HALLEY SMD3030 &ndash; HIGH LUMEN 160lm\/W<\/h2><ul>\n<li>Stra\u00dfenbeleuchtung<\/li>\n<li>G\u00e4rten und Wege<\/li>\n<li>Parks und Pl\u00e4tze<\/li>\n<li>Sportzentrum<\/li>\n<li>Parkh\u00e4user<\/li>\n<\/ul><h3 class=\"h6\">Produktdatenblatt<\/h3><dl class=\"data-sheet\">\n<dt class=\"name\"><img loading=\"lazy\" decoding=\"async\" src=\"https:\/\/www.factorled.com\/modules\/oa_features\/img\/2-default.jpg\" width=\"32\" height=\"32\">&nbsp;REFERENZ<\/dt>\n<dd class=\"value\">SP140W<\/dd>\n<dt class=\"name\"><img loading=\"lazy\" decoding=\"async\" src=\"https:\/\/www.factorled.com\/modules\/oa_features\/img\/3-default.jpg\" width=\"32\" height=\"32\">&nbsp;Nennleistung<\/dt>\n<dd class=\"value\">40w<\/dd>\n<dt class=\"name\"><img loading=\"lazy\" decoding=\"async\" src=\"https:\/\/www.factorled.com\/modules\/oa_features\/img\/5-default.jpg\" width=\"32\" height=\"32\">&nbsp;Licht Temperatur<\/dt>\n<dd class=\"value\">2000K- 3000K &ndash; 4000K<\/dd>\n<dt class=\"name\"><img loading=\"lazy\" decoding=\"async\" src=\"https:\/\/www.factorled.com\/modules\/oa_features\/img\/6-default.jpg\" width=\"32\" height=\"32\">&nbsp;CRI - Farbwiedergabe-Index<\/dt>\n<dd class=\"value\">70<\/dd>\n<dt class=\"name\"><img loading=\"lazy\" decoding=\"async\" src=\"https:\/\/www.factorled.com\/modules\/oa_features\/img\/25-default.jpg\" width=\"32\" height=\"32\">&nbsp;Baumaterial<\/dt>\n<dd class=\"value\">Aluminium<\/dd>\n<dt class=\"name\"><img loading=\"lazy\" decoding=\"async\" src=\"https:\/\/www.factorled.com\/modules\/oa_features\/img\/8-default.jpg\" width=\"32\" height=\"32\">&nbsp;Leuchtkraft-Lm<\/dt>\n<dd class=\"value\">5600Lm<\/dd>\n<dt class=\"name\"><img loading=\"lazy\" decoding=\"async\" src=\"https:\/\/www.factorled.com\/modules\/oa_features\/img\/9-default.jpg\" width=\"32\" height=\"32\">&nbsp;Art der LEDs<\/dt>\n<dd class=\"value\">SMD3030<\/dd>\n<dt class=\"name\"><img loading=\"lazy\" decoding=\"async\" src=\"https:\/\/www.factorled.com\/modules\/oa_features\/img\/10-default.jpg\" width=\"32\" height=\"32\">&nbsp;\u00d6ffnungswinkel (\u00ba)<\/dt>\n<dd class=\"value\">150\u00ba x 90\u00ba.<\/dd>\n<dt class=\"name\"><img loading=\"lazy\" decoding=\"async\" src=\"https:\/\/www.factorled.com\/modules\/oa_features\/img\/12-default.jpg\" width=\"32\" height=\"32\">&nbsp;LED-Dioden-Wirkungsgrad (Lm\/W)<\/dt>\n<dd class=\"value\">160 Lm\/w<\/dd>\n<dt class=\"name\"><img loading=\"lazy\" decoding=\"async\" src=\"https:\/\/www.factorled.com\/modules\/oa_features\/img\/13-default.jpg\" width=\"32\" height=\"32\">&nbsp;Lichtausbeute (Lm\/W)<\/dt>\n<dd class=\"value\">3000\/4000K: 140 Lm\/W &ndash; 2000K: 130Lm\/W<\/dd>\n<dt class=\"name\"><img loading=\"lazy\" decoding=\"async\" src=\"https:\/\/www.factorled.com\/modules\/oa_features\/img\/15-default.jpg\" width=\"32\" height=\"32\">&nbsp;Bescheinigungen<\/dt>\n<dd class=\"value\">CE-RoSH-T\u00dcV-ENEC<\/dd>\n<dt class=\"name\"><img loading=\"lazy\" decoding=\"async\" src=\"https:\/\/www.factorled.com\/modules\/oa_features\/img\/16-default.jpg\" width=\"32\" height=\"32\">&nbsp;IP-Einstufung<\/dt>\n<dd class=\"value\">IP66<\/dd>\n<dt class=\"name\"><img loading=\"lazy\" decoding=\"async\" src=\"https:\/\/www.factorled.com\/modules\/oa_features\/img\/17-default.jpg\" width=\"32\" height=\"32\">&nbsp;Gesch\u00e4tzte Lebensdauer LED-Diode (H)<\/dt>\n<dd class=\"value\">50.000<\/dd>\n<dt class=\"name\"><img loading=\"lazy\" decoding=\"async\" src=\"https:\/\/www.factorled.com\/modules\/oa_features\/img\/18-default.jpg\" width=\"32\" height=\"32\">&nbsp;Abmessungen (mm)<\/dt>\n<dd class=\"value\">405mmx117mm Bohrung\u00d863mm<\/dd>\n<dt class=\"name\"><img loading=\"lazy\" decoding=\"async\" src=\"https:\/\/www.factorled.com\/modules\/oa_features\/img\/20-default.jpg\" width=\"32\" height=\"32\">&nbsp;Leistungsfaktor (PF)<\/dt>\n<dd class=\"value\">0,95<\/dd>\n<dt class=\"name\"><img loading=\"lazy\" decoding=\"async\" src=\"https:\/\/www.factorled.com\/modules\/oa_features\/img\/21-default.jpg\" width=\"32\" height=\"32\">&nbsp;Arbeitsfrequenz (Hz)<\/dt>\n<dd class=\"value\">50\/60Hz<\/dd>\n<dt class=\"name\"><img loading=\"lazy\" decoding=\"async\" src=\"https:\/\/www.factorled.com\/modules\/oa_features\/img\/22-default.jpg\" width=\"32\" height=\"32\">&nbsp;Temperaturbereich (\u00baC)<\/dt>\n<dd class=\"value\">-20\u00b0C ~ +55\u00b0C<\/dd>\n<dt class=\"name\"><img loading=\"lazy\" decoding=\"async\" src=\"https:\/\/www.factorled.com\/modules\/oa_features\/img\/23-default.jpg\" width=\"32\" height=\"32\">&nbsp;Z\u00fcndungszyklen<\/dt>\n<dd class=\"value\">100.000<\/dd>\n<dt class=\"name\"><img loading=\"lazy\" decoding=\"async\" src=\"https:\/\/www.factorled.com\/modules\/oa_features\/img\/24-default.jpg\" width=\"32\" height=\"32\">&nbsp;Anlaufzeit (s)<\/dt>\n<dd class=\"value\">0,2s<\/dd>\n<dt class=\"name\"><img loading=\"lazy\" decoding=\"async\" src=\"https:\/\/www.factorled.com\/modules\/oa_features\/img\/26-default.jpg\" width=\"32\" height=\"32\">&nbsp;Zus\u00e4tzliche Informationen<\/dt>\n<dd class=\"value\">6K \u00dcberspannungsschutz.<\/dd>\n<dt class=\"name\"><img loading=\"lazy\" decoding=\"async\" src=\"https:\/\/www.factorled.com\/modules\/oa_features\/img\/73-default.jpg\" width=\"32\" height=\"32\">&nbsp;Aufprallschutz (IK)<\/dt>\n<dd class=\"value\">IK10<\/dd>\n<dt class=\"name\"><img loading=\"lazy\" decoding=\"async\" src=\"https:\/\/www.factorled.com\/modules\/oa_features\/img\/74-default.jpg\" width=\"32\" height=\"32\">&nbsp;Inklusive Treiber<\/dt>\n<dd class=\"value\">GXTRONIC-Treiber 5 Jahre<\/dd>\n<dt class=\"name\"><img loading=\"lazy\" decoding=\"async\" src=\"https:\/\/www.factorled.com\/modules\/oa_features\/img\/7-default.jpg\" width=\"32\" height=\"32\">&nbsp;Energieklasse (2021-EU-2019\/2015)<\/dt>\n<dd class=\"value\">A++<\/dd>\n<dt class=\"name\"><img loading=\"lazy\" decoding=\"async\" src=\"https:\/\/www.factorled.com\/modules\/oa_features\/img\/101-default.jpg\" width=\"32\" height=\"32\">&nbsp;Energieklasse (2023 - EU-2019\/2015)<\/dt>\n<dd class=\"value\">C<\/dd>\n<dt class=\"name\"><img loading=\"lazy\" decoding=\"async\" src=\"https:\/\/www.factorled.com\/modules\/oa_features\/img\/75-default.jpg\" width=\"32\" height=\"32\">&nbsp;Gew\u00e4hrleistungsjahre<\/dt>\n<dd class=\"value\">5<\/dd>\n<\/dl><\/h1>","protected":false},"excerpt":{"rendered":"<div class=\"product-reference\"><strong><label class=\"label\">Referenz:<\/label> SLSP140W<\/strong>\n<div><\/div>\n<div class=\"product-description-short\">\n<div id=\"product-description-short-1626\">\n<p>Die&nbsp;<strong>HALLEY 40W LED-Stra\u00dfenleuchte&nbsp;<\/strong>ist aus Dioden aufgebaut&nbsp;<strong>SMD 3030&nbsp;<\/strong>de alta luminosidad, con lo cual es capaz de generan una gran iluminaci&oacute;n en cualquier espacio exterior del alumbrado p&uacute;blico. Es el momento de sustituir a las farolas antiguas por las nuevas con la tecnolog&iacute;a LED ya se puede conseguir reducir hasta un 80% en el consumo de energ&iacute;a.&nbsp;<strong>ENEC 05.<\/strong><\/p>\n<p><strong>Temperatura de Color: 2000K\/3000K\/4000K<\/strong><\/p>\n<\/div>\n<\/div><\/div>","protected":false},"featured_media":15629,"template":"","meta":{"site-sidebar-layout":"default","site-content-layout":"default","ast-global-header-display":"","ast-main-header-display":"","ast-hfb-above-header-display":"","ast-hfb-below-header-display":"","ast-hfb-mobile-header-display":"","site-post-title":"","ast-breadcrumbs-content":"","ast-featured-img":"","footer-sml-layout":"","theme-transparent-header-meta":"default","adv-header-id-meta":"","stick-header-meta":"","header-above-stick-meta":"","header-main-stick-meta":"","header-below-stick-meta":""},"product_cat":[95,30],"product_tag":[],"class_list":["post-15614","product","type-product","status-publish","has-post-thumbnail","hentry","product_cat-farolas-led-urbanas","product_cat-iluminacion-publica-y-vial"],"_links":{"self":[{"href":"https:\/\/starlediluminacion.com\/de\/wp-json\/wp\/v3\/product\/15614","targetHints":{"allow":["GET"]}}],"collection":[{"href":"https:\/\/starlediluminacion.com\/de\/wp-json\/wp\/v3\/product"}],"about":[{"href":"https:\/\/starlediluminacion.com\/de\/wp-json\/wp\/v2\/types\/product"}],"wp:featuredmedia":[{"embeddable":true,"href":"https:\/\/starlediluminacion.com\/de\/wp-json\/wp\/v2\/media\/15629"}],"wp:attachment":[{"href":"https:\/\/starlediluminacion.com\/de\/wp-json\/wp\/v2\/media?parent=15614"}],"wp:term":[{"taxonomy":"product_cat","embeddable":true,"href":"https:\/\/starlediluminacion.com\/de\/wp-json\/wp\/v2\/product_cat?post=15614"},{"taxonomy":"product_tag","embeddable":true,"href":"https:\/\/starlediluminacion.com\/de\/wp-json\/wp\/v2\/product_tag?post=15614"}],"curies":[{"name":"wp","href":"https:\/\/api.w.org\/{rel}","templated":true}]}}