{"id":15531,"date":"2025-03-16T18:34:12","date_gmt":"2025-03-16T18:34:12","guid":{"rendered":"https:\/\/starlediluminacion.com\/?post_type=product&#038;p=15531"},"modified":"2025-06-01T08:20:47","modified_gmt":"2025-06-01T08:20:47","slug":"aplique-de-techo-orientable-leiden-blanco-para-1-lampara-gu10","status":"publish","type":"product","link":"https:\/\/starlediluminacion.com\/de\/product\/aplique-de-techo-orientable-leiden-blanco-para-1-lampara-gu10\/","title":{"rendered":"<p>Aplique de techo Orientable &ndash; LEIDEN BLANCO &ndash; para 1 L&aacute;mpara GU10<\/p>"},"content":{"rendered":"<h1>Aplique de techo Orientable &ndash; LEIDEN BLANCO &ndash; para 1 L&aacute;mpara GU10<h1><\/h1><p>Die&nbsp;<strong>Aplique de techo orientable para 1 Bombilla GU10,&nbsp;<\/strong>fabricado en hierro + ABS<strong>,<\/strong>&nbsp;es una soluci&oacute;n de iluminaci&oacute;n elegante y funcional dise&ntilde;ada para cubrir una amplia gama de necesidades en entornos comerciales, culturales y profesionales. fabricado en hierro + ABS&nbsp;de alta calidad, este foco combina resistencia y ligereza con un dise&ntilde;o minimalista que se integra perfectamente en cualquier espacio.<\/p><h3><strong>Hauptmerkmale<\/strong><\/h3><ul>\n<li><strong>Kompatibel mit GU10-Gl\u00fchbirnen:<\/strong>&nbsp;Sie bietet die Flexibilit\u00e4t, die am besten geeignete Gl\u00fchbirne je nach den Bed\u00fcrfnissen des Benutzers zu w\u00e4hlen. Sie k\u00f6nnen warmes, neutrales oder kaltes Licht w\u00e4hlen, um die Atmosph\u00e4re zu personalisieren (Gl\u00fchbirne nicht enthalten).<\/li>\n<li><strong>Variabler Lichtwinkel:<\/strong>&nbsp;Erh\u00e4ltlich in Modellen mit verschiedenen \u00d6ffnungswinkeln f\u00fcr unterschiedliche Beleuchtungsanwendungen. Von engen Winkeln zur Hervorhebung bestimmter Details bis hin zu gr\u00f6\u00dferen Winkeln f\u00fcr eine gleichm\u00e4\u00dfige Allgemeinbeleuchtung.<\/li>\n<li><strong>Einstellbare Ausrichtung:<\/strong>&nbsp;Dieser Strahler ist vollst\u00e4ndig verstellbar, so dass das Licht in jede Richtung gelenkt werden kann. Dies ist besonders n\u00fctzlich, um die Beleuchtung je nach den Bed\u00fcrfnissen des Raumes oder der ausgestellten Produkte zu \u00e4ndern.<\/li>\n<li><strong>Einfache Installation:<\/strong>&nbsp;Ihr einphasiges Design und ihr geringes Gewicht erleichtern die Installation und Wartung und machen sie ideal f\u00fcr moderne und funktionale Beleuchtungsprojekte.<\/li>\n<\/ul><h3><strong>Verwendungszwecke und Anwendungen<\/strong><\/h3><p>Dank seiner Vielseitigkeit und seines professionellen Designs ist dieser Strahler ideal f\u00fcr eine Vielzahl von Umgebungen:<\/p><ul>\n<li><strong>Gesch\u00e4fte:<\/strong>&nbsp;Sie bietet eine auff\u00e4llige Beleuchtung, um Produkte in Vitrinen, Regalen oder Ausstellungsbereichen hervorzuheben.<\/li>\n<li><strong>Superm\u00e4rkte:<\/strong>&nbsp;Sie sorgt f\u00fcr eine helle und pr\u00e4zise Beleuchtung in Frischwarenbereichen, G\u00e4ngen oder Einzelhandelsgesch\u00e4ften.<\/li>\n<li><strong>Einkaufszentren:<\/strong>&nbsp;Sie eignet sich hervorragend zur Beleuchtung von Gemeinschaftsr\u00e4umen und Schaufenstern und schafft ein modernes und attraktives Ambiente.<\/li>\n<li><strong>B\u00fcror\u00e4ume:<\/strong>&nbsp;Sie bietet funktionelles und angenehmes Licht, das sich f\u00fcr Arbeitsbereiche oder Besprechungsr\u00e4ume eignet.<\/li>\n<li><strong>Kunstgalerien und Museen:<\/strong>&nbsp;Ideal, um Kunstwerke, Skulpturen oder Exponate mit pr\u00e4zisem, hochwertigem Licht zu beleuchten.<\/li>\n<\/ul><h3><strong>Zus\u00e4tzliche Leistungen<\/strong><\/h3><ul>\n<li><strong>Moderner Stil:<\/strong>&nbsp;Sein diskretes und elegantes Design macht ihn zu einer idealen Erg\u00e4nzung f\u00fcr jedes architektonische Projekt.<\/li>\n<li><strong>Langlebigkeit:<\/strong>&nbsp;fabricado en hierro + ABS, asegura resistencia al desgaste y una larga vida &uacute;til.<\/li>\n<li><strong>Flexibilit\u00e4t bei Beleuchtungsprojekten:<\/strong>&nbsp;Sie kann sowohl f\u00fcr gem\u00fctliche Atmosph\u00e4ren als auch f\u00fcr leistungsstarke technische Beleuchtung eingesetzt werden.<\/li>\n<\/ul><h3><strong>Wichtiger Hinweis<\/strong><\/h3><p>Dieses Produkt&nbsp;<strong>Gl\u00fchbirne nicht enthalten<\/strong>Dies gibt dem Benutzer die Freiheit, die Beleuchtung nach seinen spezifischen Vorlieben und Bed\u00fcrfnissen zu gestalten.<\/p><h3 class=\"h6\">Produktdatenblatt<\/h3><dl class=\"data-sheet\">\n<dt class=\"name\"><img loading=\"lazy\" decoding=\"async\" src=\"https:\/\/www.factorled.com\/modules\/oa_features\/img\/2-default.jpg\" width=\"32\" height=\"32\">&nbsp;REFERENZ<\/dt>\n<dd class=\"value\">SPB-91341<\/dd>\n<dt class=\"name\"><img loading=\"lazy\" decoding=\"async\" src=\"https:\/\/www.factorled.com\/modules\/oa_features\/img\/25-default.jpg\" width=\"32\" height=\"32\">&nbsp;Baumaterial<\/dt>\n<dd class=\"value\">Stahl + ABS<\/dd>\n<dt class=\"name\"><img loading=\"lazy\" decoding=\"async\" src=\"https:\/\/www.factorled.com\/modules\/oa_features\/img\/14-default.jpg\" width=\"32\" height=\"32\">&nbsp;Kappe<\/dt>\n<dd class=\"value\">GU10<\/dd>\n<dt class=\"name\"><img loading=\"lazy\" decoding=\"async\" src=\"https:\/\/www.factorled.com\/modules\/oa_features\/img\/15-default.jpg\" width=\"32\" height=\"32\">&nbsp;Bescheinigungen<\/dt>\n<dd class=\"value\">CE, CMIM, RoHS<\/dd>\n<dt class=\"name\"><img loading=\"lazy\" decoding=\"async\" src=\"https:\/\/www.factorled.com\/modules\/oa_features\/img\/16-default.jpg\" width=\"32\" height=\"32\">&nbsp;IP-Einstufung<\/dt>\n<dd class=\"value\">IP20<\/dd>\n<dt class=\"name\"><img loading=\"lazy\" decoding=\"async\" src=\"https:\/\/www.factorled.com\/modules\/oa_features\/img\/18-default.jpg\" width=\"32\" height=\"32\">&nbsp;Abmessungen (mm)<\/dt>\n<dd class=\"value\">54mm x 181mm<\/dd>\n<dt class=\"name\"><img loading=\"lazy\" decoding=\"async\" src=\"https:\/\/www.factorled.com\/modules\/oa_features\/img\/75-default.jpg\" width=\"32\" height=\"32\">&nbsp;Gew\u00e4hrleistungsjahre<\/dt>\n<dd class=\"value\">3<\/dd>\n<dt class=\"name\"><img loading=\"lazy\" decoding=\"async\" src=\"https:\/\/www.factorled.com\/modules\/oa_features\/img\/103-default.jpg\" width=\"32\" height=\"32\">&nbsp;Farbe des K\u00f6rpers<\/dt>\n<dd class=\"value\">Schwarz<\/dd>\n<dt class=\"name\"><img loading=\"lazy\" decoding=\"async\" src=\"https:\/\/www.factorled.com\/modules\/oa_features\/img\/133-default.jpg\" width=\"32\" height=\"32\">&nbsp;Einheiten pro Masterbox<\/dt>\n<dd class=\"value\">50<\/dd>\n<\/dl><\/h1>","protected":false},"excerpt":{"rendered":"<div class=\"product-reference\"><strong><label class=\"label\">Referenz:<\/label> SLSPW-91342<\/strong>\n<div><\/div>\n<div class=\"product-description-short\">\n<div id=\"product-description-short-3813\">\n<p><b>Aplique de techo orientable para 1 Bombilla GU10,&nbsp;<\/b>vereint Vielseitigkeit und funktionelles Design. Dank der einfachen Installation und der verstellbaren Leistung k\u00f6nnen Sie das Licht in jede beliebige Richtung lenken, ideal f\u00fcr die Anpassung der Beleuchtung an Ihre Bed\u00fcrfnisse. Ideal f\u00fcr Leseecken, Schaufenster oder Produktpr\u00e4sentationen, eine praktische und elegante L\u00f6sung, um Ihre R\u00e4ume zu beleuchten!<\/p>\n<\/div>\n<\/div><\/div>","protected":false},"featured_media":15539,"template":"","meta":{"site-sidebar-layout":"default","site-content-layout":"default","ast-global-header-display":"","ast-main-header-display":"","ast-hfb-above-header-display":"","ast-hfb-below-header-display":"","ast-hfb-mobile-header-display":"","site-post-title":"","ast-breadcrumbs-content":"","ast-featured-img":"","footer-sml-layout":"","theme-transparent-header-meta":"default","adv-header-id-meta":"","stick-header-meta":"","header-above-stick-meta":"","header-main-stick-meta":"","header-below-stick-meta":""},"product_cat":[36,65],"product_tag":[],"class_list":["post-15531","product","type-product","status-publish","has-post-thumbnail","hentry","product_cat-apliques-led-y-decoracion","product_cat-decoracion-led"],"yoast_head":"<!-- This site is optimized with the Yoast SEO plugin v27.4 - https:\/\/yoast.com\/product\/yoast-seo-wordpress\/ -->\n<title>Aplique de techo Orientable - LEIDEN BLANCO - para 1 L\u00e1mpara GU10 - STARLED Iluminacion<\/title>\n<meta name=\"robots\" content=\"index, follow, max-snippet:-1, max-image-preview:large, max-video-preview:-1\" \/>\n<link rel=\"canonical\" href=\"https:\/\/starlediluminacion.com\/de\/product\/aplique-de-techo-orientable-leiden-blanco-para-1-lampara-gu10\/\" \/>\n<meta property=\"og:locale\" content=\"de_DE\" \/>\n<meta property=\"og:type\" content=\"article\" \/>\n<meta property=\"og:title\" content=\"Aplique de techo Orientable - LEIDEN BLANCO - para 1 L\u00e1mpara GU10 - STARLED Iluminacion\" \/>\n<meta property=\"og:description\" content=\"Referencia: SLSPW-91342      Aplique de techo orientable para 1 Bombilla GU10,\u00a0combina versatilidad y dise\u00f1o funcional. Su f\u00e1cil instalaci\u00f3n y capacidad orientable permiten dirigir la luz en cualquier direcci\u00f3n, ideal para adaptar la iluminaci\u00f3n seg\u00fan tus necesidades. Ideal para rincones de lectura, escaparates o presentaciones de productos. \u00a1Una soluci\u00f3n pr\u00e1ctica y elegante para destacar tus espacios!\" \/>\n<meta property=\"og:url\" content=\"https:\/\/starlediluminacion.com\/de\/product\/aplique-de-techo-orientable-leiden-blanco-para-1-lampara-gu10\/\" \/>\n<meta property=\"og:site_name\" content=\"STARLED Iluminacion\" \/>\n<meta property=\"article:modified_time\" content=\"2025-06-01T08:20:47+00:00\" \/>\n<meta property=\"og:image\" content=\"https:\/\/starlediluminacion.com\/wp-content\/uploads\/2025\/03\/aplique-de-techo-orientable-leiden-negro-para-1-lampara-gu10-10.jpg\" \/>\n\t<meta property=\"og:image:width\" content=\"744\" \/>\n\t<meta property=\"og:image:height\" content=\"800\" \/>\n\t<meta property=\"og:image:type\" content=\"image\/jpeg\" \/>\n<meta name=\"twitter:card\" content=\"summary_large_image\" \/>\n<meta name=\"twitter:label1\" content=\"Gesch\u00e4tzte Lesezeit\" \/>\n\t<meta name=\"twitter:data1\" content=\"2\u00a0Minuten\" \/>\n<script type=\"application\/ld+json\" class=\"yoast-schema-graph\">{\"@context\":\"https:\\\/\\\/schema.org\",\"@graph\":[{\"@type\":\"WebPage\",\"@id\":\"https:\\\/\\\/starlediluminacion.com\\\/producto\\\/aplique-de-techo-orientable-leiden-blanco-para-1-lampara-gu10\\\/\",\"url\":\"https:\\\/\\\/starlediluminacion.com\\\/producto\\\/aplique-de-techo-orientable-leiden-blanco-para-1-lampara-gu10\\\/\",\"name\":\"Aplique de techo Orientable - LEIDEN BLANCO - para 1 L\u00e1mpara GU10 - STARLED Iluminacion\",\"isPartOf\":{\"@id\":\"https:\\\/\\\/starlediluminacion.com\\\/#website\"},\"primaryImageOfPage\":{\"@id\":\"https:\\\/\\\/starlediluminacion.com\\\/producto\\\/aplique-de-techo-orientable-leiden-blanco-para-1-lampara-gu10\\\/#primaryimage\"},\"image\":{\"@id\":\"https:\\\/\\\/starlediluminacion.com\\\/producto\\\/aplique-de-techo-orientable-leiden-blanco-para-1-lampara-gu10\\\/#primaryimage\"},\"thumbnailUrl\":\"https:\\\/\\\/starlediluminacion.com\\\/wp-content\\\/uploads\\\/2025\\\/03\\\/aplique-de-techo-orientable-leiden-negro-para-1-lampara-gu10-10.jpg\",\"datePublished\":\"2025-03-16T18:34:12+00:00\",\"dateModified\":\"2025-06-01T08:20:47+00:00\",\"breadcrumb\":{\"@id\":\"https:\\\/\\\/starlediluminacion.com\\\/producto\\\/aplique-de-techo-orientable-leiden-blanco-para-1-lampara-gu10\\\/#breadcrumb\"},\"inLanguage\":\"de\",\"potentialAction\":[{\"@type\":\"ReadAction\",\"target\":[\"https:\\\/\\\/starlediluminacion.com\\\/producto\\\/aplique-de-techo-orientable-leiden-blanco-para-1-lampara-gu10\\\/\"]}]},{\"@type\":\"ImageObject\",\"inLanguage\":\"de\",\"@id\":\"https:\\\/\\\/starlediluminacion.com\\\/producto\\\/aplique-de-techo-orientable-leiden-blanco-para-1-lampara-gu10\\\/#primaryimage\",\"url\":\"https:\\\/\\\/starlediluminacion.com\\\/wp-content\\\/uploads\\\/2025\\\/03\\\/aplique-de-techo-orientable-leiden-negro-para-1-lampara-gu10-10.jpg\",\"contentUrl\":\"https:\\\/\\\/starlediluminacion.com\\\/wp-content\\\/uploads\\\/2025\\\/03\\\/aplique-de-techo-orientable-leiden-negro-para-1-lampara-gu10-10.jpg\",\"width\":744,\"height\":800},{\"@type\":\"BreadcrumbList\",\"@id\":\"https:\\\/\\\/starlediluminacion.com\\\/producto\\\/aplique-de-techo-orientable-leiden-blanco-para-1-lampara-gu10\\\/#breadcrumb\",\"itemListElement\":[{\"@type\":\"ListItem\",\"position\":1,\"name\":\"Portada\",\"item\":\"https:\\\/\\\/starlediluminacion.com\\\/\"},{\"@type\":\"ListItem\",\"position\":2,\"name\":\"Shop\",\"item\":\"https:\\\/\\\/starlediluminacion.com\\\/shop-2\\\/\"},{\"@type\":\"ListItem\",\"position\":3,\"name\":\"Aplique de techo Orientable &#8211; LEIDEN BLANCO &#8211; para 1 L\u00e1mpara GU10\"}]},{\"@type\":\"WebSite\",\"@id\":\"https:\\\/\\\/starlediluminacion.com\\\/#website\",\"url\":\"https:\\\/\\\/starlediluminacion.com\\\/\",\"name\":\"STARLED Iluminacion\",\"description\":\"\",\"potentialAction\":[{\"@type\":\"SearchAction\",\"target\":{\"@type\":\"EntryPoint\",\"urlTemplate\":\"https:\\\/\\\/starlediluminacion.com\\\/?s={search_term_string}\"},\"query-input\":{\"@type\":\"PropertyValueSpecification\",\"valueRequired\":true,\"valueName\":\"search_term_string\"}}],\"inLanguage\":\"de\"}]}<\/script>\n<!-- \/ Yoast SEO plugin. -->","yoast_head_json":{"title":"Aplique de techo Orientable - LEIDEN BLANCO - para 1 L\u00e1mpara GU10 - STARLED Iluminacion","robots":{"index":"index","follow":"follow","max-snippet":"max-snippet:-1","max-image-preview":"max-image-preview:large","max-video-preview":"max-video-preview:-1"},"canonical":"https:\/\/starlediluminacion.com\/de\/product\/aplique-de-techo-orientable-leiden-blanco-para-1-lampara-gu10\/","og_locale":"de_DE","og_type":"article","og_title":"Aplique de techo Orientable - LEIDEN BLANCO - para 1 L\u00e1mpara GU10 - STARLED Iluminacion","og_description":"Referencia: SLSPW-91342      Aplique de techo orientable para 1 Bombilla GU10,\u00a0combina versatilidad y dise\u00f1o funcional. Su f\u00e1cil instalaci\u00f3n y capacidad orientable permiten dirigir la luz en cualquier direcci\u00f3n, ideal para adaptar la iluminaci\u00f3n seg\u00fan tus necesidades. Ideal para rincones de lectura, escaparates o presentaciones de productos. \u00a1Una soluci\u00f3n pr\u00e1ctica y elegante para destacar tus espacios!","og_url":"https:\/\/starlediluminacion.com\/de\/product\/aplique-de-techo-orientable-leiden-blanco-para-1-lampara-gu10\/","og_site_name":"STARLED Iluminacion","article_modified_time":"2025-06-01T08:20:47+00:00","og_image":[{"width":744,"height":800,"url":"https:\/\/starlediluminacion.com\/wp-content\/uploads\/2025\/03\/aplique-de-techo-orientable-leiden-negro-para-1-lampara-gu10-10.jpg","type":"image\/jpeg"}],"twitter_card":"summary_large_image","twitter_misc":{"Gesch\u00e4tzte Lesezeit":"2\u00a0Minuten"},"schema":{"@context":"https:\/\/schema.org","@graph":[{"@type":"WebPage","@id":"https:\/\/starlediluminacion.com\/producto\/aplique-de-techo-orientable-leiden-blanco-para-1-lampara-gu10\/","url":"https:\/\/starlediluminacion.com\/producto\/aplique-de-techo-orientable-leiden-blanco-para-1-lampara-gu10\/","name":"Aplique de techo Orientable - LEIDEN BLANCO - para 1 L\u00e1mpara GU10 - STARLED Iluminacion","isPartOf":{"@id":"https:\/\/starlediluminacion.com\/#website"},"primaryImageOfPage":{"@id":"https:\/\/starlediluminacion.com\/producto\/aplique-de-techo-orientable-leiden-blanco-para-1-lampara-gu10\/#primaryimage"},"image":{"@id":"https:\/\/starlediluminacion.com\/producto\/aplique-de-techo-orientable-leiden-blanco-para-1-lampara-gu10\/#primaryimage"},"thumbnailUrl":"https:\/\/starlediluminacion.com\/wp-content\/uploads\/2025\/03\/aplique-de-techo-orientable-leiden-negro-para-1-lampara-gu10-10.jpg","datePublished":"2025-03-16T18:34:12+00:00","dateModified":"2025-06-01T08:20:47+00:00","breadcrumb":{"@id":"https:\/\/starlediluminacion.com\/producto\/aplique-de-techo-orientable-leiden-blanco-para-1-lampara-gu10\/#breadcrumb"},"inLanguage":"de","potentialAction":[{"@type":"ReadAction","target":["https:\/\/starlediluminacion.com\/producto\/aplique-de-techo-orientable-leiden-blanco-para-1-lampara-gu10\/"]}]},{"@type":"ImageObject","inLanguage":"de","@id":"https:\/\/starlediluminacion.com\/producto\/aplique-de-techo-orientable-leiden-blanco-para-1-lampara-gu10\/#primaryimage","url":"https:\/\/starlediluminacion.com\/wp-content\/uploads\/2025\/03\/aplique-de-techo-orientable-leiden-negro-para-1-lampara-gu10-10.jpg","contentUrl":"https:\/\/starlediluminacion.com\/wp-content\/uploads\/2025\/03\/aplique-de-techo-orientable-leiden-negro-para-1-lampara-gu10-10.jpg","width":744,"height":800},{"@type":"BreadcrumbList","@id":"https:\/\/starlediluminacion.com\/producto\/aplique-de-techo-orientable-leiden-blanco-para-1-lampara-gu10\/#breadcrumb","itemListElement":[{"@type":"ListItem","position":1,"name":"Portada","item":"https:\/\/starlediluminacion.com\/"},{"@type":"ListItem","position":2,"name":"Shop","item":"https:\/\/starlediluminacion.com\/shop-2\/"},{"@type":"ListItem","position":3,"name":"Aplique de techo Orientable &#8211; LEIDEN BLANCO &#8211; para 1 L\u00e1mpara GU10"}]},{"@type":"WebSite","@id":"https:\/\/starlediluminacion.com\/#website","url":"https:\/\/starlediluminacion.com\/","name":"STARLED Iluminacion","description":"","potentialAction":[{"@type":"SearchAction","target":{"@type":"EntryPoint","urlTemplate":"https:\/\/starlediluminacion.com\/?s={search_term_string}"},"query-input":{"@type":"PropertyValueSpecification","valueRequired":true,"valueName":"search_term_string"}}],"inLanguage":"de"}]}},"_links":{"self":[{"href":"https:\/\/starlediluminacion.com\/de\/wp-json\/wp\/v3\/product\/15531","targetHints":{"allow":["GET"]}}],"collection":[{"href":"https:\/\/starlediluminacion.com\/de\/wp-json\/wp\/v3\/product"}],"about":[{"href":"https:\/\/starlediluminacion.com\/de\/wp-json\/wp\/v2\/types\/product"}],"wp:featuredmedia":[{"embeddable":true,"href":"https:\/\/starlediluminacion.com\/de\/wp-json\/wp\/v2\/media\/15539"}],"wp:attachment":[{"href":"https:\/\/starlediluminacion.com\/de\/wp-json\/wp\/v2\/media?parent=15531"}],"wp:term":[{"taxonomy":"product_cat","embeddable":true,"href":"https:\/\/starlediluminacion.com\/de\/wp-json\/wp\/v2\/product_cat?post=15531"},{"taxonomy":"product_tag","embeddable":true,"href":"https:\/\/starlediluminacion.com\/de\/wp-json\/wp\/v2\/product_tag?post=15531"}],"curies":[{"name":"wp","href":"https:\/\/api.w.org\/{rel}","templated":true}]}}