{"id":15091,"date":"2025-01-05T16:06:00","date_gmt":"2025-01-05T16:06:00","guid":{"rendered":"https:\/\/starlediluminacion.com\/?post_type=product&#038;p=15091"},"modified":"2025-06-01T08:12:02","modified_gmt":"2025-06-01T08:12:02","slug":"tubo-de-silicona-led-flex-12-12-50mcorte-a-medida-para-tiras-led-de-hasta-8mm","status":"publish","type":"product","link":"https:\/\/starlediluminacion.com\/de\/product\/silikon-silikonrohr-led-flex-12-12-50m-zuschneiden-fur-led-strips-bis-8mm\/","title":{"rendered":"<p>LED-Silikonschlauch : FLEX 12-12 | 50m|Zuschnitt auf L\u00e4nge | F\u00fcr LED-Streifen bis zu 8mm<\/p>"},"content":{"rendered":"<h1>LED-Silikonschlauch - FLEX - 2m - 10m - 20m - 50m - f\u00fcr LED-Streifen<p>Die&nbsp;<strong>LED-Schlauch aus Silikon - FLEX<\/strong>&nbsp;ist eine qualitativ hochwertige und flexible L\u00f6sung, ideal f\u00fcr die Installation von&nbsp;<strong>LED-Streifen bis zu einer Breite von 8 mm (PCB).<\/strong>&nbsp;Dieses flexible Profil wurde f\u00fcr Fachleute entwickelt, die eine dauerhafte, widerstandsf\u00e4hige und \u00e4sthetisch einwandfreie Installation suchen, die nicht nur Schutz, sondern auch ein sauberes und anspruchsvolles Finish bietet. Dank seiner Flexibilit\u00e4t passt es sich an verschiedene Formen und Konfigurationen an und eignet sich perfekt f\u00fcr Beleuchtungsprojekte im Innen- und Au\u00dfenbereich, da es extremen Witterungsbedingungen standhalten kann.<\/p><p>Dieses Produkt ist aufgemacht in&nbsp;<strong>50-Meter-Rollen<\/strong>Das gibt Ihnen die Flexibilit\u00e4t, sich genau an die Gr\u00f6\u00dfe Ihres Projekts anzupassen. Obwohl das Originalformat 50 Meter betr\u00e4gt, k\u00f6nnen Sie es auch kaufen bei&nbsp;<strong>1m, 10m, 20m und 50m Einheiten<\/strong>nach Ihren Bed\u00fcrfnissen.<\/p><p>&nbsp;<\/p><p>Wenn Sie zum Beispiel 6 Meter Rohr ben\u00f6tigen, w\u00e4hlen Sie einfach 3 Meter.<strong>&nbsp;2-Meter-Einheiten<\/strong>. So k\u00f6nnen Sie genau die richtige Menge kaufen, die Sie ben\u00f6tigen, um eine kontinuierliche und gleichm\u00e4\u00dfige Verlegung zu gew\u00e4hrleisten, ohne Material zu verschwenden. Diese Option ist perfekt f\u00fcr ma\u00dfgeschneiderte Projekte, die Pr\u00e4zision und Anpassungsf\u00e4higkeit der Profill\u00e4nge erfordern.<\/p><h2><strong>Hauptvorteile von LED-Silikonschlauch - FLEX<\/strong><\/h2><ol>\n<li><strong>Au\u00dfergew\u00f6hnliche Flexibilit\u00e4t<\/strong>Dank seiner Flexibilit\u00e4t ist es eine vielseitige Wahl f\u00fcr die Gestaltung von Lichteffekten in Kurven, dekorativen Formen oder durchgehenden Linien. Dies erm\u00f6glicht eine nahtlose Integration in moderne und k\u00fcnstlerische Designprojekte, ohne die Einschr\u00e4nkungen herk\u00f6mmlicher starrer Rohre.<\/li>\n<li><strong>Kompatibilit\u00e4t mit LED-Streifen bis zu 8 mm Breite<\/strong>Dieses Profil wurde speziell f\u00fcr die Aufnahme von 12\/24-V-LED-Streifen mit einer maximalen Breite von 8 mm entwickelt und bietet eine sichere und dauerhafte L\u00f6sung f\u00fcr alle Arten von dekorativen Beleuchtungsprojekten.<\/li>\n<li><strong>Ausgezeichnete W\u00e4rmeleitf\u00e4higkeit<\/strong>Die R\u00f6hre besteht aus Materialien, die eine gute W\u00e4rmeableitung erm\u00f6glichen, so dass die LED-Streifen \u00fcber l\u00e4ngere Zeitr\u00e4ume in optimalem Betriebszustand bleiben und ihre Lebensdauer verl\u00e4ngert wird.<\/li>\n<li><strong>Anti-UV-Schutz<\/strong>Hochwertiges Silikon mit UV-Schutz verhindert, dass die R\u00f6hre bei l\u00e4ngerer Sonneneinstrahlung Schaden nimmt und beh\u00e4lt ihr Aussehen und ihre Funktionalit\u00e4t auch im Freien.<\/li>\n<li><strong>Perfekte und gleichm\u00e4\u00dfige Lichtstreuung<\/strong>Die undurchsichtige Oberfl\u00e4che des Silikons erm\u00f6glicht eine homogene Lichtverteilung, wodurch helle Flecken vermieden werden und ein attraktiver, neonartiger, diffuser Lichteffekt entsteht, ideal f\u00fcr moderne und elegante Umgebungen.<\/li>\n<li><strong>Extreme Temperaturbest\u00e4ndigkeit<\/strong>Im Gegensatz zu herk\u00f6mmlichen PVC-Rohren, die sich mit der Zeit verformen oder brechen k\u00f6nnen, sind die&nbsp;<strong>FLEX-Silikonschlauch<\/strong>&nbsp;ist so konzipiert, dass es extremen Temperaturen standh\u00e4lt. Es wird bei Temperaturen unter -40 \u00b0C nicht rei\u00dfen und sich bei Temperaturen von bis zu 120 \u00b0C nicht verziehen oder vergilben, so dass eine lange Haltbarkeit bei ung\u00fcnstigen Wetterbedingungen gew\u00e4hrleistet ist.<\/li>\n<li><strong>Wasser- und Feuchtigkeitsbest\u00e4ndigkeit<\/strong>Die hydrophoben Eigenschaften machen dieses Rohr ideal f\u00fcr nasse Umgebungen. Die Oberfl\u00e4che wird bei st\u00e4ndigem Kontakt mit Wasser nicht zerst\u00e4ubt oder verf\u00e4rbt sich, was sie zu einer perfekten Wahl f\u00fcr Anwendungen im Freien oder in Bereichen macht, die Feuchtigkeit ausgesetzt sind.<\/li>\n<li><strong>\u00dcbertrifft die Leistung von PVC-Rohren<\/strong>PVC-Rohre neigen dazu, sich unter ung\u00fcnstigen Bedingungen schnell zu zersetzen, w\u00e4hrend die&nbsp;<strong>FLEX-Silikonschlauch&nbsp;<\/strong>bietet \u00fcberragende Festigkeit und bleibt l\u00e4nger intakt und funktionsf\u00e4hig. Es ist die beste Wahl f\u00fcr alle, die bei ihren Projekten Wert auf Haltbarkeit und Leistung legen.<\/li>\n<\/ol><h2>Die&nbsp;<strong>Flexibles Silikonprofil f\u00fcr LED-Streifen<\/strong>&nbsp;hat eine gro\u00dfe Vielfalt an&nbsp;<strong>Verwendungszwecke und Anwendungen:<br>\n<\/strong><\/h2><ul>\n<li><strong>Innenbeleuchtung<\/strong>Perfekt, um weiche, kontinuierliche Lichtlinien an Decken, W\u00e4nden und M\u00f6beln zu schaffen. Ideal, um moderne R\u00e4ume mit einem eleganten, indirekten Lichteffekt aufzuwerten.<\/li>\n<\/ul><ul>\n<li><strong>Architektonische Beleuchtung<\/strong>Wird in architektonischen Strukturen sowohl im Innen- als auch im Au\u00dfenbereich verwendet, um Formen und Konturen mit einem diffusen und gleichm\u00e4\u00dfigen Licht hervorzuheben.<\/li>\n<\/ul><ul>\n<li><strong>Beschilderung von Wegen und Treppen<\/strong>Die Flexibilit\u00e4t und Haltbarkeit des Silikonschlauchs macht ihn perfekt f\u00fcr die Markierung von Verkehrsfl\u00e4chen wie Treppen, Fluren und Eing\u00e4ngen.<\/li>\n<li><strong>M\u00f6bel Dekoration<\/strong>Kann auf Regalen, Schr\u00e4nken oder Vitrinen verwendet werden, um eine dekorative oder funktionale Note mit einem weichen Licht hinzuzuf\u00fcgen, das die Sichtbarkeit verbessert, ohne aufdringlich zu sein.<\/li>\n<li><strong>Au\u00dfenbeleuchtung<\/strong>Dank ihrer Widerstandsf\u00e4higkeit gegen extreme Temperaturen und ihres UV-Schutzes eignet sie sich hervorragend zur Beleuchtung von G\u00e4rten, Terrassen, Schwimmb\u00e4dern oder Fassaden.<\/li>\n<li><strong>Erstellung von dekorativen Figuren<\/strong>Dank seiner Flexibilit\u00e4t und Anpassungsf\u00e4higkeit an verschiedene Formen ist er ideal f\u00fcr die Gestaltung von Buchstaben, Logos oder personalisierten Figuren.<\/li>\n<li><strong>Neon-Effekt<\/strong>In Verbindung mit LED-Streifen l\u00e4sst sich ein auff\u00e4lliger Neon-Effekt erzeugen, der sich ideal f\u00fcr die Beschilderung oder auff\u00e4llige Dekoration in Gesch\u00e4ften, Bars und gewerblichen R\u00e4umen eignet.<\/li>\n<li><strong>Unterwasserbeleuchtungsprojekte<\/strong>Aufgrund seiner hohen Wasserbest\u00e4ndigkeit eignet es sich f\u00fcr den Einsatz in Springbrunnen, Schwimmb\u00e4dern oder Teichen.<\/li>\n<\/ul><h3 class=\"h6\">Produktdatenblatt<\/h3><dl class=\"data-sheet\">\n<dt class=\"name\"><img loading=\"lazy\" decoding=\"async\" src=\"https:\/\/www.factorled.com\/modules\/oa_features\/img\/2-default.jpg\" width=\"32\" height=\"32\">&nbsp;REFERENZ<\/dt>\n<dd class=\"value\">ST-91320<\/dd>\n<dt class=\"name\"><img loading=\"lazy\" decoding=\"async\" src=\"https:\/\/www.factorled.com\/modules\/oa_features\/img\/25-default.jpg\" width=\"32\" height=\"32\">&nbsp;Baumaterial<\/dt>\n<dd class=\"value\">Silikon<\/dd>\n<dt class=\"name\"><img loading=\"lazy\" decoding=\"async\" src=\"https:\/\/www.factorled.com\/modules\/oa_features\/img\/15-default.jpg\" width=\"32\" height=\"32\">&nbsp;Bescheinigungen<\/dt>\n<dd class=\"value\">CE, CMIM, RoHS<\/dd>\n<dt class=\"name\"><img loading=\"lazy\" decoding=\"async\" src=\"https:\/\/www.factorled.com\/modules\/oa_features\/img\/16-default.jpg\" width=\"32\" height=\"32\">&nbsp;IP-Bewertung<\/dt>\n<dd class=\"value\">IP65-Au\u00dfenbereich<\/dd>\n<dt class=\"name\"><img loading=\"lazy\" decoding=\"async\" src=\"https:\/\/www.factorled.com\/modules\/oa_features\/img\/18-default.jpg\" width=\"32\" height=\"32\">&nbsp;Messungen (Mm)<\/dt>\n<dd class=\"value\">12x12mm x 50m<\/dd>\n<dt class=\"name\"><img loading=\"lazy\" decoding=\"async\" src=\"https:\/\/www.factorled.com\/modules\/oa_features\/img\/75-default.jpg\" width=\"32\" height=\"32\">&nbsp;Garantie Jahre<\/dt>\n<dd class=\"value\">3<\/dd>\n<dt class=\"name\"><img loading=\"lazy\" decoding=\"async\" src=\"https:\/\/www.factorled.com\/modules\/oa_features\/img\/103-default.jpg\" width=\"32\" height=\"32\">&nbsp;Farbe des K\u00f6rpers<\/dt>\n<dd class=\"value\">Wei\u00df<\/dd>\n<\/dl><\/h1>","protected":false},"excerpt":{"rendered":"<div class=\"product-reference\"><strong><label class=\"label\">Referenz:<\/label> SLST-91320-2m<\/strong>\n<div><\/div>\n<div class=\"product-description-short\">\n<div id=\"product-description-short-3760\">\n<p><strong>Flexibler Silikonschlauch 12mm x 12mm<\/strong>,&nbsp;<strong>versenkt f\u00fcr LED-Streifen<\/strong>ist die ideale L\u00f6sung f\u00fcr eine&nbsp;<strong>professionelle und elegante Installation<\/strong>. Entwickelt f\u00fcr die Aufnahme von&nbsp;<strong>12-24V LED-Streifen bis zu 8 mm PCBs<\/strong>diese&nbsp;<strong>flexibles Profil<\/strong>&nbsp;passt sich an verschiedene Konfigurationen an und sch\u00fctzt und verbessert die \u00c4sthetik eines jeden Projekts.<\/p>\n<p>Mit ihrer lichtundurchl\u00e4ssigen Abdeckung erzeugt sie einen attraktiven diffusen Lichteffekt.&nbsp;<strong>Neon-Stil<\/strong>perfekt f\u00fcr moderne Umgebungen. Sie ist einfach zu installieren und mit dem mitgelieferten Zubeh\u00f6r ideal f\u00fcr die dekorative Beleuchtung von Fluren, Treppen, Regalen und vielem mehr und verleiht Ihren R\u00e4umen einen raffinierten und aufger\u00e4umten Touch.<\/p>\n<\/div>\n<\/div><\/div>","protected":false},"featured_media":15096,"template":"","meta":{"site-sidebar-layout":"default","site-content-layout":"default","ast-global-header-display":"","ast-main-header-display":"","ast-hfb-above-header-display":"","ast-hfb-below-header-display":"","ast-hfb-mobile-header-display":"","site-post-title":"","ast-breadcrumbs-content":"","ast-featured-img":"","footer-sml-layout":"","theme-transparent-header-meta":"default","adv-header-id-meta":"","stick-header-meta":"","header-above-stick-meta":"","header-main-stick-meta":"","header-below-stick-meta":""},"product_cat":[92,45],"product_tag":[],"class_list":["post-15091","product","type-product","status-publish","has-post-thumbnail","hentry","product_cat-accesorios-tiras-led","product_cat-tiras-led-y-neon-flexible"],"_links":{"self":[{"href":"https:\/\/starlediluminacion.com\/de\/wp-json\/wp\/v3\/product\/15091","targetHints":{"allow":["GET"]}}],"collection":[{"href":"https:\/\/starlediluminacion.com\/de\/wp-json\/wp\/v3\/product"}],"about":[{"href":"https:\/\/starlediluminacion.com\/de\/wp-json\/wp\/v2\/types\/product"}],"wp:featuredmedia":[{"embeddable":true,"href":"https:\/\/starlediluminacion.com\/de\/wp-json\/wp\/v2\/media\/15096"}],"wp:attachment":[{"href":"https:\/\/starlediluminacion.com\/de\/wp-json\/wp\/v2\/media?parent=15091"}],"wp:term":[{"taxonomy":"product_cat","embeddable":true,"href":"https:\/\/starlediluminacion.com\/de\/wp-json\/wp\/v2\/product_cat?post=15091"},{"taxonomy":"product_tag","embeddable":true,"href":"https:\/\/starlediluminacion.com\/de\/wp-json\/wp\/v2\/product_tag?post=15091"}],"curies":[{"name":"wp","href":"https:\/\/api.w.org\/{rel}","templated":true}]}}