{"id":14727,"date":"2024-10-27T09:42:48","date_gmt":"2024-10-27T09:42:48","guid":{"rendered":"https:\/\/starlediluminacion.com\/?post_type=product&#038;p=14727"},"modified":"2025-03-16T11:18:27","modified_gmt":"2025-03-16T11:18:27","slug":"moldura-rodapie-de-poliestireno-frontal-para-tira-led-2-metros","status":"publish","type":"product","link":"https:\/\/starlediluminacion.com\/de\/product\/formteil-polystyrol-frontseite-polystyrol-frontseite-gefuhrt-2-meter-formteil\/","title":{"rendered":"<p>Polystyrol-Sockelleiste - Front - f\u00fcr LED-Streifen - 2 Meter<\/p>"},"content":{"rendered":"<h1>Polystyrol-Formteil - f\u00fcr LED-Streifen - 2 Meter<p>Die&nbsp;<strong>Polystyrol-Formenbau<\/strong>&nbsp;wurde speziell f\u00fcr die Integration von Aluminiumprofilen mit LED-Streifen entwickelt und bietet eine dekorative L\u00f6sung, die jeden Raum mit Hilfe eines&nbsp;<strong>indirekte und dekorative Beleuchtung<\/strong>. Mit diesem Produkt k\u00f6nnen Sie erstellen&nbsp;<strong>spektakul\u00e4re Effekte<\/strong>&nbsp;in der Inneneinrichtung und verleiht nicht nur Licht, sondern auch Eleganz und Dynamik. Durch die Integration von Beleuchtungsprofilen im Inneren verwandelt diese Leiste Decken und W\u00e4nde in wahre Kunstwerke, indem sie lineare Formen mit einem sanften Lichtschein verbindet.<\/p><p>Die Leiste bietet unendlich viele kreative M\u00f6glichkeiten, die es erlauben, Kompositionen zu schaffen, die die&nbsp;<strong>eine zus\u00e4tzliche Dimension<\/strong>&nbsp;zur Innenraumgestaltung. Ob im Wohnzimmer, im Schlafzimmer, im Restaurant oder im Ladengesch\u00e4ft - die indirekte Beleuchtung durch diese Leiste verleiht jeder Umgebung einen modernen und raffinierten Touch. Mit ein wenig Kreativit\u00e4t k\u00f6nnen Sie selbst die einfachsten R\u00e4ume in einladende und visuell beeindruckende Umgebungen verwandeln.<\/p><p>Um eine optimale&nbsp;<strong>W\u00e4rmeabfuhr<\/strong>Es wird empfohlen, sie zusammen mit einem Aluminiumprofil zu installieren. Dies verbessert nicht nur die Haltbarkeit der Installation, sondern maximiert auch die Effizienz des LED-Streifens durch Aufrechterhaltung einer geeigneten Temperatur.<\/p><h3>Merkmale:<\/h3><ul>\n<li><strong>Material<\/strong>Extrudiertes Polystyrol hoher Dichte (XPS), bekannt f\u00fcr seine steife, thermoplastische, geschlossenzellige Struktur.<\/li>\n<li><strong>Hohe mechanische Festigkeit<\/strong>Die Homogenit\u00e4t seiner Zellen verleiht ihm eine bemerkenswerte strukturelle Steifigkeit, die eine hohe Sto\u00df- und Druckfestigkeit garantiert.<\/li>\n<li><strong>Au\u00dfergew\u00f6hnliche Haltbarkeit<\/strong>Die Kombination aus hoher mechanischer Festigkeit und geringer Wasseraufnahme macht XPS extrem langlebig und zuverl\u00e4ssig in Innenr\u00e4umen.<\/li>\n<li><strong>Leicht und robust<\/strong>Trotz seiner Robustheit ist das Material einfach zu handhaben und zu verlegen.<\/li>\n<li><strong>Individuell gestaltbare Oberfl\u00e4che<\/strong>Kann mit verschiedenen Arten von Farben gestrichen werden, z. B. mit Farben auf Nitro-, Acryl- oder Wasserbasis, so dass Sie die Leiste je nach den dekorativen Bed\u00fcrfnissen des Raums individuell gestalten k\u00f6nnen.<\/li>\n<li><strong>\u00d6kologisch<\/strong>L\u00f6sungsmittel- und FCKW-frei, daher ein umweltfreundliches Produkt.<\/li>\n<li><strong>Original Farbe<\/strong>Die Leiste wird in ihrer Originalfarbe geliefert, so dass sie ganz nach dem Geschmack des Benutzers gestaltet werden kann.<\/li>\n<\/ul><p><strong>Hinweis<\/strong>: Die&nbsp;<strong>Impressum<\/strong>&nbsp;wird ohne LED-Streifen und Zubeh\u00f6r geliefert und enth\u00e4lt nur das Hauptprodukt, das individuell angepasst und installiert werden kann.<\/p><p>Mit diesem hochwertigen Polystyrol-Formteil k\u00f6nnen Sie einzigartige, ma\u00dfgeschneiderte Umgebungen schaffen, die jedem Raum einen Hauch von modernem und elegantem Design verleihen.<\/p><h3>Dieses Produkt passt sich an eine Vielzahl von Umgebungen an und kombiniert Design und Funktionalit\u00e4t, um das visuelle Erlebnis eines jeden Innenraums zu verbessern.<\/h3><div class=\"flex max-w-full flex-col flex-grow\">\n<div class=\"min-h-8 text-message flex w-full flex-col items-end gap-2 whitespace-normal break-words [.text-message+&amp;]:mt-5\">\n<div class=\"flex w-full flex-col gap-1 empty:hidden first:pt-[3px]\">\n<div class=\"markdown prose w-full break-words dark:prose-invert light\">\n<ul>\n<li><strong>Hotels<\/strong>Perfekt f\u00fcr die Schaffung einer warmen und eleganten Atmosph\u00e4re in Gemeinschaftsbereichen, Fluren, Empfangsr\u00e4umen oder Zimmern, die durch indirekte Beleuchtung einen modernen und raffinierten Touch erhalten.<\/li>\n<li><strong>Bibliotheken<\/strong>Bietet eine weiche, dekorative Beleuchtung, die die Leseatmosph\u00e4re verbessert, ohne aufdringlich zu sein, und eignet sich ideal zur Hervorhebung bestimmter Bereiche wie B\u00fccherregale oder Leseecken.<\/li>\n<li><strong>Bars<\/strong>Die indirekten Lichteffekte schaffen eine gem\u00fctliche und dynamische Atmosph\u00e4re, die intime und attraktive R\u00e4ume f\u00fcr die Kunden schafft.<\/li>\n<li><strong>Startseite<\/strong>Ideal f\u00fcr die Dekoration von Decken, W\u00e4nden oder anderen R\u00e4umen im Haus, um Wohn-, Schlaf- oder Esszimmer in eine einladende und pers\u00f6nliche Atmosph\u00e4re zu verwandeln.<\/li>\n<li><strong>Gesch\u00e4fte<\/strong>Hervorragend geeignet, um Produkte oder wichtige Bereiche in Gesch\u00e4ften und Schaufenstern hervorzuheben und eine \u00e4sthetische Beleuchtung zu schaffen, die die Produktpr\u00e4sentation verbessert.<\/li>\n<li><strong>Restaurants<\/strong>Die Beleuchtung l\u00e4sst sich dem jeweiligen Anlass anpassen und bringt mit einer effizienten dekorativen Beleuchtung Eleganz und W\u00e4rme in den Ess- oder Wohnbereich.<\/li>\n<\/ul>\n<h3 class=\"h6\">Produktdatenblatt<\/h3>\n<dl class=\"data-sheet\">\n<dt class=\"name\"><img loading=\"lazy\" decoding=\"async\" src=\"https:\/\/www.factorled.com\/modules\/oa_features\/img\/2-default.jpg\" width=\"32\" height=\"32\">&nbsp;REFERENZ<\/dt>\n<dd class=\"value\">PM-10140<\/dd>\n<dt class=\"name\"><img loading=\"lazy\" decoding=\"async\" src=\"https:\/\/www.factorled.com\/modules\/oa_features\/img\/25-default.jpg\" width=\"32\" height=\"32\">&nbsp;Baumaterial<\/dt>\n<dd class=\"value\">Extrudiertes Polystyrol<\/dd>\n<dt class=\"name\"><img loading=\"lazy\" decoding=\"async\" src=\"https:\/\/www.factorled.com\/modules\/oa_features\/img\/15-default.jpg\" width=\"32\" height=\"32\">&nbsp;Bescheinigungen<\/dt>\n<dd class=\"value\">CE - ROHS<\/dd>\n<dt class=\"name\"><img loading=\"lazy\" decoding=\"async\" src=\"https:\/\/www.factorled.com\/modules\/oa_features\/img\/18-default.jpg\" width=\"32\" height=\"32\">&nbsp;Abmessungen (mm)<\/dt>\n<dd class=\"value\">2000x120x18mm<\/dd>\n<dt class=\"name\"><img loading=\"lazy\" decoding=\"async\" src=\"https:\/\/www.factorled.com\/modules\/oa_features\/img\/75-default.jpg\" width=\"32\" height=\"32\">&nbsp;Gew\u00e4hrleistungsjahre<\/dt>\n<dd class=\"value\">3<\/dd>\n<\/dl>\n<\/div>\n<\/div>\n<\/div>\n<\/div><\/h1>","protected":false},"excerpt":{"rendered":"<div class=\"product-reference\"><strong><label class=\"label\">Referenz:<\/label> SLLPM-10140<\/strong>\n<div><\/div>\n<div class=\"product-description-short\">\n<div id=\"product-description-short-3756\">\n<p>Entdecken Sie die&nbsp;<strong>Polystyrol-Formteil f\u00fcr LED-Streifen 2m<\/strong>eine hochwertige dekorative L\u00f6sung, die jeden Raum mit indirektem und diffusem Licht verwandelt. Das aus extrudiertem Polystyrol hergestellte Material ist sto\u00dffest und wasserabweisend und daher ideal f\u00fcr Sockelleisten und Deckenleisten. Sein Design erm\u00f6glicht eine schnelle und einfache Installation, ist leicht und kann auf jede Gr\u00f6\u00dfe zugeschnitten werden. Es eignet sich perfekt f\u00fcr spektakul\u00e4re Dekorations- und Beleuchtungseffekte und l\u00e4sst sich au\u00dferdem leicht lackieren, um ein individuelles und elegantes Finish zu gew\u00e4hrleisten.<\/p>\n<p><em>LED-Leiste und Zubeh\u00f6r nicht enthalten.<\/em><\/p>\n<\/div>\n<\/div><\/div>","protected":false},"featured_media":14730,"template":"","meta":{"site-sidebar-layout":"default","site-content-layout":"default","ast-global-header-display":"","ast-main-header-display":"","ast-hfb-above-header-display":"","ast-hfb-below-header-display":"","ast-hfb-mobile-header-display":"","site-post-title":"","ast-breadcrumbs-content":"","ast-featured-img":"","footer-sml-layout":"","theme-transparent-header-meta":"default","adv-header-id-meta":"","stick-header-meta":"","header-above-stick-meta":"","header-main-stick-meta":"","header-below-stick-meta":""},"product_cat":[92,45],"product_tag":[],"class_list":["post-14727","product","type-product","status-publish","has-post-thumbnail","hentry","product_cat-accesorios-tiras-led","product_cat-tiras-led-y-neon-flexible"],"_links":{"self":[{"href":"https:\/\/starlediluminacion.com\/de\/wp-json\/wp\/v3\/product\/14727","targetHints":{"allow":["GET"]}}],"collection":[{"href":"https:\/\/starlediluminacion.com\/de\/wp-json\/wp\/v3\/product"}],"about":[{"href":"https:\/\/starlediluminacion.com\/de\/wp-json\/wp\/v2\/types\/product"}],"wp:featuredmedia":[{"embeddable":true,"href":"https:\/\/starlediluminacion.com\/de\/wp-json\/wp\/v2\/media\/14730"}],"wp:attachment":[{"href":"https:\/\/starlediluminacion.com\/de\/wp-json\/wp\/v2\/media?parent=14727"}],"wp:term":[{"taxonomy":"product_cat","embeddable":true,"href":"https:\/\/starlediluminacion.com\/de\/wp-json\/wp\/v2\/product_cat?post=14727"},{"taxonomy":"product_tag","embeddable":true,"href":"https:\/\/starlediluminacion.com\/de\/wp-json\/wp\/v2\/product_tag?post=14727"}],"curies":[{"name":"wp","href":"https:\/\/api.w.org\/{rel}","templated":true}]}}