{"id":14439,"date":"2024-10-20T15:37:40","date_gmt":"2024-10-20T15:37:40","guid":{"rendered":"https:\/\/starlediluminacion.com\/?post_type=product&#038;p=14439"},"modified":"2025-01-05T14:57:51","modified_gmt":"2025-01-05T14:57:51","slug":"lampara-de-techo-regulable-doble-serie-oculus-gu10-mr16-exterior-blanco","status":"publish","type":"product","link":"https:\/\/starlediluminacion.com\/de\/product\/lampara-de-techo-regulable-doble-serie-oculus-gu10-mr16-exterior-blanco\/","title":{"rendered":"<p>L&aacute;mpara de techo regulable doble &ndash; Serie Oculus &ndash; GU10-MR16 &ndash; Exterior blanco<\/p>"},"content":{"rendered":"<h1><span>L&aacute;mpara de techo regulable doble &ndash; Serie Oculus &ndash; GU10-MR16 &ndash; Exterior blanco<\/span><p><span>Transforma tu espacio con el soporte de techo de la serie Oculus para bombillas GU10-MR16, una soluci&oacute;n perfecta para quienes buscan combinar dise&ntilde;o, funcionalidad y personalizaci&oacute;n en su sistema de iluminaci&oacute;n. Con un dise&ntilde;o minimalista y elegante, este soporte de techo es ideal para crear ambientes modernos y sofisticados, elevando cualquier espacio con su est&eacute;tica exclusiva.<\/span><\/p><p><strong><span>Funktionen und Anpassungen:<\/span><\/strong><span>&nbsp;Elige entre una amplia gama de colores para el aro interior regulable: blanco, negro, plata, dorado o negro mate, lo que te permitir&aacute; adaptar la iluminaci&oacute;n a tu estilo y necesidades. Esta personalizaci&oacute;n la convierte en la opci&oacute;n ideal tanto para proyectos residenciales como comerciales, a&ntilde;adiendo un toque de lujo y exclusividad a cada instalaci&oacute;n. Su dise&ntilde;o refinado garantiza un acabado limpio y profesional sin sacrificar la est&eacute;tica.<\/span><\/p><p><strong><span>Funcionalidad y versatilidad:<\/span><\/strong><span>&nbsp;M&aacute;s que un dise&ntilde;o elegante, este soporte de techo ofrece una gran funcionalidad. Gracias a su aro interior ajustable, puedes orientar el haz de luz seg&uacute;n tus necesidades. Esta flexibilidad es perfecta para enfocar la luz en &aacute;reas espec&iacute;ficas, resaltar zonas clave o crear un efecto de iluminaci&oacute;n suave y bien distribuida.<\/span><\/p><p><span>Para mayor versatilidad, puedes adquirir anillos interiores adicionales en diferentes colores directamente desde nuestro sitio web, lo que te permitir&aacute; cambiar el aspecto de tu iluminaci&oacute;n cuando quieras, creando combinaciones &uacute;nicas para cada espacio.<\/span><\/p><p><strong><span>Schnelle und einfache Installation:<\/span><\/strong><span>&nbsp;Dise&ntilde;ado para montaje en superficie, este soporte de techo no requiere una construcci&oacute;n compleja ni cortes en el techo. Su instalaci&oacute;n es r&aacute;pida y sencilla, lo que lo convierte en una excelente opci&oacute;n tanto para instaladores profesionales como para aficionados al bricolaje.<\/span><\/p><p><span>Este soporte de techo de la Serie Luxury no solo ilumina el espacio, sino que tambi&eacute;n lo transforma con estilo y personalizaci&oacute;n, sin comprometer la funcionalidad.<\/span><\/p><p><strong><span>Anwendungen und Verwendungszwecke:<\/span><\/strong><br>\n<span>Dieser Rahmen ist sehr vielseitig einsetzbar und findet sowohl im Wohnbereich als auch im gewerblichen Bereich Verwendung. Einige der wichtigsten Einsatzgebiete sind:<\/span><\/p><ul>\n<li><span>K\u00fcchen und Arbeitsfl\u00e4chen: Ideal f\u00fcr die Beleuchtung von Arbeitspl\u00e4tzen, da sie direktes und helles Licht auf die Oberfl\u00e4chen werfen.<\/span><\/li>\n<li><span>Theken in Bars oder Restaurants: Perfekt f\u00fcr eine gezielte Beleuchtung, um den Bereich der Kundenbedienung hervorzuheben oder eine einladende Atmosph\u00e4re zu schaffen.<\/span><\/li>\n<li><span>Flure und Durchg\u00e4nge: Bietet eine elegante und funktionelle Beleuchtung in Durchg\u00e4ngen und hilft, den Personenfluss zu lenken.<\/span><\/li>\n<li><span>Lounges und Gemeinschaftsr\u00e4ume: Verleiht der allgemeinen Beleuchtung einen Hauch von Stil, so dass bestimmte Bereiche wie Tische oder Besprechungsr\u00e4ume hervorstechen.<\/span><\/li>\n<li><span>B\u00fcros und Gesch\u00e4ftsr\u00e4ume: Sie werden zur Beleuchtung von Arbeitspl\u00e4tzen oder zur Hervorhebung von Produkten in Vitrinen verwendet und schaffen eine Beleuchtung, die Zweckm\u00e4\u00dfigkeit und Stil vereint.<\/span><\/li>\n<\/ul><p><span>GU10-Lampe nicht enthalten.<\/span><\/p><h3 class=\"h6\"><span>Datenblatt<\/span><\/h3><dl class=\"data-sheet\">\n<dt class=\"name\"><img loading=\"lazy\" decoding=\"async\" src=\"https:\/\/www.factorled.com\/modules\/oa_features\/img\/2-default.jpg\" width=\"32\" height=\"32\"><span>REFERENZ<\/span><\/dt>\n<dd class=\"value\"><span>SSSW2<\/span><\/dd>\n<dt class=\"name\"><img loading=\"lazy\" decoding=\"async\" src=\"https:\/\/www.factorled.com\/modules\/oa_features\/img\/25-default.jpg\" width=\"32\" height=\"32\"><span>Baumaterial<\/span><\/dt>\n<dd class=\"value\"><span>Stahl + PC<\/span><\/dd>\n<dt class=\"name\"><img loading=\"lazy\" decoding=\"async\" src=\"https:\/\/www.factorled.com\/modules\/oa_features\/img\/15-default.jpg\" width=\"32\" height=\"32\"><span>Zertifizierungen<\/span><\/dt>\n<dd class=\"value\"><span>CE-, CMIM- und RoHS-Zertifizierung<\/span><\/dd>\n<dt class=\"name\"><img loading=\"lazy\" decoding=\"async\" src=\"https:\/\/www.factorled.com\/modules\/oa_features\/img\/16-default.jpg\" width=\"32\" height=\"32\"><span>Geistiges Eigentum<\/span><\/dt>\n<dd class=\"value\"><span>IP20<\/span><\/dd>\n<dt class=\"name\"><img loading=\"lazy\" decoding=\"async\" src=\"https:\/\/www.factorled.com\/modules\/oa_features\/img\/18-default.jpg\" width=\"32\" height=\"32\"><span>Abmessungen (mm)<\/span><\/dt>\n<dd class=\"value\"><span>200x105xAlto105mm<\/span><\/dd>\n<dt class=\"name\"><img loading=\"lazy\" decoding=\"async\" src=\"https:\/\/www.factorled.com\/modules\/oa_features\/img\/75-default.jpg\" width=\"32\" height=\"32\"><span>Jahre der Garantie<\/span><\/dt>\n<dd class=\"value\"><span>3<\/span><\/dd>\n<dt class=\"name\"><img loading=\"lazy\" decoding=\"async\" src=\"https:\/\/www.factorled.com\/modules\/oa_features\/img\/128-default.jpg\" width=\"32\" height=\"32\"><span>Inklusive Gl\u00fchbirne<\/span><\/dt>\n<dd class=\"value\"><span>Nein<\/span><\/dd>\n<\/dl><\/h1>","protected":false},"excerpt":{"rendered":"<div class=\"product-reference\"><strong><label class=\"label\">Referenz:<\/label>&nbsp;SHSSW2-92130<\/strong>\n<div><\/div>\n<div class=\"product-description-short\">\n<div id=\"product-description-short-3713\">\n<p><span>Verwandeln Sie Ihre R\u00e4ume mit dem&nbsp;&nbsp;<\/span><b><span>L&aacute;mpara de Techo Serie Oculus para l&aacute;mparas GU10-MR16. Personaliza tu iluminaci&oacute;n eligiendo el color del aro interior inclinable, disponible en blanco, negro, plata, oro o negro mate.<\/span><\/b><span>&nbsp;Su dise&ntilde;o minimalista y elegante aporta exclusividad a cualquier ambiente, combinando a la perfecci&oacute;n estilo y funcionalidad. Ideal para crear escenas &uacute;nicas y sofisticadas, este accesorio ofrece un toque fresco que realza la est&eacute;tica de cualquier espacio.<\/span><\/p>\n<\/div>\n<\/div><\/div>","protected":false},"featured_media":14446,"template":"","meta":{"site-sidebar-layout":"default","site-content-layout":"default","ast-global-header-display":"","ast-main-header-display":"","ast-hfb-above-header-display":"","ast-hfb-below-header-display":"","ast-hfb-mobile-header-display":"","site-post-title":"","ast-breadcrumbs-content":"","ast-featured-img":"","footer-sml-layout":"","theme-transparent-header-meta":"default","adv-header-id-meta":"","stick-header-meta":"","header-above-stick-meta":"","header-main-stick-meta":"","header-below-stick-meta":""},"product_cat":[62,23],"product_tag":[],"class_list":["post-14439","product","type-product","status-publish","has-post-thumbnail","hentry","product_cat-accesorios-lamparas-led","product_cat-bombillas-y-lamparas-led"],"_links":{"self":[{"href":"https:\/\/starlediluminacion.com\/de\/wp-json\/wp\/v3\/product\/14439","targetHints":{"allow":["GET"]}}],"collection":[{"href":"https:\/\/starlediluminacion.com\/de\/wp-json\/wp\/v3\/product"}],"about":[{"href":"https:\/\/starlediluminacion.com\/de\/wp-json\/wp\/v2\/types\/product"}],"wp:featuredmedia":[{"embeddable":true,"href":"https:\/\/starlediluminacion.com\/de\/wp-json\/wp\/v2\/media\/14446"}],"wp:attachment":[{"href":"https:\/\/starlediluminacion.com\/de\/wp-json\/wp\/v2\/media?parent=14439"}],"wp:term":[{"taxonomy":"product_cat","embeddable":true,"href":"https:\/\/starlediluminacion.com\/de\/wp-json\/wp\/v2\/product_cat?post=14439"},{"taxonomy":"product_tag","embeddable":true,"href":"https:\/\/starlediluminacion.com\/de\/wp-json\/wp\/v2\/product_tag?post=14439"}],"curies":[{"name":"wp","href":"https:\/\/api.w.org\/{rel}","templated":true}]}}