{"id":14411,"date":"2024-10-20T15:15:00","date_gmt":"2024-10-20T15:15:00","guid":{"rendered":"https:\/\/starlediluminacion.com\/?post_type=product&#038;p=14411"},"modified":"2025-01-05T14:57:23","modified_gmt":"2025-01-05T14:57:23","slug":"marco-cuadruple-inclinable-serie-oculus-gu10-mr16-exterior-blanco","status":"publish","type":"product","link":"https:\/\/starlediluminacion.com\/de\/product\/marco-cuadruple-inclinable-serie-oculus-gu10-mr16-exterior-blanco\/","title":{"rendered":"<p>Marco cu&aacute;druple inclinable &ndash; Serie Oculus &ndash; GU10-MR16 &ndash; Exterior blanco<\/p>"},"content":{"rendered":"<h1><span>Marco cu&aacute;druple inclinable &ndash; Serie Oculus &ndash; GU10-MR16 &ndash; Exterior blanco<\/span><p><span>Der Oculus-Kipprahmen f\u00fcr GU10-MR16-Lampen ist die perfekte Wahl f\u00fcr alle, die Design, Funktionalit\u00e4t und individuelle Gestaltung in ihrem Beleuchtungssystem vereinen m\u00f6chten. Sein minimalistisches und elegantes Design macht ihn ideal f\u00fcr die Schaffung anspruchsvoller und moderner Umgebungen in jedem Raum.<\/span><\/p><p><strong><span>Funktionen und Anpassungen:<\/span><\/strong><span>&nbsp;Bei diesem GU10-Kipprahmen k\u00f6nnen Sie die Farbe der Innenringe individuell gestalten. Sie sind in Wei\u00df, Schwarz, Silber, Gold oder Mattschwarz erh\u00e4ltlich, so dass Sie die Beleuchtung leicht an Ihren Stil und Ihre Bed\u00fcrfnisse anpassen k\u00f6nnen. Diese Flexibilit\u00e4t macht die Leuchte zu einer ausgezeichneten Wahl f\u00fcr private und gewerbliche Projekte und verleiht ihr einen Hauch von Luxus und Exklusivit\u00e4t. Ihr raffiniertes Design garantiert eine tadellose und professionelle Ausf\u00fchrung, ohne dabei Kompromisse bei der \u00c4sthetik einzugehen.<\/span><\/p><p><strong><span>Funktionalit\u00e4t und Vielseitigkeit:<\/span><\/strong><span>&nbsp;Abgesehen von seinem Aussehen zeichnet sich dieser Rahmen durch seine hohe Funktionalit\u00e4t aus, die es erm\u00f6glicht, den Winkel des Lichtstrahls je nach den Bed\u00fcrfnissen des Raumes einzustellen. Diese Neigungsfunktion ist ideal, um die Beleuchtung auf bestimmte Bereiche zu fokussieren oder weichere und ausgewogenere Lichteffekte zu erzielen.<\/span><\/p><p><strong><span>Schnelle und einfache Installation:<\/span><\/strong><br>\n<span>Der Rahmen ist f\u00fcr den versenkten Einbau konzipiert und bietet ein diskretes und unauff\u00e4lliges Erscheinungsbild in der Decke. Zum Einsetzen des Rahmens ist lediglich ein Schnitt in der Oberfl\u00e4che erforderlich. Dieser Prozess ist schnell und einfach, was ihn zu einer ausgezeichneten Wahl f\u00fcr professionelle Installateure und Heimwerker gleicherma\u00dfen macht.<\/span><\/p><p><strong><span>Anwendungen und Verwendungszwecke:<\/span><\/strong><br>\n<span>Dieser Rahmen ist sehr vielseitig einsetzbar und findet sowohl im Wohnbereich als auch im gewerblichen Bereich Verwendung. Einige der wichtigsten Einsatzgebiete sind:<\/span><\/p><ul>\n<li><span>K\u00fcchen und Arbeitsfl\u00e4chen: Ideal f\u00fcr die Beleuchtung von Arbeitspl\u00e4tzen, da sie direktes und helles Licht auf die Oberfl\u00e4chen werfen.<\/span><\/li>\n<li><span>Theken in Bars oder Restaurants: Perfekt f\u00fcr eine gezielte Beleuchtung, um den Bereich der Kundenbedienung hervorzuheben oder eine einladende Atmosph\u00e4re zu schaffen.<\/span><\/li>\n<li><span>Flure und Durchg\u00e4nge: Bietet eine elegante und funktionelle Beleuchtung in Durchg\u00e4ngen und hilft, den Personenfluss zu lenken.<\/span><\/li>\n<li><span>Lounges und Gemeinschaftsr\u00e4ume: Verleiht der allgemeinen Beleuchtung einen Hauch von Stil, so dass bestimmte Bereiche wie Tische oder Besprechungsr\u00e4ume hervorstechen.<\/span><\/li>\n<li><span>B\u00fcros und Gesch\u00e4ftsr\u00e4ume: Sie werden zur Beleuchtung von Arbeitspl\u00e4tzen oder zur Hervorhebung von Produkten in Vitrinen verwendet und schaffen eine Beleuchtung, die Zweckm\u00e4\u00dfigkeit und Stil vereint.<\/span><\/li>\n<\/ul><p><span>GU10-Lampe nicht enthalten.<\/span><\/p><h3 class=\"h6\"><span>Datenblatt<\/span><\/h3><dl class=\"data-sheet\">\n<dt class=\"name\"><img loading=\"lazy\" decoding=\"async\" src=\"https:\/\/www.factorled.com\/modules\/oa_features\/img\/2-default.jpg\" width=\"32\" height=\"32\"><span>REFERENZ<\/span><\/dt>\n<dd class=\"value\"><span>HSSW4<\/span><\/dd>\n<dt class=\"name\"><img loading=\"lazy\" decoding=\"async\" src=\"https:\/\/www.factorled.com\/modules\/oa_features\/img\/25-default.jpg\" width=\"32\" height=\"32\"><span>Baumaterial<\/span><\/dt>\n<dd class=\"value\"><span>Stahl + PC<\/span><\/dd>\n<dt class=\"name\"><img loading=\"lazy\" decoding=\"async\" src=\"https:\/\/www.factorled.com\/modules\/oa_features\/img\/15-default.jpg\" width=\"32\" height=\"32\"><span>Zertifizierungen<\/span><\/dt>\n<dd class=\"value\"><span>CE-, CMIM- und RoHS-Zertifizierung<\/span><\/dd>\n<dt class=\"name\"><img loading=\"lazy\" decoding=\"async\" src=\"https:\/\/www.factorled.com\/modules\/oa_features\/img\/16-default.jpg\" width=\"32\" height=\"32\"><span>Geistiges Eigentum<\/span><\/dt>\n<dd class=\"value\"><span>IP20<\/span><\/dd>\n<dt class=\"name\"><img loading=\"lazy\" decoding=\"async\" src=\"https:\/\/www.factorled.com\/modules\/oa_features\/img\/18-default.jpg\" width=\"32\" height=\"32\"><span>Abmessungen (mm)<\/span><\/dt>\n<dd class=\"value\"><span>168 x 168 x 50 Millimeter<\/span><\/dd>\n<dt class=\"name\"><img loading=\"lazy\" decoding=\"async\" src=\"https:\/\/www.factorled.com\/modules\/oa_features\/img\/27-default.jpg\" width=\"32\" height=\"32\"><span>Beschnittgr\u00f6\u00dfe (mm)<\/span><\/dt>\n<dd class=\"value\"><span>154 x 154 Millimeter<\/span><\/dd>\n<dt class=\"name\"><img loading=\"lazy\" decoding=\"async\" src=\"https:\/\/www.factorled.com\/modules\/oa_features\/img\/75-default.jpg\" width=\"32\" height=\"32\"><span>Jahre der Garantie<\/span><\/dt>\n<dd class=\"value\"><span>3<\/span><\/dd>\n<dt class=\"name\"><img loading=\"lazy\" decoding=\"async\" src=\"https:\/\/www.factorled.com\/modules\/oa_features\/img\/128-default.jpg\" width=\"32\" height=\"32\"><span>Inklusive Gl\u00fchbirne<\/span><\/dt>\n<dd class=\"value\"><span>Nein<\/span><\/dd>\n<\/dl><\/h1>","protected":false},"excerpt":{"rendered":"<p><strong><label class=\"label\">Referenz:<\/label>&nbsp;HSSW4-92130<\/strong><div class=\"product-description-short\">\n<div id=\"product-description-short-3709\">\n<p><span>Verwandeln Sie Ihre Beleuchtung mit dem Oculus Tilt Frame f\u00fcr GU10-MR16.&nbsp;<\/span><strong><span>W\u00e4hlen Sie Ihre Kombination, indem Sie die Farbe der Innenringe ausw\u00e4hlen: wei\u00df, schwarz, silber, gold oder mattschwarz.<\/span><\/strong><span>&nbsp;Ihr minimalistisches und elegantes Design verleiht ihr einen exklusiven und innovativen Touch, der sich perfekt in jede Umgebung einf\u00fcgt. Er kombiniert Stil und Funktionalit\u00e4t, um einzigartige Szenen in Ihrem Zuhause oder Gesch\u00e4ft zu schaffen.<\/span><\/p>\n<p><span>GU10-Gl\u00fchbirne NICHT INBEGRIFFEN.<\/span><\/p>\n<\/div>\n<\/div><\/p>","protected":false},"featured_media":14417,"template":"","meta":{"site-sidebar-layout":"default","site-content-layout":"default","ast-global-header-display":"","ast-main-header-display":"","ast-hfb-above-header-display":"","ast-hfb-below-header-display":"","ast-hfb-mobile-header-display":"","site-post-title":"","ast-breadcrumbs-content":"","ast-featured-img":"","footer-sml-layout":"","theme-transparent-header-meta":"default","adv-header-id-meta":"","stick-header-meta":"","header-above-stick-meta":"","header-main-stick-meta":"","header-below-stick-meta":""},"product_cat":[62,23],"product_tag":[],"class_list":["post-14411","product","type-product","status-publish","has-post-thumbnail","hentry","product_cat-accesorios-lamparas-led","product_cat-bombillas-y-lamparas-led"],"_links":{"self":[{"href":"https:\/\/starlediluminacion.com\/de\/wp-json\/wp\/v3\/product\/14411","targetHints":{"allow":["GET"]}}],"collection":[{"href":"https:\/\/starlediluminacion.com\/de\/wp-json\/wp\/v3\/product"}],"about":[{"href":"https:\/\/starlediluminacion.com\/de\/wp-json\/wp\/v2\/types\/product"}],"wp:featuredmedia":[{"embeddable":true,"href":"https:\/\/starlediluminacion.com\/de\/wp-json\/wp\/v2\/media\/14417"}],"wp:attachment":[{"href":"https:\/\/starlediluminacion.com\/de\/wp-json\/wp\/v2\/media?parent=14411"}],"wp:term":[{"taxonomy":"product_cat","embeddable":true,"href":"https:\/\/starlediluminacion.com\/de\/wp-json\/wp\/v2\/product_cat?post=14411"},{"taxonomy":"product_tag","embeddable":true,"href":"https:\/\/starlediluminacion.com\/de\/wp-json\/wp\/v2\/product_tag?post=14411"}],"curies":[{"name":"wp","href":"https:\/\/api.w.org\/{rel}","templated":true}]}}