{"id":14403,"date":"2024-10-20T15:12:31","date_gmt":"2024-10-20T15:12:31","guid":{"rendered":"https:\/\/starlediluminacion.com\/?post_type=product&#038;p=14403"},"modified":"2025-01-05T14:57:13","modified_gmt":"2025-01-05T14:57:13","slug":"marco-triple-inclinable-serie-oculus-gu10-mr16-exterior-negro","status":"publish","type":"product","link":"https:\/\/starlediluminacion.com\/de\/product\/marco-triple-inclinable-serie-oculus-gu10-mr16-exterior-negro\/","title":{"rendered":"<p>Marco triple inclinable &ndash; Serie Oculus &ndash; GU10-MR16 &ndash; Exterior negro<\/p>"},"content":{"rendered":"<h1><span>Marco triple inclinable &ndash; Serie Oculus &ndash; GU10-MR16 &ndash; Exterior negro<\/span><p><span>El Marco Inclinable de Lujo para l&aacute;mparas GU10-MR16 es la elecci&oacute;n perfecta para quienes desean fusionar dise&ntilde;o, funcionalidad y personalizaci&oacute;n en su sistema de iluminaci&oacute;n. Su dise&ntilde;o minimalista y elegante lo hace ideal para crear ambientes sofisticados y modernos en cualquier espacio.<\/span><\/p><p><strong><span>Funktionen und Anpassungen:<\/span><\/strong><span>&nbsp;Bei diesem GU10-Kipprahmen k\u00f6nnen Sie die Farbe der Innenringe individuell gestalten. Sie sind in Wei\u00df, Schwarz, Silber, Gold oder Mattschwarz erh\u00e4ltlich, so dass Sie die Beleuchtung leicht an Ihren Stil und Ihre Bed\u00fcrfnisse anpassen k\u00f6nnen. Diese Flexibilit\u00e4t macht die Leuchte zu einer ausgezeichneten Wahl f\u00fcr private und gewerbliche Projekte und verleiht ihr einen Hauch von Luxus und Exklusivit\u00e4t. Ihr raffiniertes Design garantiert eine tadellose und professionelle Ausf\u00fchrung, ohne dabei Kompromisse bei der \u00c4sthetik einzugehen.<\/span><\/p><p><strong><span>Funktionalit\u00e4t und Vielseitigkeit:<\/span><\/strong><span>&nbsp;Abgesehen von seinem Aussehen zeichnet sich dieser Rahmen durch seine hohe Funktionalit\u00e4t aus, die es erm\u00f6glicht, den Winkel des Lichtstrahls je nach den Bed\u00fcrfnissen des Raumes einzustellen. Diese Neigungsfunktion ist ideal, um die Beleuchtung auf bestimmte Bereiche zu fokussieren oder weichere und ausgewogenere Lichteffekte zu erzielen.<\/span><\/p><p><strong><span>Schnelle und einfache Installation:<\/span><\/strong><br>\n<span>Der Rahmen ist f\u00fcr den versenkten Einbau konzipiert und bietet ein diskretes und unauff\u00e4lliges Erscheinungsbild in der Decke. Zum Einsetzen des Rahmens ist lediglich ein Schnitt in der Oberfl\u00e4che erforderlich. Dieser Prozess ist schnell und einfach, was ihn zu einer ausgezeichneten Wahl f\u00fcr professionelle Installateure und Heimwerker gleicherma\u00dfen macht.<\/span><\/p><p><strong><span>Anwendungen und Verwendungszwecke:<\/span><\/strong><br>\n<span>Dieser Rahmen ist sehr vielseitig einsetzbar und findet sowohl im Wohnbereich als auch im gewerblichen Bereich Verwendung. Einige der wichtigsten Einsatzgebiete sind:<\/span><\/p><ul>\n<li><span>K\u00fcchen und Arbeitsfl\u00e4chen: Ideal f\u00fcr die Beleuchtung von Arbeitspl\u00e4tzen, da sie direktes und helles Licht auf die Oberfl\u00e4chen werfen.<\/span><\/li>\n<li><span>Theken in Bars oder Restaurants: Perfekt f\u00fcr eine gezielte Beleuchtung, um den Bereich der Kundenbedienung hervorzuheben oder eine einladende Atmosph\u00e4re zu schaffen.<\/span><\/li>\n<li><span>Flure und Durchg\u00e4nge: Bietet eine elegante und funktionelle Beleuchtung in Durchg\u00e4ngen und hilft, den Personenfluss zu lenken.<\/span><\/li>\n<li><span>Lounges und Gemeinschaftsr\u00e4ume: Verleiht der allgemeinen Beleuchtung einen Hauch von Stil, so dass bestimmte Bereiche wie Tische oder Besprechungsr\u00e4ume hervorstechen.<\/span><\/li>\n<li><span>B\u00fcros und Gesch\u00e4ftsr\u00e4ume: Sie werden zur Beleuchtung von Arbeitspl\u00e4tzen oder zur Hervorhebung von Produkten in Vitrinen verwendet und schaffen eine Beleuchtung, die Zweckm\u00e4\u00dfigkeit und Stil vereint.<\/span><\/li>\n<\/ul><p><span>GU10-Lampe nicht enthalten.<\/span><\/p><h3 class=\"h6\"><span>Datenblatt<\/span><\/h3><dl class=\"data-sheet\">\n<dt class=\"name\"><img loading=\"lazy\" decoding=\"async\" src=\"https:\/\/www.factorled.com\/modules\/oa_features\/img\/2-default.jpg\" width=\"32\" height=\"32\"><span>REFERENZ<\/span><\/dt>\n<dd class=\"value\"><span>HSSB3<\/span><\/dd>\n<dt class=\"name\"><img loading=\"lazy\" decoding=\"async\" src=\"https:\/\/www.factorled.com\/modules\/oa_features\/img\/25-default.jpg\" width=\"32\" height=\"32\"><span>Baumaterial<\/span><\/dt>\n<dd class=\"value\"><span>Stahl + PC<\/span><\/dd>\n<dt class=\"name\"><img loading=\"lazy\" decoding=\"async\" src=\"https:\/\/www.factorled.com\/modules\/oa_features\/img\/15-default.jpg\" width=\"32\" height=\"32\"><span>Zertifizierungen<\/span><\/dt>\n<dd class=\"value\"><span>CE-, CMIM- und RoHS-Zertifizierung<\/span><\/dd>\n<dt class=\"name\"><img loading=\"lazy\" decoding=\"async\" src=\"https:\/\/www.factorled.com\/modules\/oa_features\/img\/16-default.jpg\" width=\"32\" height=\"32\"><span>Geistiges Eigentum<\/span><\/dt>\n<dd class=\"value\"><span>IP20<\/span><\/dd>\n<dt class=\"name\"><img loading=\"lazy\" decoding=\"async\" src=\"https:\/\/www.factorled.com\/modules\/oa_features\/img\/18-default.jpg\" width=\"32\" height=\"32\"><span>Abmessungen (mm)<\/span><\/dt>\n<dd class=\"value\"><span>245 x 87 x 50 mil&iacute;metros<\/span><\/dd>\n<dt class=\"name\"><img loading=\"lazy\" decoding=\"async\" src=\"https:\/\/www.factorled.com\/modules\/oa_features\/img\/27-default.jpg\" width=\"32\" height=\"32\"><span>Beschnittgr\u00f6\u00dfe (mm)<\/span><\/dt>\n<dd class=\"value\"><span>234 x 75 mil&iacute;metros<\/span><\/dd>\n<dt class=\"name\"><img loading=\"lazy\" decoding=\"async\" src=\"https:\/\/www.factorled.com\/modules\/oa_features\/img\/75-default.jpg\" width=\"32\" height=\"32\"><span>Jahre der Garantie<\/span><\/dt>\n<dd class=\"value\"><span>3<\/span><\/dd>\n<dt class=\"name\"><img loading=\"lazy\" decoding=\"async\" src=\"https:\/\/www.factorled.com\/modules\/oa_features\/img\/128-default.jpg\" width=\"32\" height=\"32\"><span>Inklusive Gl\u00fchbirne<\/span><\/dt>\n<dd class=\"value\"><span>Nein<\/span><\/dd>\n<\/dl><\/h1>","protected":false},"excerpt":{"rendered":"<div class=\"product-reference\"><strong><label class=\"label\">Referenz:<\/label>&nbsp;HSSB3-92127<\/strong>\n<div><\/div>\n<div class=\"product-description-short\">\n<div id=\"product-description-short-3708\">\n<p><span>Verwandeln Sie Ihre Beleuchtung mit dem Oculus Tilt Frame f\u00fcr GU10-MR16.&nbsp;<\/span><strong><span>W\u00e4hlen Sie Ihre Kombination, indem Sie die Farbe der Innenringe ausw\u00e4hlen: wei\u00df, schwarz, silber, gold oder mattschwarz.<\/span><\/strong><span>&nbsp;Ihr minimalistisches und elegantes Design verleiht ihr einen exklusiven und innovativen Touch, der sich perfekt in jede Umgebung einf\u00fcgt. Er kombiniert Stil und Funktionalit\u00e4t, um einzigartige Szenen in Ihrem Zuhause oder Gesch\u00e4ft zu schaffen.<\/span><\/p>\n<p><span>GU10-Gl\u00fchbirne NICHT INBEGRIFFEN.<\/span><\/p>\n<\/div>\n<\/div><\/div>","protected":false},"featured_media":14407,"template":"","meta":{"site-sidebar-layout":"default","site-content-layout":"default","ast-global-header-display":"","ast-main-header-display":"","ast-hfb-above-header-display":"","ast-hfb-below-header-display":"","ast-hfb-mobile-header-display":"","site-post-title":"","ast-breadcrumbs-content":"","ast-featured-img":"","footer-sml-layout":"","theme-transparent-header-meta":"default","adv-header-id-meta":"","stick-header-meta":"","header-above-stick-meta":"","header-main-stick-meta":"","header-below-stick-meta":""},"product_cat":[62,23],"product_tag":[],"class_list":["post-14403","product","type-product","status-publish","has-post-thumbnail","hentry","product_cat-accesorios-lamparas-led","product_cat-bombillas-y-lamparas-led"],"yoast_head":"<!-- This site is optimized with the Yoast SEO plugin v27.4 - https:\/\/yoast.com\/product\/yoast-seo-wordpress\/ -->\n<title>Marco triple inclinable - Serie Oculus - GU10-MR16 - Exterior negro - STARLED Iluminacion<\/title>\n<meta name=\"robots\" content=\"index, follow, max-snippet:-1, max-image-preview:large, max-video-preview:-1\" \/>\n<link rel=\"canonical\" href=\"https:\/\/starlediluminacion.com\/de\/product\/marco-triple-inclinable-serie-oculus-gu10-mr16-exterior-negro\/\" \/>\n<meta property=\"og:locale\" content=\"de_DE\" \/>\n<meta property=\"og:type\" content=\"article\" \/>\n<meta property=\"og:title\" content=\"Marco triple inclinable - Serie Oculus - GU10-MR16 - Exterior negro - STARLED Iluminacion\" \/>\n<meta property=\"og:description\" content=\"Referencia:\u00a0HSSB3-92127      Transforma tu iluminaci\u00f3n con el Marco Inclinable Oculus para GU10-MR16.\u00a0Elige tu combinaci\u00f3n seleccionando el color de los aros interiores: blanco, negro, plata, dorado o negro mate.\u00a0Su dise\u00f1o minimalista y elegante aporta un toque exclusivo y novedoso, perfecto para cualquier ambiente. Combina estilo y funcionalidad para crear escenas \u00fanicas en tu hogar o negocio.  Bombilla GU10 NO INCLUIDA.\" \/>\n<meta property=\"og:url\" content=\"https:\/\/starlediluminacion.com\/de\/product\/marco-triple-inclinable-serie-oculus-gu10-mr16-exterior-negro\/\" \/>\n<meta property=\"og:site_name\" content=\"STARLED Iluminacion\" \/>\n<meta property=\"article:modified_time\" content=\"2025-01-05T14:57:13+00:00\" \/>\n<meta property=\"og:image\" content=\"https:\/\/starlediluminacion.com\/wp-content\/uploads\/2024\/10\/double-tiltable-frame-luxury-series-gu10-mr16-white-exterior.jpg\" \/>\n\t<meta property=\"og:image:width\" content=\"744\" \/>\n\t<meta property=\"og:image:height\" content=\"800\" \/>\n\t<meta property=\"og:image:type\" content=\"image\/jpeg\" \/>\n<meta name=\"twitter:card\" content=\"summary_large_image\" \/>\n<meta name=\"twitter:label1\" content=\"Gesch\u00e4tzte Lesezeit\" \/>\n\t<meta name=\"twitter:data1\" content=\"2\u00a0Minuten\" \/>\n<script type=\"application\/ld+json\" class=\"yoast-schema-graph\">{\"@context\":\"https:\\\/\\\/schema.org\",\"@graph\":[{\"@type\":\"WebPage\",\"@id\":\"https:\\\/\\\/starlediluminacion.com\\\/producto\\\/marco-triple-inclinable-serie-oculus-gu10-mr16-exterior-negro\\\/\",\"url\":\"https:\\\/\\\/starlediluminacion.com\\\/producto\\\/marco-triple-inclinable-serie-oculus-gu10-mr16-exterior-negro\\\/\",\"name\":\"Marco triple inclinable - Serie Oculus - GU10-MR16 - Exterior negro - STARLED Iluminacion\",\"isPartOf\":{\"@id\":\"https:\\\/\\\/starlediluminacion.com\\\/#website\"},\"primaryImageOfPage\":{\"@id\":\"https:\\\/\\\/starlediluminacion.com\\\/producto\\\/marco-triple-inclinable-serie-oculus-gu10-mr16-exterior-negro\\\/#primaryimage\"},\"image\":{\"@id\":\"https:\\\/\\\/starlediluminacion.com\\\/producto\\\/marco-triple-inclinable-serie-oculus-gu10-mr16-exterior-negro\\\/#primaryimage\"},\"thumbnailUrl\":\"https:\\\/\\\/starlediluminacion.com\\\/wp-content\\\/uploads\\\/2024\\\/10\\\/double-tiltable-frame-luxury-series-gu10-mr16-white-exterior.jpg\",\"datePublished\":\"2024-10-20T15:12:31+00:00\",\"dateModified\":\"2025-01-05T14:57:13+00:00\",\"breadcrumb\":{\"@id\":\"https:\\\/\\\/starlediluminacion.com\\\/producto\\\/marco-triple-inclinable-serie-oculus-gu10-mr16-exterior-negro\\\/#breadcrumb\"},\"inLanguage\":\"de\",\"potentialAction\":[{\"@type\":\"ReadAction\",\"target\":[\"https:\\\/\\\/starlediluminacion.com\\\/producto\\\/marco-triple-inclinable-serie-oculus-gu10-mr16-exterior-negro\\\/\"]}]},{\"@type\":\"ImageObject\",\"inLanguage\":\"de\",\"@id\":\"https:\\\/\\\/starlediluminacion.com\\\/producto\\\/marco-triple-inclinable-serie-oculus-gu10-mr16-exterior-negro\\\/#primaryimage\",\"url\":\"https:\\\/\\\/starlediluminacion.com\\\/wp-content\\\/uploads\\\/2024\\\/10\\\/double-tiltable-frame-luxury-series-gu10-mr16-white-exterior.jpg\",\"contentUrl\":\"https:\\\/\\\/starlediluminacion.com\\\/wp-content\\\/uploads\\\/2024\\\/10\\\/double-tiltable-frame-luxury-series-gu10-mr16-white-exterior.jpg\",\"width\":744,\"height\":800},{\"@type\":\"BreadcrumbList\",\"@id\":\"https:\\\/\\\/starlediluminacion.com\\\/producto\\\/marco-triple-inclinable-serie-oculus-gu10-mr16-exterior-negro\\\/#breadcrumb\",\"itemListElement\":[{\"@type\":\"ListItem\",\"position\":1,\"name\":\"Portada\",\"item\":\"https:\\\/\\\/starlediluminacion.com\\\/\"},{\"@type\":\"ListItem\",\"position\":2,\"name\":\"Shop\",\"item\":\"https:\\\/\\\/starlediluminacion.com\\\/shop-2\\\/\"},{\"@type\":\"ListItem\",\"position\":3,\"name\":\"Marco triple inclinable &#8211; Serie Oculus &#8211; GU10-MR16 &#8211; Exterior negro\"}]},{\"@type\":\"WebSite\",\"@id\":\"https:\\\/\\\/starlediluminacion.com\\\/#website\",\"url\":\"https:\\\/\\\/starlediluminacion.com\\\/\",\"name\":\"STARLED Iluminacion\",\"description\":\"\",\"potentialAction\":[{\"@type\":\"SearchAction\",\"target\":{\"@type\":\"EntryPoint\",\"urlTemplate\":\"https:\\\/\\\/starlediluminacion.com\\\/?s={search_term_string}\"},\"query-input\":{\"@type\":\"PropertyValueSpecification\",\"valueRequired\":true,\"valueName\":\"search_term_string\"}}],\"inLanguage\":\"de\"}]}<\/script>\n<!-- \/ Yoast SEO plugin. -->","yoast_head_json":{"title":"Marco triple inclinable - Serie Oculus - GU10-MR16 - Exterior negro - STARLED Iluminacion","robots":{"index":"index","follow":"follow","max-snippet":"max-snippet:-1","max-image-preview":"max-image-preview:large","max-video-preview":"max-video-preview:-1"},"canonical":"https:\/\/starlediluminacion.com\/de\/product\/marco-triple-inclinable-serie-oculus-gu10-mr16-exterior-negro\/","og_locale":"de_DE","og_type":"article","og_title":"Marco triple inclinable - Serie Oculus - GU10-MR16 - Exterior negro - STARLED Iluminacion","og_description":"Referencia:\u00a0HSSB3-92127      Transforma tu iluminaci\u00f3n con el Marco Inclinable Oculus para GU10-MR16.\u00a0Elige tu combinaci\u00f3n seleccionando el color de los aros interiores: blanco, negro, plata, dorado o negro mate.\u00a0Su dise\u00f1o minimalista y elegante aporta un toque exclusivo y novedoso, perfecto para cualquier ambiente. Combina estilo y funcionalidad para crear escenas \u00fanicas en tu hogar o negocio.  Bombilla GU10 NO INCLUIDA.","og_url":"https:\/\/starlediluminacion.com\/de\/product\/marco-triple-inclinable-serie-oculus-gu10-mr16-exterior-negro\/","og_site_name":"STARLED Iluminacion","article_modified_time":"2025-01-05T14:57:13+00:00","og_image":[{"width":744,"height":800,"url":"https:\/\/starlediluminacion.com\/wp-content\/uploads\/2024\/10\/double-tiltable-frame-luxury-series-gu10-mr16-white-exterior.jpg","type":"image\/jpeg"}],"twitter_card":"summary_large_image","twitter_misc":{"Gesch\u00e4tzte Lesezeit":"2\u00a0Minuten"},"schema":{"@context":"https:\/\/schema.org","@graph":[{"@type":"WebPage","@id":"https:\/\/starlediluminacion.com\/producto\/marco-triple-inclinable-serie-oculus-gu10-mr16-exterior-negro\/","url":"https:\/\/starlediluminacion.com\/producto\/marco-triple-inclinable-serie-oculus-gu10-mr16-exterior-negro\/","name":"Marco triple inclinable - Serie Oculus - GU10-MR16 - Exterior negro - STARLED Iluminacion","isPartOf":{"@id":"https:\/\/starlediluminacion.com\/#website"},"primaryImageOfPage":{"@id":"https:\/\/starlediluminacion.com\/producto\/marco-triple-inclinable-serie-oculus-gu10-mr16-exterior-negro\/#primaryimage"},"image":{"@id":"https:\/\/starlediluminacion.com\/producto\/marco-triple-inclinable-serie-oculus-gu10-mr16-exterior-negro\/#primaryimage"},"thumbnailUrl":"https:\/\/starlediluminacion.com\/wp-content\/uploads\/2024\/10\/double-tiltable-frame-luxury-series-gu10-mr16-white-exterior.jpg","datePublished":"2024-10-20T15:12:31+00:00","dateModified":"2025-01-05T14:57:13+00:00","breadcrumb":{"@id":"https:\/\/starlediluminacion.com\/producto\/marco-triple-inclinable-serie-oculus-gu10-mr16-exterior-negro\/#breadcrumb"},"inLanguage":"de","potentialAction":[{"@type":"ReadAction","target":["https:\/\/starlediluminacion.com\/producto\/marco-triple-inclinable-serie-oculus-gu10-mr16-exterior-negro\/"]}]},{"@type":"ImageObject","inLanguage":"de","@id":"https:\/\/starlediluminacion.com\/producto\/marco-triple-inclinable-serie-oculus-gu10-mr16-exterior-negro\/#primaryimage","url":"https:\/\/starlediluminacion.com\/wp-content\/uploads\/2024\/10\/double-tiltable-frame-luxury-series-gu10-mr16-white-exterior.jpg","contentUrl":"https:\/\/starlediluminacion.com\/wp-content\/uploads\/2024\/10\/double-tiltable-frame-luxury-series-gu10-mr16-white-exterior.jpg","width":744,"height":800},{"@type":"BreadcrumbList","@id":"https:\/\/starlediluminacion.com\/producto\/marco-triple-inclinable-serie-oculus-gu10-mr16-exterior-negro\/#breadcrumb","itemListElement":[{"@type":"ListItem","position":1,"name":"Portada","item":"https:\/\/starlediluminacion.com\/"},{"@type":"ListItem","position":2,"name":"Shop","item":"https:\/\/starlediluminacion.com\/shop-2\/"},{"@type":"ListItem","position":3,"name":"Marco triple inclinable &#8211; Serie Oculus &#8211; GU10-MR16 &#8211; Exterior negro"}]},{"@type":"WebSite","@id":"https:\/\/starlediluminacion.com\/#website","url":"https:\/\/starlediluminacion.com\/","name":"STARLED Iluminacion","description":"","potentialAction":[{"@type":"SearchAction","target":{"@type":"EntryPoint","urlTemplate":"https:\/\/starlediluminacion.com\/?s={search_term_string}"},"query-input":{"@type":"PropertyValueSpecification","valueRequired":true,"valueName":"search_term_string"}}],"inLanguage":"de"}]}},"_links":{"self":[{"href":"https:\/\/starlediluminacion.com\/de\/wp-json\/wp\/v3\/product\/14403","targetHints":{"allow":["GET"]}}],"collection":[{"href":"https:\/\/starlediluminacion.com\/de\/wp-json\/wp\/v3\/product"}],"about":[{"href":"https:\/\/starlediluminacion.com\/de\/wp-json\/wp\/v2\/types\/product"}],"wp:featuredmedia":[{"embeddable":true,"href":"https:\/\/starlediluminacion.com\/de\/wp-json\/wp\/v2\/media\/14407"}],"wp:attachment":[{"href":"https:\/\/starlediluminacion.com\/de\/wp-json\/wp\/v2\/media?parent=14403"}],"wp:term":[{"taxonomy":"product_cat","embeddable":true,"href":"https:\/\/starlediluminacion.com\/de\/wp-json\/wp\/v2\/product_cat?post=14403"},{"taxonomy":"product_tag","embeddable":true,"href":"https:\/\/starlediluminacion.com\/de\/wp-json\/wp\/v2\/product_tag?post=14403"}],"curies":[{"name":"wp","href":"https:\/\/api.w.org\/{rel}","templated":true}]}}