{"id":14373,"date":"2024-10-20T15:05:31","date_gmt":"2024-10-20T15:05:31","guid":{"rendered":"https:\/\/starlediluminacion.com\/?post_type=product&#038;p=14373"},"modified":"2025-01-05T14:54:55","modified_gmt":"2025-01-05T14:54:55","slug":"marco-cuadrado-orientable-serie-oculus-gu10-mr16-exterior-blanco","status":"publish","type":"product","link":"https:\/\/starlediluminacion.com\/de\/product\/quadratischer-ausrichtbarer-rahmen-oculus-serie-gu10-mr16-aussen-weiss\/","title":{"rendered":"<p>Quadratischer orientierbarer Rahmen - Serie oculus - GU10-MR16 - Au\u00dfen wei\u00df<\/p>"},"content":{"rendered":"<h1><span>Verstellbarer quadratischer Rahmen - Serie Oculus - GU10-MR16 - Au\u00dfen wei\u00df<\/span><p><span>Der quadratische Kipprahmen oculus f\u00fcr GU10-MR16-Lampen ist die perfekte L\u00f6sung f\u00fcr alle, die Design, Funktionalit\u00e4t und Individualit\u00e4t in ihrem Beleuchtungssystem vereinen m\u00f6chten. Dieser Rahmen zeichnet sich durch sein minimalistisches und elegantes Design aus und ist ideal, um moderne und anspruchsvolle Atmosph\u00e4ren in jedem Raum zu schaffen.<\/span><\/p><p><strong><span>Funktionen und Anpassungen:<\/span><\/strong><br>\n<span>Mit diesem Zubeh\u00f6r k\u00f6nnen Sie die Farbe des Innenrings zwischen Wei\u00df, Schwarz, Silber, Gold und Mattschwarz w\u00e4hlen und so die Beleuchtung an Ihren Stil und Ihre spezifischen Bed\u00fcrfnisse anpassen. Diese Vielseitigkeit bei der individuellen Gestaltung macht die Leuchte zu einer ausgezeichneten Wahl sowohl f\u00fcr private als auch f\u00fcr gewerbliche Projekte und verleiht jeder Installation einen Hauch von Exklusivit\u00e4t und Luxus. Ihr raffiniertes Design ist perfekt f\u00fcr alle, die ein sauberes, professionelles Finish w\u00fcnschen, ohne Kompromisse bei der \u00c4sthetik einzugehen.<\/span><\/p><p><strong><span>Funktionalit\u00e4t und Vielseitigkeit:<\/span><\/strong><br>\n<span>Der neigbare quadratische Rahmen ist nicht nur \u00e4sthetisch, sondern auch sehr funktionell, da er die Ausrichtung des Lichtstrahls je nach den Bed\u00fcrfnissen des Raums erm\u00f6glicht. Diese Kippfunktion ist ideal, um das Licht auf bestimmte Punkte zu lenken, entweder um bestimmte Bereiche hervorzuheben oder um weichere, gleichm\u00e4\u00dfigere Lichteffekte zu erzielen. Zus\u00e4tzliche Innenringe k\u00f6nnen direkt auf unserer Website erworben werden, um die Farben nach Ihren W\u00fcnschen zu \u00e4ndern. So k\u00f6nnen Sie das Aussehen Ihrer Beleuchtung nach Belieben ver\u00e4ndern und einzigartige Kombinationen schaffen, die zu jeder Umgebung passen.<\/span><\/p><p><strong><span>Schnelle und einfache Installation:<\/span><\/strong><br>\n<span>Der Rahmen ist f\u00fcr den versenkten Einbau konzipiert und bietet ein diskretes und unauff\u00e4lliges Erscheinungsbild in der Decke. Zum Einsetzen des Rahmens ist lediglich ein Schnitt in der Oberfl\u00e4che erforderlich. Dieser Prozess ist schnell und einfach, was ihn zu einer ausgezeichneten Wahl f\u00fcr professionelle Installateure und Heimwerker gleicherma\u00dfen macht.<\/span><\/p><p><strong><span>Anwendungen und Verwendungszwecke:<\/span><\/strong><br>\n<span>Dieser Rahmen ist sehr vielseitig einsetzbar und findet sowohl im Wohnbereich als auch im gewerblichen Bereich Verwendung. Einige der wichtigsten Einsatzgebiete sind:<\/span><\/p><ul>\n<li><span>K\u00fcchen und Arbeitsfl\u00e4chen: Ideal f\u00fcr die Beleuchtung von Arbeitspl\u00e4tzen, da sie direktes und helles Licht auf die Oberfl\u00e4chen werfen.<\/span><\/li>\n<li><span>Theken in Bars oder Restaurants: Perfekt f\u00fcr eine gezielte Beleuchtung, um den Bereich der Kundenbedienung hervorzuheben oder eine einladende Atmosph\u00e4re zu schaffen.<\/span><\/li>\n<li><span>Flure und Durchg\u00e4nge: Bietet eine elegante und funktionelle Beleuchtung in Durchg\u00e4ngen und hilft, den Personenfluss zu lenken.<\/span><\/li>\n<li><span>Lounges und Gemeinschaftsr\u00e4ume: Verleiht der allgemeinen Beleuchtung einen Hauch von Stil, so dass bestimmte Bereiche wie Tische oder Besprechungsr\u00e4ume hervorstechen.<\/span><\/li>\n<li><span>B\u00fcros und Gesch\u00e4ftsr\u00e4ume: Sie werden zur Beleuchtung von Arbeitspl\u00e4tzen oder zur Hervorhebung von Produkten in Vitrinen verwendet und schaffen eine Beleuchtung, die Zweckm\u00e4\u00dfigkeit und Stil vereint.<\/span><\/li>\n<\/ul><p><span>GU10-Lampe nicht enthalten.<\/span><\/p><h3 class=\"h6\"><span>Datenblatt<\/span><\/h3><dl class=\"data-sheet\">\n<dt class=\"name\"><img loading=\"lazy\" decoding=\"async\" src=\"https:\/\/www.factorled.com\/modules\/oa_features\/img\/2-default.jpg\" width=\"32\" height=\"32\"><span>REFERENZ<\/span><\/dt>\n<dd class=\"value\"><span>HSSW1<\/span><\/dd>\n<dt class=\"name\"><img loading=\"lazy\" decoding=\"async\" src=\"https:\/\/www.factorled.com\/modules\/oa_features\/img\/25-default.jpg\" width=\"32\" height=\"32\"><span>Baumaterial<\/span><\/dt>\n<dd class=\"value\"><span>Stahl + PC<\/span><\/dd>\n<dt class=\"name\"><img loading=\"lazy\" decoding=\"async\" src=\"https:\/\/www.factorled.com\/modules\/oa_features\/img\/15-default.jpg\" width=\"32\" height=\"32\"><span>Zertifizierungen<\/span><\/dt>\n<dd class=\"value\"><span>CE-, CMIM- und RoHS-Zertifizierung<\/span><\/dd>\n<dt class=\"name\"><img loading=\"lazy\" decoding=\"async\" src=\"https:\/\/www.factorled.com\/modules\/oa_features\/img\/16-default.jpg\" width=\"32\" height=\"32\"><span>Geistiges Eigentum<\/span><\/dt>\n<dd class=\"value\"><span>IP20<\/span><\/dd>\n<dt class=\"name\"><img loading=\"lazy\" decoding=\"async\" src=\"https:\/\/www.factorled.com\/modules\/oa_features\/img\/18-default.jpg\" width=\"32\" height=\"32\"><span>Abmessungen (mm)<\/span><\/dt>\n<dd class=\"value\"><span>100 mm x H\u00f6he 50 mm<\/span><\/dd>\n<dt class=\"name\"><img loading=\"lazy\" decoding=\"async\" src=\"https:\/\/www.factorled.com\/modules\/oa_features\/img\/27-default.jpg\" width=\"32\" height=\"32\"><span>Beschnittgr\u00f6\u00dfe (mm)<\/span><\/dt>\n<dd class=\"value\"><span>\u00d875<\/span><\/dd>\n<dt class=\"name\"><img loading=\"lazy\" decoding=\"async\" src=\"https:\/\/www.factorled.com\/modules\/oa_features\/img\/75-default.jpg\" width=\"32\" height=\"32\"><span>Jahre der Garantie<\/span><\/dt>\n<dd class=\"value\"><span>3<\/span><\/dd>\n<dt class=\"name\"><img loading=\"lazy\" decoding=\"async\" src=\"https:\/\/www.factorled.com\/modules\/oa_features\/img\/128-default.jpg\" width=\"32\" height=\"32\"><span>Inklusive Gl\u00fchbirne<\/span><\/dt>\n<dd class=\"value\"><span>Nein<\/span><\/dd>\n<\/dl><\/h1>","protected":false},"excerpt":{"rendered":"<div class=\"product-reference\"><strong><label class=\"label\">Referenz:<\/label>&nbsp;HSSW1-92130<\/strong>\n<div><\/div>\n<div class=\"product-description-short\">\n<div id=\"product-description-short-3703\">\n<p><span>Verwandeln Sie Ihre Beleuchtung mit dem&nbsp;&nbsp;<\/span><b><span>oculus Serie Quadratischer Schwenkrahmen<\/span><\/b><span>&nbsp;f\u00fcr GU10-MR16-Gl\u00fchlampen.&nbsp;<\/span><strong><span>W\u00e4hlen Sie die Farbe des Innenrings aus Wei\u00df, Schwarz, Silber, Gold oder Mattschwarz und gestalten Sie Ihre R\u00e4ume individuell.<\/span><\/strong><span>&nbsp;mit einem minimalistischen, eleganten und exklusiven Design. Dieses Accessoire ist ideal, um einzigartige Szenen zu schaffen und verleiht jeder Umgebung einen neuen Touch, indem es Stil und Funktionalit\u00e4t verbindet.<\/span><\/p>\n<p><span>GU10-Gl\u00fchbirne NICHT INBEGRIFFEN.<\/span><\/p>\n<\/div>\n<\/div><\/div>","protected":false},"featured_media":14377,"template":"","meta":{"site-sidebar-layout":"default","site-content-layout":"default","ast-global-header-display":"","ast-main-header-display":"","ast-hfb-above-header-display":"","ast-hfb-below-header-display":"","ast-hfb-mobile-header-display":"","site-post-title":"","ast-breadcrumbs-content":"","ast-featured-img":"","footer-sml-layout":"","theme-transparent-header-meta":"default","adv-header-id-meta":"","stick-header-meta":"","header-above-stick-meta":"","header-main-stick-meta":"","header-below-stick-meta":""},"product_cat":[62,23],"product_tag":[],"class_list":["post-14373","product","type-product","status-publish","has-post-thumbnail","hentry","product_cat-accesorios-lamparas-led","product_cat-bombillas-y-lamparas-led"],"_links":{"self":[{"href":"https:\/\/starlediluminacion.com\/de\/wp-json\/wp\/v3\/product\/14373","targetHints":{"allow":["GET"]}}],"collection":[{"href":"https:\/\/starlediluminacion.com\/de\/wp-json\/wp\/v3\/product"}],"about":[{"href":"https:\/\/starlediluminacion.com\/de\/wp-json\/wp\/v2\/types\/product"}],"wp:featuredmedia":[{"embeddable":true,"href":"https:\/\/starlediluminacion.com\/de\/wp-json\/wp\/v2\/media\/14377"}],"wp:attachment":[{"href":"https:\/\/starlediluminacion.com\/de\/wp-json\/wp\/v2\/media?parent=14373"}],"wp:term":[{"taxonomy":"product_cat","embeddable":true,"href":"https:\/\/starlediluminacion.com\/de\/wp-json\/wp\/v2\/product_cat?post=14373"},{"taxonomy":"product_tag","embeddable":true,"href":"https:\/\/starlediluminacion.com\/de\/wp-json\/wp\/v2\/product_tag?post=14373"}],"curies":[{"name":"wp","href":"https:\/\/api.w.org\/{rel}","templated":true}]}}