{"id":14334,"date":"2024-10-20T14:44:17","date_gmt":"2024-10-20T14:44:17","guid":{"rendered":"https:\/\/starlediluminacion.com\/?post_type=product&#038;p=14334"},"modified":"2025-01-05T14:54:12","modified_gmt":"2025-01-05T14:54:12","slug":"foco-led-rgb-3000k-8w-110o-gu10-con-mando-a-distancia","status":"publish","type":"product","link":"https:\/\/starlediluminacion.com\/de\/product\/foco-led-rgb-3000k-8w-110o-gu10-con-mando-a-distancia\/","title":{"rendered":"<p>RGB+ LED-Strahler 3000K - 8W 110\u00ba GU10 mit Fernbedienung<\/p>"},"content":{"rendered":"<p><span>Die&nbsp;<\/span><strong><span>bombilla LED 8W RGB+ 3000K&nbsp;<\/span><\/strong><span>&nbsp;GU10 es la soluci&oacute;n ideal para quienes buscan flexibilidad y creatividad en la iluminaci&oacute;n de sus espacios interiores. Este producto combina lo mejor de ambos mundos: la posibilidad de elegir entre una amplia gama de colores RGB para crear el ambiente de cualquier espacio con el color exacto que desees, y la funcionalidad de una luz blanca c&aacute;lida de 3000K que ofrece un ambiente acogedor y relajante.<\/span><p><strong><span>Hauptmerkmale<\/span><\/strong><\/p><ol>\n<li><strong><span>Anpassbare Beleuchtung<\/span><\/strong><span>&nbsp;&ndash; Con la bombilla LED 8W RGB+ 3000K GU10 podr&aacute;s seleccionar entre 16 millones de colores RGB. Desde tonos vibrantes y en&eacute;rgicos hasta tonalidades suaves y relajantes, esta bombilla te permite personalizar la iluminaci&oacute;n de cada espacio de tu hogar. Adem&aacute;s, su luz blanca c&aacute;lida 3000K es perfecta para crear un ambiente acogedor, ideal para momentos de relax.<\/span><\/li>\n<li><strong><span>Fernsteuerung<\/span><\/strong><span>&nbsp;Die Gl\u00fchbirne ist mit einer Fernbedienung ausgestattet, die die Bedienung erleichtert. Mit dieser Fernbedienung k\u00f6nnen Sie die Farbe und die Lichtintensit\u00e4t einstellen und zwischen verschiedenen Beleuchtungsmodi wechseln, ohne Ihren Platz verlassen zu m\u00fcssen. Das erh\u00f6ht nicht nur den Komfort, sondern gibt Ihnen auch mehr Flexibilit\u00e4t, um das perfekte Ambiente f\u00fcr jede Gelegenheit zu schaffen.<\/span><\/li>\n<li><strong><span>Energieeffizienz und lange Lebensdauer<\/span><\/strong><span>&nbsp;: con una potencia de 8 W, esta bombilla LED ofrece una notable eficiencia energ&eacute;tica en comparaci&oacute;n con las bombillas incandescentes tradicionales. Adem&aacute;s, su larga vida &uacute;til garantiza que podr&aacute; disfrutar de una iluminaci&oacute;n vibrante y de alta calidad durante muchos a&ntilde;os sin preocuparse por los reemplazos frecuentes.<\/span><\/li>\n<li><strong><span>Vielseitigkeit bei der Dekoration<\/span><\/strong><span>&nbsp;: Gracias a su capacidad de combinar luz RGB y luz blanca c&aacute;lida, esta bombilla es ideal para una gran variedad de aplicaciones. Desde crear ambientes festivos en el sal&oacute;n o el comedor hasta una iluminaci&oacute;n relajante en el dormitorio, esta bombilla es perfecta para cualquier ambiente. Su dise&ntilde;o est&aacute;ndar GU10 tambi&eacute;n garantiza una f&aacute;cil instalaci&oacute;n en la mayor&iacute;a de l&aacute;mparas y luminarias.<\/span><\/li>\n<li><strong><span>Erweiterte Beleuchtungsmodi<\/span><\/strong><span>&nbsp;Die LED-Lampe bietet mehrere voreingestellte Modi, die Sie \u00fcber die Fernbedienung ausw\u00e4hlen k\u00f6nnen. Zu diesen Modi geh\u00f6ren sanfte Farb\u00fcberg\u00e4nge, rhythmisches Blinken und ein fester Lichtmodus. Dar\u00fcber hinaus k\u00f6nnen Sie die Helligkeit des Lichts an verschiedene Bed\u00fcrfnisse und Situationen anpassen, sei es ein ged\u00e4mpftes Licht f\u00fcr die Nacht oder ein helles Licht f\u00fcr Aktivit\u00e4ten, die Konzentration erfordern.<\/span><\/li>\n<\/ol><p><strong><span>Empfohlene Anwendungen<\/span><\/strong><\/p><ul>\n<li><strong><span>Moderne H\u00e4user:<\/span><\/strong><span>&nbsp;Perfekt f\u00fcr Wohn-, Schlaf- und Esszimmer, wo Sie die Beleuchtung so einstellen k\u00f6nnen, dass Sie das ideale Ambiente f\u00fcr die jeweilige Gelegenheit schaffen.<\/span><\/li>\n<li><strong><span>Kreative B\u00fcros:<\/span><\/strong><span>&nbsp;ideal f\u00fcr Arbeitsbereiche, in denen Inspiration und Kreativit\u00e4t gefragt sind. Wechseln Sie die Farben, um Motivation und Energie den ganzen Tag \u00fcber zu erhalten.<\/span><\/li>\n<li><strong><span>Gewerber\u00e4ume und Boutiquen:<\/span><\/strong><span>&nbsp;Nutzen Sie sie, um bestimmte Produkte hervorzuheben oder einzigartige Umgebungen zu schaffen, die Kunden anziehen.<\/span><\/li>\n<li><strong><span>Besondere Ereignisse:<\/span><\/strong><span>&nbsp;Diese Gl\u00fchbirne eignet sich perfekt, um bei Partys, Familientreffen und anderen gesellschaftlichen Anl\u00e4ssen die richtige Atmosph\u00e4re zu schaffen.<\/span><\/li>\n<\/ul><h3 class=\"h6\"><span>Datenblatt<\/span><\/h3><dl class=\"data-sheet\">\n<dt class=\"name\"><img loading=\"lazy\" decoding=\"async\" src=\"https:\/\/www.factorled.com\/modules\/oa_features\/img\/2-default.jpg\" width=\"32\" height=\"32\"><span>REFERENZ<\/span><\/dt>\n<dd class=\"value\"><span>GU10-RGB-92034<\/span><\/dd>\n<dt class=\"name\"><img loading=\"lazy\" decoding=\"async\" src=\"https:\/\/www.factorled.com\/modules\/oa_features\/img\/3-default.jpg\" width=\"32\" height=\"32\"><span>Nennleistung<\/span><\/dt>\n<dd class=\"value\"><span>8 semanas<\/span><\/dd>\n<dt class=\"name\"><img loading=\"lazy\" decoding=\"async\" src=\"https:\/\/www.factorled.com\/modules\/oa_features\/img\/4-default.jpg\" width=\"32\" height=\"32\"><span>Nennspannung<\/span><\/dt>\n<dd class=\"value\"><span>220-265v<\/span><\/dd>\n<dt class=\"name\"><img loading=\"lazy\" decoding=\"async\" src=\"https:\/\/www.factorled.com\/modules\/oa_features\/img\/5-default.jpg\" width=\"32\" height=\"32\"><span>Farbe<\/span><\/dt>\n<dd class=\"value\"><span>RGB+3000K<\/span><\/dd>\n<dt class=\"name\"><img loading=\"lazy\" decoding=\"async\" src=\"https:\/\/www.factorled.com\/modules\/oa_features\/img\/6-default.jpg\" width=\"32\" height=\"32\"><span>CRI - Farbwiedergabeindex<\/span><\/dt>\n<dd class=\"value\"><span>80<\/span><\/dd>\n<dt class=\"name\"><img loading=\"lazy\" decoding=\"async\" src=\"https:\/\/www.factorled.com\/modules\/oa_features\/img\/25-default.jpg\" width=\"32\" height=\"32\"><span>Baumaterial<\/span><\/dt>\n<dd class=\"value\"><span>Flammhemmender Thermoplast<\/span><\/dd>\n<dt class=\"name\"><img loading=\"lazy\" decoding=\"async\" src=\"https:\/\/www.factorled.com\/modules\/oa_features\/img\/8-default.jpg\" width=\"32\" height=\"32\"><span>Leuchtkraft-Lm<\/span><\/dt>\n<dd class=\"value\"><span>700<\/span><\/dd>\n<dt class=\"name\"><img loading=\"lazy\" decoding=\"async\" src=\"https:\/\/www.factorled.com\/modules\/oa_features\/img\/9-default.jpg\" width=\"32\" height=\"32\"><span>Anzahl und Art der LEDs<\/span><\/dt>\n<dd class=\"value\"><span>SMD<\/span><\/dd>\n<dt class=\"name\"><img loading=\"lazy\" decoding=\"async\" src=\"https:\/\/www.factorled.com\/modules\/oa_features\/img\/10-default.jpg\" width=\"32\" height=\"32\"><span>Abstrahlwinkel (\u00b0)<\/span><\/dt>\n<dd class=\"value\"><span>110\u00ba<\/span><\/dd>\n<dt class=\"name\"><img loading=\"lazy\" decoding=\"async\" src=\"https:\/\/www.factorled.com\/modules\/oa_features\/img\/12-default.jpg\" width=\"32\" height=\"32\"><span>LED-Leuchtdiode (Lm\/W)<\/span><\/dt>\n<dd class=\"value\"><span>110 Lumen\/W<\/span><\/dd>\n<dt class=\"name\"><img loading=\"lazy\" decoding=\"async\" src=\"https:\/\/www.factorled.com\/modules\/oa_features\/img\/13-default.jpg\" width=\"32\" height=\"32\"><span>Lichtausbeute (Lm\/W)<\/span><\/dt>\n<dd class=\"value\"><span>70 lm\/W<\/span><\/dd>\n<dt class=\"name\"><img loading=\"lazy\" decoding=\"async\" src=\"https:\/\/www.factorled.com\/modules\/oa_features\/img\/11-default.jpg\" width=\"32\" height=\"32\"><span>Einstellbar<\/span><\/dt>\n<dd class=\"value\"><span>YES<\/span><\/dd>\n<dt class=\"name\"><img loading=\"lazy\" decoding=\"async\" src=\"https:\/\/www.factorled.com\/modules\/oa_features\/img\/14-default.jpg\" width=\"32\" height=\"32\"><span>Basis<\/span><\/dt>\n<dd class=\"value\"><span>GU10<\/span><\/dd>\n<dt class=\"name\"><img loading=\"lazy\" decoding=\"async\" src=\"https:\/\/www.factorled.com\/modules\/oa_features\/img\/15-default.jpg\" width=\"32\" height=\"32\"><span>Zertifizierungen<\/span><\/dt>\n<dd class=\"value\"><span>CE-ROHS<\/span><\/dd>\n<dt class=\"name\"><img loading=\"lazy\" decoding=\"async\" src=\"https:\/\/www.factorled.com\/modules\/oa_features\/img\/16-default.jpg\" width=\"32\" height=\"32\"><span>Geistiges Eigentum<\/span><\/dt>\n<dd class=\"value\"><span>IP20<\/span><\/dd>\n<dt class=\"name\"><img loading=\"lazy\" decoding=\"async\" src=\"https:\/\/www.factorled.com\/modules\/oa_features\/img\/18-default.jpg\" width=\"32\" height=\"32\"><span>Abmessungen (mm)<\/span><\/dt>\n<dd class=\"value\"><span>\u00d860\u00d7110 mm<\/span><\/dd>\n<dt class=\"name\"><img loading=\"lazy\" decoding=\"async\" src=\"https:\/\/www.factorled.com\/modules\/oa_features\/img\/21-default.jpg\" width=\"32\" height=\"32\"><span>Frequenz (Hz)<\/span><\/dt>\n<dd class=\"value\"><span>50\/60 Hz<\/span><\/dd>\n<dt class=\"name\"><img loading=\"lazy\" decoding=\"async\" src=\"https:\/\/www.factorled.com\/modules\/oa_features\/img\/22-default.jpg\" width=\"32\" height=\"32\"><span>Temperaturbereich (\u00baC)<\/span><\/dt>\n<dd class=\"value\"><span>-20 \u00b0C ~ +55 \u00b0C<\/span><\/dd>\n<dt class=\"name\"><img loading=\"lazy\" decoding=\"async\" src=\"https:\/\/www.factorled.com\/modules\/oa_features\/img\/23-default.jpg\" width=\"32\" height=\"32\"><span>Radfahren ein\/aus<\/span><\/dt>\n<dd class=\"value\"><span>100.000<\/span><\/dd>\n<dt class=\"name\"><img loading=\"lazy\" decoding=\"async\" src=\"https:\/\/www.factorled.com\/modules\/oa_features\/img\/24-default.jpg\" width=\"32\" height=\"32\"><span>Startzeit(en)<\/span><\/dt>\n<dd class=\"value\"><span>0,2 s<\/span><\/dd>\n<dt class=\"name\"><img loading=\"lazy\" decoding=\"async\" src=\"https:\/\/www.factorled.com\/modules\/oa_features\/img\/26-default.jpg\" width=\"32\" height=\"32\"><span>Andere Informationen<\/span><\/dt>\n<dd class=\"value\"><span>Inklusive Batterie<\/span><\/dd>\n<dt class=\"name\"><img loading=\"lazy\" decoding=\"async\" src=\"https:\/\/www.factorled.com\/modules\/oa_features\/img\/37-default.jpg\" width=\"32\" height=\"32\"><span>Kontrollmodi<\/span><\/dt>\n<dd class=\"value\"><span>Infrarot<\/span><\/dd>\n<dt class=\"name\"><img loading=\"lazy\" decoding=\"async\" src=\"https:\/\/www.factorled.com\/modules\/oa_features\/img\/7-default.jpg\" width=\"32\" height=\"32\"><span>Energiebewertung (2021-EU-2019\/2015)<\/span><\/dt>\n<dd class=\"value\"><span>A+<\/span><\/dd>\n<dt class=\"name\"><img loading=\"lazy\" decoding=\"async\" src=\"https:\/\/www.factorled.com\/modules\/oa_features\/img\/75-default.jpg\" width=\"32\" height=\"32\"><span>Jahre der Garantie<\/span><\/dt>\n<dd class=\"value\"><span>3<\/span><\/dd>\n<dt class=\"name\"><img loading=\"lazy\" decoding=\"async\" src=\"https:\/\/www.factorled.com\/modules\/oa_features\/img\/77-default.jpg\" width=\"32\" height=\"32\"><span>Reichweite (m)<\/span><\/dt>\n<dd class=\"value\"><span>8 Meter<\/span><\/dd>\n<\/dl><\/p>","protected":false},"excerpt":{"rendered":"<div class=\"product-reference\"><strong><label class=\"label\">Referenz:<\/label> SLGU10-RGB-92034<\/strong>\n<div><\/div>\n<div class=\"product-description-short\">\n<div id=\"product-description-short-3660\">\n<p><b><span>LED-Strahler&nbsp;<\/span><\/b><strong><span>&nbsp;8W RGB+3000K GU10.<\/span><\/strong><span>&nbsp;Dieser vielseitige Strahler kombiniert RGB-Farben mit warmwei\u00dfem Licht, um Ihnen eine individuelle Beleuchtung nach Ihrem Geschmack zu bieten. Er wird mit einer Fernbedienung geliefert, die eine einfache und bequeme Bedienung erm\u00f6glicht, so dass Sie das Ambiente jedes Raumes nach Ihren W\u00fcnschen gestalten k\u00f6nnen. Dieser 8W-Strahler eignet sich perfekt f\u00fcr die Dekoration und Versch\u00f6nerung von Innenr\u00e4umen und erm\u00f6glicht es Ihnen, die ideale Atmosph\u00e4re mit Stil und Effizienz zu schaffen - bringen Sie noch heute einen Hauch von Farbe und W\u00e4rme in Ihr Zuhause!<\/span><\/p>\n<\/div>\n<\/div><\/div>","protected":false},"featured_media":14338,"template":"","meta":{"site-sidebar-layout":"default","site-content-layout":"default","ast-global-header-display":"","ast-main-header-display":"","ast-hfb-above-header-display":"","ast-hfb-below-header-display":"","ast-hfb-mobile-header-display":"","site-post-title":"","ast-breadcrumbs-content":"","ast-featured-img":"","footer-sml-layout":"","theme-transparent-header-meta":"default","adv-header-id-meta":"","stick-header-meta":"","header-above-stick-meta":"","header-main-stick-meta":"","header-below-stick-meta":""},"product_cat":[23],"product_tag":[],"class_list":["post-14334","product","type-product","status-publish","has-post-thumbnail","hentry","product_cat-bombillas-y-lamparas-led"],"_links":{"self":[{"href":"https:\/\/starlediluminacion.com\/de\/wp-json\/wp\/v3\/product\/14334","targetHints":{"allow":["GET"]}}],"collection":[{"href":"https:\/\/starlediluminacion.com\/de\/wp-json\/wp\/v3\/product"}],"about":[{"href":"https:\/\/starlediluminacion.com\/de\/wp-json\/wp\/v2\/types\/product"}],"wp:featuredmedia":[{"embeddable":true,"href":"https:\/\/starlediluminacion.com\/de\/wp-json\/wp\/v2\/media\/14338"}],"wp:attachment":[{"href":"https:\/\/starlediluminacion.com\/de\/wp-json\/wp\/v2\/media?parent=14334"}],"wp:term":[{"taxonomy":"product_cat","embeddable":true,"href":"https:\/\/starlediluminacion.com\/de\/wp-json\/wp\/v2\/product_cat?post=14334"},{"taxonomy":"product_tag","embeddable":true,"href":"https:\/\/starlediluminacion.com\/de\/wp-json\/wp\/v2\/product_tag?post=14334"}],"curies":[{"name":"wp","href":"https:\/\/api.w.org\/{rel}","templated":true}]}}